{"id":1589,"date":"2025-03-10T04:24:01","date_gmt":"2025-03-10T04:24:01","guid":{"rendered":"https:\/\/gtline.com\/?page_id=1589"},"modified":"2025-12-10T10:47:43","modified_gmt":"2025-12-10T10:47:43","slug":"produkte","status":"publish","type":"page","link":"https:\/\/www.gtline.com\/de\/produkte\/","title":{"rendered":"Produkte"},"content":{"rendered":"\t\t<div data-elementor-type=\"wp-page\" data-elementor-id=\"1589\" class=\"elementor elementor-1589\" data-elementor-post-type=\"page\">\n\t\t\t\t<div class=\"elementor-element elementor-element-c77adf3 elementor-hidden-mobile e-flex e-con-boxed e-con e-parent\" data-id=\"c77adf3\" data-element_type=\"container\" data-e-type=\"container\" data-settings=\"{&quot;background_background&quot;:&quot;classic&quot;}\">\n\t\t\t\t\t<div class=\"e-con-inner\">\n\t\t<div class=\"elementor-element elementor-element-9e7ac4d e-con-full e-flex e-con e-child\" data-id=\"9e7ac4d\" data-element_type=\"container\" data-e-type=\"container\">\n\t\t\t\t<div class=\"elementor-element elementor-element-02160ab elementor-icon-list--layout-inline elementor-list-item-link-full_width elementor-widget elementor-widget-icon-list\" data-id=\"02160ab\" data-element_type=\"widget\" data-e-type=\"widget\" data-widget_type=\"icon-list.default\">\n\t\t\t\t<div class=\"elementor-widget-container\">\n\t\t\t\t\t\t\t<ul class=\"elementor-icon-list-items elementor-inline-items\">\n\t\t\t\t\t\t\t<li class=\"elementor-icon-list-item elementor-inline-item\">\n\t\t\t\t\t\t\t\t\t\t<span class=\"elementor-icon-list-text\">\/<\/span>\n\t\t\t\t\t\t\t\t\t<\/li>\n\t\t\t\t\t\t\t\t<li class=\"elementor-icon-list-item elementor-inline-item\">\n\t\t\t\t\t\t\t\t\t\t<span class=\"elementor-icon-list-text\">Produkte<\/span>\n\t\t\t\t\t\t\t\t\t<\/li>\n\t\t\t\t\t\t<\/ul>\n\t\t\t\t\t\t<\/div>\n\t\t\t\t<\/div>\n\t\t\t\t<div class=\"elementor-element elementor-element-ffdb587 elementor-widget elementor-widget-spacer\" data-id=\"ffdb587\" data-element_type=\"widget\" data-e-type=\"widget\" data-widget_type=\"spacer.default\">\n\t\t\t\t<div class=\"elementor-widget-container\">\n\t\t\t\t\t\t\t<div class=\"elementor-spacer\">\n\t\t\t<div class=\"elementor-spacer-inner\"><\/div>\n\t\t<\/div>\n\t\t\t\t\t\t<\/div>\n\t\t\t\t<\/div>\n\t\t\t\t<div class=\"elementor-element elementor-element-701b70e elementor-widget elementor-widget-heading\" data-id=\"701b70e\" data-element_type=\"widget\" data-e-type=\"widget\" data-widget_type=\"heading.default\">\n\t\t\t\t<div class=\"elementor-widget-container\">\n\t\t\t\t\t<h1 class=\"elementor-heading-title elementor-size-default\">Professionelle Koffer, technische Beh\u00e4lter und Werkzeugtaschen<\/h1>\t\t\t\t<\/div>\n\t\t\t\t<\/div>\n\t\t\t\t<div class=\"elementor-element elementor-element-44696bf elementor-widget__width-initial elementor-widget elementor-widget-heading\" data-id=\"44696bf\" data-element_type=\"widget\" data-e-type=\"widget\" data-widget_type=\"heading.default\">\n\t\t\t\t<div class=\"elementor-widget-container\">\n\t\t\t\t\t<h2 class=\"elementor-heading-title elementor-size-default\">Konstruiert f\u00fcr die spezifischen Anforderungen jedes Fachbereichs \u2013 f\u00fcr maximale Funktionalit\u00e4t, Langlebigkeit und Komfort in jeder Arbeitsumgebung.<\/h2>\t\t\t\t<\/div>\n\t\t\t\t<\/div>\n\t\t\t\t<\/div>\n\t\t\t\t\t<\/div>\n\t\t\t\t<\/div>\n\t\t<div class=\"elementor-element elementor-element-ee24570 elementor-hidden-desktop elementor-hidden-tablet e-flex e-con-boxed e-con e-parent\" data-id=\"ee24570\" data-element_type=\"container\" data-e-type=\"container\" data-settings=\"{&quot;background_background&quot;:&quot;classic&quot;}\">\n\t\t\t\t\t<div class=\"e-con-inner\">\n\t\t\t\t\t<\/div>\n\t\t\t\t<\/div>\n\t\t<div class=\"elementor-element elementor-element-cc8a8c9 elementor-hidden-desktop elementor-hidden-tablet e-flex e-con-boxed e-con e-parent\" data-id=\"cc8a8c9\" data-element_type=\"container\" data-e-type=\"container\" data-settings=\"{&quot;background_background&quot;:&quot;classic&quot;}\">\n\t\t\t\t\t<div class=\"e-con-inner\">\n\t\t<div class=\"elementor-element elementor-element-1b04e79 e-con-full e-flex e-con e-child\" data-id=\"1b04e79\" data-element_type=\"container\" data-e-type=\"container\">\n\t\t\t\t<div class=\"elementor-element elementor-element-1533518 elementor-icon-list--layout-inline elementor-mobile-align-center elementor-list-item-link-full_width elementor-widget elementor-widget-icon-list\" data-id=\"1533518\" data-element_type=\"widget\" data-e-type=\"widget\" data-widget_type=\"icon-list.default\">\n\t\t\t\t<div class=\"elementor-widget-container\">\n\t\t\t\t\t\t\t<ul class=\"elementor-icon-list-items elementor-inline-items\">\n\t\t\t\t\t\t\t<li class=\"elementor-icon-list-item elementor-inline-item\">\n\t\t\t\t\t\t\t\t\t\t<span class=\"elementor-icon-list-text\">\/<\/span>\n\t\t\t\t\t\t\t\t\t<\/li>\n\t\t\t\t\t\t\t\t<li class=\"elementor-icon-list-item elementor-inline-item\">\n\t\t\t\t\t\t\t\t\t\t<span class=\"elementor-icon-list-text\">Produkte<\/span>\n\t\t\t\t\t\t\t\t\t<\/li>\n\t\t\t\t\t\t<\/ul>\n\t\t\t\t\t\t<\/div>\n\t\t\t\t<\/div>\n\t\t\t\t<div class=\"elementor-element elementor-element-6dd2312 elementor-widget elementor-widget-heading\" data-id=\"6dd2312\" data-element_type=\"widget\" data-e-type=\"widget\" data-widget_type=\"heading.default\">\n\t\t\t\t<div class=\"elementor-widget-container\">\n\t\t\t\t\t<h1 class=\"elementor-heading-title elementor-size-default\">Professionelle Koffer, technische Beh\u00e4lter und Werkzeugtaschen<\/h1>\t\t\t\t<\/div>\n\t\t\t\t<\/div>\n\t\t\t\t<div class=\"elementor-element elementor-element-c4f1bcd elementor-widget__width-initial elementor-widget elementor-widget-heading\" data-id=\"c4f1bcd\" data-element_type=\"widget\" data-e-type=\"widget\" data-widget_type=\"heading.default\">\n\t\t\t\t<div class=\"elementor-widget-container\">\n\t\t\t\t\t<h2 class=\"elementor-heading-title elementor-size-default\">Konstruiert f\u00fcr die spezifischen Anforderungen jedes Fachbereichs \u2013 f\u00fcr maximale Funktionalit\u00e4t, Langlebigkeit und Komfort in jeder Arbeitsumgebung.<\/h2>\t\t\t\t<\/div>\n\t\t\t\t<\/div>\n\t\t\t\t<\/div>\n\t\t\t\t\t<\/div>\n\t\t\t\t<\/div>\n\t\t<div class=\"elementor-element elementor-element-7707b70 e-con-full e-flex e-con e-parent\" data-id=\"7707b70\" data-element_type=\"container\" data-e-type=\"container\">\n\t\t\t\t<div class=\"elementor-element elementor-element-d7071e6 elementor-widget elementor-widget-spacer\" data-id=\"d7071e6\" data-element_type=\"widget\" data-e-type=\"widget\" data-widget_type=\"spacer.default\">\n\t\t\t\t<div class=\"elementor-widget-container\">\n\t\t\t\t\t\t\t<div class=\"elementor-spacer\">\n\t\t\t<div class=\"elementor-spacer-inner\"><\/div>\n\t\t<\/div>\n\t\t\t\t\t\t<\/div>\n\t\t\t\t<\/div>\n\t\t\t\t<div class=\"elementor-element elementor-element-d872480 elementor-widget elementor-widget-shortcode\" data-id=\"d872480\" data-element_type=\"widget\" data-e-type=\"widget\" data-widget_type=\"shortcode.default\">\n\t\t\t\t<div class=\"elementor-widget-container\">\n\t\t\t\t\t\t\t<div class=\"elementor-shortcode\">\n<div class=\"product-card-grid\"><div class=\"product-card\"><a href=\"https:\/\/www.gtline.com\/de\/produkttyp\/werkzeugkoffer\/\" alt=\"Werkzeugkoffer\" title=\"Werkzeugkoffer\"><div class=\"product-card-img\"><img decoding=\"async\" src=\"https:\/\/www.gtline.com\/de\/wp-content\/uploads\/sites\/5\/2025\/06\/valigia-portautensili-atomik.png\" alt=\"Werkzeugkoffer\" title=\"Werkzeugkoffer\" title=\"Werkzeugkoffer\"><\/div><div class=\"product-card-content\"><h4>Produkte<\/h4><h3>Werkzeugkoffer<\/h3><p>Robuste und dennoch leichte Werkzeugkoffer und Trolleys \u2013 gefertigt aus hochwertigen Materialien wie Polypropylen, HDPE, Aluminium und spritzgegossenem ABS.Entwickelt f\u00fcr zuverl\u00e4ssigen Schutz und einfachen Transport Ihrer Werkzeuge.<\/p>\n<span class=\"btn-red\">Produkte ansehen<\/span><\/div><\/a><\/div><div class=\"product-card\"><a href=\"https:\/\/www.gtline.com\/de\/produkttyp\/all-in-one-modular-system\/\" alt=\"All In One Modular System\" title=\"All In One Modular System\"><div class=\"product-card-img\"><img decoding=\"async\" src=\"https:\/\/www.gtline.com\/de\/wp-content\/uploads\/sites\/5\/2025\/06\/valigia-All-in-1-.png\" alt=\"All In One Modular System\" title=\"All In One Modular System\" title=\"All In One Modular System\"><\/div><div class=\"product-card-content\"><h4>Produkte<\/h4><h3>All In One Modular System<\/h3><p>Leichte und widerstandsf\u00e4hige Trolley-Koffer aus Polypropylen mit herausnehmbaren Schubladen \u2013 ideal f\u00fcr den Einsatz in anspruchsvollen und herausfordernden Arbeitsumgebungen..<\/p>\n<span class=\"btn-red\">Produkte ansehen<\/span><\/div><\/a><\/div><div class=\"product-card\"><a href=\"https:\/\/www.gtline.com\/de\/produkttyp\/wasserdichte-werkzeugkoffer\/\" alt=\"Wasserdichte Werkzeugkoffer\" title=\"Wasserdichte Werkzeugkoffer\"><div class=\"product-card-img\"><img decoding=\"async\" src=\"https:\/\/www.gtline.com\/de\/wp-content\/uploads\/sites\/5\/2025\/06\/valigie-a-tenuta-stagna.png\" alt=\"Wasserdichte Werkzeugkoffer\" title=\"Wasserdichte Werkzeugkoffer\" title=\"Wasserdichte Werkzeugkoffer\"><\/div><div class=\"product-card-content\"><h4>Produkte<\/h4><h3>Wasserdichte Werkzeugkoffer<\/h3><p>Robuste, wasserdichte und sto\u00dffeste Werkzeugkoffer und Trolleys aus Polypropylen \u2013 ideal f\u00fcr den Einsatz in anspruchsvollen Umgebungen.<br \/>\nBest\u00e4ndig gegen korrosive Stoffe und bieten maximalen Schutz f\u00fcr Ihre Ausr\u00fcstung.<\/p>\n<span class=\"btn-red\">Produkte ansehen<\/span><\/div><\/a><\/div><div class=\"product-card\"><a href=\"https:\/\/www.gtline.com\/de\/produkttyp\/werkzeugtaschen-und-rucksacke\/\" alt=\"Werkzeugtaschen und -rucks\u00e4cke\" title=\"Werkzeugtaschen und -rucks\u00e4cke\"><div class=\"product-card-img\"><img decoding=\"async\" src=\"https:\/\/www.gtline.com\/de\/wp-content\/uploads\/sites\/5\/2025\/06\/zaino-trolley-portautensili.png\" alt=\"Werkzeugtaschen und -rucks\u00e4cke\" title=\"Werkzeugtaschen und -rucks\u00e4cke\" title=\"Werkzeugtaschen und -rucks\u00e4cke\"><\/div><div class=\"product-card-content\"><h4>Produkte<\/h4><h3>Werkzeugtaschen und -rucks\u00e4cke<\/h3><p>Aus strapazierf\u00e4higem 600D-Nylon gefertigt, sind diese professionellen Werkzeugtaschen rei\u00dffest, leicht und \u00e4u\u00dferst funktional \u2013 ideal f\u00fcr den t\u00e4glichen Einsatz in anspruchsvollen Arbeitsumgebungen.<\/p>\n<span class=\"btn-red\">Produkte ansehen<\/span><\/div><\/a><\/div><\/div>\n\n\n<div class=\"product-card-full\"><div class=\"product-card-img\"><img decoding=\"async\" src=\"https:\/\/www.gtline.com\/de\/wp-content\/uploads\/sites\/5\/2025\/03\/img-linea-explorer.jpg\" alt=\"Explorer Cases Linie\" title=\"Explorer Cases Linie\"><\/div><div class=\"product-card-content\"><h4>Produkte<\/h4><h3>Explorer Cases Linie<\/h3><p>Professionelle, wasserdichte Werkzeugkoffer und Beh\u00e4lter \u2013 entwickelt f\u00fcr h\u00f6chste Widerstandsf\u00e4higkeit gegen St\u00f6\u00dfe und korrosive Substanzen.<br \/>\nPerfekt f\u00fcr den sicheren Transport empfindlicher Ger\u00e4te und Instrumente.<br \/>\nVollst\u00e4ndig anpassbar, um den unterschiedlichsten professionellen Anforderungen gerecht zu werden.<\/p>\n<a href=\"https:\/\/www.explorercases.com\/en\/home\/\"  target=\"_blank\" class=\"btn-red\">Produkte ansehen<\/a><\/div><\/div>\n <\/div>\n\t\t\t\t\t\t<\/div>\n\t\t\t\t<\/div>\n\t\t\t\t<\/div>\n\t\t<div class=\"elementor-element elementor-element-70d5941 e-flex e-con-boxed e-con e-parent\" data-id=\"70d5941\" data-element_type=\"container\" data-e-type=\"container\" data-settings=\"{&quot;background_background&quot;:&quot;classic&quot;}\">\n\t\t\t\t\t<div class=\"e-con-inner\">\n\t\t\t\t<div class=\"elementor-element elementor-element-a825933 elementor-widget elementor-widget-heading\" data-id=\"a825933\" data-element_type=\"widget\" data-e-type=\"widget\" data-widget_type=\"heading.default\">\n\t\t\t\t<div class=\"elementor-widget-container\">\n\t\t\t\t\t<h2 class=\"elementor-heading-title elementor-size-default\">Brauchen Sie Hilfe?\n<\/h2>\t\t\t\t<\/div>\n\t\t\t\t<\/div>\n\t\t\t\t<div class=\"elementor-element elementor-element-259775f elementor-widget__width-initial font-25 elementor-widget elementor-widget-text-editor\" data-id=\"259775f\" data-element_type=\"widget\" data-e-type=\"widget\" data-widget_type=\"text-editor.default\">\n\t\t\t\t<div class=\"elementor-widget-container\">\n\t\t\t\t\t\t\t\t\t<p>Wir sind f\u00fcr Sie da. Erhalten Sie Unterst\u00fctzung zu Produkten, Ersatzteilen, Zubeh\u00f6r, autorisierten H\u00e4ndlern und allen Dienstleistungen, die GT Line seinen Kunden bietet.<\/p>\t\t\t\t\t\t\t\t<\/div>\n\t\t\t\t<\/div>\n\t\t\t\t<div class=\"elementor-element elementor-element-709941f elementor-align-justify elementor-widget__width-initial elementor-widget elementor-widget-button\" data-id=\"709941f\" data-element_type=\"widget\" data-e-type=\"widget\" data-widget_type=\"button.default\">\n\t\t\t\t<div class=\"elementor-widget-container\">\n\t\t\t\t\t\t\t\t\t<div class=\"elementor-button-wrapper\">\n\t\t\t\t\t<a class=\"elementor-button elementor-button-link elementor-size-sm\" href=\"https:\/\/www.gtline.com\/de\/kontakt\/\">\n\t\t\t\t\t\t<span class=\"elementor-button-content-wrapper\">\n\t\t\t\t\t\t\t\t\t<span class=\"elementor-button-text\">kontakt<\/span>\n\t\t\t\t\t<\/span>\n\t\t\t\t\t<\/a>\n\t\t\t\t<\/div>\n\t\t\t\t\t\t\t\t<\/div>\n\t\t\t\t<\/div>\n\t\t\t\t\t<\/div>\n\t\t\t\t<\/div>\n\t\t\t\t<\/div>\n\t\t","protected":false},"excerpt":{"rendered":"<p>\/ Produkte Professionelle Koffer, technische Beh\u00e4lter und Werkzeugtaschen Konstruiert f\u00fcr die spezifischen Anforderungen jedes Fachbereichs \u2013 f\u00fcr maximale Funktionalit\u00e4t, Langlebigkeit und Komfort in jeder Arbeitsumgebung. \/ Produkte Professionelle Koffer, technische Beh\u00e4lter und Werkzeugtaschen Konstruiert f\u00fcr die spezifischen Anforderungen jedes Fachbereichs \u2013 f\u00fcr maximale Funktionalit\u00e4t, Langlebigkeit und Komfort in jeder Arbeitsumgebung. Brauchen Sie Hilfe? Wir sind [&hellip;]<\/p>\n","protected":false},"author":2,"featured_media":0,"parent":0,"menu_order":0,"comment_status":"closed","ping_status":"closed","template":"","meta":{"_acf_changed":false,"footnotes":""},"class_list":["post-1589","page","type-page","status-publish","hentry"],"acf":[],"yoast_head":"<!-- This site is optimized with the Yoast SEO plugin v27.4 - https:\/\/yoast.com\/product\/yoast-seo-wordpress\/ -->\n<title>Werkzeugkoffer und Werkzeugtaschen f\u00fcr Profis | GT Line<\/title>\n<meta name=\"description\" content=\"Entdecken Sie unsere Produktpalette: Werkzeugkoffer, Taschen und L\u00f6sungen f\u00fcr den sicheren Transport technischer Ausr\u00fcstung \u2013 entwickelt f\u00fcr Profis.\" \/>\n<meta name=\"robots\" content=\"index, follow, max-snippet:-1, max-image-preview:large, max-video-preview:-1\" \/>\n<link rel=\"canonical\" href=\"https:\/\/www.gtline.com\/de\/produkte\/\" \/>\n<meta property=\"og:locale\" content=\"de_DE\" \/>\n<meta property=\"og:type\" content=\"article\" \/>\n<meta property=\"og:title\" content=\"Werkzeugkoffer und Werkzeugtaschen f\u00fcr Profis | GT Line\" \/>\n<meta property=\"og:description\" content=\"Entdecken Sie unsere Produktpalette: Werkzeugkoffer, Taschen und L\u00f6sungen f\u00fcr den sicheren Transport technischer Ausr\u00fcstung \u2013 entwickelt f\u00fcr Profis.\" \/>\n<meta property=\"og:url\" content=\"https:\/\/www.gtline.com\/de\/produkte\/\" \/>\n<meta property=\"og:site_name\" content=\"Gt Line DE\" \/>\n<meta property=\"article:publisher\" content=\"https:\/\/www.facebook.com\/gtlinesrl?locale=it_IT\" \/>\n<meta property=\"article:modified_time\" content=\"2025-12-10T10:47:43+00:00\" \/>\n<meta name=\"twitter:card\" content=\"summary_large_image\" \/>\n<meta name=\"twitter:label1\" content=\"Gesch\u00e4tzte Lesezeit\" \/>\n\t<meta name=\"twitter:data1\" content=\"1\u00a0Minute\" \/>\n<script type=\"application\/ld+json\" class=\"yoast-schema-graph\">{\"@context\":\"https:\\\/\\\/schema.org\",\"@graph\":[{\"@type\":\"WebPage\",\"@id\":\"https:\\\/\\\/www.gtline.com\\\/de\\\/produkte\\\/\",\"url\":\"https:\\\/\\\/www.gtline.com\\\/de\\\/produkte\\\/\",\"name\":\"Werkzeugkoffer und Werkzeugtaschen f\u00fcr Profis | GT Line\",\"isPartOf\":{\"@id\":\"https:\\\/\\\/www.gtline.com\\\/de\\\/#website\"},\"datePublished\":\"2025-03-10T04:24:01+00:00\",\"dateModified\":\"2025-12-10T10:47:43+00:00\",\"description\":\"Entdecken Sie unsere Produktpalette: Werkzeugkoffer, Taschen und L\u00f6sungen f\u00fcr den sicheren Transport technischer Ausr\u00fcstung \u2013 entwickelt f\u00fcr Profis.\",\"breadcrumb\":{\"@id\":\"https:\\\/\\\/www.gtline.com\\\/de\\\/produkte\\\/#breadcrumb\"},\"inLanguage\":\"de\",\"potentialAction\":[{\"@type\":\"ReadAction\",\"target\":[\"https:\\\/\\\/www.gtline.com\\\/de\\\/produkte\\\/\"]}]},{\"@type\":\"BreadcrumbList\",\"@id\":\"https:\\\/\\\/www.gtline.com\\\/de\\\/produkte\\\/#breadcrumb\",\"itemListElement\":[{\"@type\":\"ListItem\",\"position\":1,\"name\":\"Home\",\"item\":\"https:\\\/\\\/www.gtline.com\\\/de\\\/\"},{\"@type\":\"ListItem\",\"position\":2,\"name\":\"Produkte\"}]},{\"@type\":\"WebSite\",\"@id\":\"https:\\\/\\\/www.gtline.com\\\/de\\\/#website\",\"url\":\"https:\\\/\\\/www.gtline.com\\\/de\\\/\",\"name\":\"Gt Line\",\"description\":\"\",\"publisher\":{\"@id\":\"https:\\\/\\\/www.gtline.com\\\/de\\\/#organization\"},\"potentialAction\":[{\"@type\":\"SearchAction\",\"target\":{\"@type\":\"EntryPoint\",\"urlTemplate\":\"https:\\\/\\\/www.gtline.com\\\/de\\\/?s={search_term_string}\"},\"query-input\":{\"@type\":\"PropertyValueSpecification\",\"valueRequired\":true,\"valueName\":\"search_term_string\"}}],\"inLanguage\":\"de\"},{\"@type\":\"Organization\",\"@id\":\"https:\\\/\\\/www.gtline.com\\\/de\\\/#organization\",\"name\":\"Gt Line\",\"url\":\"https:\\\/\\\/www.gtline.com\\\/de\\\/\",\"logo\":{\"@type\":\"ImageObject\",\"inLanguage\":\"de\",\"@id\":\"https:\\\/\\\/www.gtline.com\\\/de\\\/#\\\/schema\\\/logo\\\/image\\\/\",\"url\":\"https:\\\/\\\/www.gtline.com\\\/de\\\/wp-content\\\/uploads\\\/sites\\\/5\\\/2025\\\/02\\\/logo.png\",\"contentUrl\":\"https:\\\/\\\/www.gtline.com\\\/de\\\/wp-content\\\/uploads\\\/sites\\\/5\\\/2025\\\/02\\\/logo.png\",\"width\":228,\"height\":146,\"caption\":\"Gt Line\"},\"image\":{\"@id\":\"https:\\\/\\\/www.gtline.com\\\/de\\\/#\\\/schema\\\/logo\\\/image\\\/\"},\"sameAs\":[\"https:\\\/\\\/www.facebook.com\\\/gtlinesrl?locale=it_IT\",\"https:\\\/\\\/www.instagram.com\\\/gt_line_srl\\\/\",\"https:\\\/\\\/www.youtube.com\\\/channel\\\/UCDvpkFqswNJOVFz64PkYRQQ\",\"https:\\\/\\\/www.linkedin.com\\\/company\\\/gt-line-srl\\\/\"]}]}<\/script>\n<!-- \/ Yoast SEO plugin. -->","yoast_head_json":{"title":"Werkzeugkoffer und Werkzeugtaschen f\u00fcr Profis | GT Line","description":"Entdecken Sie unsere Produktpalette: Werkzeugkoffer, Taschen und L\u00f6sungen f\u00fcr den sicheren Transport technischer Ausr\u00fcstung \u2013 entwickelt f\u00fcr Profis.","robots":{"index":"index","follow":"follow","max-snippet":"max-snippet:-1","max-image-preview":"max-image-preview:large","max-video-preview":"max-video-preview:-1"},"canonical":"https:\/\/www.gtline.com\/de\/produkte\/","og_locale":"de_DE","og_type":"article","og_title":"Werkzeugkoffer und Werkzeugtaschen f\u00fcr Profis | GT Line","og_description":"Entdecken Sie unsere Produktpalette: Werkzeugkoffer, Taschen und L\u00f6sungen f\u00fcr den sicheren Transport technischer Ausr\u00fcstung \u2013 entwickelt f\u00fcr Profis.","og_url":"https:\/\/www.gtline.com\/de\/produkte\/","og_site_name":"Gt Line DE","article_publisher":"https:\/\/www.facebook.com\/gtlinesrl?locale=it_IT","article_modified_time":"2025-12-10T10:47:43+00:00","twitter_card":"summary_large_image","twitter_misc":{"Gesch\u00e4tzte Lesezeit":"1\u00a0Minute"},"schema":{"@context":"https:\/\/schema.org","@graph":[{"@type":"WebPage","@id":"https:\/\/www.gtline.com\/de\/produkte\/","url":"https:\/\/www.gtline.com\/de\/produkte\/","name":"Werkzeugkoffer und Werkzeugtaschen f\u00fcr Profis | GT Line","isPartOf":{"@id":"https:\/\/www.gtline.com\/de\/#website"},"datePublished":"2025-03-10T04:24:01+00:00","dateModified":"2025-12-10T10:47:43+00:00","description":"Entdecken Sie unsere Produktpalette: Werkzeugkoffer, Taschen und L\u00f6sungen f\u00fcr den sicheren Transport technischer Ausr\u00fcstung \u2013 entwickelt f\u00fcr Profis.","breadcrumb":{"@id":"https:\/\/www.gtline.com\/de\/produkte\/#breadcrumb"},"inLanguage":"de","potentialAction":[{"@type":"ReadAction","target":["https:\/\/www.gtline.com\/de\/produkte\/"]}]},{"@type":"BreadcrumbList","@id":"https:\/\/www.gtline.com\/de\/produkte\/#breadcrumb","itemListElement":[{"@type":"ListItem","position":1,"name":"Home","item":"https:\/\/www.gtline.com\/de\/"},{"@type":"ListItem","position":2,"name":"Produkte"}]},{"@type":"WebSite","@id":"https:\/\/www.gtline.com\/de\/#website","url":"https:\/\/www.gtline.com\/de\/","name":"Gt Line","description":"","publisher":{"@id":"https:\/\/www.gtline.com\/de\/#organization"},"potentialAction":[{"@type":"SearchAction","target":{"@type":"EntryPoint","urlTemplate":"https:\/\/www.gtline.com\/de\/?s={search_term_string}"},"query-input":{"@type":"PropertyValueSpecification","valueRequired":true,"valueName":"search_term_string"}}],"inLanguage":"de"},{"@type":"Organization","@id":"https:\/\/www.gtline.com\/de\/#organization","name":"Gt Line","url":"https:\/\/www.gtline.com\/de\/","logo":{"@type":"ImageObject","inLanguage":"de","@id":"https:\/\/www.gtline.com\/de\/#\/schema\/logo\/image\/","url":"https:\/\/www.gtline.com\/de\/wp-content\/uploads\/sites\/5\/2025\/02\/logo.png","contentUrl":"https:\/\/www.gtline.com\/de\/wp-content\/uploads\/sites\/5\/2025\/02\/logo.png","width":228,"height":146,"caption":"Gt Line"},"image":{"@id":"https:\/\/www.gtline.com\/de\/#\/schema\/logo\/image\/"},"sameAs":["https:\/\/www.facebook.com\/gtlinesrl?locale=it_IT","https:\/\/www.instagram.com\/gt_line_srl\/","https:\/\/www.youtube.com\/channel\/UCDvpkFqswNJOVFz64PkYRQQ","https:\/\/www.linkedin.com\/company\/gt-line-srl\/"]}]}},"_links":{"self":[{"href":"https:\/\/www.gtline.com\/de\/wp-json\/wp\/v2\/pages\/1589","targetHints":{"allow":["GET"]}}],"collection":[{"href":"https:\/\/www.gtline.com\/de\/wp-json\/wp\/v2\/pages"}],"about":[{"href":"https:\/\/www.gtline.com\/de\/wp-json\/wp\/v2\/types\/page"}],"author":[{"embeddable":true,"href":"https:\/\/www.gtline.com\/de\/wp-json\/wp\/v2\/users\/2"}],"replies":[{"embeddable":true,"href":"https:\/\/www.gtline.com\/de\/wp-json\/wp\/v2\/comments?post=1589"}],"version-history":[{"count":120,"href":"https:\/\/www.gtline.com\/de\/wp-json\/wp\/v2\/pages\/1589\/revisions"}],"predecessor-version":[{"id":23002,"href":"https:\/\/www.gtline.com\/de\/wp-json\/wp\/v2\/pages\/1589\/revisions\/23002"}],"wp:attachment":[{"href":"https:\/\/www.gtline.com\/de\/wp-json\/wp\/v2\/media?parent=1589"}],"curies":[{"name":"wp","href":"https:\/\/api.w.org\/{rel}","templated":true}]}}