{"id":2695,"date":"2025-03-19T13:40:39","date_gmt":"2025-03-19T13:40:39","guid":{"rendered":"https:\/\/gtline.com\/?page_id=2695"},"modified":"2025-12-10T10:48:32","modified_gmt":"2025-12-10T10:48:32","slug":"quality-policy","status":"publish","type":"page","link":"https:\/\/www.gtline.com\/de\/quality-policy\/","title":{"rendered":"Qualit\u00e4tspolitik"},"content":{"rendered":"\t\t<div data-elementor-type=\"wp-page\" data-elementor-id=\"2695\" class=\"elementor elementor-2695\" data-elementor-post-type=\"page\">\n\t\t\t\t<div class=\"elementor-element elementor-element-45cf602 elementor-hidden-mobile e-flex e-con-boxed e-con e-parent\" data-id=\"45cf602\" data-element_type=\"container\" data-e-type=\"container\" data-settings=\"{&quot;background_background&quot;:&quot;classic&quot;}\">\n\t\t\t\t\t<div class=\"e-con-inner\">\n\t\t<div class=\"elementor-element elementor-element-22b5d1f e-con-full e-flex e-con e-child\" data-id=\"22b5d1f\" data-element_type=\"container\" data-e-type=\"container\">\n\t\t\t\t<div class=\"elementor-element elementor-element-f1ffa92 elementor-widget elementor-widget-heading\" data-id=\"f1ffa92\" data-element_type=\"widget\" data-e-type=\"widget\" data-widget_type=\"heading.default\">\n\t\t\t\t<div class=\"elementor-widget-container\">\n\t\t\t\t\t<h1 class=\"elementor-heading-title elementor-size-default\">Qualit\u00e4tspolitik<\/h1>\t\t\t\t<\/div>\n\t\t\t\t<\/div>\n\t\t\t\t<\/div>\n\t\t\t\t\t<\/div>\n\t\t\t\t<\/div>\n\t\t<div class=\"elementor-element elementor-element-37c26d9 elementor-hidden-desktop elementor-hidden-tablet e-flex e-con-boxed e-con e-parent\" data-id=\"37c26d9\" data-element_type=\"container\" data-e-type=\"container\" data-settings=\"{&quot;background_background&quot;:&quot;classic&quot;}\">\n\t\t\t\t\t<div class=\"e-con-inner\">\n\t\t\t\t\t<\/div>\n\t\t\t\t<\/div>\n\t\t<div class=\"elementor-element elementor-element-35ee4ba elementor-hidden-desktop elementor-hidden-tablet e-flex e-con-boxed e-con e-parent\" data-id=\"35ee4ba\" data-element_type=\"container\" data-e-type=\"container\" data-settings=\"{&quot;background_background&quot;:&quot;classic&quot;}\">\n\t\t\t\t\t<div class=\"e-con-inner\">\n\t\t<div class=\"elementor-element elementor-element-229b758 e-con-full e-flex e-con e-child\" data-id=\"229b758\" data-element_type=\"container\" data-e-type=\"container\">\n\t\t\t\t<div class=\"elementor-element elementor-element-0d52243 elementor-widget elementor-widget-heading\" data-id=\"0d52243\" data-element_type=\"widget\" data-e-type=\"widget\" data-widget_type=\"heading.default\">\n\t\t\t\t<div class=\"elementor-widget-container\">\n\t\t\t\t\t<h1 class=\"elementor-heading-title elementor-size-default\">Qualit\u00e4tspolitik<\/h1>\t\t\t\t<\/div>\n\t\t\t\t<\/div>\n\t\t\t\t<\/div>\n\t\t\t\t\t<\/div>\n\t\t\t\t<\/div>\n\t\t<div class=\"elementor-element elementor-element-b59889e e-flex e-con-boxed e-con e-parent\" data-id=\"b59889e\" data-element_type=\"container\" data-e-type=\"container\">\n\t\t\t\t\t<div class=\"e-con-inner\">\n\t\t\t\t<div class=\"elementor-element elementor-element-b38c31b elementor-widget elementor-widget-text-editor\" data-id=\"b38c31b\" data-element_type=\"widget\" data-e-type=\"widget\" data-widget_type=\"text-editor.default\">\n\t\t\t\t<div class=\"elementor-widget-container\">\n\t\t\t\t\t\t\t\t\t<p><strong>GT Line \u2013 Politik f\u00fcr Qualit\u00e4t, Sicherheit und Umweltschutz<\/strong><br \/>Die Gesch\u00e4ftsleitung von GT Line verpflichtet sich \u2013 im Einklang mit der Unternehmensmission und unter Einhaltung des Verhaltenskodex gem\u00e4\u00df dem Organisationsmodell 231 \u2013 zu einer <strong>Politik der kontinuierlichen Verbesserung<\/strong> in den Bereichen <strong>Qualit\u00e4t, Arbeitssicherheit und Umweltschutz.<\/strong> Ziel dieses Engagements ist es, Risiken und Nichtkonformit\u00e4ten zu vermeiden bzw. zu minimieren, die Gesamtqualit\u00e4t von Produkten und Dienstleistungen zu steigern und ein H\u00f6chstma\u00df an Zufriedenheit bei <strong>Kunden, Mitarbeitenden und Interessengruppen<\/strong> zu gew\u00e4hrleisten \u2013 durch folgende zentrale Ma\u00dfnahmen:<\/p><ol><li><strong>Kontextanalyse:<\/strong> Verst\u00e4ndnis des organisatorischen Umfelds durch Identifizierung relevanter interner und externer Faktoren.<\/li><li><strong>Ermittlung der interessierten Parteien:<\/strong> Bestimmung relevanter Stakeholder und geeigneter Kommunikations- und Beteiligungsmethoden.<\/li><li><strong>Risikobewertung und Planung:<\/strong> Identifikation und Bewertung von Risiken; Planung und Umsetzung von Verbesserungs- und Minderungsma\u00dfnahmen.<\/li><li><strong>Einhaltung gesetzlicher Vorgaben und Standards:<\/strong> Kontinuierliche Einhaltung und Verbesserung hoher Qualit\u00e4tsstandards in Produkten und Dienstleistungen unter Ber\u00fccksichtigung aller geltenden gesetzlichen Vorschriften.<\/li><li><strong>Betriebliche Effizienz:<\/strong> Aufdeckung und Analyse m\u00f6glicher Ineffizienzen in Prozessen und Anlagen; Entwicklung und Umsetzung gezielter Pr\u00e4ventions-, Eliminierungs- oder Kontrollpl\u00e4ne.<\/li><li><strong>Strategisches Qualit\u00e4tsmanagement:<\/strong> Kontinuierliche Qualit\u00e4tsverbesserung als strategisches Ziel, unterst\u00fctzt durch spezifische Pl\u00e4ne und Programme.<\/li><li><strong>Ganzheitlicher Ansatz ab der Entwicklungsphase:<\/strong> Ber\u00fccksichtigung von Qualit\u00e4ts-, Umwelt-, Sicherheits- und Nachhaltigkeitsaspekten bereits bei der Produktentwicklung und Lieferantenauswahl.<\/li><li><strong>Zertifiziertes Managementsystem:<\/strong> Aufbau und Pflege eines wirksamen Qualit\u00e4tsmanagementsystems nach der Norm <strong>DIN EN ISO 9001:2015.<\/strong><\/li><li><strong>Systematische Umsetzung: Erreichung der Ziele durch koordinierte und zielgerichtete Ma\u00dfnahmen, unter Anwendung der ganzheitlichen Prinzipien der <strong>Theory of Constraints (TOC).<\/strong><\/strong><\/li><li><strong>Nachhaltige Entscheidungen:<\/strong> Ber\u00fccksichtigung der Interessen aller Beteiligten, \u00f6kologischer Aspekte, Arbeitssicherheit sowie sozialer Verantwortung und Nachhaltigkeit bei wirtschaftlichen Entscheidungen.<\/li><li><strong>Rechtskonformit\u00e4t:<\/strong> Gew\u00e4hrleistung der vollst\u00e4ndigen Einhaltung geltender Umwelt- und Arbeitsschutzgesetze.<\/li><li><strong>Verbesserung des Arbeitsumfelds:<\/strong> Kontinuierliche Verbesserung von Sicherheit, Komfort und Umweltleistung am Arbeitsplatz; Beseitigung von Gef\u00e4hrdungen; Risikominderung; Unfall- und Krankheitspr\u00e4vention.<\/li><\/ol><p>\u00a0<\/p><p>Dar\u00fcber hinaus verpflichtet sich die Gesch\u00e4ftsleitung von GT Line:<\/p><ol><li>Die erforderlichen Mittel und Ressourcen bereitzustellen, um die <strong>aktive Mitwirkung der Mitarbeitenden<\/strong> an Entscheidungsprozessen zu erm\u00f6glichen.<\/li><li>Die <strong>berufliche Weiterentwicklung und das Wachstum<\/strong> aller Mitarbeitenden zu f\u00f6rdern.<\/li><\/ol><p>\u00a0<\/p><p>Zur Unterst\u00fctzung dieser Ziele definiert die Unternehmensleitung:<\/p><ol><li><strong>Verbesserungsziele<\/strong>, die auf Risikoanalysen basieren und anhand <strong>interner Kennzahlen (KPIs)<\/strong> gemessen werden. Diese flie\u00dfen in den <strong>Businessplan<\/strong> ein, der im Rahmen der Managementbewertung erstellt wird. Der Plan enth\u00e4lt konkrete, messbare Zielvorgaben, definierte Zust\u00e4ndigkeiten, angewandte Methoden und Umsetzungszeitr\u00e4ume.<\/li><\/ol><p>\u00a0<\/p><p>Die <strong>Qualit\u00e4tspolitik und ihre Ziele<\/strong> werden j\u00e4hrlich von der Gesch\u00e4ftsleitung von GT Line \u00fcberpr\u00fcft, um ihre Eignung und Aktualit\u00e4t sicherzustellen.<\/p>\t\t\t\t\t\t\t\t<\/div>\n\t\t\t\t<\/div>\n\t\t\t\t\t<\/div>\n\t\t\t\t<\/div>\n\t\t\t\t<\/div>\n\t\t","protected":false},"excerpt":{"rendered":"<p>Qualit\u00e4tspolitik Qualit\u00e4tspolitik GT Line \u2013 Politik f\u00fcr Qualit\u00e4t, Sicherheit und Umweltschutz Die Gesch\u00e4ftsleitung von GT Line verpflichtet sich \u2013 im Einklang mit der Unternehmensmission und unter Einhaltung des Verhaltenskodex gem\u00e4\u00df dem Organisationsmodell 231 \u2013 zu einer Politik der kontinuierlichen Verbesserung in den Bereichen Qualit\u00e4t, Arbeitssicherheit und Umweltschutz. Ziel dieses Engagements ist es, Risiken und Nichtkonformit\u00e4ten [&hellip;]<\/p>\n","protected":false},"author":2,"featured_media":0,"parent":0,"menu_order":0,"comment_status":"closed","ping_status":"closed","template":"elementor_header_footer","meta":{"_acf_changed":false,"footnotes":""},"class_list":["post-2695","page","type-page","status-publish","hentry"],"acf":[],"yoast_head":"<!-- This site is optimized with the Yoast SEO plugin v27.4 - https:\/\/yoast.com\/product\/yoast-seo-wordpress\/ -->\n<title>Qualit\u00e4tspolitik unseres Unternehmens | GT Line<\/title>\n<meta name=\"description\" content=\"Unsere Qualit\u00e4tspolitik stellt sicher, dass jedes GT Line Produkt zuverl\u00e4ssig, widerstandsf\u00e4hig und getestet ist \u2013 f\u00fcr Profis, die h\u00f6chste Standards verlangen.\" \/>\n<meta name=\"robots\" content=\"index, follow, max-snippet:-1, max-image-preview:large, max-video-preview:-1\" \/>\n<link rel=\"canonical\" href=\"https:\/\/www.gtline.com\/de\/quality-policy\/\" \/>\n<meta property=\"og:locale\" content=\"de_DE\" \/>\n<meta property=\"og:type\" content=\"article\" \/>\n<meta property=\"og:title\" content=\"Qualit\u00e4tspolitik unseres Unternehmens | GT Line\" \/>\n<meta property=\"og:description\" content=\"Unsere Qualit\u00e4tspolitik stellt sicher, dass jedes GT Line Produkt zuverl\u00e4ssig, widerstandsf\u00e4hig und getestet ist \u2013 f\u00fcr Profis, die h\u00f6chste Standards verlangen.\" \/>\n<meta property=\"og:url\" content=\"https:\/\/www.gtline.com\/de\/quality-policy\/\" \/>\n<meta property=\"og:site_name\" content=\"Gt Line DE\" \/>\n<meta property=\"article:publisher\" content=\"https:\/\/www.facebook.com\/gtlinesrl?locale=it_IT\" \/>\n<meta property=\"article:modified_time\" content=\"2025-12-10T10:48:32+00:00\" \/>\n<meta name=\"twitter:card\" content=\"summary_large_image\" \/>\n<meta name=\"twitter:label1\" content=\"Gesch\u00e4tzte Lesezeit\" \/>\n\t<meta name=\"twitter:data1\" content=\"3\u00a0Minuten\" \/>\n<script type=\"application\/ld+json\" class=\"yoast-schema-graph\">{\"@context\":\"https:\\\/\\\/schema.org\",\"@graph\":[{\"@type\":\"WebPage\",\"@id\":\"https:\\\/\\\/www.gtline.com\\\/de\\\/quality-policy\\\/\",\"url\":\"https:\\\/\\\/www.gtline.com\\\/de\\\/quality-policy\\\/\",\"name\":\"Qualit\u00e4tspolitik unseres Unternehmens | GT Line\",\"isPartOf\":{\"@id\":\"https:\\\/\\\/www.gtline.com\\\/de\\\/#website\"},\"datePublished\":\"2025-03-19T13:40:39+00:00\",\"dateModified\":\"2025-12-10T10:48:32+00:00\",\"description\":\"Unsere Qualit\u00e4tspolitik stellt sicher, dass jedes GT Line Produkt zuverl\u00e4ssig, widerstandsf\u00e4hig und getestet ist \u2013 f\u00fcr Profis, die h\u00f6chste Standards verlangen.\",\"breadcrumb\":{\"@id\":\"https:\\\/\\\/www.gtline.com\\\/de\\\/quality-policy\\\/#breadcrumb\"},\"inLanguage\":\"de\",\"potentialAction\":[{\"@type\":\"ReadAction\",\"target\":[\"https:\\\/\\\/www.gtline.com\\\/de\\\/quality-policy\\\/\"]}]},{\"@type\":\"BreadcrumbList\",\"@id\":\"https:\\\/\\\/www.gtline.com\\\/de\\\/quality-policy\\\/#breadcrumb\",\"itemListElement\":[{\"@type\":\"ListItem\",\"position\":1,\"name\":\"Home\",\"item\":\"https:\\\/\\\/www.gtline.com\\\/de\\\/\"},{\"@type\":\"ListItem\",\"position\":2,\"name\":\"Qualit\u00e4tspolitik\"}]},{\"@type\":\"WebSite\",\"@id\":\"https:\\\/\\\/www.gtline.com\\\/de\\\/#website\",\"url\":\"https:\\\/\\\/www.gtline.com\\\/de\\\/\",\"name\":\"Gt Line\",\"description\":\"\",\"publisher\":{\"@id\":\"https:\\\/\\\/www.gtline.com\\\/de\\\/#organization\"},\"potentialAction\":[{\"@type\":\"SearchAction\",\"target\":{\"@type\":\"EntryPoint\",\"urlTemplate\":\"https:\\\/\\\/www.gtline.com\\\/de\\\/?s={search_term_string}\"},\"query-input\":{\"@type\":\"PropertyValueSpecification\",\"valueRequired\":true,\"valueName\":\"search_term_string\"}}],\"inLanguage\":\"de\"},{\"@type\":\"Organization\",\"@id\":\"https:\\\/\\\/www.gtline.com\\\/de\\\/#organization\",\"name\":\"Gt Line\",\"url\":\"https:\\\/\\\/www.gtline.com\\\/de\\\/\",\"logo\":{\"@type\":\"ImageObject\",\"inLanguage\":\"de\",\"@id\":\"https:\\\/\\\/www.gtline.com\\\/de\\\/#\\\/schema\\\/logo\\\/image\\\/\",\"url\":\"https:\\\/\\\/www.gtline.com\\\/de\\\/wp-content\\\/uploads\\\/sites\\\/5\\\/2025\\\/02\\\/logo.png\",\"contentUrl\":\"https:\\\/\\\/www.gtline.com\\\/de\\\/wp-content\\\/uploads\\\/sites\\\/5\\\/2025\\\/02\\\/logo.png\",\"width\":228,\"height\":146,\"caption\":\"Gt Line\"},\"image\":{\"@id\":\"https:\\\/\\\/www.gtline.com\\\/de\\\/#\\\/schema\\\/logo\\\/image\\\/\"},\"sameAs\":[\"https:\\\/\\\/www.facebook.com\\\/gtlinesrl?locale=it_IT\",\"https:\\\/\\\/www.instagram.com\\\/gt_line_srl\\\/\",\"https:\\\/\\\/www.youtube.com\\\/channel\\\/UCDvpkFqswNJOVFz64PkYRQQ\",\"https:\\\/\\\/www.linkedin.com\\\/company\\\/gt-line-srl\\\/\"]}]}<\/script>\n<!-- \/ Yoast SEO plugin. -->","yoast_head_json":{"title":"Qualit\u00e4tspolitik unseres Unternehmens | GT Line","description":"Unsere Qualit\u00e4tspolitik stellt sicher, dass jedes GT Line Produkt zuverl\u00e4ssig, widerstandsf\u00e4hig und getestet ist \u2013 f\u00fcr Profis, die h\u00f6chste Standards verlangen.","robots":{"index":"index","follow":"follow","max-snippet":"max-snippet:-1","max-image-preview":"max-image-preview:large","max-video-preview":"max-video-preview:-1"},"canonical":"https:\/\/www.gtline.com\/de\/quality-policy\/","og_locale":"de_DE","og_type":"article","og_title":"Qualit\u00e4tspolitik unseres Unternehmens | GT Line","og_description":"Unsere Qualit\u00e4tspolitik stellt sicher, dass jedes GT Line Produkt zuverl\u00e4ssig, widerstandsf\u00e4hig und getestet ist \u2013 f\u00fcr Profis, die h\u00f6chste Standards verlangen.","og_url":"https:\/\/www.gtline.com\/de\/quality-policy\/","og_site_name":"Gt Line DE","article_publisher":"https:\/\/www.facebook.com\/gtlinesrl?locale=it_IT","article_modified_time":"2025-12-10T10:48:32+00:00","twitter_card":"summary_large_image","twitter_misc":{"Gesch\u00e4tzte Lesezeit":"3\u00a0Minuten"},"schema":{"@context":"https:\/\/schema.org","@graph":[{"@type":"WebPage","@id":"https:\/\/www.gtline.com\/de\/quality-policy\/","url":"https:\/\/www.gtline.com\/de\/quality-policy\/","name":"Qualit\u00e4tspolitik unseres Unternehmens | GT Line","isPartOf":{"@id":"https:\/\/www.gtline.com\/de\/#website"},"datePublished":"2025-03-19T13:40:39+00:00","dateModified":"2025-12-10T10:48:32+00:00","description":"Unsere Qualit\u00e4tspolitik stellt sicher, dass jedes GT Line Produkt zuverl\u00e4ssig, widerstandsf\u00e4hig und getestet ist \u2013 f\u00fcr Profis, die h\u00f6chste Standards verlangen.","breadcrumb":{"@id":"https:\/\/www.gtline.com\/de\/quality-policy\/#breadcrumb"},"inLanguage":"de","potentialAction":[{"@type":"ReadAction","target":["https:\/\/www.gtline.com\/de\/quality-policy\/"]}]},{"@type":"BreadcrumbList","@id":"https:\/\/www.gtline.com\/de\/quality-policy\/#breadcrumb","itemListElement":[{"@type":"ListItem","position":1,"name":"Home","item":"https:\/\/www.gtline.com\/de\/"},{"@type":"ListItem","position":2,"name":"Qualit\u00e4tspolitik"}]},{"@type":"WebSite","@id":"https:\/\/www.gtline.com\/de\/#website","url":"https:\/\/www.gtline.com\/de\/","name":"Gt Line","description":"","publisher":{"@id":"https:\/\/www.gtline.com\/de\/#organization"},"potentialAction":[{"@type":"SearchAction","target":{"@type":"EntryPoint","urlTemplate":"https:\/\/www.gtline.com\/de\/?s={search_term_string}"},"query-input":{"@type":"PropertyValueSpecification","valueRequired":true,"valueName":"search_term_string"}}],"inLanguage":"de"},{"@type":"Organization","@id":"https:\/\/www.gtline.com\/de\/#organization","name":"Gt Line","url":"https:\/\/www.gtline.com\/de\/","logo":{"@type":"ImageObject","inLanguage":"de","@id":"https:\/\/www.gtline.com\/de\/#\/schema\/logo\/image\/","url":"https:\/\/www.gtline.com\/de\/wp-content\/uploads\/sites\/5\/2025\/02\/logo.png","contentUrl":"https:\/\/www.gtline.com\/de\/wp-content\/uploads\/sites\/5\/2025\/02\/logo.png","width":228,"height":146,"caption":"Gt Line"},"image":{"@id":"https:\/\/www.gtline.com\/de\/#\/schema\/logo\/image\/"},"sameAs":["https:\/\/www.facebook.com\/gtlinesrl?locale=it_IT","https:\/\/www.instagram.com\/gt_line_srl\/","https:\/\/www.youtube.com\/channel\/UCDvpkFqswNJOVFz64PkYRQQ","https:\/\/www.linkedin.com\/company\/gt-line-srl\/"]}]}},"_links":{"self":[{"href":"https:\/\/www.gtline.com\/de\/wp-json\/wp\/v2\/pages\/2695","targetHints":{"allow":["GET"]}}],"collection":[{"href":"https:\/\/www.gtline.com\/de\/wp-json\/wp\/v2\/pages"}],"about":[{"href":"https:\/\/www.gtline.com\/de\/wp-json\/wp\/v2\/types\/page"}],"author":[{"embeddable":true,"href":"https:\/\/www.gtline.com\/de\/wp-json\/wp\/v2\/users\/2"}],"replies":[{"embeddable":true,"href":"https:\/\/www.gtline.com\/de\/wp-json\/wp\/v2\/comments?post=2695"}],"version-history":[{"count":116,"href":"https:\/\/www.gtline.com\/de\/wp-json\/wp\/v2\/pages\/2695\/revisions"}],"predecessor-version":[{"id":23003,"href":"https:\/\/www.gtline.com\/de\/wp-json\/wp\/v2\/pages\/2695\/revisions\/23003"}],"wp:attachment":[{"href":"https:\/\/www.gtline.com\/de\/wp-json\/wp\/v2\/media?parent=2695"}],"curies":[{"name":"wp","href":"https:\/\/api.w.org\/{rel}","templated":true}]}}