{"id":744,"date":"2025-02-24T07:00:24","date_gmt":"2025-02-24T07:00:24","guid":{"rendered":"https:\/\/gtline.com\/?page_id=744"},"modified":"2025-12-10T10:51:22","modified_gmt":"2025-12-10T10:51:22","slug":"blog","status":"publish","type":"page","link":"https:\/\/www.gtline.com\/de\/blog\/","title":{"rendered":"Blog"},"content":{"rendered":"\t\t<div data-elementor-type=\"wp-page\" data-elementor-id=\"744\" class=\"elementor elementor-744\" data-elementor-post-type=\"page\">\n\t\t\t\t<div class=\"elementor-element elementor-element-1b4d77e elementor-hidden-mobile e-flex e-con-boxed e-con e-parent\" data-id=\"1b4d77e\" data-element_type=\"container\" data-e-type=\"container\" data-settings=\"{&quot;background_background&quot;:&quot;classic&quot;}\">\n\t\t\t\t\t<div class=\"e-con-inner\">\n\t\t\t\t<div class=\"elementor-element elementor-element-6d3f2af elementor-widget elementor-widget-text-editor\" data-id=\"6d3f2af\" data-element_type=\"widget\" data-e-type=\"widget\" data-widget_type=\"text-editor.default\">\n\t\t\t\t<div class=\"elementor-widget-container\">\n\t\t\t\t\t\t\t\t\t<p>\/ Blog<\/p>\t\t\t\t\t\t\t\t<\/div>\n\t\t\t\t<\/div>\n\t\t\t\t<div class=\"elementor-element elementor-element-00ab010 elementor-widget elementor-widget-heading\" data-id=\"00ab010\" data-element_type=\"widget\" data-e-type=\"widget\" data-widget_type=\"heading.default\">\n\t\t\t\t<div class=\"elementor-widget-container\">\n\t\t\t\t\t<h1 class=\"elementor-heading-title elementor-size-default\">Der GT Line Blog: Innovative L\u00f6sungen f\u00fcr Branchenprofis<\/h1>\t\t\t\t<\/div>\n\t\t\t\t<\/div>\n\t\t\t\t<div class=\"elementor-element elementor-element-88c55c4 elementor-widget__width-initial elementor-widget elementor-widget-heading\" data-id=\"88c55c4\" data-element_type=\"widget\" data-e-type=\"widget\" data-widget_type=\"heading.default\">\n\t\t\t\t<div class=\"elementor-widget-container\">\n\t\t\t\t\t<h2 class=\"elementor-heading-title elementor-size-default\">Entdecken Sie aktuelle Neuigkeiten, praxisnahe Tipps und ausf\u00fchrliche Beitr\u00e4ge zu Technikkoffern, professionellen Transportbeh\u00e4ltern und Werkzeugtaschen, Zubeh\u00f6r sowie Methoden zur Optimierung Ihrer t\u00e4glichen Arbeit.<\/h2>\t\t\t\t<\/div>\n\t\t\t\t<\/div>\n\t\t\t\t\t<\/div>\n\t\t\t\t<\/div>\n\t\t<div class=\"elementor-element elementor-element-43886a6 elementor-hidden-desktop elementor-hidden-tablet e-flex e-con-boxed e-con e-parent\" data-id=\"43886a6\" data-element_type=\"container\" data-e-type=\"container\" data-settings=\"{&quot;background_background&quot;:&quot;classic&quot;}\">\n\t\t\t\t\t<div class=\"e-con-inner\">\n\t\t\t\t\t<\/div>\n\t\t\t\t<\/div>\n\t\t<div class=\"elementor-element elementor-element-3740dea elementor-hidden-desktop elementor-hidden-tablet e-flex e-con-boxed e-con e-parent\" data-id=\"3740dea\" data-element_type=\"container\" data-e-type=\"container\" data-settings=\"{&quot;background_background&quot;:&quot;classic&quot;}\">\n\t\t\t\t\t<div class=\"e-con-inner\">\n\t\t\t\t<div class=\"elementor-element elementor-element-2e2caf3 elementor-widget elementor-widget-text-editor\" data-id=\"2e2caf3\" data-element_type=\"widget\" data-e-type=\"widget\" data-widget_type=\"text-editor.default\">\n\t\t\t\t<div class=\"elementor-widget-container\">\n\t\t\t\t\t\t\t\t\t<p>\/ Blog<\/p>\t\t\t\t\t\t\t\t<\/div>\n\t\t\t\t<\/div>\n\t\t\t\t<div class=\"elementor-element elementor-element-7cde28c elementor-widget elementor-widget-heading\" data-id=\"7cde28c\" data-element_type=\"widget\" data-e-type=\"widget\" data-widget_type=\"heading.default\">\n\t\t\t\t<div class=\"elementor-widget-container\">\n\t\t\t\t\t<h1 class=\"elementor-heading-title elementor-size-default\">Der GT Line Blog: Innovative L\u00f6sungen f\u00fcr Branchenprofis<\/h1>\t\t\t\t<\/div>\n\t\t\t\t<\/div>\n\t\t\t\t<div class=\"elementor-element elementor-element-9c63b19 elementor-widget__width-initial elementor-widget elementor-widget-heading\" data-id=\"9c63b19\" data-element_type=\"widget\" data-e-type=\"widget\" data-widget_type=\"heading.default\">\n\t\t\t\t<div class=\"elementor-widget-container\">\n\t\t\t\t\t<h2 class=\"elementor-heading-title elementor-size-default\">Entdecken Sie aktuelle Neuigkeiten, praxisnahe Tipps und ausf\u00fchrliche Beitr\u00e4ge zu Technikkoffern, professionellen Transportbeh\u00e4ltern und Werkzeugtaschen, Zubeh\u00f6r sowie Methoden zur Optimierung Ihrer t\u00e4glichen Arbeit.<\/h2>\t\t\t\t<\/div>\n\t\t\t\t<\/div>\n\t\t\t\t\t<\/div>\n\t\t\t\t<\/div>\n\t\t<div class=\"elementor-element elementor-element-2381a0c e-flex e-con-boxed e-con e-parent\" data-id=\"2381a0c\" data-element_type=\"container\" data-e-type=\"container\">\n\t\t\t\t\t<div class=\"e-con-inner\">\n\t\t<div class=\"elementor-element elementor-element-5147845 e-con-full e-flex e-con e-child\" data-id=\"5147845\" data-element_type=\"container\" data-e-type=\"container\">\n\t\t<div class=\"elementor-element elementor-element-614cd71 e-con-full e-flex e-con e-child\" data-id=\"614cd71\" data-element_type=\"container\" data-e-type=\"container\">\n\t\t\t\t<div class=\"elementor-element elementor-element-e512c64 elementor-widget elementor-widget-shortcode\" data-id=\"e512c64\" data-element_type=\"widget\" data-e-type=\"widget\" data-widget_type=\"shortcode.default\">\n\t\t\t\t<div class=\"elementor-widget-container\">\n\t\t\t\t\t\t\t<div class=\"elementor-shortcode\">\n    <div class=\"filter-container\">\n        <!-- Category Filter -->\n        <div class=\"category-filter-form row-wrap\">\n                        <h3>Nach Kategorie filtern<\/h3>\n            <select name=\"category\" id=\"category-dropdown\">\n                <option value=\"\">Nach Kategorie filtern<\/option>\n                                    <option value=\"fiere-ed-eventi\">\n                        Messen und Events                    <\/option>\n                                    <option value=\"prodotti\">\n                        Produkte                    <\/option>\n                                    <option value=\"corporate\">\n                        Unternehmen                    <\/option>\n                            <\/select>\n        <\/div>\n\n        <!-- Search Box -->\n        <div class=\"search-form row-wrap\">\n                        <h3>Suche nach Thema<\/h3>\n            <input type=\"text\" id=\"search-input\" placeholder=\"Enter a topic\">\n            <button id=\"search-button\"><img decoding=\"async\" src=\"\/wp-content\/uploads\/2025\/02\/Frame-13.png\" alt=\"icon\" title=\"icon\"><\/button>\n        <\/div>\n    <\/div> \n\n    <div class=\"custArticalMn custBlogArticals\" id=\"filtered-posts\">\n                        <div class=\"feature-content\">\n\t\t\t\t<a href=\"https:\/\/www.gtline.com\/de\/2026\/03\/02\/gt-line-group-auf-der-eisenwarenmesse-2026-entdecken-sie-unsere-neuheiten-in-koeln-3-6-maerz\/\">\n                                            <div class=\"post-thumbnail\">\n\t\t\t\t\t\t <img decoding=\"async\" src=\"https:\/\/www.gtline.com\/de\/wp-content\/uploads\/sites\/5\/2026\/03\/News_Eisenwarenmesse_3.jpg\" alt=\"GT Line Group auf der Eisenwarenmesse 2026 \u2013 Entdecken Sie unsere Neuheiten in K\u00f6ln, 3.\u20136. M\u00e4rz\" title=\"GT Line Group auf der Eisenwarenmesse 2026 \u2013 Entdecken Sie unsere Neuheiten in K\u00f6ln, 3.\u20136. M\u00e4rz\" title=\"GT Line Group auf der Eisenwarenmesse 2026 \u2013 Entdecken Sie unsere Neuheiten in K\u00f6ln, 3.\u20136. M\u00e4rz\">\n                        <\/div>\n                                        <div class=\"custBlogArticalsTtl\">\n                        <span class=\"post-date\">03 Mai 2026<\/span>                        <h2>\n                            GT Line Group auf der Eisenwarenmesse 2026 \u2013 Entdecken Sie unsere Neuheiten in K\u00f6ln, 3.\u20136. M\u00e4rz                        <\/h2>\n                    <\/div>\n\t\t\t\t<\/a>\n                <\/div>\n                            <div class=\"feature-content\">\n\t\t\t\t<a href=\"https:\/\/www.gtline.com\/de\/2025\/03\/22\/stampa-a-iniezione-la-tecnologia-dietro-leccellenza-delle-valigie-gt-line-ed-explorer-cases\/\">\n                                            <div class=\"post-thumbnail\">\n\t\t\t\t\t\t <img decoding=\"async\" src=\"https:\/\/www.gtline.com\/de\/wp-content\/uploads\/sites\/5\/2025\/04\/stampa-a-iniezione_2.png\" alt=\"Spritzguss: Die Technologie hinter der Exzellenz der GT Line- und Explorer-Koffer\" title=\"Spritzguss: Die Technologie hinter der Exzellenz der GT Line- und Explorer-Koffer\" title=\"Spritzguss: Die Technologie hinter der Exzellenz der GT Line- und Explorer-Koffer\">\n                        <\/div>\n                                        <div class=\"custBlogArticalsTtl\">\n                        <span class=\"post-date\">03 Mai 2026<\/span>                        <h2>\n                            Spritzguss: Die Technologie hinter der Exzellenz der GT Line- und Explorer-Koffer                        <\/h2>\n                    <\/div>\n\t\t\t\t<\/a>\n                <\/div>\n                            <div class=\"feature-content\">\n\t\t\t\t<a href=\"https:\/\/www.gtline.com\/de\/2025\/03\/01\/gtline-bolognafiere\/\">\n                                            <div class=\"post-thumbnail\">\n\t\t\t\t\t\t <img decoding=\"async\" src=\"https:\/\/www.gtline.com\/de\/wp-content\/uploads\/sites\/5\/2025\/03\/GT_articolo_MECSPE.png\" alt=\"Besuchen Sie uns vom 5. bis 7. M\u00e4rz an unserem Stand in Halle 16, Stand F10 auf der BolognaFiere!\" title=\"Besuchen Sie uns vom 5. bis 7. M\u00e4rz an unserem Stand in Halle 16, Stand F10 auf der BolognaFiere!\" title=\"Besuchen Sie uns vom 5. bis 7. M\u00e4rz an unserem Stand in Halle 16, Stand F10 auf der BolognaFiere!\">\n                        <\/div>\n                                        <div class=\"custBlogArticalsTtl\">\n                        <span class=\"post-date\">03 Mai 2026<\/span>                        <h2>\n                            Besuchen Sie uns vom 5. bis 7. M\u00e4rz an unserem Stand in Halle 16, Stand F10 auf der BolognaFiere!                        <\/h2>\n                    <\/div>\n\t\t\t\t<\/a>\n                <\/div>\n                            <div class=\"feature-content\">\n\t\t\t\t<a href=\"https:\/\/www.gtline.com\/de\/2025\/02\/24\/new-monolith-lt-35-work-by-gt-line\/\">\n                                            <div class=\"post-thumbnail\">\n\t\t\t\t\t\t <img decoding=\"async\" src=\"https:\/\/www.gtline.com\/de\/wp-content\/uploads\/sites\/5\/2025\/04\/Blog_Monolith_Copertina-scaled.jpg\" alt=\"New Monolith LT 35 Work Line by GT\" title=\"New Monolith LT 35 Work Line by GT\" title=\"New Monolith LT 35 Work Line by GT\">\n                        <\/div>\n                                        <div class=\"custBlogArticalsTtl\">\n                        <span class=\"post-date\">03 Mai 2026<\/span>                        <h2>\n                            New Monolith LT 35 Work Line by GT                        <\/h2>\n                    <\/div>\n\t\t\t\t<\/a>\n                <\/div>\n                            <div class=\"feature-content\">\n\t\t\t\t<a href=\"https:\/\/www.gtline.com\/de\/2025\/01\/16\/aligie-trolley-e-zaini-professionali-portautensili-le-migliori-soluzioni-per-chi-lavora-sempre-in-movimento\/\">\n                                            <div class=\"post-thumbnail\">\n\t\t\t\t\t\t <img decoding=\"async\" src=\"https:\/\/www.gtline.com\/de\/wp-content\/uploads\/sites\/5\/2025\/04\/test_2_blog.png\" alt=\"Professionelle Werkzeugkoffer mit Rollen und Rucks\u00e4cke: Die besten L\u00f6sungen f\u00fcr alle, die st\u00e4ndig unterwegs sind!\" title=\"Professionelle Werkzeugkoffer mit Rollen und Rucks\u00e4cke: Die besten L\u00f6sungen f\u00fcr alle, die st\u00e4ndig unterwegs sind!\" title=\"Professionelle Werkzeugkoffer mit Rollen und Rucks\u00e4cke: Die besten L\u00f6sungen f\u00fcr alle, die st\u00e4ndig unterwegs sind!\">\n                        <\/div>\n                                        <div class=\"custBlogArticalsTtl\">\n                        <span class=\"post-date\">03 Mai 2026<\/span>                        <h2>\n                            Professionelle Werkzeugkoffer mit Rollen und Rucks\u00e4cke: Die besten L\u00f6sungen f\u00fcr alle, die st\u00e4ndig unterwegs sind!                        <\/h2>\n                    <\/div>\n\t\t\t\t<\/a>\n                <\/div>\n                            <div class=\"feature-content\">\n\t\t\t\t<a href=\"https:\/\/www.gtline.com\/de\/2024\/12\/06\/modularita-protezione-e-trasporto-tutto-in-uno-con-il-sistema-all-in-one\/\">\n                                            <div class=\"post-thumbnail\">\n\t\t\t\t\t\t <img decoding=\"async\" src=\"https:\/\/www.gtline.com\/de\/wp-content\/uploads\/sites\/5\/2025\/04\/carosello_AI1_blo_3png.png\" alt=\"Modularity, Protection and Transport: The All in One Modular System\" title=\"Modularity, Protection and Transport: The All in One Modular System\" title=\"Modularity, Protection and Transport: The All in One Modular System\">\n                        <\/div>\n                                        <div class=\"custBlogArticalsTtl\">\n                        <span class=\"post-date\">03 Mai 2026<\/span>                        <h2>\n                            Modularity, Protection and Transport: The All in One Modular System                        <\/h2>\n                    <\/div>\n\t\t\t\t<\/a>\n                <\/div>\n                <\/div>\n\n  <script>\n        document.getElementById('category-dropdown').addEventListener('change', fetchFilteredPosts);\n        document.getElementById('search-button').addEventListener('click', fetchFilteredPosts);\n        document.getElementById('search-input').addEventListener('keypress', function(event) {\n            if (event.key === 'Enter') {\n                fetchFilteredPosts();\n            }\n        });\n\n        function fetchFilteredPosts() {\n            var selectedCategory = document.getElementById('category-dropdown').value;\n            var searchQuery = document.getElementById('search-input').value;\n\n            var xhr = new XMLHttpRequest();\n            xhr.open('GET', 'https:\/\/www.gtline.com\/de\/wp-admin\/admin-ajax.php?action=filter_posts&category=' + selectedCategory + '&search=' + searchQuery, true);\n            xhr.onreadystatechange = function() {\n                if (xhr.readyState === 4 && xhr.status === 200) {\n                    document.getElementById('filtered-posts').innerHTML = xhr.responseText;\n                }\n            };\n            xhr.send();\n        }\n    <\/script>\n\n    <\/div>\n\t\t\t\t\t\t<\/div>\n\t\t\t\t<\/div>\n\t\t\t\t<\/div>\n\t\t<div class=\"elementor-element elementor-element-dcdc394 e-con-full e-flex e-con e-child\" data-id=\"dcdc394\" data-element_type=\"container\" data-e-type=\"container\">\n\t\t\t\t<div class=\"elementor-element elementor-element-b50e9a6 elementor-widget elementor-widget-shortcode\" data-id=\"b50e9a6\" data-element_type=\"widget\" data-e-type=\"widget\" data-widget_type=\"shortcode.default\">\n\t\t\t\t<div class=\"elementor-widget-container\">\n\t\t\t\t\t\t\t<div class=\"elementor-shortcode\">        <div class=\"custApndOrder\"><\/div>\n        <div class=\"custSdeBarCats\">\n            <div class=\"custSdeBarCatsTtl\"> \n                <div class=\"custHeadingsAnimations\">\n                                        <h3 class=\"elementor-heading-title\">Am meisten gelesen<\/h3>\n                <\/div>\n            <\/div>\n            <div class=\"custSdeBarCatsList\">\n                <div class=\"category-section\"><h4>Messen und Events<\/h4><ul><li><a href=\"https:\/\/www.gtline.com\/de\/2026\/03\/02\/gt-line-group-auf-der-eisenwarenmesse-2026-entdecken-sie-unsere-neuheiten-in-koeln-3-6-maerz\/\">GT Line Group auf der Eisenwarenmesse 2026 \u2013 Entdecken Sie unsere Neuheiten in K\u00f6ln, 3.\u20136. M\u00e4rz<\/a><\/li><li><a href=\"https:\/\/www.gtline.com\/de\/2025\/03\/01\/gtline-bolognafiere\/\">Besuchen Sie uns vom 5. bis 7. M\u00e4rz an unserem Stand in Halle 16, Stand F10 auf der BolognaFiere!<\/a><\/li><\/ul><\/div><hr><div class=\"category-section\"><h4>Produkte<\/h4><ul><li><a href=\"https:\/\/www.gtline.com\/de\/2025\/02\/24\/new-monolith-lt-35-work-by-gt-line\/\">New Monolith LT 35 Work Line by GT<\/a><\/li><li><a href=\"https:\/\/www.gtline.com\/de\/2025\/01\/16\/aligie-trolley-e-zaini-professionali-portautensili-le-migliori-soluzioni-per-chi-lavora-sempre-in-movimento\/\">Professionelle Werkzeugkoffer mit Rollen und Rucks\u00e4cke: Die besten L\u00f6sungen f\u00fcr alle, die st\u00e4ndig unterwegs sind!<\/a><\/li><\/ul><\/div><hr><div class=\"category-section\"><h4>Unternehmen<\/h4><ul><li><a href=\"https:\/\/www.gtline.com\/de\/2025\/03\/22\/stampa-a-iniezione-la-tecnologia-dietro-leccellenza-delle-valigie-gt-line-ed-explorer-cases\/\">Spritzguss: Die Technologie hinter der Exzellenz der GT Line- und Explorer-Koffer<\/a><\/li><\/ul><\/div><hr>            <\/div>\n        <\/div>\n        <\/div>\n\t\t\t\t\t\t<\/div>\n\t\t\t\t<\/div>\n\t\t\t\t<\/div>\n\t\t\t\t<\/div>\n\t\t\t\t\t<\/div>\n\t\t\t\t<\/div>\n\t\t\t\t<\/div>\n\t\t","protected":false},"excerpt":{"rendered":"<p>\/ Blog Der GT Line Blog: Innovative L\u00f6sungen f\u00fcr Branchenprofis Entdecken Sie aktuelle Neuigkeiten, praxisnahe Tipps und ausf\u00fchrliche Beitr\u00e4ge zu Technikkoffern, professionellen Transportbeh\u00e4ltern und Werkzeugtaschen, Zubeh\u00f6r sowie Methoden zur Optimierung Ihrer t\u00e4glichen Arbeit. \/ Blog Der GT Line Blog: Innovative L\u00f6sungen f\u00fcr Branchenprofis Entdecken Sie aktuelle Neuigkeiten, praxisnahe Tipps und ausf\u00fchrliche Beitr\u00e4ge zu Technikkoffern, professionellen [&hellip;]<\/p>\n","protected":false},"author":2,"featured_media":0,"parent":0,"menu_order":0,"comment_status":"closed","ping_status":"closed","template":"elementor_header_footer","meta":{"_acf_changed":false,"footnotes":""},"class_list":["post-744","page","type-page","status-publish","hentry"],"acf":[],"yoast_head":"<!-- This site is optimized with the Yoast SEO plugin v27.4 - https:\/\/yoast.com\/product\/yoast-seo-wordpress\/ -->\n<title>Blog | GT Line<\/title>\n<meta name=\"description\" content=\"Tipps, Einblicke und n\u00fctzliche Informationen zu Werkzeugkoffern und L\u00f6sungen f\u00fcr den professionellen Einsatz \u2013 direkt von GT Line.\" \/>\n<meta name=\"robots\" content=\"index, follow, max-snippet:-1, max-image-preview:large, max-video-preview:-1\" \/>\n<link rel=\"canonical\" href=\"https:\/\/www.gtline.com\/de\/blog\/\" \/>\n<meta property=\"og:locale\" content=\"de_DE\" \/>\n<meta property=\"og:type\" content=\"article\" \/>\n<meta property=\"og:title\" content=\"Blog | GT Line\" \/>\n<meta property=\"og:description\" content=\"Tipps, Einblicke und n\u00fctzliche Informationen zu Werkzeugkoffern und L\u00f6sungen f\u00fcr den professionellen Einsatz \u2013 direkt von GT Line.\" \/>\n<meta property=\"og:url\" content=\"https:\/\/www.gtline.com\/de\/blog\/\" \/>\n<meta property=\"og:site_name\" content=\"Gt Line DE\" \/>\n<meta property=\"article:publisher\" content=\"https:\/\/www.facebook.com\/gtlinesrl?locale=it_IT\" \/>\n<meta property=\"article:modified_time\" content=\"2025-12-10T10:51:22+00:00\" \/>\n<meta name=\"twitter:card\" content=\"summary_large_image\" \/>\n<meta name=\"twitter:label1\" content=\"Gesch\u00e4tzte Lesezeit\" \/>\n\t<meta name=\"twitter:data1\" content=\"1\u00a0Minute\" \/>\n<script type=\"application\/ld+json\" class=\"yoast-schema-graph\">{\"@context\":\"https:\\\/\\\/schema.org\",\"@graph\":[{\"@type\":\"WebPage\",\"@id\":\"https:\\\/\\\/www.gtline.com\\\/de\\\/blog\\\/\",\"url\":\"https:\\\/\\\/www.gtline.com\\\/de\\\/blog\\\/\",\"name\":\"Blog | GT Line\",\"isPartOf\":{\"@id\":\"https:\\\/\\\/www.gtline.com\\\/de\\\/#website\"},\"datePublished\":\"2025-02-24T07:00:24+00:00\",\"dateModified\":\"2025-12-10T10:51:22+00:00\",\"description\":\"Tipps, Einblicke und n\u00fctzliche Informationen zu Werkzeugkoffern und L\u00f6sungen f\u00fcr den professionellen Einsatz \u2013 direkt von GT Line.\",\"breadcrumb\":{\"@id\":\"https:\\\/\\\/www.gtline.com\\\/de\\\/blog\\\/#breadcrumb\"},\"inLanguage\":\"de\",\"potentialAction\":[{\"@type\":\"ReadAction\",\"target\":[\"https:\\\/\\\/www.gtline.com\\\/de\\\/blog\\\/\"]}]},{\"@type\":\"BreadcrumbList\",\"@id\":\"https:\\\/\\\/www.gtline.com\\\/de\\\/blog\\\/#breadcrumb\",\"itemListElement\":[{\"@type\":\"ListItem\",\"position\":1,\"name\":\"Home\",\"item\":\"https:\\\/\\\/www.gtline.com\\\/de\\\/\"},{\"@type\":\"ListItem\",\"position\":2,\"name\":\"Blog\"}]},{\"@type\":\"WebSite\",\"@id\":\"https:\\\/\\\/www.gtline.com\\\/de\\\/#website\",\"url\":\"https:\\\/\\\/www.gtline.com\\\/de\\\/\",\"name\":\"Gt Line\",\"description\":\"\",\"publisher\":{\"@id\":\"https:\\\/\\\/www.gtline.com\\\/de\\\/#organization\"},\"potentialAction\":[{\"@type\":\"SearchAction\",\"target\":{\"@type\":\"EntryPoint\",\"urlTemplate\":\"https:\\\/\\\/www.gtline.com\\\/de\\\/?s={search_term_string}\"},\"query-input\":{\"@type\":\"PropertyValueSpecification\",\"valueRequired\":true,\"valueName\":\"search_term_string\"}}],\"inLanguage\":\"de\"},{\"@type\":\"Organization\",\"@id\":\"https:\\\/\\\/www.gtline.com\\\/de\\\/#organization\",\"name\":\"Gt Line\",\"url\":\"https:\\\/\\\/www.gtline.com\\\/de\\\/\",\"logo\":{\"@type\":\"ImageObject\",\"inLanguage\":\"de\",\"@id\":\"https:\\\/\\\/www.gtline.com\\\/de\\\/#\\\/schema\\\/logo\\\/image\\\/\",\"url\":\"https:\\\/\\\/www.gtline.com\\\/de\\\/wp-content\\\/uploads\\\/sites\\\/5\\\/2025\\\/02\\\/logo.png\",\"contentUrl\":\"https:\\\/\\\/www.gtline.com\\\/de\\\/wp-content\\\/uploads\\\/sites\\\/5\\\/2025\\\/02\\\/logo.png\",\"width\":228,\"height\":146,\"caption\":\"Gt Line\"},\"image\":{\"@id\":\"https:\\\/\\\/www.gtline.com\\\/de\\\/#\\\/schema\\\/logo\\\/image\\\/\"},\"sameAs\":[\"https:\\\/\\\/www.facebook.com\\\/gtlinesrl?locale=it_IT\",\"https:\\\/\\\/www.instagram.com\\\/gt_line_srl\\\/\",\"https:\\\/\\\/www.youtube.com\\\/channel\\\/UCDvpkFqswNJOVFz64PkYRQQ\",\"https:\\\/\\\/www.linkedin.com\\\/company\\\/gt-line-srl\\\/\"]}]}<\/script>\n<!-- \/ Yoast SEO plugin. -->","yoast_head_json":{"title":"Blog | GT Line","description":"Tipps, Einblicke und n\u00fctzliche Informationen zu Werkzeugkoffern und L\u00f6sungen f\u00fcr den professionellen Einsatz \u2013 direkt von GT Line.","robots":{"index":"index","follow":"follow","max-snippet":"max-snippet:-1","max-image-preview":"max-image-preview:large","max-video-preview":"max-video-preview:-1"},"canonical":"https:\/\/www.gtline.com\/de\/blog\/","og_locale":"de_DE","og_type":"article","og_title":"Blog | GT Line","og_description":"Tipps, Einblicke und n\u00fctzliche Informationen zu Werkzeugkoffern und L\u00f6sungen f\u00fcr den professionellen Einsatz \u2013 direkt von GT Line.","og_url":"https:\/\/www.gtline.com\/de\/blog\/","og_site_name":"Gt Line DE","article_publisher":"https:\/\/www.facebook.com\/gtlinesrl?locale=it_IT","article_modified_time":"2025-12-10T10:51:22+00:00","twitter_card":"summary_large_image","twitter_misc":{"Gesch\u00e4tzte Lesezeit":"1\u00a0Minute"},"schema":{"@context":"https:\/\/schema.org","@graph":[{"@type":"WebPage","@id":"https:\/\/www.gtline.com\/de\/blog\/","url":"https:\/\/www.gtline.com\/de\/blog\/","name":"Blog | GT Line","isPartOf":{"@id":"https:\/\/www.gtline.com\/de\/#website"},"datePublished":"2025-02-24T07:00:24+00:00","dateModified":"2025-12-10T10:51:22+00:00","description":"Tipps, Einblicke und n\u00fctzliche Informationen zu Werkzeugkoffern und L\u00f6sungen f\u00fcr den professionellen Einsatz \u2013 direkt von GT Line.","breadcrumb":{"@id":"https:\/\/www.gtline.com\/de\/blog\/#breadcrumb"},"inLanguage":"de","potentialAction":[{"@type":"ReadAction","target":["https:\/\/www.gtline.com\/de\/blog\/"]}]},{"@type":"BreadcrumbList","@id":"https:\/\/www.gtline.com\/de\/blog\/#breadcrumb","itemListElement":[{"@type":"ListItem","position":1,"name":"Home","item":"https:\/\/www.gtline.com\/de\/"},{"@type":"ListItem","position":2,"name":"Blog"}]},{"@type":"WebSite","@id":"https:\/\/www.gtline.com\/de\/#website","url":"https:\/\/www.gtline.com\/de\/","name":"Gt Line","description":"","publisher":{"@id":"https:\/\/www.gtline.com\/de\/#organization"},"potentialAction":[{"@type":"SearchAction","target":{"@type":"EntryPoint","urlTemplate":"https:\/\/www.gtline.com\/de\/?s={search_term_string}"},"query-input":{"@type":"PropertyValueSpecification","valueRequired":true,"valueName":"search_term_string"}}],"inLanguage":"de"},{"@type":"Organization","@id":"https:\/\/www.gtline.com\/de\/#organization","name":"Gt Line","url":"https:\/\/www.gtline.com\/de\/","logo":{"@type":"ImageObject","inLanguage":"de","@id":"https:\/\/www.gtline.com\/de\/#\/schema\/logo\/image\/","url":"https:\/\/www.gtline.com\/de\/wp-content\/uploads\/sites\/5\/2025\/02\/logo.png","contentUrl":"https:\/\/www.gtline.com\/de\/wp-content\/uploads\/sites\/5\/2025\/02\/logo.png","width":228,"height":146,"caption":"Gt Line"},"image":{"@id":"https:\/\/www.gtline.com\/de\/#\/schema\/logo\/image\/"},"sameAs":["https:\/\/www.facebook.com\/gtlinesrl?locale=it_IT","https:\/\/www.instagram.com\/gt_line_srl\/","https:\/\/www.youtube.com\/channel\/UCDvpkFqswNJOVFz64PkYRQQ","https:\/\/www.linkedin.com\/company\/gt-line-srl\/"]}]}},"_links":{"self":[{"href":"https:\/\/www.gtline.com\/de\/wp-json\/wp\/v2\/pages\/744","targetHints":{"allow":["GET"]}}],"collection":[{"href":"https:\/\/www.gtline.com\/de\/wp-json\/wp\/v2\/pages"}],"about":[{"href":"https:\/\/www.gtline.com\/de\/wp-json\/wp\/v2\/types\/page"}],"author":[{"embeddable":true,"href":"https:\/\/www.gtline.com\/de\/wp-json\/wp\/v2\/users\/2"}],"replies":[{"embeddable":true,"href":"https:\/\/www.gtline.com\/de\/wp-json\/wp\/v2\/comments?post=744"}],"version-history":[{"count":122,"href":"https:\/\/www.gtline.com\/de\/wp-json\/wp\/v2\/pages\/744\/revisions"}],"predecessor-version":[{"id":23006,"href":"https:\/\/www.gtline.com\/de\/wp-json\/wp\/v2\/pages\/744\/revisions\/23006"}],"wp:attachment":[{"href":"https:\/\/www.gtline.com\/de\/wp-json\/wp\/v2\/media?parent=744"}],"curies":[{"name":"wp","href":"https:\/\/api.w.org\/{rel}","templated":true}]}}