{"id":16656,"date":"2025-07-30T07:57:59","date_gmt":"2025-07-30T07:57:59","guid":{"rendered":"https:\/\/www.gtline.com\/de\/prodotto\/gt-line-werkzeugwagen-ai1\/"},"modified":"2026-04-17T02:12:03","modified_gmt":"2026-04-17T02:12:03","slug":"gt-line-werkzeugwagen-ai1","status":"publish","type":"product","link":"https:\/\/www.gtline.com\/de\/products\/gt-line-werkzeugwagen-ai1\/","title":{"rendered":"GT Line Werkzeugwagen AI1"},"content":{"rendered":"<p>1. Maximale Widerstandsf\u00e4higkeit und Langlebigkeit unter allen Bedingungen<\/p>\n<p>Sto\u00dffestes Polypropylen sorgt f\u00fcr einen wirksamen Schutz vor St\u00f6\u00dfen, Staub, Wasser, extremen Temperaturen und korrosiven Substanzen und gew\u00e4hrleistet so maximale Sicherheit f\u00fcr Ihre Werkzeuge.\u00a0<\/p>\n<p>2. Ergonomisches und ger\u00e4uscharmes Transportsystem.<\/p>\n<p>Der Teleskopgriff in Kombination mit 4 selbstschmierenden R\u00e4dern erm\u00f6glicht ein m\u00fcheloses Man\u00f6vrieren, selbst bei voller Beladung, ideal f\u00fcr h\u00e4ufigen Einsatz auf jeder Art von Untergrund.\u00a0<\/p>\n<p>3. Flexible und intelligente interne Organisation.<\/p>\n<p>Die herausnehmbare obere Ablage und die 5 Kleinteilbeh\u00e4lter (mod. WL01, WL02, WL04) bieten einen organisierten Innenraum, der einen schnellen Zugriff und eine pr\u00e4zise Werkzeugverwaltung erm\u00f6glichen.\u00a0<\/p>\n<p>4. Erweiterte Modularit\u00e4t f\u00fcr kundenspezifische Konfigurationen<\/p>\n<p>Dank des patentierten AI1MOD-Modulsystems und der Kompatibilit\u00e4t mit AIDRAW-Schubladen (erh\u00e4ltlich in 3 H\u00f6hen und verschiedenen Konfigurationen) k\u00f6nnen Sie einen perfekt auf Ihre Bed\u00fcrfnisse zugeschnittenen Werkzeugkoffer zusammenstellen.\u00a0<\/p>\n<p>5. Verbesserte Sicherheit f\u00fcr optimalen Werkzeugschutz.<\/p>\n<p>Zentrales Schl\u00fcsselschloss, zwei Verschl\u00fcsse an der Frontklappe und zwei am Deckel. Vorrichtung f\u00fcr zus\u00e4tzliche Vorh\u00e4ngeschl\u00f6sser und abnehmbare Deckel mit Sicherheitsverriegelung, um ein versehentliches \u00d6ffnen zu verhindern.<\/p>\n<p>6. Schnelle und professionelle Identifizierung.<\/p>\n<p>Klebeetikett zur Kennzeichnung des Inhalts und integriertes Namensschild f\u00fcr sofortige Erkennung im Flughafen- oder Logistikumfeld.\u00a0<\/p>\n<p>7. Kompakt und dennoch extrem ger\u00e4umig.<\/p>\n<p>Mit Au\u00dfenma\u00dfen von 585 x 389,2 x 466 mm und einem Eigengewicht von 10,85 kg bietet der AI1-Kofferein hervorragendes Gleichgewicht zwischen Kompaktheit und Tragf\u00e4higkeit, ideal f\u00fcr den Lufttransport und den t\u00e4glichen Gebrauch.\u00a0<\/p>\n<p>8. Hochwertiger Profi-Werkzeugkoffer.<\/p>\n<p>Die stapelbare Struktur, die M\u00f6glichkeit Innenr\u00e4ume flexibel auszustatten und die gro\u00dfe Auswahl an verf\u00fcgbarem Zubeh\u00f6r machen den AI1 zu einem der fortschrittlichsten und vielseitigsten Werkzeugkoffern auf dem Markt.<\/p>\n","protected":false},"excerpt":{"rendered":"<p>Der Trolley-Werkzeugkoffer AI1\u00a0ist die ideale professionelle L\u00f6sung f\u00fcr alle, die h\u00e4ufig unterwegs sind und einen stabilen, ger\u00e4umigen und optimal organisierten Werkzeugkoffer ben\u00f6tigen.<br \/>Hergestellt aus hochfestem Polypropylen im Spritzgussverfahren, vereint er geringes Gewicht, hohe Schlagfestigkeit und lange Lebensdauer \u2013 selbst unter h\u00e4rtesten Arbeitsbedingungen.<\/p>\n<p>Der Koffer wird leer geliefert und l\u00e4sst sich dank einer gro\u00dfen Auswahl an Zubeh\u00f6r in\u00a0zehn Standardkonfigurationen individuell gestalten.<br \/>Er verf\u00fcgt \u00fcber ein\u00a0herausnehmbares Fach,\u00a0verst\u00e4rkte Schl\u00f6sser\u00a0sowie ein\u00a0ergonomisches Transportsystem\u00a0mit\u00a0vier robusten R\u00e4dern\u00a0und\u00a0ausziehbarem Teleskopgriff.<\/p>\n<p>Der AI1 ist die perfekte Wahl f\u00fcr Techniker, Wartungsarbeiter, Installateure und Fachkr\u00e4fte aus der Luftfahrt-, Industrie- und Baubranche, die einen vielseitigen, anpassbaren und sofort einsatzbereiten Werkzeugkoffer suchen.<\/p>\n","protected":false},"featured_media":9101,"comment_status":"open","ping_status":"closed","template":"","meta":{"_acf_changed":false},"product_brand":[],"product_cat":[229],"product_tag":[],"class_list":{"0":"post-16656","1":"product","2":"type-product","3":"status-publish","4":"has-post-thumbnail","6":"product_cat-tool-chest","7":"pa_anwendungen-koffer-und-taschen-fur-betreuer","8":"pa_anwendungen-koffer-und-taschen-fur-die-luft-und-raumfahrtbranche-mro","9":"pa_anwendungen-koffer-und-taschen-fur-elektriker","10":"pa_anwendungen-koffer-und-taschen-fur-installateure","11":"pa_anwendungen-koffer-und-taschen-fur-servicetechniker","12":"pa_produkttyp-werkzeugkoffer","13":"pa_produkttyp-all-in-one-modular-system","15":"first","16":"instock","17":"shipping-taxable","18":"purchasable","19":"product-type-simple"},"acf":[],"yoast_head":"<!-- This site is optimized with the Yoast SEO plugin v25.4 - https:\/\/yoast.com\/wordpress\/plugins\/seo\/ -->\n<title>GT Line Werkzeugwagen AI1 - Gt Line DE<\/title>\n<meta name=\"robots\" content=\"index, follow, max-snippet:-1, max-image-preview:large, max-video-preview:-1\" \/>\n<link rel=\"canonical\" href=\"https:\/\/www.gtline.com\/de\/products\/gt-line-werkzeugwagen-ai1\/\" \/>\n<meta property=\"og:locale\" content=\"de_DE\" \/>\n<meta property=\"og:type\" content=\"article\" \/>\n<meta property=\"og:title\" content=\"GT Line Werkzeugwagen AI1 - Gt Line DE\" \/>\n<meta property=\"og:description\" content=\"Der Trolley-Werkzeugkoffer AI1\u00a0ist die ideale professionelle L\u00f6sung f\u00fcr alle, die h\u00e4ufig unterwegs sind und einen stabilen, ger\u00e4umigen und optimal organisierten Werkzeugkoffer ben\u00f6tigen.Hergestellt aus hochfestem Polypropylen im Spritzgussverfahren, vereint er geringes Gewicht, hohe Schlagfestigkeit und lange Lebensdauer \u2013 selbst unter h\u00e4rtesten Arbeitsbedingungen. Der Koffer wird leer geliefert und l\u00e4sst sich dank einer gro\u00dfen Auswahl an Zubeh\u00f6r in\u00a0zehn Standardkonfigurationen individuell gestalten.Er verf\u00fcgt \u00fcber ein\u00a0herausnehmbares Fach,\u00a0verst\u00e4rkte Schl\u00f6sser\u00a0sowie ein\u00a0ergonomisches Transportsystem\u00a0mit\u00a0vier robusten R\u00e4dern\u00a0und\u00a0ausziehbarem Teleskopgriff. Der AI1 ist die perfekte Wahl f\u00fcr Techniker, Wartungsarbeiter, Installateure und Fachkr\u00e4fte aus der Luftfahrt-, Industrie- und Baubranche, die einen vielseitigen, anpassbaren und sofort einsatzbereiten Werkzeugkoffer suchen.\" \/>\n<meta property=\"og:url\" content=\"https:\/\/www.gtline.com\/de\/products\/gt-line-werkzeugwagen-ai1\/\" \/>\n<meta property=\"og:site_name\" content=\"Gt Line DE\" \/>\n<meta property=\"article:publisher\" content=\"https:\/\/www.facebook.com\/gtlinesrl?locale=it_IT\" \/>\n<meta property=\"article:modified_time\" content=\"2026-04-17T02:12:03+00:00\" \/>\n<meta property=\"og:image\" content=\"https:\/\/www.gtline.com\/de\/wp-content\/uploads\/sites\/5\/2025\/05\/AI1_01_9097.jpg\" \/>\n\t<meta property=\"og:image:width\" content=\"500\" \/>\n\t<meta property=\"og:image:height\" content=\"500\" \/>\n\t<meta property=\"og:image:type\" content=\"image\/jpeg\" \/>\n<meta name=\"twitter:card\" content=\"summary_large_image\" \/>\n<meta name=\"twitter:label1\" content=\"Gesch\u00e4tzte Lesezeit\" \/>\n\t<meta name=\"twitter:data1\" content=\"1\u00a0Minute\" \/>\n<script type=\"application\/ld+json\" class=\"yoast-schema-graph\">{\"@context\":\"https:\/\/schema.org\",\"@graph\":[{\"@type\":\"WebPage\",\"@id\":\"https:\/\/www.gtline.com\/de\/products\/gt-line-werkzeugwagen-ai1\/\",\"url\":\"https:\/\/www.gtline.com\/de\/products\/gt-line-werkzeugwagen-ai1\/\",\"name\":\"GT Line Werkzeugwagen AI1 - Gt Line DE\",\"isPartOf\":{\"@id\":\"https:\/\/www.gtline.com\/de\/#website\"},\"primaryImageOfPage\":{\"@id\":\"https:\/\/www.gtline.com\/de\/products\/gt-line-werkzeugwagen-ai1\/#primaryimage\"},\"image\":{\"@id\":\"https:\/\/www.gtline.com\/de\/products\/gt-line-werkzeugwagen-ai1\/#primaryimage\"},\"thumbnailUrl\":\"https:\/\/www.gtline.com\/de\/wp-content\/uploads\/sites\/5\/2025\/05\/AI1_01_9097.jpg\",\"datePublished\":\"2025-07-30T07:57:59+00:00\",\"dateModified\":\"2026-04-17T02:12:03+00:00\",\"breadcrumb\":{\"@id\":\"https:\/\/www.gtline.com\/de\/products\/gt-line-werkzeugwagen-ai1\/#breadcrumb\"},\"inLanguage\":\"de\",\"potentialAction\":[{\"@type\":\"ReadAction\",\"target\":[\"https:\/\/www.gtline.com\/de\/products\/gt-line-werkzeugwagen-ai1\/\"]}]},{\"@type\":\"ImageObject\",\"inLanguage\":\"de\",\"@id\":\"https:\/\/www.gtline.com\/de\/products\/gt-line-werkzeugwagen-ai1\/#primaryimage\",\"url\":\"https:\/\/www.gtline.com\/de\/wp-content\/uploads\/sites\/5\/2025\/05\/AI1_01_9097.jpg\",\"contentUrl\":\"https:\/\/www.gtline.com\/de\/wp-content\/uploads\/sites\/5\/2025\/05\/AI1_01_9097.jpg\",\"width\":500,\"height\":500},{\"@type\":\"BreadcrumbList\",\"@id\":\"https:\/\/www.gtline.com\/de\/products\/gt-line-werkzeugwagen-ai1\/#breadcrumb\",\"itemListElement\":[{\"@type\":\"ListItem\",\"position\":1,\"name\":\"Home\",\"item\":\"https:\/\/www.gtline.com\/de\/\"},{\"@type\":\"ListItem\",\"position\":2,\"name\":\"Shop\",\"item\":\"https:\/\/www.gtline.com\/de\/negozio\/\"},{\"@type\":\"ListItem\",\"position\":3,\"name\":\"GT Line Werkzeugwagen AI1\"}]},{\"@type\":\"WebSite\",\"@id\":\"https:\/\/www.gtline.com\/de\/#website\",\"url\":\"https:\/\/www.gtline.com\/de\/\",\"name\":\"Gt Line\",\"description\":\"\",\"publisher\":{\"@id\":\"https:\/\/www.gtline.com\/de\/#organization\"},\"potentialAction\":[{\"@type\":\"SearchAction\",\"target\":{\"@type\":\"EntryPoint\",\"urlTemplate\":\"https:\/\/www.gtline.com\/de\/?s={search_term_string}\"},\"query-input\":{\"@type\":\"PropertyValueSpecification\",\"valueRequired\":true,\"valueName\":\"search_term_string\"}}],\"inLanguage\":\"de\"},{\"@type\":\"Organization\",\"@id\":\"https:\/\/www.gtline.com\/de\/#organization\",\"name\":\"Gt Line\",\"url\":\"https:\/\/www.gtline.com\/de\/\",\"logo\":{\"@type\":\"ImageObject\",\"inLanguage\":\"de\",\"@id\":\"https:\/\/www.gtline.com\/de\/#\/schema\/logo\/image\/\",\"url\":\"https:\/\/www.gtline.com\/de\/wp-content\/uploads\/sites\/5\/2025\/02\/logo.png\",\"contentUrl\":\"https:\/\/www.gtline.com\/de\/wp-content\/uploads\/sites\/5\/2025\/02\/logo.png\",\"width\":228,\"height\":146,\"caption\":\"Gt Line\"},\"image\":{\"@id\":\"https:\/\/www.gtline.com\/de\/#\/schema\/logo\/image\/\"},\"sameAs\":[\"https:\/\/www.facebook.com\/gtlinesrl?locale=it_IT\",\"https:\/\/www.instagram.com\/gt_line_srl\/\",\"https:\/\/www.youtube.com\/channel\/UCDvpkFqswNJOVFz64PkYRQQ\",\"https:\/\/www.linkedin.com\/company\/gt-line-srl\/\"]}]}<\/script>\n<!-- \/ Yoast SEO plugin. -->","yoast_head_json":{"title":"GT Line Werkzeugwagen AI1 - Gt Line DE","robots":{"index":"index","follow":"follow","max-snippet":"max-snippet:-1","max-image-preview":"max-image-preview:large","max-video-preview":"max-video-preview:-1"},"canonical":"https:\/\/www.gtline.com\/de\/products\/gt-line-werkzeugwagen-ai1\/","og_locale":"de_DE","og_type":"article","og_title":"GT Line Werkzeugwagen AI1 - Gt Line DE","og_description":"Der Trolley-Werkzeugkoffer AI1\u00a0ist die ideale professionelle L\u00f6sung f\u00fcr alle, die h\u00e4ufig unterwegs sind und einen stabilen, ger\u00e4umigen und optimal organisierten Werkzeugkoffer ben\u00f6tigen.Hergestellt aus hochfestem Polypropylen im Spritzgussverfahren, vereint er geringes Gewicht, hohe Schlagfestigkeit und lange Lebensdauer \u2013 selbst unter h\u00e4rtesten Arbeitsbedingungen. Der Koffer wird leer geliefert und l\u00e4sst sich dank einer gro\u00dfen Auswahl an Zubeh\u00f6r in\u00a0zehn Standardkonfigurationen individuell gestalten.Er verf\u00fcgt \u00fcber ein\u00a0herausnehmbares Fach,\u00a0verst\u00e4rkte Schl\u00f6sser\u00a0sowie ein\u00a0ergonomisches Transportsystem\u00a0mit\u00a0vier robusten R\u00e4dern\u00a0und\u00a0ausziehbarem Teleskopgriff. Der AI1 ist die perfekte Wahl f\u00fcr Techniker, Wartungsarbeiter, Installateure und Fachkr\u00e4fte aus der Luftfahrt-, Industrie- und Baubranche, die einen vielseitigen, anpassbaren und sofort einsatzbereiten Werkzeugkoffer suchen.","og_url":"https:\/\/www.gtline.com\/de\/products\/gt-line-werkzeugwagen-ai1\/","og_site_name":"Gt Line DE","article_publisher":"https:\/\/www.facebook.com\/gtlinesrl?locale=it_IT","article_modified_time":"2026-04-17T02:12:03+00:00","og_image":[{"width":500,"height":500,"url":"https:\/\/www.gtline.com\/de\/wp-content\/uploads\/sites\/5\/2025\/05\/AI1_01_9097.jpg","type":"image\/jpeg"}],"twitter_card":"summary_large_image","twitter_misc":{"Gesch\u00e4tzte Lesezeit":"1\u00a0Minute"},"schema":{"@context":"https:\/\/schema.org","@graph":[{"@type":"WebPage","@id":"https:\/\/www.gtline.com\/de\/products\/gt-line-werkzeugwagen-ai1\/","url":"https:\/\/www.gtline.com\/de\/products\/gt-line-werkzeugwagen-ai1\/","name":"GT Line Werkzeugwagen AI1 - Gt Line DE","isPartOf":{"@id":"https:\/\/www.gtline.com\/de\/#website"},"primaryImageOfPage":{"@id":"https:\/\/www.gtline.com\/de\/products\/gt-line-werkzeugwagen-ai1\/#primaryimage"},"image":{"@id":"https:\/\/www.gtline.com\/de\/products\/gt-line-werkzeugwagen-ai1\/#primaryimage"},"thumbnailUrl":"https:\/\/www.gtline.com\/de\/wp-content\/uploads\/sites\/5\/2025\/05\/AI1_01_9097.jpg","datePublished":"2025-07-30T07:57:59+00:00","dateModified":"2026-04-17T02:12:03+00:00","breadcrumb":{"@id":"https:\/\/www.gtline.com\/de\/products\/gt-line-werkzeugwagen-ai1\/#breadcrumb"},"inLanguage":"de","potentialAction":[{"@type":"ReadAction","target":["https:\/\/www.gtline.com\/de\/products\/gt-line-werkzeugwagen-ai1\/"]}]},{"@type":"ImageObject","inLanguage":"de","@id":"https:\/\/www.gtline.com\/de\/products\/gt-line-werkzeugwagen-ai1\/#primaryimage","url":"https:\/\/www.gtline.com\/de\/wp-content\/uploads\/sites\/5\/2025\/05\/AI1_01_9097.jpg","contentUrl":"https:\/\/www.gtline.com\/de\/wp-content\/uploads\/sites\/5\/2025\/05\/AI1_01_9097.jpg","width":500,"height":500},{"@type":"BreadcrumbList","@id":"https:\/\/www.gtline.com\/de\/products\/gt-line-werkzeugwagen-ai1\/#breadcrumb","itemListElement":[{"@type":"ListItem","position":1,"name":"Home","item":"https:\/\/www.gtline.com\/de\/"},{"@type":"ListItem","position":2,"name":"Shop","item":"https:\/\/www.gtline.com\/de\/negozio\/"},{"@type":"ListItem","position":3,"name":"GT Line Werkzeugwagen AI1"}]},{"@type":"WebSite","@id":"https:\/\/www.gtline.com\/de\/#website","url":"https:\/\/www.gtline.com\/de\/","name":"Gt Line","description":"","publisher":{"@id":"https:\/\/www.gtline.com\/de\/#organization"},"potentialAction":[{"@type":"SearchAction","target":{"@type":"EntryPoint","urlTemplate":"https:\/\/www.gtline.com\/de\/?s={search_term_string}"},"query-input":{"@type":"PropertyValueSpecification","valueRequired":true,"valueName":"search_term_string"}}],"inLanguage":"de"},{"@type":"Organization","@id":"https:\/\/www.gtline.com\/de\/#organization","name":"Gt Line","url":"https:\/\/www.gtline.com\/de\/","logo":{"@type":"ImageObject","inLanguage":"de","@id":"https:\/\/www.gtline.com\/de\/#\/schema\/logo\/image\/","url":"https:\/\/www.gtline.com\/de\/wp-content\/uploads\/sites\/5\/2025\/02\/logo.png","contentUrl":"https:\/\/www.gtline.com\/de\/wp-content\/uploads\/sites\/5\/2025\/02\/logo.png","width":228,"height":146,"caption":"Gt Line"},"image":{"@id":"https:\/\/www.gtline.com\/de\/#\/schema\/logo\/image\/"},"sameAs":["https:\/\/www.facebook.com\/gtlinesrl?locale=it_IT","https:\/\/www.instagram.com\/gt_line_srl\/","https:\/\/www.youtube.com\/channel\/UCDvpkFqswNJOVFz64PkYRQQ","https:\/\/www.linkedin.com\/company\/gt-line-srl\/"]}]}},"_links":{"self":[{"href":"https:\/\/www.gtline.com\/de\/wp-json\/wp\/v2\/product\/16656","targetHints":{"allow":["GET"]}}],"collection":[{"href":"https:\/\/www.gtline.com\/de\/wp-json\/wp\/v2\/product"}],"about":[{"href":"https:\/\/www.gtline.com\/de\/wp-json\/wp\/v2\/types\/product"}],"replies":[{"embeddable":true,"href":"https:\/\/www.gtline.com\/de\/wp-json\/wp\/v2\/comments?post=16656"}],"version-history":[{"count":4,"href":"https:\/\/www.gtline.com\/de\/wp-json\/wp\/v2\/product\/16656\/revisions"}],"predecessor-version":[{"id":27118,"href":"https:\/\/www.gtline.com\/de\/wp-json\/wp\/v2\/product\/16656\/revisions\/27118"}],"wp:featuredmedia":[{"embeddable":true,"href":"https:\/\/www.gtline.com\/de\/wp-json\/wp\/v2\/media\/9101"}],"wp:attachment":[{"href":"https:\/\/www.gtline.com\/de\/wp-json\/wp\/v2\/media?parent=16656"}],"wp:term":[{"taxonomy":"product_brand","embeddable":true,"href":"https:\/\/www.gtline.com\/de\/wp-json\/wp\/v2\/product_brand?post=16656"},{"taxonomy":"product_cat","embeddable":true,"href":"https:\/\/www.gtline.com\/de\/wp-json\/wp\/v2\/product_cat?post=16656"},{"taxonomy":"product_tag","embeddable":true,"href":"https:\/\/www.gtline.com\/de\/wp-json\/wp\/v2\/product_tag?post=16656"}],"curies":[{"name":"wp","href":"https:\/\/api.w.org\/{rel}","templated":true}]}}