{"id":16659,"date":"2025-07-30T10:06:57","date_gmt":"2025-07-30T10:06:57","guid":{"rendered":"https:\/\/www.gtline.com\/de\/prodotto\/gt-line-profi-tasche-wasserdicht-gt-44-19-pts\/"},"modified":"2026-04-17T02:02:38","modified_gmt":"2026-04-17T02:02:38","slug":"gt-line-profi-tasche-wasserdicht-gt-44-19-pts","status":"publish","type":"product","link":"https:\/\/www.gtline.com\/de\/products\/gt-line-profi-tasche-wasserdicht-gt-44-19-pts\/","title":{"rendered":"GT Line Profi-Tasche GT 44-19 PTS"},"content":{"rendered":"<p>Hermetische Abdichtung und vollst\u00e4ndiger Schutz vor \u00e4u\u00dferen Einfl\u00fcssen.<br \/><br data-start=\"226\" data-end=\"229\">Dank der umlaufenden Dichtung und dem Druckausgleichsventil ist der Koffer vollst\u00e4ndig wasserdicht und sch\u00fctzt Werkzeuge und Zubeh\u00f6r zuverl\u00e4ssig vor Wasser, Feuchtigkeit, Sand und Feinstaub.<br \/>\u00dcberlegene Best\u00e4ndigkeit f\u00fcr extreme Einsatzbedingungen.<br \/>Das dickwandige Polypropylen und die Scharniere mit korrosionsbest\u00e4ndigen Bolzen gew\u00e4hrleisten eine hohe Haltbarkeit selbst bei Kontakt mit chemischen oder korrosiven Substanzen sowie bei extremen Temperaturen (von -33 \u00b0C bis +90 \u00b0C).<br \/> Robuste und stapelbare Konstruktion.<br \/>Das Design erm\u00f6glicht ein sicheres Stapeln, w\u00e4hrend die Stahlverst\u00e4rkungen an den Schlossaufnahmen zus\u00e4tzliche Sicherheit beim Transport und bei der Lagerung bieten.<br \/> Fortschrittliche und modulare Innenorganisation.<br \/>Zwei Werkzeugtafeln mit FLEXI POUCHES\u2122-Taschen und ein Bodenfach mit stabilen Trennw\u00e4nden erm\u00f6glichen eine optimale Organisation s\u00e4mtlicher Werkzeuge und technischer Zubeh\u00f6rteile.<br \/>Benutzerfreundlichkeit und Transportkomfort.<br \/>Der ergonomische, gummierte Griff bietet einen sicheren und bequemen Halt, w\u00e4hrend die neuen gasdruckunterst\u00fctzten Deckelhalter das sichere \u00d6ffnen und Schlie\u00dfen erleichtern.<br \/>Zusatzraum f\u00fcr Dokumente und Kleinteile.<br \/>Enth\u00e4lt ein Dokumentenfach und zwei kleine Schubladen f\u00fcr Kleinteile, um alles ordentlich und griffbereit aufzubewahren.<br \/>Sicherheit und sofortige Identifikation.<br \/>Das integrierte Namensschild erm\u00f6glicht eine schnelle Identifizierung des Werkzeugkoffers \u2013 ideal f\u00fcr mobile Fachkr\u00e4fte oder den Einsatz in gemeinsam genutzten Arbeitsumgebungen.<\/p>\n","protected":false},"excerpt":{"rendered":"<p data-start=\"113\" data-end=\"266\"><strong data-start=\"113\" data-end=\"163\">Der professionelle Werkzeugkoffer GT 44-19 PTS<\/strong> ist der ideale Beh\u00e4lter f\u00fcr Fachanwender, die ihre Werkzeuge und Ger\u00e4te zuverl\u00e4ssig sch\u00fctzen m\u00fcssen.<\/p>\n<p data-start=\"268\" data-end=\"459\">Hergestellt aus hochfestem Polypropylen, ist dieser mittelgro\u00dfe Werkzeugkoffer vollst\u00e4ndig hermetisch verschlossen und best\u00e4ndig gegen Wasser, St\u00f6\u00dfe, Sand, Staub sowie korrosive Substanzen.<\/p>\n","protected":false},"featured_media":6990,"comment_status":"open","ping_status":"closed","template":"","meta":{"_acf_changed":false},"product_brand":[],"product_cat":[245],"product_tag":[],"class_list":{"0":"post-16659","1":"product","2":"type-product","3":"status-publish","4":"has-post-thumbnail","6":"product_cat-245","7":"pa_anwendungen-alle","8":"pa_anwendungen-koffer-und-taschen-fur-betreuer","9":"pa_anwendungen-koffer-und-taschen-fur-elektriker","10":"pa_anwendungen-koffer-und-taschen-fur-installateure","11":"pa_anwendungen-koffer-und-taschen-fur-servicetechniker","12":"pa_produkttyp-werkzeugkoffer","13":"pa_produkttyp-wasserdichte-werkzeugkoffer","15":"first","16":"instock","17":"shipping-taxable","18":"purchasable","19":"product-type-simple"},"acf":[],"yoast_head":"<!-- This site is optimized with the Yoast SEO plugin v25.4 - https:\/\/yoast.com\/wordpress\/plugins\/seo\/ -->\n<title>GT Line Profi-Tasche GT 44-19 PTS - Gt Line DE<\/title>\n<meta name=\"robots\" content=\"index, follow, max-snippet:-1, max-image-preview:large, max-video-preview:-1\" \/>\n<link rel=\"canonical\" href=\"https:\/\/www.gtline.com\/de\/products\/gt-line-profi-tasche-wasserdicht-gt-44-19-pts\/\" \/>\n<meta property=\"og:locale\" content=\"de_DE\" \/>\n<meta property=\"og:type\" content=\"article\" \/>\n<meta property=\"og:title\" content=\"GT Line Profi-Tasche GT 44-19 PTS - Gt Line DE\" \/>\n<meta property=\"og:description\" content=\"Der professionelle Werkzeugkoffer GT 44-19 PTS ist der ideale Beh\u00e4lter f\u00fcr Fachanwender, die ihre Werkzeuge und Ger\u00e4te zuverl\u00e4ssig sch\u00fctzen m\u00fcssen. Hergestellt aus hochfestem Polypropylen, ist dieser mittelgro\u00dfe Werkzeugkoffer vollst\u00e4ndig hermetisch verschlossen und best\u00e4ndig gegen Wasser, St\u00f6\u00dfe, Sand, Staub sowie korrosive Substanzen.\" \/>\n<meta property=\"og:url\" content=\"https:\/\/www.gtline.com\/de\/products\/gt-line-profi-tasche-wasserdicht-gt-44-19-pts\/\" \/>\n<meta property=\"og:site_name\" content=\"Gt Line DE\" \/>\n<meta property=\"article:publisher\" content=\"https:\/\/www.facebook.com\/gtlinesrl?locale=it_IT\" \/>\n<meta property=\"article:modified_time\" content=\"2026-04-17T02:02:38+00:00\" \/>\n<meta property=\"og:image\" content=\"https:\/\/www.gtline.com\/de\/wp-content\/uploads\/sites\/5\/2025\/05\/GT-44-19_PTS_01_8632.jpg\" \/>\n\t<meta property=\"og:image:width\" content=\"500\" \/>\n\t<meta property=\"og:image:height\" content=\"500\" \/>\n\t<meta property=\"og:image:type\" content=\"image\/jpeg\" \/>\n<meta name=\"twitter:card\" content=\"summary_large_image\" \/>\n<meta name=\"twitter:label1\" content=\"Gesch\u00e4tzte Lesezeit\" \/>\n\t<meta name=\"twitter:data1\" content=\"1\u00a0Minute\" \/>\n<script type=\"application\/ld+json\" class=\"yoast-schema-graph\">{\"@context\":\"https:\/\/schema.org\",\"@graph\":[{\"@type\":\"WebPage\",\"@id\":\"https:\/\/www.gtline.com\/de\/products\/gt-line-profi-tasche-wasserdicht-gt-44-19-pts\/\",\"url\":\"https:\/\/www.gtline.com\/de\/products\/gt-line-profi-tasche-wasserdicht-gt-44-19-pts\/\",\"name\":\"GT Line Profi-Tasche GT 44-19 PTS - Gt Line DE\",\"isPartOf\":{\"@id\":\"https:\/\/www.gtline.com\/de\/#website\"},\"primaryImageOfPage\":{\"@id\":\"https:\/\/www.gtline.com\/de\/products\/gt-line-profi-tasche-wasserdicht-gt-44-19-pts\/#primaryimage\"},\"image\":{\"@id\":\"https:\/\/www.gtline.com\/de\/products\/gt-line-profi-tasche-wasserdicht-gt-44-19-pts\/#primaryimage\"},\"thumbnailUrl\":\"https:\/\/www.gtline.com\/de\/wp-content\/uploads\/sites\/5\/2025\/05\/GT-44-19_PTS_01_8632.jpg\",\"datePublished\":\"2025-07-30T10:06:57+00:00\",\"dateModified\":\"2026-04-17T02:02:38+00:00\",\"breadcrumb\":{\"@id\":\"https:\/\/www.gtline.com\/de\/products\/gt-line-profi-tasche-wasserdicht-gt-44-19-pts\/#breadcrumb\"},\"inLanguage\":\"de\",\"potentialAction\":[{\"@type\":\"ReadAction\",\"target\":[\"https:\/\/www.gtline.com\/de\/products\/gt-line-profi-tasche-wasserdicht-gt-44-19-pts\/\"]}]},{\"@type\":\"ImageObject\",\"inLanguage\":\"de\",\"@id\":\"https:\/\/www.gtline.com\/de\/products\/gt-line-profi-tasche-wasserdicht-gt-44-19-pts\/#primaryimage\",\"url\":\"https:\/\/www.gtline.com\/de\/wp-content\/uploads\/sites\/5\/2025\/05\/GT-44-19_PTS_01_8632.jpg\",\"contentUrl\":\"https:\/\/www.gtline.com\/de\/wp-content\/uploads\/sites\/5\/2025\/05\/GT-44-19_PTS_01_8632.jpg\",\"width\":500,\"height\":500},{\"@type\":\"BreadcrumbList\",\"@id\":\"https:\/\/www.gtline.com\/de\/products\/gt-line-profi-tasche-wasserdicht-gt-44-19-pts\/#breadcrumb\",\"itemListElement\":[{\"@type\":\"ListItem\",\"position\":1,\"name\":\"Home\",\"item\":\"https:\/\/www.gtline.com\/de\/\"},{\"@type\":\"ListItem\",\"position\":2,\"name\":\"Shop\",\"item\":\"https:\/\/www.gtline.com\/de\/negozio\/\"},{\"@type\":\"ListItem\",\"position\":3,\"name\":\"GT Line Profi-Tasche WASSERDICHT GT 44-19 PTS\"}]},{\"@type\":\"WebSite\",\"@id\":\"https:\/\/www.gtline.com\/de\/#website\",\"url\":\"https:\/\/www.gtline.com\/de\/\",\"name\":\"Gt Line\",\"description\":\"\",\"publisher\":{\"@id\":\"https:\/\/www.gtline.com\/de\/#organization\"},\"potentialAction\":[{\"@type\":\"SearchAction\",\"target\":{\"@type\":\"EntryPoint\",\"urlTemplate\":\"https:\/\/www.gtline.com\/de\/?s={search_term_string}\"},\"query-input\":{\"@type\":\"PropertyValueSpecification\",\"valueRequired\":true,\"valueName\":\"search_term_string\"}}],\"inLanguage\":\"de\"},{\"@type\":\"Organization\",\"@id\":\"https:\/\/www.gtline.com\/de\/#organization\",\"name\":\"Gt Line\",\"url\":\"https:\/\/www.gtline.com\/de\/\",\"logo\":{\"@type\":\"ImageObject\",\"inLanguage\":\"de\",\"@id\":\"https:\/\/www.gtline.com\/de\/#\/schema\/logo\/image\/\",\"url\":\"https:\/\/www.gtline.com\/de\/wp-content\/uploads\/sites\/5\/2025\/02\/logo.png\",\"contentUrl\":\"https:\/\/www.gtline.com\/de\/wp-content\/uploads\/sites\/5\/2025\/02\/logo.png\",\"width\":228,\"height\":146,\"caption\":\"Gt Line\"},\"image\":{\"@id\":\"https:\/\/www.gtline.com\/de\/#\/schema\/logo\/image\/\"},\"sameAs\":[\"https:\/\/www.facebook.com\/gtlinesrl?locale=it_IT\",\"https:\/\/www.instagram.com\/gt_line_srl\/\",\"https:\/\/www.youtube.com\/channel\/UCDvpkFqswNJOVFz64PkYRQQ\",\"https:\/\/www.linkedin.com\/company\/gt-line-srl\/\"]}]}<\/script>\n<!-- \/ Yoast SEO plugin. -->","yoast_head_json":{"title":"GT Line Profi-Tasche GT 44-19 PTS - Gt Line DE","robots":{"index":"index","follow":"follow","max-snippet":"max-snippet:-1","max-image-preview":"max-image-preview:large","max-video-preview":"max-video-preview:-1"},"canonical":"https:\/\/www.gtline.com\/de\/products\/gt-line-profi-tasche-wasserdicht-gt-44-19-pts\/","og_locale":"de_DE","og_type":"article","og_title":"GT Line Profi-Tasche GT 44-19 PTS - Gt Line DE","og_description":"Der professionelle Werkzeugkoffer GT 44-19 PTS ist der ideale Beh\u00e4lter f\u00fcr Fachanwender, die ihre Werkzeuge und Ger\u00e4te zuverl\u00e4ssig sch\u00fctzen m\u00fcssen. Hergestellt aus hochfestem Polypropylen, ist dieser mittelgro\u00dfe Werkzeugkoffer vollst\u00e4ndig hermetisch verschlossen und best\u00e4ndig gegen Wasser, St\u00f6\u00dfe, Sand, Staub sowie korrosive Substanzen.","og_url":"https:\/\/www.gtline.com\/de\/products\/gt-line-profi-tasche-wasserdicht-gt-44-19-pts\/","og_site_name":"Gt Line DE","article_publisher":"https:\/\/www.facebook.com\/gtlinesrl?locale=it_IT","article_modified_time":"2026-04-17T02:02:38+00:00","og_image":[{"width":500,"height":500,"url":"https:\/\/www.gtline.com\/de\/wp-content\/uploads\/sites\/5\/2025\/05\/GT-44-19_PTS_01_8632.jpg","type":"image\/jpeg"}],"twitter_card":"summary_large_image","twitter_misc":{"Gesch\u00e4tzte Lesezeit":"1\u00a0Minute"},"schema":{"@context":"https:\/\/schema.org","@graph":[{"@type":"WebPage","@id":"https:\/\/www.gtline.com\/de\/products\/gt-line-profi-tasche-wasserdicht-gt-44-19-pts\/","url":"https:\/\/www.gtline.com\/de\/products\/gt-line-profi-tasche-wasserdicht-gt-44-19-pts\/","name":"GT Line Profi-Tasche GT 44-19 PTS - Gt Line DE","isPartOf":{"@id":"https:\/\/www.gtline.com\/de\/#website"},"primaryImageOfPage":{"@id":"https:\/\/www.gtline.com\/de\/products\/gt-line-profi-tasche-wasserdicht-gt-44-19-pts\/#primaryimage"},"image":{"@id":"https:\/\/www.gtline.com\/de\/products\/gt-line-profi-tasche-wasserdicht-gt-44-19-pts\/#primaryimage"},"thumbnailUrl":"https:\/\/www.gtline.com\/de\/wp-content\/uploads\/sites\/5\/2025\/05\/GT-44-19_PTS_01_8632.jpg","datePublished":"2025-07-30T10:06:57+00:00","dateModified":"2026-04-17T02:02:38+00:00","breadcrumb":{"@id":"https:\/\/www.gtline.com\/de\/products\/gt-line-profi-tasche-wasserdicht-gt-44-19-pts\/#breadcrumb"},"inLanguage":"de","potentialAction":[{"@type":"ReadAction","target":["https:\/\/www.gtline.com\/de\/products\/gt-line-profi-tasche-wasserdicht-gt-44-19-pts\/"]}]},{"@type":"ImageObject","inLanguage":"de","@id":"https:\/\/www.gtline.com\/de\/products\/gt-line-profi-tasche-wasserdicht-gt-44-19-pts\/#primaryimage","url":"https:\/\/www.gtline.com\/de\/wp-content\/uploads\/sites\/5\/2025\/05\/GT-44-19_PTS_01_8632.jpg","contentUrl":"https:\/\/www.gtline.com\/de\/wp-content\/uploads\/sites\/5\/2025\/05\/GT-44-19_PTS_01_8632.jpg","width":500,"height":500},{"@type":"BreadcrumbList","@id":"https:\/\/www.gtline.com\/de\/products\/gt-line-profi-tasche-wasserdicht-gt-44-19-pts\/#breadcrumb","itemListElement":[{"@type":"ListItem","position":1,"name":"Home","item":"https:\/\/www.gtline.com\/de\/"},{"@type":"ListItem","position":2,"name":"Shop","item":"https:\/\/www.gtline.com\/de\/negozio\/"},{"@type":"ListItem","position":3,"name":"GT Line Profi-Tasche WASSERDICHT GT 44-19 PTS"}]},{"@type":"WebSite","@id":"https:\/\/www.gtline.com\/de\/#website","url":"https:\/\/www.gtline.com\/de\/","name":"Gt Line","description":"","publisher":{"@id":"https:\/\/www.gtline.com\/de\/#organization"},"potentialAction":[{"@type":"SearchAction","target":{"@type":"EntryPoint","urlTemplate":"https:\/\/www.gtline.com\/de\/?s={search_term_string}"},"query-input":{"@type":"PropertyValueSpecification","valueRequired":true,"valueName":"search_term_string"}}],"inLanguage":"de"},{"@type":"Organization","@id":"https:\/\/www.gtline.com\/de\/#organization","name":"Gt Line","url":"https:\/\/www.gtline.com\/de\/","logo":{"@type":"ImageObject","inLanguage":"de","@id":"https:\/\/www.gtline.com\/de\/#\/schema\/logo\/image\/","url":"https:\/\/www.gtline.com\/de\/wp-content\/uploads\/sites\/5\/2025\/02\/logo.png","contentUrl":"https:\/\/www.gtline.com\/de\/wp-content\/uploads\/sites\/5\/2025\/02\/logo.png","width":228,"height":146,"caption":"Gt Line"},"image":{"@id":"https:\/\/www.gtline.com\/de\/#\/schema\/logo\/image\/"},"sameAs":["https:\/\/www.facebook.com\/gtlinesrl?locale=it_IT","https:\/\/www.instagram.com\/gt_line_srl\/","https:\/\/www.youtube.com\/channel\/UCDvpkFqswNJOVFz64PkYRQQ","https:\/\/www.linkedin.com\/company\/gt-line-srl\/"]}]}},"_links":{"self":[{"href":"https:\/\/www.gtline.com\/de\/wp-json\/wp\/v2\/product\/16659","targetHints":{"allow":["GET"]}}],"collection":[{"href":"https:\/\/www.gtline.com\/de\/wp-json\/wp\/v2\/product"}],"about":[{"href":"https:\/\/www.gtline.com\/de\/wp-json\/wp\/v2\/types\/product"}],"replies":[{"embeddable":true,"href":"https:\/\/www.gtline.com\/de\/wp-json\/wp\/v2\/comments?post=16659"}],"version-history":[{"count":3,"href":"https:\/\/www.gtline.com\/de\/wp-json\/wp\/v2\/product\/16659\/revisions"}],"predecessor-version":[{"id":22305,"href":"https:\/\/www.gtline.com\/de\/wp-json\/wp\/v2\/product\/16659\/revisions\/22305"}],"wp:featuredmedia":[{"embeddable":true,"href":"https:\/\/www.gtline.com\/de\/wp-json\/wp\/v2\/media\/6990"}],"wp:attachment":[{"href":"https:\/\/www.gtline.com\/de\/wp-json\/wp\/v2\/media?parent=16659"}],"wp:term":[{"taxonomy":"product_brand","embeddable":true,"href":"https:\/\/www.gtline.com\/de\/wp-json\/wp\/v2\/product_brand?post=16659"},{"taxonomy":"product_cat","embeddable":true,"href":"https:\/\/www.gtline.com\/de\/wp-json\/wp\/v2\/product_cat?post=16659"},{"taxonomy":"product_tag","embeddable":true,"href":"https:\/\/www.gtline.com\/de\/wp-json\/wp\/v2\/product_tag?post=16659"}],"curies":[{"name":"wp","href":"https:\/\/api.w.org\/{rel}","templated":true}]}}