{"id":16662,"date":"2025-07-30T10:12:58","date_gmt":"2025-07-30T10:12:58","guid":{"rendered":"https:\/\/www.gtline.com\/de\/prodotto\/organizer-mit-abnehmbarem-deckel\/"},"modified":"2026-04-21T02:00:05","modified_gmt":"2026-04-21T02:00:05","slug":"organizer-mit-abnehmbarem-deckel","status":"publish","type":"product","link":"https:\/\/www.gtline.com\/de\/products\/organizer-mit-abnehmbarem-deckel\/","title":{"rendered":"AIBOX3.E &#8211; Organizer mit abnehmbarem Deckel"},"content":{"rendered":"","protected":false},"excerpt":{"rendered":"<p><strong data-start=\"19\" data-end=\"60\">Werkzeug-, Zubeh\u00f6r- und Kleinteilebox<\/strong> aus <strong data-start=\"65\" data-end=\"81\">Polypropylen<\/strong>, ausgestattet mit einem <strong data-start=\"106\" data-end=\"120\">Tragegriff<\/strong> f\u00fcr einfachen Transport und einem <strong data-start=\"155\" data-end=\"183\">halbtransparenten Deckel<\/strong>.<br data-start=\"184\" data-end=\"187\">Der Beh\u00e4lter kann durch <strong data-start=\"211\" data-end=\"247\">Abnehmen des abnehmbaren Deckels<\/strong> ganz einfach als <strong data-start=\"265\" data-end=\"303\">Schublade in das ALL IN ONE-System<\/strong> integriert werden<\/p>\n","protected":false},"featured_media":9586,"comment_status":"open","ping_status":"closed","template":"","meta":{"_acf_changed":false},"product_brand":[],"product_cat":[229,227],"product_tag":[],"class_list":{"0":"post-16662","1":"product","2":"type-product","3":"status-publish","4":"has-post-thumbnail","6":"product_cat-tool-chest","7":"product_cat-zubehor","9":"first","10":"instock","11":"shipping-taxable","12":"purchasable","13":"product-type-simple"},"acf":[],"yoast_head":"<!-- This site is optimized with the Yoast SEO plugin v25.4 - https:\/\/yoast.com\/wordpress\/plugins\/seo\/ -->\n<title>AIBOX3.E - Organizer mit abnehmbarem Deckel - Gt Line DE<\/title>\n<meta name=\"robots\" content=\"index, follow, max-snippet:-1, max-image-preview:large, max-video-preview:-1\" \/>\n<link rel=\"canonical\" href=\"https:\/\/www.gtline.com\/de\/products\/organizer-mit-abnehmbarem-deckel\/\" \/>\n<meta property=\"og:locale\" content=\"de_DE\" \/>\n<meta property=\"og:type\" content=\"article\" \/>\n<meta property=\"og:title\" content=\"AIBOX3.E - Organizer mit abnehmbarem Deckel - Gt Line DE\" \/>\n<meta property=\"og:description\" content=\"Werkzeug-, Zubeh\u00f6r- und Kleinteilebox aus Polypropylen, ausgestattet mit einem Tragegriff f\u00fcr einfachen Transport und einem halbtransparenten Deckel.Der Beh\u00e4lter kann durch Abnehmen des abnehmbaren Deckels ganz einfach als Schublade in das ALL IN ONE-System integriert werden\" \/>\n<meta property=\"og:url\" content=\"https:\/\/www.gtline.com\/de\/products\/organizer-mit-abnehmbarem-deckel\/\" \/>\n<meta property=\"og:site_name\" content=\"Gt Line DE\" \/>\n<meta property=\"article:publisher\" content=\"https:\/\/www.facebook.com\/gtlinesrl?locale=it_IT\" \/>\n<meta property=\"article:modified_time\" content=\"2026-04-21T02:00:05+00:00\" \/>\n<meta property=\"og:image\" content=\"https:\/\/www.gtline.com\/de\/wp-content\/uploads\/sites\/5\/2025\/05\/aibox3_E_8549.jpg\" \/>\n\t<meta property=\"og:image:width\" content=\"500\" \/>\n\t<meta property=\"og:image:height\" content=\"500\" \/>\n\t<meta property=\"og:image:type\" content=\"image\/jpeg\" \/>\n<meta name=\"twitter:card\" content=\"summary_large_image\" \/>\n<script type=\"application\/ld+json\" class=\"yoast-schema-graph\">{\"@context\":\"https:\/\/schema.org\",\"@graph\":[{\"@type\":\"WebPage\",\"@id\":\"https:\/\/www.gtline.com\/de\/products\/organizer-mit-abnehmbarem-deckel\/\",\"url\":\"https:\/\/www.gtline.com\/de\/products\/organizer-mit-abnehmbarem-deckel\/\",\"name\":\"AIBOX3.E - Organizer mit abnehmbarem Deckel - Gt Line DE\",\"isPartOf\":{\"@id\":\"https:\/\/www.gtline.com\/de\/#website\"},\"primaryImageOfPage\":{\"@id\":\"https:\/\/www.gtline.com\/de\/products\/organizer-mit-abnehmbarem-deckel\/#primaryimage\"},\"image\":{\"@id\":\"https:\/\/www.gtline.com\/de\/products\/organizer-mit-abnehmbarem-deckel\/#primaryimage\"},\"thumbnailUrl\":\"https:\/\/www.gtline.com\/de\/wp-content\/uploads\/sites\/5\/2025\/05\/aibox3_E_8549.jpg\",\"datePublished\":\"2025-07-30T10:12:58+00:00\",\"dateModified\":\"2026-04-21T02:00:05+00:00\",\"breadcrumb\":{\"@id\":\"https:\/\/www.gtline.com\/de\/products\/organizer-mit-abnehmbarem-deckel\/#breadcrumb\"},\"inLanguage\":\"de\",\"potentialAction\":[{\"@type\":\"ReadAction\",\"target\":[\"https:\/\/www.gtline.com\/de\/products\/organizer-mit-abnehmbarem-deckel\/\"]}]},{\"@type\":\"ImageObject\",\"inLanguage\":\"de\",\"@id\":\"https:\/\/www.gtline.com\/de\/products\/organizer-mit-abnehmbarem-deckel\/#primaryimage\",\"url\":\"https:\/\/www.gtline.com\/de\/wp-content\/uploads\/sites\/5\/2025\/05\/aibox3_E_8549.jpg\",\"contentUrl\":\"https:\/\/www.gtline.com\/de\/wp-content\/uploads\/sites\/5\/2025\/05\/aibox3_E_8549.jpg\",\"width\":500,\"height\":500},{\"@type\":\"BreadcrumbList\",\"@id\":\"https:\/\/www.gtline.com\/de\/products\/organizer-mit-abnehmbarem-deckel\/#breadcrumb\",\"itemListElement\":[{\"@type\":\"ListItem\",\"position\":1,\"name\":\"Home\",\"item\":\"https:\/\/www.gtline.com\/de\/\"},{\"@type\":\"ListItem\",\"position\":2,\"name\":\"Shop\",\"item\":\"https:\/\/www.gtline.com\/de\/negozio\/\"},{\"@type\":\"ListItem\",\"position\":3,\"name\":\"Organizer mit abnehmbarem Deckel\"}]},{\"@type\":\"WebSite\",\"@id\":\"https:\/\/www.gtline.com\/de\/#website\",\"url\":\"https:\/\/www.gtline.com\/de\/\",\"name\":\"Gt Line\",\"description\":\"\",\"publisher\":{\"@id\":\"https:\/\/www.gtline.com\/de\/#organization\"},\"potentialAction\":[{\"@type\":\"SearchAction\",\"target\":{\"@type\":\"EntryPoint\",\"urlTemplate\":\"https:\/\/www.gtline.com\/de\/?s={search_term_string}\"},\"query-input\":{\"@type\":\"PropertyValueSpecification\",\"valueRequired\":true,\"valueName\":\"search_term_string\"}}],\"inLanguage\":\"de\"},{\"@type\":\"Organization\",\"@id\":\"https:\/\/www.gtline.com\/de\/#organization\",\"name\":\"Gt Line\",\"url\":\"https:\/\/www.gtline.com\/de\/\",\"logo\":{\"@type\":\"ImageObject\",\"inLanguage\":\"de\",\"@id\":\"https:\/\/www.gtline.com\/de\/#\/schema\/logo\/image\/\",\"url\":\"https:\/\/www.gtline.com\/de\/wp-content\/uploads\/sites\/5\/2025\/02\/logo.png\",\"contentUrl\":\"https:\/\/www.gtline.com\/de\/wp-content\/uploads\/sites\/5\/2025\/02\/logo.png\",\"width\":228,\"height\":146,\"caption\":\"Gt Line\"},\"image\":{\"@id\":\"https:\/\/www.gtline.com\/de\/#\/schema\/logo\/image\/\"},\"sameAs\":[\"https:\/\/www.facebook.com\/gtlinesrl?locale=it_IT\",\"https:\/\/www.instagram.com\/gt_line_srl\/\",\"https:\/\/www.youtube.com\/channel\/UCDvpkFqswNJOVFz64PkYRQQ\",\"https:\/\/www.linkedin.com\/company\/gt-line-srl\/\"]}]}<\/script>\n<!-- \/ Yoast SEO plugin. -->","yoast_head_json":{"title":"AIBOX3.E - Organizer mit abnehmbarem Deckel - Gt Line DE","robots":{"index":"index","follow":"follow","max-snippet":"max-snippet:-1","max-image-preview":"max-image-preview:large","max-video-preview":"max-video-preview:-1"},"canonical":"https:\/\/www.gtline.com\/de\/products\/organizer-mit-abnehmbarem-deckel\/","og_locale":"de_DE","og_type":"article","og_title":"AIBOX3.E - Organizer mit abnehmbarem Deckel - Gt Line DE","og_description":"Werkzeug-, Zubeh\u00f6r- und Kleinteilebox aus Polypropylen, ausgestattet mit einem Tragegriff f\u00fcr einfachen Transport und einem halbtransparenten Deckel.Der Beh\u00e4lter kann durch Abnehmen des abnehmbaren Deckels ganz einfach als Schublade in das ALL IN ONE-System integriert werden","og_url":"https:\/\/www.gtline.com\/de\/products\/organizer-mit-abnehmbarem-deckel\/","og_site_name":"Gt Line DE","article_publisher":"https:\/\/www.facebook.com\/gtlinesrl?locale=it_IT","article_modified_time":"2026-04-21T02:00:05+00:00","og_image":[{"width":500,"height":500,"url":"https:\/\/www.gtline.com\/de\/wp-content\/uploads\/sites\/5\/2025\/05\/aibox3_E_8549.jpg","type":"image\/jpeg"}],"twitter_card":"summary_large_image","schema":{"@context":"https:\/\/schema.org","@graph":[{"@type":"WebPage","@id":"https:\/\/www.gtline.com\/de\/products\/organizer-mit-abnehmbarem-deckel\/","url":"https:\/\/www.gtline.com\/de\/products\/organizer-mit-abnehmbarem-deckel\/","name":"AIBOX3.E - Organizer mit abnehmbarem Deckel - Gt Line DE","isPartOf":{"@id":"https:\/\/www.gtline.com\/de\/#website"},"primaryImageOfPage":{"@id":"https:\/\/www.gtline.com\/de\/products\/organizer-mit-abnehmbarem-deckel\/#primaryimage"},"image":{"@id":"https:\/\/www.gtline.com\/de\/products\/organizer-mit-abnehmbarem-deckel\/#primaryimage"},"thumbnailUrl":"https:\/\/www.gtline.com\/de\/wp-content\/uploads\/sites\/5\/2025\/05\/aibox3_E_8549.jpg","datePublished":"2025-07-30T10:12:58+00:00","dateModified":"2026-04-21T02:00:05+00:00","breadcrumb":{"@id":"https:\/\/www.gtline.com\/de\/products\/organizer-mit-abnehmbarem-deckel\/#breadcrumb"},"inLanguage":"de","potentialAction":[{"@type":"ReadAction","target":["https:\/\/www.gtline.com\/de\/products\/organizer-mit-abnehmbarem-deckel\/"]}]},{"@type":"ImageObject","inLanguage":"de","@id":"https:\/\/www.gtline.com\/de\/products\/organizer-mit-abnehmbarem-deckel\/#primaryimage","url":"https:\/\/www.gtline.com\/de\/wp-content\/uploads\/sites\/5\/2025\/05\/aibox3_E_8549.jpg","contentUrl":"https:\/\/www.gtline.com\/de\/wp-content\/uploads\/sites\/5\/2025\/05\/aibox3_E_8549.jpg","width":500,"height":500},{"@type":"BreadcrumbList","@id":"https:\/\/www.gtline.com\/de\/products\/organizer-mit-abnehmbarem-deckel\/#breadcrumb","itemListElement":[{"@type":"ListItem","position":1,"name":"Home","item":"https:\/\/www.gtline.com\/de\/"},{"@type":"ListItem","position":2,"name":"Shop","item":"https:\/\/www.gtline.com\/de\/negozio\/"},{"@type":"ListItem","position":3,"name":"Organizer mit abnehmbarem Deckel"}]},{"@type":"WebSite","@id":"https:\/\/www.gtline.com\/de\/#website","url":"https:\/\/www.gtline.com\/de\/","name":"Gt Line","description":"","publisher":{"@id":"https:\/\/www.gtline.com\/de\/#organization"},"potentialAction":[{"@type":"SearchAction","target":{"@type":"EntryPoint","urlTemplate":"https:\/\/www.gtline.com\/de\/?s={search_term_string}"},"query-input":{"@type":"PropertyValueSpecification","valueRequired":true,"valueName":"search_term_string"}}],"inLanguage":"de"},{"@type":"Organization","@id":"https:\/\/www.gtline.com\/de\/#organization","name":"Gt Line","url":"https:\/\/www.gtline.com\/de\/","logo":{"@type":"ImageObject","inLanguage":"de","@id":"https:\/\/www.gtline.com\/de\/#\/schema\/logo\/image\/","url":"https:\/\/www.gtline.com\/de\/wp-content\/uploads\/sites\/5\/2025\/02\/logo.png","contentUrl":"https:\/\/www.gtline.com\/de\/wp-content\/uploads\/sites\/5\/2025\/02\/logo.png","width":228,"height":146,"caption":"Gt Line"},"image":{"@id":"https:\/\/www.gtline.com\/de\/#\/schema\/logo\/image\/"},"sameAs":["https:\/\/www.facebook.com\/gtlinesrl?locale=it_IT","https:\/\/www.instagram.com\/gt_line_srl\/","https:\/\/www.youtube.com\/channel\/UCDvpkFqswNJOVFz64PkYRQQ","https:\/\/www.linkedin.com\/company\/gt-line-srl\/"]}]}},"_links":{"self":[{"href":"https:\/\/www.gtline.com\/de\/wp-json\/wp\/v2\/product\/16662","targetHints":{"allow":["GET"]}}],"collection":[{"href":"https:\/\/www.gtline.com\/de\/wp-json\/wp\/v2\/product"}],"about":[{"href":"https:\/\/www.gtline.com\/de\/wp-json\/wp\/v2\/types\/product"}],"replies":[{"embeddable":true,"href":"https:\/\/www.gtline.com\/de\/wp-json\/wp\/v2\/comments?post=16662"}],"version-history":[{"count":3,"href":"https:\/\/www.gtline.com\/de\/wp-json\/wp\/v2\/product\/16662\/revisions"}],"predecessor-version":[{"id":22353,"href":"https:\/\/www.gtline.com\/de\/wp-json\/wp\/v2\/product\/16662\/revisions\/22353"}],"wp:featuredmedia":[{"embeddable":true,"href":"https:\/\/www.gtline.com\/de\/wp-json\/wp\/v2\/media\/9586"}],"wp:attachment":[{"href":"https:\/\/www.gtline.com\/de\/wp-json\/wp\/v2\/media?parent=16662"}],"wp:term":[{"taxonomy":"product_brand","embeddable":true,"href":"https:\/\/www.gtline.com\/de\/wp-json\/wp\/v2\/product_brand?post=16662"},{"taxonomy":"product_cat","embeddable":true,"href":"https:\/\/www.gtline.com\/de\/wp-json\/wp\/v2\/product_cat?post=16662"},{"taxonomy":"product_tag","embeddable":true,"href":"https:\/\/www.gtline.com\/de\/wp-json\/wp\/v2\/product_tag?post=16662"}],"curies":[{"name":"wp","href":"https:\/\/api.w.org\/{rel}","templated":true}]}}