{"id":16688,"date":"2025-07-30T10:13:47","date_gmt":"2025-07-30T10:13:47","guid":{"rendered":"https:\/\/www.gtline.com\/de\/prodotto\/gt-line-profi-koffer-alc-170\/"},"modified":"2026-04-17T02:01:05","modified_gmt":"2026-04-17T02:01:05","slug":"gt-line-profi-koffer-alc-170","status":"publish","type":"product","link":"https:\/\/www.gtline.com\/de\/products\/gt-line-profi-koffer-alc-170\/","title":{"rendered":"GT Line Profi Koffer ALC\/170"},"content":{"rendered":"<p><strong>1.Aluminiumkonstruktion f\u00fcr einen soliden, langlebigen Schutz.<br \/> <\/strong><\/p>\n<p>Das Aluminiumgeh\u00e4use mit 15\/10 mm Materialst\u00e4rke gew\u00e4hrleistet hohe mechanische Festigkeit und langfristige Haltbarkeit und sch\u00fctzt Ihre Werkzeuge selbst unter anspruchsvollen Arbeitsbedingungen.<\/p>\n<p><strong>2. Strategische Verst\u00e4rkungen f\u00fcr einen nahezu unverw\u00fcstlichen Profikoffer.<\/strong><\/p>\n<p>Verchromte Stahlecken, Aluminiumprofile und an kritischen Stellen gesetzte Nieten machen diesen Werkzeugkoffer \u00e4u\u00dferst robust \u2013 widerstandsf\u00e4hig gegen St\u00f6\u00dfe, Vibrationen und langanhaltende Beanspruchung.<\/p>\n<p><strong>3. Sicherheit und Zuverl\u00e4ssigkeit beim Verschluss.<br \/> <\/strong><\/p>\n<p>Mit zwei verchromten Stahlschl\u00f6ssern und drei hochstabilen Metallscharnieren ausgestattet, gew\u00e4hrleistet sie einen sicheren, langlebigen Verschluss und sch\u00fctzt Ihre Werkzeuge vor unbeabsichtigtem oder unbefugtem \u00d6ffnen.<\/p>\n<p><strong>4. Hoher Tragekomfort \u2013 auch unterwegs.<br \/><\/strong><\/p>\n<p>\u00a0Der verchromte Griff mit gummierter, rutschfester Auflage sorgt f\u00fcr einen ergonomischen Halt, w\u00e4hrend der Schultergurt ein bequemes Tragen selbst bei h\u00e4ufigen Wegen erm\u00f6glicht.<\/p>\n<p><strong>5. Durchdachte Innenorganisation f\u00fcr maximale Effizienz.<br \/> <\/strong><\/p>\n<p>Der tiefgezogene Boden mit drei festen F\u00e4chern erleichtert die Organisation von Werkzeugen und Zubeh\u00f6r, h\u00e4lt alles ordentlich und w\u00e4hrend der Arbeit schnell griffbereit.<\/p>\n<p><strong>6. Dokumentenfach stets griffbereit.<br \/><\/strong><\/p>\n<p>Die praktische, integrierte Dokumententasche bietet Platz f\u00fcr Handb\u00fccher, technische Datenbl\u00e4tter, Arbeitsauftr\u00e4ge und andere wichtige Unterlagen \u2013 ohne den Innenraum einzuschr\u00e4nken.<\/p>\n","protected":false},"excerpt":{"rendered":"<p>Der professionelle <strong data-start=\"19\" data-end=\"45\">Werkzeugkoffer ALC\/170<\/strong> von <strong data-start=\"50\" data-end=\"61\">GT Line<\/strong> ist ein <strong data-start=\"70\" data-end=\"106\">robuster und funktionaler Koffer<\/strong>, entwickelt f\u00fcr Fachleute, die in ihrem Arbeitsalltag <strong data-start=\"161\" data-end=\"192\">Zuverl\u00e4ssigkeit und Ordnung<\/strong> sch\u00e4tzen.<br \/><br data-start=\"202\" data-end=\"205\">Gefertigt aus <strong data-start=\"219\" data-end=\"262\">Aluminium mit einer St\u00e4rke von 15\/10 mm<\/strong>, ist er an den strategischen Punkten mit <strong data-start=\"304\" data-end=\"330\">verchromten Stahlecken<\/strong>, <strong data-start=\"332\" data-end=\"356\">Verst\u00e4rkungsprofilen<\/strong> und <strong data-start=\"361\" data-end=\"382\">hochfesten Nieten<\/strong> verst\u00e4rkt.<br data-start=\"393\" data-end=\"396\">Als <strong data-start=\"400\" data-end=\"434\">professioneller Werkzeugkoffer<\/strong> bietet er eine <strong data-start=\"450\" data-end=\"470\">stabile Struktur<\/strong>, eine <strong data-start=\"477\" data-end=\"507\">effiziente Innenaufteilung<\/strong> und <strong data-start=\"512\" data-end=\"534\">bequemen Transport<\/strong>, unterst\u00fctzt durch den <strong data-start=\"558\" data-end=\"586\">praktischen Schultergurt<\/strong>.<\/p>\n","protected":false},"featured_media":6903,"comment_status":"open","ping_status":"closed","template":"","meta":{"_acf_changed":false},"product_brand":[],"product_cat":[249],"product_tag":[],"class_list":{"0":"post-16688","1":"product","2":"type-product","3":"status-publish","4":"has-post-thumbnail","6":"product_cat-alc","7":"pa_produkttyp-werkzeugkoffer","9":"first","10":"instock","11":"shipping-taxable","12":"purchasable","13":"product-type-simple"},"acf":[],"yoast_head":"<!-- This site is optimized with the Yoast SEO plugin v25.4 - https:\/\/yoast.com\/wordpress\/plugins\/seo\/ -->\n<title>GT Line Profi Koffer ALC\/170 - Gt Line DE<\/title>\n<meta name=\"robots\" content=\"index, follow, max-snippet:-1, max-image-preview:large, max-video-preview:-1\" \/>\n<link rel=\"canonical\" href=\"https:\/\/www.gtline.com\/de\/products\/gt-line-profi-koffer-alc-170\/\" \/>\n<meta property=\"og:locale\" content=\"de_DE\" \/>\n<meta property=\"og:type\" content=\"article\" \/>\n<meta property=\"og:title\" content=\"GT Line Profi Koffer ALC\/170 - Gt Line DE\" \/>\n<meta property=\"og:description\" content=\"Der professionelle Werkzeugkoffer ALC\/170 von GT Line ist ein robuster und funktionaler Koffer, entwickelt f\u00fcr Fachleute, die in ihrem Arbeitsalltag Zuverl\u00e4ssigkeit und Ordnung sch\u00e4tzen.Gefertigt aus Aluminium mit einer St\u00e4rke von 15\/10 mm, ist er an den strategischen Punkten mit verchromten Stahlecken, Verst\u00e4rkungsprofilen und hochfesten Nieten verst\u00e4rkt.Als professioneller Werkzeugkoffer bietet er eine stabile Struktur, eine effiziente Innenaufteilung und bequemen Transport, unterst\u00fctzt durch den praktischen Schultergurt.\" \/>\n<meta property=\"og:url\" content=\"https:\/\/www.gtline.com\/de\/products\/gt-line-profi-koffer-alc-170\/\" \/>\n<meta property=\"og:site_name\" content=\"Gt Line DE\" \/>\n<meta property=\"article:publisher\" content=\"https:\/\/www.facebook.com\/gtlinesrl?locale=it_IT\" \/>\n<meta property=\"article:modified_time\" content=\"2026-04-17T02:01:05+00:00\" \/>\n<meta property=\"og:image\" content=\"https:\/\/www.gtline.com\/de\/wp-content\/uploads\/sites\/5\/2025\/05\/ALC-170_01_8574.jpg\" \/>\n\t<meta property=\"og:image:width\" content=\"500\" \/>\n\t<meta property=\"og:image:height\" content=\"500\" \/>\n\t<meta property=\"og:image:type\" content=\"image\/jpeg\" \/>\n<meta name=\"twitter:card\" content=\"summary_large_image\" \/>\n<meta name=\"twitter:label1\" content=\"Gesch\u00e4tzte Lesezeit\" \/>\n\t<meta name=\"twitter:data1\" content=\"1\u00a0Minute\" \/>\n<script type=\"application\/ld+json\" class=\"yoast-schema-graph\">{\"@context\":\"https:\/\/schema.org\",\"@graph\":[{\"@type\":\"WebPage\",\"@id\":\"https:\/\/www.gtline.com\/de\/products\/gt-line-profi-koffer-alc-170\/\",\"url\":\"https:\/\/www.gtline.com\/de\/products\/gt-line-profi-koffer-alc-170\/\",\"name\":\"GT Line Profi Koffer ALC\/170 - Gt Line DE\",\"isPartOf\":{\"@id\":\"https:\/\/www.gtline.com\/de\/#website\"},\"primaryImageOfPage\":{\"@id\":\"https:\/\/www.gtline.com\/de\/products\/gt-line-profi-koffer-alc-170\/#primaryimage\"},\"image\":{\"@id\":\"https:\/\/www.gtline.com\/de\/products\/gt-line-profi-koffer-alc-170\/#primaryimage\"},\"thumbnailUrl\":\"https:\/\/www.gtline.com\/de\/wp-content\/uploads\/sites\/5\/2025\/05\/ALC-170_01_8574.jpg\",\"datePublished\":\"2025-07-30T10:13:47+00:00\",\"dateModified\":\"2026-04-17T02:01:05+00:00\",\"breadcrumb\":{\"@id\":\"https:\/\/www.gtline.com\/de\/products\/gt-line-profi-koffer-alc-170\/#breadcrumb\"},\"inLanguage\":\"de\",\"potentialAction\":[{\"@type\":\"ReadAction\",\"target\":[\"https:\/\/www.gtline.com\/de\/products\/gt-line-profi-koffer-alc-170\/\"]}]},{\"@type\":\"ImageObject\",\"inLanguage\":\"de\",\"@id\":\"https:\/\/www.gtline.com\/de\/products\/gt-line-profi-koffer-alc-170\/#primaryimage\",\"url\":\"https:\/\/www.gtline.com\/de\/wp-content\/uploads\/sites\/5\/2025\/05\/ALC-170_01_8574.jpg\",\"contentUrl\":\"https:\/\/www.gtline.com\/de\/wp-content\/uploads\/sites\/5\/2025\/05\/ALC-170_01_8574.jpg\",\"width\":500,\"height\":500},{\"@type\":\"BreadcrumbList\",\"@id\":\"https:\/\/www.gtline.com\/de\/products\/gt-line-profi-koffer-alc-170\/#breadcrumb\",\"itemListElement\":[{\"@type\":\"ListItem\",\"position\":1,\"name\":\"Home\",\"item\":\"https:\/\/www.gtline.com\/de\/\"},{\"@type\":\"ListItem\",\"position\":2,\"name\":\"Shop\",\"item\":\"https:\/\/www.gtline.com\/de\/negozio\/\"},{\"@type\":\"ListItem\",\"position\":3,\"name\":\"GT Line Profi Koffer ALC\/170\"}]},{\"@type\":\"WebSite\",\"@id\":\"https:\/\/www.gtline.com\/de\/#website\",\"url\":\"https:\/\/www.gtline.com\/de\/\",\"name\":\"Gt Line\",\"description\":\"\",\"publisher\":{\"@id\":\"https:\/\/www.gtline.com\/de\/#organization\"},\"potentialAction\":[{\"@type\":\"SearchAction\",\"target\":{\"@type\":\"EntryPoint\",\"urlTemplate\":\"https:\/\/www.gtline.com\/de\/?s={search_term_string}\"},\"query-input\":{\"@type\":\"PropertyValueSpecification\",\"valueRequired\":true,\"valueName\":\"search_term_string\"}}],\"inLanguage\":\"de\"},{\"@type\":\"Organization\",\"@id\":\"https:\/\/www.gtline.com\/de\/#organization\",\"name\":\"Gt Line\",\"url\":\"https:\/\/www.gtline.com\/de\/\",\"logo\":{\"@type\":\"ImageObject\",\"inLanguage\":\"de\",\"@id\":\"https:\/\/www.gtline.com\/de\/#\/schema\/logo\/image\/\",\"url\":\"https:\/\/www.gtline.com\/de\/wp-content\/uploads\/sites\/5\/2025\/02\/logo.png\",\"contentUrl\":\"https:\/\/www.gtline.com\/de\/wp-content\/uploads\/sites\/5\/2025\/02\/logo.png\",\"width\":228,\"height\":146,\"caption\":\"Gt Line\"},\"image\":{\"@id\":\"https:\/\/www.gtline.com\/de\/#\/schema\/logo\/image\/\"},\"sameAs\":[\"https:\/\/www.facebook.com\/gtlinesrl?locale=it_IT\",\"https:\/\/www.instagram.com\/gt_line_srl\/\",\"https:\/\/www.youtube.com\/channel\/UCDvpkFqswNJOVFz64PkYRQQ\",\"https:\/\/www.linkedin.com\/company\/gt-line-srl\/\"]}]}<\/script>\n<!-- \/ Yoast SEO plugin. -->","yoast_head_json":{"title":"GT Line Profi Koffer ALC\/170 - Gt Line DE","robots":{"index":"index","follow":"follow","max-snippet":"max-snippet:-1","max-image-preview":"max-image-preview:large","max-video-preview":"max-video-preview:-1"},"canonical":"https:\/\/www.gtline.com\/de\/products\/gt-line-profi-koffer-alc-170\/","og_locale":"de_DE","og_type":"article","og_title":"GT Line Profi Koffer ALC\/170 - Gt Line DE","og_description":"Der professionelle Werkzeugkoffer ALC\/170 von GT Line ist ein robuster und funktionaler Koffer, entwickelt f\u00fcr Fachleute, die in ihrem Arbeitsalltag Zuverl\u00e4ssigkeit und Ordnung sch\u00e4tzen.Gefertigt aus Aluminium mit einer St\u00e4rke von 15\/10 mm, ist er an den strategischen Punkten mit verchromten Stahlecken, Verst\u00e4rkungsprofilen und hochfesten Nieten verst\u00e4rkt.Als professioneller Werkzeugkoffer bietet er eine stabile Struktur, eine effiziente Innenaufteilung und bequemen Transport, unterst\u00fctzt durch den praktischen Schultergurt.","og_url":"https:\/\/www.gtline.com\/de\/products\/gt-line-profi-koffer-alc-170\/","og_site_name":"Gt Line DE","article_publisher":"https:\/\/www.facebook.com\/gtlinesrl?locale=it_IT","article_modified_time":"2026-04-17T02:01:05+00:00","og_image":[{"width":500,"height":500,"url":"https:\/\/www.gtline.com\/de\/wp-content\/uploads\/sites\/5\/2025\/05\/ALC-170_01_8574.jpg","type":"image\/jpeg"}],"twitter_card":"summary_large_image","twitter_misc":{"Gesch\u00e4tzte Lesezeit":"1\u00a0Minute"},"schema":{"@context":"https:\/\/schema.org","@graph":[{"@type":"WebPage","@id":"https:\/\/www.gtline.com\/de\/products\/gt-line-profi-koffer-alc-170\/","url":"https:\/\/www.gtline.com\/de\/products\/gt-line-profi-koffer-alc-170\/","name":"GT Line Profi Koffer ALC\/170 - Gt Line DE","isPartOf":{"@id":"https:\/\/www.gtline.com\/de\/#website"},"primaryImageOfPage":{"@id":"https:\/\/www.gtline.com\/de\/products\/gt-line-profi-koffer-alc-170\/#primaryimage"},"image":{"@id":"https:\/\/www.gtline.com\/de\/products\/gt-line-profi-koffer-alc-170\/#primaryimage"},"thumbnailUrl":"https:\/\/www.gtline.com\/de\/wp-content\/uploads\/sites\/5\/2025\/05\/ALC-170_01_8574.jpg","datePublished":"2025-07-30T10:13:47+00:00","dateModified":"2026-04-17T02:01:05+00:00","breadcrumb":{"@id":"https:\/\/www.gtline.com\/de\/products\/gt-line-profi-koffer-alc-170\/#breadcrumb"},"inLanguage":"de","potentialAction":[{"@type":"ReadAction","target":["https:\/\/www.gtline.com\/de\/products\/gt-line-profi-koffer-alc-170\/"]}]},{"@type":"ImageObject","inLanguage":"de","@id":"https:\/\/www.gtline.com\/de\/products\/gt-line-profi-koffer-alc-170\/#primaryimage","url":"https:\/\/www.gtline.com\/de\/wp-content\/uploads\/sites\/5\/2025\/05\/ALC-170_01_8574.jpg","contentUrl":"https:\/\/www.gtline.com\/de\/wp-content\/uploads\/sites\/5\/2025\/05\/ALC-170_01_8574.jpg","width":500,"height":500},{"@type":"BreadcrumbList","@id":"https:\/\/www.gtline.com\/de\/products\/gt-line-profi-koffer-alc-170\/#breadcrumb","itemListElement":[{"@type":"ListItem","position":1,"name":"Home","item":"https:\/\/www.gtline.com\/de\/"},{"@type":"ListItem","position":2,"name":"Shop","item":"https:\/\/www.gtline.com\/de\/negozio\/"},{"@type":"ListItem","position":3,"name":"GT Line Profi Koffer ALC\/170"}]},{"@type":"WebSite","@id":"https:\/\/www.gtline.com\/de\/#website","url":"https:\/\/www.gtline.com\/de\/","name":"Gt Line","description":"","publisher":{"@id":"https:\/\/www.gtline.com\/de\/#organization"},"potentialAction":[{"@type":"SearchAction","target":{"@type":"EntryPoint","urlTemplate":"https:\/\/www.gtline.com\/de\/?s={search_term_string}"},"query-input":{"@type":"PropertyValueSpecification","valueRequired":true,"valueName":"search_term_string"}}],"inLanguage":"de"},{"@type":"Organization","@id":"https:\/\/www.gtline.com\/de\/#organization","name":"Gt Line","url":"https:\/\/www.gtline.com\/de\/","logo":{"@type":"ImageObject","inLanguage":"de","@id":"https:\/\/www.gtline.com\/de\/#\/schema\/logo\/image\/","url":"https:\/\/www.gtline.com\/de\/wp-content\/uploads\/sites\/5\/2025\/02\/logo.png","contentUrl":"https:\/\/www.gtline.com\/de\/wp-content\/uploads\/sites\/5\/2025\/02\/logo.png","width":228,"height":146,"caption":"Gt Line"},"image":{"@id":"https:\/\/www.gtline.com\/de\/#\/schema\/logo\/image\/"},"sameAs":["https:\/\/www.facebook.com\/gtlinesrl?locale=it_IT","https:\/\/www.instagram.com\/gt_line_srl\/","https:\/\/www.youtube.com\/channel\/UCDvpkFqswNJOVFz64PkYRQQ","https:\/\/www.linkedin.com\/company\/gt-line-srl\/"]}]}},"_links":{"self":[{"href":"https:\/\/www.gtline.com\/de\/wp-json\/wp\/v2\/product\/16688","targetHints":{"allow":["GET"]}}],"collection":[{"href":"https:\/\/www.gtline.com\/de\/wp-json\/wp\/v2\/product"}],"about":[{"href":"https:\/\/www.gtline.com\/de\/wp-json\/wp\/v2\/types\/product"}],"replies":[{"embeddable":true,"href":"https:\/\/www.gtline.com\/de\/wp-json\/wp\/v2\/comments?post=16688"}],"version-history":[{"count":2,"href":"https:\/\/www.gtline.com\/de\/wp-json\/wp\/v2\/product\/16688\/revisions"}],"predecessor-version":[{"id":22296,"href":"https:\/\/www.gtline.com\/de\/wp-json\/wp\/v2\/product\/16688\/revisions\/22296"}],"wp:featuredmedia":[{"embeddable":true,"href":"https:\/\/www.gtline.com\/de\/wp-json\/wp\/v2\/media\/6903"}],"wp:attachment":[{"href":"https:\/\/www.gtline.com\/de\/wp-json\/wp\/v2\/media?parent=16688"}],"wp:term":[{"taxonomy":"product_brand","embeddable":true,"href":"https:\/\/www.gtline.com\/de\/wp-json\/wp\/v2\/product_brand?post=16688"},{"taxonomy":"product_cat","embeddable":true,"href":"https:\/\/www.gtline.com\/de\/wp-json\/wp\/v2\/product_cat?post=16688"},{"taxonomy":"product_tag","embeddable":true,"href":"https:\/\/www.gtline.com\/de\/wp-json\/wp\/v2\/product_tag?post=16688"}],"curies":[{"name":"wp","href":"https:\/\/api.w.org\/{rel}","templated":true}]}}