{"id":16692,"date":"2025-07-30T10:13:58","date_gmt":"2025-07-30T10:13:58","guid":{"rendered":"https:\/\/www.gtline.com\/de\/prodotto\/gt-line-profi-trolley-atomik-wh-pss\/"},"modified":"2026-04-17T02:01:16","modified_gmt":"2026-04-17T02:01:16","slug":"gt-line-profi-trolley-atomik-wh-pss","status":"publish","type":"product","link":"https:\/\/www.gtline.com\/de\/products\/gt-line-profi-trolley-atomik-wh-pss\/","title":{"rendered":"GT Line Profi Trolley Atomik WH PSS"},"content":{"rendered":"<p data-start=\"0\" data-end=\"296\"><strong>1. Dauerhafter Schutz in dynamischen Arbeitsumgebungen.<\/strong><br \/><br data-start=\"76\" data-end=\"79\">Das dickwandige Polypropylen bietet eine hohe Best\u00e4ndigkeit gegen St\u00f6\u00dfe, korrosive Substanzen und extreme Temperaturen und gew\u00e4hrleistet, dass der Koffer selbst unter den anspruchsvollsten Bedingungen standh\u00e4lt.<\/p>\n<p data-start=\"298\" data-end=\"620\"><strong>2. Verst\u00e4rkte Ecken und gleichm\u00e4\u00dfiger Schutz vor St\u00f6\u00dfen und Belastungen.<\/strong><br \/><br data-start=\"391\" data-end=\"394\">Das Spritzgussverfahren erm\u00f6glicht eine stabile Struktur mit verst\u00e4rkten Ecken, die einen gleichm\u00e4\u00dfigen Schutz \u00fcber den gesamten Koffer hinweg bieten und Besch\u00e4digungen durch St\u00f6\u00dfe oder t\u00e4gliche Beanspruchung verhindern.<\/p>\n<p data-start=\"622\" data-end=\"1017\"><strong>3. Optimale Innenorganisation und schneller Zugriff auf Werkzeuge \u2013 dank der zwei Werkzeugtafeln mit Elastikschlaufen auf einer bzw. auf beiden Seiten.<\/strong><br \/><br data-start=\"794\" data-end=\"797\">Verstellbare und herausnehmbare Trennw\u00e4nde in Kombination mit dem <strong>PSS\u2122-System<\/strong> erm\u00f6glichen eine flexible Innenaufteilung und bieten schnellen, geordneten Zugriff auf alle Werkzeuge und Zubeh\u00f6rteile.<\/p>\n<p data-start=\"1019\" data-end=\"1259\"><strong>4. Erweiterter Schutz vor unbefugtem Zugriff.<\/strong><br \/><br data-start=\"1085\" data-end=\"1088\">Die abschlie\u00dfbaren Schl\u00f6sser und verst\u00e4rkten Metallscharniere gew\u00e4hrleisten einen sicheren Verschluss und sch\u00fctzen Ihre Werkzeuge zuverl\u00e4ssig vor unbefugtem Zugriff.<\/p>\n<p data-start=\"1261\" data-end=\"1533\"><strong>5. Bequemer und m\u00fcheloser Transport, auch bei langen Wegen.<\/strong><br \/><br data-start=\"1341\" data-end=\"1344\">Der ergonomische, gummierte Griff wurde f\u00fcr komfortables Tragen entwickelt und erleichtert den Transport \u00fcber l\u00e4ngere Distanzen, reduziert Erm\u00fcdung und verbessert die Griffsicherheit.<\/p>\n<p data-start=\"1535\" data-end=\"1911\"><strong>6. Kugelgelagerte Rollen f\u00fcr besonders leichtg\u00e4ngigen Transport, schnelle Identifikation und optimale Organisation des Zubeh\u00f6rs.<\/strong><br \/><br data-start=\"1684\" data-end=\"1687\">Das Namensschild erm\u00f6glicht eine schnelle Identifikation, w\u00e4hrend das zus\u00e4tzliche Panel und das integrierte Dokumentenfach Platz f\u00fcr die geordnete Aufbewahrung von Dokumenten, Visitenkarten und weiterem Zubeh\u00f6r bieten.<\/p>\n<p data-start=\"1913\" data-end=\"2171\" data-is-last-node=\"\" data-is-only-node=\"\"><strong>7. Kompaktes und leicht transportierbares Design.<\/strong><br \/><br data-start=\"1983\" data-end=\"1986\">Der Koffer ist so konzipiert, dass er leicht zu verstauen und zu transportieren ist \u2013 ideal f\u00fcr Profis, die h\u00e4ufig unterwegs sind, ohne auf den Schutz ihrer Werkzeuge zu verzichten.<\/p>\n","protected":false},"excerpt":{"rendered":"<p>Die <strong>Atomik WH<\/strong>-Werkzeugkiste ist die ideale L\u00f6sung f\u00fcr reisende Fachleute, die Sicherheit, Widerstandsf\u00e4higkeit und Ordnung ben\u00f6tigen \u2013 und dabei nicht auf Komfort w\u00e4hrend ihrer Dienstreisen verzichten m\u00f6chten.<br \/><br data-start=\"230\" data-end=\"233\">Gefertigt aus dickwandigem Polypropylen im Spritzgussverfahren, bietet sie zuverl\u00e4ssigen Schutz vor St\u00f6\u00dfen, korrosiven Substanzen und extremen Temperaturen.<br \/><br data-start=\"393\" data-end=\"396\">Entwickelt f\u00fcr anspruchsvolle Profis, gew\u00e4hrleistet sie dauerhaften Schutz, optimale Organisation und eine besonders einfache Handhabung.<\/p>\n","protected":false},"featured_media":8484,"comment_status":"open","ping_status":"closed","template":"","meta":{"_acf_changed":false},"product_brand":[],"product_cat":[232],"product_tag":[],"class_list":{"0":"post-16692","1":"product","2":"type-product","3":"status-publish","4":"has-post-thumbnail","6":"product_cat-atomik","7":"pa_anwendungen-koffer-und-taschen-fur-betreuer","8":"pa_anwendungen-koffer-und-taschen-fur-elektriker","9":"pa_anwendungen-koffer-und-taschen-fur-installateure","10":"pa_anwendungen-koffer-und-taschen-fur-servicetechniker","11":"pa_produkttyp-werkzeugkoffer","13":"first","14":"instock","15":"shipping-taxable","16":"purchasable","17":"product-type-simple"},"acf":[],"yoast_head":"<!-- This site is optimized with the Yoast SEO plugin v25.4 - https:\/\/yoast.com\/wordpress\/plugins\/seo\/ -->\n<title>GT Line Profi Trolley Atomik WH PSS - Gt Line DE<\/title>\n<meta name=\"robots\" content=\"index, follow, max-snippet:-1, max-image-preview:large, max-video-preview:-1\" \/>\n<link rel=\"canonical\" href=\"https:\/\/www.gtline.com\/de\/products\/gt-line-profi-trolley-atomik-wh-pss\/\" \/>\n<meta property=\"og:locale\" content=\"de_DE\" \/>\n<meta property=\"og:type\" content=\"article\" \/>\n<meta property=\"og:title\" content=\"GT Line Profi Trolley Atomik WH PSS - Gt Line DE\" \/>\n<meta property=\"og:description\" content=\"Die Atomik WH-Werkzeugkiste ist die ideale L\u00f6sung f\u00fcr reisende Fachleute, die Sicherheit, Widerstandsf\u00e4higkeit und Ordnung ben\u00f6tigen \u2013 und dabei nicht auf Komfort w\u00e4hrend ihrer Dienstreisen verzichten m\u00f6chten.Gefertigt aus dickwandigem Polypropylen im Spritzgussverfahren, bietet sie zuverl\u00e4ssigen Schutz vor St\u00f6\u00dfen, korrosiven Substanzen und extremen Temperaturen.Entwickelt f\u00fcr anspruchsvolle Profis, gew\u00e4hrleistet sie dauerhaften Schutz, optimale Organisation und eine besonders einfache Handhabung.\" \/>\n<meta property=\"og:url\" content=\"https:\/\/www.gtline.com\/de\/products\/gt-line-profi-trolley-atomik-wh-pss\/\" \/>\n<meta property=\"og:site_name\" content=\"Gt Line DE\" \/>\n<meta property=\"article:publisher\" content=\"https:\/\/www.facebook.com\/gtlinesrl?locale=it_IT\" \/>\n<meta property=\"article:modified_time\" content=\"2026-04-17T02:01:16+00:00\" \/>\n<meta property=\"og:image\" content=\"https:\/\/www.gtline.com\/de\/wp-content\/uploads\/sites\/5\/2025\/05\/ATOMIK-WH_PSS_01_8577.jpg\" \/>\n\t<meta property=\"og:image:width\" content=\"500\" \/>\n\t<meta property=\"og:image:height\" content=\"500\" \/>\n\t<meta property=\"og:image:type\" content=\"image\/jpeg\" \/>\n<meta name=\"twitter:card\" content=\"summary_large_image\" \/>\n<meta name=\"twitter:label1\" content=\"Gesch\u00e4tzte Lesezeit\" \/>\n\t<meta name=\"twitter:data1\" content=\"1\u00a0Minute\" \/>\n<script type=\"application\/ld+json\" class=\"yoast-schema-graph\">{\"@context\":\"https:\/\/schema.org\",\"@graph\":[{\"@type\":\"WebPage\",\"@id\":\"https:\/\/www.gtline.com\/de\/products\/gt-line-profi-trolley-atomik-wh-pss\/\",\"url\":\"https:\/\/www.gtline.com\/de\/products\/gt-line-profi-trolley-atomik-wh-pss\/\",\"name\":\"GT Line Profi Trolley Atomik WH PSS - Gt Line DE\",\"isPartOf\":{\"@id\":\"https:\/\/www.gtline.com\/de\/#website\"},\"primaryImageOfPage\":{\"@id\":\"https:\/\/www.gtline.com\/de\/products\/gt-line-profi-trolley-atomik-wh-pss\/#primaryimage\"},\"image\":{\"@id\":\"https:\/\/www.gtline.com\/de\/products\/gt-line-profi-trolley-atomik-wh-pss\/#primaryimage\"},\"thumbnailUrl\":\"https:\/\/www.gtline.com\/de\/wp-content\/uploads\/sites\/5\/2025\/05\/ATOMIK-WH_PSS_01_8577.jpg\",\"datePublished\":\"2025-07-30T10:13:58+00:00\",\"dateModified\":\"2026-04-17T02:01:16+00:00\",\"breadcrumb\":{\"@id\":\"https:\/\/www.gtline.com\/de\/products\/gt-line-profi-trolley-atomik-wh-pss\/#breadcrumb\"},\"inLanguage\":\"de\",\"potentialAction\":[{\"@type\":\"ReadAction\",\"target\":[\"https:\/\/www.gtline.com\/de\/products\/gt-line-profi-trolley-atomik-wh-pss\/\"]}]},{\"@type\":\"ImageObject\",\"inLanguage\":\"de\",\"@id\":\"https:\/\/www.gtline.com\/de\/products\/gt-line-profi-trolley-atomik-wh-pss\/#primaryimage\",\"url\":\"https:\/\/www.gtline.com\/de\/wp-content\/uploads\/sites\/5\/2025\/05\/ATOMIK-WH_PSS_01_8577.jpg\",\"contentUrl\":\"https:\/\/www.gtline.com\/de\/wp-content\/uploads\/sites\/5\/2025\/05\/ATOMIK-WH_PSS_01_8577.jpg\",\"width\":500,\"height\":500},{\"@type\":\"BreadcrumbList\",\"@id\":\"https:\/\/www.gtline.com\/de\/products\/gt-line-profi-trolley-atomik-wh-pss\/#breadcrumb\",\"itemListElement\":[{\"@type\":\"ListItem\",\"position\":1,\"name\":\"Home\",\"item\":\"https:\/\/www.gtline.com\/de\/\"},{\"@type\":\"ListItem\",\"position\":2,\"name\":\"Shop\",\"item\":\"https:\/\/www.gtline.com\/de\/negozio\/\"},{\"@type\":\"ListItem\",\"position\":3,\"name\":\"GT Line Profi Trolley Atomik WH PSS\"}]},{\"@type\":\"WebSite\",\"@id\":\"https:\/\/www.gtline.com\/de\/#website\",\"url\":\"https:\/\/www.gtline.com\/de\/\",\"name\":\"Gt Line\",\"description\":\"\",\"publisher\":{\"@id\":\"https:\/\/www.gtline.com\/de\/#organization\"},\"potentialAction\":[{\"@type\":\"SearchAction\",\"target\":{\"@type\":\"EntryPoint\",\"urlTemplate\":\"https:\/\/www.gtline.com\/de\/?s={search_term_string}\"},\"query-input\":{\"@type\":\"PropertyValueSpecification\",\"valueRequired\":true,\"valueName\":\"search_term_string\"}}],\"inLanguage\":\"de\"},{\"@type\":\"Organization\",\"@id\":\"https:\/\/www.gtline.com\/de\/#organization\",\"name\":\"Gt Line\",\"url\":\"https:\/\/www.gtline.com\/de\/\",\"logo\":{\"@type\":\"ImageObject\",\"inLanguage\":\"de\",\"@id\":\"https:\/\/www.gtline.com\/de\/#\/schema\/logo\/image\/\",\"url\":\"https:\/\/www.gtline.com\/de\/wp-content\/uploads\/sites\/5\/2025\/02\/logo.png\",\"contentUrl\":\"https:\/\/www.gtline.com\/de\/wp-content\/uploads\/sites\/5\/2025\/02\/logo.png\",\"width\":228,\"height\":146,\"caption\":\"Gt Line\"},\"image\":{\"@id\":\"https:\/\/www.gtline.com\/de\/#\/schema\/logo\/image\/\"},\"sameAs\":[\"https:\/\/www.facebook.com\/gtlinesrl?locale=it_IT\",\"https:\/\/www.instagram.com\/gt_line_srl\/\",\"https:\/\/www.youtube.com\/channel\/UCDvpkFqswNJOVFz64PkYRQQ\",\"https:\/\/www.linkedin.com\/company\/gt-line-srl\/\"]}]}<\/script>\n<!-- \/ Yoast SEO plugin. -->","yoast_head_json":{"title":"GT Line Profi Trolley Atomik WH PSS - Gt Line DE","robots":{"index":"index","follow":"follow","max-snippet":"max-snippet:-1","max-image-preview":"max-image-preview:large","max-video-preview":"max-video-preview:-1"},"canonical":"https:\/\/www.gtline.com\/de\/products\/gt-line-profi-trolley-atomik-wh-pss\/","og_locale":"de_DE","og_type":"article","og_title":"GT Line Profi Trolley Atomik WH PSS - Gt Line DE","og_description":"Die Atomik WH-Werkzeugkiste ist die ideale L\u00f6sung f\u00fcr reisende Fachleute, die Sicherheit, Widerstandsf\u00e4higkeit und Ordnung ben\u00f6tigen \u2013 und dabei nicht auf Komfort w\u00e4hrend ihrer Dienstreisen verzichten m\u00f6chten.Gefertigt aus dickwandigem Polypropylen im Spritzgussverfahren, bietet sie zuverl\u00e4ssigen Schutz vor St\u00f6\u00dfen, korrosiven Substanzen und extremen Temperaturen.Entwickelt f\u00fcr anspruchsvolle Profis, gew\u00e4hrleistet sie dauerhaften Schutz, optimale Organisation und eine besonders einfache Handhabung.","og_url":"https:\/\/www.gtline.com\/de\/products\/gt-line-profi-trolley-atomik-wh-pss\/","og_site_name":"Gt Line DE","article_publisher":"https:\/\/www.facebook.com\/gtlinesrl?locale=it_IT","article_modified_time":"2026-04-17T02:01:16+00:00","og_image":[{"width":500,"height":500,"url":"https:\/\/www.gtline.com\/de\/wp-content\/uploads\/sites\/5\/2025\/05\/ATOMIK-WH_PSS_01_8577.jpg","type":"image\/jpeg"}],"twitter_card":"summary_large_image","twitter_misc":{"Gesch\u00e4tzte Lesezeit":"1\u00a0Minute"},"schema":{"@context":"https:\/\/schema.org","@graph":[{"@type":"WebPage","@id":"https:\/\/www.gtline.com\/de\/products\/gt-line-profi-trolley-atomik-wh-pss\/","url":"https:\/\/www.gtline.com\/de\/products\/gt-line-profi-trolley-atomik-wh-pss\/","name":"GT Line Profi Trolley Atomik WH PSS - Gt Line DE","isPartOf":{"@id":"https:\/\/www.gtline.com\/de\/#website"},"primaryImageOfPage":{"@id":"https:\/\/www.gtline.com\/de\/products\/gt-line-profi-trolley-atomik-wh-pss\/#primaryimage"},"image":{"@id":"https:\/\/www.gtline.com\/de\/products\/gt-line-profi-trolley-atomik-wh-pss\/#primaryimage"},"thumbnailUrl":"https:\/\/www.gtline.com\/de\/wp-content\/uploads\/sites\/5\/2025\/05\/ATOMIK-WH_PSS_01_8577.jpg","datePublished":"2025-07-30T10:13:58+00:00","dateModified":"2026-04-17T02:01:16+00:00","breadcrumb":{"@id":"https:\/\/www.gtline.com\/de\/products\/gt-line-profi-trolley-atomik-wh-pss\/#breadcrumb"},"inLanguage":"de","potentialAction":[{"@type":"ReadAction","target":["https:\/\/www.gtline.com\/de\/products\/gt-line-profi-trolley-atomik-wh-pss\/"]}]},{"@type":"ImageObject","inLanguage":"de","@id":"https:\/\/www.gtline.com\/de\/products\/gt-line-profi-trolley-atomik-wh-pss\/#primaryimage","url":"https:\/\/www.gtline.com\/de\/wp-content\/uploads\/sites\/5\/2025\/05\/ATOMIK-WH_PSS_01_8577.jpg","contentUrl":"https:\/\/www.gtline.com\/de\/wp-content\/uploads\/sites\/5\/2025\/05\/ATOMIK-WH_PSS_01_8577.jpg","width":500,"height":500},{"@type":"BreadcrumbList","@id":"https:\/\/www.gtline.com\/de\/products\/gt-line-profi-trolley-atomik-wh-pss\/#breadcrumb","itemListElement":[{"@type":"ListItem","position":1,"name":"Home","item":"https:\/\/www.gtline.com\/de\/"},{"@type":"ListItem","position":2,"name":"Shop","item":"https:\/\/www.gtline.com\/de\/negozio\/"},{"@type":"ListItem","position":3,"name":"GT Line Profi Trolley Atomik WH PSS"}]},{"@type":"WebSite","@id":"https:\/\/www.gtline.com\/de\/#website","url":"https:\/\/www.gtline.com\/de\/","name":"Gt Line","description":"","publisher":{"@id":"https:\/\/www.gtline.com\/de\/#organization"},"potentialAction":[{"@type":"SearchAction","target":{"@type":"EntryPoint","urlTemplate":"https:\/\/www.gtline.com\/de\/?s={search_term_string}"},"query-input":{"@type":"PropertyValueSpecification","valueRequired":true,"valueName":"search_term_string"}}],"inLanguage":"de"},{"@type":"Organization","@id":"https:\/\/www.gtline.com\/de\/#organization","name":"Gt Line","url":"https:\/\/www.gtline.com\/de\/","logo":{"@type":"ImageObject","inLanguage":"de","@id":"https:\/\/www.gtline.com\/de\/#\/schema\/logo\/image\/","url":"https:\/\/www.gtline.com\/de\/wp-content\/uploads\/sites\/5\/2025\/02\/logo.png","contentUrl":"https:\/\/www.gtline.com\/de\/wp-content\/uploads\/sites\/5\/2025\/02\/logo.png","width":228,"height":146,"caption":"Gt Line"},"image":{"@id":"https:\/\/www.gtline.com\/de\/#\/schema\/logo\/image\/"},"sameAs":["https:\/\/www.facebook.com\/gtlinesrl?locale=it_IT","https:\/\/www.instagram.com\/gt_line_srl\/","https:\/\/www.youtube.com\/channel\/UCDvpkFqswNJOVFz64PkYRQQ","https:\/\/www.linkedin.com\/company\/gt-line-srl\/"]}]}},"_links":{"self":[{"href":"https:\/\/www.gtline.com\/de\/wp-json\/wp\/v2\/product\/16692","targetHints":{"allow":["GET"]}}],"collection":[{"href":"https:\/\/www.gtline.com\/de\/wp-json\/wp\/v2\/product"}],"about":[{"href":"https:\/\/www.gtline.com\/de\/wp-json\/wp\/v2\/types\/product"}],"replies":[{"embeddable":true,"href":"https:\/\/www.gtline.com\/de\/wp-json\/wp\/v2\/comments?post=16692"}],"version-history":[{"count":2,"href":"https:\/\/www.gtline.com\/de\/wp-json\/wp\/v2\/product\/16692\/revisions"}],"predecessor-version":[{"id":22282,"href":"https:\/\/www.gtline.com\/de\/wp-json\/wp\/v2\/product\/16692\/revisions\/22282"}],"wp:featuredmedia":[{"embeddable":true,"href":"https:\/\/www.gtline.com\/de\/wp-json\/wp\/v2\/media\/8484"}],"wp:attachment":[{"href":"https:\/\/www.gtline.com\/de\/wp-json\/wp\/v2\/media?parent=16692"}],"wp:term":[{"taxonomy":"product_brand","embeddable":true,"href":"https:\/\/www.gtline.com\/de\/wp-json\/wp\/v2\/product_brand?post=16692"},{"taxonomy":"product_cat","embeddable":true,"href":"https:\/\/www.gtline.com\/de\/wp-json\/wp\/v2\/product_cat?post=16692"},{"taxonomy":"product_tag","embeddable":true,"href":"https:\/\/www.gtline.com\/de\/wp-json\/wp\/v2\/product_tag?post=16692"}],"curies":[{"name":"wp","href":"https:\/\/api.w.org\/{rel}","templated":true}]}}