{"id":16698,"date":"2025-07-30T10:14:14","date_gmt":"2025-07-30T10:14:14","guid":{"rendered":"https:\/\/www.gtline.com\/de\/prodotto\/gt-line-professional-case-atomik-pss\/"},"modified":"2026-04-17T02:01:38","modified_gmt":"2026-04-17T02:01:38","slug":"gt-line-professional-case-atomik-pss","status":"publish","type":"product","link":"https:\/\/www.gtline.com\/de\/products\/gt-line-professional-case-atomik-pss\/","title":{"rendered":"GT Line Professional Case Atomik PSS"},"content":{"rendered":"<p data-start=\"110\" data-end=\"394\"><strong>1. Dauerhafter Schutz in dynamischen Arbeitsumgebungen.<\/strong><br \/><br data-start=\"186\" data-end=\"189\">Das dickwandige Polypropylen bietet eine hohe Best\u00e4ndigkeit gegen St\u00f6\u00dfe, korrosive Substanzen und extreme Temperaturen und gew\u00e4hrleistet, dass der Koffer selbst unter h\u00e4rtesten Bedingungen standh\u00e4lt.<\/p>\n<p data-start=\"396\" data-end=\"719\"><strong>2. Verst\u00e4rkte Ecken und gleichm\u00e4\u00dfiger Schutz vor St\u00f6\u00dfen und Belastung.<\/strong><br \/><br data-start=\"487\" data-end=\"490\">Das Spritzgussverfahren sorgt f\u00fcr eine robuste Struktur mit verst\u00e4rkten Ecken, die einen gleichm\u00e4\u00dfigen Schutz \u00fcber die gesamte Kofferkonstruktion hinweg bieten und Sch\u00e4den durch St\u00f6\u00dfe oder t\u00e4gliche Beanspruchung verhindern.<\/p>\n<p data-start=\"721\" data-end=\"1064\"><strong>3. Optimale Innenorganisation und schneller Zugriff auf Werkzeuge \u2013 dank der zwei Werkzeugtafeln mit Elastikschlaufen auf einer bzw. auf beiden Seiten.<\/strong><br \/><br data-start=\"893\" data-end=\"896\">Verstellbare und herausnehmbare Trennw\u00e4nde erm\u00f6glichen eine flexible Innenaufteilung und bieten schnellen, geordneten Zugriff auf alle Werkzeuge und Zubeh\u00f6rteile.<\/p>\n<p data-start=\"1066\" data-end=\"1306\"><strong>4. Erweiterter Schutz vor unbefugtem Zugriff.<\/strong><br \/><br data-start=\"1132\" data-end=\"1135\">Die abschlie\u00dfbaren Schl\u00f6sser und verst\u00e4rkten Metallscharniere gew\u00e4hrleisten einen sicheren Verschluss und sch\u00fctzen Ihre Werkzeuge zuverl\u00e4ssig vor unbefugtem Zugriff.<\/p>\n<p data-start=\"1308\" data-end=\"1583\"><strong>5. Bequemer und m\u00fcheloser Transport, auch auf langen Strecken.<\/strong><br \/><br data-start=\"1391\" data-end=\"1394\">Der ergonomische, gummierte Griff wurde f\u00fcr komfortables Tragen entwickelt und erleichtert den Transport \u00fcber l\u00e4ngere Distanzen, reduziert Erm\u00fcdung und verbessert die Griffsicherheit.<\/p>\n<p data-start=\"1585\" data-end=\"1897\"><strong>6. Schnelle Identifikation und optimale Verwaltung des Zubeh\u00f6rs.<\/strong><br \/><br data-start=\"1670\" data-end=\"1673\">Das Namensschild erm\u00f6glicht eine schnelle Identifikation, w\u00e4hrend das zus\u00e4tzliche Panel und das integrierte Dokumentenfach Platz f\u00fcr die geordnete Aufbewahrung von Dokumenten, Visitenkarten und weiterem Zubeh\u00f6r bieten.<\/p>\n<p data-start=\"1899\" data-end=\"2155\"><strong>7. Kompaktes und leicht transportierbares Design.<\/strong><br \/><br data-start=\"1969\" data-end=\"1972\">Der Koffer ist so konzipiert, dass er leicht zu verstauen und zu transportieren ist \u2013 ideal f\u00fcr Profis, die viel unterwegs sind, ohne auf den Schutz ihrer Werkzeuge zu verzichten.<\/p>\n","protected":false},"excerpt":{"rendered":"<p>Die <strong>Atomik<\/strong>-Werkzeugkiste ist die perfekte L\u00f6sung f\u00fcr Profis, die Sicherheit, Widerstandsf\u00e4higkeit und Ordnung ben\u00f6tigen.<br \/><br data-start=\"272\" data-end=\"275\">Gefertigt aus hochdichtem Polypropylen im Spritzgussverfahren, bietet sie zuverl\u00e4ssigen Schutz gegen St\u00f6\u00dfe, korrosive Substanzen und extreme Temperaturen.<br \/><br data-start=\"433\" data-end=\"436\">Entwickelt f\u00fcr anspruchsvolle Fachleute, gew\u00e4hrleistet sie dauerhafte Sicherheit und eine optimale Organisation der Werkzeuge.<\/p>\n","protected":false},"featured_media":6918,"comment_status":"open","ping_status":"closed","template":"","meta":{"_acf_changed":false},"product_brand":[],"product_cat":[232],"product_tag":[],"class_list":{"0":"post-16698","1":"product","2":"type-product","3":"status-publish","4":"has-post-thumbnail","6":"product_cat-atomik","7":"pa_anwendungen-koffer-und-taschen-fur-betreuer","8":"pa_anwendungen-koffer-und-taschen-fur-elektriker","9":"pa_anwendungen-koffer-und-taschen-fur-installateure","10":"pa_produkttyp-werkzeugkoffer","12":"first","13":"instock","14":"shipping-taxable","15":"purchasable","16":"product-type-simple"},"acf":[],"yoast_head":"<!-- This site is optimized with the Yoast SEO plugin v25.4 - https:\/\/yoast.com\/wordpress\/plugins\/seo\/ -->\n<title>GT Line Professional Case Atomik PSS - Gt Line DE<\/title>\n<meta name=\"robots\" content=\"index, follow, max-snippet:-1, max-image-preview:large, max-video-preview:-1\" \/>\n<link rel=\"canonical\" href=\"https:\/\/www.gtline.com\/de\/products\/gt-line-professional-case-atomik-pss\/\" \/>\n<meta property=\"og:locale\" content=\"de_DE\" \/>\n<meta property=\"og:type\" content=\"article\" \/>\n<meta property=\"og:title\" content=\"GT Line Professional Case Atomik PSS - Gt Line DE\" \/>\n<meta property=\"og:description\" content=\"Die Atomik-Werkzeugkiste ist die perfekte L\u00f6sung f\u00fcr Profis, die Sicherheit, Widerstandsf\u00e4higkeit und Ordnung ben\u00f6tigen.Gefertigt aus hochdichtem Polypropylen im Spritzgussverfahren, bietet sie zuverl\u00e4ssigen Schutz gegen St\u00f6\u00dfe, korrosive Substanzen und extreme Temperaturen.Entwickelt f\u00fcr anspruchsvolle Fachleute, gew\u00e4hrleistet sie dauerhafte Sicherheit und eine optimale Organisation der Werkzeuge.\" \/>\n<meta property=\"og:url\" content=\"https:\/\/www.gtline.com\/de\/products\/gt-line-professional-case-atomik-pss\/\" \/>\n<meta property=\"og:site_name\" content=\"Gt Line DE\" \/>\n<meta property=\"article:publisher\" content=\"https:\/\/www.facebook.com\/gtlinesrl?locale=it_IT\" \/>\n<meta property=\"article:modified_time\" content=\"2026-04-17T02:01:38+00:00\" \/>\n<meta property=\"og:image\" content=\"https:\/\/www.gtline.com\/de\/wp-content\/uploads\/sites\/5\/2025\/05\/ATOMIK215_PSS_01_8582.jpg\" \/>\n\t<meta property=\"og:image:width\" content=\"500\" \/>\n\t<meta property=\"og:image:height\" content=\"500\" \/>\n\t<meta property=\"og:image:type\" content=\"image\/jpeg\" \/>\n<meta name=\"twitter:card\" content=\"summary_large_image\" \/>\n<meta name=\"twitter:label1\" content=\"Gesch\u00e4tzte Lesezeit\" \/>\n\t<meta name=\"twitter:data1\" content=\"1\u00a0Minute\" \/>\n<script type=\"application\/ld+json\" class=\"yoast-schema-graph\">{\"@context\":\"https:\/\/schema.org\",\"@graph\":[{\"@type\":\"WebPage\",\"@id\":\"https:\/\/www.gtline.com\/de\/products\/gt-line-professional-case-atomik-pss\/\",\"url\":\"https:\/\/www.gtline.com\/de\/products\/gt-line-professional-case-atomik-pss\/\",\"name\":\"GT Line Professional Case Atomik PSS - Gt Line DE\",\"isPartOf\":{\"@id\":\"https:\/\/www.gtline.com\/de\/#website\"},\"primaryImageOfPage\":{\"@id\":\"https:\/\/www.gtline.com\/de\/products\/gt-line-professional-case-atomik-pss\/#primaryimage\"},\"image\":{\"@id\":\"https:\/\/www.gtline.com\/de\/products\/gt-line-professional-case-atomik-pss\/#primaryimage\"},\"thumbnailUrl\":\"https:\/\/www.gtline.com\/de\/wp-content\/uploads\/sites\/5\/2025\/05\/ATOMIK215_PSS_01_8582.jpg\",\"datePublished\":\"2025-07-30T10:14:14+00:00\",\"dateModified\":\"2026-04-17T02:01:38+00:00\",\"breadcrumb\":{\"@id\":\"https:\/\/www.gtline.com\/de\/products\/gt-line-professional-case-atomik-pss\/#breadcrumb\"},\"inLanguage\":\"de\",\"potentialAction\":[{\"@type\":\"ReadAction\",\"target\":[\"https:\/\/www.gtline.com\/de\/products\/gt-line-professional-case-atomik-pss\/\"]}]},{\"@type\":\"ImageObject\",\"inLanguage\":\"de\",\"@id\":\"https:\/\/www.gtline.com\/de\/products\/gt-line-professional-case-atomik-pss\/#primaryimage\",\"url\":\"https:\/\/www.gtline.com\/de\/wp-content\/uploads\/sites\/5\/2025\/05\/ATOMIK215_PSS_01_8582.jpg\",\"contentUrl\":\"https:\/\/www.gtline.com\/de\/wp-content\/uploads\/sites\/5\/2025\/05\/ATOMIK215_PSS_01_8582.jpg\",\"width\":500,\"height\":500},{\"@type\":\"BreadcrumbList\",\"@id\":\"https:\/\/www.gtline.com\/de\/products\/gt-line-professional-case-atomik-pss\/#breadcrumb\",\"itemListElement\":[{\"@type\":\"ListItem\",\"position\":1,\"name\":\"Home\",\"item\":\"https:\/\/www.gtline.com\/de\/\"},{\"@type\":\"ListItem\",\"position\":2,\"name\":\"Shop\",\"item\":\"https:\/\/www.gtline.com\/de\/negozio\/\"},{\"@type\":\"ListItem\",\"position\":3,\"name\":\"GT Line Professional Case Atomik PSS\"}]},{\"@type\":\"WebSite\",\"@id\":\"https:\/\/www.gtline.com\/de\/#website\",\"url\":\"https:\/\/www.gtline.com\/de\/\",\"name\":\"Gt Line\",\"description\":\"\",\"publisher\":{\"@id\":\"https:\/\/www.gtline.com\/de\/#organization\"},\"potentialAction\":[{\"@type\":\"SearchAction\",\"target\":{\"@type\":\"EntryPoint\",\"urlTemplate\":\"https:\/\/www.gtline.com\/de\/?s={search_term_string}\"},\"query-input\":{\"@type\":\"PropertyValueSpecification\",\"valueRequired\":true,\"valueName\":\"search_term_string\"}}],\"inLanguage\":\"de\"},{\"@type\":\"Organization\",\"@id\":\"https:\/\/www.gtline.com\/de\/#organization\",\"name\":\"Gt Line\",\"url\":\"https:\/\/www.gtline.com\/de\/\",\"logo\":{\"@type\":\"ImageObject\",\"inLanguage\":\"de\",\"@id\":\"https:\/\/www.gtline.com\/de\/#\/schema\/logo\/image\/\",\"url\":\"https:\/\/www.gtline.com\/de\/wp-content\/uploads\/sites\/5\/2025\/02\/logo.png\",\"contentUrl\":\"https:\/\/www.gtline.com\/de\/wp-content\/uploads\/sites\/5\/2025\/02\/logo.png\",\"width\":228,\"height\":146,\"caption\":\"Gt Line\"},\"image\":{\"@id\":\"https:\/\/www.gtline.com\/de\/#\/schema\/logo\/image\/\"},\"sameAs\":[\"https:\/\/www.facebook.com\/gtlinesrl?locale=it_IT\",\"https:\/\/www.instagram.com\/gt_line_srl\/\",\"https:\/\/www.youtube.com\/channel\/UCDvpkFqswNJOVFz64PkYRQQ\",\"https:\/\/www.linkedin.com\/company\/gt-line-srl\/\"]}]}<\/script>\n<!-- \/ Yoast SEO plugin. -->","yoast_head_json":{"title":"GT Line Professional Case Atomik PSS - Gt Line DE","robots":{"index":"index","follow":"follow","max-snippet":"max-snippet:-1","max-image-preview":"max-image-preview:large","max-video-preview":"max-video-preview:-1"},"canonical":"https:\/\/www.gtline.com\/de\/products\/gt-line-professional-case-atomik-pss\/","og_locale":"de_DE","og_type":"article","og_title":"GT Line Professional Case Atomik PSS - Gt Line DE","og_description":"Die Atomik-Werkzeugkiste ist die perfekte L\u00f6sung f\u00fcr Profis, die Sicherheit, Widerstandsf\u00e4higkeit und Ordnung ben\u00f6tigen.Gefertigt aus hochdichtem Polypropylen im Spritzgussverfahren, bietet sie zuverl\u00e4ssigen Schutz gegen St\u00f6\u00dfe, korrosive Substanzen und extreme Temperaturen.Entwickelt f\u00fcr anspruchsvolle Fachleute, gew\u00e4hrleistet sie dauerhafte Sicherheit und eine optimale Organisation der Werkzeuge.","og_url":"https:\/\/www.gtline.com\/de\/products\/gt-line-professional-case-atomik-pss\/","og_site_name":"Gt Line DE","article_publisher":"https:\/\/www.facebook.com\/gtlinesrl?locale=it_IT","article_modified_time":"2026-04-17T02:01:38+00:00","og_image":[{"width":500,"height":500,"url":"https:\/\/www.gtline.com\/de\/wp-content\/uploads\/sites\/5\/2025\/05\/ATOMIK215_PSS_01_8582.jpg","type":"image\/jpeg"}],"twitter_card":"summary_large_image","twitter_misc":{"Gesch\u00e4tzte Lesezeit":"1\u00a0Minute"},"schema":{"@context":"https:\/\/schema.org","@graph":[{"@type":"WebPage","@id":"https:\/\/www.gtline.com\/de\/products\/gt-line-professional-case-atomik-pss\/","url":"https:\/\/www.gtline.com\/de\/products\/gt-line-professional-case-atomik-pss\/","name":"GT Line Professional Case Atomik PSS - Gt Line DE","isPartOf":{"@id":"https:\/\/www.gtline.com\/de\/#website"},"primaryImageOfPage":{"@id":"https:\/\/www.gtline.com\/de\/products\/gt-line-professional-case-atomik-pss\/#primaryimage"},"image":{"@id":"https:\/\/www.gtline.com\/de\/products\/gt-line-professional-case-atomik-pss\/#primaryimage"},"thumbnailUrl":"https:\/\/www.gtline.com\/de\/wp-content\/uploads\/sites\/5\/2025\/05\/ATOMIK215_PSS_01_8582.jpg","datePublished":"2025-07-30T10:14:14+00:00","dateModified":"2026-04-17T02:01:38+00:00","breadcrumb":{"@id":"https:\/\/www.gtline.com\/de\/products\/gt-line-professional-case-atomik-pss\/#breadcrumb"},"inLanguage":"de","potentialAction":[{"@type":"ReadAction","target":["https:\/\/www.gtline.com\/de\/products\/gt-line-professional-case-atomik-pss\/"]}]},{"@type":"ImageObject","inLanguage":"de","@id":"https:\/\/www.gtline.com\/de\/products\/gt-line-professional-case-atomik-pss\/#primaryimage","url":"https:\/\/www.gtline.com\/de\/wp-content\/uploads\/sites\/5\/2025\/05\/ATOMIK215_PSS_01_8582.jpg","contentUrl":"https:\/\/www.gtline.com\/de\/wp-content\/uploads\/sites\/5\/2025\/05\/ATOMIK215_PSS_01_8582.jpg","width":500,"height":500},{"@type":"BreadcrumbList","@id":"https:\/\/www.gtline.com\/de\/products\/gt-line-professional-case-atomik-pss\/#breadcrumb","itemListElement":[{"@type":"ListItem","position":1,"name":"Home","item":"https:\/\/www.gtline.com\/de\/"},{"@type":"ListItem","position":2,"name":"Shop","item":"https:\/\/www.gtline.com\/de\/negozio\/"},{"@type":"ListItem","position":3,"name":"GT Line Professional Case Atomik PSS"}]},{"@type":"WebSite","@id":"https:\/\/www.gtline.com\/de\/#website","url":"https:\/\/www.gtline.com\/de\/","name":"Gt Line","description":"","publisher":{"@id":"https:\/\/www.gtline.com\/de\/#organization"},"potentialAction":[{"@type":"SearchAction","target":{"@type":"EntryPoint","urlTemplate":"https:\/\/www.gtline.com\/de\/?s={search_term_string}"},"query-input":{"@type":"PropertyValueSpecification","valueRequired":true,"valueName":"search_term_string"}}],"inLanguage":"de"},{"@type":"Organization","@id":"https:\/\/www.gtline.com\/de\/#organization","name":"Gt Line","url":"https:\/\/www.gtline.com\/de\/","logo":{"@type":"ImageObject","inLanguage":"de","@id":"https:\/\/www.gtline.com\/de\/#\/schema\/logo\/image\/","url":"https:\/\/www.gtline.com\/de\/wp-content\/uploads\/sites\/5\/2025\/02\/logo.png","contentUrl":"https:\/\/www.gtline.com\/de\/wp-content\/uploads\/sites\/5\/2025\/02\/logo.png","width":228,"height":146,"caption":"Gt Line"},"image":{"@id":"https:\/\/www.gtline.com\/de\/#\/schema\/logo\/image\/"},"sameAs":["https:\/\/www.facebook.com\/gtlinesrl?locale=it_IT","https:\/\/www.instagram.com\/gt_line_srl\/","https:\/\/www.youtube.com\/channel\/UCDvpkFqswNJOVFz64PkYRQQ","https:\/\/www.linkedin.com\/company\/gt-line-srl\/"]}]}},"_links":{"self":[{"href":"https:\/\/www.gtline.com\/de\/wp-json\/wp\/v2\/product\/16698","targetHints":{"allow":["GET"]}}],"collection":[{"href":"https:\/\/www.gtline.com\/de\/wp-json\/wp\/v2\/product"}],"about":[{"href":"https:\/\/www.gtline.com\/de\/wp-json\/wp\/v2\/types\/product"}],"replies":[{"embeddable":true,"href":"https:\/\/www.gtline.com\/de\/wp-json\/wp\/v2\/comments?post=16698"}],"version-history":[{"count":2,"href":"https:\/\/www.gtline.com\/de\/wp-json\/wp\/v2\/product\/16698\/revisions"}],"predecessor-version":[{"id":22285,"href":"https:\/\/www.gtline.com\/de\/wp-json\/wp\/v2\/product\/16698\/revisions\/22285"}],"wp:featuredmedia":[{"embeddable":true,"href":"https:\/\/www.gtline.com\/de\/wp-json\/wp\/v2\/media\/6918"}],"wp:attachment":[{"href":"https:\/\/www.gtline.com\/de\/wp-json\/wp\/v2\/media?parent=16698"}],"wp:term":[{"taxonomy":"product_brand","embeddable":true,"href":"https:\/\/www.gtline.com\/de\/wp-json\/wp\/v2\/product_brand?post=16698"},{"taxonomy":"product_cat","embeddable":true,"href":"https:\/\/www.gtline.com\/de\/wp-json\/wp\/v2\/product_cat?post=16698"},{"taxonomy":"product_tag","embeddable":true,"href":"https:\/\/www.gtline.com\/de\/wp-json\/wp\/v2\/product_tag?post=16698"}],"curies":[{"name":"wp","href":"https:\/\/api.w.org\/{rel}","templated":true}]}}