{"id":16702,"date":"2025-07-30T10:14:24","date_gmt":"2025-07-30T10:14:24","guid":{"rendered":"https:\/\/www.gtline.com\/de\/prodotto\/gt-line-profi-koffer-bomber-170-pel\/"},"modified":"2026-04-17T02:01:48","modified_gmt":"2026-04-17T02:01:48","slug":"gt-line-profi-koffer-bomber-170-pel","status":"publish","type":"product","link":"https:\/\/www.gtline.com\/de\/products\/gt-line-profi-koffer-bomber-170-pel\/","title":{"rendered":"GT Line Profi Koffer BOMBER 170 PEL"},"content":{"rendered":"<p data-start=\"3\" data-end=\"303\"><strong data-start=\"3\" data-end=\"74\" data-is-only-node=\"\">1.Maximaler Schutz vor St\u00f6\u00dfen, extremen Temperaturen und Chemikalien.<\/strong><br \/><br data-start=\"78\" data-end=\"81\">Die im Rotationsgussverfahren hergestellten Schalen aus hochdichtem Polyethylen bieten einen hervorragenden Schutz und machen diesen Werkzeugkoffer ideal f\u00fcr anspruchsvolle Arbeitsumgebungen und intensive Transporte.<\/p>\n<p data-start=\"308\" data-end=\"527\"><strong data-start=\"308\" data-end=\"377\" data-is-only-node=\"\">2.Doppelwandige Struktur f\u00fcr au\u00dfergew\u00f6hnliche Widerstandsf\u00e4higkeit.<\/strong><br \/><br data-start=\"381\" data-end=\"384\">Die doppelte Wandkonstruktion absorbiert St\u00f6\u00dfe und bietet zus\u00e4tzlichen Schutz f\u00fcr Ihre Werkzeuge, selbst unter den h\u00e4rtesten Bedingungen.<\/p>\n<p data-start=\"532\" data-end=\"800\"><strong data-start=\"532\" data-end=\"595\" data-is-only-node=\"\">3.Intelligente Werkzeugverwaltung mit der INTELLIRESPOND App.<\/strong><br \/><br data-start=\"599\" data-end=\"602\">Die integrierte Technologie erm\u00f6glicht die Verwaltung und \u00dcberwachung des Inhalts \u00fcber eine App und verwandelt den Werkzeugkoffer in ein smartes Organisationssystem f\u00fcr den t\u00e4glichen Gebrauch.<\/p>\n<p data-start=\"805\" data-end=\"1049\"><strong data-start=\"805\" data-end=\"861\" data-is-only-node=\"\">4.TSA-zertifizierte Schl\u00f6sser f\u00fcr sorgenfreies Reisen.<\/strong><br \/><br data-start=\"865\" data-end=\"868\">Die zwei TSA-Schl\u00f6sser mit Schl\u00fcssel erm\u00f6glichen Sicherheitskontrollen an Flugh\u00e4fen, ohne den Koffer zu besch\u00e4digen \u2013 ideal f\u00fcr alle, die mit professionellem Equipment reisen.<\/p>\n<p data-start=\"1054\" data-end=\"1267\"><strong data-start=\"1054\" data-end=\"1115\" data-is-only-node=\"\">5.Metallscharniere und -st\u00fctzen f\u00fcr eine lange Lebensdauer.<\/strong><br \/><br data-start=\"1119\" data-end=\"1122\">Die Deckelst\u00fctzen und mehrfach vernieteten Scharniere gew\u00e4hrleisten Stabilit\u00e4t und Zuverl\u00e4ssigkeit auch nach h\u00e4ufigem \u00d6ffnen und Schlie\u00dfen.<\/p>\n<p data-start=\"1272\" data-end=\"1489\"><strong data-start=\"1272\" data-end=\"1321\" data-is-only-node=\"\">6.Vielseitige und praktische Innenorganisation.<\/strong><br \/><br data-start=\"1325\" data-end=\"1328\">Der Boden mit verstellbaren Trennw\u00e4nden und die beiden Kleinteil-Schubladen erm\u00f6glichen eine individuelle Organisation f\u00fcr jede professionelle Anforderung.<\/p>\n<p data-start=\"1494\" data-end=\"1728\"><strong data-start=\"1494\" data-end=\"1544\" data-is-only-node=\"\">7.Ergonomischer Griff f\u00fcr h\u00f6chsten Tragekomfort.<\/strong><br \/><br data-start=\"1548\" data-end=\"1551\">Die gummierte Oberfl\u00e4che verbessert den Halt und reduziert die Erm\u00fcdung beim Tragen, wodurch der Werkzeugkoffer auch bei l\u00e4ngeren Eins\u00e4tzen angenehm zu transportieren ist.<\/p>\n<p data-start=\"1733\" data-end=\"1944\" data-is-last-node=\"\"><strong data-start=\"1733\" data-end=\"1795\" data-is-only-node=\"\">8.Integrierte Dokumententasche f\u00fcr vollst\u00e4ndiges Management.<\/strong><br \/><br data-start=\"1799\" data-end=\"1802\">Ideal zum Transport von technischen Datenbl\u00e4ttern, Handb\u00fcchern oder Einsatzdokumenten \u2013 alles in einem professionellen, robusten Beh\u00e4lter.<\/p>\n","protected":false},"excerpt":{"rendered":"<p>Die <strong>Bomber 170<\/strong> ist der ultra\u00adrobuste Profi-Werkzeugkoffer \u2013 ideal f\u00fcr Techniker und Wartungsspezialisten, die einen sicheren, gut organisierten und f\u00fcr jede Herausforderung bereiten Werkzeugkoffer suchen.<br \/><br data-start=\"225\" data-end=\"228\">Gefertigt mit einer doppelwandigen Struktur und sto\u00dffesten Polyethylen-Schalen.<\/p>\n","protected":false},"featured_media":6927,"comment_status":"open","ping_status":"closed","template":"","meta":{"_acf_changed":false},"product_brand":[],"product_cat":[235],"product_tag":[],"class_list":{"0":"post-16702","1":"product","2":"type-product","3":"status-publish","4":"has-post-thumbnail","6":"product_cat-bomber","7":"pa_anwendungen-koffer-und-taschen-fur-betreuer","8":"pa_anwendungen-koffer-und-taschen-fur-elektriker","9":"pa_anwendungen-koffer-und-taschen-fur-installateure","10":"pa_anwendungen-koffer-und-taschen-fur-servicetechniker","11":"pa_produkttyp-werkzeugkoffer","13":"first","14":"instock","15":"shipping-taxable","16":"purchasable","17":"product-type-simple"},"acf":[],"yoast_head":"<!-- This site is optimized with the Yoast SEO plugin v25.4 - https:\/\/yoast.com\/wordpress\/plugins\/seo\/ -->\n<title>GT Line Profi Koffer BOMBER 170 PEL - Gt Line DE<\/title>\n<meta name=\"robots\" content=\"index, follow, max-snippet:-1, max-image-preview:large, max-video-preview:-1\" \/>\n<link rel=\"canonical\" href=\"https:\/\/www.gtline.com\/de\/products\/gt-line-profi-koffer-bomber-170-pel\/\" \/>\n<meta property=\"og:locale\" content=\"de_DE\" \/>\n<meta property=\"og:type\" content=\"article\" \/>\n<meta property=\"og:title\" content=\"GT Line Profi Koffer BOMBER 170 PEL - Gt Line DE\" \/>\n<meta property=\"og:description\" content=\"Die Bomber 170 ist der ultra\u00adrobuste Profi-Werkzeugkoffer \u2013 ideal f\u00fcr Techniker und Wartungsspezialisten, die einen sicheren, gut organisierten und f\u00fcr jede Herausforderung bereiten Werkzeugkoffer suchen.Gefertigt mit einer doppelwandigen Struktur und sto\u00dffesten Polyethylen-Schalen.\" \/>\n<meta property=\"og:url\" content=\"https:\/\/www.gtline.com\/de\/products\/gt-line-profi-koffer-bomber-170-pel\/\" \/>\n<meta property=\"og:site_name\" content=\"Gt Line DE\" \/>\n<meta property=\"article:publisher\" content=\"https:\/\/www.facebook.com\/gtlinesrl?locale=it_IT\" \/>\n<meta property=\"article:modified_time\" content=\"2026-04-17T02:01:48+00:00\" \/>\n<meta property=\"og:image\" content=\"https:\/\/www.gtline.com\/de\/wp-content\/uploads\/sites\/5\/2025\/05\/BOMBER-170_PEL_01_8600.jpg\" \/>\n\t<meta property=\"og:image:width\" content=\"500\" \/>\n\t<meta property=\"og:image:height\" content=\"500\" \/>\n\t<meta property=\"og:image:type\" content=\"image\/jpeg\" \/>\n<meta name=\"twitter:card\" content=\"summary_large_image\" \/>\n<meta name=\"twitter:label1\" content=\"Gesch\u00e4tzte Lesezeit\" \/>\n\t<meta name=\"twitter:data1\" content=\"1\u00a0Minute\" \/>\n<script type=\"application\/ld+json\" class=\"yoast-schema-graph\">{\"@context\":\"https:\/\/schema.org\",\"@graph\":[{\"@type\":\"WebPage\",\"@id\":\"https:\/\/www.gtline.com\/de\/products\/gt-line-profi-koffer-bomber-170-pel\/\",\"url\":\"https:\/\/www.gtline.com\/de\/products\/gt-line-profi-koffer-bomber-170-pel\/\",\"name\":\"GT Line Profi Koffer BOMBER 170 PEL - Gt Line DE\",\"isPartOf\":{\"@id\":\"https:\/\/www.gtline.com\/de\/#website\"},\"primaryImageOfPage\":{\"@id\":\"https:\/\/www.gtline.com\/de\/products\/gt-line-profi-koffer-bomber-170-pel\/#primaryimage\"},\"image\":{\"@id\":\"https:\/\/www.gtline.com\/de\/products\/gt-line-profi-koffer-bomber-170-pel\/#primaryimage\"},\"thumbnailUrl\":\"https:\/\/www.gtline.com\/de\/wp-content\/uploads\/sites\/5\/2025\/05\/BOMBER-170_PEL_01_8600.jpg\",\"datePublished\":\"2025-07-30T10:14:24+00:00\",\"dateModified\":\"2026-04-17T02:01:48+00:00\",\"breadcrumb\":{\"@id\":\"https:\/\/www.gtline.com\/de\/products\/gt-line-profi-koffer-bomber-170-pel\/#breadcrumb\"},\"inLanguage\":\"de\",\"potentialAction\":[{\"@type\":\"ReadAction\",\"target\":[\"https:\/\/www.gtline.com\/de\/products\/gt-line-profi-koffer-bomber-170-pel\/\"]}]},{\"@type\":\"ImageObject\",\"inLanguage\":\"de\",\"@id\":\"https:\/\/www.gtline.com\/de\/products\/gt-line-profi-koffer-bomber-170-pel\/#primaryimage\",\"url\":\"https:\/\/www.gtline.com\/de\/wp-content\/uploads\/sites\/5\/2025\/05\/BOMBER-170_PEL_01_8600.jpg\",\"contentUrl\":\"https:\/\/www.gtline.com\/de\/wp-content\/uploads\/sites\/5\/2025\/05\/BOMBER-170_PEL_01_8600.jpg\",\"width\":500,\"height\":500},{\"@type\":\"BreadcrumbList\",\"@id\":\"https:\/\/www.gtline.com\/de\/products\/gt-line-profi-koffer-bomber-170-pel\/#breadcrumb\",\"itemListElement\":[{\"@type\":\"ListItem\",\"position\":1,\"name\":\"Home\",\"item\":\"https:\/\/www.gtline.com\/de\/\"},{\"@type\":\"ListItem\",\"position\":2,\"name\":\"Shop\",\"item\":\"https:\/\/www.gtline.com\/de\/negozio\/\"},{\"@type\":\"ListItem\",\"position\":3,\"name\":\"GT Line Profi Koffer BOMBER 170 PEL\"}]},{\"@type\":\"WebSite\",\"@id\":\"https:\/\/www.gtline.com\/de\/#website\",\"url\":\"https:\/\/www.gtline.com\/de\/\",\"name\":\"Gt Line\",\"description\":\"\",\"publisher\":{\"@id\":\"https:\/\/www.gtline.com\/de\/#organization\"},\"potentialAction\":[{\"@type\":\"SearchAction\",\"target\":{\"@type\":\"EntryPoint\",\"urlTemplate\":\"https:\/\/www.gtline.com\/de\/?s={search_term_string}\"},\"query-input\":{\"@type\":\"PropertyValueSpecification\",\"valueRequired\":true,\"valueName\":\"search_term_string\"}}],\"inLanguage\":\"de\"},{\"@type\":\"Organization\",\"@id\":\"https:\/\/www.gtline.com\/de\/#organization\",\"name\":\"Gt Line\",\"url\":\"https:\/\/www.gtline.com\/de\/\",\"logo\":{\"@type\":\"ImageObject\",\"inLanguage\":\"de\",\"@id\":\"https:\/\/www.gtline.com\/de\/#\/schema\/logo\/image\/\",\"url\":\"https:\/\/www.gtline.com\/de\/wp-content\/uploads\/sites\/5\/2025\/02\/logo.png\",\"contentUrl\":\"https:\/\/www.gtline.com\/de\/wp-content\/uploads\/sites\/5\/2025\/02\/logo.png\",\"width\":228,\"height\":146,\"caption\":\"Gt Line\"},\"image\":{\"@id\":\"https:\/\/www.gtline.com\/de\/#\/schema\/logo\/image\/\"},\"sameAs\":[\"https:\/\/www.facebook.com\/gtlinesrl?locale=it_IT\",\"https:\/\/www.instagram.com\/gt_line_srl\/\",\"https:\/\/www.youtube.com\/channel\/UCDvpkFqswNJOVFz64PkYRQQ\",\"https:\/\/www.linkedin.com\/company\/gt-line-srl\/\"]}]}<\/script>\n<!-- \/ Yoast SEO plugin. -->","yoast_head_json":{"title":"GT Line Profi Koffer BOMBER 170 PEL - Gt Line DE","robots":{"index":"index","follow":"follow","max-snippet":"max-snippet:-1","max-image-preview":"max-image-preview:large","max-video-preview":"max-video-preview:-1"},"canonical":"https:\/\/www.gtline.com\/de\/products\/gt-line-profi-koffer-bomber-170-pel\/","og_locale":"de_DE","og_type":"article","og_title":"GT Line Profi Koffer BOMBER 170 PEL - Gt Line DE","og_description":"Die Bomber 170 ist der ultra\u00adrobuste Profi-Werkzeugkoffer \u2013 ideal f\u00fcr Techniker und Wartungsspezialisten, die einen sicheren, gut organisierten und f\u00fcr jede Herausforderung bereiten Werkzeugkoffer suchen.Gefertigt mit einer doppelwandigen Struktur und sto\u00dffesten Polyethylen-Schalen.","og_url":"https:\/\/www.gtline.com\/de\/products\/gt-line-profi-koffer-bomber-170-pel\/","og_site_name":"Gt Line DE","article_publisher":"https:\/\/www.facebook.com\/gtlinesrl?locale=it_IT","article_modified_time":"2026-04-17T02:01:48+00:00","og_image":[{"width":500,"height":500,"url":"https:\/\/www.gtline.com\/de\/wp-content\/uploads\/sites\/5\/2025\/05\/BOMBER-170_PEL_01_8600.jpg","type":"image\/jpeg"}],"twitter_card":"summary_large_image","twitter_misc":{"Gesch\u00e4tzte Lesezeit":"1\u00a0Minute"},"schema":{"@context":"https:\/\/schema.org","@graph":[{"@type":"WebPage","@id":"https:\/\/www.gtline.com\/de\/products\/gt-line-profi-koffer-bomber-170-pel\/","url":"https:\/\/www.gtline.com\/de\/products\/gt-line-profi-koffer-bomber-170-pel\/","name":"GT Line Profi Koffer BOMBER 170 PEL - Gt Line DE","isPartOf":{"@id":"https:\/\/www.gtline.com\/de\/#website"},"primaryImageOfPage":{"@id":"https:\/\/www.gtline.com\/de\/products\/gt-line-profi-koffer-bomber-170-pel\/#primaryimage"},"image":{"@id":"https:\/\/www.gtline.com\/de\/products\/gt-line-profi-koffer-bomber-170-pel\/#primaryimage"},"thumbnailUrl":"https:\/\/www.gtline.com\/de\/wp-content\/uploads\/sites\/5\/2025\/05\/BOMBER-170_PEL_01_8600.jpg","datePublished":"2025-07-30T10:14:24+00:00","dateModified":"2026-04-17T02:01:48+00:00","breadcrumb":{"@id":"https:\/\/www.gtline.com\/de\/products\/gt-line-profi-koffer-bomber-170-pel\/#breadcrumb"},"inLanguage":"de","potentialAction":[{"@type":"ReadAction","target":["https:\/\/www.gtline.com\/de\/products\/gt-line-profi-koffer-bomber-170-pel\/"]}]},{"@type":"ImageObject","inLanguage":"de","@id":"https:\/\/www.gtline.com\/de\/products\/gt-line-profi-koffer-bomber-170-pel\/#primaryimage","url":"https:\/\/www.gtline.com\/de\/wp-content\/uploads\/sites\/5\/2025\/05\/BOMBER-170_PEL_01_8600.jpg","contentUrl":"https:\/\/www.gtline.com\/de\/wp-content\/uploads\/sites\/5\/2025\/05\/BOMBER-170_PEL_01_8600.jpg","width":500,"height":500},{"@type":"BreadcrumbList","@id":"https:\/\/www.gtline.com\/de\/products\/gt-line-profi-koffer-bomber-170-pel\/#breadcrumb","itemListElement":[{"@type":"ListItem","position":1,"name":"Home","item":"https:\/\/www.gtline.com\/de\/"},{"@type":"ListItem","position":2,"name":"Shop","item":"https:\/\/www.gtline.com\/de\/negozio\/"},{"@type":"ListItem","position":3,"name":"GT Line Profi Koffer BOMBER 170 PEL"}]},{"@type":"WebSite","@id":"https:\/\/www.gtline.com\/de\/#website","url":"https:\/\/www.gtline.com\/de\/","name":"Gt Line","description":"","publisher":{"@id":"https:\/\/www.gtline.com\/de\/#organization"},"potentialAction":[{"@type":"SearchAction","target":{"@type":"EntryPoint","urlTemplate":"https:\/\/www.gtline.com\/de\/?s={search_term_string}"},"query-input":{"@type":"PropertyValueSpecification","valueRequired":true,"valueName":"search_term_string"}}],"inLanguage":"de"},{"@type":"Organization","@id":"https:\/\/www.gtline.com\/de\/#organization","name":"Gt Line","url":"https:\/\/www.gtline.com\/de\/","logo":{"@type":"ImageObject","inLanguage":"de","@id":"https:\/\/www.gtline.com\/de\/#\/schema\/logo\/image\/","url":"https:\/\/www.gtline.com\/de\/wp-content\/uploads\/sites\/5\/2025\/02\/logo.png","contentUrl":"https:\/\/www.gtline.com\/de\/wp-content\/uploads\/sites\/5\/2025\/02\/logo.png","width":228,"height":146,"caption":"Gt Line"},"image":{"@id":"https:\/\/www.gtline.com\/de\/#\/schema\/logo\/image\/"},"sameAs":["https:\/\/www.facebook.com\/gtlinesrl?locale=it_IT","https:\/\/www.instagram.com\/gt_line_srl\/","https:\/\/www.youtube.com\/channel\/UCDvpkFqswNJOVFz64PkYRQQ","https:\/\/www.linkedin.com\/company\/gt-line-srl\/"]}]}},"_links":{"self":[{"href":"https:\/\/www.gtline.com\/de\/wp-json\/wp\/v2\/product\/16702","targetHints":{"allow":["GET"]}}],"collection":[{"href":"https:\/\/www.gtline.com\/de\/wp-json\/wp\/v2\/product"}],"about":[{"href":"https:\/\/www.gtline.com\/de\/wp-json\/wp\/v2\/types\/product"}],"replies":[{"embeddable":true,"href":"https:\/\/www.gtline.com\/de\/wp-json\/wp\/v2\/comments?post=16702"}],"version-history":[{"count":3,"href":"https:\/\/www.gtline.com\/de\/wp-json\/wp\/v2\/product\/16702\/revisions"}],"predecessor-version":[{"id":22287,"href":"https:\/\/www.gtline.com\/de\/wp-json\/wp\/v2\/product\/16702\/revisions\/22287"}],"wp:featuredmedia":[{"embeddable":true,"href":"https:\/\/www.gtline.com\/de\/wp-json\/wp\/v2\/media\/6927"}],"wp:attachment":[{"href":"https:\/\/www.gtline.com\/de\/wp-json\/wp\/v2\/media?parent=16702"}],"wp:term":[{"taxonomy":"product_brand","embeddable":true,"href":"https:\/\/www.gtline.com\/de\/wp-json\/wp\/v2\/product_brand?post=16702"},{"taxonomy":"product_cat","embeddable":true,"href":"https:\/\/www.gtline.com\/de\/wp-json\/wp\/v2\/product_cat?post=16702"},{"taxonomy":"product_tag","embeddable":true,"href":"https:\/\/www.gtline.com\/de\/wp-json\/wp\/v2\/product_tag?post=16702"}],"curies":[{"name":"wp","href":"https:\/\/api.w.org\/{rel}","templated":true}]}}