{"id":16710,"date":"2025-07-30T10:14:44","date_gmt":"2025-07-30T10:14:44","guid":{"rendered":"https:\/\/www.gtline.com\/de\/prodotto\/gt-line-professioneller-wagen-boxer-wh-pts\/"},"modified":"2026-04-17T02:02:08","modified_gmt":"2026-04-17T02:02:08","slug":"gt-line-professioneller-wagen-boxer-wh-pts","status":"publish","type":"product","link":"https:\/\/www.gtline.com\/de\/products\/gt-line-professioneller-wagen-boxer-wh-pts\/","title":{"rendered":"GT Line Professioneller Wagen BOXER WH PTS"},"content":{"rendered":"<p data-start=\"112\" data-end=\"321\"><strong>1.Einfach zu transportieren, ohne auf Robustheit zu verzichten.<br \/><\/strong><br data-start=\"177\" data-end=\"180\">Der neue Griff mit Gummierung erm\u00f6glicht einen komfortablen und sicheren Halt und erleichtert den Transport auch auf l\u00e4ngeren Strecken.<\/p>\n<p data-start=\"326\" data-end=\"507\"><strong>2.Garantierte Sicherheit f\u00fcr Ihre Werkzeuge.<br \/><\/strong><br data-start=\"372\" data-end=\"375\">Die neuen seitlichen Schl\u00f6sser mit Schl\u00fcssel bieten effektiven Schutz vor unbefugtem Zugriff und halten Ihre Werkzeuge sicher.<\/p>\n<p data-start=\"512\" data-end=\"730\"><strong>3.Effiziente Organisation f\u00fcr optimales Management.<br \/><\/strong><br data-start=\"565\" data-end=\"568\">Das Dokumentenfach und die zwei kleinen Schubladen f\u00fcr Kleinteile sorgen f\u00fcr Ordnung und erm\u00f6glichen schnellen Zugriff auf Dokumente und kleine Komponenten.<\/p>\n<p data-start=\"735\" data-end=\"913\"><strong>4.Praktische Unterst\u00fctzung f\u00fcr eine einfache Handhabung.<br \/><\/strong><br data-start=\"793\" data-end=\"796\">Der Deckelhalter h\u00e4lt den Deckel w\u00e4hrend der Nutzung offen und erleichtert so fl\u00fcssiges und schnelles Arbeiten.<\/p>\n<p data-start=\"918\" data-end=\"1156\"><strong>5.Maximale Vielseitigkeit f\u00fcr jedes Werkzeug.<br \/><\/strong><br data-start=\"965\" data-end=\"968\">Die zwei Werkzeugtafeln mit elastischen Haltern erm\u00f6glichen die schnelle Organisation und den sofortigen Zugriff auf alle wichtigen Werkzeuge, wobei Ordnung im Koffer bewahrt bleibt.<\/p>\n<p data-start=\"1161\" data-end=\"1394\" data-is-last-node=\"\"><strong>6.Tiefgezogener Boden f\u00fcr optimalen Schutz.<br \/><\/strong><br data-start=\"1206\" data-end=\"1209\">Der thermoformierte Boden ist so konzipiert, dass er Objekte verschiedener Formen und Gr\u00f6\u00dfen tr\u00e4gt und sch\u00fctzt, sodass eine sichere und schadensfreie Aufbewahrung gew\u00e4hrleistet ist.<\/p>\n","protected":false},"excerpt":{"rendered":"<p>Der Koffer Boxer WH vereint perfekte Leichtigkeit und Widerstandsf\u00e4higkeit und ist ideal f\u00fcr Fachkr\u00e4fte, die einen zuverl\u00e4ssigen und praktischen Beh\u00e4lter suchen. Trotz kompakter Abmessungen bietet er ein hohes Fassungsverm\u00f6gen.<BR><br \/>Hergestellt aus spritzgegossenem Polypropylen, bietet er ein hervorragendes Preis-Leistungs-Verh\u00e4ltnis, ohne die Kapazit\u00e4t einzuschr\u00e4nken. Das Aluminiumprofil sorgt f\u00fcr zus\u00e4tzliche Stabilit\u00e4t und macht diesen Werkzeugkoffer zur idealen Wahl f\u00fcr alle, die einen professionellen Koffer suchen, der Praktikabilit\u00e4t, Sicherheit und funktionales Design vereint.<br \/>Boxer WH ist ein unverzichtbarer Begleiter f\u00fcr alle, die mobil arbeiten.<\/p>\n","protected":false},"featured_media":6961,"comment_status":"open","ping_status":"closed","template":"","meta":{"_acf_changed":false},"product_brand":[],"product_cat":[236],"product_tag":[],"class_list":{"0":"post-16710","1":"product","2":"type-product","3":"status-publish","4":"has-post-thumbnail","6":"product_cat-boxer","7":"pa_anwendungen-koffer-und-taschen-fur-betreuer","8":"pa_anwendungen-koffer-und-taschen-fur-elektriker","9":"pa_anwendungen-koffer-und-taschen-fur-installateure","10":"pa_anwendungen-koffer-und-taschen-fur-servicetechniker","11":"pa_produkttyp-werkzeugkoffer","13":"first","14":"instock","15":"shipping-taxable","16":"purchasable","17":"product-type-simple"},"acf":[],"yoast_head":"<!-- This site is optimized with the Yoast SEO plugin v25.4 - https:\/\/yoast.com\/wordpress\/plugins\/seo\/ -->\n<title>GT Line Professioneller Wagen BOXER WH PTS - Gt Line DE<\/title>\n<meta name=\"robots\" content=\"index, follow, max-snippet:-1, max-image-preview:large, max-video-preview:-1\" \/>\n<link rel=\"canonical\" href=\"https:\/\/www.gtline.com\/de\/products\/gt-line-professioneller-wagen-boxer-wh-pts\/\" \/>\n<meta property=\"og:locale\" content=\"de_DE\" \/>\n<meta property=\"og:type\" content=\"article\" \/>\n<meta property=\"og:title\" content=\"GT Line Professioneller Wagen BOXER WH PTS - Gt Line DE\" \/>\n<meta property=\"og:description\" content=\"Der Koffer Boxer WH vereint perfekte Leichtigkeit und Widerstandsf\u00e4higkeit und ist ideal f\u00fcr Fachkr\u00e4fte, die einen zuverl\u00e4ssigen und praktischen Beh\u00e4lter suchen. Trotz kompakter Abmessungen bietet er ein hohes Fassungsverm\u00f6gen.Hergestellt aus spritzgegossenem Polypropylen, bietet er ein hervorragendes Preis-Leistungs-Verh\u00e4ltnis, ohne die Kapazit\u00e4t einzuschr\u00e4nken. Das Aluminiumprofil sorgt f\u00fcr zus\u00e4tzliche Stabilit\u00e4t und macht diesen Werkzeugkoffer zur idealen Wahl f\u00fcr alle, die einen professionellen Koffer suchen, der Praktikabilit\u00e4t, Sicherheit und funktionales Design vereint.Boxer WH ist ein unverzichtbarer Begleiter f\u00fcr alle, die mobil arbeiten.\" \/>\n<meta property=\"og:url\" content=\"https:\/\/www.gtline.com\/de\/products\/gt-line-professioneller-wagen-boxer-wh-pts\/\" \/>\n<meta property=\"og:site_name\" content=\"Gt Line DE\" \/>\n<meta property=\"article:publisher\" content=\"https:\/\/www.facebook.com\/gtlinesrl?locale=it_IT\" \/>\n<meta property=\"article:modified_time\" content=\"2026-04-17T02:02:08+00:00\" \/>\n<meta property=\"og:image\" content=\"https:\/\/www.gtline.com\/de\/wp-content\/uploads\/sites\/5\/2025\/05\/BOXER-WH_PTS_01_8607.jpg\" \/>\n\t<meta property=\"og:image:width\" content=\"500\" \/>\n\t<meta property=\"og:image:height\" content=\"500\" \/>\n\t<meta property=\"og:image:type\" content=\"image\/jpeg\" \/>\n<meta name=\"twitter:card\" content=\"summary_large_image\" \/>\n<meta name=\"twitter:label1\" content=\"Gesch\u00e4tzte Lesezeit\" \/>\n\t<meta name=\"twitter:data1\" content=\"1\u00a0Minute\" \/>\n<script type=\"application\/ld+json\" class=\"yoast-schema-graph\">{\"@context\":\"https:\/\/schema.org\",\"@graph\":[{\"@type\":\"WebPage\",\"@id\":\"https:\/\/www.gtline.com\/de\/products\/gt-line-professioneller-wagen-boxer-wh-pts\/\",\"url\":\"https:\/\/www.gtline.com\/de\/products\/gt-line-professioneller-wagen-boxer-wh-pts\/\",\"name\":\"GT Line Professioneller Wagen BOXER WH PTS - Gt Line DE\",\"isPartOf\":{\"@id\":\"https:\/\/www.gtline.com\/de\/#website\"},\"primaryImageOfPage\":{\"@id\":\"https:\/\/www.gtline.com\/de\/products\/gt-line-professioneller-wagen-boxer-wh-pts\/#primaryimage\"},\"image\":{\"@id\":\"https:\/\/www.gtline.com\/de\/products\/gt-line-professioneller-wagen-boxer-wh-pts\/#primaryimage\"},\"thumbnailUrl\":\"https:\/\/www.gtline.com\/de\/wp-content\/uploads\/sites\/5\/2025\/05\/BOXER-WH_PTS_01_8607.jpg\",\"datePublished\":\"2025-07-30T10:14:44+00:00\",\"dateModified\":\"2026-04-17T02:02:08+00:00\",\"breadcrumb\":{\"@id\":\"https:\/\/www.gtline.com\/de\/products\/gt-line-professioneller-wagen-boxer-wh-pts\/#breadcrumb\"},\"inLanguage\":\"de\",\"potentialAction\":[{\"@type\":\"ReadAction\",\"target\":[\"https:\/\/www.gtline.com\/de\/products\/gt-line-professioneller-wagen-boxer-wh-pts\/\"]}]},{\"@type\":\"ImageObject\",\"inLanguage\":\"de\",\"@id\":\"https:\/\/www.gtline.com\/de\/products\/gt-line-professioneller-wagen-boxer-wh-pts\/#primaryimage\",\"url\":\"https:\/\/www.gtline.com\/de\/wp-content\/uploads\/sites\/5\/2025\/05\/BOXER-WH_PTS_01_8607.jpg\",\"contentUrl\":\"https:\/\/www.gtline.com\/de\/wp-content\/uploads\/sites\/5\/2025\/05\/BOXER-WH_PTS_01_8607.jpg\",\"width\":500,\"height\":500},{\"@type\":\"BreadcrumbList\",\"@id\":\"https:\/\/www.gtline.com\/de\/products\/gt-line-professioneller-wagen-boxer-wh-pts\/#breadcrumb\",\"itemListElement\":[{\"@type\":\"ListItem\",\"position\":1,\"name\":\"Home\",\"item\":\"https:\/\/www.gtline.com\/de\/\"},{\"@type\":\"ListItem\",\"position\":2,\"name\":\"Shop\",\"item\":\"https:\/\/www.gtline.com\/de\/negozio\/\"},{\"@type\":\"ListItem\",\"position\":3,\"name\":\"GT Line Professioneller Wagen BOXER WH PTS\"}]},{\"@type\":\"WebSite\",\"@id\":\"https:\/\/www.gtline.com\/de\/#website\",\"url\":\"https:\/\/www.gtline.com\/de\/\",\"name\":\"Gt Line\",\"description\":\"\",\"publisher\":{\"@id\":\"https:\/\/www.gtline.com\/de\/#organization\"},\"potentialAction\":[{\"@type\":\"SearchAction\",\"target\":{\"@type\":\"EntryPoint\",\"urlTemplate\":\"https:\/\/www.gtline.com\/de\/?s={search_term_string}\"},\"query-input\":{\"@type\":\"PropertyValueSpecification\",\"valueRequired\":true,\"valueName\":\"search_term_string\"}}],\"inLanguage\":\"de\"},{\"@type\":\"Organization\",\"@id\":\"https:\/\/www.gtline.com\/de\/#organization\",\"name\":\"Gt Line\",\"url\":\"https:\/\/www.gtline.com\/de\/\",\"logo\":{\"@type\":\"ImageObject\",\"inLanguage\":\"de\",\"@id\":\"https:\/\/www.gtline.com\/de\/#\/schema\/logo\/image\/\",\"url\":\"https:\/\/www.gtline.com\/de\/wp-content\/uploads\/sites\/5\/2025\/02\/logo.png\",\"contentUrl\":\"https:\/\/www.gtline.com\/de\/wp-content\/uploads\/sites\/5\/2025\/02\/logo.png\",\"width\":228,\"height\":146,\"caption\":\"Gt Line\"},\"image\":{\"@id\":\"https:\/\/www.gtline.com\/de\/#\/schema\/logo\/image\/\"},\"sameAs\":[\"https:\/\/www.facebook.com\/gtlinesrl?locale=it_IT\",\"https:\/\/www.instagram.com\/gt_line_srl\/\",\"https:\/\/www.youtube.com\/channel\/UCDvpkFqswNJOVFz64PkYRQQ\",\"https:\/\/www.linkedin.com\/company\/gt-line-srl\/\"]}]}<\/script>\n<!-- \/ Yoast SEO plugin. -->","yoast_head_json":{"title":"GT Line Professioneller Wagen BOXER WH PTS - Gt Line DE","robots":{"index":"index","follow":"follow","max-snippet":"max-snippet:-1","max-image-preview":"max-image-preview:large","max-video-preview":"max-video-preview:-1"},"canonical":"https:\/\/www.gtline.com\/de\/products\/gt-line-professioneller-wagen-boxer-wh-pts\/","og_locale":"de_DE","og_type":"article","og_title":"GT Line Professioneller Wagen BOXER WH PTS - Gt Line DE","og_description":"Der Koffer Boxer WH vereint perfekte Leichtigkeit und Widerstandsf\u00e4higkeit und ist ideal f\u00fcr Fachkr\u00e4fte, die einen zuverl\u00e4ssigen und praktischen Beh\u00e4lter suchen. Trotz kompakter Abmessungen bietet er ein hohes Fassungsverm\u00f6gen.Hergestellt aus spritzgegossenem Polypropylen, bietet er ein hervorragendes Preis-Leistungs-Verh\u00e4ltnis, ohne die Kapazit\u00e4t einzuschr\u00e4nken. Das Aluminiumprofil sorgt f\u00fcr zus\u00e4tzliche Stabilit\u00e4t und macht diesen Werkzeugkoffer zur idealen Wahl f\u00fcr alle, die einen professionellen Koffer suchen, der Praktikabilit\u00e4t, Sicherheit und funktionales Design vereint.Boxer WH ist ein unverzichtbarer Begleiter f\u00fcr alle, die mobil arbeiten.","og_url":"https:\/\/www.gtline.com\/de\/products\/gt-line-professioneller-wagen-boxer-wh-pts\/","og_site_name":"Gt Line DE","article_publisher":"https:\/\/www.facebook.com\/gtlinesrl?locale=it_IT","article_modified_time":"2026-04-17T02:02:08+00:00","og_image":[{"width":500,"height":500,"url":"https:\/\/www.gtline.com\/de\/wp-content\/uploads\/sites\/5\/2025\/05\/BOXER-WH_PTS_01_8607.jpg","type":"image\/jpeg"}],"twitter_card":"summary_large_image","twitter_misc":{"Gesch\u00e4tzte Lesezeit":"1\u00a0Minute"},"schema":{"@context":"https:\/\/schema.org","@graph":[{"@type":"WebPage","@id":"https:\/\/www.gtline.com\/de\/products\/gt-line-professioneller-wagen-boxer-wh-pts\/","url":"https:\/\/www.gtline.com\/de\/products\/gt-line-professioneller-wagen-boxer-wh-pts\/","name":"GT Line Professioneller Wagen BOXER WH PTS - Gt Line DE","isPartOf":{"@id":"https:\/\/www.gtline.com\/de\/#website"},"primaryImageOfPage":{"@id":"https:\/\/www.gtline.com\/de\/products\/gt-line-professioneller-wagen-boxer-wh-pts\/#primaryimage"},"image":{"@id":"https:\/\/www.gtline.com\/de\/products\/gt-line-professioneller-wagen-boxer-wh-pts\/#primaryimage"},"thumbnailUrl":"https:\/\/www.gtline.com\/de\/wp-content\/uploads\/sites\/5\/2025\/05\/BOXER-WH_PTS_01_8607.jpg","datePublished":"2025-07-30T10:14:44+00:00","dateModified":"2026-04-17T02:02:08+00:00","breadcrumb":{"@id":"https:\/\/www.gtline.com\/de\/products\/gt-line-professioneller-wagen-boxer-wh-pts\/#breadcrumb"},"inLanguage":"de","potentialAction":[{"@type":"ReadAction","target":["https:\/\/www.gtline.com\/de\/products\/gt-line-professioneller-wagen-boxer-wh-pts\/"]}]},{"@type":"ImageObject","inLanguage":"de","@id":"https:\/\/www.gtline.com\/de\/products\/gt-line-professioneller-wagen-boxer-wh-pts\/#primaryimage","url":"https:\/\/www.gtline.com\/de\/wp-content\/uploads\/sites\/5\/2025\/05\/BOXER-WH_PTS_01_8607.jpg","contentUrl":"https:\/\/www.gtline.com\/de\/wp-content\/uploads\/sites\/5\/2025\/05\/BOXER-WH_PTS_01_8607.jpg","width":500,"height":500},{"@type":"BreadcrumbList","@id":"https:\/\/www.gtline.com\/de\/products\/gt-line-professioneller-wagen-boxer-wh-pts\/#breadcrumb","itemListElement":[{"@type":"ListItem","position":1,"name":"Home","item":"https:\/\/www.gtline.com\/de\/"},{"@type":"ListItem","position":2,"name":"Shop","item":"https:\/\/www.gtline.com\/de\/negozio\/"},{"@type":"ListItem","position":3,"name":"GT Line Professioneller Wagen BOXER WH PTS"}]},{"@type":"WebSite","@id":"https:\/\/www.gtline.com\/de\/#website","url":"https:\/\/www.gtline.com\/de\/","name":"Gt Line","description":"","publisher":{"@id":"https:\/\/www.gtline.com\/de\/#organization"},"potentialAction":[{"@type":"SearchAction","target":{"@type":"EntryPoint","urlTemplate":"https:\/\/www.gtline.com\/de\/?s={search_term_string}"},"query-input":{"@type":"PropertyValueSpecification","valueRequired":true,"valueName":"search_term_string"}}],"inLanguage":"de"},{"@type":"Organization","@id":"https:\/\/www.gtline.com\/de\/#organization","name":"Gt Line","url":"https:\/\/www.gtline.com\/de\/","logo":{"@type":"ImageObject","inLanguage":"de","@id":"https:\/\/www.gtline.com\/de\/#\/schema\/logo\/image\/","url":"https:\/\/www.gtline.com\/de\/wp-content\/uploads\/sites\/5\/2025\/02\/logo.png","contentUrl":"https:\/\/www.gtline.com\/de\/wp-content\/uploads\/sites\/5\/2025\/02\/logo.png","width":228,"height":146,"caption":"Gt Line"},"image":{"@id":"https:\/\/www.gtline.com\/de\/#\/schema\/logo\/image\/"},"sameAs":["https:\/\/www.facebook.com\/gtlinesrl?locale=it_IT","https:\/\/www.instagram.com\/gt_line_srl\/","https:\/\/www.youtube.com\/channel\/UCDvpkFqswNJOVFz64PkYRQQ","https:\/\/www.linkedin.com\/company\/gt-line-srl\/"]}]}},"_links":{"self":[{"href":"https:\/\/www.gtline.com\/de\/wp-json\/wp\/v2\/product\/16710","targetHints":{"allow":["GET"]}}],"collection":[{"href":"https:\/\/www.gtline.com\/de\/wp-json\/wp\/v2\/product"}],"about":[{"href":"https:\/\/www.gtline.com\/de\/wp-json\/wp\/v2\/types\/product"}],"replies":[{"embeddable":true,"href":"https:\/\/www.gtline.com\/de\/wp-json\/wp\/v2\/comments?post=16710"}],"version-history":[{"count":2,"href":"https:\/\/www.gtline.com\/de\/wp-json\/wp\/v2\/product\/16710\/revisions"}],"predecessor-version":[{"id":22300,"href":"https:\/\/www.gtline.com\/de\/wp-json\/wp\/v2\/product\/16710\/revisions\/22300"}],"wp:featuredmedia":[{"embeddable":true,"href":"https:\/\/www.gtline.com\/de\/wp-json\/wp\/v2\/media\/6961"}],"wp:attachment":[{"href":"https:\/\/www.gtline.com\/de\/wp-json\/wp\/v2\/media?parent=16710"}],"wp:term":[{"taxonomy":"product_brand","embeddable":true,"href":"https:\/\/www.gtline.com\/de\/wp-json\/wp\/v2\/product_brand?post=16710"},{"taxonomy":"product_cat","embeddable":true,"href":"https:\/\/www.gtline.com\/de\/wp-json\/wp\/v2\/product_cat?post=16710"},{"taxonomy":"product_tag","embeddable":true,"href":"https:\/\/www.gtline.com\/de\/wp-json\/wp\/v2\/product_tag?post=16710"}],"curies":[{"name":"wp","href":"https:\/\/api.w.org\/{rel}","templated":true}]}}