{"id":16714,"date":"2025-07-30T10:14:53","date_gmt":"2025-07-30T10:14:53","guid":{"rendered":"https:\/\/www.gtline.com\/de\/prodotto\/gt-line-profi-trolley-flash-wh-2-pel\/"},"modified":"2026-04-17T02:02:19","modified_gmt":"2026-04-17T02:02:19","slug":"gt-line-profi-trolley-flash-wh-2-pel","status":"publish","type":"product","link":"https:\/\/www.gtline.com\/de\/products\/gt-line-profi-trolley-flash-wh-2-pel\/","title":{"rendered":"GT Line Profi Trolley Flash WH 2 PEL"},"content":{"rendered":"<p data-start=\"3\" data-end=\"315\"><strong data-start=\"3\" data-end=\"60\" data-is-only-node=\"\">1.Robuste Struktur f\u00fcr langfristig zuverl\u00e4ssigen Schutz<\/strong><br \/> Das <strong data-start=\"69\" data-end=\"94\">hochfeste ABS-Geh\u00e4use<\/strong> und die <strong data-start=\"103\" data-end=\"123\">Aluminiumprofile<\/strong> bieten Schutz vor <strong data-start=\"142\" data-end=\"185\">St\u00f6\u00dfen, St\u00fcrzen und t\u00e4glicher Abnutzung<\/strong> und machen den <strong data-start=\"201\" data-end=\"215\">Flash WH 2<\/strong> zu einem <strong data-start=\"225\" data-end=\"263\">langlebigen professionellen Koffer<\/strong>, selbst in anspruchsvollen Arbeitsumgebungen.<\/p>\n<p data-start=\"320\" data-end=\"603\"><strong data-start=\"320\" data-end=\"377\" data-is-only-node=\"\">2.Intelligente Organisation f\u00fcr Werkzeuge und Dokumente<\/strong><br \/> Mit <strong data-start=\"386\" data-end=\"428\">zwei Werkzeugtafeln mit Elastikb\u00e4ndern<\/strong>und einer <strong data-start=\"439\" data-end=\"471\">praktischen Dokumententasche<\/strong> ausgestattet, sorgt der <strong data-start=\"496\" data-end=\"525\">Flash WH 2 Werkzeugkoffer<\/strong> f\u00fcr <strong data-start=\"530\" data-end=\"563\">Ordnung und schnellen Zugriff<\/strong> auf alle wichtigen Arbeitsmittel.<\/p>\n<p data-start=\"608\" data-end=\"863\"><strong data-start=\"608\" data-end=\"678\" data-is-only-node=\"\">3.Unteres Fach mit herausnehmbaren Teilern f\u00fcr maximale Flexibilit\u00e4t<\/strong><br \/> Der <strong data-start=\"687\" data-end=\"703\">Bodenbereich<\/strong> verf\u00fcgt \u00fcber <strong data-start=\"717\" data-end=\"756\">modulare, herausnehmbare Trennw\u00e4nde<\/strong>, mit denen sich der Stauraum individuell an die Gr\u00f6\u00dfe der Werkzeuge und Zubeh\u00f6rteile anpassen l\u00e4sst.<\/p>\n<p data-start=\"868\" data-end=\"1102\"><strong data-start=\"868\" data-end=\"909\" data-is-only-node=\"\">4.Erh\u00f6hte Sicherheit f\u00fcr Ihre Werkzeuge<\/strong><br \/> Zwei <strong data-start=\"919\" data-end=\"941\">Schl\u00fcsselschl\u00f6sser<\/strong> und <strong data-start=\"946\" data-end=\"971\">Sicherheitsscharniere<\/strong> gew\u00e4hrleisten einen <strong data-start=\"992\" data-end=\"1015\">stabilen Verschluss<\/strong> und sch\u00fctzen den Inhalt vor <strong data-start=\"1044\" data-end=\"1095\">unbeabsichtigtem \u00d6ffnen oder unbefugtem Zugriff<\/strong>.<\/p>\n<p data-start=\"1107\" data-end=\"1303\"><strong data-start=\"1107\" data-end=\"1149\" data-is-only-node=\"\">5.Einfache Reinigung und schnelle Pflege<\/strong><br \/> Die <strong data-start=\"1158\" data-end=\"1199\">innen leicht zu reinigende Oberfl\u00e4che<\/strong> sorgt stets f\u00fcr <strong data-start=\"1216\" data-end=\"1239\">Ordnung und Hygiene<\/strong> im Werkzeugkoffer \u2013 ideal f\u00fcr den professionellen Alltag.<\/p>\n<p data-start=\"1308\" data-end=\"1561\"><strong data-start=\"1308\" data-end=\"1348\" data-is-only-node=\"\">6.H\u00f6chster Tragekomfort beim Transport<\/strong><br \/> Der <strong data-start=\"1357\" data-end=\"1386\">ausziehbare Teleskopgriff<\/strong>, kombiniert mit <strong data-start=\"1403\" data-end=\"1426\">laufleichten Rollen<\/strong> und einem <strong data-start=\"1437\" data-end=\"1476\">ergonomischen, gummierten Handgriff<\/strong>, erm\u00f6glicht einen <strong data-start=\"1495\" data-end=\"1517\">bequemen Transport<\/strong>, auch bei h\u00e4ufigen oder langen Wegen.<\/p>\n<p data-start=\"1566\" data-end=\"1807\" data-is-last-node=\"\"><strong data-start=\"1566\" data-end=\"1600\" data-is-only-node=\"\">7.Ideal f\u00fcr Fachkr\u00e4fte unterwegs<\/strong><br \/> Durch sein <strong data-start=\"1616\" data-end=\"1636\">kompaktes Design<\/strong> und das <strong data-start=\"1645\" data-end=\"1663\">Trolley-System<\/strong> ist der <strong data-start=\"1672\" data-end=\"1686\">Flash WH 2<\/strong>die perfekte Wahl f\u00fcr alle, die einen <strong data-start=\"1725\" data-end=\"1792\">praktischen, robusten und sofort einsatzbereiten Werkzeugkoffer<\/strong>ben\u00f6tigen.<\/p>\n","protected":false},"excerpt":{"rendered":"<p>Der professionelle <strong data-start=\"19\" data-end=\"49\">Werkzeugtrolley Flash WH 2<\/strong> von <strong data-start=\"54\" data-end=\"65\">GT Line<\/strong> ist die ideale Wahl f\u00fcr alle, die einen <strong data-start=\"106\" data-end=\"176\">robusten, vielseitigen und leicht transportierbaren Werkzeugkoffer<\/strong> suchen.<br data-start=\"184\" data-end=\"187\">Gefertigt aus <strong data-start=\"201\" data-end=\"225\">spritzgegossenem ABS<\/strong> mit <strong data-start=\"230\" data-end=\"260\">stabilen Aluminiumprofilen<\/strong>, vereint dieser <strong data-start=\"277\" data-end=\"302\">professionelle Koffer<\/strong><strong data-start=\"303\" data-end=\"334\">Leichtigkeit und Stabilit\u00e4t<\/strong> in perfektem Gleichgewicht.<br \/><br data-start=\"362\" data-end=\"365\">Ideal f\u00fcr <strong data-start=\"375\" data-end=\"416\">Techniker und Instandhalter unterwegs<\/strong>, bietet der <strong data-start=\"429\" data-end=\"443\">Flash WH 2<\/strong> eine <strong data-start=\"449\" data-end=\"482\">optimale Werkzeugorganisation<\/strong> und <strong data-start=\"487\" data-end=\"508\">lange Lebensdauer<\/strong>, selbst unter <strong data-start=\"523\" data-end=\"561\">anspruchsvollen Arbeitsbedingungen<\/strong>.<br \/><br data-start=\"562\" data-end=\"565\">Eine <strong data-start=\"570\" data-end=\"594\">hervorragende L\u00f6sung<\/strong> f\u00fcr alle, die einen <strong data-start=\"615\" data-end=\"696\">hochwertigen professionellen Werkzeugkoffer zu einem wettbewerbsf\u00e4higen Preis<\/strong> suchen.<\/p>\n","protected":false},"featured_media":6975,"comment_status":"open","ping_status":"closed","template":"","meta":{"_acf_changed":false},"product_brand":[],"product_cat":[238],"product_tag":[],"class_list":{"0":"post-16714","1":"product","2":"type-product","3":"status-publish","4":"has-post-thumbnail","6":"product_cat-flash-cases","7":"pa_anwendungen-koffer-und-taschen-fur-betreuer","8":"pa_anwendungen-koffer-und-taschen-fur-elektriker","9":"pa_anwendungen-koffer-und-taschen-fur-installateure","10":"pa_anwendungen-koffer-und-taschen-fur-servicetechniker","11":"pa_produkttyp-werkzeugkoffer","13":"first","14":"instock","15":"shipping-taxable","16":"purchasable","17":"product-type-simple"},"acf":[],"yoast_head":"<!-- This site is optimized with the Yoast SEO plugin v25.4 - https:\/\/yoast.com\/wordpress\/plugins\/seo\/ -->\n<title>GT Line Profi Trolley Flash WH 2 PEL - Gt Line DE<\/title>\n<meta name=\"robots\" content=\"index, follow, max-snippet:-1, max-image-preview:large, max-video-preview:-1\" \/>\n<link rel=\"canonical\" href=\"https:\/\/www.gtline.com\/de\/products\/gt-line-profi-trolley-flash-wh-2-pel\/\" \/>\n<meta property=\"og:locale\" content=\"de_DE\" \/>\n<meta property=\"og:type\" content=\"article\" \/>\n<meta property=\"og:title\" content=\"GT Line Profi Trolley Flash WH 2 PEL - Gt Line DE\" \/>\n<meta property=\"og:description\" content=\"Der professionelle Werkzeugtrolley Flash WH 2 von GT Line ist die ideale Wahl f\u00fcr alle, die einen robusten, vielseitigen und leicht transportierbaren Werkzeugkoffer suchen.Gefertigt aus spritzgegossenem ABS mit stabilen Aluminiumprofilen, vereint dieser professionelle KofferLeichtigkeit und Stabilit\u00e4t in perfektem Gleichgewicht.Ideal f\u00fcr Techniker und Instandhalter unterwegs, bietet der Flash WH 2 eine optimale Werkzeugorganisation und lange Lebensdauer, selbst unter anspruchsvollen Arbeitsbedingungen.Eine hervorragende L\u00f6sung f\u00fcr alle, die einen hochwertigen professionellen Werkzeugkoffer zu einem wettbewerbsf\u00e4higen Preis suchen.\" \/>\n<meta property=\"og:url\" content=\"https:\/\/www.gtline.com\/de\/products\/gt-line-profi-trolley-flash-wh-2-pel\/\" \/>\n<meta property=\"og:site_name\" content=\"Gt Line DE\" \/>\n<meta property=\"article:publisher\" content=\"https:\/\/www.facebook.com\/gtlinesrl?locale=it_IT\" \/>\n<meta property=\"article:modified_time\" content=\"2026-04-17T02:02:19+00:00\" \/>\n<meta property=\"og:image\" content=\"https:\/\/www.gtline.com\/de\/wp-content\/uploads\/sites\/5\/2025\/05\/FLASH-WH-2_PEL_01_8612.jpg\" \/>\n\t<meta property=\"og:image:width\" content=\"500\" \/>\n\t<meta property=\"og:image:height\" content=\"500\" \/>\n\t<meta property=\"og:image:type\" content=\"image\/jpeg\" \/>\n<meta name=\"twitter:card\" content=\"summary_large_image\" \/>\n<meta name=\"twitter:label1\" content=\"Gesch\u00e4tzte Lesezeit\" \/>\n\t<meta name=\"twitter:data1\" content=\"1\u00a0Minute\" \/>\n<script type=\"application\/ld+json\" class=\"yoast-schema-graph\">{\"@context\":\"https:\/\/schema.org\",\"@graph\":[{\"@type\":\"WebPage\",\"@id\":\"https:\/\/www.gtline.com\/de\/products\/gt-line-profi-trolley-flash-wh-2-pel\/\",\"url\":\"https:\/\/www.gtline.com\/de\/products\/gt-line-profi-trolley-flash-wh-2-pel\/\",\"name\":\"GT Line Profi Trolley Flash WH 2 PEL - Gt Line DE\",\"isPartOf\":{\"@id\":\"https:\/\/www.gtline.com\/de\/#website\"},\"primaryImageOfPage\":{\"@id\":\"https:\/\/www.gtline.com\/de\/products\/gt-line-profi-trolley-flash-wh-2-pel\/#primaryimage\"},\"image\":{\"@id\":\"https:\/\/www.gtline.com\/de\/products\/gt-line-profi-trolley-flash-wh-2-pel\/#primaryimage\"},\"thumbnailUrl\":\"https:\/\/www.gtline.com\/de\/wp-content\/uploads\/sites\/5\/2025\/05\/FLASH-WH-2_PEL_01_8612.jpg\",\"datePublished\":\"2025-07-30T10:14:53+00:00\",\"dateModified\":\"2026-04-17T02:02:19+00:00\",\"breadcrumb\":{\"@id\":\"https:\/\/www.gtline.com\/de\/products\/gt-line-profi-trolley-flash-wh-2-pel\/#breadcrumb\"},\"inLanguage\":\"de\",\"potentialAction\":[{\"@type\":\"ReadAction\",\"target\":[\"https:\/\/www.gtline.com\/de\/products\/gt-line-profi-trolley-flash-wh-2-pel\/\"]}]},{\"@type\":\"ImageObject\",\"inLanguage\":\"de\",\"@id\":\"https:\/\/www.gtline.com\/de\/products\/gt-line-profi-trolley-flash-wh-2-pel\/#primaryimage\",\"url\":\"https:\/\/www.gtline.com\/de\/wp-content\/uploads\/sites\/5\/2025\/05\/FLASH-WH-2_PEL_01_8612.jpg\",\"contentUrl\":\"https:\/\/www.gtline.com\/de\/wp-content\/uploads\/sites\/5\/2025\/05\/FLASH-WH-2_PEL_01_8612.jpg\",\"width\":500,\"height\":500},{\"@type\":\"BreadcrumbList\",\"@id\":\"https:\/\/www.gtline.com\/de\/products\/gt-line-profi-trolley-flash-wh-2-pel\/#breadcrumb\",\"itemListElement\":[{\"@type\":\"ListItem\",\"position\":1,\"name\":\"Home\",\"item\":\"https:\/\/www.gtline.com\/de\/\"},{\"@type\":\"ListItem\",\"position\":2,\"name\":\"Shop\",\"item\":\"https:\/\/www.gtline.com\/de\/negozio\/\"},{\"@type\":\"ListItem\",\"position\":3,\"name\":\"GT Line Profi Trolley Flash WH 2 PEL\"}]},{\"@type\":\"WebSite\",\"@id\":\"https:\/\/www.gtline.com\/de\/#website\",\"url\":\"https:\/\/www.gtline.com\/de\/\",\"name\":\"Gt Line\",\"description\":\"\",\"publisher\":{\"@id\":\"https:\/\/www.gtline.com\/de\/#organization\"},\"potentialAction\":[{\"@type\":\"SearchAction\",\"target\":{\"@type\":\"EntryPoint\",\"urlTemplate\":\"https:\/\/www.gtline.com\/de\/?s={search_term_string}\"},\"query-input\":{\"@type\":\"PropertyValueSpecification\",\"valueRequired\":true,\"valueName\":\"search_term_string\"}}],\"inLanguage\":\"de\"},{\"@type\":\"Organization\",\"@id\":\"https:\/\/www.gtline.com\/de\/#organization\",\"name\":\"Gt Line\",\"url\":\"https:\/\/www.gtline.com\/de\/\",\"logo\":{\"@type\":\"ImageObject\",\"inLanguage\":\"de\",\"@id\":\"https:\/\/www.gtline.com\/de\/#\/schema\/logo\/image\/\",\"url\":\"https:\/\/www.gtline.com\/de\/wp-content\/uploads\/sites\/5\/2025\/02\/logo.png\",\"contentUrl\":\"https:\/\/www.gtline.com\/de\/wp-content\/uploads\/sites\/5\/2025\/02\/logo.png\",\"width\":228,\"height\":146,\"caption\":\"Gt Line\"},\"image\":{\"@id\":\"https:\/\/www.gtline.com\/de\/#\/schema\/logo\/image\/\"},\"sameAs\":[\"https:\/\/www.facebook.com\/gtlinesrl?locale=it_IT\",\"https:\/\/www.instagram.com\/gt_line_srl\/\",\"https:\/\/www.youtube.com\/channel\/UCDvpkFqswNJOVFz64PkYRQQ\",\"https:\/\/www.linkedin.com\/company\/gt-line-srl\/\"]}]}<\/script>\n<!-- \/ Yoast SEO plugin. -->","yoast_head_json":{"title":"GT Line Profi Trolley Flash WH 2 PEL - Gt Line DE","robots":{"index":"index","follow":"follow","max-snippet":"max-snippet:-1","max-image-preview":"max-image-preview:large","max-video-preview":"max-video-preview:-1"},"canonical":"https:\/\/www.gtline.com\/de\/products\/gt-line-profi-trolley-flash-wh-2-pel\/","og_locale":"de_DE","og_type":"article","og_title":"GT Line Profi Trolley Flash WH 2 PEL - Gt Line DE","og_description":"Der professionelle Werkzeugtrolley Flash WH 2 von GT Line ist die ideale Wahl f\u00fcr alle, die einen robusten, vielseitigen und leicht transportierbaren Werkzeugkoffer suchen.Gefertigt aus spritzgegossenem ABS mit stabilen Aluminiumprofilen, vereint dieser professionelle KofferLeichtigkeit und Stabilit\u00e4t in perfektem Gleichgewicht.Ideal f\u00fcr Techniker und Instandhalter unterwegs, bietet der Flash WH 2 eine optimale Werkzeugorganisation und lange Lebensdauer, selbst unter anspruchsvollen Arbeitsbedingungen.Eine hervorragende L\u00f6sung f\u00fcr alle, die einen hochwertigen professionellen Werkzeugkoffer zu einem wettbewerbsf\u00e4higen Preis suchen.","og_url":"https:\/\/www.gtline.com\/de\/products\/gt-line-profi-trolley-flash-wh-2-pel\/","og_site_name":"Gt Line DE","article_publisher":"https:\/\/www.facebook.com\/gtlinesrl?locale=it_IT","article_modified_time":"2026-04-17T02:02:19+00:00","og_image":[{"width":500,"height":500,"url":"https:\/\/www.gtline.com\/de\/wp-content\/uploads\/sites\/5\/2025\/05\/FLASH-WH-2_PEL_01_8612.jpg","type":"image\/jpeg"}],"twitter_card":"summary_large_image","twitter_misc":{"Gesch\u00e4tzte Lesezeit":"1\u00a0Minute"},"schema":{"@context":"https:\/\/schema.org","@graph":[{"@type":"WebPage","@id":"https:\/\/www.gtline.com\/de\/products\/gt-line-profi-trolley-flash-wh-2-pel\/","url":"https:\/\/www.gtline.com\/de\/products\/gt-line-profi-trolley-flash-wh-2-pel\/","name":"GT Line Profi Trolley Flash WH 2 PEL - Gt Line DE","isPartOf":{"@id":"https:\/\/www.gtline.com\/de\/#website"},"primaryImageOfPage":{"@id":"https:\/\/www.gtline.com\/de\/products\/gt-line-profi-trolley-flash-wh-2-pel\/#primaryimage"},"image":{"@id":"https:\/\/www.gtline.com\/de\/products\/gt-line-profi-trolley-flash-wh-2-pel\/#primaryimage"},"thumbnailUrl":"https:\/\/www.gtline.com\/de\/wp-content\/uploads\/sites\/5\/2025\/05\/FLASH-WH-2_PEL_01_8612.jpg","datePublished":"2025-07-30T10:14:53+00:00","dateModified":"2026-04-17T02:02:19+00:00","breadcrumb":{"@id":"https:\/\/www.gtline.com\/de\/products\/gt-line-profi-trolley-flash-wh-2-pel\/#breadcrumb"},"inLanguage":"de","potentialAction":[{"@type":"ReadAction","target":["https:\/\/www.gtline.com\/de\/products\/gt-line-profi-trolley-flash-wh-2-pel\/"]}]},{"@type":"ImageObject","inLanguage":"de","@id":"https:\/\/www.gtline.com\/de\/products\/gt-line-profi-trolley-flash-wh-2-pel\/#primaryimage","url":"https:\/\/www.gtline.com\/de\/wp-content\/uploads\/sites\/5\/2025\/05\/FLASH-WH-2_PEL_01_8612.jpg","contentUrl":"https:\/\/www.gtline.com\/de\/wp-content\/uploads\/sites\/5\/2025\/05\/FLASH-WH-2_PEL_01_8612.jpg","width":500,"height":500},{"@type":"BreadcrumbList","@id":"https:\/\/www.gtline.com\/de\/products\/gt-line-profi-trolley-flash-wh-2-pel\/#breadcrumb","itemListElement":[{"@type":"ListItem","position":1,"name":"Home","item":"https:\/\/www.gtline.com\/de\/"},{"@type":"ListItem","position":2,"name":"Shop","item":"https:\/\/www.gtline.com\/de\/negozio\/"},{"@type":"ListItem","position":3,"name":"GT Line Profi Trolley Flash WH 2 PEL"}]},{"@type":"WebSite","@id":"https:\/\/www.gtline.com\/de\/#website","url":"https:\/\/www.gtline.com\/de\/","name":"Gt Line","description":"","publisher":{"@id":"https:\/\/www.gtline.com\/de\/#organization"},"potentialAction":[{"@type":"SearchAction","target":{"@type":"EntryPoint","urlTemplate":"https:\/\/www.gtline.com\/de\/?s={search_term_string}"},"query-input":{"@type":"PropertyValueSpecification","valueRequired":true,"valueName":"search_term_string"}}],"inLanguage":"de"},{"@type":"Organization","@id":"https:\/\/www.gtline.com\/de\/#organization","name":"Gt Line","url":"https:\/\/www.gtline.com\/de\/","logo":{"@type":"ImageObject","inLanguage":"de","@id":"https:\/\/www.gtline.com\/de\/#\/schema\/logo\/image\/","url":"https:\/\/www.gtline.com\/de\/wp-content\/uploads\/sites\/5\/2025\/02\/logo.png","contentUrl":"https:\/\/www.gtline.com\/de\/wp-content\/uploads\/sites\/5\/2025\/02\/logo.png","width":228,"height":146,"caption":"Gt Line"},"image":{"@id":"https:\/\/www.gtline.com\/de\/#\/schema\/logo\/image\/"},"sameAs":["https:\/\/www.facebook.com\/gtlinesrl?locale=it_IT","https:\/\/www.instagram.com\/gt_line_srl\/","https:\/\/www.youtube.com\/channel\/UCDvpkFqswNJOVFz64PkYRQQ","https:\/\/www.linkedin.com\/company\/gt-line-srl\/"]}]}},"_links":{"self":[{"href":"https:\/\/www.gtline.com\/de\/wp-json\/wp\/v2\/product\/16714","targetHints":{"allow":["GET"]}}],"collection":[{"href":"https:\/\/www.gtline.com\/de\/wp-json\/wp\/v2\/product"}],"about":[{"href":"https:\/\/www.gtline.com\/de\/wp-json\/wp\/v2\/types\/product"}],"replies":[{"embeddable":true,"href":"https:\/\/www.gtline.com\/de\/wp-json\/wp\/v2\/comments?post=16714"}],"version-history":[{"count":2,"href":"https:\/\/www.gtline.com\/de\/wp-json\/wp\/v2\/product\/16714\/revisions"}],"predecessor-version":[{"id":22302,"href":"https:\/\/www.gtline.com\/de\/wp-json\/wp\/v2\/product\/16714\/revisions\/22302"}],"wp:featuredmedia":[{"embeddable":true,"href":"https:\/\/www.gtline.com\/de\/wp-json\/wp\/v2\/media\/6975"}],"wp:attachment":[{"href":"https:\/\/www.gtline.com\/de\/wp-json\/wp\/v2\/media?parent=16714"}],"wp:term":[{"taxonomy":"product_brand","embeddable":true,"href":"https:\/\/www.gtline.com\/de\/wp-json\/wp\/v2\/product_brand?post=16714"},{"taxonomy":"product_cat","embeddable":true,"href":"https:\/\/www.gtline.com\/de\/wp-json\/wp\/v2\/product_cat?post=16714"},{"taxonomy":"product_tag","embeddable":true,"href":"https:\/\/www.gtline.com\/de\/wp-json\/wp\/v2\/product_tag?post=16714"}],"curies":[{"name":"wp","href":"https:\/\/api.w.org\/{rel}","templated":true}]}}