{"id":16718,"date":"2025-07-30T10:15:03","date_gmt":"2025-07-30T10:15:03","guid":{"rendered":"https:\/\/www.gtline.com\/de\/prodotto\/gt-line-professional-case-flash-2-pts\/"},"modified":"2026-04-17T02:02:29","modified_gmt":"2026-04-17T02:02:29","slug":"gt-line-professional-case-flash-2-pts","status":"publish","type":"product","link":"https:\/\/www.gtline.com\/de\/products\/gt-line-professional-case-flash-2-pts\/","title":{"rendered":"GT Line Professional Case Flash 2 PTS"},"content":{"rendered":"<p data-start=\"3\" data-end=\"243\"><strong data-start=\"3\" data-end=\"38\" data-is-only-node=\"\">1.Stabile und sto\u00dffeste Struktur.<\/strong><br \/> Das <strong data-start=\"47\" data-end=\"78\">spritzgegossene ABS-Geh\u00e4use<\/strong> bietet einen <strong data-start=\"92\" data-end=\"116\">zuverl\u00e4ssigen Schutz<\/strong> gegen St\u00f6\u00dfe und mechanische Belastungen und h\u00e4lt den Inhalt auch unter <strong data-start=\"188\" data-end=\"219\">anspruchsvollen Bedingungen<\/strong> sicher gesch\u00fctzt.<\/p>\n<p data-start=\"248\" data-end=\"488\"><strong data-start=\"248\" data-end=\"301\" data-is-only-node=\"\">2.Aluminiumverst\u00e4rkungen f\u00fcr erh\u00f6hte Langlebigkeit.<\/strong><br \/> Die <strong data-start=\"310\" data-end=\"336\">Aluminiumwinkelprofile<\/strong> verst\u00e4rken die <strong data-start=\"352\" data-end=\"374\">Strukturfestigkeit<\/strong> des professionellen Koffers und sch\u00fctzen ihn vor <strong data-start=\"424\" data-end=\"450\">allt\u00e4glicher Abnutzung<\/strong> und <strong data-start=\"455\" data-end=\"481\">versehentlichen St\u00f6\u00dfen<\/strong>.<\/p>\n<p data-start=\"493\" data-end=\"753\"><strong data-start=\"493\" data-end=\"539\" data-is-only-node=\"\">3.Effiziente und flexible Innenorganisation.<\/strong><br \/> Zwei <strong data-start=\"549\" data-end=\"584\">Innenplatten mit Elastikb\u00e4ndern<\/strong> sowie eine <strong data-start=\"596\" data-end=\"649\">Dokumententasche mit zus\u00e4tzlichen Werkzeugf\u00e4chern<\/strong> sorgen f\u00fcr Ordnung und schnellen Zugriff \u2013 f\u00fcr <strong data-start=\"697\" data-end=\"731\">h\u00f6here Effizienz und Pr\u00e4zision<\/strong> bei der Arbeit.<\/p>\n<p data-start=\"758\" data-end=\"994\"><strong data-start=\"758\" data-end=\"820\" data-is-only-node=\"\">4.Individuell anpassbarer Boden mit herausnehmbaren Teilern.<\/strong><br \/> Das <strong data-start=\"829\" data-end=\"844\">untere Fach<\/strong> l\u00e4sst sich flexibel konfigurieren, um den Stauraum den eigenen Anforderungen anzupassen \u2013 f\u00fcr einen <strong data-start=\"945\" data-end=\"987\">vielseitig einsetzbaren Werkzeugkoffer<\/strong>.<\/p>\n<p data-start=\"999\" data-end=\"1224\"><strong data-start=\"999\" data-end=\"1048\" data-is-only-node=\"\">5.Maximale Sicherheit dank Schl\u00fcsselschl\u00f6ssern.<\/strong><br \/> Die <strong data-start=\"1057\" data-end=\"1084\">zwei Schl\u00fcsselschl\u00f6sser<\/strong> sch\u00fctzen das Werkzeug zuverl\u00e4ssig vor <strong data-start=\"1123\" data-end=\"1145\">unbefugtem Zugriff<\/strong> \u2013 ideal f\u00fcr den Transport von <strong data-start=\"1176\" data-end=\"1217\">wertvollen oder empfindlichen Ger\u00e4ten<\/strong>.<\/p>\n<p data-start=\"1229\" data-end=\"1421\"><strong data-start=\"1229\" data-end=\"1280\" data-is-only-node=\"\">6.Sichere Scharniere f\u00fcr zuverl\u00e4ssiges Schlie\u00dfen.<\/strong><br \/> Die <strong data-start=\"1289\" data-end=\"1323\">zwei hinteren Metallscharniere<\/strong> sorgen f\u00fcr <strong data-start=\"1335\" data-end=\"1352\">stabilen Halt<\/strong> und verhindern unbeabsichtigtes \u00d6ffnen w\u00e4hrend des Transports.<\/p>\n<p data-start=\"1426\" data-end=\"1619\"><strong data-start=\"1426\" data-end=\"1478\" data-is-only-node=\"\">7.Ergonomischer Griff mit rutschfestem Gummigriff.<\/strong><br \/> Der <strong data-start=\"1487\" data-end=\"1506\">gummierte Griff<\/strong> bietet eine <strong data-start=\"1519\" data-end=\"1553\">bequeme und sichere Handhabung<\/strong>, auch bei <strong data-start=\"1564\" data-end=\"1612\">l\u00e4ngeren Transportwegen oder schweren Lasten<\/strong>.<\/p>\n<p data-start=\"1624\" data-end=\"1849\" data-is-last-node=\"\"><strong data-start=\"1624\" data-end=\"1676\" data-is-only-node=\"\">8.Pflegeleichter Innenraum f\u00fcr schnelle Reinigung.<\/strong><br \/> Die <strong data-start=\"1685\" data-end=\"1721\">leicht zu reinigende Innenfl\u00e4che<\/strong> sorgt stets f\u00fcr <strong data-start=\"1738\" data-end=\"1761\">Ordnung und Hygiene<\/strong> im Kofferinneren \u2013 ideal f\u00fcr den <strong data-start=\"1795\" data-end=\"1844\">professionellen Einsatz im t\u00e4glichen Gebrauch<\/strong>.<\/p>\n","protected":false},"excerpt":{"rendered":"<p>Der professionelle\u00a0<strong data-start=\"19\" data-end=\"45\">Werkzeugkoffer Flash 2<\/strong>\u00a0ist die ideale L\u00f6sung f\u00fcr alle, die ein\u00a0<strong data-start=\"86\" data-end=\"157\">perfektes Gleichgewicht zwischen Qualit\u00e4t, Funktionalit\u00e4t und Preis<\/strong> suchen.<br \/><br data-start=\"165\" data-end=\"168\">Gefertigt aus\u00a0<strong data-start=\"182\" data-end=\"206\">spritzgegossenem ABS<\/strong>\u00a0mit\u00a0<strong data-start=\"211\" data-end=\"244\">verst\u00e4rkten Aluminiumprofilen<\/strong>, wurde dieser Werkzeugkoffer f\u00fcr\u00a0<strong data-start=\"278\" data-end=\"315\">Langlebigkeit und Zuverl\u00e4ssigkeit<\/strong>\u00a0selbst unter\u00a0<strong data-start=\"329\" data-end=\"367\">anspruchsvollen Arbeitsbedingungen<\/strong> entwickelt.<br \/><br data-start=\"379\" data-end=\"382\">Die\u00a0<strong data-start=\"386\" data-end=\"417\">durchdachte Innenaufteilung<\/strong>\u00a0ist speziell auf die Anforderungen von\u00a0<strong data-start=\"457\" data-end=\"506\">Technikern, Instandhaltern und Installateuren<\/strong>\u00a0abgestimmt und bietet eine\u00a0<strong data-start=\"534\" data-end=\"583\">kompakte, robuste und leicht transportierbare<\/strong> Aufbewahrungsl\u00f6sung.<br \/><br data-start=\"604\" data-end=\"607\">Der\u00a0<strong data-start=\"611\" data-end=\"637\">Flash 2 Werkzeugkoffer<\/strong>\u00a0ist somit eine\u00a0<strong data-start=\"653\" data-end=\"702\">praktische, vielseitige und verl\u00e4ssliche Wahl<\/strong>\u00a0f\u00fcr jeden\u00a0<strong data-start=\"713\" data-end=\"730\">mobilen Profi.<\/strong><\/p>\n","protected":false},"featured_media":8571,"comment_status":"open","ping_status":"closed","template":"","meta":{"_acf_changed":false},"product_brand":[],"product_cat":[238],"product_tag":[],"class_list":{"0":"post-16718","1":"product","2":"type-product","3":"status-publish","4":"has-post-thumbnail","6":"product_cat-flash-cases","7":"pa_anwendungen-koffer-und-taschen-fur-betreuer","8":"pa_anwendungen-koffer-und-taschen-fur-elektriker","9":"pa_anwendungen-koffer-und-taschen-fur-installateure","10":"pa_produkttyp-werkzeugkoffer","12":"first","13":"instock","14":"shipping-taxable","15":"purchasable","16":"product-type-simple"},"acf":[],"yoast_head":"<!-- This site is optimized with the Yoast SEO plugin v25.4 - https:\/\/yoast.com\/wordpress\/plugins\/seo\/ -->\n<title>GT Line Professional Case Flash 2 PTS - Gt Line DE<\/title>\n<meta name=\"robots\" content=\"index, follow, max-snippet:-1, max-image-preview:large, max-video-preview:-1\" \/>\n<link rel=\"canonical\" href=\"https:\/\/www.gtline.com\/de\/products\/gt-line-professional-case-flash-2-pts\/\" \/>\n<meta property=\"og:locale\" content=\"de_DE\" \/>\n<meta property=\"og:type\" content=\"article\" \/>\n<meta property=\"og:title\" content=\"GT Line Professional Case Flash 2 PTS - Gt Line DE\" \/>\n<meta property=\"og:description\" content=\"Der professionelle\u00a0Werkzeugkoffer Flash 2\u00a0ist die ideale L\u00f6sung f\u00fcr alle, die ein\u00a0perfektes Gleichgewicht zwischen Qualit\u00e4t, Funktionalit\u00e4t und Preis suchen.Gefertigt aus\u00a0spritzgegossenem ABS\u00a0mit\u00a0verst\u00e4rkten Aluminiumprofilen, wurde dieser Werkzeugkoffer f\u00fcr\u00a0Langlebigkeit und Zuverl\u00e4ssigkeit\u00a0selbst unter\u00a0anspruchsvollen Arbeitsbedingungen entwickelt.Die\u00a0durchdachte Innenaufteilung\u00a0ist speziell auf die Anforderungen von\u00a0Technikern, Instandhaltern und Installateuren\u00a0abgestimmt und bietet eine\u00a0kompakte, robuste und leicht transportierbare Aufbewahrungsl\u00f6sung.Der\u00a0Flash 2 Werkzeugkoffer\u00a0ist somit eine\u00a0praktische, vielseitige und verl\u00e4ssliche Wahl\u00a0f\u00fcr jeden\u00a0mobilen Profi.\" \/>\n<meta property=\"og:url\" content=\"https:\/\/www.gtline.com\/de\/products\/gt-line-professional-case-flash-2-pts\/\" \/>\n<meta property=\"og:site_name\" content=\"Gt Line DE\" \/>\n<meta property=\"article:publisher\" content=\"https:\/\/www.facebook.com\/gtlinesrl?locale=it_IT\" \/>\n<meta property=\"article:modified_time\" content=\"2026-04-17T02:02:29+00:00\" \/>\n<meta property=\"og:image\" content=\"https:\/\/www.gtline.com\/de\/wp-content\/uploads\/sites\/5\/2025\/05\/FLASH-2_PTS_01_8618.jpg\" \/>\n\t<meta property=\"og:image:width\" content=\"500\" \/>\n\t<meta property=\"og:image:height\" content=\"500\" \/>\n\t<meta property=\"og:image:type\" content=\"image\/jpeg\" \/>\n<meta name=\"twitter:card\" content=\"summary_large_image\" \/>\n<meta name=\"twitter:label1\" content=\"Gesch\u00e4tzte Lesezeit\" \/>\n\t<meta name=\"twitter:data1\" content=\"1\u00a0Minute\" \/>\n<script type=\"application\/ld+json\" class=\"yoast-schema-graph\">{\"@context\":\"https:\/\/schema.org\",\"@graph\":[{\"@type\":\"WebPage\",\"@id\":\"https:\/\/www.gtline.com\/de\/products\/gt-line-professional-case-flash-2-pts\/\",\"url\":\"https:\/\/www.gtline.com\/de\/products\/gt-line-professional-case-flash-2-pts\/\",\"name\":\"GT Line Professional Case Flash 2 PTS - Gt Line DE\",\"isPartOf\":{\"@id\":\"https:\/\/www.gtline.com\/de\/#website\"},\"primaryImageOfPage\":{\"@id\":\"https:\/\/www.gtline.com\/de\/products\/gt-line-professional-case-flash-2-pts\/#primaryimage\"},\"image\":{\"@id\":\"https:\/\/www.gtline.com\/de\/products\/gt-line-professional-case-flash-2-pts\/#primaryimage\"},\"thumbnailUrl\":\"https:\/\/www.gtline.com\/de\/wp-content\/uploads\/sites\/5\/2025\/05\/FLASH-2_PTS_01_8618.jpg\",\"datePublished\":\"2025-07-30T10:15:03+00:00\",\"dateModified\":\"2026-04-17T02:02:29+00:00\",\"breadcrumb\":{\"@id\":\"https:\/\/www.gtline.com\/de\/products\/gt-line-professional-case-flash-2-pts\/#breadcrumb\"},\"inLanguage\":\"de\",\"potentialAction\":[{\"@type\":\"ReadAction\",\"target\":[\"https:\/\/www.gtline.com\/de\/products\/gt-line-professional-case-flash-2-pts\/\"]}]},{\"@type\":\"ImageObject\",\"inLanguage\":\"de\",\"@id\":\"https:\/\/www.gtline.com\/de\/products\/gt-line-professional-case-flash-2-pts\/#primaryimage\",\"url\":\"https:\/\/www.gtline.com\/de\/wp-content\/uploads\/sites\/5\/2025\/05\/FLASH-2_PTS_01_8618.jpg\",\"contentUrl\":\"https:\/\/www.gtline.com\/de\/wp-content\/uploads\/sites\/5\/2025\/05\/FLASH-2_PTS_01_8618.jpg\",\"width\":500,\"height\":500},{\"@type\":\"BreadcrumbList\",\"@id\":\"https:\/\/www.gtline.com\/de\/products\/gt-line-professional-case-flash-2-pts\/#breadcrumb\",\"itemListElement\":[{\"@type\":\"ListItem\",\"position\":1,\"name\":\"Home\",\"item\":\"https:\/\/www.gtline.com\/de\/\"},{\"@type\":\"ListItem\",\"position\":2,\"name\":\"Shop\",\"item\":\"https:\/\/www.gtline.com\/de\/negozio\/\"},{\"@type\":\"ListItem\",\"position\":3,\"name\":\"GT Line Professional Case Flash 2 PTS\"}]},{\"@type\":\"WebSite\",\"@id\":\"https:\/\/www.gtline.com\/de\/#website\",\"url\":\"https:\/\/www.gtline.com\/de\/\",\"name\":\"Gt Line\",\"description\":\"\",\"publisher\":{\"@id\":\"https:\/\/www.gtline.com\/de\/#organization\"},\"potentialAction\":[{\"@type\":\"SearchAction\",\"target\":{\"@type\":\"EntryPoint\",\"urlTemplate\":\"https:\/\/www.gtline.com\/de\/?s={search_term_string}\"},\"query-input\":{\"@type\":\"PropertyValueSpecification\",\"valueRequired\":true,\"valueName\":\"search_term_string\"}}],\"inLanguage\":\"de\"},{\"@type\":\"Organization\",\"@id\":\"https:\/\/www.gtline.com\/de\/#organization\",\"name\":\"Gt Line\",\"url\":\"https:\/\/www.gtline.com\/de\/\",\"logo\":{\"@type\":\"ImageObject\",\"inLanguage\":\"de\",\"@id\":\"https:\/\/www.gtline.com\/de\/#\/schema\/logo\/image\/\",\"url\":\"https:\/\/www.gtline.com\/de\/wp-content\/uploads\/sites\/5\/2025\/02\/logo.png\",\"contentUrl\":\"https:\/\/www.gtline.com\/de\/wp-content\/uploads\/sites\/5\/2025\/02\/logo.png\",\"width\":228,\"height\":146,\"caption\":\"Gt Line\"},\"image\":{\"@id\":\"https:\/\/www.gtline.com\/de\/#\/schema\/logo\/image\/\"},\"sameAs\":[\"https:\/\/www.facebook.com\/gtlinesrl?locale=it_IT\",\"https:\/\/www.instagram.com\/gt_line_srl\/\",\"https:\/\/www.youtube.com\/channel\/UCDvpkFqswNJOVFz64PkYRQQ\",\"https:\/\/www.linkedin.com\/company\/gt-line-srl\/\"]}]}<\/script>\n<!-- \/ Yoast SEO plugin. -->","yoast_head_json":{"title":"GT Line Professional Case Flash 2 PTS - Gt Line DE","robots":{"index":"index","follow":"follow","max-snippet":"max-snippet:-1","max-image-preview":"max-image-preview:large","max-video-preview":"max-video-preview:-1"},"canonical":"https:\/\/www.gtline.com\/de\/products\/gt-line-professional-case-flash-2-pts\/","og_locale":"de_DE","og_type":"article","og_title":"GT Line Professional Case Flash 2 PTS - Gt Line DE","og_description":"Der professionelle\u00a0Werkzeugkoffer Flash 2\u00a0ist die ideale L\u00f6sung f\u00fcr alle, die ein\u00a0perfektes Gleichgewicht zwischen Qualit\u00e4t, Funktionalit\u00e4t und Preis suchen.Gefertigt aus\u00a0spritzgegossenem ABS\u00a0mit\u00a0verst\u00e4rkten Aluminiumprofilen, wurde dieser Werkzeugkoffer f\u00fcr\u00a0Langlebigkeit und Zuverl\u00e4ssigkeit\u00a0selbst unter\u00a0anspruchsvollen Arbeitsbedingungen entwickelt.Die\u00a0durchdachte Innenaufteilung\u00a0ist speziell auf die Anforderungen von\u00a0Technikern, Instandhaltern und Installateuren\u00a0abgestimmt und bietet eine\u00a0kompakte, robuste und leicht transportierbare Aufbewahrungsl\u00f6sung.Der\u00a0Flash 2 Werkzeugkoffer\u00a0ist somit eine\u00a0praktische, vielseitige und verl\u00e4ssliche Wahl\u00a0f\u00fcr jeden\u00a0mobilen Profi.","og_url":"https:\/\/www.gtline.com\/de\/products\/gt-line-professional-case-flash-2-pts\/","og_site_name":"Gt Line DE","article_publisher":"https:\/\/www.facebook.com\/gtlinesrl?locale=it_IT","article_modified_time":"2026-04-17T02:02:29+00:00","og_image":[{"width":500,"height":500,"url":"https:\/\/www.gtline.com\/de\/wp-content\/uploads\/sites\/5\/2025\/05\/FLASH-2_PTS_01_8618.jpg","type":"image\/jpeg"}],"twitter_card":"summary_large_image","twitter_misc":{"Gesch\u00e4tzte Lesezeit":"1\u00a0Minute"},"schema":{"@context":"https:\/\/schema.org","@graph":[{"@type":"WebPage","@id":"https:\/\/www.gtline.com\/de\/products\/gt-line-professional-case-flash-2-pts\/","url":"https:\/\/www.gtline.com\/de\/products\/gt-line-professional-case-flash-2-pts\/","name":"GT Line Professional Case Flash 2 PTS - Gt Line DE","isPartOf":{"@id":"https:\/\/www.gtline.com\/de\/#website"},"primaryImageOfPage":{"@id":"https:\/\/www.gtline.com\/de\/products\/gt-line-professional-case-flash-2-pts\/#primaryimage"},"image":{"@id":"https:\/\/www.gtline.com\/de\/products\/gt-line-professional-case-flash-2-pts\/#primaryimage"},"thumbnailUrl":"https:\/\/www.gtline.com\/de\/wp-content\/uploads\/sites\/5\/2025\/05\/FLASH-2_PTS_01_8618.jpg","datePublished":"2025-07-30T10:15:03+00:00","dateModified":"2026-04-17T02:02:29+00:00","breadcrumb":{"@id":"https:\/\/www.gtline.com\/de\/products\/gt-line-professional-case-flash-2-pts\/#breadcrumb"},"inLanguage":"de","potentialAction":[{"@type":"ReadAction","target":["https:\/\/www.gtline.com\/de\/products\/gt-line-professional-case-flash-2-pts\/"]}]},{"@type":"ImageObject","inLanguage":"de","@id":"https:\/\/www.gtline.com\/de\/products\/gt-line-professional-case-flash-2-pts\/#primaryimage","url":"https:\/\/www.gtline.com\/de\/wp-content\/uploads\/sites\/5\/2025\/05\/FLASH-2_PTS_01_8618.jpg","contentUrl":"https:\/\/www.gtline.com\/de\/wp-content\/uploads\/sites\/5\/2025\/05\/FLASH-2_PTS_01_8618.jpg","width":500,"height":500},{"@type":"BreadcrumbList","@id":"https:\/\/www.gtline.com\/de\/products\/gt-line-professional-case-flash-2-pts\/#breadcrumb","itemListElement":[{"@type":"ListItem","position":1,"name":"Home","item":"https:\/\/www.gtline.com\/de\/"},{"@type":"ListItem","position":2,"name":"Shop","item":"https:\/\/www.gtline.com\/de\/negozio\/"},{"@type":"ListItem","position":3,"name":"GT Line Professional Case Flash 2 PTS"}]},{"@type":"WebSite","@id":"https:\/\/www.gtline.com\/de\/#website","url":"https:\/\/www.gtline.com\/de\/","name":"Gt Line","description":"","publisher":{"@id":"https:\/\/www.gtline.com\/de\/#organization"},"potentialAction":[{"@type":"SearchAction","target":{"@type":"EntryPoint","urlTemplate":"https:\/\/www.gtline.com\/de\/?s={search_term_string}"},"query-input":{"@type":"PropertyValueSpecification","valueRequired":true,"valueName":"search_term_string"}}],"inLanguage":"de"},{"@type":"Organization","@id":"https:\/\/www.gtline.com\/de\/#organization","name":"Gt Line","url":"https:\/\/www.gtline.com\/de\/","logo":{"@type":"ImageObject","inLanguage":"de","@id":"https:\/\/www.gtline.com\/de\/#\/schema\/logo\/image\/","url":"https:\/\/www.gtline.com\/de\/wp-content\/uploads\/sites\/5\/2025\/02\/logo.png","contentUrl":"https:\/\/www.gtline.com\/de\/wp-content\/uploads\/sites\/5\/2025\/02\/logo.png","width":228,"height":146,"caption":"Gt Line"},"image":{"@id":"https:\/\/www.gtline.com\/de\/#\/schema\/logo\/image\/"},"sameAs":["https:\/\/www.facebook.com\/gtlinesrl?locale=it_IT","https:\/\/www.instagram.com\/gt_line_srl\/","https:\/\/www.youtube.com\/channel\/UCDvpkFqswNJOVFz64PkYRQQ","https:\/\/www.linkedin.com\/company\/gt-line-srl\/"]}]}},"_links":{"self":[{"href":"https:\/\/www.gtline.com\/de\/wp-json\/wp\/v2\/product\/16718","targetHints":{"allow":["GET"]}}],"collection":[{"href":"https:\/\/www.gtline.com\/de\/wp-json\/wp\/v2\/product"}],"about":[{"href":"https:\/\/www.gtline.com\/de\/wp-json\/wp\/v2\/types\/product"}],"replies":[{"embeddable":true,"href":"https:\/\/www.gtline.com\/de\/wp-json\/wp\/v2\/comments?post=16718"}],"version-history":[{"count":2,"href":"https:\/\/www.gtline.com\/de\/wp-json\/wp\/v2\/product\/16718\/revisions"}],"predecessor-version":[{"id":22304,"href":"https:\/\/www.gtline.com\/de\/wp-json\/wp\/v2\/product\/16718\/revisions\/22304"}],"wp:featuredmedia":[{"embeddable":true,"href":"https:\/\/www.gtline.com\/de\/wp-json\/wp\/v2\/media\/8571"}],"wp:attachment":[{"href":"https:\/\/www.gtline.com\/de\/wp-json\/wp\/v2\/media?parent=16718"}],"wp:term":[{"taxonomy":"product_brand","embeddable":true,"href":"https:\/\/www.gtline.com\/de\/wp-json\/wp\/v2\/product_brand?post=16718"},{"taxonomy":"product_cat","embeddable":true,"href":"https:\/\/www.gtline.com\/de\/wp-json\/wp\/v2\/product_cat?post=16718"},{"taxonomy":"product_tag","embeddable":true,"href":"https:\/\/www.gtline.com\/de\/wp-json\/wp\/v2\/product_tag?post=16718"}],"curies":[{"name":"wp","href":"https:\/\/api.w.org\/{rel}","templated":true}]}}