{"id":16727,"date":"2025-07-30T10:15:27","date_gmt":"2025-07-30T10:15:27","guid":{"rendered":"https:\/\/www.gtline.com\/de\/prodotto\/gt-line-professioneller-trolley-waterproof-gt-52-21-pts\/"},"modified":"2026-04-17T02:02:54","modified_gmt":"2026-04-17T02:02:54","slug":"gt-line-professioneller-trolley-waterproof-gt-52-21-pts","status":"publish","type":"product","link":"https:\/\/www.gtline.com\/de\/products\/gt-line-professioneller-trolley-waterproof-gt-52-21-pts\/","title":{"rendered":"GT Line Professioneller Trolley GT 52-21 PTS"},"content":{"rendered":"<p data-start=\"125\" data-end=\"263\"><strong>1.Wasserbest\u00e4ndig und vollst\u00e4ndiger Schutz vor \u00e4u\u00dferen Einfl\u00fcssen.<br \/><\/strong><br data-start=\"193\" data-end=\"196\">Bietet Schutz gegen Wasser, Feuchtigkeit, Sand und Feinstaub.<\/p>\n<p data-start=\"268\" data-end=\"584\"><strong>2.\u00dcberlegene Widerstandsf\u00e4higkeit f\u00fcr extreme Einsatzbedingungen.<br \/><\/strong><br data-start=\"335\" data-end=\"338\">Das dickwandige Polypropylen in Kombination mit Scharnieren mit korrosionsbest\u00e4ndigen Bolzen und Stahlverst\u00e4rkungen gew\u00e4hrleistet Schutz vor St\u00f6\u00dfen, Quetschungen und korrosiven Substanzen in einem weiten Temperaturbereich (-33 \u00b0C \/ +90 \u00b0C).<\/p>\n<p data-start=\"589\" data-end=\"815\"><strong>3.Hohe Kapazit\u00e4t f\u00fcr Werkzeuge und sperrige Ausr\u00fcstungen.<br \/><\/strong><br data-start=\"648\" data-end=\"651\">Der tiefgezogene Boden mit verstellbaren Trennw\u00e4nden erm\u00f6glicht eine effiziente Organisation auch von gro\u00dfformatigen oder unregelm\u00e4\u00dfig geformten Ger\u00e4ten.<\/p>\n<p data-start=\"820\" data-end=\"1086\"><strong>4.Professionelle und individuell anpassbare Organisation.<br \/><\/strong><br data-start=\"879\" data-end=\"882\">Ausgestattet mit zwei Werkzeugtafeln mit elastischen Halterungen und einer Dokumententasche bietet der Koffer ein \u00fcbersichtliches, funktionales Innenlayout f\u00fcr die optimale Verwaltung der Werkzeuge.<\/p>\n<p data-start=\"1091\" data-end=\"1354\"><strong>5.Perfekte Mobilit\u00e4t f\u00fcr den Flugtransport.<br \/><\/strong><br data-start=\"1136\" data-end=\"1139\">Dank des ausziehbaren Teleskopgriffs, der robusten Rollen und der Abmessungen, die mit dem Handgep\u00e4ck der wichtigsten Fluggesellschaften kompatibel sind, ist er ideal f\u00fcr Fachleute, die h\u00e4ufig auf Reisen sind.<\/p>\n<p data-start=\"1359\" data-end=\"1601\"><strong>6.Erweiterte Sicherheit und sofortige Identifikation.<br \/><\/strong><br data-start=\"1414\" data-end=\"1417\">Das neue Schloss mit Entriegelungshebel, das abnehmbare Namensschild und der optionale Versandetikettenhalter gew\u00e4hrleisten Sicherheit und R\u00fcckverfolgbarkeit bei jedem Transport.<\/p>\n<p data-start=\"1606\" data-end=\"1811\"><strong>7.Stabilit\u00e4t und Benutzerfreundlichkeit im Einsatz.<br \/><\/strong><br data-start=\"1659\" data-end=\"1662\">Die gasdruckunterst\u00fctzten Deckelhalter erleichtern das \u00d6ffnen und Halten des Deckels in Position \u2013 selbst in anspruchsvollen Arbeitsumgebungen.<\/p>\n","protected":false},"excerpt":{"rendered":"<p data-start=\"105\" data-end=\"378\"><strong data-start=\"105\" data-end=\"144\">Der professionelle Trolley GT 52-21<\/strong> ist ein hochwertiger Beh\u00e4lter, der f\u00fcr maximale Leistung unter anspruchsvollen Bedingungen entwickelt wurde.<br \/><br data-start=\"253\" data-end=\"256\">Hermetisch abgedichtet und wasserbest\u00e4ndig sch\u00fctzt er Werkzeuge und Ger\u00e4te zuverl\u00e4ssig vor Feuchtigkeit, Sand und Staub.<\/p>\n<p data-start=\"380\" data-end=\"584\">Dank seines gro\u00dfen Fassungsverm\u00f6gens, des ausziehbaren Teleskopgriffs und der integrierten Rollen ist dieser Werkzeugkoffer auch f\u00fcr den Flugtransport und den t\u00e4glichen mobilen Einsatz bestens geeignet.<\/p>\n","protected":false},"featured_media":7025,"comment_status":"open","ping_status":"closed","template":"","meta":{"_acf_changed":false},"product_brand":[],"product_cat":[246],"product_tag":[],"class_list":{"0":"post-16727","1":"product","2":"type-product","3":"status-publish","4":"has-post-thumbnail","6":"product_cat-246","7":"pa_anwendungen-alle","8":"pa_anwendungen-koffer-und-taschen-fur-betreuer","9":"pa_anwendungen-koffer-und-taschen-fur-elektriker","10":"pa_anwendungen-koffer-und-taschen-fur-installateure","11":"pa_anwendungen-koffer-und-taschen-fur-servicetechniker","12":"pa_produkttyp-werkzeugkoffer","13":"pa_produkttyp-wasserdichte-werkzeugkoffer","15":"first","16":"instock","17":"shipping-taxable","18":"purchasable","19":"product-type-simple"},"acf":[],"yoast_head":"<!-- This site is optimized with the Yoast SEO plugin v25.4 - https:\/\/yoast.com\/wordpress\/plugins\/seo\/ -->\n<title>GT Line Professioneller Trolley GT 52-21 PTS - Gt Line DE<\/title>\n<meta name=\"robots\" content=\"index, follow, max-snippet:-1, max-image-preview:large, max-video-preview:-1\" \/>\n<link rel=\"canonical\" href=\"https:\/\/www.gtline.com\/de\/products\/gt-line-professioneller-trolley-waterproof-gt-52-21-pts\/\" \/>\n<meta property=\"og:locale\" content=\"de_DE\" \/>\n<meta property=\"og:type\" content=\"article\" \/>\n<meta property=\"og:title\" content=\"GT Line Professioneller Trolley GT 52-21 PTS - Gt Line DE\" \/>\n<meta property=\"og:description\" content=\"Der professionelle Trolley GT 52-21 ist ein hochwertiger Beh\u00e4lter, der f\u00fcr maximale Leistung unter anspruchsvollen Bedingungen entwickelt wurde.Hermetisch abgedichtet und wasserbest\u00e4ndig sch\u00fctzt er Werkzeuge und Ger\u00e4te zuverl\u00e4ssig vor Feuchtigkeit, Sand und Staub. Dank seines gro\u00dfen Fassungsverm\u00f6gens, des ausziehbaren Teleskopgriffs und der integrierten Rollen ist dieser Werkzeugkoffer auch f\u00fcr den Flugtransport und den t\u00e4glichen mobilen Einsatz bestens geeignet.\" \/>\n<meta property=\"og:url\" content=\"https:\/\/www.gtline.com\/de\/products\/gt-line-professioneller-trolley-waterproof-gt-52-21-pts\/\" \/>\n<meta property=\"og:site_name\" content=\"Gt Line DE\" \/>\n<meta property=\"article:publisher\" content=\"https:\/\/www.facebook.com\/gtlinesrl?locale=it_IT\" \/>\n<meta property=\"article:modified_time\" content=\"2026-04-17T02:02:54+00:00\" \/>\n<meta property=\"og:image\" content=\"https:\/\/www.gtline.com\/de\/wp-content\/uploads\/sites\/5\/2025\/05\/GT-52-21_PTS_01_8637.jpg\" \/>\n\t<meta property=\"og:image:width\" content=\"500\" \/>\n\t<meta property=\"og:image:height\" content=\"500\" \/>\n\t<meta property=\"og:image:type\" content=\"image\/jpeg\" \/>\n<meta name=\"twitter:card\" content=\"summary_large_image\" \/>\n<meta name=\"twitter:label1\" content=\"Gesch\u00e4tzte Lesezeit\" \/>\n\t<meta name=\"twitter:data1\" content=\"1\u00a0Minute\" \/>\n<script type=\"application\/ld+json\" class=\"yoast-schema-graph\">{\"@context\":\"https:\/\/schema.org\",\"@graph\":[{\"@type\":\"WebPage\",\"@id\":\"https:\/\/www.gtline.com\/de\/products\/gt-line-professioneller-trolley-waterproof-gt-52-21-pts\/\",\"url\":\"https:\/\/www.gtline.com\/de\/products\/gt-line-professioneller-trolley-waterproof-gt-52-21-pts\/\",\"name\":\"GT Line Professioneller Trolley GT 52-21 PTS - Gt Line DE\",\"isPartOf\":{\"@id\":\"https:\/\/www.gtline.com\/de\/#website\"},\"primaryImageOfPage\":{\"@id\":\"https:\/\/www.gtline.com\/de\/products\/gt-line-professioneller-trolley-waterproof-gt-52-21-pts\/#primaryimage\"},\"image\":{\"@id\":\"https:\/\/www.gtline.com\/de\/products\/gt-line-professioneller-trolley-waterproof-gt-52-21-pts\/#primaryimage\"},\"thumbnailUrl\":\"https:\/\/www.gtline.com\/de\/wp-content\/uploads\/sites\/5\/2025\/05\/GT-52-21_PTS_01_8637.jpg\",\"datePublished\":\"2025-07-30T10:15:27+00:00\",\"dateModified\":\"2026-04-17T02:02:54+00:00\",\"breadcrumb\":{\"@id\":\"https:\/\/www.gtline.com\/de\/products\/gt-line-professioneller-trolley-waterproof-gt-52-21-pts\/#breadcrumb\"},\"inLanguage\":\"de\",\"potentialAction\":[{\"@type\":\"ReadAction\",\"target\":[\"https:\/\/www.gtline.com\/de\/products\/gt-line-professioneller-trolley-waterproof-gt-52-21-pts\/\"]}]},{\"@type\":\"ImageObject\",\"inLanguage\":\"de\",\"@id\":\"https:\/\/www.gtline.com\/de\/products\/gt-line-professioneller-trolley-waterproof-gt-52-21-pts\/#primaryimage\",\"url\":\"https:\/\/www.gtline.com\/de\/wp-content\/uploads\/sites\/5\/2025\/05\/GT-52-21_PTS_01_8637.jpg\",\"contentUrl\":\"https:\/\/www.gtline.com\/de\/wp-content\/uploads\/sites\/5\/2025\/05\/GT-52-21_PTS_01_8637.jpg\",\"width\":500,\"height\":500},{\"@type\":\"BreadcrumbList\",\"@id\":\"https:\/\/www.gtline.com\/de\/products\/gt-line-professioneller-trolley-waterproof-gt-52-21-pts\/#breadcrumb\",\"itemListElement\":[{\"@type\":\"ListItem\",\"position\":1,\"name\":\"Home\",\"item\":\"https:\/\/www.gtline.com\/de\/\"},{\"@type\":\"ListItem\",\"position\":2,\"name\":\"Shop\",\"item\":\"https:\/\/www.gtline.com\/de\/negozio\/\"},{\"@type\":\"ListItem\",\"position\":3,\"name\":\"GT Line Professioneller Trolley WATERPROOF GT 52-21 PTS\"}]},{\"@type\":\"WebSite\",\"@id\":\"https:\/\/www.gtline.com\/de\/#website\",\"url\":\"https:\/\/www.gtline.com\/de\/\",\"name\":\"Gt Line\",\"description\":\"\",\"publisher\":{\"@id\":\"https:\/\/www.gtline.com\/de\/#organization\"},\"potentialAction\":[{\"@type\":\"SearchAction\",\"target\":{\"@type\":\"EntryPoint\",\"urlTemplate\":\"https:\/\/www.gtline.com\/de\/?s={search_term_string}\"},\"query-input\":{\"@type\":\"PropertyValueSpecification\",\"valueRequired\":true,\"valueName\":\"search_term_string\"}}],\"inLanguage\":\"de\"},{\"@type\":\"Organization\",\"@id\":\"https:\/\/www.gtline.com\/de\/#organization\",\"name\":\"Gt Line\",\"url\":\"https:\/\/www.gtline.com\/de\/\",\"logo\":{\"@type\":\"ImageObject\",\"inLanguage\":\"de\",\"@id\":\"https:\/\/www.gtline.com\/de\/#\/schema\/logo\/image\/\",\"url\":\"https:\/\/www.gtline.com\/de\/wp-content\/uploads\/sites\/5\/2025\/02\/logo.png\",\"contentUrl\":\"https:\/\/www.gtline.com\/de\/wp-content\/uploads\/sites\/5\/2025\/02\/logo.png\",\"width\":228,\"height\":146,\"caption\":\"Gt Line\"},\"image\":{\"@id\":\"https:\/\/www.gtline.com\/de\/#\/schema\/logo\/image\/\"},\"sameAs\":[\"https:\/\/www.facebook.com\/gtlinesrl?locale=it_IT\",\"https:\/\/www.instagram.com\/gt_line_srl\/\",\"https:\/\/www.youtube.com\/channel\/UCDvpkFqswNJOVFz64PkYRQQ\",\"https:\/\/www.linkedin.com\/company\/gt-line-srl\/\"]}]}<\/script>\n<!-- \/ Yoast SEO plugin. -->","yoast_head_json":{"title":"GT Line Professioneller Trolley GT 52-21 PTS - Gt Line DE","robots":{"index":"index","follow":"follow","max-snippet":"max-snippet:-1","max-image-preview":"max-image-preview:large","max-video-preview":"max-video-preview:-1"},"canonical":"https:\/\/www.gtline.com\/de\/products\/gt-line-professioneller-trolley-waterproof-gt-52-21-pts\/","og_locale":"de_DE","og_type":"article","og_title":"GT Line Professioneller Trolley GT 52-21 PTS - Gt Line DE","og_description":"Der professionelle Trolley GT 52-21 ist ein hochwertiger Beh\u00e4lter, der f\u00fcr maximale Leistung unter anspruchsvollen Bedingungen entwickelt wurde.Hermetisch abgedichtet und wasserbest\u00e4ndig sch\u00fctzt er Werkzeuge und Ger\u00e4te zuverl\u00e4ssig vor Feuchtigkeit, Sand und Staub. Dank seines gro\u00dfen Fassungsverm\u00f6gens, des ausziehbaren Teleskopgriffs und der integrierten Rollen ist dieser Werkzeugkoffer auch f\u00fcr den Flugtransport und den t\u00e4glichen mobilen Einsatz bestens geeignet.","og_url":"https:\/\/www.gtline.com\/de\/products\/gt-line-professioneller-trolley-waterproof-gt-52-21-pts\/","og_site_name":"Gt Line DE","article_publisher":"https:\/\/www.facebook.com\/gtlinesrl?locale=it_IT","article_modified_time":"2026-04-17T02:02:54+00:00","og_image":[{"width":500,"height":500,"url":"https:\/\/www.gtline.com\/de\/wp-content\/uploads\/sites\/5\/2025\/05\/GT-52-21_PTS_01_8637.jpg","type":"image\/jpeg"}],"twitter_card":"summary_large_image","twitter_misc":{"Gesch\u00e4tzte Lesezeit":"1\u00a0Minute"},"schema":{"@context":"https:\/\/schema.org","@graph":[{"@type":"WebPage","@id":"https:\/\/www.gtline.com\/de\/products\/gt-line-professioneller-trolley-waterproof-gt-52-21-pts\/","url":"https:\/\/www.gtline.com\/de\/products\/gt-line-professioneller-trolley-waterproof-gt-52-21-pts\/","name":"GT Line Professioneller Trolley GT 52-21 PTS - Gt Line DE","isPartOf":{"@id":"https:\/\/www.gtline.com\/de\/#website"},"primaryImageOfPage":{"@id":"https:\/\/www.gtline.com\/de\/products\/gt-line-professioneller-trolley-waterproof-gt-52-21-pts\/#primaryimage"},"image":{"@id":"https:\/\/www.gtline.com\/de\/products\/gt-line-professioneller-trolley-waterproof-gt-52-21-pts\/#primaryimage"},"thumbnailUrl":"https:\/\/www.gtline.com\/de\/wp-content\/uploads\/sites\/5\/2025\/05\/GT-52-21_PTS_01_8637.jpg","datePublished":"2025-07-30T10:15:27+00:00","dateModified":"2026-04-17T02:02:54+00:00","breadcrumb":{"@id":"https:\/\/www.gtline.com\/de\/products\/gt-line-professioneller-trolley-waterproof-gt-52-21-pts\/#breadcrumb"},"inLanguage":"de","potentialAction":[{"@type":"ReadAction","target":["https:\/\/www.gtline.com\/de\/products\/gt-line-professioneller-trolley-waterproof-gt-52-21-pts\/"]}]},{"@type":"ImageObject","inLanguage":"de","@id":"https:\/\/www.gtline.com\/de\/products\/gt-line-professioneller-trolley-waterproof-gt-52-21-pts\/#primaryimage","url":"https:\/\/www.gtline.com\/de\/wp-content\/uploads\/sites\/5\/2025\/05\/GT-52-21_PTS_01_8637.jpg","contentUrl":"https:\/\/www.gtline.com\/de\/wp-content\/uploads\/sites\/5\/2025\/05\/GT-52-21_PTS_01_8637.jpg","width":500,"height":500},{"@type":"BreadcrumbList","@id":"https:\/\/www.gtline.com\/de\/products\/gt-line-professioneller-trolley-waterproof-gt-52-21-pts\/#breadcrumb","itemListElement":[{"@type":"ListItem","position":1,"name":"Home","item":"https:\/\/www.gtline.com\/de\/"},{"@type":"ListItem","position":2,"name":"Shop","item":"https:\/\/www.gtline.com\/de\/negozio\/"},{"@type":"ListItem","position":3,"name":"GT Line Professioneller Trolley WATERPROOF GT 52-21 PTS"}]},{"@type":"WebSite","@id":"https:\/\/www.gtline.com\/de\/#website","url":"https:\/\/www.gtline.com\/de\/","name":"Gt Line","description":"","publisher":{"@id":"https:\/\/www.gtline.com\/de\/#organization"},"potentialAction":[{"@type":"SearchAction","target":{"@type":"EntryPoint","urlTemplate":"https:\/\/www.gtline.com\/de\/?s={search_term_string}"},"query-input":{"@type":"PropertyValueSpecification","valueRequired":true,"valueName":"search_term_string"}}],"inLanguage":"de"},{"@type":"Organization","@id":"https:\/\/www.gtline.com\/de\/#organization","name":"Gt Line","url":"https:\/\/www.gtline.com\/de\/","logo":{"@type":"ImageObject","inLanguage":"de","@id":"https:\/\/www.gtline.com\/de\/#\/schema\/logo\/image\/","url":"https:\/\/www.gtline.com\/de\/wp-content\/uploads\/sites\/5\/2025\/02\/logo.png","contentUrl":"https:\/\/www.gtline.com\/de\/wp-content\/uploads\/sites\/5\/2025\/02\/logo.png","width":228,"height":146,"caption":"Gt Line"},"image":{"@id":"https:\/\/www.gtline.com\/de\/#\/schema\/logo\/image\/"},"sameAs":["https:\/\/www.facebook.com\/gtlinesrl?locale=it_IT","https:\/\/www.instagram.com\/gt_line_srl\/","https:\/\/www.youtube.com\/channel\/UCDvpkFqswNJOVFz64PkYRQQ","https:\/\/www.linkedin.com\/company\/gt-line-srl\/"]}]}},"_links":{"self":[{"href":"https:\/\/www.gtline.com\/de\/wp-json\/wp\/v2\/product\/16727","targetHints":{"allow":["GET"]}}],"collection":[{"href":"https:\/\/www.gtline.com\/de\/wp-json\/wp\/v2\/product"}],"about":[{"href":"https:\/\/www.gtline.com\/de\/wp-json\/wp\/v2\/types\/product"}],"replies":[{"embeddable":true,"href":"https:\/\/www.gtline.com\/de\/wp-json\/wp\/v2\/comments?post=16727"}],"version-history":[{"count":3,"href":"https:\/\/www.gtline.com\/de\/wp-json\/wp\/v2\/product\/16727\/revisions"}],"predecessor-version":[{"id":22308,"href":"https:\/\/www.gtline.com\/de\/wp-json\/wp\/v2\/product\/16727\/revisions\/22308"}],"wp:featuredmedia":[{"embeddable":true,"href":"https:\/\/www.gtline.com\/de\/wp-json\/wp\/v2\/media\/7025"}],"wp:attachment":[{"href":"https:\/\/www.gtline.com\/de\/wp-json\/wp\/v2\/media?parent=16727"}],"wp:term":[{"taxonomy":"product_brand","embeddable":true,"href":"https:\/\/www.gtline.com\/de\/wp-json\/wp\/v2\/product_brand?post=16727"},{"taxonomy":"product_cat","embeddable":true,"href":"https:\/\/www.gtline.com\/de\/wp-json\/wp\/v2\/product_cat?post=16727"},{"taxonomy":"product_tag","embeddable":true,"href":"https:\/\/www.gtline.com\/de\/wp-json\/wp\/v2\/product_tag?post=16727"}],"curies":[{"name":"wp","href":"https:\/\/api.w.org\/{rel}","templated":true}]}}