{"id":16729,"date":"2025-07-30T10:15:33","date_gmt":"2025-07-30T10:15:33","guid":{"rendered":"https:\/\/www.gtline.com\/de\/prodotto\/gt-line-professioneller-trolley-waterproof-gt-53-26-pel\/"},"modified":"2026-04-17T02:03:01","modified_gmt":"2026-04-17T02:03:01","slug":"gt-line-professioneller-trolley-waterproof-gt-53-26-pel","status":"publish","type":"product","link":"https:\/\/www.gtline.com\/de\/products\/gt-line-professioneller-trolley-waterproof-gt-53-26-pel\/","title":{"rendered":"GT Line Professioneller Trolley GT 53-26 PEL"},"content":{"rendered":"<p data-start=\"121\" data-end=\"276\"><strong>1.Schutz vor Spritzwasser, Staub und \u00e4u\u00dferen Einfl\u00fcssen.<br \/><\/strong><br data-start=\"179\" data-end=\"182\">Der Trolley sch\u00fctzt Werkzeuge auch in feuchten, sandigen oder kontaminierten Umgebungen.<\/p>\n<p data-start=\"281\" data-end=\"616\"><strong>2.Ultra-robuste Konstruktion f\u00fcr extreme Bedingungen.<br \/><\/strong><br data-start=\"336\" data-end=\"339\">Das dickwandige Polypropylen, kombiniert mit Scharnieren mit korrosionsbest\u00e4ndigen Bolzen und Stahlverst\u00e4rkungen an den Schlossaufnahmen, gew\u00e4hrleistet Widerstand gegen St\u00f6\u00dfe, Quetschungen und korrosive Substanzen bei einem Einsatztemperaturbereich von -33 \u00b0C bis +90 \u00b0C.<\/p>\n<p data-start=\"621\" data-end=\"835\"><strong>3.Optimale Kapazit\u00e4t f\u00fcr sperrige Ausr\u00fcstungen.<br \/><\/strong><br data-start=\"670\" data-end=\"673\">Der tiefgezogene Boden mit verstellbaren Trennw\u00e4nden erm\u00f6glicht eine effiziente Organisation auch von gro\u00dfformatigen oder unregelm\u00e4\u00dfig geformten Werkzeugen.<\/p>\n<p data-start=\"840\" data-end=\"1096\"><strong>4.Intelligente und anpassbare Innenorganisation.<br \/><\/strong><br data-start=\"890\" data-end=\"893\">Ausgestattet mit zwei Werkzeugtafeln mit elastischen Haltern sowie einem Deckelpanel mit Elastikb\u00e4ndern auf beiden Seiten, erm\u00f6glicht er eine \u00fcbersichtliche und modulare Verwaltung aller Werkzeuge.<\/p>\n<p data-start=\"1101\" data-end=\"1285\"><strong>5.Maximale Mobilit\u00e4t, auch auf Reisen.<br \/><\/strong><br data-start=\"1141\" data-end=\"1144\">Die integrierten Rollen und der Teleskopgriff machen diesen Werkzeugkoffer ideal f\u00fcr Fachkr\u00e4fte unterwegs, einschlie\u00dflich Vielfliegern.<\/p>\n<p data-start=\"1290\" data-end=\"1453\"><strong>6.Ergonomie und Komfort bei der Nutzung.<br \/><\/strong><br data-start=\"1332\" data-end=\"1335\">Der gummierte Griff sorgt f\u00fcr sicheren und bequemen Halt und reduziert die Erm\u00fcdung auch bei l\u00e4ngerem Transport.<\/p>\n<p data-start=\"1458\" data-end=\"1681\"><strong>7.Immer schnelle Identifikation und R\u00fcckverfolgbarkeit.<br \/><\/strong><br data-start=\"1515\" data-end=\"1518\">Das Namensschild und das integrierte Dokumentenfach erm\u00f6glichen eine schnelle Identifizierung sowie eine praktische Verwaltung von Zubeh\u00f6r und Informationen.<\/p>\n<p data-start=\"1686\" data-end=\"1904\"><strong>8.Stapelbar und platzsparend.<br \/><\/strong><br data-start=\"1717\" data-end=\"1720\">Das stapelbare Design erleichtert die Lagerung in Werkst\u00e4tten, Lagerr\u00e4umen oder Fahrzeugen und optimiert jeden verf\u00fcgbaren Zentimeter, ohne die Zug\u00e4nglichkeit zu beeintr\u00e4chtigen.<\/p>\n","protected":false},"excerpt":{"rendered":"<p><strong data-start=\"78\" data-end=\"121\">Der professionelle Trolley GT 53-26 PEL<\/strong> ist ein widerstandsf\u00e4higer und besonders ger\u00e4umiger Profi-Koffer.<br \/><br data-start=\"191\" data-end=\"194\">Hergestellt aus robustem Polypropylen bietet dieser Trolley selbst bei anspruchsvollsten Eins\u00e4tzen einen vollst\u00e4ndigen Schutz<\/p>\n","protected":false},"featured_media":7037,"comment_status":"open","ping_status":"closed","template":"","meta":{"_acf_changed":false},"product_brand":[],"product_cat":[247],"product_tag":[],"class_list":{"0":"post-16729","1":"product","2":"type-product","3":"status-publish","4":"has-post-thumbnail","6":"product_cat-247","7":"pa_anwendungen-alle","8":"pa_anwendungen-koffer-und-taschen-fur-betreuer","9":"pa_anwendungen-koffer-und-taschen-fur-elektriker","10":"pa_anwendungen-koffer-und-taschen-fur-installateure","11":"pa_anwendungen-koffer-und-taschen-fur-servicetechniker","12":"pa_produkttyp-werkzeugkoffer","13":"pa_produkttyp-wasserdichte-werkzeugkoffer","15":"first","16":"instock","17":"shipping-taxable","18":"purchasable","19":"product-type-simple"},"acf":[],"yoast_head":"<!-- This site is optimized with the Yoast SEO plugin v25.4 - https:\/\/yoast.com\/wordpress\/plugins\/seo\/ -->\n<title>GT Line Professioneller Trolley GT 53-26 PEL - Gt Line DE<\/title>\n<meta name=\"robots\" content=\"index, follow, max-snippet:-1, max-image-preview:large, max-video-preview:-1\" \/>\n<link rel=\"canonical\" href=\"https:\/\/www.gtline.com\/de\/products\/gt-line-professioneller-trolley-waterproof-gt-53-26-pel\/\" \/>\n<meta property=\"og:locale\" content=\"de_DE\" \/>\n<meta property=\"og:type\" content=\"article\" \/>\n<meta property=\"og:title\" content=\"GT Line Professioneller Trolley GT 53-26 PEL - Gt Line DE\" \/>\n<meta property=\"og:description\" content=\"Der professionelle Trolley GT 53-26 PEL ist ein widerstandsf\u00e4higer und besonders ger\u00e4umiger Profi-Koffer.Hergestellt aus robustem Polypropylen bietet dieser Trolley selbst bei anspruchsvollsten Eins\u00e4tzen einen vollst\u00e4ndigen Schutz\" \/>\n<meta property=\"og:url\" content=\"https:\/\/www.gtline.com\/de\/products\/gt-line-professioneller-trolley-waterproof-gt-53-26-pel\/\" \/>\n<meta property=\"og:site_name\" content=\"Gt Line DE\" \/>\n<meta property=\"article:publisher\" content=\"https:\/\/www.facebook.com\/gtlinesrl?locale=it_IT\" \/>\n<meta property=\"article:modified_time\" content=\"2026-04-17T02:03:01+00:00\" \/>\n<meta property=\"og:image\" content=\"https:\/\/www.gtline.com\/de\/wp-content\/uploads\/sites\/5\/2025\/05\/GT-53-26_PEL_01_8638.jpg\" \/>\n\t<meta property=\"og:image:width\" content=\"500\" \/>\n\t<meta property=\"og:image:height\" content=\"500\" \/>\n\t<meta property=\"og:image:type\" content=\"image\/jpeg\" \/>\n<meta name=\"twitter:card\" content=\"summary_large_image\" \/>\n<meta name=\"twitter:label1\" content=\"Gesch\u00e4tzte Lesezeit\" \/>\n\t<meta name=\"twitter:data1\" content=\"1\u00a0Minute\" \/>\n<script type=\"application\/ld+json\" class=\"yoast-schema-graph\">{\"@context\":\"https:\/\/schema.org\",\"@graph\":[{\"@type\":\"WebPage\",\"@id\":\"https:\/\/www.gtline.com\/de\/products\/gt-line-professioneller-trolley-waterproof-gt-53-26-pel\/\",\"url\":\"https:\/\/www.gtline.com\/de\/products\/gt-line-professioneller-trolley-waterproof-gt-53-26-pel\/\",\"name\":\"GT Line Professioneller Trolley GT 53-26 PEL - Gt Line DE\",\"isPartOf\":{\"@id\":\"https:\/\/www.gtline.com\/de\/#website\"},\"primaryImageOfPage\":{\"@id\":\"https:\/\/www.gtline.com\/de\/products\/gt-line-professioneller-trolley-waterproof-gt-53-26-pel\/#primaryimage\"},\"image\":{\"@id\":\"https:\/\/www.gtline.com\/de\/products\/gt-line-professioneller-trolley-waterproof-gt-53-26-pel\/#primaryimage\"},\"thumbnailUrl\":\"https:\/\/www.gtline.com\/de\/wp-content\/uploads\/sites\/5\/2025\/05\/GT-53-26_PEL_01_8638.jpg\",\"datePublished\":\"2025-07-30T10:15:33+00:00\",\"dateModified\":\"2026-04-17T02:03:01+00:00\",\"breadcrumb\":{\"@id\":\"https:\/\/www.gtline.com\/de\/products\/gt-line-professioneller-trolley-waterproof-gt-53-26-pel\/#breadcrumb\"},\"inLanguage\":\"de\",\"potentialAction\":[{\"@type\":\"ReadAction\",\"target\":[\"https:\/\/www.gtline.com\/de\/products\/gt-line-professioneller-trolley-waterproof-gt-53-26-pel\/\"]}]},{\"@type\":\"ImageObject\",\"inLanguage\":\"de\",\"@id\":\"https:\/\/www.gtline.com\/de\/products\/gt-line-professioneller-trolley-waterproof-gt-53-26-pel\/#primaryimage\",\"url\":\"https:\/\/www.gtline.com\/de\/wp-content\/uploads\/sites\/5\/2025\/05\/GT-53-26_PEL_01_8638.jpg\",\"contentUrl\":\"https:\/\/www.gtline.com\/de\/wp-content\/uploads\/sites\/5\/2025\/05\/GT-53-26_PEL_01_8638.jpg\",\"width\":500,\"height\":500},{\"@type\":\"BreadcrumbList\",\"@id\":\"https:\/\/www.gtline.com\/de\/products\/gt-line-professioneller-trolley-waterproof-gt-53-26-pel\/#breadcrumb\",\"itemListElement\":[{\"@type\":\"ListItem\",\"position\":1,\"name\":\"Home\",\"item\":\"https:\/\/www.gtline.com\/de\/\"},{\"@type\":\"ListItem\",\"position\":2,\"name\":\"Shop\",\"item\":\"https:\/\/www.gtline.com\/de\/negozio\/\"},{\"@type\":\"ListItem\",\"position\":3,\"name\":\"GT Line Professioneller Trolley WATERPROOF GT 53-26 PEL\"}]},{\"@type\":\"WebSite\",\"@id\":\"https:\/\/www.gtline.com\/de\/#website\",\"url\":\"https:\/\/www.gtline.com\/de\/\",\"name\":\"Gt Line\",\"description\":\"\",\"publisher\":{\"@id\":\"https:\/\/www.gtline.com\/de\/#organization\"},\"potentialAction\":[{\"@type\":\"SearchAction\",\"target\":{\"@type\":\"EntryPoint\",\"urlTemplate\":\"https:\/\/www.gtline.com\/de\/?s={search_term_string}\"},\"query-input\":{\"@type\":\"PropertyValueSpecification\",\"valueRequired\":true,\"valueName\":\"search_term_string\"}}],\"inLanguage\":\"de\"},{\"@type\":\"Organization\",\"@id\":\"https:\/\/www.gtline.com\/de\/#organization\",\"name\":\"Gt Line\",\"url\":\"https:\/\/www.gtline.com\/de\/\",\"logo\":{\"@type\":\"ImageObject\",\"inLanguage\":\"de\",\"@id\":\"https:\/\/www.gtline.com\/de\/#\/schema\/logo\/image\/\",\"url\":\"https:\/\/www.gtline.com\/de\/wp-content\/uploads\/sites\/5\/2025\/02\/logo.png\",\"contentUrl\":\"https:\/\/www.gtline.com\/de\/wp-content\/uploads\/sites\/5\/2025\/02\/logo.png\",\"width\":228,\"height\":146,\"caption\":\"Gt Line\"},\"image\":{\"@id\":\"https:\/\/www.gtline.com\/de\/#\/schema\/logo\/image\/\"},\"sameAs\":[\"https:\/\/www.facebook.com\/gtlinesrl?locale=it_IT\",\"https:\/\/www.instagram.com\/gt_line_srl\/\",\"https:\/\/www.youtube.com\/channel\/UCDvpkFqswNJOVFz64PkYRQQ\",\"https:\/\/www.linkedin.com\/company\/gt-line-srl\/\"]}]}<\/script>\n<!-- \/ Yoast SEO plugin. -->","yoast_head_json":{"title":"GT Line Professioneller Trolley GT 53-26 PEL - Gt Line DE","robots":{"index":"index","follow":"follow","max-snippet":"max-snippet:-1","max-image-preview":"max-image-preview:large","max-video-preview":"max-video-preview:-1"},"canonical":"https:\/\/www.gtline.com\/de\/products\/gt-line-professioneller-trolley-waterproof-gt-53-26-pel\/","og_locale":"de_DE","og_type":"article","og_title":"GT Line Professioneller Trolley GT 53-26 PEL - Gt Line DE","og_description":"Der professionelle Trolley GT 53-26 PEL ist ein widerstandsf\u00e4higer und besonders ger\u00e4umiger Profi-Koffer.Hergestellt aus robustem Polypropylen bietet dieser Trolley selbst bei anspruchsvollsten Eins\u00e4tzen einen vollst\u00e4ndigen Schutz","og_url":"https:\/\/www.gtline.com\/de\/products\/gt-line-professioneller-trolley-waterproof-gt-53-26-pel\/","og_site_name":"Gt Line DE","article_publisher":"https:\/\/www.facebook.com\/gtlinesrl?locale=it_IT","article_modified_time":"2026-04-17T02:03:01+00:00","og_image":[{"width":500,"height":500,"url":"https:\/\/www.gtline.com\/de\/wp-content\/uploads\/sites\/5\/2025\/05\/GT-53-26_PEL_01_8638.jpg","type":"image\/jpeg"}],"twitter_card":"summary_large_image","twitter_misc":{"Gesch\u00e4tzte Lesezeit":"1\u00a0Minute"},"schema":{"@context":"https:\/\/schema.org","@graph":[{"@type":"WebPage","@id":"https:\/\/www.gtline.com\/de\/products\/gt-line-professioneller-trolley-waterproof-gt-53-26-pel\/","url":"https:\/\/www.gtline.com\/de\/products\/gt-line-professioneller-trolley-waterproof-gt-53-26-pel\/","name":"GT Line Professioneller Trolley GT 53-26 PEL - Gt Line DE","isPartOf":{"@id":"https:\/\/www.gtline.com\/de\/#website"},"primaryImageOfPage":{"@id":"https:\/\/www.gtline.com\/de\/products\/gt-line-professioneller-trolley-waterproof-gt-53-26-pel\/#primaryimage"},"image":{"@id":"https:\/\/www.gtline.com\/de\/products\/gt-line-professioneller-trolley-waterproof-gt-53-26-pel\/#primaryimage"},"thumbnailUrl":"https:\/\/www.gtline.com\/de\/wp-content\/uploads\/sites\/5\/2025\/05\/GT-53-26_PEL_01_8638.jpg","datePublished":"2025-07-30T10:15:33+00:00","dateModified":"2026-04-17T02:03:01+00:00","breadcrumb":{"@id":"https:\/\/www.gtline.com\/de\/products\/gt-line-professioneller-trolley-waterproof-gt-53-26-pel\/#breadcrumb"},"inLanguage":"de","potentialAction":[{"@type":"ReadAction","target":["https:\/\/www.gtline.com\/de\/products\/gt-line-professioneller-trolley-waterproof-gt-53-26-pel\/"]}]},{"@type":"ImageObject","inLanguage":"de","@id":"https:\/\/www.gtline.com\/de\/products\/gt-line-professioneller-trolley-waterproof-gt-53-26-pel\/#primaryimage","url":"https:\/\/www.gtline.com\/de\/wp-content\/uploads\/sites\/5\/2025\/05\/GT-53-26_PEL_01_8638.jpg","contentUrl":"https:\/\/www.gtline.com\/de\/wp-content\/uploads\/sites\/5\/2025\/05\/GT-53-26_PEL_01_8638.jpg","width":500,"height":500},{"@type":"BreadcrumbList","@id":"https:\/\/www.gtline.com\/de\/products\/gt-line-professioneller-trolley-waterproof-gt-53-26-pel\/#breadcrumb","itemListElement":[{"@type":"ListItem","position":1,"name":"Home","item":"https:\/\/www.gtline.com\/de\/"},{"@type":"ListItem","position":2,"name":"Shop","item":"https:\/\/www.gtline.com\/de\/negozio\/"},{"@type":"ListItem","position":3,"name":"GT Line Professioneller Trolley WATERPROOF GT 53-26 PEL"}]},{"@type":"WebSite","@id":"https:\/\/www.gtline.com\/de\/#website","url":"https:\/\/www.gtline.com\/de\/","name":"Gt Line","description":"","publisher":{"@id":"https:\/\/www.gtline.com\/de\/#organization"},"potentialAction":[{"@type":"SearchAction","target":{"@type":"EntryPoint","urlTemplate":"https:\/\/www.gtline.com\/de\/?s={search_term_string}"},"query-input":{"@type":"PropertyValueSpecification","valueRequired":true,"valueName":"search_term_string"}}],"inLanguage":"de"},{"@type":"Organization","@id":"https:\/\/www.gtline.com\/de\/#organization","name":"Gt Line","url":"https:\/\/www.gtline.com\/de\/","logo":{"@type":"ImageObject","inLanguage":"de","@id":"https:\/\/www.gtline.com\/de\/#\/schema\/logo\/image\/","url":"https:\/\/www.gtline.com\/de\/wp-content\/uploads\/sites\/5\/2025\/02\/logo.png","contentUrl":"https:\/\/www.gtline.com\/de\/wp-content\/uploads\/sites\/5\/2025\/02\/logo.png","width":228,"height":146,"caption":"Gt Line"},"image":{"@id":"https:\/\/www.gtline.com\/de\/#\/schema\/logo\/image\/"},"sameAs":["https:\/\/www.facebook.com\/gtlinesrl?locale=it_IT","https:\/\/www.instagram.com\/gt_line_srl\/","https:\/\/www.youtube.com\/channel\/UCDvpkFqswNJOVFz64PkYRQQ","https:\/\/www.linkedin.com\/company\/gt-line-srl\/"]}]}},"_links":{"self":[{"href":"https:\/\/www.gtline.com\/de\/wp-json\/wp\/v2\/product\/16729","targetHints":{"allow":["GET"]}}],"collection":[{"href":"https:\/\/www.gtline.com\/de\/wp-json\/wp\/v2\/product"}],"about":[{"href":"https:\/\/www.gtline.com\/de\/wp-json\/wp\/v2\/types\/product"}],"replies":[{"embeddable":true,"href":"https:\/\/www.gtline.com\/de\/wp-json\/wp\/v2\/comments?post=16729"}],"version-history":[{"count":3,"href":"https:\/\/www.gtline.com\/de\/wp-json\/wp\/v2\/product\/16729\/revisions"}],"predecessor-version":[{"id":22309,"href":"https:\/\/www.gtline.com\/de\/wp-json\/wp\/v2\/product\/16729\/revisions\/22309"}],"wp:featuredmedia":[{"embeddable":true,"href":"https:\/\/www.gtline.com\/de\/wp-json\/wp\/v2\/media\/7037"}],"wp:attachment":[{"href":"https:\/\/www.gtline.com\/de\/wp-json\/wp\/v2\/media?parent=16729"}],"wp:term":[{"taxonomy":"product_brand","embeddable":true,"href":"https:\/\/www.gtline.com\/de\/wp-json\/wp\/v2\/product_brand?post=16729"},{"taxonomy":"product_cat","embeddable":true,"href":"https:\/\/www.gtline.com\/de\/wp-json\/wp\/v2\/product_cat?post=16729"},{"taxonomy":"product_tag","embeddable":true,"href":"https:\/\/www.gtline.com\/de\/wp-json\/wp\/v2\/product_tag?post=16729"}],"curies":[{"name":"wp","href":"https:\/\/api.w.org\/{rel}","templated":true}]}}