{"id":16875,"date":"2025-07-30T10:19:17","date_gmt":"2025-07-30T10:19:17","guid":{"rendered":"https:\/\/www.gtline.com\/de\/prodotto\/gt-line-profi-tasche-wasserdicht-mub65\/"},"modified":"2026-04-17T02:06:57","modified_gmt":"2026-04-17T02:06:57","slug":"gt-line-profi-tasche-wasserdicht-mub65","status":"publish","type":"product","link":"https:\/\/www.gtline.com\/de\/products\/gt-line-profi-tasche-wasserdicht-mub65\/","title":{"rendered":"GT Line Profi-Container MUB65"},"content":{"rendered":"<p data-start=\"3\" data-end=\"275\"><strong data-start=\"3\" data-end=\"72\" data-is-only-node=\"\">1.Maximale Best\u00e4ndigkeit gegen Witterungseinfl\u00fcsse und Chemikalien.<\/strong><br \/> Das <strong data-start=\"81\" data-end=\"108\">hochdichte Polypropylen<\/strong>sch\u00fctzt zuverl\u00e4ssig vor <strong data-start=\"133\" data-end=\"184\">Regen, Staub, Schlamm und korrosiven Substanzen<\/strong> und macht die <strong data-start=\"199\" data-end=\"208\">MUB65<\/strong> zum <strong data-start=\"213\" data-end=\"268\">idealen professionellen Koffer f\u00fcr den Au\u00dfeneinsatz<\/strong>.<\/p>\n<p data-start=\"280\" data-end=\"492\"><strong data-start=\"280\" data-end=\"334\" data-is-only-node=\"\">2.Verst\u00e4rkte Struktur f\u00fcr anspruchsvolle Umgebungen.<\/strong><br \/> Die <strong data-start=\"343\" data-end=\"375\">Verst\u00e4rkungsrippen im Deckel<\/strong> erh\u00f6hen die <strong data-start=\"388\" data-end=\"416\">strukturelle Steifigkeit<\/strong> und sch\u00fctzen die Werkzeuge auch bei <strong data-start=\"453\" data-end=\"485\">St\u00f6\u00dfen oder Druckbelastungen<\/strong>.<\/p>\n<p data-start=\"497\" data-end=\"743\"><strong data-start=\"497\" data-end=\"542\" data-is-only-node=\"\">3.Hohe Tragf\u00e4higkeit bei kompakter Bauform.<\/strong><br \/> Mit gro\u00dfz\u00fcgigen <strong data-start=\"563\" data-end=\"598\">Innenma\u00dfen (653 x 340 x 312 mm)<\/strong> bietet die <strong data-start=\"610\" data-end=\"619\">MUB65<\/strong> ausreichend Platz f\u00fcr eine Vielzahl von Werkzeugen und Zubeh\u00f6r \u2013 bei einem <strong data-start=\"695\" data-end=\"736\">geringen Eigengewicht von nur 4,39 kg<\/strong>.<\/p>\n<p data-start=\"748\" data-end=\"935\"><strong data-start=\"748\" data-end=\"788\" data-is-only-node=\"\">4.Einfacher Transport \u2013 auch zu zweit.<\/strong><br \/> Der <strong data-start=\"797\" data-end=\"811\">Frontgriff<\/strong> und die <strong data-start=\"820\" data-end=\"846\">seitlichen Tragegriffe<\/strong> erm\u00f6glichen einen <strong data-start=\"865\" data-end=\"892\">ergonomischen Transport<\/strong>, sowohl <strong data-start=\"901\" data-end=\"928\">allein als auch im Team<\/strong>.<\/p>\n<p data-start=\"940\" data-end=\"1151\"><strong data-start=\"940\" data-end=\"986\" data-is-only-node=\"\">5.Sicherheit und Schutz f\u00fcr Ihre Ausr\u00fcstung.<\/strong><br \/> Dank der <strong data-start=\"1000\" data-end=\"1039\">Vorrichtungen f\u00fcr Vorh\u00e4ngeschl\u00f6sser<\/strong> kann der Werkzeugkoffer sicher verschlossen werden, um den Inhalt vor <strong data-start=\"1110\" data-end=\"1132\">unbefugtem Zugriff<\/strong> zu sch\u00fctzen.<\/p>\n<p data-start=\"1156\" data-end=\"1391\"><strong data-start=\"1156\" data-end=\"1188\" data-is-only-node=\"\">6.Perfekt f\u00fcr mobile Eins\u00e4tze.<\/strong><br \/> <strong data-start=\"1193\" data-end=\"1217\">Stapelbar und leicht<\/strong>, eignet sich die <strong data-start=\"1235\" data-end=\"1244\">MUB65<\/strong> ideal f\u00fcr den <strong data-start=\"1259\" data-end=\"1289\">Transport und die Lagerung<\/strong> in <strong data-start=\"1293\" data-end=\"1329\">Transportern, Lagern oder Booten<\/strong>, wobei <strong data-start=\"1337\" data-end=\"1361\">Platz und Handhabung<\/strong> optimal genutzt werden.<\/p>\n<p data-start=\"1396\" data-end=\"1634\"><strong data-start=\"1396\" data-end=\"1439\" data-is-only-node=\"\">7.Individuell konfigurierbarer Innenraum.<\/strong><br \/> Der <strong data-start=\"1448\" data-end=\"1474\">leer gelieferte Koffer<\/strong> kann mit <strong data-start=\"1484\" data-end=\"1535\">Trennw\u00e4nden, Eins\u00e4tzen oder Schaumstoffeinlagen<\/strong> ausgestattet werden, um <strong data-start=\"1560\" data-end=\"1608\">Pr\u00e4zisionswerkzeuge oder empfindliche Ger\u00e4te<\/strong> sicher zu sch\u00fctzen.<\/p>\n<p data-start=\"1639\" data-end=\"1880\" data-is-last-node=\"\"><strong data-start=\"1639\" data-end=\"1698\" data-is-only-node=\"\">8.Professionelle Zuverl\u00e4ssigkeit in jedem Einsatzbereich.<\/strong><br \/> Entwickelt f\u00fcr Branchen, die <strong data-start=\"1732\" data-end=\"1765\">Robustheit und Vielseitigkeit<\/strong> verlangen \u2013 der <strong data-start=\"1782\" data-end=\"1809\">perfekte Werkzeugkoffer<\/strong> f\u00fcr <strong data-start=\"1814\" data-end=\"1875\">Elektriker, Wartungstechniker, Marine- und Outdoor-Profis<\/strong>.<\/p>\n","protected":false},"excerpt":{"rendered":"<p>Der professionelle <strong data-start=\"19\" data-end=\"37\">MUB65-Beh\u00e4lter<\/strong> von <strong data-start=\"42\" data-end=\"53\">GT Line<\/strong> ist ein <strong data-start=\"62\" data-end=\"98\">technischer Multifunktionskoffer<\/strong>, der f\u00fcr <strong data-start=\"108\" data-end=\"162\">h\u00f6chste Zuverl\u00e4ssigkeit unter extremen Bedingungen<\/strong> entwickelt wurde.<br data-start=\"180\" data-end=\"183\">Gefertigt aus <strong data-start=\"197\" data-end=\"230\">spritzgegossenem Polypropylen<\/strong>, vereint er <strong data-start=\"243\" data-end=\"283\">geringes Gewicht und hohe Stabilit\u00e4t<\/strong> mit einer <strong data-start=\"294\" data-end=\"329\">au\u00dfergew\u00f6hnlichen Tragf\u00e4higkeit<\/strong>.<br \/><br data-start=\"330\" data-end=\"333\">Dieser <strong data-start=\"340\" data-end=\"373\">Werkzeug- und Transportkoffer<\/strong> ist ideal f\u00fcr <strong data-start=\"388\" data-end=\"458\">Fachleute aus den Bereichen Bauwesen, Marine, Logistik und Outdoor<\/strong>, die einen <strong data-start=\"470\" data-end=\"527\">robusten, stapelbaren und widerstandsf\u00e4higen Beh\u00e4lter<\/strong> ben\u00f6tigen, der selbst <strong data-start=\"550\" data-end=\"584\">unter rauen Einsatzbedingungen<\/strong> zuverl\u00e4ssig funktioniert.<\/p>\n","protected":false},"featured_media":7050,"comment_status":"open","ping_status":"closed","template":"","meta":{"_acf_changed":false},"product_brand":[],"product_cat":[234],"product_tag":[],"class_list":{"0":"post-16875","1":"product","2":"type-product","3":"status-publish","4":"has-post-thumbnail","6":"product_cat-mub","7":"pa_anwendungen-koffer-und-taschen-fur-betreuer","8":"pa_anwendungen-koffer-und-taschen-fur-elektriker","9":"pa_anwendungen-koffer-und-taschen-fur-installateure","10":"pa_anwendungen-koffer-und-taschen-fur-servicetechniker","11":"pa_produkttyp-werkzeugkoffer","13":"first","14":"instock","15":"shipping-taxable","16":"purchasable","17":"product-type-simple"},"acf":[],"yoast_head":"<!-- This site is optimized with the Yoast SEO plugin v25.4 - https:\/\/yoast.com\/wordpress\/plugins\/seo\/ -->\n<title>GT Line Profi-Container MUB65 - Gt Line DE<\/title>\n<meta name=\"robots\" content=\"index, follow, max-snippet:-1, max-image-preview:large, max-video-preview:-1\" \/>\n<link rel=\"canonical\" href=\"https:\/\/www.gtline.com\/de\/products\/gt-line-profi-tasche-wasserdicht-mub65\/\" \/>\n<meta property=\"og:locale\" content=\"de_DE\" \/>\n<meta property=\"og:type\" content=\"article\" \/>\n<meta property=\"og:title\" content=\"GT Line Profi-Container MUB65 - Gt Line DE\" \/>\n<meta property=\"og:description\" content=\"Der professionelle MUB65-Beh\u00e4lter von GT Line ist ein technischer Multifunktionskoffer, der f\u00fcr h\u00f6chste Zuverl\u00e4ssigkeit unter extremen Bedingungen entwickelt wurde.Gefertigt aus spritzgegossenem Polypropylen, vereint er geringes Gewicht und hohe Stabilit\u00e4t mit einer au\u00dfergew\u00f6hnlichen Tragf\u00e4higkeit.Dieser Werkzeug- und Transportkoffer ist ideal f\u00fcr Fachleute aus den Bereichen Bauwesen, Marine, Logistik und Outdoor, die einen robusten, stapelbaren und widerstandsf\u00e4higen Beh\u00e4lter ben\u00f6tigen, der selbst unter rauen Einsatzbedingungen zuverl\u00e4ssig funktioniert.\" \/>\n<meta property=\"og:url\" content=\"https:\/\/www.gtline.com\/de\/products\/gt-line-profi-tasche-wasserdicht-mub65\/\" \/>\n<meta property=\"og:site_name\" content=\"Gt Line DE\" \/>\n<meta property=\"article:publisher\" content=\"https:\/\/www.facebook.com\/gtlinesrl?locale=it_IT\" \/>\n<meta property=\"article:modified_time\" content=\"2026-04-17T02:06:57+00:00\" \/>\n<meta property=\"og:image\" content=\"https:\/\/www.gtline.com\/de\/wp-content\/uploads\/sites\/5\/2025\/05\/MUB65_01_8964.jpg\" \/>\n\t<meta property=\"og:image:width\" content=\"500\" \/>\n\t<meta property=\"og:image:height\" content=\"500\" \/>\n\t<meta property=\"og:image:type\" content=\"image\/jpeg\" \/>\n<meta name=\"twitter:card\" content=\"summary_large_image\" \/>\n<meta name=\"twitter:label1\" content=\"Gesch\u00e4tzte Lesezeit\" \/>\n\t<meta name=\"twitter:data1\" content=\"1\u00a0Minute\" \/>\n<script type=\"application\/ld+json\" class=\"yoast-schema-graph\">{\"@context\":\"https:\/\/schema.org\",\"@graph\":[{\"@type\":\"WebPage\",\"@id\":\"https:\/\/www.gtline.com\/de\/products\/gt-line-profi-tasche-wasserdicht-mub65\/\",\"url\":\"https:\/\/www.gtline.com\/de\/products\/gt-line-profi-tasche-wasserdicht-mub65\/\",\"name\":\"GT Line Profi-Container MUB65 - Gt Line DE\",\"isPartOf\":{\"@id\":\"https:\/\/www.gtline.com\/de\/#website\"},\"primaryImageOfPage\":{\"@id\":\"https:\/\/www.gtline.com\/de\/products\/gt-line-profi-tasche-wasserdicht-mub65\/#primaryimage\"},\"image\":{\"@id\":\"https:\/\/www.gtline.com\/de\/products\/gt-line-profi-tasche-wasserdicht-mub65\/#primaryimage\"},\"thumbnailUrl\":\"https:\/\/www.gtline.com\/de\/wp-content\/uploads\/sites\/5\/2025\/05\/MUB65_01_8964.jpg\",\"datePublished\":\"2025-07-30T10:19:17+00:00\",\"dateModified\":\"2026-04-17T02:06:57+00:00\",\"breadcrumb\":{\"@id\":\"https:\/\/www.gtline.com\/de\/products\/gt-line-profi-tasche-wasserdicht-mub65\/#breadcrumb\"},\"inLanguage\":\"de\",\"potentialAction\":[{\"@type\":\"ReadAction\",\"target\":[\"https:\/\/www.gtline.com\/de\/products\/gt-line-profi-tasche-wasserdicht-mub65\/\"]}]},{\"@type\":\"ImageObject\",\"inLanguage\":\"de\",\"@id\":\"https:\/\/www.gtline.com\/de\/products\/gt-line-profi-tasche-wasserdicht-mub65\/#primaryimage\",\"url\":\"https:\/\/www.gtline.com\/de\/wp-content\/uploads\/sites\/5\/2025\/05\/MUB65_01_8964.jpg\",\"contentUrl\":\"https:\/\/www.gtline.com\/de\/wp-content\/uploads\/sites\/5\/2025\/05\/MUB65_01_8964.jpg\",\"width\":500,\"height\":500},{\"@type\":\"BreadcrumbList\",\"@id\":\"https:\/\/www.gtline.com\/de\/products\/gt-line-profi-tasche-wasserdicht-mub65\/#breadcrumb\",\"itemListElement\":[{\"@type\":\"ListItem\",\"position\":1,\"name\":\"Home\",\"item\":\"https:\/\/www.gtline.com\/de\/\"},{\"@type\":\"ListItem\",\"position\":2,\"name\":\"Shop\",\"item\":\"https:\/\/www.gtline.com\/de\/negozio\/\"},{\"@type\":\"ListItem\",\"position\":3,\"name\":\"GT Line Profi-Tasche WASSERDICHT MUB65\"}]},{\"@type\":\"WebSite\",\"@id\":\"https:\/\/www.gtline.com\/de\/#website\",\"url\":\"https:\/\/www.gtline.com\/de\/\",\"name\":\"Gt Line\",\"description\":\"\",\"publisher\":{\"@id\":\"https:\/\/www.gtline.com\/de\/#organization\"},\"potentialAction\":[{\"@type\":\"SearchAction\",\"target\":{\"@type\":\"EntryPoint\",\"urlTemplate\":\"https:\/\/www.gtline.com\/de\/?s={search_term_string}\"},\"query-input\":{\"@type\":\"PropertyValueSpecification\",\"valueRequired\":true,\"valueName\":\"search_term_string\"}}],\"inLanguage\":\"de\"},{\"@type\":\"Organization\",\"@id\":\"https:\/\/www.gtline.com\/de\/#organization\",\"name\":\"Gt Line\",\"url\":\"https:\/\/www.gtline.com\/de\/\",\"logo\":{\"@type\":\"ImageObject\",\"inLanguage\":\"de\",\"@id\":\"https:\/\/www.gtline.com\/de\/#\/schema\/logo\/image\/\",\"url\":\"https:\/\/www.gtline.com\/de\/wp-content\/uploads\/sites\/5\/2025\/02\/logo.png\",\"contentUrl\":\"https:\/\/www.gtline.com\/de\/wp-content\/uploads\/sites\/5\/2025\/02\/logo.png\",\"width\":228,\"height\":146,\"caption\":\"Gt Line\"},\"image\":{\"@id\":\"https:\/\/www.gtline.com\/de\/#\/schema\/logo\/image\/\"},\"sameAs\":[\"https:\/\/www.facebook.com\/gtlinesrl?locale=it_IT\",\"https:\/\/www.instagram.com\/gt_line_srl\/\",\"https:\/\/www.youtube.com\/channel\/UCDvpkFqswNJOVFz64PkYRQQ\",\"https:\/\/www.linkedin.com\/company\/gt-line-srl\/\"]}]}<\/script>\n<!-- \/ Yoast SEO plugin. -->","yoast_head_json":{"title":"GT Line Profi-Container MUB65 - Gt Line DE","robots":{"index":"index","follow":"follow","max-snippet":"max-snippet:-1","max-image-preview":"max-image-preview:large","max-video-preview":"max-video-preview:-1"},"canonical":"https:\/\/www.gtline.com\/de\/products\/gt-line-profi-tasche-wasserdicht-mub65\/","og_locale":"de_DE","og_type":"article","og_title":"GT Line Profi-Container MUB65 - Gt Line DE","og_description":"Der professionelle MUB65-Beh\u00e4lter von GT Line ist ein technischer Multifunktionskoffer, der f\u00fcr h\u00f6chste Zuverl\u00e4ssigkeit unter extremen Bedingungen entwickelt wurde.Gefertigt aus spritzgegossenem Polypropylen, vereint er geringes Gewicht und hohe Stabilit\u00e4t mit einer au\u00dfergew\u00f6hnlichen Tragf\u00e4higkeit.Dieser Werkzeug- und Transportkoffer ist ideal f\u00fcr Fachleute aus den Bereichen Bauwesen, Marine, Logistik und Outdoor, die einen robusten, stapelbaren und widerstandsf\u00e4higen Beh\u00e4lter ben\u00f6tigen, der selbst unter rauen Einsatzbedingungen zuverl\u00e4ssig funktioniert.","og_url":"https:\/\/www.gtline.com\/de\/products\/gt-line-profi-tasche-wasserdicht-mub65\/","og_site_name":"Gt Line DE","article_publisher":"https:\/\/www.facebook.com\/gtlinesrl?locale=it_IT","article_modified_time":"2026-04-17T02:06:57+00:00","og_image":[{"width":500,"height":500,"url":"https:\/\/www.gtline.com\/de\/wp-content\/uploads\/sites\/5\/2025\/05\/MUB65_01_8964.jpg","type":"image\/jpeg"}],"twitter_card":"summary_large_image","twitter_misc":{"Gesch\u00e4tzte Lesezeit":"1\u00a0Minute"},"schema":{"@context":"https:\/\/schema.org","@graph":[{"@type":"WebPage","@id":"https:\/\/www.gtline.com\/de\/products\/gt-line-profi-tasche-wasserdicht-mub65\/","url":"https:\/\/www.gtline.com\/de\/products\/gt-line-profi-tasche-wasserdicht-mub65\/","name":"GT Line Profi-Container MUB65 - Gt Line DE","isPartOf":{"@id":"https:\/\/www.gtline.com\/de\/#website"},"primaryImageOfPage":{"@id":"https:\/\/www.gtline.com\/de\/products\/gt-line-profi-tasche-wasserdicht-mub65\/#primaryimage"},"image":{"@id":"https:\/\/www.gtline.com\/de\/products\/gt-line-profi-tasche-wasserdicht-mub65\/#primaryimage"},"thumbnailUrl":"https:\/\/www.gtline.com\/de\/wp-content\/uploads\/sites\/5\/2025\/05\/MUB65_01_8964.jpg","datePublished":"2025-07-30T10:19:17+00:00","dateModified":"2026-04-17T02:06:57+00:00","breadcrumb":{"@id":"https:\/\/www.gtline.com\/de\/products\/gt-line-profi-tasche-wasserdicht-mub65\/#breadcrumb"},"inLanguage":"de","potentialAction":[{"@type":"ReadAction","target":["https:\/\/www.gtline.com\/de\/products\/gt-line-profi-tasche-wasserdicht-mub65\/"]}]},{"@type":"ImageObject","inLanguage":"de","@id":"https:\/\/www.gtline.com\/de\/products\/gt-line-profi-tasche-wasserdicht-mub65\/#primaryimage","url":"https:\/\/www.gtline.com\/de\/wp-content\/uploads\/sites\/5\/2025\/05\/MUB65_01_8964.jpg","contentUrl":"https:\/\/www.gtline.com\/de\/wp-content\/uploads\/sites\/5\/2025\/05\/MUB65_01_8964.jpg","width":500,"height":500},{"@type":"BreadcrumbList","@id":"https:\/\/www.gtline.com\/de\/products\/gt-line-profi-tasche-wasserdicht-mub65\/#breadcrumb","itemListElement":[{"@type":"ListItem","position":1,"name":"Home","item":"https:\/\/www.gtline.com\/de\/"},{"@type":"ListItem","position":2,"name":"Shop","item":"https:\/\/www.gtline.com\/de\/negozio\/"},{"@type":"ListItem","position":3,"name":"GT Line Profi-Tasche WASSERDICHT MUB65"}]},{"@type":"WebSite","@id":"https:\/\/www.gtline.com\/de\/#website","url":"https:\/\/www.gtline.com\/de\/","name":"Gt Line","description":"","publisher":{"@id":"https:\/\/www.gtline.com\/de\/#organization"},"potentialAction":[{"@type":"SearchAction","target":{"@type":"EntryPoint","urlTemplate":"https:\/\/www.gtline.com\/de\/?s={search_term_string}"},"query-input":{"@type":"PropertyValueSpecification","valueRequired":true,"valueName":"search_term_string"}}],"inLanguage":"de"},{"@type":"Organization","@id":"https:\/\/www.gtline.com\/de\/#organization","name":"Gt Line","url":"https:\/\/www.gtline.com\/de\/","logo":{"@type":"ImageObject","inLanguage":"de","@id":"https:\/\/www.gtline.com\/de\/#\/schema\/logo\/image\/","url":"https:\/\/www.gtline.com\/de\/wp-content\/uploads\/sites\/5\/2025\/02\/logo.png","contentUrl":"https:\/\/www.gtline.com\/de\/wp-content\/uploads\/sites\/5\/2025\/02\/logo.png","width":228,"height":146,"caption":"Gt Line"},"image":{"@id":"https:\/\/www.gtline.com\/de\/#\/schema\/logo\/image\/"},"sameAs":["https:\/\/www.facebook.com\/gtlinesrl?locale=it_IT","https:\/\/www.instagram.com\/gt_line_srl\/","https:\/\/www.youtube.com\/channel\/UCDvpkFqswNJOVFz64PkYRQQ","https:\/\/www.linkedin.com\/company\/gt-line-srl\/"]}]}},"_links":{"self":[{"href":"https:\/\/www.gtline.com\/de\/wp-json\/wp\/v2\/product\/16875","targetHints":{"allow":["GET"]}}],"collection":[{"href":"https:\/\/www.gtline.com\/de\/wp-json\/wp\/v2\/product"}],"about":[{"href":"https:\/\/www.gtline.com\/de\/wp-json\/wp\/v2\/types\/product"}],"replies":[{"embeddable":true,"href":"https:\/\/www.gtline.com\/de\/wp-json\/wp\/v2\/comments?post=16875"}],"version-history":[{"count":3,"href":"https:\/\/www.gtline.com\/de\/wp-json\/wp\/v2\/product\/16875\/revisions"}],"predecessor-version":[{"id":22310,"href":"https:\/\/www.gtline.com\/de\/wp-json\/wp\/v2\/product\/16875\/revisions\/22310"}],"wp:featuredmedia":[{"embeddable":true,"href":"https:\/\/www.gtline.com\/de\/wp-json\/wp\/v2\/media\/7050"}],"wp:attachment":[{"href":"https:\/\/www.gtline.com\/de\/wp-json\/wp\/v2\/media?parent=16875"}],"wp:term":[{"taxonomy":"product_brand","embeddable":true,"href":"https:\/\/www.gtline.com\/de\/wp-json\/wp\/v2\/product_brand?post=16875"},{"taxonomy":"product_cat","embeddable":true,"href":"https:\/\/www.gtline.com\/de\/wp-json\/wp\/v2\/product_cat?post=16875"},{"taxonomy":"product_tag","embeddable":true,"href":"https:\/\/www.gtline.com\/de\/wp-json\/wp\/v2\/product_tag?post=16875"}],"curies":[{"name":"wp","href":"https:\/\/api.w.org\/{rel}","templated":true}]}}