{"id":16877,"date":"2025-07-30T10:19:22","date_gmt":"2025-07-30T10:19:22","guid":{"rendered":"https:\/\/www.gtline.com\/de\/prodotto\/gt-line-professioneller-trolley-waterproof-mub78\/"},"modified":"2026-04-17T02:07:02","modified_gmt":"2026-04-17T02:07:02","slug":"gt-line-professioneller-trolley-waterproof-mub78","status":"publish","type":"product","link":"https:\/\/www.gtline.com\/de\/products\/gt-line-professioneller-trolley-waterproof-mub78\/","title":{"rendered":"GT Line Professioneller Trolley MUB78"},"content":{"rendered":"<p data-start=\"3\" data-end=\"283\"><strong data-start=\"3\" data-end=\"53\" data-is-only-node=\"\">1.Totale Widerstandsf\u00e4higkeit in jeder Umgebung.<\/strong><br \/> Die <strong data-start=\"62\" data-end=\"97\">hochfeste Polypropylen-Struktur<\/strong> in Kombination mit dem <strong data-start=\"121\" data-end=\"145\">wasserdichten Design<\/strong> bietet umfassenden Schutz vor <strong data-start=\"176\" data-end=\"216\">St\u00f6\u00dfen, Regen, Staub und Chemikalien<\/strong> \u2013 der ideale <strong data-start=\"230\" data-end=\"276\">professionelle Koffer f\u00fcr den Au\u00dfeneinsatz<\/strong>.<\/p>\n<p data-start=\"288\" data-end=\"547\"><strong data-start=\"288\" data-end=\"332\" data-is-only-node=\"\">2.Hohe Tragf\u00e4higkeit f\u00fcr jede Anforderung.<\/strong><br \/> Mit gro\u00dfz\u00fcgigen <strong data-start=\"353\" data-end=\"388\">Innenma\u00dfen (780 x 410 x 330 mm)<\/strong> bietet der <strong data-start=\"400\" data-end=\"409\">MUB78<\/strong> vielseitigen Stauraum zur <strong data-start=\"436\" data-end=\"470\">Aufbewahrung und zum Transport<\/strong> von Werkzeugen, technischen Ger\u00e4ten und auch <strong data-start=\"516\" data-end=\"540\">gr\u00f6\u00dferen Materialien<\/strong>.<\/p>\n<p data-start=\"552\" data-end=\"827\"><strong data-start=\"552\" data-end=\"602\" data-is-only-node=\"\">3.Optimale Mobilit\u00e4t dank Trolley-Konfiguration.<\/strong><br \/> Ausgestattet mit <strong data-start=\"624\" data-end=\"643\">robusten Rollen<\/strong> und einem <strong data-start=\"654\" data-end=\"676\">ausziehbaren Griff<\/strong>, l\u00e4sst sich der <strong data-start=\"693\" data-end=\"717\">Werkzeugkoffer MUB78<\/strong> auch auf <strong data-start=\"727\" data-end=\"747\">unebenem Gel\u00e4nde<\/strong> leicht bewegen \u2013 bei gleichzeitig <strong data-start=\"782\" data-end=\"820\">maximaler Stabilit\u00e4t und Kontrolle<\/strong>.<\/p>\n<p data-start=\"832\" data-end=\"1081\"><strong data-start=\"832\" data-end=\"869\" data-is-only-node=\"\">4.Einfacher und sicherer Transport.<\/strong><br \/> Die <strong data-start=\"878\" data-end=\"913\">ergonomischen seitlichen Griffe<\/strong> erm\u00f6glichen den Transport durch zwei Personen, w\u00e4hrend der <strong data-start=\"973\" data-end=\"987\">Frontgriff<\/strong> eine <strong data-start=\"993\" data-end=\"1023\">bequeme Einmann-Handhabung<\/strong> erlaubt \u2013 stets mit sicherem und komfortablem Halt.<\/p>\n<p data-start=\"1086\" data-end=\"1352\"><strong data-start=\"1086\" data-end=\"1133\" data-is-only-node=\"\">5.Zus\u00e4tzliche Sicherheit f\u00fcr Ihre Ausr\u00fcstung.<\/strong><br \/> Die <strong data-start=\"1142\" data-end=\"1181\">Vorrichtungen f\u00fcr Vorh\u00e4ngeschl\u00f6sser<\/strong> sch\u00fctzen den Inhalt des <strong data-start=\"1206\" data-end=\"1225\">Werkzeugkoffers<\/strong> zuverl\u00e4ssig vor <strong data-start=\"1242\" data-end=\"1264\">unbefugtem Zugriff<\/strong> \u2013 ideal f\u00fcr <strong data-start=\"1277\" data-end=\"1317\">gemeinsam genutzte Arbeitsumgebungen<\/strong> oder <strong data-start=\"1323\" data-end=\"1345\">h\u00e4ufige Transporte<\/strong>.<\/p>\n<p data-start=\"1357\" data-end=\"1601\"><strong data-start=\"1357\" data-end=\"1412\" data-is-only-node=\"\">6.Stapelbar und platzsparend f\u00fcr effiziente Logistik.<\/strong><br \/> Die <strong data-start=\"1421\" data-end=\"1442\">kompakte Struktur<\/strong> und die <strong data-start=\"1451\" data-end=\"1483\">verst\u00e4rkten Rippen im Deckel<\/strong> machen den <strong data-start=\"1495\" data-end=\"1504\">MUB78<\/strong> <strong data-start=\"1505\" data-end=\"1525\">leicht stapelbar<\/strong>, wodurch Stabilit\u00e4t bei <strong data-start=\"1550\" data-end=\"1576\">Lagerung und Transport<\/strong> gew\u00e4hrleistet ist.<\/p>\n<p data-start=\"1606\" data-end=\"1905\"><strong data-start=\"1606\" data-end=\"1661\" data-is-only-node=\"\">7.Zuverl\u00e4ssigkeit bei allen klimatischen Bedingungen.<\/strong><br \/> Entwickelt, um <strong data-start=\"1681\" data-end=\"1706\">extremen Temperaturen<\/strong> \u2013 sowohl hohen als auch niedrigen \u2013 standzuhalten, sch\u00fctzt der <strong data-start=\"1770\" data-end=\"1803\">professionelle Werkzeugkoffer<\/strong> Ihre Ausr\u00fcstung auch unter <strong data-start=\"1831\" data-end=\"1866\">harten klimatischen Bedingungen<\/strong> oder bei <strong data-start=\"1876\" data-end=\"1898\">langen Transporten<\/strong>.<\/p>\n<p data-start=\"1910\" data-end=\"2156\" data-is-last-node=\"\"><strong data-start=\"1910\" data-end=\"1951\" data-is-only-node=\"\">8.Individuell anpassbarer Leerbeh\u00e4lter.<\/strong><br \/> Das <strong data-start=\"1960\" data-end=\"1981\">leere Innenlayout<\/strong> bietet maximale Flexibilit\u00e4t f\u00fcr den Einsatz von <strong data-start=\"2031\" data-end=\"2085\">ma\u00dfgeschneidertem Zubeh\u00f6r oder Schaumstoffeinlagen<\/strong>, perfekt anpassbar an die Anforderungen jedes <strong data-start=\"2132\" data-end=\"2151\">Einsatzbereichs<\/strong>.<\/p>\n","protected":false},"excerpt":{"rendered":"<p>Die professionellen <strong data-start=\"20\" data-end=\"37\">MUB78-Modelle<\/strong> sind <strong data-start=\"43\" data-end=\"80\">technische Multifunktionsbeh\u00e4lter<\/strong>, die speziell f\u00fcr <strong data-start=\"99\" data-end=\"159\">Fachleute im Au\u00dfeneinsatz und unter extremen Bedingungen<\/strong> entwickelt wurden.<br data-start=\"178\" data-end=\"181\">Gefertigt aus <strong data-start=\"195\" data-end=\"228\">spritzgegossenem Polypropylen<\/strong>, vereinen sie <strong data-start=\"243\" data-end=\"283\">geringes Gewicht und hohe Stabilit\u00e4t<\/strong> mit einer <strong data-start=\"294\" data-end=\"329\">au\u00dfergew\u00f6hnlichen Tragf\u00e4higkeit<\/strong>.<br \/><br data-start=\"330\" data-end=\"333\">Die <strong data-start=\"337\" data-end=\"353\">MUB-Beh\u00e4lter<\/strong> sind <strong data-start=\"359\" data-end=\"380\">stapelbar, leicht<\/strong> und mit <strong data-start=\"389\" data-end=\"414\">ergonomischen Griffen<\/strong> sowie <strong data-start=\"421\" data-end=\"440\">Transportrollen<\/strong> ausgestattet \u2013 ideal f\u00fcr den Einsatz auf <strong data-start=\"482\" data-end=\"518\">Baustellen, im maritimen Bereich<\/strong> oder in <strong data-start=\"527\" data-end=\"549\">Outdoor-Umgebungen<\/strong>.<\/p>\n","protected":false},"featured_media":7057,"comment_status":"open","ping_status":"closed","template":"","meta":{"_acf_changed":false},"product_brand":[],"product_cat":[234],"product_tag":[],"class_list":{"0":"post-16877","1":"product","2":"type-product","3":"status-publish","4":"has-post-thumbnail","6":"product_cat-mub","7":"pa_anwendungen-alle","8":"pa_anwendungen-koffer-und-taschen-fur-betreuer","9":"pa_anwendungen-koffer-und-taschen-fur-elektriker","10":"pa_anwendungen-koffer-und-taschen-fur-installateure","11":"pa_anwendungen-koffer-und-taschen-fur-servicetechniker","12":"pa_produkttyp-werkzeugkoffer","14":"first","15":"instock","16":"shipping-taxable","17":"purchasable","18":"product-type-simple"},"acf":[],"yoast_head":"<!-- This site is optimized with the Yoast SEO plugin v25.4 - https:\/\/yoast.com\/wordpress\/plugins\/seo\/ -->\n<title>GT Line Professioneller Trolley MUB78 - Gt Line DE<\/title>\n<meta name=\"robots\" content=\"index, follow, max-snippet:-1, max-image-preview:large, max-video-preview:-1\" \/>\n<link rel=\"canonical\" href=\"https:\/\/www.gtline.com\/de\/products\/gt-line-professioneller-trolley-waterproof-mub78\/\" \/>\n<meta property=\"og:locale\" content=\"de_DE\" \/>\n<meta property=\"og:type\" content=\"article\" \/>\n<meta property=\"og:title\" content=\"GT Line Professioneller Trolley MUB78 - Gt Line DE\" \/>\n<meta property=\"og:description\" content=\"Die professionellen MUB78-Modelle sind technische Multifunktionsbeh\u00e4lter, die speziell f\u00fcr Fachleute im Au\u00dfeneinsatz und unter extremen Bedingungen entwickelt wurden.Gefertigt aus spritzgegossenem Polypropylen, vereinen sie geringes Gewicht und hohe Stabilit\u00e4t mit einer au\u00dfergew\u00f6hnlichen Tragf\u00e4higkeit.Die MUB-Beh\u00e4lter sind stapelbar, leicht und mit ergonomischen Griffen sowie Transportrollen ausgestattet \u2013 ideal f\u00fcr den Einsatz auf Baustellen, im maritimen Bereich oder in Outdoor-Umgebungen.\" \/>\n<meta property=\"og:url\" content=\"https:\/\/www.gtline.com\/de\/products\/gt-line-professioneller-trolley-waterproof-mub78\/\" \/>\n<meta property=\"og:site_name\" content=\"Gt Line DE\" \/>\n<meta property=\"article:publisher\" content=\"https:\/\/www.facebook.com\/gtlinesrl?locale=it_IT\" \/>\n<meta property=\"article:modified_time\" content=\"2026-04-17T02:07:02+00:00\" \/>\n<meta property=\"og:image\" content=\"https:\/\/www.gtline.com\/de\/wp-content\/uploads\/sites\/5\/2025\/05\/MUB78_01_8970.jpg\" \/>\n\t<meta property=\"og:image:width\" content=\"500\" \/>\n\t<meta property=\"og:image:height\" content=\"500\" \/>\n\t<meta property=\"og:image:type\" content=\"image\/jpeg\" \/>\n<meta name=\"twitter:card\" content=\"summary_large_image\" \/>\n<meta name=\"twitter:label1\" content=\"Gesch\u00e4tzte Lesezeit\" \/>\n\t<meta name=\"twitter:data1\" content=\"1\u00a0Minute\" \/>\n<script type=\"application\/ld+json\" class=\"yoast-schema-graph\">{\"@context\":\"https:\/\/schema.org\",\"@graph\":[{\"@type\":\"WebPage\",\"@id\":\"https:\/\/www.gtline.com\/de\/products\/gt-line-professioneller-trolley-waterproof-mub78\/\",\"url\":\"https:\/\/www.gtline.com\/de\/products\/gt-line-professioneller-trolley-waterproof-mub78\/\",\"name\":\"GT Line Professioneller Trolley MUB78 - Gt Line DE\",\"isPartOf\":{\"@id\":\"https:\/\/www.gtline.com\/de\/#website\"},\"primaryImageOfPage\":{\"@id\":\"https:\/\/www.gtline.com\/de\/products\/gt-line-professioneller-trolley-waterproof-mub78\/#primaryimage\"},\"image\":{\"@id\":\"https:\/\/www.gtline.com\/de\/products\/gt-line-professioneller-trolley-waterproof-mub78\/#primaryimage\"},\"thumbnailUrl\":\"https:\/\/www.gtline.com\/de\/wp-content\/uploads\/sites\/5\/2025\/05\/MUB78_01_8970.jpg\",\"datePublished\":\"2025-07-30T10:19:22+00:00\",\"dateModified\":\"2026-04-17T02:07:02+00:00\",\"breadcrumb\":{\"@id\":\"https:\/\/www.gtline.com\/de\/products\/gt-line-professioneller-trolley-waterproof-mub78\/#breadcrumb\"},\"inLanguage\":\"de\",\"potentialAction\":[{\"@type\":\"ReadAction\",\"target\":[\"https:\/\/www.gtline.com\/de\/products\/gt-line-professioneller-trolley-waterproof-mub78\/\"]}]},{\"@type\":\"ImageObject\",\"inLanguage\":\"de\",\"@id\":\"https:\/\/www.gtline.com\/de\/products\/gt-line-professioneller-trolley-waterproof-mub78\/#primaryimage\",\"url\":\"https:\/\/www.gtline.com\/de\/wp-content\/uploads\/sites\/5\/2025\/05\/MUB78_01_8970.jpg\",\"contentUrl\":\"https:\/\/www.gtline.com\/de\/wp-content\/uploads\/sites\/5\/2025\/05\/MUB78_01_8970.jpg\",\"width\":500,\"height\":500},{\"@type\":\"BreadcrumbList\",\"@id\":\"https:\/\/www.gtline.com\/de\/products\/gt-line-professioneller-trolley-waterproof-mub78\/#breadcrumb\",\"itemListElement\":[{\"@type\":\"ListItem\",\"position\":1,\"name\":\"Home\",\"item\":\"https:\/\/www.gtline.com\/de\/\"},{\"@type\":\"ListItem\",\"position\":2,\"name\":\"Shop\",\"item\":\"https:\/\/www.gtline.com\/de\/negozio\/\"},{\"@type\":\"ListItem\",\"position\":3,\"name\":\"GT Line Professioneller Trolley WATERPROOF MUB78\"}]},{\"@type\":\"WebSite\",\"@id\":\"https:\/\/www.gtline.com\/de\/#website\",\"url\":\"https:\/\/www.gtline.com\/de\/\",\"name\":\"Gt Line\",\"description\":\"\",\"publisher\":{\"@id\":\"https:\/\/www.gtline.com\/de\/#organization\"},\"potentialAction\":[{\"@type\":\"SearchAction\",\"target\":{\"@type\":\"EntryPoint\",\"urlTemplate\":\"https:\/\/www.gtline.com\/de\/?s={search_term_string}\"},\"query-input\":{\"@type\":\"PropertyValueSpecification\",\"valueRequired\":true,\"valueName\":\"search_term_string\"}}],\"inLanguage\":\"de\"},{\"@type\":\"Organization\",\"@id\":\"https:\/\/www.gtline.com\/de\/#organization\",\"name\":\"Gt Line\",\"url\":\"https:\/\/www.gtline.com\/de\/\",\"logo\":{\"@type\":\"ImageObject\",\"inLanguage\":\"de\",\"@id\":\"https:\/\/www.gtline.com\/de\/#\/schema\/logo\/image\/\",\"url\":\"https:\/\/www.gtline.com\/de\/wp-content\/uploads\/sites\/5\/2025\/02\/logo.png\",\"contentUrl\":\"https:\/\/www.gtline.com\/de\/wp-content\/uploads\/sites\/5\/2025\/02\/logo.png\",\"width\":228,\"height\":146,\"caption\":\"Gt Line\"},\"image\":{\"@id\":\"https:\/\/www.gtline.com\/de\/#\/schema\/logo\/image\/\"},\"sameAs\":[\"https:\/\/www.facebook.com\/gtlinesrl?locale=it_IT\",\"https:\/\/www.instagram.com\/gt_line_srl\/\",\"https:\/\/www.youtube.com\/channel\/UCDvpkFqswNJOVFz64PkYRQQ\",\"https:\/\/www.linkedin.com\/company\/gt-line-srl\/\"]}]}<\/script>\n<!-- \/ Yoast SEO plugin. -->","yoast_head_json":{"title":"GT Line Professioneller Trolley MUB78 - Gt Line DE","robots":{"index":"index","follow":"follow","max-snippet":"max-snippet:-1","max-image-preview":"max-image-preview:large","max-video-preview":"max-video-preview:-1"},"canonical":"https:\/\/www.gtline.com\/de\/products\/gt-line-professioneller-trolley-waterproof-mub78\/","og_locale":"de_DE","og_type":"article","og_title":"GT Line Professioneller Trolley MUB78 - Gt Line DE","og_description":"Die professionellen MUB78-Modelle sind technische Multifunktionsbeh\u00e4lter, die speziell f\u00fcr Fachleute im Au\u00dfeneinsatz und unter extremen Bedingungen entwickelt wurden.Gefertigt aus spritzgegossenem Polypropylen, vereinen sie geringes Gewicht und hohe Stabilit\u00e4t mit einer au\u00dfergew\u00f6hnlichen Tragf\u00e4higkeit.Die MUB-Beh\u00e4lter sind stapelbar, leicht und mit ergonomischen Griffen sowie Transportrollen ausgestattet \u2013 ideal f\u00fcr den Einsatz auf Baustellen, im maritimen Bereich oder in Outdoor-Umgebungen.","og_url":"https:\/\/www.gtline.com\/de\/products\/gt-line-professioneller-trolley-waterproof-mub78\/","og_site_name":"Gt Line DE","article_publisher":"https:\/\/www.facebook.com\/gtlinesrl?locale=it_IT","article_modified_time":"2026-04-17T02:07:02+00:00","og_image":[{"width":500,"height":500,"url":"https:\/\/www.gtline.com\/de\/wp-content\/uploads\/sites\/5\/2025\/05\/MUB78_01_8970.jpg","type":"image\/jpeg"}],"twitter_card":"summary_large_image","twitter_misc":{"Gesch\u00e4tzte Lesezeit":"1\u00a0Minute"},"schema":{"@context":"https:\/\/schema.org","@graph":[{"@type":"WebPage","@id":"https:\/\/www.gtline.com\/de\/products\/gt-line-professioneller-trolley-waterproof-mub78\/","url":"https:\/\/www.gtline.com\/de\/products\/gt-line-professioneller-trolley-waterproof-mub78\/","name":"GT Line Professioneller Trolley MUB78 - Gt Line DE","isPartOf":{"@id":"https:\/\/www.gtline.com\/de\/#website"},"primaryImageOfPage":{"@id":"https:\/\/www.gtline.com\/de\/products\/gt-line-professioneller-trolley-waterproof-mub78\/#primaryimage"},"image":{"@id":"https:\/\/www.gtline.com\/de\/products\/gt-line-professioneller-trolley-waterproof-mub78\/#primaryimage"},"thumbnailUrl":"https:\/\/www.gtline.com\/de\/wp-content\/uploads\/sites\/5\/2025\/05\/MUB78_01_8970.jpg","datePublished":"2025-07-30T10:19:22+00:00","dateModified":"2026-04-17T02:07:02+00:00","breadcrumb":{"@id":"https:\/\/www.gtline.com\/de\/products\/gt-line-professioneller-trolley-waterproof-mub78\/#breadcrumb"},"inLanguage":"de","potentialAction":[{"@type":"ReadAction","target":["https:\/\/www.gtline.com\/de\/products\/gt-line-professioneller-trolley-waterproof-mub78\/"]}]},{"@type":"ImageObject","inLanguage":"de","@id":"https:\/\/www.gtline.com\/de\/products\/gt-line-professioneller-trolley-waterproof-mub78\/#primaryimage","url":"https:\/\/www.gtline.com\/de\/wp-content\/uploads\/sites\/5\/2025\/05\/MUB78_01_8970.jpg","contentUrl":"https:\/\/www.gtline.com\/de\/wp-content\/uploads\/sites\/5\/2025\/05\/MUB78_01_8970.jpg","width":500,"height":500},{"@type":"BreadcrumbList","@id":"https:\/\/www.gtline.com\/de\/products\/gt-line-professioneller-trolley-waterproof-mub78\/#breadcrumb","itemListElement":[{"@type":"ListItem","position":1,"name":"Home","item":"https:\/\/www.gtline.com\/de\/"},{"@type":"ListItem","position":2,"name":"Shop","item":"https:\/\/www.gtline.com\/de\/negozio\/"},{"@type":"ListItem","position":3,"name":"GT Line Professioneller Trolley WATERPROOF MUB78"}]},{"@type":"WebSite","@id":"https:\/\/www.gtline.com\/de\/#website","url":"https:\/\/www.gtline.com\/de\/","name":"Gt Line","description":"","publisher":{"@id":"https:\/\/www.gtline.com\/de\/#organization"},"potentialAction":[{"@type":"SearchAction","target":{"@type":"EntryPoint","urlTemplate":"https:\/\/www.gtline.com\/de\/?s={search_term_string}"},"query-input":{"@type":"PropertyValueSpecification","valueRequired":true,"valueName":"search_term_string"}}],"inLanguage":"de"},{"@type":"Organization","@id":"https:\/\/www.gtline.com\/de\/#organization","name":"Gt Line","url":"https:\/\/www.gtline.com\/de\/","logo":{"@type":"ImageObject","inLanguage":"de","@id":"https:\/\/www.gtline.com\/de\/#\/schema\/logo\/image\/","url":"https:\/\/www.gtline.com\/de\/wp-content\/uploads\/sites\/5\/2025\/02\/logo.png","contentUrl":"https:\/\/www.gtline.com\/de\/wp-content\/uploads\/sites\/5\/2025\/02\/logo.png","width":228,"height":146,"caption":"Gt Line"},"image":{"@id":"https:\/\/www.gtline.com\/de\/#\/schema\/logo\/image\/"},"sameAs":["https:\/\/www.facebook.com\/gtlinesrl?locale=it_IT","https:\/\/www.instagram.com\/gt_line_srl\/","https:\/\/www.youtube.com\/channel\/UCDvpkFqswNJOVFz64PkYRQQ","https:\/\/www.linkedin.com\/company\/gt-line-srl\/"]}]}},"_links":{"self":[{"href":"https:\/\/www.gtline.com\/de\/wp-json\/wp\/v2\/product\/16877","targetHints":{"allow":["GET"]}}],"collection":[{"href":"https:\/\/www.gtline.com\/de\/wp-json\/wp\/v2\/product"}],"about":[{"href":"https:\/\/www.gtline.com\/de\/wp-json\/wp\/v2\/types\/product"}],"replies":[{"embeddable":true,"href":"https:\/\/www.gtline.com\/de\/wp-json\/wp\/v2\/comments?post=16877"}],"version-history":[{"count":3,"href":"https:\/\/www.gtline.com\/de\/wp-json\/wp\/v2\/product\/16877\/revisions"}],"predecessor-version":[{"id":22311,"href":"https:\/\/www.gtline.com\/de\/wp-json\/wp\/v2\/product\/16877\/revisions\/22311"}],"wp:featuredmedia":[{"embeddable":true,"href":"https:\/\/www.gtline.com\/de\/wp-json\/wp\/v2\/media\/7057"}],"wp:attachment":[{"href":"https:\/\/www.gtline.com\/de\/wp-json\/wp\/v2\/media?parent=16877"}],"wp:term":[{"taxonomy":"product_brand","embeddable":true,"href":"https:\/\/www.gtline.com\/de\/wp-json\/wp\/v2\/product_brand?post=16877"},{"taxonomy":"product_cat","embeddable":true,"href":"https:\/\/www.gtline.com\/de\/wp-json\/wp\/v2\/product_cat?post=16877"},{"taxonomy":"product_tag","embeddable":true,"href":"https:\/\/www.gtline.com\/de\/wp-json\/wp\/v2\/product_tag?post=16877"}],"curies":[{"name":"wp","href":"https:\/\/api.w.org\/{rel}","templated":true}]}}