{"id":16880,"date":"2025-07-30T10:19:29","date_gmt":"2025-07-30T10:19:29","guid":{"rendered":"https:\/\/www.gtline.com\/de\/prodotto\/gt-line-profi-koffer-revo21-pel\/"},"modified":"2026-04-17T02:07:09","modified_gmt":"2026-04-17T02:07:09","slug":"gt-line-profi-koffer-revo21-pel","status":"publish","type":"product","link":"https:\/\/www.gtline.com\/de\/products\/gt-line-profi-koffer-revo21-pel\/","title":{"rendered":"GT Line Profi Koffer REVO21 PEL"},"content":{"rendered":"<p data-start=\"3\" data-end=\"379\"><strong data-start=\"3\" data-end=\"88\" data-is-only-node=\"\">1.Erweiterter Schutz f\u00fcr Werkzeuge und Ger\u00e4te \u2013 auch in anspruchsvollen Umgebungen.<br \/><\/strong><br data-start=\"88\" data-end=\"91\">Das im Spritzgussverfahren hergestellte <strong data-start=\"134\" data-end=\"150\">Polypropylen<\/strong> bietet eine <strong data-start=\"163\" data-end=\"249\">au\u00dfergew\u00f6hnliche Best\u00e4ndigkeit gegen St\u00f6\u00dfe, Chemikalien und Temperaturschwankungen<\/strong>, wodurch dieser Werkzeugkoffer selbst f\u00fcr den intensiven Einsatz im Freien oder in industriellen Umgebungen ideal geeignet ist.<strong data-start=\"3\" data-end=\"88\" data-is-only-node=\"\"><br \/><\/strong><\/p>\n<p data-start=\"384\" data-end=\"629\"><strong data-start=\"384\" data-end=\"460\" data-is-only-node=\"\">2.Maximale Sicherheit dank doppelt verriegelbarer Schl\u00f6sser mit Schl\u00fcssel.<strong data-start=\"3\" data-end=\"88\" data-is-only-node=\"\"><br \/><\/strong><\/strong><br data-start=\"460\" data-end=\"463\">Die <strong data-start=\"470\" data-end=\"497\">zwei Schl\u00fcsselschl\u00f6sser<\/strong> sch\u00fctzen den Inhalt zuverl\u00e4ssig vor unbefugtem Zugriff und gew\u00e4hrleisten eine <strong data-start=\"576\" data-end=\"626\">sichere Aufbewahrung von wertvollen Werkzeugen<\/strong>.<strong data-start=\"3\" data-end=\"88\" data-is-only-node=\"\"><br \/><\/strong><\/p>\n<p data-start=\"634\" data-end=\"868\"><strong data-start=\"634\" data-end=\"678\" data-is-only-node=\"\">3.Verst\u00e4rkte Struktur mit Aluminiumrahmen.<strong data-start=\"3\" data-end=\"88\" data-is-only-node=\"\"><br \/><\/strong><\/strong><br data-start=\"678\" data-end=\"681\">Das <strong data-start=\"688\" data-end=\"715\">robuste Aluminiumprofil<\/strong> erh\u00f6ht die strukturelle Stabilit\u00e4t des Koffers, sorgt f\u00fcr <strong data-start=\"774\" data-end=\"802\">eine l\u00e4ngere Lebensdauer<\/strong>und bietet <strong data-start=\"814\" data-end=\"837\">zus\u00e4tzlichen Schutz<\/strong> vor St\u00f6\u00dfen und Verformungen.<strong data-start=\"3\" data-end=\"88\" data-is-only-node=\"\"><br \/><\/strong><\/p>\n<p data-start=\"873\" data-end=\"1136\"><strong data-start=\"873\" data-end=\"952\" data-is-only-node=\"\">4.Ergonomischer Griff mit rutschfestem Gummibezug f\u00fcr komfortablen Transport.<strong data-start=\"3\" data-end=\"88\" data-is-only-node=\"\"><br \/><\/strong><\/strong><br data-start=\"952\" data-end=\"955\">Der <strong data-start=\"962\" data-end=\"981\">gummierte Griff<\/strong> gew\u00e4hrleistet einen <strong data-start=\"1002\" data-end=\"1032\">sicheren und bequemen Halt<\/strong>, selbst bei nassen oder behandschuhten H\u00e4nden, und erleichtert den Transport unter allen Bedingungen.<strong data-start=\"3\" data-end=\"88\" data-is-only-node=\"\"><br \/><\/strong><\/p>\n<p data-start=\"1141\" data-end=\"1395\"><strong data-start=\"1141\" data-end=\"1213\" data-is-only-node=\"\">5.Verbesserte Abdichtung durch dreifaches Scharnier auf der R\u00fcckseite.<strong data-start=\"3\" data-end=\"88\" data-is-only-node=\"\"><br \/><\/strong><\/strong><br data-start=\"1213\" data-end=\"1216\">Die <strong data-start=\"1223\" data-end=\"1251\">drei hinteren Scharniere<\/strong> sorgen f\u00fcr eine <strong data-start=\"1268\" data-end=\"1292\">optimale Dichtigkeit<\/strong>, sch\u00fctzen den Inhalt vor <strong data-start=\"1318\" data-end=\"1344\">Staub und Feuchtigkeit<\/strong> und verl\u00e4ngern so die Lebensdauer der Werkzeuge.<strong data-start=\"3\" data-end=\"88\" data-is-only-node=\"\"><br \/><\/strong><\/p>\n<p data-start=\"1400\" data-end=\"1690\"><strong data-start=\"1400\" data-end=\"1454\" data-is-only-node=\"\">6.Modulares Bodenfach mit verstellbaren Trennw\u00e4nden.<strong data-start=\"3\" data-end=\"88\" data-is-only-node=\"\"><br \/><\/strong><\/strong><br data-start=\"1454\" data-end=\"1457\">Das <strong data-start=\"1464\" data-end=\"1479\">untere Fach<\/strong> ist mit <strong data-start=\"1488\" data-end=\"1531\">herausnehmbaren und anpassbaren Teilern<\/strong> ausgestattet, die eine <strong data-start=\"1555\" data-end=\"1594\">flexible und geordnete Aufbewahrung<\/strong> der Werkzeuge erm\u00f6glichen \u2013 perfekt abgestimmt auf unterschiedliche berufliche Anforderungen.<strong data-start=\"3\" data-end=\"88\" data-is-only-node=\"\"><br \/><\/strong><\/p>\n<p data-start=\"1695\" data-end=\"1931\"><strong data-start=\"1695\" data-end=\"1757\" data-is-only-node=\"\">7.Auch als Trolley-Version f\u00fcr m\u00fcheloses Bewegen erh\u00e4ltlich.<strong data-start=\"3\" data-end=\"88\" data-is-only-node=\"\"><br \/><\/strong><\/strong><br data-start=\"1757\" data-end=\"1760\">Die <strong data-start=\"1767\" data-end=\"1792\">Rollkoffer-Ausf\u00fchrung<\/strong> macht die <strong data-start=\"1803\" data-end=\"1816\">REVO21 WH<\/strong> zum idealen <strong data-start=\"1829\" data-end=\"1848\">Werkzeugtrolley<\/strong> f\u00fcr Anwender, die h\u00e4ufig unterwegs sind oder lange Distanzen zur\u00fccklegen m\u00fcssen.<strong data-start=\"3\" data-end=\"88\" data-is-only-node=\"\"><br \/><\/strong><\/p>\n<p data-start=\"1936\" data-end=\"2224\" data-is-last-node=\"\"><strong data-start=\"1936\" data-end=\"2014\" data-is-only-node=\"\">8.Modernes und professionelles Design \u2013 ideal f\u00fcr alle technischen Bereiche.<strong data-start=\"3\" data-end=\"88\" data-is-only-node=\"\"><br \/><\/strong><\/strong><br data-start=\"2014\" data-end=\"2017\">Das <strong data-start=\"2024\" data-end=\"2058\">aktualisierte Erscheinungsbild<\/strong> der REVO21-Serie vereint <strong data-start=\"2084\" data-end=\"2115\">\u00c4sthetik und Funktionalit\u00e4t<\/strong>, wodurch sie sich als <strong data-start=\"2138\" data-end=\"2185\">hochwertiger professioneller Werkzeugkoffer<\/strong> f\u00fcr den modernen Anwender auszeichnet.<\/p>\n","protected":false},"excerpt":{"rendered":"<p>Der professionelle Werkzeugkoffer <strong data-start=\"34\" data-end=\"44\">REVO21<\/strong> ist der ideale Begleiter f\u00fcr alle, die in jeder Arbeitssituation auf <strong data-start=\"114\" data-end=\"157\">Robustheit, Sicherheit und Flexibilit\u00e4t<\/strong> Wert legen. Hergestellt aus <strong data-start=\"186\" data-end=\"213\">hochfestem Polypropylen<\/strong> im <strong data-start=\"217\" data-end=\"240\">Spritzgussverfahren<\/strong>, ist er daf\u00fcr konzipiert, extremen Bedingungen standzuhalten und Werkzeuge sowie Instrumente zuverl\u00e4ssig zu sch\u00fctzen.<br \/><br data-start=\"358\" data-end=\"361\">Dank des <strong data-start=\"370\" data-end=\"405\">komplett \u00fcberarbeiteten Designs<\/strong> der REVO21-Serie vereint er <strong data-start=\"434\" data-end=\"467\">Innovation und Funktionalit\u00e4t<\/strong> und wird so zu einem <strong data-start=\"489\" data-end=\"523\">unverzichtbaren Werkzeugkoffer<\/strong> f\u00fcr Techniker, Instandhalter und mobile Fachkr\u00e4fte.<br \/><br data-start=\"575\" data-end=\"578\">Auch als <strong data-start=\"587\" data-end=\"609\">Rollkoffer-Version<\/strong> erh\u00e4ltlich, eignet er sich perfekt f\u00fcr einen <strong data-start=\"655\" data-end=\"699\">komfortablen und organisierten Transport<\/strong>Ihrer Werkzeuge.<\/p>\n","protected":false},"featured_media":7066,"comment_status":"open","ping_status":"closed","template":"","meta":{"_acf_changed":false},"product_brand":[],"product_cat":[237],"product_tag":[],"class_list":{"0":"post-16880","1":"product","2":"type-product","3":"status-publish","4":"has-post-thumbnail","6":"product_cat-revo21","7":"pa_anwendungen-koffer-und-taschen-fur-betreuer","8":"pa_anwendungen-koffer-und-taschen-fur-elektriker","9":"pa_anwendungen-koffer-und-taschen-fur-installateure","10":"pa_anwendungen-koffer-und-taschen-fur-servicetechniker","11":"pa_produkttyp-werkzeugkoffer","13":"first","14":"instock","15":"shipping-taxable","16":"purchasable","17":"product-type-simple"},"acf":[],"yoast_head":"<!-- This site is optimized with the Yoast SEO plugin v25.4 - https:\/\/yoast.com\/wordpress\/plugins\/seo\/ -->\n<title>GT Line Profi Koffer REVO21 PEL - Gt Line DE<\/title>\n<meta name=\"robots\" content=\"index, follow, max-snippet:-1, max-image-preview:large, max-video-preview:-1\" \/>\n<link rel=\"canonical\" href=\"https:\/\/www.gtline.com\/de\/products\/gt-line-profi-koffer-revo21-pel\/\" \/>\n<meta property=\"og:locale\" content=\"de_DE\" \/>\n<meta property=\"og:type\" content=\"article\" \/>\n<meta property=\"og:title\" content=\"GT Line Profi Koffer REVO21 PEL - Gt Line DE\" \/>\n<meta property=\"og:description\" content=\"Der professionelle Werkzeugkoffer REVO21 ist der ideale Begleiter f\u00fcr alle, die in jeder Arbeitssituation auf Robustheit, Sicherheit und Flexibilit\u00e4t Wert legen. Hergestellt aus hochfestem Polypropylen im Spritzgussverfahren, ist er daf\u00fcr konzipiert, extremen Bedingungen standzuhalten und Werkzeuge sowie Instrumente zuverl\u00e4ssig zu sch\u00fctzen.Dank des komplett \u00fcberarbeiteten Designs der REVO21-Serie vereint er Innovation und Funktionalit\u00e4t und wird so zu einem unverzichtbaren Werkzeugkoffer f\u00fcr Techniker, Instandhalter und mobile Fachkr\u00e4fte.Auch als Rollkoffer-Version erh\u00e4ltlich, eignet er sich perfekt f\u00fcr einen komfortablen und organisierten TransportIhrer Werkzeuge.\" \/>\n<meta property=\"og:url\" content=\"https:\/\/www.gtline.com\/de\/products\/gt-line-profi-koffer-revo21-pel\/\" \/>\n<meta property=\"og:site_name\" content=\"Gt Line DE\" \/>\n<meta property=\"article:publisher\" content=\"https:\/\/www.facebook.com\/gtlinesrl?locale=it_IT\" \/>\n<meta property=\"article:modified_time\" content=\"2026-04-17T02:07:09+00:00\" \/>\n<meta property=\"og:image\" content=\"https:\/\/www.gtline.com\/de\/wp-content\/uploads\/sites\/5\/2025\/05\/REVO21_PEL_01_8990.jpg\" \/>\n\t<meta property=\"og:image:width\" content=\"500\" \/>\n\t<meta property=\"og:image:height\" content=\"500\" \/>\n\t<meta property=\"og:image:type\" content=\"image\/jpeg\" \/>\n<meta name=\"twitter:card\" content=\"summary_large_image\" \/>\n<meta name=\"twitter:label1\" content=\"Gesch\u00e4tzte Lesezeit\" \/>\n\t<meta name=\"twitter:data1\" content=\"1\u00a0Minute\" \/>\n<script type=\"application\/ld+json\" class=\"yoast-schema-graph\">{\"@context\":\"https:\/\/schema.org\",\"@graph\":[{\"@type\":\"WebPage\",\"@id\":\"https:\/\/www.gtline.com\/de\/products\/gt-line-profi-koffer-revo21-pel\/\",\"url\":\"https:\/\/www.gtline.com\/de\/products\/gt-line-profi-koffer-revo21-pel\/\",\"name\":\"GT Line Profi Koffer REVO21 PEL - Gt Line DE\",\"isPartOf\":{\"@id\":\"https:\/\/www.gtline.com\/de\/#website\"},\"primaryImageOfPage\":{\"@id\":\"https:\/\/www.gtline.com\/de\/products\/gt-line-profi-koffer-revo21-pel\/#primaryimage\"},\"image\":{\"@id\":\"https:\/\/www.gtline.com\/de\/products\/gt-line-profi-koffer-revo21-pel\/#primaryimage\"},\"thumbnailUrl\":\"https:\/\/www.gtline.com\/de\/wp-content\/uploads\/sites\/5\/2025\/05\/REVO21_PEL_01_8990.jpg\",\"datePublished\":\"2025-07-30T10:19:29+00:00\",\"dateModified\":\"2026-04-17T02:07:09+00:00\",\"breadcrumb\":{\"@id\":\"https:\/\/www.gtline.com\/de\/products\/gt-line-profi-koffer-revo21-pel\/#breadcrumb\"},\"inLanguage\":\"de\",\"potentialAction\":[{\"@type\":\"ReadAction\",\"target\":[\"https:\/\/www.gtline.com\/de\/products\/gt-line-profi-koffer-revo21-pel\/\"]}]},{\"@type\":\"ImageObject\",\"inLanguage\":\"de\",\"@id\":\"https:\/\/www.gtline.com\/de\/products\/gt-line-profi-koffer-revo21-pel\/#primaryimage\",\"url\":\"https:\/\/www.gtline.com\/de\/wp-content\/uploads\/sites\/5\/2025\/05\/REVO21_PEL_01_8990.jpg\",\"contentUrl\":\"https:\/\/www.gtline.com\/de\/wp-content\/uploads\/sites\/5\/2025\/05\/REVO21_PEL_01_8990.jpg\",\"width\":500,\"height\":500},{\"@type\":\"BreadcrumbList\",\"@id\":\"https:\/\/www.gtline.com\/de\/products\/gt-line-profi-koffer-revo21-pel\/#breadcrumb\",\"itemListElement\":[{\"@type\":\"ListItem\",\"position\":1,\"name\":\"Home\",\"item\":\"https:\/\/www.gtline.com\/de\/\"},{\"@type\":\"ListItem\",\"position\":2,\"name\":\"Shop\",\"item\":\"https:\/\/www.gtline.com\/de\/negozio\/\"},{\"@type\":\"ListItem\",\"position\":3,\"name\":\"GT Line Profi Koffer REVO21 PEL\"}]},{\"@type\":\"WebSite\",\"@id\":\"https:\/\/www.gtline.com\/de\/#website\",\"url\":\"https:\/\/www.gtline.com\/de\/\",\"name\":\"Gt Line\",\"description\":\"\",\"publisher\":{\"@id\":\"https:\/\/www.gtline.com\/de\/#organization\"},\"potentialAction\":[{\"@type\":\"SearchAction\",\"target\":{\"@type\":\"EntryPoint\",\"urlTemplate\":\"https:\/\/www.gtline.com\/de\/?s={search_term_string}\"},\"query-input\":{\"@type\":\"PropertyValueSpecification\",\"valueRequired\":true,\"valueName\":\"search_term_string\"}}],\"inLanguage\":\"de\"},{\"@type\":\"Organization\",\"@id\":\"https:\/\/www.gtline.com\/de\/#organization\",\"name\":\"Gt Line\",\"url\":\"https:\/\/www.gtline.com\/de\/\",\"logo\":{\"@type\":\"ImageObject\",\"inLanguage\":\"de\",\"@id\":\"https:\/\/www.gtline.com\/de\/#\/schema\/logo\/image\/\",\"url\":\"https:\/\/www.gtline.com\/de\/wp-content\/uploads\/sites\/5\/2025\/02\/logo.png\",\"contentUrl\":\"https:\/\/www.gtline.com\/de\/wp-content\/uploads\/sites\/5\/2025\/02\/logo.png\",\"width\":228,\"height\":146,\"caption\":\"Gt Line\"},\"image\":{\"@id\":\"https:\/\/www.gtline.com\/de\/#\/schema\/logo\/image\/\"},\"sameAs\":[\"https:\/\/www.facebook.com\/gtlinesrl?locale=it_IT\",\"https:\/\/www.instagram.com\/gt_line_srl\/\",\"https:\/\/www.youtube.com\/channel\/UCDvpkFqswNJOVFz64PkYRQQ\",\"https:\/\/www.linkedin.com\/company\/gt-line-srl\/\"]}]}<\/script>\n<!-- \/ Yoast SEO plugin. -->","yoast_head_json":{"title":"GT Line Profi Koffer REVO21 PEL - Gt Line DE","robots":{"index":"index","follow":"follow","max-snippet":"max-snippet:-1","max-image-preview":"max-image-preview:large","max-video-preview":"max-video-preview:-1"},"canonical":"https:\/\/www.gtline.com\/de\/products\/gt-line-profi-koffer-revo21-pel\/","og_locale":"de_DE","og_type":"article","og_title":"GT Line Profi Koffer REVO21 PEL - Gt Line DE","og_description":"Der professionelle Werkzeugkoffer REVO21 ist der ideale Begleiter f\u00fcr alle, die in jeder Arbeitssituation auf Robustheit, Sicherheit und Flexibilit\u00e4t Wert legen. Hergestellt aus hochfestem Polypropylen im Spritzgussverfahren, ist er daf\u00fcr konzipiert, extremen Bedingungen standzuhalten und Werkzeuge sowie Instrumente zuverl\u00e4ssig zu sch\u00fctzen.Dank des komplett \u00fcberarbeiteten Designs der REVO21-Serie vereint er Innovation und Funktionalit\u00e4t und wird so zu einem unverzichtbaren Werkzeugkoffer f\u00fcr Techniker, Instandhalter und mobile Fachkr\u00e4fte.Auch als Rollkoffer-Version erh\u00e4ltlich, eignet er sich perfekt f\u00fcr einen komfortablen und organisierten TransportIhrer Werkzeuge.","og_url":"https:\/\/www.gtline.com\/de\/products\/gt-line-profi-koffer-revo21-pel\/","og_site_name":"Gt Line DE","article_publisher":"https:\/\/www.facebook.com\/gtlinesrl?locale=it_IT","article_modified_time":"2026-04-17T02:07:09+00:00","og_image":[{"width":500,"height":500,"url":"https:\/\/www.gtline.com\/de\/wp-content\/uploads\/sites\/5\/2025\/05\/REVO21_PEL_01_8990.jpg","type":"image\/jpeg"}],"twitter_card":"summary_large_image","twitter_misc":{"Gesch\u00e4tzte Lesezeit":"1\u00a0Minute"},"schema":{"@context":"https:\/\/schema.org","@graph":[{"@type":"WebPage","@id":"https:\/\/www.gtline.com\/de\/products\/gt-line-profi-koffer-revo21-pel\/","url":"https:\/\/www.gtline.com\/de\/products\/gt-line-profi-koffer-revo21-pel\/","name":"GT Line Profi Koffer REVO21 PEL - Gt Line DE","isPartOf":{"@id":"https:\/\/www.gtline.com\/de\/#website"},"primaryImageOfPage":{"@id":"https:\/\/www.gtline.com\/de\/products\/gt-line-profi-koffer-revo21-pel\/#primaryimage"},"image":{"@id":"https:\/\/www.gtline.com\/de\/products\/gt-line-profi-koffer-revo21-pel\/#primaryimage"},"thumbnailUrl":"https:\/\/www.gtline.com\/de\/wp-content\/uploads\/sites\/5\/2025\/05\/REVO21_PEL_01_8990.jpg","datePublished":"2025-07-30T10:19:29+00:00","dateModified":"2026-04-17T02:07:09+00:00","breadcrumb":{"@id":"https:\/\/www.gtline.com\/de\/products\/gt-line-profi-koffer-revo21-pel\/#breadcrumb"},"inLanguage":"de","potentialAction":[{"@type":"ReadAction","target":["https:\/\/www.gtline.com\/de\/products\/gt-line-profi-koffer-revo21-pel\/"]}]},{"@type":"ImageObject","inLanguage":"de","@id":"https:\/\/www.gtline.com\/de\/products\/gt-line-profi-koffer-revo21-pel\/#primaryimage","url":"https:\/\/www.gtline.com\/de\/wp-content\/uploads\/sites\/5\/2025\/05\/REVO21_PEL_01_8990.jpg","contentUrl":"https:\/\/www.gtline.com\/de\/wp-content\/uploads\/sites\/5\/2025\/05\/REVO21_PEL_01_8990.jpg","width":500,"height":500},{"@type":"BreadcrumbList","@id":"https:\/\/www.gtline.com\/de\/products\/gt-line-profi-koffer-revo21-pel\/#breadcrumb","itemListElement":[{"@type":"ListItem","position":1,"name":"Home","item":"https:\/\/www.gtline.com\/de\/"},{"@type":"ListItem","position":2,"name":"Shop","item":"https:\/\/www.gtline.com\/de\/negozio\/"},{"@type":"ListItem","position":3,"name":"GT Line Profi Koffer REVO21 PEL"}]},{"@type":"WebSite","@id":"https:\/\/www.gtline.com\/de\/#website","url":"https:\/\/www.gtline.com\/de\/","name":"Gt Line","description":"","publisher":{"@id":"https:\/\/www.gtline.com\/de\/#organization"},"potentialAction":[{"@type":"SearchAction","target":{"@type":"EntryPoint","urlTemplate":"https:\/\/www.gtline.com\/de\/?s={search_term_string}"},"query-input":{"@type":"PropertyValueSpecification","valueRequired":true,"valueName":"search_term_string"}}],"inLanguage":"de"},{"@type":"Organization","@id":"https:\/\/www.gtline.com\/de\/#organization","name":"Gt Line","url":"https:\/\/www.gtline.com\/de\/","logo":{"@type":"ImageObject","inLanguage":"de","@id":"https:\/\/www.gtline.com\/de\/#\/schema\/logo\/image\/","url":"https:\/\/www.gtline.com\/de\/wp-content\/uploads\/sites\/5\/2025\/02\/logo.png","contentUrl":"https:\/\/www.gtline.com\/de\/wp-content\/uploads\/sites\/5\/2025\/02\/logo.png","width":228,"height":146,"caption":"Gt Line"},"image":{"@id":"https:\/\/www.gtline.com\/de\/#\/schema\/logo\/image\/"},"sameAs":["https:\/\/www.facebook.com\/gtlinesrl?locale=it_IT","https:\/\/www.instagram.com\/gt_line_srl\/","https:\/\/www.youtube.com\/channel\/UCDvpkFqswNJOVFz64PkYRQQ","https:\/\/www.linkedin.com\/company\/gt-line-srl\/"]}]}},"_links":{"self":[{"href":"https:\/\/www.gtline.com\/de\/wp-json\/wp\/v2\/product\/16880","targetHints":{"allow":["GET"]}}],"collection":[{"href":"https:\/\/www.gtline.com\/de\/wp-json\/wp\/v2\/product"}],"about":[{"href":"https:\/\/www.gtline.com\/de\/wp-json\/wp\/v2\/types\/product"}],"replies":[{"embeddable":true,"href":"https:\/\/www.gtline.com\/de\/wp-json\/wp\/v2\/comments?post=16880"}],"version-history":[{"count":2,"href":"https:\/\/www.gtline.com\/de\/wp-json\/wp\/v2\/product\/16880\/revisions"}],"predecessor-version":[{"id":22312,"href":"https:\/\/www.gtline.com\/de\/wp-json\/wp\/v2\/product\/16880\/revisions\/22312"}],"wp:featuredmedia":[{"embeddable":true,"href":"https:\/\/www.gtline.com\/de\/wp-json\/wp\/v2\/media\/7066"}],"wp:attachment":[{"href":"https:\/\/www.gtline.com\/de\/wp-json\/wp\/v2\/media?parent=16880"}],"wp:term":[{"taxonomy":"product_brand","embeddable":true,"href":"https:\/\/www.gtline.com\/de\/wp-json\/wp\/v2\/product_brand?post=16880"},{"taxonomy":"product_cat","embeddable":true,"href":"https:\/\/www.gtline.com\/de\/wp-json\/wp\/v2\/product_cat?post=16880"},{"taxonomy":"product_tag","embeddable":true,"href":"https:\/\/www.gtline.com\/de\/wp-json\/wp\/v2\/product_tag?post=16880"}],"curies":[{"name":"wp","href":"https:\/\/api.w.org\/{rel}","templated":true}]}}