{"id":16882,"date":"2025-07-30T10:19:34","date_gmt":"2025-07-30T10:19:34","guid":{"rendered":"https:\/\/www.gtline.com\/de\/prodotto\/gt-line-profi-koffer-revo21-pts\/"},"modified":"2026-04-17T02:07:15","modified_gmt":"2026-04-17T02:07:15","slug":"gt-line-profi-koffer-revo21-pts","status":"publish","type":"product","link":"https:\/\/www.gtline.com\/de\/products\/gt-line-profi-koffer-revo21-pts\/","title":{"rendered":"GT Line Profi Koffer REVO21 PTS"},"content":{"rendered":"<p><strong>1.Erweiterter Schutz f\u00fcr Werkzeuge und Ger\u00e4te \u2013 auch in anspruchsvollen Umgebungen.<br \/><\/strong><br \/>Das im Spritzgussverfahren hergestellte Polypropylen bietet eine au\u00dfergew\u00f6hnliche Best\u00e4ndigkeit gegen St\u00f6\u00dfe, Chemikalien und Temperaturschwankungen, wodurch dieser Werkzeugkoffer selbst f\u00fcr den intensiven Einsatz im Freien oder in industriellen Umgebungen ideal geeignet ist.<\/p>\n<p><strong>2.Maximale Sicherheit dank doppelt verriegelbarer Schl\u00f6sser mit Schl\u00fcssel.<br \/><\/strong><br \/>Die zwei Schl\u00fcsselschl\u00f6sser sch\u00fctzen den Inhalt zuverl\u00e4ssig vor unbefugtem Zugriff und gew\u00e4hrleisten eine sichere Aufbewahrung von wertvollen Werkzeugen.<\/p>\n<p><strong>3.Verst\u00e4rkte Struktur mit Aluminiumrahmen.<br \/><\/strong><br \/>Das robuste Aluminiumprofil erh\u00f6ht die strukturelle Stabilit\u00e4t des Koffers, sorgt f\u00fcr eine l\u00e4ngere Lebensdauerund bietet zus\u00e4tzlichen Schutz vor St\u00f6\u00dfen und Verformungen.<\/p>\n<p><strong>4.Ergonomischer Griff mit rutschfestem Gummibezug f\u00fcr komfortablen Transport.<br \/><\/strong><br \/>Der gummierte Griff gew\u00e4hrleistet einen sicheren und bequemen Halt, selbst bei nassen oder behandschuhten H\u00e4nden, und erleichtert den Transport unter allen Bedingungen.<\/p>\n<p><strong>5.Verbesserte Abdichtung durch dreifaches Scharnier auf der R\u00fcckseite.<br \/><\/strong><br \/>Die drei hinteren Scharniere sorgen f\u00fcr eine optimale Dichtigkeit, sch\u00fctzen den Inhalt vor Staub und Feuchtigkeit und verl\u00e4ngern so die Lebensdauer der Werkzeuge.<\/p>\n<p><strong>6.Modulares Bodenfach mit verstellbaren Trennw\u00e4nden.<br \/><\/strong><br \/>Das untere Fach ist mit herausnehmbaren und anpassbaren Teilern ausgestattet, die eine flexible und geordnete Aufbewahrung der Werkzeuge erm\u00f6glichen \u2013 perfekt abgestimmt auf unterschiedliche berufliche Anforderungen.<\/p>\n<p><strong>7.Auch als Trolley-Version f\u00fcr m\u00fcheloses Bewegen erh\u00e4ltlich.<br \/><\/strong><br \/>Die Rollkoffer-Ausf\u00fchrung macht die REVO21 WH zum idealen Werkzeugtrolley f\u00fcr Anwender, die h\u00e4ufig unterwegs sind oder lange Distanzen zur\u00fccklegen m\u00fcssen.<\/p>\n<p><strong>8.Modernes und professionelles Design \u2013 ideal f\u00fcr alle technischen Bereiche.<br \/><\/strong><br \/>Das aktualisierte Erscheinungsbild der REVO21-Serie vereint \u00c4sthetik und Funktionalit\u00e4t, wodurch sie sich als hochwertiger professioneller Werkzeugkoffer f\u00fcr den modernen Anwender auszeichnet.<\/p>\n","protected":false},"excerpt":{"rendered":"<p>Der professionelle Werkzeugkoffer\u00a0<strong data-start=\"34\" data-end=\"44\">REVO21<\/strong>\u00a0ist der ideale Begleiter f\u00fcr alle, die in jeder Arbeitssituation auf\u00a0<strong data-start=\"114\" data-end=\"157\">Robustheit, Sicherheit und Flexibilit\u00e4t<\/strong>\u00a0Wert legen. Hergestellt aus\u00a0<strong data-start=\"186\" data-end=\"213\">hochfestem Polypropylen<\/strong>\u00a0im\u00a0<strong data-start=\"217\" data-end=\"240\">Spritzgussverfahren<\/strong>, ist er daf\u00fcr konzipiert, extremen Bedingungen standzuhalten und Werkzeuge sowie Instrumente zuverl\u00e4ssig zu sch\u00fctzen.<br \/><br data-start=\"358\" data-end=\"361\">Dank des\u00a0<strong data-start=\"370\" data-end=\"405\">komplett \u00fcberarbeiteten Designs<\/strong>\u00a0der REVO21-Serie vereint er\u00a0<strong data-start=\"434\" data-end=\"467\">Innovation und Funktionalit\u00e4t<\/strong>\u00a0und wird so zu einem\u00a0<strong data-start=\"489\" data-end=\"523\">unverzichtbaren Werkzeugkoffer<\/strong> f\u00fcr Techniker, Instandhalter und mobile Fachkr\u00e4fte.<br \/><br data-start=\"575\" data-end=\"578\">Auch als\u00a0<strong data-start=\"587\" data-end=\"609\">Rollkoffer-Version<\/strong>\u00a0erh\u00e4ltlich, eignet er sich perfekt f\u00fcr einen\u00a0<strong data-start=\"655\" data-end=\"699\">komfortablen und organisierten Transport<\/strong>Ihrer Werkzeuge.<\/p>\n","protected":false},"featured_media":7071,"comment_status":"open","ping_status":"closed","template":"","meta":{"_acf_changed":false},"product_brand":[],"product_cat":[237],"product_tag":[],"class_list":{"0":"post-16882","1":"product","2":"type-product","3":"status-publish","4":"has-post-thumbnail","6":"product_cat-revo21","7":"pa_anwendungen-koffer-und-taschen-fur-betreuer","8":"pa_anwendungen-koffer-und-taschen-fur-elektriker","9":"pa_anwendungen-koffer-und-taschen-fur-installateure","10":"pa_anwendungen-koffer-und-taschen-fur-servicetechniker","11":"pa_produkttyp-werkzeugkoffer","13":"first","14":"instock","15":"shipping-taxable","16":"purchasable","17":"product-type-simple"},"acf":[],"yoast_head":"<!-- This site is optimized with the Yoast SEO plugin v25.4 - https:\/\/yoast.com\/wordpress\/plugins\/seo\/ -->\n<title>GT Line Profi Koffer REVO21 PTS - Gt Line DE<\/title>\n<meta name=\"robots\" content=\"index, follow, max-snippet:-1, max-image-preview:large, max-video-preview:-1\" \/>\n<link rel=\"canonical\" href=\"https:\/\/www.gtline.com\/de\/products\/gt-line-profi-koffer-revo21-pts\/\" \/>\n<meta property=\"og:locale\" content=\"de_DE\" \/>\n<meta property=\"og:type\" content=\"article\" \/>\n<meta property=\"og:title\" content=\"GT Line Profi Koffer REVO21 PTS - Gt Line DE\" \/>\n<meta property=\"og:description\" content=\"Der professionelle Werkzeugkoffer\u00a0REVO21\u00a0ist der ideale Begleiter f\u00fcr alle, die in jeder Arbeitssituation auf\u00a0Robustheit, Sicherheit und Flexibilit\u00e4t\u00a0Wert legen. Hergestellt aus\u00a0hochfestem Polypropylen\u00a0im\u00a0Spritzgussverfahren, ist er daf\u00fcr konzipiert, extremen Bedingungen standzuhalten und Werkzeuge sowie Instrumente zuverl\u00e4ssig zu sch\u00fctzen.Dank des\u00a0komplett \u00fcberarbeiteten Designs\u00a0der REVO21-Serie vereint er\u00a0Innovation und Funktionalit\u00e4t\u00a0und wird so zu einem\u00a0unverzichtbaren Werkzeugkoffer f\u00fcr Techniker, Instandhalter und mobile Fachkr\u00e4fte.Auch als\u00a0Rollkoffer-Version\u00a0erh\u00e4ltlich, eignet er sich perfekt f\u00fcr einen\u00a0komfortablen und organisierten TransportIhrer Werkzeuge.\" \/>\n<meta property=\"og:url\" content=\"https:\/\/www.gtline.com\/de\/products\/gt-line-profi-koffer-revo21-pts\/\" \/>\n<meta property=\"og:site_name\" content=\"Gt Line DE\" \/>\n<meta property=\"article:publisher\" content=\"https:\/\/www.facebook.com\/gtlinesrl?locale=it_IT\" \/>\n<meta property=\"article:modified_time\" content=\"2026-04-17T02:07:15+00:00\" \/>\n<meta property=\"og:image\" content=\"https:\/\/www.gtline.com\/de\/wp-content\/uploads\/sites\/5\/2025\/05\/REVO21_PTS_01_8991.jpg\" \/>\n\t<meta property=\"og:image:width\" content=\"500\" \/>\n\t<meta property=\"og:image:height\" content=\"500\" \/>\n\t<meta property=\"og:image:type\" content=\"image\/jpeg\" \/>\n<meta name=\"twitter:card\" content=\"summary_large_image\" \/>\n<meta name=\"twitter:label1\" content=\"Gesch\u00e4tzte Lesezeit\" \/>\n\t<meta name=\"twitter:data1\" content=\"1\u00a0Minute\" \/>\n<script type=\"application\/ld+json\" class=\"yoast-schema-graph\">{\"@context\":\"https:\/\/schema.org\",\"@graph\":[{\"@type\":\"WebPage\",\"@id\":\"https:\/\/www.gtline.com\/de\/products\/gt-line-profi-koffer-revo21-pts\/\",\"url\":\"https:\/\/www.gtline.com\/de\/products\/gt-line-profi-koffer-revo21-pts\/\",\"name\":\"GT Line Profi Koffer REVO21 PTS - Gt Line DE\",\"isPartOf\":{\"@id\":\"https:\/\/www.gtline.com\/de\/#website\"},\"primaryImageOfPage\":{\"@id\":\"https:\/\/www.gtline.com\/de\/products\/gt-line-profi-koffer-revo21-pts\/#primaryimage\"},\"image\":{\"@id\":\"https:\/\/www.gtline.com\/de\/products\/gt-line-profi-koffer-revo21-pts\/#primaryimage\"},\"thumbnailUrl\":\"https:\/\/www.gtline.com\/de\/wp-content\/uploads\/sites\/5\/2025\/05\/REVO21_PTS_01_8991.jpg\",\"datePublished\":\"2025-07-30T10:19:34+00:00\",\"dateModified\":\"2026-04-17T02:07:15+00:00\",\"breadcrumb\":{\"@id\":\"https:\/\/www.gtline.com\/de\/products\/gt-line-profi-koffer-revo21-pts\/#breadcrumb\"},\"inLanguage\":\"de\",\"potentialAction\":[{\"@type\":\"ReadAction\",\"target\":[\"https:\/\/www.gtline.com\/de\/products\/gt-line-profi-koffer-revo21-pts\/\"]}]},{\"@type\":\"ImageObject\",\"inLanguage\":\"de\",\"@id\":\"https:\/\/www.gtline.com\/de\/products\/gt-line-profi-koffer-revo21-pts\/#primaryimage\",\"url\":\"https:\/\/www.gtline.com\/de\/wp-content\/uploads\/sites\/5\/2025\/05\/REVO21_PTS_01_8991.jpg\",\"contentUrl\":\"https:\/\/www.gtline.com\/de\/wp-content\/uploads\/sites\/5\/2025\/05\/REVO21_PTS_01_8991.jpg\",\"width\":500,\"height\":500},{\"@type\":\"BreadcrumbList\",\"@id\":\"https:\/\/www.gtline.com\/de\/products\/gt-line-profi-koffer-revo21-pts\/#breadcrumb\",\"itemListElement\":[{\"@type\":\"ListItem\",\"position\":1,\"name\":\"Home\",\"item\":\"https:\/\/www.gtline.com\/de\/\"},{\"@type\":\"ListItem\",\"position\":2,\"name\":\"Shop\",\"item\":\"https:\/\/www.gtline.com\/de\/negozio\/\"},{\"@type\":\"ListItem\",\"position\":3,\"name\":\"GT Line Profi Koffer REVO21 PTS\"}]},{\"@type\":\"WebSite\",\"@id\":\"https:\/\/www.gtline.com\/de\/#website\",\"url\":\"https:\/\/www.gtline.com\/de\/\",\"name\":\"Gt Line\",\"description\":\"\",\"publisher\":{\"@id\":\"https:\/\/www.gtline.com\/de\/#organization\"},\"potentialAction\":[{\"@type\":\"SearchAction\",\"target\":{\"@type\":\"EntryPoint\",\"urlTemplate\":\"https:\/\/www.gtline.com\/de\/?s={search_term_string}\"},\"query-input\":{\"@type\":\"PropertyValueSpecification\",\"valueRequired\":true,\"valueName\":\"search_term_string\"}}],\"inLanguage\":\"de\"},{\"@type\":\"Organization\",\"@id\":\"https:\/\/www.gtline.com\/de\/#organization\",\"name\":\"Gt Line\",\"url\":\"https:\/\/www.gtline.com\/de\/\",\"logo\":{\"@type\":\"ImageObject\",\"inLanguage\":\"de\",\"@id\":\"https:\/\/www.gtline.com\/de\/#\/schema\/logo\/image\/\",\"url\":\"https:\/\/www.gtline.com\/de\/wp-content\/uploads\/sites\/5\/2025\/02\/logo.png\",\"contentUrl\":\"https:\/\/www.gtline.com\/de\/wp-content\/uploads\/sites\/5\/2025\/02\/logo.png\",\"width\":228,\"height\":146,\"caption\":\"Gt Line\"},\"image\":{\"@id\":\"https:\/\/www.gtline.com\/de\/#\/schema\/logo\/image\/\"},\"sameAs\":[\"https:\/\/www.facebook.com\/gtlinesrl?locale=it_IT\",\"https:\/\/www.instagram.com\/gt_line_srl\/\",\"https:\/\/www.youtube.com\/channel\/UCDvpkFqswNJOVFz64PkYRQQ\",\"https:\/\/www.linkedin.com\/company\/gt-line-srl\/\"]}]}<\/script>\n<!-- \/ Yoast SEO plugin. -->","yoast_head_json":{"title":"GT Line Profi Koffer REVO21 PTS - Gt Line DE","robots":{"index":"index","follow":"follow","max-snippet":"max-snippet:-1","max-image-preview":"max-image-preview:large","max-video-preview":"max-video-preview:-1"},"canonical":"https:\/\/www.gtline.com\/de\/products\/gt-line-profi-koffer-revo21-pts\/","og_locale":"de_DE","og_type":"article","og_title":"GT Line Profi Koffer REVO21 PTS - Gt Line DE","og_description":"Der professionelle Werkzeugkoffer\u00a0REVO21\u00a0ist der ideale Begleiter f\u00fcr alle, die in jeder Arbeitssituation auf\u00a0Robustheit, Sicherheit und Flexibilit\u00e4t\u00a0Wert legen. Hergestellt aus\u00a0hochfestem Polypropylen\u00a0im\u00a0Spritzgussverfahren, ist er daf\u00fcr konzipiert, extremen Bedingungen standzuhalten und Werkzeuge sowie Instrumente zuverl\u00e4ssig zu sch\u00fctzen.Dank des\u00a0komplett \u00fcberarbeiteten Designs\u00a0der REVO21-Serie vereint er\u00a0Innovation und Funktionalit\u00e4t\u00a0und wird so zu einem\u00a0unverzichtbaren Werkzeugkoffer f\u00fcr Techniker, Instandhalter und mobile Fachkr\u00e4fte.Auch als\u00a0Rollkoffer-Version\u00a0erh\u00e4ltlich, eignet er sich perfekt f\u00fcr einen\u00a0komfortablen und organisierten TransportIhrer Werkzeuge.","og_url":"https:\/\/www.gtline.com\/de\/products\/gt-line-profi-koffer-revo21-pts\/","og_site_name":"Gt Line DE","article_publisher":"https:\/\/www.facebook.com\/gtlinesrl?locale=it_IT","article_modified_time":"2026-04-17T02:07:15+00:00","og_image":[{"width":500,"height":500,"url":"https:\/\/www.gtline.com\/de\/wp-content\/uploads\/sites\/5\/2025\/05\/REVO21_PTS_01_8991.jpg","type":"image\/jpeg"}],"twitter_card":"summary_large_image","twitter_misc":{"Gesch\u00e4tzte Lesezeit":"1\u00a0Minute"},"schema":{"@context":"https:\/\/schema.org","@graph":[{"@type":"WebPage","@id":"https:\/\/www.gtline.com\/de\/products\/gt-line-profi-koffer-revo21-pts\/","url":"https:\/\/www.gtline.com\/de\/products\/gt-line-profi-koffer-revo21-pts\/","name":"GT Line Profi Koffer REVO21 PTS - Gt Line DE","isPartOf":{"@id":"https:\/\/www.gtline.com\/de\/#website"},"primaryImageOfPage":{"@id":"https:\/\/www.gtline.com\/de\/products\/gt-line-profi-koffer-revo21-pts\/#primaryimage"},"image":{"@id":"https:\/\/www.gtline.com\/de\/products\/gt-line-profi-koffer-revo21-pts\/#primaryimage"},"thumbnailUrl":"https:\/\/www.gtline.com\/de\/wp-content\/uploads\/sites\/5\/2025\/05\/REVO21_PTS_01_8991.jpg","datePublished":"2025-07-30T10:19:34+00:00","dateModified":"2026-04-17T02:07:15+00:00","breadcrumb":{"@id":"https:\/\/www.gtline.com\/de\/products\/gt-line-profi-koffer-revo21-pts\/#breadcrumb"},"inLanguage":"de","potentialAction":[{"@type":"ReadAction","target":["https:\/\/www.gtline.com\/de\/products\/gt-line-profi-koffer-revo21-pts\/"]}]},{"@type":"ImageObject","inLanguage":"de","@id":"https:\/\/www.gtline.com\/de\/products\/gt-line-profi-koffer-revo21-pts\/#primaryimage","url":"https:\/\/www.gtline.com\/de\/wp-content\/uploads\/sites\/5\/2025\/05\/REVO21_PTS_01_8991.jpg","contentUrl":"https:\/\/www.gtline.com\/de\/wp-content\/uploads\/sites\/5\/2025\/05\/REVO21_PTS_01_8991.jpg","width":500,"height":500},{"@type":"BreadcrumbList","@id":"https:\/\/www.gtline.com\/de\/products\/gt-line-profi-koffer-revo21-pts\/#breadcrumb","itemListElement":[{"@type":"ListItem","position":1,"name":"Home","item":"https:\/\/www.gtline.com\/de\/"},{"@type":"ListItem","position":2,"name":"Shop","item":"https:\/\/www.gtline.com\/de\/negozio\/"},{"@type":"ListItem","position":3,"name":"GT Line Profi Koffer REVO21 PTS"}]},{"@type":"WebSite","@id":"https:\/\/www.gtline.com\/de\/#website","url":"https:\/\/www.gtline.com\/de\/","name":"Gt Line","description":"","publisher":{"@id":"https:\/\/www.gtline.com\/de\/#organization"},"potentialAction":[{"@type":"SearchAction","target":{"@type":"EntryPoint","urlTemplate":"https:\/\/www.gtline.com\/de\/?s={search_term_string}"},"query-input":{"@type":"PropertyValueSpecification","valueRequired":true,"valueName":"search_term_string"}}],"inLanguage":"de"},{"@type":"Organization","@id":"https:\/\/www.gtline.com\/de\/#organization","name":"Gt Line","url":"https:\/\/www.gtline.com\/de\/","logo":{"@type":"ImageObject","inLanguage":"de","@id":"https:\/\/www.gtline.com\/de\/#\/schema\/logo\/image\/","url":"https:\/\/www.gtline.com\/de\/wp-content\/uploads\/sites\/5\/2025\/02\/logo.png","contentUrl":"https:\/\/www.gtline.com\/de\/wp-content\/uploads\/sites\/5\/2025\/02\/logo.png","width":228,"height":146,"caption":"Gt Line"},"image":{"@id":"https:\/\/www.gtline.com\/de\/#\/schema\/logo\/image\/"},"sameAs":["https:\/\/www.facebook.com\/gtlinesrl?locale=it_IT","https:\/\/www.instagram.com\/gt_line_srl\/","https:\/\/www.youtube.com\/channel\/UCDvpkFqswNJOVFz64PkYRQQ","https:\/\/www.linkedin.com\/company\/gt-line-srl\/"]}]}},"_links":{"self":[{"href":"https:\/\/www.gtline.com\/de\/wp-json\/wp\/v2\/product\/16882","targetHints":{"allow":["GET"]}}],"collection":[{"href":"https:\/\/www.gtline.com\/de\/wp-json\/wp\/v2\/product"}],"about":[{"href":"https:\/\/www.gtline.com\/de\/wp-json\/wp\/v2\/types\/product"}],"replies":[{"embeddable":true,"href":"https:\/\/www.gtline.com\/de\/wp-json\/wp\/v2\/comments?post=16882"}],"version-history":[{"count":2,"href":"https:\/\/www.gtline.com\/de\/wp-json\/wp\/v2\/product\/16882\/revisions"}],"predecessor-version":[{"id":22313,"href":"https:\/\/www.gtline.com\/de\/wp-json\/wp\/v2\/product\/16882\/revisions\/22313"}],"wp:featuredmedia":[{"embeddable":true,"href":"https:\/\/www.gtline.com\/de\/wp-json\/wp\/v2\/media\/7071"}],"wp:attachment":[{"href":"https:\/\/www.gtline.com\/de\/wp-json\/wp\/v2\/media?parent=16882"}],"wp:term":[{"taxonomy":"product_brand","embeddable":true,"href":"https:\/\/www.gtline.com\/de\/wp-json\/wp\/v2\/product_brand?post=16882"},{"taxonomy":"product_cat","embeddable":true,"href":"https:\/\/www.gtline.com\/de\/wp-json\/wp\/v2\/product_cat?post=16882"},{"taxonomy":"product_tag","embeddable":true,"href":"https:\/\/www.gtline.com\/de\/wp-json\/wp\/v2\/product_tag?post=16882"}],"curies":[{"name":"wp","href":"https:\/\/api.w.org\/{rel}","templated":true}]}}