{"id":16884,"date":"2025-07-30T10:19:39","date_gmt":"2025-07-30T10:19:39","guid":{"rendered":"https:\/\/www.gtline.com\/de\/prodotto\/gt-line-profi-wagen-revo21-wh-pel\/"},"modified":"2026-04-17T02:07:19","modified_gmt":"2026-04-17T02:07:19","slug":"gt-line-profi-wagen-revo21-wh-pel","status":"publish","type":"product","link":"https:\/\/www.gtline.com\/de\/products\/gt-line-profi-wagen-revo21-wh-pel\/","title":{"rendered":"GT Line Profi Wagen REVO21 WH PEL"},"content":{"rendered":"<p data-start=\"3\" data-end=\"287\"><strong data-start=\"3\" data-end=\"66\" data-is-only-node=\"\">1.Ultrarobuste Struktur f\u00fcr anspruchsvolle Arbeitsumgebungen.<br \/><\/strong><br data-start=\"66\" data-end=\"69\">Das <strong data-start=\"76\" data-end=\"103\">hochdichte Polypropylen<\/strong>, im <strong data-start=\"108\" data-end=\"131\">Spritzgussverfahren<\/strong> verarbeitet, bietet <strong data-start=\"152\" data-end=\"186\">au\u00dfergew\u00f6hnliche Best\u00e4ndigkeit<\/strong> gegen St\u00f6\u00dfe, Chemikalien und extreme Temperaturen und gew\u00e4hrleistet so eine <strong data-start=\"263\" data-end=\"284\">lange Lebensdauer<\/strong>.<strong data-start=\"3\" data-end=\"66\" data-is-only-node=\"\"><br \/><\/strong><\/p>\n<p data-start=\"292\" data-end=\"600\"><strong data-start=\"292\" data-end=\"361\" data-is-only-node=\"\">2.Werkzeugtrolley mit integrierter Mobilit\u00e4t f\u00fcr maximalen Komfort.<strong data-start=\"3\" data-end=\"66\" data-is-only-node=\"\"><br \/><\/strong><\/strong><br data-start=\"361\" data-end=\"364\">Ausgestattet mit <strong data-start=\"384\" data-end=\"403\">robusten Rollen<\/strong> und einem <strong data-start=\"414\" data-end=\"431\">Teleskopgriff<\/strong> ist der <strong data-start=\"440\" data-end=\"453\">REVO21 WH<\/strong> ideal f\u00fcr Fachleute, die h\u00e4ufig unterwegs sind: Er l\u00e4sst sich <strong data-start=\"516\" data-end=\"542\">m\u00fchelos transportieren<\/strong>, auch \u00fcber <strong data-start=\"554\" data-end=\"597\">lange Strecken oder unebene Oberfl\u00e4chen<\/strong>.<strong data-start=\"3\" data-end=\"66\" data-is-only-node=\"\"><br \/><\/strong><\/p>\n<p data-start=\"605\" data-end=\"852\"><strong data-start=\"605\" data-end=\"666\" data-is-only-node=\"\">3.Garantierte Sicherheit durch doppelte Schl\u00fcsselschl\u00f6sser.<strong data-start=\"3\" data-end=\"66\" data-is-only-node=\"\"><br \/><\/strong><\/strong><br data-start=\"666\" data-end=\"669\">Die <strong data-start=\"676\" data-end=\"703\">zwei Schl\u00fcsselschl\u00f6sser<\/strong> sch\u00fctzen zuverl\u00e4ssig vor unbefugtem Zugriff und machen diesen <strong data-start=\"766\" data-end=\"784\">Werkzeugkoffer<\/strong> ideal f\u00fcr den <strong data-start=\"799\" data-end=\"849\">Transport empfindlicher oder wertvoller Ger\u00e4te<\/strong>.<strong data-start=\"3\" data-end=\"66\" data-is-only-node=\"\"><br \/><\/strong><\/p>\n<p data-start=\"857\" data-end=\"1067\"><strong data-start=\"857\" data-end=\"901\" data-is-only-node=\"\">4.Verst\u00e4rkte Struktur mit Aluminiumprofil.<strong data-start=\"3\" data-end=\"66\" data-is-only-node=\"\"><br \/><\/strong><\/strong><br data-start=\"901\" data-end=\"904\">Das <strong data-start=\"911\" data-end=\"930\">Aluminiumprofil<\/strong> erh\u00f6ht die <strong data-start=\"942\" data-end=\"962\">Gesamtstabilit\u00e4t<\/strong> des Koffers und verbessert den <strong data-start=\"994\" data-end=\"1018\">Schutz der Werkzeuge<\/strong> auch bei starken St\u00f6\u00dfen oder Druckbelastungen.<strong data-start=\"3\" data-end=\"66\" data-is-only-node=\"\"><br \/><\/strong><\/p>\n<p data-start=\"1072\" data-end=\"1293\"><strong data-start=\"1072\" data-end=\"1128\" data-is-only-node=\"\">5.Verst\u00e4rkte Abdichtung mit drei hinteren Scharnieren.<strong data-start=\"3\" data-end=\"66\" data-is-only-node=\"\"><br \/><\/strong><\/strong><br data-start=\"1128\" data-end=\"1131\">Die <strong data-start=\"1138\" data-end=\"1157\">drei Scharniere<\/strong> sorgen f\u00fcr eine <strong data-start=\"1174\" data-end=\"1198\">optimale Dichtigkeit<\/strong> und sch\u00fctzen den Inhalt w\u00e4hrend des Transports vor <strong data-start=\"1250\" data-end=\"1290\">Staub, Wasser und \u00e4u\u00dferen Einfl\u00fcssen<\/strong>.<strong data-start=\"3\" data-end=\"66\" data-is-only-node=\"\"><br \/><\/strong><\/p>\n<p data-start=\"1298\" data-end=\"1535\"><strong data-start=\"1298\" data-end=\"1355\" data-is-only-node=\"\">6.Ergonomischer Griff mit Gummigriff f\u00fcr sicheren Halt.<strong data-start=\"3\" data-end=\"66\" data-is-only-node=\"\"><br \/><\/strong><\/strong><br data-start=\"1355\" data-end=\"1358\">Der <strong data-start=\"1365\" data-end=\"1398\">obere, rutschfeste Gummigriff<\/strong> erm\u00f6glicht einen <strong data-start=\"1416\" data-end=\"1450\">sicheren und komfortablen Halt<\/strong>, selbst unter schwierigen Bedingungen oder beim Tragen mit <strong data-start=\"1510\" data-end=\"1532\">Arbeitshandschuhen<\/strong>.<strong data-start=\"3\" data-end=\"66\" data-is-only-node=\"\"><br \/><\/strong><\/p>\n<p data-start=\"1540\" data-end=\"1788\"><strong data-start=\"1540\" data-end=\"1604\" data-is-only-node=\"\">7.Individuell anpassbarer Innenraum f\u00fcr perfekte Organisation.<strong data-start=\"3\" data-end=\"66\" data-is-only-node=\"\"><br \/><\/strong><\/strong><br data-start=\"1604\" data-end=\"1607\">Der <strong data-start=\"1614\" data-end=\"1630\">Bodenbereich<\/strong> ist mit <strong data-start=\"1639\" data-end=\"1688\">verstellbaren und herausnehmbaren Trennw\u00e4nden<\/strong> ausgestattet, die eine <strong data-start=\"1712\" data-end=\"1745\">ma\u00dfgeschneiderte Organisation<\/strong> unterschiedlicher Werkzeuge erm\u00f6glichen.<strong data-start=\"3\" data-end=\"66\" data-is-only-node=\"\"><br \/><\/strong><\/p>\n<p data-start=\"1793\" data-end=\"2078\" data-is-last-node=\"\"><strong data-start=\"1793\" data-end=\"1872\" data-is-only-node=\"\">8.Modernes und funktionales Design f\u00fcr den t\u00e4glichen professionellen Einsatz.<strong data-start=\"3\" data-end=\"66\" data-is-only-node=\"\"><br \/><\/strong><\/strong><br data-start=\"1872\" data-end=\"1875\">Die neue <strong data-start=\"1887\" data-end=\"1906\">REVO21 WH-Serie<\/strong> vereint <strong data-start=\"1915\" data-end=\"1946\">\u00c4sthetik und Funktionalit\u00e4t<\/strong> und pr\u00e4sentiert sich als <strong data-start=\"1972\" data-end=\"2006\">professioneller Werkzeugkoffer<\/strong>, der auch durch sein <strong data-start=\"2028\" data-end=\"2067\">anspruchsvolles, technisches Design<\/strong> \u00fcberzeugt.<\/p>\n","protected":false},"excerpt":{"rendered":"<p>Der professionelle <strong data-start=\"19\" data-end=\"40\">Trolley REVO21 WH<\/strong> ist die ideale Wahl f\u00fcr <strong data-start=\"65\" data-end=\"93\">Techniker und Fachkr\u00e4fte<\/strong>, die einen <strong data-start=\"105\" data-end=\"156\">robusten, sicheren und leicht transportierbaren<\/strong> Werkzeugkoffer ben\u00f6tigen.<BR><br data-start=\"182\" data-end=\"185\">Gefertigt aus <strong data-start=\"199\" data-end=\"249\">sto\u00dffestem Polypropylen im Spritzgussverfahren<\/strong>, ist dieser <strong data-start=\"262\" data-end=\"281\">Werkzeugtrolley<\/strong> darauf ausgelegt, <strong data-start=\"300\" data-end=\"350\">St\u00f6\u00dfen, Chemikalien und Temperaturschwankungen<\/strong> standzuhalten.<br data-start=\"365\" data-end=\"368\">Mit einem <strong data-start=\"378\" data-end=\"412\">komplett \u00fcberarbeiteten Design<\/strong> vereint der <strong data-start=\"425\" data-end=\"438\">REVO21 WH<\/strong> die <strong data-start=\"443\" data-end=\"477\">Vorteile eines Werkzeugkoffers<\/strong> mit der <strong data-start=\"486\" data-end=\"520\">Praktikabilit\u00e4t eines Trolleys<\/strong> und garantiert so <strong data-start=\"539\" data-end=\"588\">h\u00f6chste Effizienz auch bei h\u00e4ufigem Transport<\/strong>.<BR><br data-start=\"589\" data-end=\"592\"><strong data-start=\"592\" data-end=\"627\">Stabil, ger\u00e4umig und funktional<\/strong> \u2013 der perfekte <strong data-start=\"643\" data-end=\"668\">professionelle Koffer<\/strong> f\u00fcr alle, die unterwegs arbeiten.<\/p>\n","protected":false},"featured_media":7076,"comment_status":"open","ping_status":"closed","template":"","meta":{"_acf_changed":false},"product_brand":[],"product_cat":[237],"product_tag":[],"class_list":{"0":"post-16884","1":"product","2":"type-product","3":"status-publish","4":"has-post-thumbnail","6":"product_cat-revo21","7":"pa_anwendungen-koffer-und-taschen-fur-betreuer","8":"pa_anwendungen-koffer-und-taschen-fur-elektriker","9":"pa_anwendungen-koffer-und-taschen-fur-installateure","10":"pa_anwendungen-koffer-und-taschen-fur-servicetechniker","11":"pa_produkttyp-werkzeugkoffer","13":"first","14":"instock","15":"shipping-taxable","16":"purchasable","17":"product-type-simple"},"acf":[],"yoast_head":"<!-- This site is optimized with the Yoast SEO plugin v25.4 - https:\/\/yoast.com\/wordpress\/plugins\/seo\/ -->\n<title>GT Line Profi Wagen REVO21 WH PEL - Gt Line DE<\/title>\n<meta name=\"robots\" content=\"index, follow, max-snippet:-1, max-image-preview:large, max-video-preview:-1\" \/>\n<link rel=\"canonical\" href=\"https:\/\/www.gtline.com\/de\/products\/gt-line-profi-wagen-revo21-wh-pel\/\" \/>\n<meta property=\"og:locale\" content=\"de_DE\" \/>\n<meta property=\"og:type\" content=\"article\" \/>\n<meta property=\"og:title\" content=\"GT Line Profi Wagen REVO21 WH PEL - Gt Line DE\" \/>\n<meta property=\"og:description\" content=\"Der professionelle Trolley REVO21 WH ist die ideale Wahl f\u00fcr Techniker und Fachkr\u00e4fte, die einen robusten, sicheren und leicht transportierbaren Werkzeugkoffer ben\u00f6tigen.Gefertigt aus sto\u00dffestem Polypropylen im Spritzgussverfahren, ist dieser Werkzeugtrolley darauf ausgelegt, St\u00f6\u00dfen, Chemikalien und Temperaturschwankungen standzuhalten.Mit einem komplett \u00fcberarbeiteten Design vereint der REVO21 WH die Vorteile eines Werkzeugkoffers mit der Praktikabilit\u00e4t eines Trolleys und garantiert so h\u00f6chste Effizienz auch bei h\u00e4ufigem Transport.Stabil, ger\u00e4umig und funktional \u2013 der perfekte professionelle Koffer f\u00fcr alle, die unterwegs arbeiten.\" \/>\n<meta property=\"og:url\" content=\"https:\/\/www.gtline.com\/de\/products\/gt-line-profi-wagen-revo21-wh-pel\/\" \/>\n<meta property=\"og:site_name\" content=\"Gt Line DE\" \/>\n<meta property=\"article:publisher\" content=\"https:\/\/www.facebook.com\/gtlinesrl?locale=it_IT\" \/>\n<meta property=\"article:modified_time\" content=\"2026-04-17T02:07:19+00:00\" \/>\n<meta property=\"og:image\" content=\"https:\/\/www.gtline.com\/de\/wp-content\/uploads\/sites\/5\/2025\/05\/REVO21-WH_PEL_01_8992.jpg\" \/>\n\t<meta property=\"og:image:width\" content=\"500\" \/>\n\t<meta property=\"og:image:height\" content=\"500\" \/>\n\t<meta property=\"og:image:type\" content=\"image\/jpeg\" \/>\n<meta name=\"twitter:card\" content=\"summary_large_image\" \/>\n<meta name=\"twitter:label1\" content=\"Gesch\u00e4tzte Lesezeit\" \/>\n\t<meta name=\"twitter:data1\" content=\"1\u00a0Minute\" \/>\n<script type=\"application\/ld+json\" class=\"yoast-schema-graph\">{\"@context\":\"https:\/\/schema.org\",\"@graph\":[{\"@type\":\"WebPage\",\"@id\":\"https:\/\/www.gtline.com\/de\/products\/gt-line-profi-wagen-revo21-wh-pel\/\",\"url\":\"https:\/\/www.gtline.com\/de\/products\/gt-line-profi-wagen-revo21-wh-pel\/\",\"name\":\"GT Line Profi Wagen REVO21 WH PEL - Gt Line DE\",\"isPartOf\":{\"@id\":\"https:\/\/www.gtline.com\/de\/#website\"},\"primaryImageOfPage\":{\"@id\":\"https:\/\/www.gtline.com\/de\/products\/gt-line-profi-wagen-revo21-wh-pel\/#primaryimage\"},\"image\":{\"@id\":\"https:\/\/www.gtline.com\/de\/products\/gt-line-profi-wagen-revo21-wh-pel\/#primaryimage\"},\"thumbnailUrl\":\"https:\/\/www.gtline.com\/de\/wp-content\/uploads\/sites\/5\/2025\/05\/REVO21-WH_PEL_01_8992.jpg\",\"datePublished\":\"2025-07-30T10:19:39+00:00\",\"dateModified\":\"2026-04-17T02:07:19+00:00\",\"breadcrumb\":{\"@id\":\"https:\/\/www.gtline.com\/de\/products\/gt-line-profi-wagen-revo21-wh-pel\/#breadcrumb\"},\"inLanguage\":\"de\",\"potentialAction\":[{\"@type\":\"ReadAction\",\"target\":[\"https:\/\/www.gtline.com\/de\/products\/gt-line-profi-wagen-revo21-wh-pel\/\"]}]},{\"@type\":\"ImageObject\",\"inLanguage\":\"de\",\"@id\":\"https:\/\/www.gtline.com\/de\/products\/gt-line-profi-wagen-revo21-wh-pel\/#primaryimage\",\"url\":\"https:\/\/www.gtline.com\/de\/wp-content\/uploads\/sites\/5\/2025\/05\/REVO21-WH_PEL_01_8992.jpg\",\"contentUrl\":\"https:\/\/www.gtline.com\/de\/wp-content\/uploads\/sites\/5\/2025\/05\/REVO21-WH_PEL_01_8992.jpg\",\"width\":500,\"height\":500},{\"@type\":\"BreadcrumbList\",\"@id\":\"https:\/\/www.gtline.com\/de\/products\/gt-line-profi-wagen-revo21-wh-pel\/#breadcrumb\",\"itemListElement\":[{\"@type\":\"ListItem\",\"position\":1,\"name\":\"Home\",\"item\":\"https:\/\/www.gtline.com\/de\/\"},{\"@type\":\"ListItem\",\"position\":2,\"name\":\"Shop\",\"item\":\"https:\/\/www.gtline.com\/de\/negozio\/\"},{\"@type\":\"ListItem\",\"position\":3,\"name\":\"GT Line Profi Wagen REVO21 WH PEL\"}]},{\"@type\":\"WebSite\",\"@id\":\"https:\/\/www.gtline.com\/de\/#website\",\"url\":\"https:\/\/www.gtline.com\/de\/\",\"name\":\"Gt Line\",\"description\":\"\",\"publisher\":{\"@id\":\"https:\/\/www.gtline.com\/de\/#organization\"},\"potentialAction\":[{\"@type\":\"SearchAction\",\"target\":{\"@type\":\"EntryPoint\",\"urlTemplate\":\"https:\/\/www.gtline.com\/de\/?s={search_term_string}\"},\"query-input\":{\"@type\":\"PropertyValueSpecification\",\"valueRequired\":true,\"valueName\":\"search_term_string\"}}],\"inLanguage\":\"de\"},{\"@type\":\"Organization\",\"@id\":\"https:\/\/www.gtline.com\/de\/#organization\",\"name\":\"Gt Line\",\"url\":\"https:\/\/www.gtline.com\/de\/\",\"logo\":{\"@type\":\"ImageObject\",\"inLanguage\":\"de\",\"@id\":\"https:\/\/www.gtline.com\/de\/#\/schema\/logo\/image\/\",\"url\":\"https:\/\/www.gtline.com\/de\/wp-content\/uploads\/sites\/5\/2025\/02\/logo.png\",\"contentUrl\":\"https:\/\/www.gtline.com\/de\/wp-content\/uploads\/sites\/5\/2025\/02\/logo.png\",\"width\":228,\"height\":146,\"caption\":\"Gt Line\"},\"image\":{\"@id\":\"https:\/\/www.gtline.com\/de\/#\/schema\/logo\/image\/\"},\"sameAs\":[\"https:\/\/www.facebook.com\/gtlinesrl?locale=it_IT\",\"https:\/\/www.instagram.com\/gt_line_srl\/\",\"https:\/\/www.youtube.com\/channel\/UCDvpkFqswNJOVFz64PkYRQQ\",\"https:\/\/www.linkedin.com\/company\/gt-line-srl\/\"]}]}<\/script>\n<!-- \/ Yoast SEO plugin. -->","yoast_head_json":{"title":"GT Line Profi Wagen REVO21 WH PEL - Gt Line DE","robots":{"index":"index","follow":"follow","max-snippet":"max-snippet:-1","max-image-preview":"max-image-preview:large","max-video-preview":"max-video-preview:-1"},"canonical":"https:\/\/www.gtline.com\/de\/products\/gt-line-profi-wagen-revo21-wh-pel\/","og_locale":"de_DE","og_type":"article","og_title":"GT Line Profi Wagen REVO21 WH PEL - Gt Line DE","og_description":"Der professionelle Trolley REVO21 WH ist die ideale Wahl f\u00fcr Techniker und Fachkr\u00e4fte, die einen robusten, sicheren und leicht transportierbaren Werkzeugkoffer ben\u00f6tigen.Gefertigt aus sto\u00dffestem Polypropylen im Spritzgussverfahren, ist dieser Werkzeugtrolley darauf ausgelegt, St\u00f6\u00dfen, Chemikalien und Temperaturschwankungen standzuhalten.Mit einem komplett \u00fcberarbeiteten Design vereint der REVO21 WH die Vorteile eines Werkzeugkoffers mit der Praktikabilit\u00e4t eines Trolleys und garantiert so h\u00f6chste Effizienz auch bei h\u00e4ufigem Transport.Stabil, ger\u00e4umig und funktional \u2013 der perfekte professionelle Koffer f\u00fcr alle, die unterwegs arbeiten.","og_url":"https:\/\/www.gtline.com\/de\/products\/gt-line-profi-wagen-revo21-wh-pel\/","og_site_name":"Gt Line DE","article_publisher":"https:\/\/www.facebook.com\/gtlinesrl?locale=it_IT","article_modified_time":"2026-04-17T02:07:19+00:00","og_image":[{"width":500,"height":500,"url":"https:\/\/www.gtline.com\/de\/wp-content\/uploads\/sites\/5\/2025\/05\/REVO21-WH_PEL_01_8992.jpg","type":"image\/jpeg"}],"twitter_card":"summary_large_image","twitter_misc":{"Gesch\u00e4tzte Lesezeit":"1\u00a0Minute"},"schema":{"@context":"https:\/\/schema.org","@graph":[{"@type":"WebPage","@id":"https:\/\/www.gtline.com\/de\/products\/gt-line-profi-wagen-revo21-wh-pel\/","url":"https:\/\/www.gtline.com\/de\/products\/gt-line-profi-wagen-revo21-wh-pel\/","name":"GT Line Profi Wagen REVO21 WH PEL - Gt Line DE","isPartOf":{"@id":"https:\/\/www.gtline.com\/de\/#website"},"primaryImageOfPage":{"@id":"https:\/\/www.gtline.com\/de\/products\/gt-line-profi-wagen-revo21-wh-pel\/#primaryimage"},"image":{"@id":"https:\/\/www.gtline.com\/de\/products\/gt-line-profi-wagen-revo21-wh-pel\/#primaryimage"},"thumbnailUrl":"https:\/\/www.gtline.com\/de\/wp-content\/uploads\/sites\/5\/2025\/05\/REVO21-WH_PEL_01_8992.jpg","datePublished":"2025-07-30T10:19:39+00:00","dateModified":"2026-04-17T02:07:19+00:00","breadcrumb":{"@id":"https:\/\/www.gtline.com\/de\/products\/gt-line-profi-wagen-revo21-wh-pel\/#breadcrumb"},"inLanguage":"de","potentialAction":[{"@type":"ReadAction","target":["https:\/\/www.gtline.com\/de\/products\/gt-line-profi-wagen-revo21-wh-pel\/"]}]},{"@type":"ImageObject","inLanguage":"de","@id":"https:\/\/www.gtline.com\/de\/products\/gt-line-profi-wagen-revo21-wh-pel\/#primaryimage","url":"https:\/\/www.gtline.com\/de\/wp-content\/uploads\/sites\/5\/2025\/05\/REVO21-WH_PEL_01_8992.jpg","contentUrl":"https:\/\/www.gtline.com\/de\/wp-content\/uploads\/sites\/5\/2025\/05\/REVO21-WH_PEL_01_8992.jpg","width":500,"height":500},{"@type":"BreadcrumbList","@id":"https:\/\/www.gtline.com\/de\/products\/gt-line-profi-wagen-revo21-wh-pel\/#breadcrumb","itemListElement":[{"@type":"ListItem","position":1,"name":"Home","item":"https:\/\/www.gtline.com\/de\/"},{"@type":"ListItem","position":2,"name":"Shop","item":"https:\/\/www.gtline.com\/de\/negozio\/"},{"@type":"ListItem","position":3,"name":"GT Line Profi Wagen REVO21 WH PEL"}]},{"@type":"WebSite","@id":"https:\/\/www.gtline.com\/de\/#website","url":"https:\/\/www.gtline.com\/de\/","name":"Gt Line","description":"","publisher":{"@id":"https:\/\/www.gtline.com\/de\/#organization"},"potentialAction":[{"@type":"SearchAction","target":{"@type":"EntryPoint","urlTemplate":"https:\/\/www.gtline.com\/de\/?s={search_term_string}"},"query-input":{"@type":"PropertyValueSpecification","valueRequired":true,"valueName":"search_term_string"}}],"inLanguage":"de"},{"@type":"Organization","@id":"https:\/\/www.gtline.com\/de\/#organization","name":"Gt Line","url":"https:\/\/www.gtline.com\/de\/","logo":{"@type":"ImageObject","inLanguage":"de","@id":"https:\/\/www.gtline.com\/de\/#\/schema\/logo\/image\/","url":"https:\/\/www.gtline.com\/de\/wp-content\/uploads\/sites\/5\/2025\/02\/logo.png","contentUrl":"https:\/\/www.gtline.com\/de\/wp-content\/uploads\/sites\/5\/2025\/02\/logo.png","width":228,"height":146,"caption":"Gt Line"},"image":{"@id":"https:\/\/www.gtline.com\/de\/#\/schema\/logo\/image\/"},"sameAs":["https:\/\/www.facebook.com\/gtlinesrl?locale=it_IT","https:\/\/www.instagram.com\/gt_line_srl\/","https:\/\/www.youtube.com\/channel\/UCDvpkFqswNJOVFz64PkYRQQ","https:\/\/www.linkedin.com\/company\/gt-line-srl\/"]}]}},"_links":{"self":[{"href":"https:\/\/www.gtline.com\/de\/wp-json\/wp\/v2\/product\/16884","targetHints":{"allow":["GET"]}}],"collection":[{"href":"https:\/\/www.gtline.com\/de\/wp-json\/wp\/v2\/product"}],"about":[{"href":"https:\/\/www.gtline.com\/de\/wp-json\/wp\/v2\/types\/product"}],"replies":[{"embeddable":true,"href":"https:\/\/www.gtline.com\/de\/wp-json\/wp\/v2\/comments?post=16884"}],"version-history":[{"count":2,"href":"https:\/\/www.gtline.com\/de\/wp-json\/wp\/v2\/product\/16884\/revisions"}],"predecessor-version":[{"id":22314,"href":"https:\/\/www.gtline.com\/de\/wp-json\/wp\/v2\/product\/16884\/revisions\/22314"}],"wp:featuredmedia":[{"embeddable":true,"href":"https:\/\/www.gtline.com\/de\/wp-json\/wp\/v2\/media\/7076"}],"wp:attachment":[{"href":"https:\/\/www.gtline.com\/de\/wp-json\/wp\/v2\/media?parent=16884"}],"wp:term":[{"taxonomy":"product_brand","embeddable":true,"href":"https:\/\/www.gtline.com\/de\/wp-json\/wp\/v2\/product_brand?post=16884"},{"taxonomy":"product_cat","embeddable":true,"href":"https:\/\/www.gtline.com\/de\/wp-json\/wp\/v2\/product_cat?post=16884"},{"taxonomy":"product_tag","embeddable":true,"href":"https:\/\/www.gtline.com\/de\/wp-json\/wp\/v2\/product_tag?post=16884"}],"curies":[{"name":"wp","href":"https:\/\/api.w.org\/{rel}","templated":true}]}}