{"id":16886,"date":"2025-07-30T10:19:44","date_gmt":"2025-07-30T10:19:44","guid":{"rendered":"https:\/\/www.gtline.com\/de\/prodotto\/gt-line-profi-wagen-revo21-wh-pts\/"},"modified":"2026-04-17T02:07:24","modified_gmt":"2026-04-17T02:07:24","slug":"gt-line-profi-wagen-revo21-wh-pts","status":"publish","type":"product","link":"https:\/\/www.gtline.com\/de\/products\/gt-line-profi-wagen-revo21-wh-pts\/","title":{"rendered":"GT Line Profi-Wagen REVO21 WH PTS"},"content":{"rendered":"<p>1. Extrem widerstandsf\u00e4hige Struktur f\u00fcr anspruchsvolle Arbeitsumgebungen.<br \/> <br \/>\nDas spritzgegossene Polypropylen mit hoher Dicke bietet eine hervorragende Best\u00e4ndigkeit gegen St\u00f6\u00dfe, Chemikalien und extreme Temperaturen und gew\u00e4hrleistet eine lange Haltbarkeit. <\/p>\n<p>2. Integrierte Mobilit\u00e4t mit Werkzeugwagen f\u00fcr maximalen Komfort.<br \/> <br \/>\nAusgestattet mit stabilen R\u00e4dern und einem Teleskopgriff ist der REVO21 WH ideal f\u00fcr Profis, die viel unterwegs sind: Er l\u00e4sst sich m\u00fchelos transportieren, auch \u00fcber lange Strecken oder unebenen Untergrund. <\/p>\n<p>3. Garantierte Sicherheit mit Doppelschl\u00fcsselschl\u00f6ssern.<br \/> <br \/>\nDie beiden schl\u00fcsselbet\u00e4tigten Schl\u00f6sser bieten zuverl\u00e4ssigen Schutz vor unbefugtem Zugriff und machen diesen Werkzeugkoffer ideal f\u00fcr den Transport von empfindlichen oder wertvollen Instrumenten. <\/p>\n<p>4. Verst\u00e4rkte Struktur mit Aluminiumprofil.<br \/> <br \/>\nDas Kantenprofil aus Aluminium erh\u00f6ht die Gesamtfestigkeit des Koffers und erh\u00f6ht den Schutz von Werkzeugen auch bei starken St\u00f6\u00dfen oder Druck. <\/p>\n<p>5. Verbesserter luftdichter Verschluss mit dreifachen hinteren Scharnieren.<br \/> <br \/>\nDie drei Scharniere bieten eine hervorragende Abdichtung und sch\u00fctzen den Inhalt w\u00e4hrend des Transports vor Staub, Wasser und \u00e4u\u00dferen Einfl\u00fcssen. <\/p>\n<p>6. Ergonomischer Griff mit Gummigriff f\u00fcr sicheren Halt.<br \/> <br \/>\nDer obere Griff, der mit rutschfestem Gummi \u00fcberzogen ist, sorgt f\u00fcr einen festen und bequemen Griff \u2013 auch unter schwierigen Bedingungen oder mit Arbeitshandschuhen. <\/p>\n<p>7. Anpassbares Interieur f\u00fcr perfekte Organisation.<br \/> <br \/>\nDas untere Fach verf\u00fcgt \u00fcber verstellbare und herausnehmbare Trennw\u00e4nde, die sich an verschiedene Arten von Werkzeugen anpassen und eine individuelle Organisation gew\u00e4hrleisten k\u00f6nnen. <\/p>\n<p>8. Modernes und funktionales Design f\u00fcr den professionellen Alltag.<br \/> <br \/>\nDie neue REVO21 WH-Linie vereint \u00c4sthetik und Funktionalit\u00e4t und bietet einen professionellen Werkzeugkoffer, der sich auch durch einen schlanken und technischen Look auszeichnet.<\/p>\n","protected":false},"excerpt":{"rendered":"<p>Der professionelle Wagen REVO21 WH ist die ideale Wahl f\u00fcr Techniker und Profis, die einen robusten, sicheren und leicht zu transportierenden Beh\u00e4lter ben\u00f6tigen.<br \/> <br \/>\nDieser Werkzeugwagen aus strapazierf\u00e4higem, spritzgegossenem Polypropylen ist so konstruiert, dass er St\u00f6\u00dfen, chemischen Mitteln und Temperaturschwankungen standh\u00e4lt.<\/p>\n<p>Mit einer komplett neu gestalteten Struktur kombiniert der REVO21 WH die Eigenschaften eines Werkzeugkoffers mit dem Komfort eines Trolleys und sorgt so auch bei h\u00e4ufigen Reisen f\u00fcr maximale Effizienz.<br \/> <br \/>\nRobust, ger\u00e4umig und funktional \u2013 es ist der perfekte Profi-Koffer f\u00fcr Menschen, die unterwegs arbeiten.<\/p>\n","protected":false},"featured_media":7083,"comment_status":"open","ping_status":"closed","template":"","meta":{"_acf_changed":false},"product_brand":[],"product_cat":[237],"product_tag":[],"class_list":{"0":"post-16886","1":"product","2":"type-product","3":"status-publish","4":"has-post-thumbnail","6":"product_cat-revo21","7":"pa_anwendungen-koffer-und-taschen-fur-betreuer","8":"pa_anwendungen-koffer-und-taschen-fur-elektriker","9":"pa_anwendungen-koffer-und-taschen-fur-installateure","10":"pa_anwendungen-koffer-und-taschen-fur-servicetechniker","11":"pa_produkttyp-werkzeugkoffer","13":"first","14":"instock","15":"shipping-taxable","16":"purchasable","17":"product-type-simple"},"acf":[],"yoast_head":"<!-- This site is optimized with the Yoast SEO plugin v25.4 - https:\/\/yoast.com\/wordpress\/plugins\/seo\/ -->\n<title>GT Line Profi-Wagen REVO21 WH PTS - Gt Line DE<\/title>\n<meta name=\"robots\" content=\"index, follow, max-snippet:-1, max-image-preview:large, max-video-preview:-1\" \/>\n<link rel=\"canonical\" href=\"https:\/\/www.gtline.com\/de\/products\/gt-line-profi-wagen-revo21-wh-pts\/\" \/>\n<meta property=\"og:locale\" content=\"de_DE\" \/>\n<meta property=\"og:type\" content=\"article\" \/>\n<meta property=\"og:title\" content=\"GT Line Profi-Wagen REVO21 WH PTS - Gt Line DE\" \/>\n<meta property=\"og:description\" content=\"Der professionelle Wagen REVO21 WH ist die ideale Wahl f\u00fcr Techniker und Profis, die einen robusten, sicheren und leicht zu transportierenden Beh\u00e4lter ben\u00f6tigen. Dieser Werkzeugwagen aus strapazierf\u00e4higem, spritzgegossenem Polypropylen ist so konstruiert, dass er St\u00f6\u00dfen, chemischen Mitteln und Temperaturschwankungen standh\u00e4lt.  Mit einer komplett neu gestalteten Struktur kombiniert der REVO21 WH die Eigenschaften eines Werkzeugkoffers mit dem Komfort eines Trolleys und sorgt so auch bei h\u00e4ufigen Reisen f\u00fcr maximale Effizienz. Robust, ger\u00e4umig und funktional \u2013 es ist der perfekte Profi-Koffer f\u00fcr Menschen, die unterwegs arbeiten.\" \/>\n<meta property=\"og:url\" content=\"https:\/\/www.gtline.com\/de\/products\/gt-line-profi-wagen-revo21-wh-pts\/\" \/>\n<meta property=\"og:site_name\" content=\"Gt Line DE\" \/>\n<meta property=\"article:publisher\" content=\"https:\/\/www.facebook.com\/gtlinesrl?locale=it_IT\" \/>\n<meta property=\"article:modified_time\" content=\"2026-04-17T02:07:24+00:00\" \/>\n<meta property=\"og:image\" content=\"https:\/\/www.gtline.com\/de\/wp-content\/uploads\/sites\/5\/2025\/05\/REVO21-WH_PTS_01_8993.jpg\" \/>\n\t<meta property=\"og:image:width\" content=\"500\" \/>\n\t<meta property=\"og:image:height\" content=\"500\" \/>\n\t<meta property=\"og:image:type\" content=\"image\/jpeg\" \/>\n<meta name=\"twitter:card\" content=\"summary_large_image\" \/>\n<meta name=\"twitter:label1\" content=\"Gesch\u00e4tzte Lesezeit\" \/>\n\t<meta name=\"twitter:data1\" content=\"1\u00a0Minute\" \/>\n<script type=\"application\/ld+json\" class=\"yoast-schema-graph\">{\"@context\":\"https:\/\/schema.org\",\"@graph\":[{\"@type\":\"WebPage\",\"@id\":\"https:\/\/www.gtline.com\/de\/products\/gt-line-profi-wagen-revo21-wh-pts\/\",\"url\":\"https:\/\/www.gtline.com\/de\/products\/gt-line-profi-wagen-revo21-wh-pts\/\",\"name\":\"GT Line Profi-Wagen REVO21 WH PTS - Gt Line DE\",\"isPartOf\":{\"@id\":\"https:\/\/www.gtline.com\/de\/#website\"},\"primaryImageOfPage\":{\"@id\":\"https:\/\/www.gtline.com\/de\/products\/gt-line-profi-wagen-revo21-wh-pts\/#primaryimage\"},\"image\":{\"@id\":\"https:\/\/www.gtline.com\/de\/products\/gt-line-profi-wagen-revo21-wh-pts\/#primaryimage\"},\"thumbnailUrl\":\"https:\/\/www.gtline.com\/de\/wp-content\/uploads\/sites\/5\/2025\/05\/REVO21-WH_PTS_01_8993.jpg\",\"datePublished\":\"2025-07-30T10:19:44+00:00\",\"dateModified\":\"2026-04-17T02:07:24+00:00\",\"breadcrumb\":{\"@id\":\"https:\/\/www.gtline.com\/de\/products\/gt-line-profi-wagen-revo21-wh-pts\/#breadcrumb\"},\"inLanguage\":\"de\",\"potentialAction\":[{\"@type\":\"ReadAction\",\"target\":[\"https:\/\/www.gtline.com\/de\/products\/gt-line-profi-wagen-revo21-wh-pts\/\"]}]},{\"@type\":\"ImageObject\",\"inLanguage\":\"de\",\"@id\":\"https:\/\/www.gtline.com\/de\/products\/gt-line-profi-wagen-revo21-wh-pts\/#primaryimage\",\"url\":\"https:\/\/www.gtline.com\/de\/wp-content\/uploads\/sites\/5\/2025\/05\/REVO21-WH_PTS_01_8993.jpg\",\"contentUrl\":\"https:\/\/www.gtline.com\/de\/wp-content\/uploads\/sites\/5\/2025\/05\/REVO21-WH_PTS_01_8993.jpg\",\"width\":500,\"height\":500},{\"@type\":\"BreadcrumbList\",\"@id\":\"https:\/\/www.gtline.com\/de\/products\/gt-line-profi-wagen-revo21-wh-pts\/#breadcrumb\",\"itemListElement\":[{\"@type\":\"ListItem\",\"position\":1,\"name\":\"Home\",\"item\":\"https:\/\/www.gtline.com\/de\/\"},{\"@type\":\"ListItem\",\"position\":2,\"name\":\"Shop\",\"item\":\"https:\/\/www.gtline.com\/de\/negozio\/\"},{\"@type\":\"ListItem\",\"position\":3,\"name\":\"GT Line Profi-Wagen REVO21 WH PTS\"}]},{\"@type\":\"WebSite\",\"@id\":\"https:\/\/www.gtline.com\/de\/#website\",\"url\":\"https:\/\/www.gtline.com\/de\/\",\"name\":\"Gt Line\",\"description\":\"\",\"publisher\":{\"@id\":\"https:\/\/www.gtline.com\/de\/#organization\"},\"potentialAction\":[{\"@type\":\"SearchAction\",\"target\":{\"@type\":\"EntryPoint\",\"urlTemplate\":\"https:\/\/www.gtline.com\/de\/?s={search_term_string}\"},\"query-input\":{\"@type\":\"PropertyValueSpecification\",\"valueRequired\":true,\"valueName\":\"search_term_string\"}}],\"inLanguage\":\"de\"},{\"@type\":\"Organization\",\"@id\":\"https:\/\/www.gtline.com\/de\/#organization\",\"name\":\"Gt Line\",\"url\":\"https:\/\/www.gtline.com\/de\/\",\"logo\":{\"@type\":\"ImageObject\",\"inLanguage\":\"de\",\"@id\":\"https:\/\/www.gtline.com\/de\/#\/schema\/logo\/image\/\",\"url\":\"https:\/\/www.gtline.com\/de\/wp-content\/uploads\/sites\/5\/2025\/02\/logo.png\",\"contentUrl\":\"https:\/\/www.gtline.com\/de\/wp-content\/uploads\/sites\/5\/2025\/02\/logo.png\",\"width\":228,\"height\":146,\"caption\":\"Gt Line\"},\"image\":{\"@id\":\"https:\/\/www.gtline.com\/de\/#\/schema\/logo\/image\/\"},\"sameAs\":[\"https:\/\/www.facebook.com\/gtlinesrl?locale=it_IT\",\"https:\/\/www.instagram.com\/gt_line_srl\/\",\"https:\/\/www.youtube.com\/channel\/UCDvpkFqswNJOVFz64PkYRQQ\",\"https:\/\/www.linkedin.com\/company\/gt-line-srl\/\"]}]}<\/script>\n<!-- \/ Yoast SEO plugin. -->","yoast_head_json":{"title":"GT Line Profi-Wagen REVO21 WH PTS - Gt Line DE","robots":{"index":"index","follow":"follow","max-snippet":"max-snippet:-1","max-image-preview":"max-image-preview:large","max-video-preview":"max-video-preview:-1"},"canonical":"https:\/\/www.gtline.com\/de\/products\/gt-line-profi-wagen-revo21-wh-pts\/","og_locale":"de_DE","og_type":"article","og_title":"GT Line Profi-Wagen REVO21 WH PTS - Gt Line DE","og_description":"Der professionelle Wagen REVO21 WH ist die ideale Wahl f\u00fcr Techniker und Profis, die einen robusten, sicheren und leicht zu transportierenden Beh\u00e4lter ben\u00f6tigen. Dieser Werkzeugwagen aus strapazierf\u00e4higem, spritzgegossenem Polypropylen ist so konstruiert, dass er St\u00f6\u00dfen, chemischen Mitteln und Temperaturschwankungen standh\u00e4lt.  Mit einer komplett neu gestalteten Struktur kombiniert der REVO21 WH die Eigenschaften eines Werkzeugkoffers mit dem Komfort eines Trolleys und sorgt so auch bei h\u00e4ufigen Reisen f\u00fcr maximale Effizienz. Robust, ger\u00e4umig und funktional \u2013 es ist der perfekte Profi-Koffer f\u00fcr Menschen, die unterwegs arbeiten.","og_url":"https:\/\/www.gtline.com\/de\/products\/gt-line-profi-wagen-revo21-wh-pts\/","og_site_name":"Gt Line DE","article_publisher":"https:\/\/www.facebook.com\/gtlinesrl?locale=it_IT","article_modified_time":"2026-04-17T02:07:24+00:00","og_image":[{"width":500,"height":500,"url":"https:\/\/www.gtline.com\/de\/wp-content\/uploads\/sites\/5\/2025\/05\/REVO21-WH_PTS_01_8993.jpg","type":"image\/jpeg"}],"twitter_card":"summary_large_image","twitter_misc":{"Gesch\u00e4tzte Lesezeit":"1\u00a0Minute"},"schema":{"@context":"https:\/\/schema.org","@graph":[{"@type":"WebPage","@id":"https:\/\/www.gtline.com\/de\/products\/gt-line-profi-wagen-revo21-wh-pts\/","url":"https:\/\/www.gtline.com\/de\/products\/gt-line-profi-wagen-revo21-wh-pts\/","name":"GT Line Profi-Wagen REVO21 WH PTS - Gt Line DE","isPartOf":{"@id":"https:\/\/www.gtline.com\/de\/#website"},"primaryImageOfPage":{"@id":"https:\/\/www.gtline.com\/de\/products\/gt-line-profi-wagen-revo21-wh-pts\/#primaryimage"},"image":{"@id":"https:\/\/www.gtline.com\/de\/products\/gt-line-profi-wagen-revo21-wh-pts\/#primaryimage"},"thumbnailUrl":"https:\/\/www.gtline.com\/de\/wp-content\/uploads\/sites\/5\/2025\/05\/REVO21-WH_PTS_01_8993.jpg","datePublished":"2025-07-30T10:19:44+00:00","dateModified":"2026-04-17T02:07:24+00:00","breadcrumb":{"@id":"https:\/\/www.gtline.com\/de\/products\/gt-line-profi-wagen-revo21-wh-pts\/#breadcrumb"},"inLanguage":"de","potentialAction":[{"@type":"ReadAction","target":["https:\/\/www.gtline.com\/de\/products\/gt-line-profi-wagen-revo21-wh-pts\/"]}]},{"@type":"ImageObject","inLanguage":"de","@id":"https:\/\/www.gtline.com\/de\/products\/gt-line-profi-wagen-revo21-wh-pts\/#primaryimage","url":"https:\/\/www.gtline.com\/de\/wp-content\/uploads\/sites\/5\/2025\/05\/REVO21-WH_PTS_01_8993.jpg","contentUrl":"https:\/\/www.gtline.com\/de\/wp-content\/uploads\/sites\/5\/2025\/05\/REVO21-WH_PTS_01_8993.jpg","width":500,"height":500},{"@type":"BreadcrumbList","@id":"https:\/\/www.gtline.com\/de\/products\/gt-line-profi-wagen-revo21-wh-pts\/#breadcrumb","itemListElement":[{"@type":"ListItem","position":1,"name":"Home","item":"https:\/\/www.gtline.com\/de\/"},{"@type":"ListItem","position":2,"name":"Shop","item":"https:\/\/www.gtline.com\/de\/negozio\/"},{"@type":"ListItem","position":3,"name":"GT Line Profi-Wagen REVO21 WH PTS"}]},{"@type":"WebSite","@id":"https:\/\/www.gtline.com\/de\/#website","url":"https:\/\/www.gtline.com\/de\/","name":"Gt Line","description":"","publisher":{"@id":"https:\/\/www.gtline.com\/de\/#organization"},"potentialAction":[{"@type":"SearchAction","target":{"@type":"EntryPoint","urlTemplate":"https:\/\/www.gtline.com\/de\/?s={search_term_string}"},"query-input":{"@type":"PropertyValueSpecification","valueRequired":true,"valueName":"search_term_string"}}],"inLanguage":"de"},{"@type":"Organization","@id":"https:\/\/www.gtline.com\/de\/#organization","name":"Gt Line","url":"https:\/\/www.gtline.com\/de\/","logo":{"@type":"ImageObject","inLanguage":"de","@id":"https:\/\/www.gtline.com\/de\/#\/schema\/logo\/image\/","url":"https:\/\/www.gtline.com\/de\/wp-content\/uploads\/sites\/5\/2025\/02\/logo.png","contentUrl":"https:\/\/www.gtline.com\/de\/wp-content\/uploads\/sites\/5\/2025\/02\/logo.png","width":228,"height":146,"caption":"Gt Line"},"image":{"@id":"https:\/\/www.gtline.com\/de\/#\/schema\/logo\/image\/"},"sameAs":["https:\/\/www.facebook.com\/gtlinesrl?locale=it_IT","https:\/\/www.instagram.com\/gt_line_srl\/","https:\/\/www.youtube.com\/channel\/UCDvpkFqswNJOVFz64PkYRQQ","https:\/\/www.linkedin.com\/company\/gt-line-srl\/"]}]}},"_links":{"self":[{"href":"https:\/\/www.gtline.com\/de\/wp-json\/wp\/v2\/product\/16886","targetHints":{"allow":["GET"]}}],"collection":[{"href":"https:\/\/www.gtline.com\/de\/wp-json\/wp\/v2\/product"}],"about":[{"href":"https:\/\/www.gtline.com\/de\/wp-json\/wp\/v2\/types\/product"}],"replies":[{"embeddable":true,"href":"https:\/\/www.gtline.com\/de\/wp-json\/wp\/v2\/comments?post=16886"}],"version-history":[{"count":1,"href":"https:\/\/www.gtline.com\/de\/wp-json\/wp\/v2\/product\/16886\/revisions"}],"predecessor-version":[{"id":17256,"href":"https:\/\/www.gtline.com\/de\/wp-json\/wp\/v2\/product\/16886\/revisions\/17256"}],"wp:featuredmedia":[{"embeddable":true,"href":"https:\/\/www.gtline.com\/de\/wp-json\/wp\/v2\/media\/7083"}],"wp:attachment":[{"href":"https:\/\/www.gtline.com\/de\/wp-json\/wp\/v2\/media?parent=16886"}],"wp:term":[{"taxonomy":"product_brand","embeddable":true,"href":"https:\/\/www.gtline.com\/de\/wp-json\/wp\/v2\/product_brand?post=16886"},{"taxonomy":"product_cat","embeddable":true,"href":"https:\/\/www.gtline.com\/de\/wp-json\/wp\/v2\/product_cat?post=16886"},{"taxonomy":"product_tag","embeddable":true,"href":"https:\/\/www.gtline.com\/de\/wp-json\/wp\/v2\/product_tag?post=16886"}],"curies":[{"name":"wp","href":"https:\/\/api.w.org\/{rel}","templated":true}]}}