{"id":16894,"date":"2025-07-30T10:20:06","date_gmt":"2025-07-30T10:20:06","guid":{"rendered":"https:\/\/www.gtline.com\/de\/prodotto\/gt-line-professional-case-r7-top\/"},"modified":"2026-04-17T02:07:46","modified_gmt":"2026-04-17T02:07:46","slug":"gt-line-professional-case-r7-top","status":"publish","type":"product","link":"https:\/\/www.gtline.com\/de\/products\/gt-line-professional-case-r7-top\/","title":{"rendered":"GT Line Professional Case R7\/TOP"},"content":{"rendered":"<p data-start=\"3\" data-end=\"310\"><strong data-start=\"3\" data-end=\"51\" data-is-only-node=\"\">1.Professionelle Eleganz und zeitloses Design.<br \/><\/strong><br data-start=\"51\" data-end=\"54\">Das <strong data-start=\"61\" data-end=\"91\">eloxierte Aluminiumgeh\u00e4use<\/strong> mit <strong data-start=\"96\" data-end=\"137\">weichen Linien und abgerundeten Ecken<\/strong> verleiht dem Werkzeugkoffer ein <strong data-start=\"170\" data-end=\"203\">raffiniertes Erscheinungsbild<\/strong> und einen <strong data-start=\"214\" data-end=\"240\">unverwechselbaren Stil<\/strong> \u2013 perfekt f\u00fcr alle, die auch bei der Arbeit Wert auf Eleganz legen.<strong data-start=\"3\" data-end=\"51\" data-is-only-node=\"\"><br \/><\/strong><\/p>\n<p data-start=\"315\" data-end=\"677\"><strong data-start=\"315\" data-end=\"369\" data-is-only-node=\"\">2.Garantierte Robustheit f\u00fcr den intensiven Einsatz.<strong data-start=\"3\" data-end=\"51\" data-is-only-node=\"\"><br \/><\/strong><\/strong><br data-start=\"369\" data-end=\"372\">Das <strong data-start=\"379\" data-end=\"413\">kaltgepresste Aluminiumgeh\u00e4use<\/strong> mit einer <strong data-start=\"424\" data-end=\"455\">Materialst\u00e4rke von 15\/10 mm<\/strong> und <strong data-start=\"460\" data-end=\"484\">verst\u00e4rkten Profilen<\/strong> gew\u00e4hrleistet <strong data-start=\"499\" data-end=\"561\">Widerstandsf\u00e4higkeit gegen St\u00f6\u00dfe, Abnutzung und Verformung<\/strong>. Der <strong data-start=\"567\" data-end=\"577\">R7\/TOP<\/strong> ist ein professioneller Koffer, der selbst den <strong data-start=\"625\" data-end=\"664\">anspruchsvollsten Arbeitsumgebungen<\/strong> standh\u00e4lt.<strong data-start=\"3\" data-end=\"51\" data-is-only-node=\"\"><br \/><\/strong><\/p>\n<p data-start=\"682\" data-end=\"961\"><strong data-start=\"682\" data-end=\"728\" data-is-only-node=\"\">3.Erweiterter Schutz vor unbefugtem Zugriff.<strong data-start=\"3\" data-end=\"51\" data-is-only-node=\"\"><br \/><\/strong><\/strong><br data-start=\"728\" data-end=\"731\">Ausgestattet mit <strong data-start=\"751\" data-end=\"787\">zwei verchromten Stahlschl\u00f6ssern<\/strong> und einem <strong data-start=\"798\" data-end=\"855\">zentralen Zahlenschloss mit dreistelliger Kombination<\/strong>, sch\u00fctzt dieser Werkzeugkoffer den Inhalt <strong data-start=\"898\" data-end=\"958\">zuverl\u00e4ssig vor Manipulation und unautorisiertem Zugriff<\/strong>.<strong data-start=\"3\" data-end=\"51\" data-is-only-node=\"\"><br \/><\/strong><\/p>\n<p data-start=\"966\" data-end=\"1219\"><strong data-start=\"966\" data-end=\"1014\" data-is-only-node=\"\">4.Lang anhaltende mechanische Zuverl\u00e4ssigkeit.<strong data-start=\"3\" data-end=\"51\" data-is-only-node=\"\"><br \/><\/strong><\/strong><br data-start=\"1014\" data-end=\"1017\">Die <strong data-start=\"1024\" data-end=\"1061\">drei verst\u00e4rkten Metallscharniere<\/strong> und <strong data-start=\"1066\" data-end=\"1093\">vier stabile Metallf\u00fc\u00dfe<\/strong> bieten eine <strong data-start=\"1106\" data-end=\"1129\">sichere Standfl\u00e4che<\/strong> und sorgen f\u00fcr <strong data-start=\"1145\" data-end=\"1162\">Langlebigkeit<\/strong>, auch nach tausenden \u00d6ffnungs- und Transportvorg\u00e4ngen.<strong data-start=\"3\" data-end=\"51\" data-is-only-node=\"\"><br \/><\/strong><\/p>\n<p data-start=\"1224\" data-end=\"1447\"><strong data-start=\"1224\" data-end=\"1260\" data-is-only-node=\"\">5.Bequemer und sicherer Transport.<strong data-start=\"3\" data-end=\"51\" data-is-only-node=\"\"><br \/><\/strong><\/strong><br data-start=\"1260\" data-end=\"1263\">Der <strong data-start=\"1270\" data-end=\"1290\">verchromte Griff<\/strong> mit <strong data-start=\"1295\" data-end=\"1324\">rutschfester Gummieinlage<\/strong> gew\u00e4hrleistet <strong data-start=\"1339\" data-end=\"1379\">einen sicheren und komfortablen Halt<\/strong>, was den <strong data-start=\"1389\" data-end=\"1423\">Transport im t\u00e4glichen Einsatz<\/strong> deutlich erleichtert.<strong data-start=\"3\" data-end=\"51\" data-is-only-node=\"\"><br \/><\/strong><\/p>\n<p data-start=\"1452\" data-end=\"1691\"><strong data-start=\"1452\" data-end=\"1485\" data-is-only-node=\"\">6.Optimierte Innenorganisation.<strong data-start=\"3\" data-end=\"51\" data-is-only-node=\"\"><br \/><\/strong><\/strong><br data-start=\"1485\" data-end=\"1488\">Der <strong data-start=\"1495\" data-end=\"1544\">thermoformierte Boden mit drei festen F\u00e4chern<\/strong> erm\u00f6glicht eine <strong data-start=\"1561\" data-end=\"1592\">ordnungsgem\u00e4\u00dfe Aufbewahrung<\/strong> von Werkzeugen und Zubeh\u00f6r, sorgt f\u00fcr <strong data-start=\"1631\" data-end=\"1652\">schnellen Zugriff<\/strong> und eine <strong data-start=\"1662\" data-end=\"1688\">effiziente Raumnutzung<\/strong>.<strong data-start=\"3\" data-end=\"51\" data-is-only-node=\"\"><br \/><\/strong><\/p>\n<p data-start=\"1696\" data-end=\"1959\" data-is-last-node=\"\"><strong data-start=\"1696\" data-end=\"1747\" data-is-only-node=\"\">7.Stabile Deckelkonstruktion und sichere \u00d6ffnung.<strong data-start=\"3\" data-end=\"51\" data-is-only-node=\"\"><br \/><\/strong><\/strong><br data-start=\"1747\" data-end=\"1750\">Die <strong data-start=\"1757\" data-end=\"1796\">Deckelst\u00fctzen mit Sicherheitsfedern<\/strong> verhindern <strong data-start=\"1808\" data-end=\"1839\">unbeabsichtigtes Aufklappen<\/strong> und erh\u00f6hen die <strong data-start=\"1856\" data-end=\"1880\">Bedienungssicherheit<\/strong>, insbesondere in <strong data-start=\"1898\" data-end=\"1958\">dynamischen Arbeitsumgebungen oder auf geneigten Fl\u00e4chen<\/strong>.<\/p>\n","protected":false},"excerpt":{"rendered":"<p>Der professionelle <strong data-start=\"19\" data-end=\"36\">R7\/TOP Koffer<\/strong> steht f\u00fcr <strong data-start=\"47\" data-end=\"120\">Exzellenz im Bereich professioneller Werkzeug- und Ger\u00e4teaufbewahrung<\/strong>.<br \/><br data-start=\"121\" data-end=\"124\">Gefertigt aus <strong data-start=\"138\" data-end=\"183\">eloxiertem Aluminium mit hoher Wandst\u00e4rke<\/strong>, vereint er <strong data-start=\"196\" data-end=\"219\">raffiniertes Design<\/strong>, <strong data-start=\"221\" data-end=\"244\">maximale Robustheit<\/strong> und <strong data-start=\"249\" data-end=\"269\">Liebe zum Detail<\/strong>.<br \/><br data-start=\"270\" data-end=\"273\">Er ist die ideale <strong data-start=\"291\" data-end=\"316\">Werkzeugkoffer-L\u00f6sung<\/strong> f\u00fcr <strong data-start=\"321\" data-end=\"379\">Techniker, Instandhalter, Installateure und Fachkr\u00e4fte<\/strong>, die <strong data-start=\"385\" data-end=\"417\">Sicherheit, Ordnung und Stil<\/strong> sch\u00e4tzen.<br \/><br data-start=\"427\" data-end=\"430\">Das <strong data-start=\"434\" data-end=\"451\">Zahlenschloss<\/strong>, die <strong data-start=\"457\" data-end=\"489\">verst\u00e4rkten Metallscharniere<\/strong> und der <strong data-start=\"498\" data-end=\"542\">thermoformierte Boden mit Facheinteilung<\/strong> sorgen in jeder Arbeitssituation f\u00fcr <strong data-start=\"580\" data-end=\"626\">optimalen Schutz und perfekte Organisation<\/strong>.<\/p>\n","protected":false},"featured_media":9080,"comment_status":"open","ping_status":"closed","template":"","meta":{"_acf_changed":false},"product_brand":[],"product_cat":[243],"product_tag":[],"class_list":{"0":"post-16894","1":"product","2":"type-product","3":"status-publish","4":"has-post-thumbnail","6":"product_cat-r7","7":"pa_anwendungen-koffer-und-taschen-fur-betreuer","8":"pa_anwendungen-koffer-und-taschen-fur-elektriker","9":"pa_anwendungen-koffer-und-taschen-fur-installateure","10":"pa_anwendungen-koffer-und-taschen-fur-servicetechniker","11":"pa_produkttyp-werkzeugkoffer","13":"first","14":"instock","15":"shipping-taxable","16":"purchasable","17":"product-type-simple"},"acf":[],"yoast_head":"<!-- This site is optimized with the Yoast SEO plugin v25.4 - https:\/\/yoast.com\/wordpress\/plugins\/seo\/ -->\n<title>GT Line Professional Case R7\/TOP - Gt Line DE<\/title>\n<meta name=\"robots\" content=\"index, follow, max-snippet:-1, max-image-preview:large, max-video-preview:-1\" \/>\n<link rel=\"canonical\" href=\"https:\/\/www.gtline.com\/de\/products\/gt-line-professional-case-r7-top\/\" \/>\n<meta property=\"og:locale\" content=\"de_DE\" \/>\n<meta property=\"og:type\" content=\"article\" \/>\n<meta property=\"og:title\" content=\"GT Line Professional Case R7\/TOP - Gt Line DE\" \/>\n<meta property=\"og:description\" content=\"Der professionelle R7\/TOP Koffer steht f\u00fcr Exzellenz im Bereich professioneller Werkzeug- und Ger\u00e4teaufbewahrung.Gefertigt aus eloxiertem Aluminium mit hoher Wandst\u00e4rke, vereint er raffiniertes Design, maximale Robustheit und Liebe zum Detail.Er ist die ideale Werkzeugkoffer-L\u00f6sung f\u00fcr Techniker, Instandhalter, Installateure und Fachkr\u00e4fte, die Sicherheit, Ordnung und Stil sch\u00e4tzen.Das Zahlenschloss, die verst\u00e4rkten Metallscharniere und der thermoformierte Boden mit Facheinteilung sorgen in jeder Arbeitssituation f\u00fcr optimalen Schutz und perfekte Organisation.\" \/>\n<meta property=\"og:url\" content=\"https:\/\/www.gtline.com\/de\/products\/gt-line-professional-case-r7-top\/\" \/>\n<meta property=\"og:site_name\" content=\"Gt Line DE\" \/>\n<meta property=\"article:publisher\" content=\"https:\/\/www.facebook.com\/gtlinesrl?locale=it_IT\" \/>\n<meta property=\"article:modified_time\" content=\"2026-04-17T02:07:46+00:00\" \/>\n<meta property=\"og:image\" content=\"https:\/\/www.gtline.com\/de\/wp-content\/uploads\/sites\/5\/2025\/05\/R7-TOP_01_8998.jpg\" \/>\n\t<meta property=\"og:image:width\" content=\"500\" \/>\n\t<meta property=\"og:image:height\" content=\"500\" \/>\n\t<meta property=\"og:image:type\" content=\"image\/jpeg\" \/>\n<meta name=\"twitter:card\" content=\"summary_large_image\" \/>\n<meta name=\"twitter:label1\" content=\"Gesch\u00e4tzte Lesezeit\" \/>\n\t<meta name=\"twitter:data1\" content=\"1\u00a0Minute\" \/>\n<script type=\"application\/ld+json\" class=\"yoast-schema-graph\">{\"@context\":\"https:\/\/schema.org\",\"@graph\":[{\"@type\":\"WebPage\",\"@id\":\"https:\/\/www.gtline.com\/de\/products\/gt-line-professional-case-r7-top\/\",\"url\":\"https:\/\/www.gtline.com\/de\/products\/gt-line-professional-case-r7-top\/\",\"name\":\"GT Line Professional Case R7\/TOP - Gt Line DE\",\"isPartOf\":{\"@id\":\"https:\/\/www.gtline.com\/de\/#website\"},\"primaryImageOfPage\":{\"@id\":\"https:\/\/www.gtline.com\/de\/products\/gt-line-professional-case-r7-top\/#primaryimage\"},\"image\":{\"@id\":\"https:\/\/www.gtline.com\/de\/products\/gt-line-professional-case-r7-top\/#primaryimage\"},\"thumbnailUrl\":\"https:\/\/www.gtline.com\/de\/wp-content\/uploads\/sites\/5\/2025\/05\/R7-TOP_01_8998.jpg\",\"datePublished\":\"2025-07-30T10:20:06+00:00\",\"dateModified\":\"2026-04-17T02:07:46+00:00\",\"breadcrumb\":{\"@id\":\"https:\/\/www.gtline.com\/de\/products\/gt-line-professional-case-r7-top\/#breadcrumb\"},\"inLanguage\":\"de\",\"potentialAction\":[{\"@type\":\"ReadAction\",\"target\":[\"https:\/\/www.gtline.com\/de\/products\/gt-line-professional-case-r7-top\/\"]}]},{\"@type\":\"ImageObject\",\"inLanguage\":\"de\",\"@id\":\"https:\/\/www.gtline.com\/de\/products\/gt-line-professional-case-r7-top\/#primaryimage\",\"url\":\"https:\/\/www.gtline.com\/de\/wp-content\/uploads\/sites\/5\/2025\/05\/R7-TOP_01_8998.jpg\",\"contentUrl\":\"https:\/\/www.gtline.com\/de\/wp-content\/uploads\/sites\/5\/2025\/05\/R7-TOP_01_8998.jpg\",\"width\":500,\"height\":500},{\"@type\":\"BreadcrumbList\",\"@id\":\"https:\/\/www.gtline.com\/de\/products\/gt-line-professional-case-r7-top\/#breadcrumb\",\"itemListElement\":[{\"@type\":\"ListItem\",\"position\":1,\"name\":\"Home\",\"item\":\"https:\/\/www.gtline.com\/de\/\"},{\"@type\":\"ListItem\",\"position\":2,\"name\":\"Shop\",\"item\":\"https:\/\/www.gtline.com\/de\/negozio\/\"},{\"@type\":\"ListItem\",\"position\":3,\"name\":\"GT Line Professional Case R7\/TOP\"}]},{\"@type\":\"WebSite\",\"@id\":\"https:\/\/www.gtline.com\/de\/#website\",\"url\":\"https:\/\/www.gtline.com\/de\/\",\"name\":\"Gt Line\",\"description\":\"\",\"publisher\":{\"@id\":\"https:\/\/www.gtline.com\/de\/#organization\"},\"potentialAction\":[{\"@type\":\"SearchAction\",\"target\":{\"@type\":\"EntryPoint\",\"urlTemplate\":\"https:\/\/www.gtline.com\/de\/?s={search_term_string}\"},\"query-input\":{\"@type\":\"PropertyValueSpecification\",\"valueRequired\":true,\"valueName\":\"search_term_string\"}}],\"inLanguage\":\"de\"},{\"@type\":\"Organization\",\"@id\":\"https:\/\/www.gtline.com\/de\/#organization\",\"name\":\"Gt Line\",\"url\":\"https:\/\/www.gtline.com\/de\/\",\"logo\":{\"@type\":\"ImageObject\",\"inLanguage\":\"de\",\"@id\":\"https:\/\/www.gtline.com\/de\/#\/schema\/logo\/image\/\",\"url\":\"https:\/\/www.gtline.com\/de\/wp-content\/uploads\/sites\/5\/2025\/02\/logo.png\",\"contentUrl\":\"https:\/\/www.gtline.com\/de\/wp-content\/uploads\/sites\/5\/2025\/02\/logo.png\",\"width\":228,\"height\":146,\"caption\":\"Gt Line\"},\"image\":{\"@id\":\"https:\/\/www.gtline.com\/de\/#\/schema\/logo\/image\/\"},\"sameAs\":[\"https:\/\/www.facebook.com\/gtlinesrl?locale=it_IT\",\"https:\/\/www.instagram.com\/gt_line_srl\/\",\"https:\/\/www.youtube.com\/channel\/UCDvpkFqswNJOVFz64PkYRQQ\",\"https:\/\/www.linkedin.com\/company\/gt-line-srl\/\"]}]}<\/script>\n<!-- \/ Yoast SEO plugin. -->","yoast_head_json":{"title":"GT Line Professional Case R7\/TOP - Gt Line DE","robots":{"index":"index","follow":"follow","max-snippet":"max-snippet:-1","max-image-preview":"max-image-preview:large","max-video-preview":"max-video-preview:-1"},"canonical":"https:\/\/www.gtline.com\/de\/products\/gt-line-professional-case-r7-top\/","og_locale":"de_DE","og_type":"article","og_title":"GT Line Professional Case R7\/TOP - Gt Line DE","og_description":"Der professionelle R7\/TOP Koffer steht f\u00fcr Exzellenz im Bereich professioneller Werkzeug- und Ger\u00e4teaufbewahrung.Gefertigt aus eloxiertem Aluminium mit hoher Wandst\u00e4rke, vereint er raffiniertes Design, maximale Robustheit und Liebe zum Detail.Er ist die ideale Werkzeugkoffer-L\u00f6sung f\u00fcr Techniker, Instandhalter, Installateure und Fachkr\u00e4fte, die Sicherheit, Ordnung und Stil sch\u00e4tzen.Das Zahlenschloss, die verst\u00e4rkten Metallscharniere und der thermoformierte Boden mit Facheinteilung sorgen in jeder Arbeitssituation f\u00fcr optimalen Schutz und perfekte Organisation.","og_url":"https:\/\/www.gtline.com\/de\/products\/gt-line-professional-case-r7-top\/","og_site_name":"Gt Line DE","article_publisher":"https:\/\/www.facebook.com\/gtlinesrl?locale=it_IT","article_modified_time":"2026-04-17T02:07:46+00:00","og_image":[{"width":500,"height":500,"url":"https:\/\/www.gtline.com\/de\/wp-content\/uploads\/sites\/5\/2025\/05\/R7-TOP_01_8998.jpg","type":"image\/jpeg"}],"twitter_card":"summary_large_image","twitter_misc":{"Gesch\u00e4tzte Lesezeit":"1\u00a0Minute"},"schema":{"@context":"https:\/\/schema.org","@graph":[{"@type":"WebPage","@id":"https:\/\/www.gtline.com\/de\/products\/gt-line-professional-case-r7-top\/","url":"https:\/\/www.gtline.com\/de\/products\/gt-line-professional-case-r7-top\/","name":"GT Line Professional Case R7\/TOP - Gt Line DE","isPartOf":{"@id":"https:\/\/www.gtline.com\/de\/#website"},"primaryImageOfPage":{"@id":"https:\/\/www.gtline.com\/de\/products\/gt-line-professional-case-r7-top\/#primaryimage"},"image":{"@id":"https:\/\/www.gtline.com\/de\/products\/gt-line-professional-case-r7-top\/#primaryimage"},"thumbnailUrl":"https:\/\/www.gtline.com\/de\/wp-content\/uploads\/sites\/5\/2025\/05\/R7-TOP_01_8998.jpg","datePublished":"2025-07-30T10:20:06+00:00","dateModified":"2026-04-17T02:07:46+00:00","breadcrumb":{"@id":"https:\/\/www.gtline.com\/de\/products\/gt-line-professional-case-r7-top\/#breadcrumb"},"inLanguage":"de","potentialAction":[{"@type":"ReadAction","target":["https:\/\/www.gtline.com\/de\/products\/gt-line-professional-case-r7-top\/"]}]},{"@type":"ImageObject","inLanguage":"de","@id":"https:\/\/www.gtline.com\/de\/products\/gt-line-professional-case-r7-top\/#primaryimage","url":"https:\/\/www.gtline.com\/de\/wp-content\/uploads\/sites\/5\/2025\/05\/R7-TOP_01_8998.jpg","contentUrl":"https:\/\/www.gtline.com\/de\/wp-content\/uploads\/sites\/5\/2025\/05\/R7-TOP_01_8998.jpg","width":500,"height":500},{"@type":"BreadcrumbList","@id":"https:\/\/www.gtline.com\/de\/products\/gt-line-professional-case-r7-top\/#breadcrumb","itemListElement":[{"@type":"ListItem","position":1,"name":"Home","item":"https:\/\/www.gtline.com\/de\/"},{"@type":"ListItem","position":2,"name":"Shop","item":"https:\/\/www.gtline.com\/de\/negozio\/"},{"@type":"ListItem","position":3,"name":"GT Line Professional Case R7\/TOP"}]},{"@type":"WebSite","@id":"https:\/\/www.gtline.com\/de\/#website","url":"https:\/\/www.gtline.com\/de\/","name":"Gt Line","description":"","publisher":{"@id":"https:\/\/www.gtline.com\/de\/#organization"},"potentialAction":[{"@type":"SearchAction","target":{"@type":"EntryPoint","urlTemplate":"https:\/\/www.gtline.com\/de\/?s={search_term_string}"},"query-input":{"@type":"PropertyValueSpecification","valueRequired":true,"valueName":"search_term_string"}}],"inLanguage":"de"},{"@type":"Organization","@id":"https:\/\/www.gtline.com\/de\/#organization","name":"Gt Line","url":"https:\/\/www.gtline.com\/de\/","logo":{"@type":"ImageObject","inLanguage":"de","@id":"https:\/\/www.gtline.com\/de\/#\/schema\/logo\/image\/","url":"https:\/\/www.gtline.com\/de\/wp-content\/uploads\/sites\/5\/2025\/02\/logo.png","contentUrl":"https:\/\/www.gtline.com\/de\/wp-content\/uploads\/sites\/5\/2025\/02\/logo.png","width":228,"height":146,"caption":"Gt Line"},"image":{"@id":"https:\/\/www.gtline.com\/de\/#\/schema\/logo\/image\/"},"sameAs":["https:\/\/www.facebook.com\/gtlinesrl?locale=it_IT","https:\/\/www.instagram.com\/gt_line_srl\/","https:\/\/www.youtube.com\/channel\/UCDvpkFqswNJOVFz64PkYRQQ","https:\/\/www.linkedin.com\/company\/gt-line-srl\/"]}]}},"_links":{"self":[{"href":"https:\/\/www.gtline.com\/de\/wp-json\/wp\/v2\/product\/16894","targetHints":{"allow":["GET"]}}],"collection":[{"href":"https:\/\/www.gtline.com\/de\/wp-json\/wp\/v2\/product"}],"about":[{"href":"https:\/\/www.gtline.com\/de\/wp-json\/wp\/v2\/types\/product"}],"replies":[{"embeddable":true,"href":"https:\/\/www.gtline.com\/de\/wp-json\/wp\/v2\/comments?post=16894"}],"version-history":[{"count":2,"href":"https:\/\/www.gtline.com\/de\/wp-json\/wp\/v2\/product\/16894\/revisions"}],"predecessor-version":[{"id":22315,"href":"https:\/\/www.gtline.com\/de\/wp-json\/wp\/v2\/product\/16894\/revisions\/22315"}],"wp:featuredmedia":[{"embeddable":true,"href":"https:\/\/www.gtline.com\/de\/wp-json\/wp\/v2\/media\/9080"}],"wp:attachment":[{"href":"https:\/\/www.gtline.com\/de\/wp-json\/wp\/v2\/media?parent=16894"}],"wp:term":[{"taxonomy":"product_brand","embeddable":true,"href":"https:\/\/www.gtline.com\/de\/wp-json\/wp\/v2\/product_brand?post=16894"},{"taxonomy":"product_cat","embeddable":true,"href":"https:\/\/www.gtline.com\/de\/wp-json\/wp\/v2\/product_cat?post=16894"},{"taxonomy":"product_tag","embeddable":true,"href":"https:\/\/www.gtline.com\/de\/wp-json\/wp\/v2\/product_tag?post=16894"}],"curies":[{"name":"wp","href":"https:\/\/api.w.org\/{rel}","templated":true}]}}