{"id":16896,"date":"2025-07-30T10:20:12","date_gmt":"2025-07-30T10:20:12","guid":{"rendered":"https:\/\/www.gtline.com\/de\/prodotto\/gt-line-profi-trolley-v-rock-turtle-pel\/"},"modified":"2026-04-17T02:07:52","modified_gmt":"2026-04-17T02:07:52","slug":"gt-line-profi-trolley-v-rock-turtle-pel","status":"publish","type":"product","link":"https:\/\/www.gtline.com\/de\/products\/gt-line-profi-trolley-v-rock-turtle-pel\/","title":{"rendered":"GT Line Profi Trolley V-Rock Turtle PEL"},"content":{"rendered":"<p data-start=\"130\" data-end=\"405\"><strong>1. Fortschrittlicher Schutz vor St\u00f6\u00dfen und widrigen Bedingungen<\/strong><br \/><br data-start=\"214\" data-end=\"217\">Erm\u00f6glicht durch hochbest\u00e4ndiges Polyethylen: Dieses Material garantiert eine robuste, sto\u00dffeste Struktur und sch\u00fctzt den Inhalt des Koffers auch unter schwierigen Umweltbedingungen.<\/p>\n<p data-start=\"407\" data-end=\"678\"><strong>2. \u00dcberlegene Stabilit\u00e4t und Zuverl\u00e4ssigkeit<\/strong><br \/><br data-start=\"472\" data-end=\"475\">Gew\u00e4hrleistet durch das Aluminiumprofil: Das Aluminiumprofil verst\u00e4rkt die Struktur des Koffers, erh\u00f6ht die Schlag- und Korrosionsbest\u00e4ndigkeit und sorgt so f\u00fcr eine lange Lebensdauer des Produkts.<\/p>\n<p data-start=\"680\" data-end=\"952\"><strong>3. Maximale Stauraumkapazit\u00e4t<\/strong><br \/><br data-start=\"730\" data-end=\"733\">Geboten durch das gro\u00dfz\u00fcgige Innenvolumen: Die GT-Koffer sind so konzipiert, dass sie viel Platz bieten und eine optimale Organisation von Werkzeugen und Zubeh\u00f6r erm\u00f6glichen \u2013 ohne Einbu\u00dfen bei der Funktionalit\u00e4t.<\/p>\n<p data-start=\"954\" data-end=\"1231\"><strong>4. Intelligentes Werkzeugmanagement<\/strong><br \/><br data-start=\"1010\" data-end=\"1013\">Dank der INTELLIRESPOND-Technologie: \u00dcber die kostenlose App k\u00f6nnen Sie die in der Box befindlichen Werkzeuge einfach \u00fcberwachen und verwalten, sodass Sie jederzeit den \u00dcberblick \u00fcber Inhalt und Zustand behalten.<\/p>\n<p data-start=\"1233\" data-end=\"1518\"><strong>5. Sicherheit beim Flugtransport<\/strong><br \/><br data-start=\"1286\" data-end=\"1289\">Gew\u00e4hrleistet durch TSA-zertifizierte Schl\u00f6sser: Diese Schl\u00f6sser erm\u00f6glichen sicheres Reisen, insbesondere bei Flugreisen, da Sicherheitskontrollen durchgef\u00fchrt werden k\u00f6nnen, ohne den Schutz des Inhalts zu beeintr\u00e4chtigen.<\/p>\n<p data-start=\"1520\" data-end=\"1816\"><strong>6. Einfacher Transport<\/strong><br \/><br data-start=\"1563\" data-end=\"1566\">Erreicht durch 120-mm-R\u00e4der mit abgedichteten Kugellagern und teleskopierbare Griffe auf beiden Seiten: Diese Merkmale sorgen f\u00fcr einen reibungslosen und komfortablen Transport, selbst auf unebenem Gel\u00e4nde, dank hoher Stabilit\u00e4t und Wendigkeit.<\/p>\n<p data-start=\"1818\" data-end=\"2046\"><strong>7. Sichere und zuverl\u00e4ssige Verriegelung<\/strong><br \/><br data-start=\"1879\" data-end=\"1882\">Erm\u00f6glicht durch vernietete Stahlscharniere: Der robuste Verschlussmechanismus gew\u00e4hrleistet, dass der Koffer w\u00e4hrend des Transports fest verschlossen bleibt.<\/p>\n<p data-start=\"2048\" data-end=\"2261\"><strong>8. Effiziente Organisation von Zubeh\u00f6r<\/strong><br \/><br data-start=\"2107\" data-end=\"2110\">Durch integrierte Kleinteilf\u00e4cher: Diese praktischen F\u00e4cher sind ideal, um kleine Werkzeuge und Komponenten ordentlich und griffbereit zu halten.<\/p>\n<p data-start=\"2263\" data-end=\"2488\"><strong>9. Platzoptimierung beim Transport<\/strong><br \/><br data-start=\"2318\" data-end=\"2321\">Erm\u00f6glicht durch Stapelbarkeit: Die M\u00f6glichkeit, mehrere Koffer sicher \u00fcbereinander zu stapeln, erleichtert die Raumausnutzung beim Transport mehrerer Einheiten.<\/p>\n","protected":false},"excerpt":{"rendered":"<p data-start=\"74\" data-end=\"441\"><strong data-start=\"74\" data-end=\"102\">Der V-Rock Turtle Koffer<\/strong> ist die perfekte L\u00f6sung f\u00fcr Fachleute, die ein Produkt suchen, das au\u00dfergew\u00f6hnliche Robustheit, sicheren Schutz sowie einfache und komfortable Handhabung vereint.<br \/><br data-start=\"265\" data-end=\"268\">Gefertigt aus hochbelastbarem Polyethylen, mit Aluminiumprofil und verst\u00e4rkten Ecken, sch\u00fctzt dieser Koffer Ihre Werkzeuge zuverl\u00e4ssig vor St\u00f6\u00dfen und widrigen Bedingungen.<\/p>\n<p data-start=\"443\" data-end=\"626\">Er eignet sich ideal f\u00fcr den Transport von Handwerkzeugen, Elektrowerkzeugen oder Ersatzteilen und bietet zugleich ein gro\u00dfz\u00fcgiges Fassungsverm\u00f6gen sowie eine optimale Organisation.<\/p>\n<p data-start=\"628\" data-end=\"847\">F\u00fcr Vielfreisende konzipiert, ist der V-Rock Turtle mit neuen, 120 mm gro\u00dfen R\u00e4dern mit abgedichteten Kugellagern und einem teleskopierbaren Griff ausgestattet, was den Transport auch auf unebenem Gel\u00e4nde erleichtert.<\/p>\n<p data-start=\"849\" data-end=\"972\">Dieses Modell wurde entwickelt, um Schutz und Mobilit\u00e4t zu gew\u00e4hrleisten \u2013 ohne Kompromisse bei Sicherheit und Effizienz.<\/p>\n","protected":false},"featured_media":7110,"comment_status":"open","ping_status":"closed","template":"","meta":{"_acf_changed":false},"product_brand":[],"product_cat":[241],"product_tag":[],"class_list":{"0":"post-16896","1":"product","2":"type-product","3":"status-publish","4":"has-post-thumbnail","6":"product_cat-turtle","7":"pa_anwendungen-alle","8":"pa_anwendungen-koffer-und-taschen-fur-betreuer","9":"pa_anwendungen-koffer-und-taschen-fur-elektriker","10":"pa_anwendungen-koffer-und-taschen-fur-installateure","11":"pa_anwendungen-koffer-und-taschen-fur-servicetechniker","12":"pa_produkttyp-werkzeugkoffer","14":"first","15":"instock","16":"shipping-taxable","17":"purchasable","18":"product-type-simple"},"acf":[],"yoast_head":"<!-- This site is optimized with the Yoast SEO plugin v25.4 - https:\/\/yoast.com\/wordpress\/plugins\/seo\/ -->\n<title>GT Line Profi Trolley V-Rock Turtle PEL - Gt Line DE<\/title>\n<meta name=\"robots\" content=\"index, follow, max-snippet:-1, max-image-preview:large, max-video-preview:-1\" \/>\n<link rel=\"canonical\" href=\"https:\/\/www.gtline.com\/de\/products\/gt-line-profi-trolley-v-rock-turtle-pel\/\" \/>\n<meta property=\"og:locale\" content=\"de_DE\" \/>\n<meta property=\"og:type\" content=\"article\" \/>\n<meta property=\"og:title\" content=\"GT Line Profi Trolley V-Rock Turtle PEL - Gt Line DE\" \/>\n<meta property=\"og:description\" content=\"Der V-Rock Turtle Koffer ist die perfekte L\u00f6sung f\u00fcr Fachleute, die ein Produkt suchen, das au\u00dfergew\u00f6hnliche Robustheit, sicheren Schutz sowie einfache und komfortable Handhabung vereint.Gefertigt aus hochbelastbarem Polyethylen, mit Aluminiumprofil und verst\u00e4rkten Ecken, sch\u00fctzt dieser Koffer Ihre Werkzeuge zuverl\u00e4ssig vor St\u00f6\u00dfen und widrigen Bedingungen. Er eignet sich ideal f\u00fcr den Transport von Handwerkzeugen, Elektrowerkzeugen oder Ersatzteilen und bietet zugleich ein gro\u00dfz\u00fcgiges Fassungsverm\u00f6gen sowie eine optimale Organisation. F\u00fcr Vielfreisende konzipiert, ist der V-Rock Turtle mit neuen, 120 mm gro\u00dfen R\u00e4dern mit abgedichteten Kugellagern und einem teleskopierbaren Griff ausgestattet, was den Transport auch auf unebenem Gel\u00e4nde erleichtert. Dieses Modell wurde entwickelt, um Schutz und Mobilit\u00e4t zu gew\u00e4hrleisten \u2013 ohne Kompromisse bei Sicherheit und Effizienz.\" \/>\n<meta property=\"og:url\" content=\"https:\/\/www.gtline.com\/de\/products\/gt-line-profi-trolley-v-rock-turtle-pel\/\" \/>\n<meta property=\"og:site_name\" content=\"Gt Line DE\" \/>\n<meta property=\"article:publisher\" content=\"https:\/\/www.facebook.com\/gtlinesrl?locale=it_IT\" \/>\n<meta property=\"article:modified_time\" content=\"2026-04-17T02:07:52+00:00\" \/>\n<meta property=\"og:image\" content=\"https:\/\/www.gtline.com\/de\/wp-content\/uploads\/sites\/5\/2025\/05\/V-ROCK_TURTLE_PEL_01_9003.jpg\" \/>\n\t<meta property=\"og:image:width\" content=\"500\" \/>\n\t<meta property=\"og:image:height\" content=\"500\" \/>\n\t<meta property=\"og:image:type\" content=\"image\/jpeg\" \/>\n<meta name=\"twitter:card\" content=\"summary_large_image\" \/>\n<meta name=\"twitter:label1\" content=\"Gesch\u00e4tzte Lesezeit\" \/>\n\t<meta name=\"twitter:data1\" content=\"1\u00a0Minute\" \/>\n<script type=\"application\/ld+json\" class=\"yoast-schema-graph\">{\"@context\":\"https:\/\/schema.org\",\"@graph\":[{\"@type\":\"WebPage\",\"@id\":\"https:\/\/www.gtline.com\/de\/products\/gt-line-profi-trolley-v-rock-turtle-pel\/\",\"url\":\"https:\/\/www.gtline.com\/de\/products\/gt-line-profi-trolley-v-rock-turtle-pel\/\",\"name\":\"GT Line Profi Trolley V-Rock Turtle PEL - Gt Line DE\",\"isPartOf\":{\"@id\":\"https:\/\/www.gtline.com\/de\/#website\"},\"primaryImageOfPage\":{\"@id\":\"https:\/\/www.gtline.com\/de\/products\/gt-line-profi-trolley-v-rock-turtle-pel\/#primaryimage\"},\"image\":{\"@id\":\"https:\/\/www.gtline.com\/de\/products\/gt-line-profi-trolley-v-rock-turtle-pel\/#primaryimage\"},\"thumbnailUrl\":\"https:\/\/www.gtline.com\/de\/wp-content\/uploads\/sites\/5\/2025\/05\/V-ROCK_TURTLE_PEL_01_9003.jpg\",\"datePublished\":\"2025-07-30T10:20:12+00:00\",\"dateModified\":\"2026-04-17T02:07:52+00:00\",\"breadcrumb\":{\"@id\":\"https:\/\/www.gtline.com\/de\/products\/gt-line-profi-trolley-v-rock-turtle-pel\/#breadcrumb\"},\"inLanguage\":\"de\",\"potentialAction\":[{\"@type\":\"ReadAction\",\"target\":[\"https:\/\/www.gtline.com\/de\/products\/gt-line-profi-trolley-v-rock-turtle-pel\/\"]}]},{\"@type\":\"ImageObject\",\"inLanguage\":\"de\",\"@id\":\"https:\/\/www.gtline.com\/de\/products\/gt-line-profi-trolley-v-rock-turtle-pel\/#primaryimage\",\"url\":\"https:\/\/www.gtline.com\/de\/wp-content\/uploads\/sites\/5\/2025\/05\/V-ROCK_TURTLE_PEL_01_9003.jpg\",\"contentUrl\":\"https:\/\/www.gtline.com\/de\/wp-content\/uploads\/sites\/5\/2025\/05\/V-ROCK_TURTLE_PEL_01_9003.jpg\",\"width\":500,\"height\":500},{\"@type\":\"BreadcrumbList\",\"@id\":\"https:\/\/www.gtline.com\/de\/products\/gt-line-profi-trolley-v-rock-turtle-pel\/#breadcrumb\",\"itemListElement\":[{\"@type\":\"ListItem\",\"position\":1,\"name\":\"Home\",\"item\":\"https:\/\/www.gtline.com\/de\/\"},{\"@type\":\"ListItem\",\"position\":2,\"name\":\"Shop\",\"item\":\"https:\/\/www.gtline.com\/de\/negozio\/\"},{\"@type\":\"ListItem\",\"position\":3,\"name\":\"GT Line Profi Trolley V-Rock Turtle PEL\"}]},{\"@type\":\"WebSite\",\"@id\":\"https:\/\/www.gtline.com\/de\/#website\",\"url\":\"https:\/\/www.gtline.com\/de\/\",\"name\":\"Gt Line\",\"description\":\"\",\"publisher\":{\"@id\":\"https:\/\/www.gtline.com\/de\/#organization\"},\"potentialAction\":[{\"@type\":\"SearchAction\",\"target\":{\"@type\":\"EntryPoint\",\"urlTemplate\":\"https:\/\/www.gtline.com\/de\/?s={search_term_string}\"},\"query-input\":{\"@type\":\"PropertyValueSpecification\",\"valueRequired\":true,\"valueName\":\"search_term_string\"}}],\"inLanguage\":\"de\"},{\"@type\":\"Organization\",\"@id\":\"https:\/\/www.gtline.com\/de\/#organization\",\"name\":\"Gt Line\",\"url\":\"https:\/\/www.gtline.com\/de\/\",\"logo\":{\"@type\":\"ImageObject\",\"inLanguage\":\"de\",\"@id\":\"https:\/\/www.gtline.com\/de\/#\/schema\/logo\/image\/\",\"url\":\"https:\/\/www.gtline.com\/de\/wp-content\/uploads\/sites\/5\/2025\/02\/logo.png\",\"contentUrl\":\"https:\/\/www.gtline.com\/de\/wp-content\/uploads\/sites\/5\/2025\/02\/logo.png\",\"width\":228,\"height\":146,\"caption\":\"Gt Line\"},\"image\":{\"@id\":\"https:\/\/www.gtline.com\/de\/#\/schema\/logo\/image\/\"},\"sameAs\":[\"https:\/\/www.facebook.com\/gtlinesrl?locale=it_IT\",\"https:\/\/www.instagram.com\/gt_line_srl\/\",\"https:\/\/www.youtube.com\/channel\/UCDvpkFqswNJOVFz64PkYRQQ\",\"https:\/\/www.linkedin.com\/company\/gt-line-srl\/\"]}]}<\/script>\n<!-- \/ Yoast SEO plugin. -->","yoast_head_json":{"title":"GT Line Profi Trolley V-Rock Turtle PEL - Gt Line DE","robots":{"index":"index","follow":"follow","max-snippet":"max-snippet:-1","max-image-preview":"max-image-preview:large","max-video-preview":"max-video-preview:-1"},"canonical":"https:\/\/www.gtline.com\/de\/products\/gt-line-profi-trolley-v-rock-turtle-pel\/","og_locale":"de_DE","og_type":"article","og_title":"GT Line Profi Trolley V-Rock Turtle PEL - Gt Line DE","og_description":"Der V-Rock Turtle Koffer ist die perfekte L\u00f6sung f\u00fcr Fachleute, die ein Produkt suchen, das au\u00dfergew\u00f6hnliche Robustheit, sicheren Schutz sowie einfache und komfortable Handhabung vereint.Gefertigt aus hochbelastbarem Polyethylen, mit Aluminiumprofil und verst\u00e4rkten Ecken, sch\u00fctzt dieser Koffer Ihre Werkzeuge zuverl\u00e4ssig vor St\u00f6\u00dfen und widrigen Bedingungen. Er eignet sich ideal f\u00fcr den Transport von Handwerkzeugen, Elektrowerkzeugen oder Ersatzteilen und bietet zugleich ein gro\u00dfz\u00fcgiges Fassungsverm\u00f6gen sowie eine optimale Organisation. F\u00fcr Vielfreisende konzipiert, ist der V-Rock Turtle mit neuen, 120 mm gro\u00dfen R\u00e4dern mit abgedichteten Kugellagern und einem teleskopierbaren Griff ausgestattet, was den Transport auch auf unebenem Gel\u00e4nde erleichtert. Dieses Modell wurde entwickelt, um Schutz und Mobilit\u00e4t zu gew\u00e4hrleisten \u2013 ohne Kompromisse bei Sicherheit und Effizienz.","og_url":"https:\/\/www.gtline.com\/de\/products\/gt-line-profi-trolley-v-rock-turtle-pel\/","og_site_name":"Gt Line DE","article_publisher":"https:\/\/www.facebook.com\/gtlinesrl?locale=it_IT","article_modified_time":"2026-04-17T02:07:52+00:00","og_image":[{"width":500,"height":500,"url":"https:\/\/www.gtline.com\/de\/wp-content\/uploads\/sites\/5\/2025\/05\/V-ROCK_TURTLE_PEL_01_9003.jpg","type":"image\/jpeg"}],"twitter_card":"summary_large_image","twitter_misc":{"Gesch\u00e4tzte Lesezeit":"1\u00a0Minute"},"schema":{"@context":"https:\/\/schema.org","@graph":[{"@type":"WebPage","@id":"https:\/\/www.gtline.com\/de\/products\/gt-line-profi-trolley-v-rock-turtle-pel\/","url":"https:\/\/www.gtline.com\/de\/products\/gt-line-profi-trolley-v-rock-turtle-pel\/","name":"GT Line Profi Trolley V-Rock Turtle PEL - Gt Line DE","isPartOf":{"@id":"https:\/\/www.gtline.com\/de\/#website"},"primaryImageOfPage":{"@id":"https:\/\/www.gtline.com\/de\/products\/gt-line-profi-trolley-v-rock-turtle-pel\/#primaryimage"},"image":{"@id":"https:\/\/www.gtline.com\/de\/products\/gt-line-profi-trolley-v-rock-turtle-pel\/#primaryimage"},"thumbnailUrl":"https:\/\/www.gtline.com\/de\/wp-content\/uploads\/sites\/5\/2025\/05\/V-ROCK_TURTLE_PEL_01_9003.jpg","datePublished":"2025-07-30T10:20:12+00:00","dateModified":"2026-04-17T02:07:52+00:00","breadcrumb":{"@id":"https:\/\/www.gtline.com\/de\/products\/gt-line-profi-trolley-v-rock-turtle-pel\/#breadcrumb"},"inLanguage":"de","potentialAction":[{"@type":"ReadAction","target":["https:\/\/www.gtline.com\/de\/products\/gt-line-profi-trolley-v-rock-turtle-pel\/"]}]},{"@type":"ImageObject","inLanguage":"de","@id":"https:\/\/www.gtline.com\/de\/products\/gt-line-profi-trolley-v-rock-turtle-pel\/#primaryimage","url":"https:\/\/www.gtline.com\/de\/wp-content\/uploads\/sites\/5\/2025\/05\/V-ROCK_TURTLE_PEL_01_9003.jpg","contentUrl":"https:\/\/www.gtline.com\/de\/wp-content\/uploads\/sites\/5\/2025\/05\/V-ROCK_TURTLE_PEL_01_9003.jpg","width":500,"height":500},{"@type":"BreadcrumbList","@id":"https:\/\/www.gtline.com\/de\/products\/gt-line-profi-trolley-v-rock-turtle-pel\/#breadcrumb","itemListElement":[{"@type":"ListItem","position":1,"name":"Home","item":"https:\/\/www.gtline.com\/de\/"},{"@type":"ListItem","position":2,"name":"Shop","item":"https:\/\/www.gtline.com\/de\/negozio\/"},{"@type":"ListItem","position":3,"name":"GT Line Profi Trolley V-Rock Turtle PEL"}]},{"@type":"WebSite","@id":"https:\/\/www.gtline.com\/de\/#website","url":"https:\/\/www.gtline.com\/de\/","name":"Gt Line","description":"","publisher":{"@id":"https:\/\/www.gtline.com\/de\/#organization"},"potentialAction":[{"@type":"SearchAction","target":{"@type":"EntryPoint","urlTemplate":"https:\/\/www.gtline.com\/de\/?s={search_term_string}"},"query-input":{"@type":"PropertyValueSpecification","valueRequired":true,"valueName":"search_term_string"}}],"inLanguage":"de"},{"@type":"Organization","@id":"https:\/\/www.gtline.com\/de\/#organization","name":"Gt Line","url":"https:\/\/www.gtline.com\/de\/","logo":{"@type":"ImageObject","inLanguage":"de","@id":"https:\/\/www.gtline.com\/de\/#\/schema\/logo\/image\/","url":"https:\/\/www.gtline.com\/de\/wp-content\/uploads\/sites\/5\/2025\/02\/logo.png","contentUrl":"https:\/\/www.gtline.com\/de\/wp-content\/uploads\/sites\/5\/2025\/02\/logo.png","width":228,"height":146,"caption":"Gt Line"},"image":{"@id":"https:\/\/www.gtline.com\/de\/#\/schema\/logo\/image\/"},"sameAs":["https:\/\/www.facebook.com\/gtlinesrl?locale=it_IT","https:\/\/www.instagram.com\/gt_line_srl\/","https:\/\/www.youtube.com\/channel\/UCDvpkFqswNJOVFz64PkYRQQ","https:\/\/www.linkedin.com\/company\/gt-line-srl\/"]}]}},"_links":{"self":[{"href":"https:\/\/www.gtline.com\/de\/wp-json\/wp\/v2\/product\/16896","targetHints":{"allow":["GET"]}}],"collection":[{"href":"https:\/\/www.gtline.com\/de\/wp-json\/wp\/v2\/product"}],"about":[{"href":"https:\/\/www.gtline.com\/de\/wp-json\/wp\/v2\/types\/product"}],"replies":[{"embeddable":true,"href":"https:\/\/www.gtline.com\/de\/wp-json\/wp\/v2\/comments?post=16896"}],"version-history":[{"count":3,"href":"https:\/\/www.gtline.com\/de\/wp-json\/wp\/v2\/product\/16896\/revisions"}],"predecessor-version":[{"id":22291,"href":"https:\/\/www.gtline.com\/de\/wp-json\/wp\/v2\/product\/16896\/revisions\/22291"}],"wp:featuredmedia":[{"embeddable":true,"href":"https:\/\/www.gtline.com\/de\/wp-json\/wp\/v2\/media\/7110"}],"wp:attachment":[{"href":"https:\/\/www.gtline.com\/de\/wp-json\/wp\/v2\/media?parent=16896"}],"wp:term":[{"taxonomy":"product_brand","embeddable":true,"href":"https:\/\/www.gtline.com\/de\/wp-json\/wp\/v2\/product_brand?post=16896"},{"taxonomy":"product_cat","embeddable":true,"href":"https:\/\/www.gtline.com\/de\/wp-json\/wp\/v2\/product_cat?post=16896"},{"taxonomy":"product_tag","embeddable":true,"href":"https:\/\/www.gtline.com\/de\/wp-json\/wp\/v2\/product_tag?post=16896"}],"curies":[{"name":"wp","href":"https:\/\/api.w.org\/{rel}","templated":true}]}}