{"id":16917,"date":"2025-07-30T10:20:53","date_gmt":"2025-07-30T10:20:53","guid":{"rendered":"https:\/\/www.gtline.com\/de\/prodotto\/work-line-by-gt-trolley-werkzeughalter-werkzeugwagen-01-r\/"},"modified":"2026-04-17T02:08:40","modified_gmt":"2026-04-17T02:08:40","slug":"work-line-by-gt-trolley-werkzeughalter-werkzeugwagen-01-r","status":"publish","type":"product","link":"https:\/\/www.gtline.com\/de\/products\/work-line-by-gt-trolley-werkzeughalter-werkzeugwagen-01-r\/","title":{"rendered":"Work Line by GT Trolley Werkzeughalter Werkzeugwagen 01 R"},"content":{"rendered":"<p data-start=\"3\" data-end=\"64\"><strong data-start=\"3\" data-end=\"22\" data-is-only-node=\"\">1.Doppelfunktion:<br \/><\/strong><br data-start=\"22\" data-end=\"25\">Trolley und professioneller Rucksack.<\/p>\n<p data-start=\"69\" data-end=\"236\"><strong data-start=\"69\" data-end=\"102\" data-is-only-node=\"\">2.Herausziehbare Schultergurte:<br \/><\/strong><br data-start=\"102\" data-end=\"105\">Erm\u00f6glichen den schnellen Wechsel von der Trolley- in die Rucksackfunktion und bieten maximale Flexibilit\u00e4t im t\u00e4glichen Einsatz.<\/p>\n<p data-start=\"241\" data-end=\"496\"><strong data-start=\"241\" data-end=\"300\" data-is-only-node=\"\">3.Zwei beidseitig verwendbare, organisierte Innenpaneele:<br \/><\/strong><br data-start=\"300\" data-end=\"303\">Ein Panel mit Werkzeugtaschen f\u00fcr eine geordnete Aufbewahrung der Werkzeuge, das andere mit einer gepolsterten Notebooktasche f\u00fcr Laptops bis 15&#8220;, um elektronische Ger\u00e4te sicher zu sch\u00fctzen.<\/p>\n<p data-start=\"501\" data-end=\"772\"><strong data-start=\"501\" data-end=\"552\" data-is-only-node=\"\">4.Externe Organisation f\u00fcr Dokumente und Zubeh\u00f6r:<br \/><\/strong><br data-start=\"552\" data-end=\"555\">Die beiden Fronttaschen sind ideal zur Aufbewahrung von Handb\u00fcchern, technischen Unterlagen, Schreibwaren oder Kleinteilen \u2013 sie machen den Werkzeug-Trolley zu einem vollst\u00e4ndigen und funktionalen Arbeitsinstrument.<\/p>\n<p data-start=\"777\" data-end=\"1002\"><strong data-start=\"777\" data-end=\"827\" data-is-only-node=\"\">5.Schutz und Praktikabilit\u00e4t in jeder Situation:<br \/><\/strong><br data-start=\"827\" data-end=\"830\">Die gepolsterte Laptoptasche sorgt f\u00fcr Sicherheit beim Transport, w\u00e4hrend die modulare Innenaufteilung eine flexible Anpassung an die Anforderungen des Profis erm\u00f6glicht.<\/p>\n<p data-start=\"1007\" data-end=\"1240\"><strong data-start=\"1007\" data-end=\"1062\" data-is-only-node=\"\">6.Ideal f\u00fcr technische Eins\u00e4tze, Service und Wartung:<br \/><\/strong><br data-start=\"1062\" data-end=\"1065\">Ob Installateur, Servicetechniker oder Wartungsspezialist \u2013 der Tool Trolley 01 R erm\u00f6glicht es, alle notwendigen Arbeitsmittel stets geordnet und m\u00fchelos bei sich zu haben.<\/p>\n<p data-start=\"1245\" data-end=\"1472\"><strong data-start=\"1245\" data-end=\"1302\" data-is-only-node=\"\">7.Perfekte Kompatibilit\u00e4t mit der GT Line Produktreihe:<br \/><\/strong><br data-start=\"1302\" data-end=\"1305\">Kann zusammen mit Werkzeugkoffern, Werkzeugtaschen, Werkzeugrollen und weiterem Zubeh\u00f6r verwendet werden \u2013 perfekt integriert in jedes professionelle Ausr\u00fcstungsset.<\/p>\n<p data-start=\"1477\" data-end=\"1675\" data-is-last-node=\"\"><strong data-start=\"1477\" data-end=\"1524\" data-is-only-node=\"\">8.Kompaktes Design und garantierte Mobilit\u00e4t:<br \/><\/strong><br data-start=\"1524\" data-end=\"1527\">Optimiert f\u00fcr den Einsatz in engen R\u00e4umen, Verkehrsmitteln oder Treppenh\u00e4usern \u2013 die perfekte Kombination aus Transportagilit\u00e4t und Zuverl\u00e4ssigkeit.<\/p>\n","protected":false},"excerpt":{"rendered":"<p>Der <strong data-start=\"4\" data-end=\"25\">Tool Trolley 01 R<\/strong> ist die ideale L\u00f6sung f\u00fcr <strong data-start=\"52\" data-end=\"62\">Profis<\/strong>, die einen <strong data-start=\"74\" data-end=\"154\">praktischen, gut organisierten und leicht transportierbaren Werkzeug-Trolley<\/strong> suchen.<br \/><br data-start=\"162\" data-end=\"165\">Dieser <strong data-start=\"172\" data-end=\"200\">Arbeits-Trolley-Rucksack<\/strong> vereint das <strong data-start=\"213\" data-end=\"255\">Fassungsverm\u00f6gen eines Werkzeugkoffers<\/strong> mit dem <strong data-start=\"264\" data-end=\"307\">Komfort eines professionellen Rucksacks<\/strong>, dank der <strong data-start=\"318\" data-end=\"351\">herausziehbaren Schultergurte<\/strong>, die ihn im Handumdrehen in einen <strong data-start=\"386\" data-end=\"406\">Werkzeugrucksack<\/strong> verwandeln.<br \/><br data-start=\"418\" data-end=\"421\">Ausgestattet mit <strong data-start=\"438\" data-end=\"479\">zwei beidseitig verwendbaren Paneelen,<\/strong>\u00a0eines mit <strong data-start=\"492\" data-end=\"511\">Werkzeugtaschen<\/strong>, das andere mit einer <strong data-start=\"534\" data-end=\"585\">gepolsterten Notebooktasche f\u00fcr Ger\u00e4te bis 15&#8220;,<\/strong>\u00a0erm\u00f6glicht er den <strong data-start=\"606\" data-end=\"686\">sicheren Transport sowohl von Werkzeugen als auch von elektronischen Ger\u00e4ten<\/strong>.<br \/><br data-start=\"687\" data-end=\"690\">Zwei zus\u00e4tzliche <strong data-start=\"707\" data-end=\"723\">Fronttaschen<\/strong> runden das Profil eines <strong data-start=\"748\" data-end=\"777\">perfekten Werkzeugkoffers<\/strong> f\u00fcr den <strong data-start=\"786\" data-end=\"805\">Einsatz vor Ort<\/strong> ab.<\/p>\n","protected":false},"featured_media":8680,"comment_status":"open","ping_status":"closed","template":"","meta":{"_acf_changed":false},"product_brand":[],"product_cat":[230],"product_tag":[],"class_list":{"0":"post-16917","1":"product","2":"type-product","3":"status-publish","4":"has-post-thumbnail","6":"product_cat-linea-top","7":"pa_anwendungen-koffer-und-taschen-fur-betreuer","8":"pa_anwendungen-koffer-und-taschen-fur-elektriker","9":"pa_anwendungen-koffer-und-taschen-fur-installateure","10":"pa_anwendungen-koffer-und-taschen-fur-servicetechniker","11":"pa_produkttyp-werkzeugtaschen-und-rucksacke","13":"first","14":"instock","15":"shipping-taxable","16":"purchasable","17":"product-type-simple"},"acf":[],"yoast_head":"<!-- This site is optimized with the Yoast SEO plugin v25.4 - https:\/\/yoast.com\/wordpress\/plugins\/seo\/ -->\n<title>Work Line by GT Trolley Werkzeughalter Werkzeugwagen 01 R - Gt Line DE<\/title>\n<meta name=\"robots\" content=\"index, follow, max-snippet:-1, max-image-preview:large, max-video-preview:-1\" \/>\n<link rel=\"canonical\" href=\"https:\/\/www.gtline.com\/de\/products\/work-line-by-gt-trolley-werkzeughalter-werkzeugwagen-01-r\/\" \/>\n<meta property=\"og:locale\" content=\"de_DE\" \/>\n<meta property=\"og:type\" content=\"article\" \/>\n<meta property=\"og:title\" content=\"Work Line by GT Trolley Werkzeughalter Werkzeugwagen 01 R - Gt Line DE\" \/>\n<meta property=\"og:description\" content=\"Der Tool Trolley 01 R ist die ideale L\u00f6sung f\u00fcr Profis, die einen praktischen, gut organisierten und leicht transportierbaren Werkzeug-Trolley suchen.Dieser Arbeits-Trolley-Rucksack vereint das Fassungsverm\u00f6gen eines Werkzeugkoffers mit dem Komfort eines professionellen Rucksacks, dank der herausziehbaren Schultergurte, die ihn im Handumdrehen in einen Werkzeugrucksack verwandeln.Ausgestattet mit zwei beidseitig verwendbaren Paneelen,\u00a0eines mit Werkzeugtaschen, das andere mit einer gepolsterten Notebooktasche f\u00fcr Ger\u00e4te bis 15&#039;&#039;,\u00a0erm\u00f6glicht er den sicheren Transport sowohl von Werkzeugen als auch von elektronischen Ger\u00e4ten.Zwei zus\u00e4tzliche Fronttaschen runden das Profil eines perfekten Werkzeugkoffers f\u00fcr den Einsatz vor Ort ab.\" \/>\n<meta property=\"og:url\" content=\"https:\/\/www.gtline.com\/de\/products\/work-line-by-gt-trolley-werkzeughalter-werkzeugwagen-01-r\/\" \/>\n<meta property=\"og:site_name\" content=\"Gt Line DE\" \/>\n<meta property=\"article:publisher\" content=\"https:\/\/www.facebook.com\/gtlinesrl?locale=it_IT\" \/>\n<meta property=\"article:modified_time\" content=\"2026-04-17T02:08:40+00:00\" \/>\n<meta property=\"og:image\" content=\"https:\/\/www.gtline.com\/de\/wp-content\/uploads\/sites\/5\/2025\/05\/TOOL-TROLLEY-01-R_ALL_01_9025.jpg\" \/>\n\t<meta property=\"og:image:width\" content=\"500\" \/>\n\t<meta property=\"og:image:height\" content=\"500\" \/>\n\t<meta property=\"og:image:type\" content=\"image\/jpeg\" \/>\n<meta name=\"twitter:card\" content=\"summary_large_image\" \/>\n<meta name=\"twitter:label1\" content=\"Gesch\u00e4tzte Lesezeit\" \/>\n\t<meta name=\"twitter:data1\" content=\"1\u00a0Minute\" \/>\n<script type=\"application\/ld+json\" class=\"yoast-schema-graph\">{\"@context\":\"https:\/\/schema.org\",\"@graph\":[{\"@type\":\"WebPage\",\"@id\":\"https:\/\/www.gtline.com\/de\/products\/work-line-by-gt-trolley-werkzeughalter-werkzeugwagen-01-r\/\",\"url\":\"https:\/\/www.gtline.com\/de\/products\/work-line-by-gt-trolley-werkzeughalter-werkzeugwagen-01-r\/\",\"name\":\"Work Line by GT Trolley Werkzeughalter Werkzeugwagen 01 R - Gt Line DE\",\"isPartOf\":{\"@id\":\"https:\/\/www.gtline.com\/de\/#website\"},\"primaryImageOfPage\":{\"@id\":\"https:\/\/www.gtline.com\/de\/products\/work-line-by-gt-trolley-werkzeughalter-werkzeugwagen-01-r\/#primaryimage\"},\"image\":{\"@id\":\"https:\/\/www.gtline.com\/de\/products\/work-line-by-gt-trolley-werkzeughalter-werkzeugwagen-01-r\/#primaryimage\"},\"thumbnailUrl\":\"https:\/\/www.gtline.com\/de\/wp-content\/uploads\/sites\/5\/2025\/05\/TOOL-TROLLEY-01-R_ALL_01_9025.jpg\",\"datePublished\":\"2025-07-30T10:20:53+00:00\",\"dateModified\":\"2026-04-17T02:08:40+00:00\",\"breadcrumb\":{\"@id\":\"https:\/\/www.gtline.com\/de\/products\/work-line-by-gt-trolley-werkzeughalter-werkzeugwagen-01-r\/#breadcrumb\"},\"inLanguage\":\"de\",\"potentialAction\":[{\"@type\":\"ReadAction\",\"target\":[\"https:\/\/www.gtline.com\/de\/products\/work-line-by-gt-trolley-werkzeughalter-werkzeugwagen-01-r\/\"]}]},{\"@type\":\"ImageObject\",\"inLanguage\":\"de\",\"@id\":\"https:\/\/www.gtline.com\/de\/products\/work-line-by-gt-trolley-werkzeughalter-werkzeugwagen-01-r\/#primaryimage\",\"url\":\"https:\/\/www.gtline.com\/de\/wp-content\/uploads\/sites\/5\/2025\/05\/TOOL-TROLLEY-01-R_ALL_01_9025.jpg\",\"contentUrl\":\"https:\/\/www.gtline.com\/de\/wp-content\/uploads\/sites\/5\/2025\/05\/TOOL-TROLLEY-01-R_ALL_01_9025.jpg\",\"width\":500,\"height\":500},{\"@type\":\"BreadcrumbList\",\"@id\":\"https:\/\/www.gtline.com\/de\/products\/work-line-by-gt-trolley-werkzeughalter-werkzeugwagen-01-r\/#breadcrumb\",\"itemListElement\":[{\"@type\":\"ListItem\",\"position\":1,\"name\":\"Home\",\"item\":\"https:\/\/www.gtline.com\/de\/\"},{\"@type\":\"ListItem\",\"position\":2,\"name\":\"Shop\",\"item\":\"https:\/\/www.gtline.com\/de\/negozio\/\"},{\"@type\":\"ListItem\",\"position\":3,\"name\":\"Work Line by GT Trolley Werkzeughalter Werkzeugwagen 01 R\"}]},{\"@type\":\"WebSite\",\"@id\":\"https:\/\/www.gtline.com\/de\/#website\",\"url\":\"https:\/\/www.gtline.com\/de\/\",\"name\":\"Gt Line\",\"description\":\"\",\"publisher\":{\"@id\":\"https:\/\/www.gtline.com\/de\/#organization\"},\"potentialAction\":[{\"@type\":\"SearchAction\",\"target\":{\"@type\":\"EntryPoint\",\"urlTemplate\":\"https:\/\/www.gtline.com\/de\/?s={search_term_string}\"},\"query-input\":{\"@type\":\"PropertyValueSpecification\",\"valueRequired\":true,\"valueName\":\"search_term_string\"}}],\"inLanguage\":\"de\"},{\"@type\":\"Organization\",\"@id\":\"https:\/\/www.gtline.com\/de\/#organization\",\"name\":\"Gt Line\",\"url\":\"https:\/\/www.gtline.com\/de\/\",\"logo\":{\"@type\":\"ImageObject\",\"inLanguage\":\"de\",\"@id\":\"https:\/\/www.gtline.com\/de\/#\/schema\/logo\/image\/\",\"url\":\"https:\/\/www.gtline.com\/de\/wp-content\/uploads\/sites\/5\/2025\/02\/logo.png\",\"contentUrl\":\"https:\/\/www.gtline.com\/de\/wp-content\/uploads\/sites\/5\/2025\/02\/logo.png\",\"width\":228,\"height\":146,\"caption\":\"Gt Line\"},\"image\":{\"@id\":\"https:\/\/www.gtline.com\/de\/#\/schema\/logo\/image\/\"},\"sameAs\":[\"https:\/\/www.facebook.com\/gtlinesrl?locale=it_IT\",\"https:\/\/www.instagram.com\/gt_line_srl\/\",\"https:\/\/www.youtube.com\/channel\/UCDvpkFqswNJOVFz64PkYRQQ\",\"https:\/\/www.linkedin.com\/company\/gt-line-srl\/\"]}]}<\/script>\n<!-- \/ Yoast SEO plugin. -->","yoast_head_json":{"title":"Work Line by GT Trolley Werkzeughalter Werkzeugwagen 01 R - Gt Line DE","robots":{"index":"index","follow":"follow","max-snippet":"max-snippet:-1","max-image-preview":"max-image-preview:large","max-video-preview":"max-video-preview:-1"},"canonical":"https:\/\/www.gtline.com\/de\/products\/work-line-by-gt-trolley-werkzeughalter-werkzeugwagen-01-r\/","og_locale":"de_DE","og_type":"article","og_title":"Work Line by GT Trolley Werkzeughalter Werkzeugwagen 01 R - Gt Line DE","og_description":"Der Tool Trolley 01 R ist die ideale L\u00f6sung f\u00fcr Profis, die einen praktischen, gut organisierten und leicht transportierbaren Werkzeug-Trolley suchen.Dieser Arbeits-Trolley-Rucksack vereint das Fassungsverm\u00f6gen eines Werkzeugkoffers mit dem Komfort eines professionellen Rucksacks, dank der herausziehbaren Schultergurte, die ihn im Handumdrehen in einen Werkzeugrucksack verwandeln.Ausgestattet mit zwei beidseitig verwendbaren Paneelen,\u00a0eines mit Werkzeugtaschen, das andere mit einer gepolsterten Notebooktasche f\u00fcr Ger\u00e4te bis 15'',\u00a0erm\u00f6glicht er den sicheren Transport sowohl von Werkzeugen als auch von elektronischen Ger\u00e4ten.Zwei zus\u00e4tzliche Fronttaschen runden das Profil eines perfekten Werkzeugkoffers f\u00fcr den Einsatz vor Ort ab.","og_url":"https:\/\/www.gtline.com\/de\/products\/work-line-by-gt-trolley-werkzeughalter-werkzeugwagen-01-r\/","og_site_name":"Gt Line DE","article_publisher":"https:\/\/www.facebook.com\/gtlinesrl?locale=it_IT","article_modified_time":"2026-04-17T02:08:40+00:00","og_image":[{"width":500,"height":500,"url":"https:\/\/www.gtline.com\/de\/wp-content\/uploads\/sites\/5\/2025\/05\/TOOL-TROLLEY-01-R_ALL_01_9025.jpg","type":"image\/jpeg"}],"twitter_card":"summary_large_image","twitter_misc":{"Gesch\u00e4tzte Lesezeit":"1\u00a0Minute"},"schema":{"@context":"https:\/\/schema.org","@graph":[{"@type":"WebPage","@id":"https:\/\/www.gtline.com\/de\/products\/work-line-by-gt-trolley-werkzeughalter-werkzeugwagen-01-r\/","url":"https:\/\/www.gtline.com\/de\/products\/work-line-by-gt-trolley-werkzeughalter-werkzeugwagen-01-r\/","name":"Work Line by GT Trolley Werkzeughalter Werkzeugwagen 01 R - Gt Line DE","isPartOf":{"@id":"https:\/\/www.gtline.com\/de\/#website"},"primaryImageOfPage":{"@id":"https:\/\/www.gtline.com\/de\/products\/work-line-by-gt-trolley-werkzeughalter-werkzeugwagen-01-r\/#primaryimage"},"image":{"@id":"https:\/\/www.gtline.com\/de\/products\/work-line-by-gt-trolley-werkzeughalter-werkzeugwagen-01-r\/#primaryimage"},"thumbnailUrl":"https:\/\/www.gtline.com\/de\/wp-content\/uploads\/sites\/5\/2025\/05\/TOOL-TROLLEY-01-R_ALL_01_9025.jpg","datePublished":"2025-07-30T10:20:53+00:00","dateModified":"2026-04-17T02:08:40+00:00","breadcrumb":{"@id":"https:\/\/www.gtline.com\/de\/products\/work-line-by-gt-trolley-werkzeughalter-werkzeugwagen-01-r\/#breadcrumb"},"inLanguage":"de","potentialAction":[{"@type":"ReadAction","target":["https:\/\/www.gtline.com\/de\/products\/work-line-by-gt-trolley-werkzeughalter-werkzeugwagen-01-r\/"]}]},{"@type":"ImageObject","inLanguage":"de","@id":"https:\/\/www.gtline.com\/de\/products\/work-line-by-gt-trolley-werkzeughalter-werkzeugwagen-01-r\/#primaryimage","url":"https:\/\/www.gtline.com\/de\/wp-content\/uploads\/sites\/5\/2025\/05\/TOOL-TROLLEY-01-R_ALL_01_9025.jpg","contentUrl":"https:\/\/www.gtline.com\/de\/wp-content\/uploads\/sites\/5\/2025\/05\/TOOL-TROLLEY-01-R_ALL_01_9025.jpg","width":500,"height":500},{"@type":"BreadcrumbList","@id":"https:\/\/www.gtline.com\/de\/products\/work-line-by-gt-trolley-werkzeughalter-werkzeugwagen-01-r\/#breadcrumb","itemListElement":[{"@type":"ListItem","position":1,"name":"Home","item":"https:\/\/www.gtline.com\/de\/"},{"@type":"ListItem","position":2,"name":"Shop","item":"https:\/\/www.gtline.com\/de\/negozio\/"},{"@type":"ListItem","position":3,"name":"Work Line by GT Trolley Werkzeughalter Werkzeugwagen 01 R"}]},{"@type":"WebSite","@id":"https:\/\/www.gtline.com\/de\/#website","url":"https:\/\/www.gtline.com\/de\/","name":"Gt Line","description":"","publisher":{"@id":"https:\/\/www.gtline.com\/de\/#organization"},"potentialAction":[{"@type":"SearchAction","target":{"@type":"EntryPoint","urlTemplate":"https:\/\/www.gtline.com\/de\/?s={search_term_string}"},"query-input":{"@type":"PropertyValueSpecification","valueRequired":true,"valueName":"search_term_string"}}],"inLanguage":"de"},{"@type":"Organization","@id":"https:\/\/www.gtline.com\/de\/#organization","name":"Gt Line","url":"https:\/\/www.gtline.com\/de\/","logo":{"@type":"ImageObject","inLanguage":"de","@id":"https:\/\/www.gtline.com\/de\/#\/schema\/logo\/image\/","url":"https:\/\/www.gtline.com\/de\/wp-content\/uploads\/sites\/5\/2025\/02\/logo.png","contentUrl":"https:\/\/www.gtline.com\/de\/wp-content\/uploads\/sites\/5\/2025\/02\/logo.png","width":228,"height":146,"caption":"Gt Line"},"image":{"@id":"https:\/\/www.gtline.com\/de\/#\/schema\/logo\/image\/"},"sameAs":["https:\/\/www.facebook.com\/gtlinesrl?locale=it_IT","https:\/\/www.instagram.com\/gt_line_srl\/","https:\/\/www.youtube.com\/channel\/UCDvpkFqswNJOVFz64PkYRQQ","https:\/\/www.linkedin.com\/company\/gt-line-srl\/"]}]}},"_links":{"self":[{"href":"https:\/\/www.gtline.com\/de\/wp-json\/wp\/v2\/product\/16917","targetHints":{"allow":["GET"]}}],"collection":[{"href":"https:\/\/www.gtline.com\/de\/wp-json\/wp\/v2\/product"}],"about":[{"href":"https:\/\/www.gtline.com\/de\/wp-json\/wp\/v2\/types\/product"}],"replies":[{"embeddable":true,"href":"https:\/\/www.gtline.com\/de\/wp-json\/wp\/v2\/comments?post=16917"}],"version-history":[{"count":2,"href":"https:\/\/www.gtline.com\/de\/wp-json\/wp\/v2\/product\/16917\/revisions"}],"predecessor-version":[{"id":22319,"href":"https:\/\/www.gtline.com\/de\/wp-json\/wp\/v2\/product\/16917\/revisions\/22319"}],"wp:featuredmedia":[{"embeddable":true,"href":"https:\/\/www.gtline.com\/de\/wp-json\/wp\/v2\/media\/8680"}],"wp:attachment":[{"href":"https:\/\/www.gtline.com\/de\/wp-json\/wp\/v2\/media?parent=16917"}],"wp:term":[{"taxonomy":"product_brand","embeddable":true,"href":"https:\/\/www.gtline.com\/de\/wp-json\/wp\/v2\/product_brand?post=16917"},{"taxonomy":"product_cat","embeddable":true,"href":"https:\/\/www.gtline.com\/de\/wp-json\/wp\/v2\/product_cat?post=16917"},{"taxonomy":"product_tag","embeddable":true,"href":"https:\/\/www.gtline.com\/de\/wp-json\/wp\/v2\/product_tag?post=16917"}],"curies":[{"name":"wp","href":"https:\/\/api.w.org\/{rel}","templated":true}]}}