{"id":16919,"date":"2025-07-30T10:20:57","date_gmt":"2025-07-30T10:20:57","guid":{"rendered":"https:\/\/www.gtline.com\/de\/prodotto\/work-line-by-gt-werkzeugrucksack-top-07-xl-r\/"},"modified":"2026-04-17T02:08:44","modified_gmt":"2026-04-17T02:08:44","slug":"work-line-by-gt-werkzeugrucksack-top-07-xl-r","status":"publish","type":"product","link":"https:\/\/www.gtline.com\/de\/products\/work-line-by-gt-werkzeugrucksack-top-07-xl-r\/","title":{"rendered":"Work Line by GT Werkzeugrucksack Top 07 XLR (Artikel aus dem Sortiment genommen &ndash; Verf&uuml;gbar solange der Vorrat reicht)"},"content":{"rendered":"<p data-start=\"3\" data-end=\"269\"><strong data-start=\"3\" data-end=\"62\" data-is-only-node=\"\">1.Gro\u00dfes Fassungsverm\u00f6gen und gut organisierter Stauraum.<br \/><\/strong><br data-start=\"62\" data-end=\"65\">Mit seinen gro\u00dfz\u00fcgigen Abmessungen (370 x 200 x 500 mm) bietet der Rucksack ausreichend Platz, um Werkzeuge, Zubeh\u00f6r, Dokumente und sogar einen Laptop in einer einzigen Werkzeugtasche zu transportieren.<\/p>\n<p data-start=\"274\" data-end=\"513\"><strong data-start=\"274\" data-end=\"308\" data-is-only-node=\"\">2.Herausnehmbares Werkzeugpanel.<br \/><\/strong><br data-start=\"308\" data-end=\"311\">Das mittlere Panel, ausgestattet mit elastischen Halterungen und Taschen auf beiden Seiten, erm\u00f6glicht eine optimale Organisation der Werkzeuge und einen schnellen Zugriff w\u00e4hrend der Arbeitseins\u00e4tze.<\/p>\n<p data-start=\"518\" data-end=\"749\"><strong data-start=\"518\" data-end=\"561\" data-is-only-node=\"\">3.Gepolstertes Fach f\u00fcr Laptops bis 17\u2019\u2019.<br \/><\/strong><br data-start=\"561\" data-end=\"564\">Ideal zum Schutz des Computers w\u00e4hrend des Transports \u2013 der TOP 07 XLR ist die perfekte Wahl f\u00fcr alle, die eine Werkzeugtasche suchen, die zugleich als digitale Transportl\u00f6sung dient.<\/p>\n<p data-start=\"754\" data-end=\"987\"><strong data-start=\"754\" data-end=\"811\" data-is-only-node=\"\">4.Mehrere Taschen f\u00fcr eine \u00fcbersichtliche Organisation.<br \/><\/strong><br data-start=\"811\" data-end=\"814\">Die Innen- und Au\u00dfentaschen erm\u00f6glichen eine klare Trennung von Werkzeugen, Kleinteilen, Zubeh\u00f6r und Dokumenten, wodurch Arbeitszeiten effizienter gestaltet werden k\u00f6nnen.<\/p>\n<p data-start=\"992\" data-end=\"1235\"><strong data-start=\"992\" data-end=\"1042\" data-is-only-node=\"\">5.Ergonomisches Design und ausgewogenes Gewicht.<br \/><\/strong><br data-start=\"1042\" data-end=\"1045\">Mit einem Gewicht von nur 2,00 kg bietet dieser Arbeitsrucksack das ideale Gleichgewicht zwischen Kapazit\u00e4t und Tragekomfort und ist somit auch f\u00fcr den t\u00e4glichen Gebrauch bestens geeignet.<\/p>\n<p data-start=\"1240\" data-end=\"1470\" data-is-last-node=\"\"><strong data-start=\"1240\" data-end=\"1289\" data-is-only-node=\"\">6.Maximale Vielseitigkeit f\u00fcr mobiles Arbeiten.<br \/><\/strong><br data-start=\"1289\" data-end=\"1292\">Perfekt allein oder in Kombination mit einem professionellen Werkzeugkoffer einsetzbar \u2013 ideal f\u00fcr Techniker im Au\u00dfendienst, Wartungspersonal, Installateure und Servicetechniker.<\/p>\n","protected":false},"excerpt":{"rendered":"<p data-start=\"0\" data-end=\"640\">Der <strong data-start=\"4\" data-end=\"18\">TOP 07 XLR<\/strong> ist ein <strong data-start=\"27\" data-end=\"83\">professioneller Werkzeugrucksack mit hoher Kapazit\u00e4t<\/strong>, der f\u00fcr <strong data-start=\"93\" data-end=\"121\">Techniker und Fachkr\u00e4fte<\/strong>entwickelt wurde, die <strong data-start=\"144\" data-end=\"191\">gro\u00dfen, organisierten und sicheren Stauraum<\/strong> f\u00fcr Werkzeuge, Zubeh\u00f6r und elektronische Ger\u00e4te ben\u00f6tigen.<br \/><br data-start=\"250\" data-end=\"253\">Ausgestattet mit einem <strong data-start=\"276\" data-end=\"320\">gepolsterten Fach f\u00fcr Notebooks bis 17\u2019\u2019<\/strong> sowie einem <strong data-start=\"333\" data-end=\"366\">herausnehmbaren Werkzeugpanel<\/strong> mit <strong data-start=\"371\" data-end=\"428\">Taschen und elastischen Halterungen auf beiden Seiten<\/strong>, bietet er eine <strong data-start=\"445\" data-end=\"505\">komplette L\u00f6sung f\u00fcr die Organisation des Arbeitsalltags<\/strong>.<br \/><br data-start=\"506\" data-end=\"509\">Die <strong data-start=\"513\" data-end=\"549\">innen- und au\u00dfenseitigen Taschen<\/strong> erm\u00f6glichen eine <strong data-start=\"567\" data-end=\"637\">\u00fcbersichtliche Trennung von Werkzeugen, Kleinteilen und Dokumenten<\/strong>.<\/p>\n<p data-start=\"642\" data-end=\"881\">Dieser <strong data-start=\"649\" data-end=\"669\">Werkzeugrucksack<\/strong> vereint die <strong data-start=\"682\" data-end=\"721\">Funktionalit\u00e4t einer Werkzeugtasche<\/strong> mit der <strong data-start=\"730\" data-end=\"765\">Kapazit\u00e4t eines Werkzeugkoffers<\/strong> und eignet sich \u2013 in Kombination mit anderen <strong data-start=\"811\" data-end=\"831\">GT Line Systemen<\/strong> \u2013 auch ideal als <strong data-start=\"849\" data-end=\"878\">Werkzeug-Trolley-Rucksack<\/strong>.<\/p>\n<p data-start=\"883\" data-end=\"988\" data-is-last-node=\"\" data-is-only-node=\"\">Der <strong data-start=\"887\" data-end=\"912\">feste Kunststoffboden<\/strong> verleiht dem <strong data-start=\"926\" data-end=\"940\">TOP 07 XLR<\/strong> <strong data-start=\"941\" data-end=\"987\">Stabilit\u00e4t, Robustheit und Zuverl\u00e4ssigkeit<\/strong>.<\/p>\n","protected":false},"featured_media":8689,"comment_status":"open","ping_status":"closed","template":"","meta":{"_acf_changed":false},"product_brand":[],"product_cat":[230],"product_tag":[],"class_list":{"0":"post-16919","1":"product","2":"type-product","3":"status-publish","4":"has-post-thumbnail","6":"product_cat-linea-top","7":"pa_anwendungen-koffer-und-taschen-fur-betreuer","8":"pa_anwendungen-koffer-und-taschen-fur-elektriker","9":"pa_anwendungen-koffer-und-taschen-fur-installateure","10":"pa_anwendungen-koffer-und-taschen-fur-servicetechniker","11":"pa_produkttyp-werkzeugtaschen-und-rucksacke","13":"first","14":"instock","15":"shipping-taxable","16":"purchasable","17":"product-type-simple"},"acf":[],"yoast_head":"<!-- This site is optimized with the Yoast SEO plugin v25.4 - https:\/\/yoast.com\/wordpress\/plugins\/seo\/ -->\n<title>Work Line by GT Werkzeugrucksack Top 07 XLR (Artikel aus dem Sortiment genommen &ndash; Verf&uuml;gbar solange der Vorrat reicht) - Gt Line DE<\/title>\n<meta name=\"robots\" content=\"index, follow, max-snippet:-1, max-image-preview:large, max-video-preview:-1\" \/>\n<link rel=\"canonical\" href=\"https:\/\/www.gtline.com\/de\/products\/work-line-by-gt-werkzeugrucksack-top-07-xl-r\/\" \/>\n<meta property=\"og:locale\" content=\"de_DE\" \/>\n<meta property=\"og:type\" content=\"article\" \/>\n<meta property=\"og:title\" content=\"Work Line by GT Werkzeugrucksack Top 07 XLR (Artikel aus dem Sortiment genommen &ndash; Verf&uuml;gbar solange der Vorrat reicht) - Gt Line DE\" \/>\n<meta property=\"og:description\" content=\"Der TOP 07 XLR ist ein professioneller Werkzeugrucksack mit hoher Kapazit\u00e4t, der f\u00fcr Techniker und Fachkr\u00e4fteentwickelt wurde, die gro\u00dfen, organisierten und sicheren Stauraum f\u00fcr Werkzeuge, Zubeh\u00f6r und elektronische Ger\u00e4te ben\u00f6tigen.Ausgestattet mit einem gepolsterten Fach f\u00fcr Notebooks bis 17\u2019\u2019 sowie einem herausnehmbaren Werkzeugpanel mit Taschen und elastischen Halterungen auf beiden Seiten, bietet er eine komplette L\u00f6sung f\u00fcr die Organisation des Arbeitsalltags.Die innen- und au\u00dfenseitigen Taschen erm\u00f6glichen eine \u00fcbersichtliche Trennung von Werkzeugen, Kleinteilen und Dokumenten. Dieser Werkzeugrucksack vereint die Funktionalit\u00e4t einer Werkzeugtasche mit der Kapazit\u00e4t eines Werkzeugkoffers und eignet sich \u2013 in Kombination mit anderen GT Line Systemen \u2013 auch ideal als Werkzeug-Trolley-Rucksack. Der feste Kunststoffboden verleiht dem TOP 07 XLR Stabilit\u00e4t, Robustheit und Zuverl\u00e4ssigkeit.\" \/>\n<meta property=\"og:url\" content=\"https:\/\/www.gtline.com\/de\/products\/work-line-by-gt-werkzeugrucksack-top-07-xl-r\/\" \/>\n<meta property=\"og:site_name\" content=\"Gt Line DE\" \/>\n<meta property=\"article:publisher\" content=\"https:\/\/www.facebook.com\/gtlinesrl?locale=it_IT\" \/>\n<meta property=\"article:modified_time\" content=\"2026-04-17T02:08:44+00:00\" \/>\n<meta property=\"og:image\" content=\"https:\/\/www.gtline.com\/de\/wp-content\/uploads\/sites\/5\/2025\/05\/TOP-07-XL-R_ALL_01_9027.jpg\" \/>\n\t<meta property=\"og:image:width\" content=\"500\" \/>\n\t<meta property=\"og:image:height\" content=\"500\" \/>\n\t<meta property=\"og:image:type\" content=\"image\/jpeg\" \/>\n<meta name=\"twitter:card\" content=\"summary_large_image\" \/>\n<meta name=\"twitter:label1\" content=\"Gesch\u00e4tzte Lesezeit\" \/>\n\t<meta name=\"twitter:data1\" content=\"1\u00a0Minute\" \/>\n<script type=\"application\/ld+json\" class=\"yoast-schema-graph\">{\"@context\":\"https:\/\/schema.org\",\"@graph\":[{\"@type\":\"WebPage\",\"@id\":\"https:\/\/www.gtline.com\/de\/products\/work-line-by-gt-werkzeugrucksack-top-07-xl-r\/\",\"url\":\"https:\/\/www.gtline.com\/de\/products\/work-line-by-gt-werkzeugrucksack-top-07-xl-r\/\",\"name\":\"Work Line by GT Werkzeugrucksack Top 07 XLR (Artikel aus dem Sortiment genommen &ndash; Verf&uuml;gbar solange der Vorrat reicht) - Gt Line DE\",\"isPartOf\":{\"@id\":\"https:\/\/www.gtline.com\/de\/#website\"},\"primaryImageOfPage\":{\"@id\":\"https:\/\/www.gtline.com\/de\/products\/work-line-by-gt-werkzeugrucksack-top-07-xl-r\/#primaryimage\"},\"image\":{\"@id\":\"https:\/\/www.gtline.com\/de\/products\/work-line-by-gt-werkzeugrucksack-top-07-xl-r\/#primaryimage\"},\"thumbnailUrl\":\"https:\/\/www.gtline.com\/de\/wp-content\/uploads\/sites\/5\/2025\/05\/TOP-07-XL-R_ALL_01_9027.jpg\",\"datePublished\":\"2025-07-30T10:20:57+00:00\",\"dateModified\":\"2026-04-17T02:08:44+00:00\",\"breadcrumb\":{\"@id\":\"https:\/\/www.gtline.com\/de\/products\/work-line-by-gt-werkzeugrucksack-top-07-xl-r\/#breadcrumb\"},\"inLanguage\":\"de\",\"potentialAction\":[{\"@type\":\"ReadAction\",\"target\":[\"https:\/\/www.gtline.com\/de\/products\/work-line-by-gt-werkzeugrucksack-top-07-xl-r\/\"]}]},{\"@type\":\"ImageObject\",\"inLanguage\":\"de\",\"@id\":\"https:\/\/www.gtline.com\/de\/products\/work-line-by-gt-werkzeugrucksack-top-07-xl-r\/#primaryimage\",\"url\":\"https:\/\/www.gtline.com\/de\/wp-content\/uploads\/sites\/5\/2025\/05\/TOP-07-XL-R_ALL_01_9027.jpg\",\"contentUrl\":\"https:\/\/www.gtline.com\/de\/wp-content\/uploads\/sites\/5\/2025\/05\/TOP-07-XL-R_ALL_01_9027.jpg\",\"width\":500,\"height\":500},{\"@type\":\"BreadcrumbList\",\"@id\":\"https:\/\/www.gtline.com\/de\/products\/work-line-by-gt-werkzeugrucksack-top-07-xl-r\/#breadcrumb\",\"itemListElement\":[{\"@type\":\"ListItem\",\"position\":1,\"name\":\"Home\",\"item\":\"https:\/\/www.gtline.com\/de\/\"},{\"@type\":\"ListItem\",\"position\":2,\"name\":\"Shop\",\"item\":\"https:\/\/www.gtline.com\/de\/negozio\/\"},{\"@type\":\"ListItem\",\"position\":3,\"name\":\"Work Line by GT Werkzeugrucksack Top 07 XL R\"}]},{\"@type\":\"WebSite\",\"@id\":\"https:\/\/www.gtline.com\/de\/#website\",\"url\":\"https:\/\/www.gtline.com\/de\/\",\"name\":\"Gt Line\",\"description\":\"\",\"publisher\":{\"@id\":\"https:\/\/www.gtline.com\/de\/#organization\"},\"potentialAction\":[{\"@type\":\"SearchAction\",\"target\":{\"@type\":\"EntryPoint\",\"urlTemplate\":\"https:\/\/www.gtline.com\/de\/?s={search_term_string}\"},\"query-input\":{\"@type\":\"PropertyValueSpecification\",\"valueRequired\":true,\"valueName\":\"search_term_string\"}}],\"inLanguage\":\"de\"},{\"@type\":\"Organization\",\"@id\":\"https:\/\/www.gtline.com\/de\/#organization\",\"name\":\"Gt Line\",\"url\":\"https:\/\/www.gtline.com\/de\/\",\"logo\":{\"@type\":\"ImageObject\",\"inLanguage\":\"de\",\"@id\":\"https:\/\/www.gtline.com\/de\/#\/schema\/logo\/image\/\",\"url\":\"https:\/\/www.gtline.com\/de\/wp-content\/uploads\/sites\/5\/2025\/02\/logo.png\",\"contentUrl\":\"https:\/\/www.gtline.com\/de\/wp-content\/uploads\/sites\/5\/2025\/02\/logo.png\",\"width\":228,\"height\":146,\"caption\":\"Gt Line\"},\"image\":{\"@id\":\"https:\/\/www.gtline.com\/de\/#\/schema\/logo\/image\/\"},\"sameAs\":[\"https:\/\/www.facebook.com\/gtlinesrl?locale=it_IT\",\"https:\/\/www.instagram.com\/gt_line_srl\/\",\"https:\/\/www.youtube.com\/channel\/UCDvpkFqswNJOVFz64PkYRQQ\",\"https:\/\/www.linkedin.com\/company\/gt-line-srl\/\"]}]}<\/script>\n<!-- \/ Yoast SEO plugin. -->","yoast_head_json":{"title":"Work Line by GT Werkzeugrucksack Top 07 XLR (Artikel aus dem Sortiment genommen &ndash; Verf&uuml;gbar solange der Vorrat reicht) - Gt Line DE","robots":{"index":"index","follow":"follow","max-snippet":"max-snippet:-1","max-image-preview":"max-image-preview:large","max-video-preview":"max-video-preview:-1"},"canonical":"https:\/\/www.gtline.com\/de\/products\/work-line-by-gt-werkzeugrucksack-top-07-xl-r\/","og_locale":"de_DE","og_type":"article","og_title":"Work Line by GT Werkzeugrucksack Top 07 XLR (Artikel aus dem Sortiment genommen &ndash; Verf&uuml;gbar solange der Vorrat reicht) - Gt Line DE","og_description":"Der TOP 07 XLR ist ein professioneller Werkzeugrucksack mit hoher Kapazit\u00e4t, der f\u00fcr Techniker und Fachkr\u00e4fteentwickelt wurde, die gro\u00dfen, organisierten und sicheren Stauraum f\u00fcr Werkzeuge, Zubeh\u00f6r und elektronische Ger\u00e4te ben\u00f6tigen.Ausgestattet mit einem gepolsterten Fach f\u00fcr Notebooks bis 17\u2019\u2019 sowie einem herausnehmbaren Werkzeugpanel mit Taschen und elastischen Halterungen auf beiden Seiten, bietet er eine komplette L\u00f6sung f\u00fcr die Organisation des Arbeitsalltags.Die innen- und au\u00dfenseitigen Taschen erm\u00f6glichen eine \u00fcbersichtliche Trennung von Werkzeugen, Kleinteilen und Dokumenten. Dieser Werkzeugrucksack vereint die Funktionalit\u00e4t einer Werkzeugtasche mit der Kapazit\u00e4t eines Werkzeugkoffers und eignet sich \u2013 in Kombination mit anderen GT Line Systemen \u2013 auch ideal als Werkzeug-Trolley-Rucksack. Der feste Kunststoffboden verleiht dem TOP 07 XLR Stabilit\u00e4t, Robustheit und Zuverl\u00e4ssigkeit.","og_url":"https:\/\/www.gtline.com\/de\/products\/work-line-by-gt-werkzeugrucksack-top-07-xl-r\/","og_site_name":"Gt Line DE","article_publisher":"https:\/\/www.facebook.com\/gtlinesrl?locale=it_IT","article_modified_time":"2026-04-17T02:08:44+00:00","og_image":[{"width":500,"height":500,"url":"https:\/\/www.gtline.com\/de\/wp-content\/uploads\/sites\/5\/2025\/05\/TOP-07-XL-R_ALL_01_9027.jpg","type":"image\/jpeg"}],"twitter_card":"summary_large_image","twitter_misc":{"Gesch\u00e4tzte Lesezeit":"1\u00a0Minute"},"schema":{"@context":"https:\/\/schema.org","@graph":[{"@type":"WebPage","@id":"https:\/\/www.gtline.com\/de\/products\/work-line-by-gt-werkzeugrucksack-top-07-xl-r\/","url":"https:\/\/www.gtline.com\/de\/products\/work-line-by-gt-werkzeugrucksack-top-07-xl-r\/","name":"Work Line by GT Werkzeugrucksack Top 07 XLR (Artikel aus dem Sortiment genommen &ndash; Verf&uuml;gbar solange der Vorrat reicht) - Gt Line DE","isPartOf":{"@id":"https:\/\/www.gtline.com\/de\/#website"},"primaryImageOfPage":{"@id":"https:\/\/www.gtline.com\/de\/products\/work-line-by-gt-werkzeugrucksack-top-07-xl-r\/#primaryimage"},"image":{"@id":"https:\/\/www.gtline.com\/de\/products\/work-line-by-gt-werkzeugrucksack-top-07-xl-r\/#primaryimage"},"thumbnailUrl":"https:\/\/www.gtline.com\/de\/wp-content\/uploads\/sites\/5\/2025\/05\/TOP-07-XL-R_ALL_01_9027.jpg","datePublished":"2025-07-30T10:20:57+00:00","dateModified":"2026-04-17T02:08:44+00:00","breadcrumb":{"@id":"https:\/\/www.gtline.com\/de\/products\/work-line-by-gt-werkzeugrucksack-top-07-xl-r\/#breadcrumb"},"inLanguage":"de","potentialAction":[{"@type":"ReadAction","target":["https:\/\/www.gtline.com\/de\/products\/work-line-by-gt-werkzeugrucksack-top-07-xl-r\/"]}]},{"@type":"ImageObject","inLanguage":"de","@id":"https:\/\/www.gtline.com\/de\/products\/work-line-by-gt-werkzeugrucksack-top-07-xl-r\/#primaryimage","url":"https:\/\/www.gtline.com\/de\/wp-content\/uploads\/sites\/5\/2025\/05\/TOP-07-XL-R_ALL_01_9027.jpg","contentUrl":"https:\/\/www.gtline.com\/de\/wp-content\/uploads\/sites\/5\/2025\/05\/TOP-07-XL-R_ALL_01_9027.jpg","width":500,"height":500},{"@type":"BreadcrumbList","@id":"https:\/\/www.gtline.com\/de\/products\/work-line-by-gt-werkzeugrucksack-top-07-xl-r\/#breadcrumb","itemListElement":[{"@type":"ListItem","position":1,"name":"Home","item":"https:\/\/www.gtline.com\/de\/"},{"@type":"ListItem","position":2,"name":"Shop","item":"https:\/\/www.gtline.com\/de\/negozio\/"},{"@type":"ListItem","position":3,"name":"Work Line by GT Werkzeugrucksack Top 07 XL R"}]},{"@type":"WebSite","@id":"https:\/\/www.gtline.com\/de\/#website","url":"https:\/\/www.gtline.com\/de\/","name":"Gt Line","description":"","publisher":{"@id":"https:\/\/www.gtline.com\/de\/#organization"},"potentialAction":[{"@type":"SearchAction","target":{"@type":"EntryPoint","urlTemplate":"https:\/\/www.gtline.com\/de\/?s={search_term_string}"},"query-input":{"@type":"PropertyValueSpecification","valueRequired":true,"valueName":"search_term_string"}}],"inLanguage":"de"},{"@type":"Organization","@id":"https:\/\/www.gtline.com\/de\/#organization","name":"Gt Line","url":"https:\/\/www.gtline.com\/de\/","logo":{"@type":"ImageObject","inLanguage":"de","@id":"https:\/\/www.gtline.com\/de\/#\/schema\/logo\/image\/","url":"https:\/\/www.gtline.com\/de\/wp-content\/uploads\/sites\/5\/2025\/02\/logo.png","contentUrl":"https:\/\/www.gtline.com\/de\/wp-content\/uploads\/sites\/5\/2025\/02\/logo.png","width":228,"height":146,"caption":"Gt Line"},"image":{"@id":"https:\/\/www.gtline.com\/de\/#\/schema\/logo\/image\/"},"sameAs":["https:\/\/www.facebook.com\/gtlinesrl?locale=it_IT","https:\/\/www.instagram.com\/gt_line_srl\/","https:\/\/www.youtube.com\/channel\/UCDvpkFqswNJOVFz64PkYRQQ","https:\/\/www.linkedin.com\/company\/gt-line-srl\/"]}]}},"_links":{"self":[{"href":"https:\/\/www.gtline.com\/de\/wp-json\/wp\/v2\/product\/16919","targetHints":{"allow":["GET"]}}],"collection":[{"href":"https:\/\/www.gtline.com\/de\/wp-json\/wp\/v2\/product"}],"about":[{"href":"https:\/\/www.gtline.com\/de\/wp-json\/wp\/v2\/types\/product"}],"replies":[{"embeddable":true,"href":"https:\/\/www.gtline.com\/de\/wp-json\/wp\/v2\/comments?post=16919"}],"version-history":[{"count":4,"href":"https:\/\/www.gtline.com\/de\/wp-json\/wp\/v2\/product\/16919\/revisions"}],"predecessor-version":[{"id":27122,"href":"https:\/\/www.gtline.com\/de\/wp-json\/wp\/v2\/product\/16919\/revisions\/27122"}],"wp:featuredmedia":[{"embeddable":true,"href":"https:\/\/www.gtline.com\/de\/wp-json\/wp\/v2\/media\/8689"}],"wp:attachment":[{"href":"https:\/\/www.gtline.com\/de\/wp-json\/wp\/v2\/media?parent=16919"}],"wp:term":[{"taxonomy":"product_brand","embeddable":true,"href":"https:\/\/www.gtline.com\/de\/wp-json\/wp\/v2\/product_brand?post=16919"},{"taxonomy":"product_cat","embeddable":true,"href":"https:\/\/www.gtline.com\/de\/wp-json\/wp\/v2\/product_cat?post=16919"},{"taxonomy":"product_tag","embeddable":true,"href":"https:\/\/www.gtline.com\/de\/wp-json\/wp\/v2\/product_tag?post=16919"}],"curies":[{"name":"wp","href":"https:\/\/api.w.org\/{rel}","templated":true}]}}