{"id":16921,"date":"2025-07-30T10:21:01","date_gmt":"2025-07-30T10:21:01","guid":{"rendered":"https:\/\/www.gtline.com\/de\/prodotto\/work-line-by-gt-werkzeugrucksack-top-07-r\/"},"modified":"2026-04-17T02:08:48","modified_gmt":"2026-04-17T02:08:48","slug":"work-line-by-gt-werkzeugrucksack-top-07-r","status":"publish","type":"product","link":"https:\/\/www.gtline.com\/de\/products\/work-line-by-gt-werkzeugrucksack-top-07-r\/","title":{"rendered":"Work Line by GT Werkzeugrucksack Top 07 R"},"content":{"rendered":"<p data-start=\"3\" data-end=\"237\"><strong data-start=\"3\" data-end=\"39\" data-is-only-node=\"\">1.Kompakte, organisierte Struktur.<br \/><\/strong><br data-start=\"39\" data-end=\"42\">Zwei Hauptf\u00e4cher, getrennt durch ein herausnehmbares Innenpanel, mit abschlie\u00dfbaren Rei\u00dfverschl\u00fcssen und robusten Werkzeugtaschen f\u00fcr einen schnellen und sicheren Zugriff auf die Arbeitsmittel.<\/p>\n<p data-start=\"242\" data-end=\"461\"><strong data-start=\"242\" data-end=\"307\" data-is-only-node=\"\">2.Innen- und Au\u00dfentaschen f\u00fcr Werkzeuge, Zubeh\u00f6r und Dokumente.<br \/><\/strong><br data-start=\"307\" data-end=\"310\">Die durchdachte Organisation erm\u00f6glicht eine klare Trennung von Werkzeugen, Kleinteilen und technischen Unterlagen \u2013 f\u00fcr eine effiziente Raumnutzung.<\/p>\n<p data-start=\"466\" data-end=\"669\"><strong data-start=\"466\" data-end=\"535\" data-is-only-node=\"\">3.Gepolsterter Tragegriff, verstellbare Schultergurte und H\u00fcftgurt.<br \/><\/strong><br data-start=\"535\" data-end=\"538\">Maximaler Komfort auch bei l\u00e4ngeren Eins\u00e4tzen: Der Arbeitsrucksack passt sich dem R\u00fccken an und verteilt das Gewicht ergonomisch.<\/p>\n<p data-start=\"674\" data-end=\"834\"><strong data-start=\"674\" data-end=\"726\" data-is-only-node=\"\">4.Gepolsterte R\u00fcckenpartie f\u00fcr hohen Tragekomfort.<br \/><\/strong><br data-start=\"726\" data-end=\"729\">Die R\u00fcckseitenpolsterung sorgt f\u00fcr Halt und Atmungsaktivit\u00e4t \u2013 ideal f\u00fcr den t\u00e4glichen mobilen Einsatz.<\/p>\n<p data-start=\"839\" data-end=\"993\"><strong data-start=\"839\" data-end=\"889\" data-is-only-node=\"\">5.Verst\u00e4rkter Boden mit rutschfesten Gummif\u00fc\u00dfen.<br \/><\/strong><br data-start=\"889\" data-end=\"892\">Zus\u00e4tzlicher Schutz vor feuchten, staubigen oder unebenen Oberfl\u00e4chen f\u00fcr eine l\u00e4ngere Lebensdauer.<\/p>\n<p data-start=\"998\" data-end=\"1234\"><strong data-start=\"998\" data-end=\"1041\" data-is-only-node=\"\">6.Intelligentes Design f\u00fcr mobile Profis.<br \/><\/strong><br data-start=\"1041\" data-end=\"1044\">Mit Abmessungen von 300 x 140 x 400 mm und einem Gewicht von 2,30 kg ist er der perfekte Werkzeugrucksack \u2013 einzeln verwendbar oder in Kombination mit GT Line Werkzeugkoffern und -taschen.<\/p>\n<p data-start=\"1239\" data-end=\"1488\" data-is-last-node=\"\"><strong data-start=\"1239\" data-end=\"1295\" data-is-only-node=\"\">7.Sicherheit und schneller Zugriff in jeder Situation.<br \/><\/strong><br data-start=\"1295\" data-end=\"1298\">Die f\u00fcr Vorh\u00e4ngeschl\u00f6sser vorbereiteten Rei\u00dfverschl\u00fcsse sch\u00fctzen vor unbefugtem Zugriff und machen den TOP 07 R ideal f\u00fcr Eins\u00e4tze in gemeinsam genutzten oder \u00f6ffentlichen Arbeitsumgebungen.<\/p>\n","protected":false},"excerpt":{"rendered":"<p>Der <strong data-start=\"4\" data-end=\"16\">TOP 07 R<\/strong> ist ein <strong data-start=\"25\" data-end=\"72\">kompakter und funktionaler Werkzeugrucksack<\/strong>, der entwickelt wurde, um <strong data-start=\"99\" data-end=\"148\">Komfort und Ordnung in jeder Arbeitssituation<\/strong> zu gew\u00e4hrleisten.<br \/><br data-start=\"166\" data-end=\"169\">Ausgestattet mit <strong data-start=\"186\" data-end=\"225\">gro\u00dfz\u00fcgigen Innen- und Au\u00dfentaschen<\/strong>, <strong data-start=\"227\" data-end=\"259\">verstellbaren Schultergurten<\/strong>, <strong data-start=\"261\" data-end=\"273\">H\u00fcftgurt<\/strong> und <strong data-start=\"278\" data-end=\"307\">gepolsterter R\u00fcckenpartie<\/strong>, ist dieser <strong data-start=\"320\" data-end=\"354\">professionelle Arbeitsrucksack<\/strong> ideal f\u00fcr <strong data-start=\"365\" data-end=\"416\">Techniker, Installateure und Wartungsfachkr\u00e4fte<\/strong>, die h\u00e4ufig unterwegs sind.<br \/><br data-start=\"444\" data-end=\"447\"><strong data-start=\"447\" data-end=\"480\">Abschlie\u00dfbare Rei\u00dfverschl\u00fcsse<\/strong> und <strong data-start=\"485\" data-end=\"510\">innere Werkzeugtafeln<\/strong> sorgen f\u00fcr <strong data-start=\"522\" data-end=\"562\">Sicherheit und optimale Organisation<\/strong>, w\u00e4hrend <strong data-start=\"572\" data-end=\"585\">Gummif\u00fc\u00dfe<\/strong> den Rucksackboden vor <strong data-start=\"608\" data-end=\"633\">Abnutzung und Schmutz<\/strong> sch\u00fctzen.<\/p>\n","protected":false},"featured_media":8700,"comment_status":"open","ping_status":"closed","template":"","meta":{"_acf_changed":false},"product_brand":[],"product_cat":[230],"product_tag":[],"class_list":{"0":"post-16921","1":"product","2":"type-product","3":"status-publish","4":"has-post-thumbnail","6":"product_cat-linea-top","7":"pa_anwendungen-koffer-und-taschen-fur-betreuer","8":"pa_anwendungen-koffer-und-taschen-fur-elektriker","9":"pa_anwendungen-koffer-und-taschen-fur-installateure","10":"pa_anwendungen-koffer-und-taschen-fur-servicetechniker","11":"pa_produkttyp-werkzeugtaschen-und-rucksacke","13":"first","14":"instock","15":"shipping-taxable","16":"purchasable","17":"product-type-simple"},"acf":[],"yoast_head":"<!-- This site is optimized with the Yoast SEO plugin v25.4 - https:\/\/yoast.com\/wordpress\/plugins\/seo\/ -->\n<title>Work Line by GT Werkzeugrucksack Top 07 R - Gt Line DE<\/title>\n<meta name=\"robots\" content=\"index, follow, max-snippet:-1, max-image-preview:large, max-video-preview:-1\" \/>\n<link rel=\"canonical\" href=\"https:\/\/www.gtline.com\/de\/products\/work-line-by-gt-werkzeugrucksack-top-07-r\/\" \/>\n<meta property=\"og:locale\" content=\"de_DE\" \/>\n<meta property=\"og:type\" content=\"article\" \/>\n<meta property=\"og:title\" content=\"Work Line by GT Werkzeugrucksack Top 07 R - Gt Line DE\" \/>\n<meta property=\"og:description\" content=\"Der TOP 07 R ist ein kompakter und funktionaler Werkzeugrucksack, der entwickelt wurde, um Komfort und Ordnung in jeder Arbeitssituation zu gew\u00e4hrleisten.Ausgestattet mit gro\u00dfz\u00fcgigen Innen- und Au\u00dfentaschen, verstellbaren Schultergurten, H\u00fcftgurt und gepolsterter R\u00fcckenpartie, ist dieser professionelle Arbeitsrucksack ideal f\u00fcr Techniker, Installateure und Wartungsfachkr\u00e4fte, die h\u00e4ufig unterwegs sind.Abschlie\u00dfbare Rei\u00dfverschl\u00fcsse und innere Werkzeugtafeln sorgen f\u00fcr Sicherheit und optimale Organisation, w\u00e4hrend Gummif\u00fc\u00dfe den Rucksackboden vor Abnutzung und Schmutz sch\u00fctzen.\" \/>\n<meta property=\"og:url\" content=\"https:\/\/www.gtline.com\/de\/products\/work-line-by-gt-werkzeugrucksack-top-07-r\/\" \/>\n<meta property=\"og:site_name\" content=\"Gt Line DE\" \/>\n<meta property=\"article:publisher\" content=\"https:\/\/www.facebook.com\/gtlinesrl?locale=it_IT\" \/>\n<meta property=\"article:modified_time\" content=\"2026-04-17T02:08:48+00:00\" \/>\n<meta property=\"og:image\" content=\"https:\/\/www.gtline.com\/de\/wp-content\/uploads\/sites\/5\/2025\/05\/TOP-07-R_ALL_01_9028.jpg\" \/>\n\t<meta property=\"og:image:width\" content=\"500\" \/>\n\t<meta property=\"og:image:height\" content=\"500\" \/>\n\t<meta property=\"og:image:type\" content=\"image\/jpeg\" \/>\n<meta name=\"twitter:card\" content=\"summary_large_image\" \/>\n<meta name=\"twitter:label1\" content=\"Gesch\u00e4tzte Lesezeit\" \/>\n\t<meta name=\"twitter:data1\" content=\"1\u00a0Minute\" \/>\n<script type=\"application\/ld+json\" class=\"yoast-schema-graph\">{\"@context\":\"https:\/\/schema.org\",\"@graph\":[{\"@type\":\"WebPage\",\"@id\":\"https:\/\/www.gtline.com\/de\/products\/work-line-by-gt-werkzeugrucksack-top-07-r\/\",\"url\":\"https:\/\/www.gtline.com\/de\/products\/work-line-by-gt-werkzeugrucksack-top-07-r\/\",\"name\":\"Work Line by GT Werkzeugrucksack Top 07 R - Gt Line DE\",\"isPartOf\":{\"@id\":\"https:\/\/www.gtline.com\/de\/#website\"},\"primaryImageOfPage\":{\"@id\":\"https:\/\/www.gtline.com\/de\/products\/work-line-by-gt-werkzeugrucksack-top-07-r\/#primaryimage\"},\"image\":{\"@id\":\"https:\/\/www.gtline.com\/de\/products\/work-line-by-gt-werkzeugrucksack-top-07-r\/#primaryimage\"},\"thumbnailUrl\":\"https:\/\/www.gtline.com\/de\/wp-content\/uploads\/sites\/5\/2025\/05\/TOP-07-R_ALL_01_9028.jpg\",\"datePublished\":\"2025-07-30T10:21:01+00:00\",\"dateModified\":\"2026-04-17T02:08:48+00:00\",\"breadcrumb\":{\"@id\":\"https:\/\/www.gtline.com\/de\/products\/work-line-by-gt-werkzeugrucksack-top-07-r\/#breadcrumb\"},\"inLanguage\":\"de\",\"potentialAction\":[{\"@type\":\"ReadAction\",\"target\":[\"https:\/\/www.gtline.com\/de\/products\/work-line-by-gt-werkzeugrucksack-top-07-r\/\"]}]},{\"@type\":\"ImageObject\",\"inLanguage\":\"de\",\"@id\":\"https:\/\/www.gtline.com\/de\/products\/work-line-by-gt-werkzeugrucksack-top-07-r\/#primaryimage\",\"url\":\"https:\/\/www.gtline.com\/de\/wp-content\/uploads\/sites\/5\/2025\/05\/TOP-07-R_ALL_01_9028.jpg\",\"contentUrl\":\"https:\/\/www.gtline.com\/de\/wp-content\/uploads\/sites\/5\/2025\/05\/TOP-07-R_ALL_01_9028.jpg\",\"width\":500,\"height\":500},{\"@type\":\"BreadcrumbList\",\"@id\":\"https:\/\/www.gtline.com\/de\/products\/work-line-by-gt-werkzeugrucksack-top-07-r\/#breadcrumb\",\"itemListElement\":[{\"@type\":\"ListItem\",\"position\":1,\"name\":\"Home\",\"item\":\"https:\/\/www.gtline.com\/de\/\"},{\"@type\":\"ListItem\",\"position\":2,\"name\":\"Shop\",\"item\":\"https:\/\/www.gtline.com\/de\/negozio\/\"},{\"@type\":\"ListItem\",\"position\":3,\"name\":\"Work Line by GT Werkzeugrucksack Top 07 R\"}]},{\"@type\":\"WebSite\",\"@id\":\"https:\/\/www.gtline.com\/de\/#website\",\"url\":\"https:\/\/www.gtline.com\/de\/\",\"name\":\"Gt Line\",\"description\":\"\",\"publisher\":{\"@id\":\"https:\/\/www.gtline.com\/de\/#organization\"},\"potentialAction\":[{\"@type\":\"SearchAction\",\"target\":{\"@type\":\"EntryPoint\",\"urlTemplate\":\"https:\/\/www.gtline.com\/de\/?s={search_term_string}\"},\"query-input\":{\"@type\":\"PropertyValueSpecification\",\"valueRequired\":true,\"valueName\":\"search_term_string\"}}],\"inLanguage\":\"de\"},{\"@type\":\"Organization\",\"@id\":\"https:\/\/www.gtline.com\/de\/#organization\",\"name\":\"Gt Line\",\"url\":\"https:\/\/www.gtline.com\/de\/\",\"logo\":{\"@type\":\"ImageObject\",\"inLanguage\":\"de\",\"@id\":\"https:\/\/www.gtline.com\/de\/#\/schema\/logo\/image\/\",\"url\":\"https:\/\/www.gtline.com\/de\/wp-content\/uploads\/sites\/5\/2025\/02\/logo.png\",\"contentUrl\":\"https:\/\/www.gtline.com\/de\/wp-content\/uploads\/sites\/5\/2025\/02\/logo.png\",\"width\":228,\"height\":146,\"caption\":\"Gt Line\"},\"image\":{\"@id\":\"https:\/\/www.gtline.com\/de\/#\/schema\/logo\/image\/\"},\"sameAs\":[\"https:\/\/www.facebook.com\/gtlinesrl?locale=it_IT\",\"https:\/\/www.instagram.com\/gt_line_srl\/\",\"https:\/\/www.youtube.com\/channel\/UCDvpkFqswNJOVFz64PkYRQQ\",\"https:\/\/www.linkedin.com\/company\/gt-line-srl\/\"]}]}<\/script>\n<!-- \/ Yoast SEO plugin. -->","yoast_head_json":{"title":"Work Line by GT Werkzeugrucksack Top 07 R - Gt Line DE","robots":{"index":"index","follow":"follow","max-snippet":"max-snippet:-1","max-image-preview":"max-image-preview:large","max-video-preview":"max-video-preview:-1"},"canonical":"https:\/\/www.gtline.com\/de\/products\/work-line-by-gt-werkzeugrucksack-top-07-r\/","og_locale":"de_DE","og_type":"article","og_title":"Work Line by GT Werkzeugrucksack Top 07 R - Gt Line DE","og_description":"Der TOP 07 R ist ein kompakter und funktionaler Werkzeugrucksack, der entwickelt wurde, um Komfort und Ordnung in jeder Arbeitssituation zu gew\u00e4hrleisten.Ausgestattet mit gro\u00dfz\u00fcgigen Innen- und Au\u00dfentaschen, verstellbaren Schultergurten, H\u00fcftgurt und gepolsterter R\u00fcckenpartie, ist dieser professionelle Arbeitsrucksack ideal f\u00fcr Techniker, Installateure und Wartungsfachkr\u00e4fte, die h\u00e4ufig unterwegs sind.Abschlie\u00dfbare Rei\u00dfverschl\u00fcsse und innere Werkzeugtafeln sorgen f\u00fcr Sicherheit und optimale Organisation, w\u00e4hrend Gummif\u00fc\u00dfe den Rucksackboden vor Abnutzung und Schmutz sch\u00fctzen.","og_url":"https:\/\/www.gtline.com\/de\/products\/work-line-by-gt-werkzeugrucksack-top-07-r\/","og_site_name":"Gt Line DE","article_publisher":"https:\/\/www.facebook.com\/gtlinesrl?locale=it_IT","article_modified_time":"2026-04-17T02:08:48+00:00","og_image":[{"width":500,"height":500,"url":"https:\/\/www.gtline.com\/de\/wp-content\/uploads\/sites\/5\/2025\/05\/TOP-07-R_ALL_01_9028.jpg","type":"image\/jpeg"}],"twitter_card":"summary_large_image","twitter_misc":{"Gesch\u00e4tzte Lesezeit":"1\u00a0Minute"},"schema":{"@context":"https:\/\/schema.org","@graph":[{"@type":"WebPage","@id":"https:\/\/www.gtline.com\/de\/products\/work-line-by-gt-werkzeugrucksack-top-07-r\/","url":"https:\/\/www.gtline.com\/de\/products\/work-line-by-gt-werkzeugrucksack-top-07-r\/","name":"Work Line by GT Werkzeugrucksack Top 07 R - Gt Line DE","isPartOf":{"@id":"https:\/\/www.gtline.com\/de\/#website"},"primaryImageOfPage":{"@id":"https:\/\/www.gtline.com\/de\/products\/work-line-by-gt-werkzeugrucksack-top-07-r\/#primaryimage"},"image":{"@id":"https:\/\/www.gtline.com\/de\/products\/work-line-by-gt-werkzeugrucksack-top-07-r\/#primaryimage"},"thumbnailUrl":"https:\/\/www.gtline.com\/de\/wp-content\/uploads\/sites\/5\/2025\/05\/TOP-07-R_ALL_01_9028.jpg","datePublished":"2025-07-30T10:21:01+00:00","dateModified":"2026-04-17T02:08:48+00:00","breadcrumb":{"@id":"https:\/\/www.gtline.com\/de\/products\/work-line-by-gt-werkzeugrucksack-top-07-r\/#breadcrumb"},"inLanguage":"de","potentialAction":[{"@type":"ReadAction","target":["https:\/\/www.gtline.com\/de\/products\/work-line-by-gt-werkzeugrucksack-top-07-r\/"]}]},{"@type":"ImageObject","inLanguage":"de","@id":"https:\/\/www.gtline.com\/de\/products\/work-line-by-gt-werkzeugrucksack-top-07-r\/#primaryimage","url":"https:\/\/www.gtline.com\/de\/wp-content\/uploads\/sites\/5\/2025\/05\/TOP-07-R_ALL_01_9028.jpg","contentUrl":"https:\/\/www.gtline.com\/de\/wp-content\/uploads\/sites\/5\/2025\/05\/TOP-07-R_ALL_01_9028.jpg","width":500,"height":500},{"@type":"BreadcrumbList","@id":"https:\/\/www.gtline.com\/de\/products\/work-line-by-gt-werkzeugrucksack-top-07-r\/#breadcrumb","itemListElement":[{"@type":"ListItem","position":1,"name":"Home","item":"https:\/\/www.gtline.com\/de\/"},{"@type":"ListItem","position":2,"name":"Shop","item":"https:\/\/www.gtline.com\/de\/negozio\/"},{"@type":"ListItem","position":3,"name":"Work Line by GT Werkzeugrucksack Top 07 R"}]},{"@type":"WebSite","@id":"https:\/\/www.gtline.com\/de\/#website","url":"https:\/\/www.gtline.com\/de\/","name":"Gt Line","description":"","publisher":{"@id":"https:\/\/www.gtline.com\/de\/#organization"},"potentialAction":[{"@type":"SearchAction","target":{"@type":"EntryPoint","urlTemplate":"https:\/\/www.gtline.com\/de\/?s={search_term_string}"},"query-input":{"@type":"PropertyValueSpecification","valueRequired":true,"valueName":"search_term_string"}}],"inLanguage":"de"},{"@type":"Organization","@id":"https:\/\/www.gtline.com\/de\/#organization","name":"Gt Line","url":"https:\/\/www.gtline.com\/de\/","logo":{"@type":"ImageObject","inLanguage":"de","@id":"https:\/\/www.gtline.com\/de\/#\/schema\/logo\/image\/","url":"https:\/\/www.gtline.com\/de\/wp-content\/uploads\/sites\/5\/2025\/02\/logo.png","contentUrl":"https:\/\/www.gtline.com\/de\/wp-content\/uploads\/sites\/5\/2025\/02\/logo.png","width":228,"height":146,"caption":"Gt Line"},"image":{"@id":"https:\/\/www.gtline.com\/de\/#\/schema\/logo\/image\/"},"sameAs":["https:\/\/www.facebook.com\/gtlinesrl?locale=it_IT","https:\/\/www.instagram.com\/gt_line_srl\/","https:\/\/www.youtube.com\/channel\/UCDvpkFqswNJOVFz64PkYRQQ","https:\/\/www.linkedin.com\/company\/gt-line-srl\/"]}]}},"_links":{"self":[{"href":"https:\/\/www.gtline.com\/de\/wp-json\/wp\/v2\/product\/16921","targetHints":{"allow":["GET"]}}],"collection":[{"href":"https:\/\/www.gtline.com\/de\/wp-json\/wp\/v2\/product"}],"about":[{"href":"https:\/\/www.gtline.com\/de\/wp-json\/wp\/v2\/types\/product"}],"replies":[{"embeddable":true,"href":"https:\/\/www.gtline.com\/de\/wp-json\/wp\/v2\/comments?post=16921"}],"version-history":[{"count":2,"href":"https:\/\/www.gtline.com\/de\/wp-json\/wp\/v2\/product\/16921\/revisions"}],"predecessor-version":[{"id":22321,"href":"https:\/\/www.gtline.com\/de\/wp-json\/wp\/v2\/product\/16921\/revisions\/22321"}],"wp:featuredmedia":[{"embeddable":true,"href":"https:\/\/www.gtline.com\/de\/wp-json\/wp\/v2\/media\/8700"}],"wp:attachment":[{"href":"https:\/\/www.gtline.com\/de\/wp-json\/wp\/v2\/media?parent=16921"}],"wp:term":[{"taxonomy":"product_brand","embeddable":true,"href":"https:\/\/www.gtline.com\/de\/wp-json\/wp\/v2\/product_brand?post=16921"},{"taxonomy":"product_cat","embeddable":true,"href":"https:\/\/www.gtline.com\/de\/wp-json\/wp\/v2\/product_cat?post=16921"},{"taxonomy":"product_tag","embeddable":true,"href":"https:\/\/www.gtline.com\/de\/wp-json\/wp\/v2\/product_tag?post=16921"}],"curies":[{"name":"wp","href":"https:\/\/api.w.org\/{rel}","templated":true}]}}