{"id":16923,"date":"2025-07-30T10:21:04","date_gmt":"2025-07-30T10:21:04","guid":{"rendered":"https:\/\/www.gtline.com\/de\/prodotto\/work-line-by-gt-tool-belt-top-tool-belt-r\/"},"modified":"2026-04-30T02:08:26","modified_gmt":"2026-04-30T02:08:26","slug":"work-line-by-gt-tool-belt-top-tool-belt-r","status":"publish","type":"product","link":"https:\/\/www.gtline.com\/de\/products\/work-line-by-gt-tool-belt-top-tool-belt-r\/","title":{"rendered":"Work Line by GT Tool Belt Top Tool Belt R"},"content":{"rendered":"<p data-start=\"3\" data-end=\"248\"><strong data-start=\"3\" data-end=\"67\" data-is-only-node=\"\">1.Maximale Bewegungsfreiheit mit Werkzeugen stets griffbereit.<br \/><\/strong><br data-start=\"67\" data-end=\"70\">Der <strong data-start=\"77\" data-end=\"95\">Werkzeugg\u00fcrtel<\/strong> wird bequem um die Taille getragen und erm\u00f6glicht das <strong data-start=\"150\" data-end=\"180\">Arbeiten mit freien H\u00e4nden<\/strong>, wodurch unn\u00f6tige Wege zum Holen von Werkzeugen reduziert werden.<\/p>\n<p data-start=\"253\" data-end=\"552\"><strong data-start=\"253\" data-end=\"328\" data-is-only-node=\"\">2.Mehrere fest vern\u00e4hte Taschen f\u00fcr eine intelligente Werkzeugverteilung.<br \/><\/strong><br data-start=\"328\" data-end=\"331\">Die <strong data-start=\"338\" data-end=\"373\">Taschen in verschiedenen Gr\u00f6\u00dfen<\/strong> sind fest vern\u00e4ht, um <strong data-start=\"396\" data-end=\"436\">Haltbarkeit und Widerstandsf\u00e4higkeit<\/strong> zu gew\u00e4hrleisten \u2013 ideal zum Aufbewahren von <strong data-start=\"482\" data-end=\"519\">Zangen, Schraubendrehern, Cuttern<\/strong> und anderen Arbeitswerkzeugen.<\/p>\n<p data-start=\"557\" data-end=\"758\"><strong data-start=\"557\" data-end=\"609\" data-is-only-node=\"\">3.Integrierter Halter f\u00fcr Hammer oder Schonhammer.<br \/><\/strong><br data-start=\"609\" data-end=\"612\">Der G\u00fcrtel ist mit einem <strong data-start=\"640\" data-end=\"665\">stabilen Hammerhalter<\/strong> ausgestattet, der den <strong data-start=\"688\" data-end=\"744\">sicheren Transport schwerer oder sperriger Werkzeuge<\/strong> erm\u00f6glicht.<\/p>\n<p data-start=\"763\" data-end=\"976\"><strong data-start=\"763\" data-end=\"823\" data-is-only-node=\"\">4.Schnellbefestigung f\u00fcr Ma\u00dfband oder andere Zubeh\u00f6rteile.<br \/><\/strong><br data-start=\"823\" data-end=\"826\">Der <strong data-start=\"833\" data-end=\"852\">praktische Clip<\/strong> sorgt daf\u00fcr, dass das <strong data-start=\"875\" data-end=\"904\">Ma\u00dfband immer griffbereit<\/strong> ist \u2013 f\u00fcr <strong data-start=\"915\" data-end=\"958\">schnellere und pr\u00e4zisere Arbeitsabl\u00e4ufe<\/strong> direkt vor Ort.<\/p>\n<p data-start=\"981\" data-end=\"1191\"><strong data-start=\"981\" data-end=\"1028\" data-is-only-node=\"\">5.Verstellbar f\u00fcr eine individuelle Passform.<br \/><\/strong><br data-start=\"1028\" data-end=\"1031\">L\u00e4sst sich <strong data-start=\"1045\" data-end=\"1088\">leicht an unterschiedliche K\u00f6rpergr\u00f6\u00dfen<\/strong> anpassen und bietet <strong data-start=\"1109\" data-end=\"1132\">ganzt\u00e4gigen Komfort<\/strong>, auch bei Bewegung oder in unbequemen Arbeitspositionen.<\/p>\n<p data-start=\"1196\" data-end=\"1444\"><strong data-start=\"1196\" data-end=\"1254\" data-is-only-node=\"\">6.Kompakte und leichte Struktur f\u00fcr dynamische Arbeiten.<br \/><\/strong><br data-start=\"1254\" data-end=\"1257\">Mit den Abmessungen <strong data-start=\"1280\" data-end=\"1296\">500 x 230 mm<\/strong> und einem Gewicht von nur <strong data-start=\"1323\" data-end=\"1334\">0,30 kg<\/strong> ist der G\u00fcrtel ideal f\u00fcr <strong data-start=\"1360\" data-end=\"1381\">mobile Fachkr\u00e4fte<\/strong>, die eine <strong data-start=\"1392\" data-end=\"1431\">agile und funktionale Unterst\u00fctzung<\/strong> ben\u00f6tigen.<\/p>\n<p data-start=\"1449\" data-end=\"1711\" data-is-last-node=\"\"><strong data-start=\"1449\" data-end=\"1511\" data-is-only-node=\"\">7.Kompatibel mit professionellen Werkzeug-Transportsystemen.<br \/><\/strong><br data-start=\"1511\" data-end=\"1514\">Perfekt kombinierbar mit <strong data-start=\"1542\" data-end=\"1599\">Werkzeugkoffern, Arbeits-Trolleys, Werkzeugrucks\u00e4cken<\/strong> oder <strong data-start=\"1605\" data-end=\"1640\">professionellen Werkzeugtaschen<\/strong> \u2013 f\u00fcr ein <strong data-start=\"1651\" data-end=\"1710\">vollst\u00e4ndig modulares und effizientes Ausr\u00fcstungssystem<\/strong>.<\/p>\n","protected":false},"excerpt":{"rendered":"<p data-start=\"0\" data-end=\"538\">Der <strong data-start=\"4\" data-end=\"23\">Top Tool Belt R<\/strong> ist ein <strong data-start=\"32\" data-end=\"50\">Werkzeugg\u00fcrtel<\/strong>, der f\u00fcr <strong data-start=\"60\" data-end=\"70\">Profis<\/strong> entwickelt wurde, die <strong data-start=\"93\" data-end=\"139\">alle wichtigen Werkzeuge stets griffbereit<\/strong> haben m\u00f6chten \u2013 bei gleichzeitig <strong data-start=\"173\" data-end=\"223\">maximaler Beweglichkeit und hohem Tragekomfort<\/strong> w\u00e4hrend der Arbeit.<br \/><br data-start=\"243\" data-end=\"246\">Ausgestattet mit <strong data-start=\"263\" data-end=\"326\">mehreren fest vern\u00e4hten Taschen in unterschiedlichen Gr\u00f6\u00dfen<\/strong>, einem <strong data-start=\"334\" data-end=\"372\">Halter f\u00fcr Hammer oder Schonhammer<\/strong> sowie einer <strong data-start=\"385\" data-end=\"416\">Befestigung f\u00fcr ein Ma\u00dfband<\/strong>, bietet er eine <strong data-start=\"433\" data-end=\"466\">praktische und robuste L\u00f6sung<\/strong> f\u00fcr <strong data-start=\"471\" data-end=\"535\">Elektriker, Wartungstechniker, Installateure und Bauarbeiter<\/strong>.<\/p>\n<p data-start=\"540\" data-end=\"759\" data-is-last-node=\"\" data-is-only-node=\"\">Der <strong data-start=\"544\" data-end=\"563\">Top Tool Belt R<\/strong> ist die <strong data-start=\"572\" data-end=\"592\">ideale Erg\u00e4nzung<\/strong> zu <strong data-start=\"596\" data-end=\"682\">professionellen Rucks\u00e4cken, Werkzeugtaschen, Arbeitsrucks\u00e4cken und Werkzeugkoffern<\/strong> und sorgt f\u00fcr <strong data-start=\"697\" data-end=\"732\">mehr Effizienz und Organisation<\/strong> in jeder Arbeitssituation.<\/p>\n","protected":false},"featured_media":8709,"comment_status":"open","ping_status":"closed","template":"","meta":{"_acf_changed":false},"product_brand":[],"product_cat":[230],"product_tag":[],"class_list":{"0":"post-16923","1":"product","2":"type-product","3":"status-publish","4":"has-post-thumbnail","6":"product_cat-linea-top","7":"pa_anwendungen-koffer-und-taschen-fur-betreuer","8":"pa_anwendungen-koffer-und-taschen-fur-elektriker","9":"pa_anwendungen-koffer-und-taschen-fur-installateure","10":"pa_anwendungen-koffer-und-taschen-fur-servicetechniker","11":"pa_produkttyp-werkzeugtaschen-und-rucksacke","13":"first","14":"instock","15":"shipping-taxable","16":"purchasable","17":"product-type-simple"},"acf":[],"yoast_head":"<!-- This site is optimized with the Yoast SEO plugin v27.4 - https:\/\/yoast.com\/product\/yoast-seo-wordpress\/ -->\n<title>Work Line by GT Tool Belt Top Tool Belt R - Gt Line DE<\/title>\n<meta name=\"robots\" content=\"index, follow, max-snippet:-1, max-image-preview:large, max-video-preview:-1\" \/>\n<link rel=\"canonical\" href=\"https:\/\/www.gtline.com\/de\/products\/work-line-by-gt-tool-belt-top-tool-belt-r\/\" \/>\n<meta property=\"og:locale\" content=\"de_DE\" \/>\n<meta property=\"og:type\" content=\"article\" \/>\n<meta property=\"og:title\" content=\"Work Line by GT Tool Belt Top Tool Belt R - Gt Line DE\" \/>\n<meta property=\"og:description\" content=\"Der Top Tool Belt R ist ein Werkzeugg\u00fcrtel, der f\u00fcr Profis entwickelt wurde, die alle wichtigen Werkzeuge stets griffbereit haben m\u00f6chten \u2013 bei gleichzeitig maximaler Beweglichkeit und hohem Tragekomfort w\u00e4hrend der Arbeit.Ausgestattet mit mehreren fest vern\u00e4hten Taschen in unterschiedlichen Gr\u00f6\u00dfen, einem Halter f\u00fcr Hammer oder Schonhammer sowie einer Befestigung f\u00fcr ein Ma\u00dfband, bietet er eine praktische und robuste L\u00f6sung f\u00fcr Elektriker, Wartungstechniker, Installateure und Bauarbeiter. Der Top Tool Belt R ist die ideale Erg\u00e4nzung zu professionellen Rucks\u00e4cken, Werkzeugtaschen, Arbeitsrucks\u00e4cken und Werkzeugkoffern und sorgt f\u00fcr mehr Effizienz und Organisation in jeder Arbeitssituation.\" \/>\n<meta property=\"og:url\" content=\"https:\/\/www.gtline.com\/de\/products\/work-line-by-gt-tool-belt-top-tool-belt-r\/\" \/>\n<meta property=\"og:site_name\" content=\"Gt Line DE\" \/>\n<meta property=\"article:publisher\" content=\"https:\/\/www.facebook.com\/gtlinesrl?locale=it_IT\" \/>\n<meta property=\"article:modified_time\" content=\"2026-04-30T02:08:26+00:00\" \/>\n<meta property=\"og:image\" content=\"https:\/\/www.gtline.com\/de\/wp-content\/uploads\/sites\/5\/2025\/05\/TOP-TOOL-BELT-R_01_9029.jpg\" \/>\n\t<meta property=\"og:image:width\" content=\"500\" \/>\n\t<meta property=\"og:image:height\" content=\"500\" \/>\n\t<meta property=\"og:image:type\" content=\"image\/jpeg\" \/>\n<meta name=\"twitter:card\" content=\"summary_large_image\" \/>\n<meta name=\"twitter:label1\" content=\"Gesch\u00e4tzte Lesezeit\" \/>\n\t<meta name=\"twitter:data1\" content=\"1\u00a0Minute\" \/>\n<script type=\"application\/ld+json\" class=\"yoast-schema-graph\">{\"@context\":\"https:\\\/\\\/schema.org\",\"@graph\":[{\"@type\":\"WebPage\",\"@id\":\"https:\\\/\\\/www.gtline.com\\\/de\\\/products\\\/work-line-by-gt-tool-belt-top-tool-belt-r\\\/\",\"url\":\"https:\\\/\\\/www.gtline.com\\\/de\\\/products\\\/work-line-by-gt-tool-belt-top-tool-belt-r\\\/\",\"name\":\"Work Line by GT Tool Belt Top Tool Belt R - Gt Line DE\",\"isPartOf\":{\"@id\":\"https:\\\/\\\/www.gtline.com\\\/de\\\/#website\"},\"primaryImageOfPage\":{\"@id\":\"https:\\\/\\\/www.gtline.com\\\/de\\\/products\\\/work-line-by-gt-tool-belt-top-tool-belt-r\\\/#primaryimage\"},\"image\":{\"@id\":\"https:\\\/\\\/www.gtline.com\\\/de\\\/products\\\/work-line-by-gt-tool-belt-top-tool-belt-r\\\/#primaryimage\"},\"thumbnailUrl\":\"https:\\\/\\\/www.gtline.com\\\/de\\\/wp-content\\\/uploads\\\/sites\\\/5\\\/2025\\\/05\\\/TOP-TOOL-BELT-R_01_9029.jpg\",\"datePublished\":\"2025-07-30T10:21:04+00:00\",\"dateModified\":\"2026-04-30T02:08:26+00:00\",\"breadcrumb\":{\"@id\":\"https:\\\/\\\/www.gtline.com\\\/de\\\/products\\\/work-line-by-gt-tool-belt-top-tool-belt-r\\\/#breadcrumb\"},\"inLanguage\":\"de\",\"potentialAction\":[{\"@type\":\"ReadAction\",\"target\":[\"https:\\\/\\\/www.gtline.com\\\/de\\\/products\\\/work-line-by-gt-tool-belt-top-tool-belt-r\\\/\"]}]},{\"@type\":\"ImageObject\",\"inLanguage\":\"de\",\"@id\":\"https:\\\/\\\/www.gtline.com\\\/de\\\/products\\\/work-line-by-gt-tool-belt-top-tool-belt-r\\\/#primaryimage\",\"url\":\"https:\\\/\\\/www.gtline.com\\\/de\\\/wp-content\\\/uploads\\\/sites\\\/5\\\/2025\\\/05\\\/TOP-TOOL-BELT-R_01_9029.jpg\",\"contentUrl\":\"https:\\\/\\\/www.gtline.com\\\/de\\\/wp-content\\\/uploads\\\/sites\\\/5\\\/2025\\\/05\\\/TOP-TOOL-BELT-R_01_9029.jpg\",\"width\":500,\"height\":500},{\"@type\":\"BreadcrumbList\",\"@id\":\"https:\\\/\\\/www.gtline.com\\\/de\\\/products\\\/work-line-by-gt-tool-belt-top-tool-belt-r\\\/#breadcrumb\",\"itemListElement\":[{\"@type\":\"ListItem\",\"position\":1,\"name\":\"Home\",\"item\":\"https:\\\/\\\/www.gtline.com\\\/de\\\/\"},{\"@type\":\"ListItem\",\"position\":2,\"name\":\"Shop\",\"item\":\"https:\\\/\\\/www.gtline.com\\\/de\\\/negozio\\\/\"},{\"@type\":\"ListItem\",\"position\":3,\"name\":\"Work Line by GT Tool Belt Top Tool Belt R\"}]},{\"@type\":\"WebSite\",\"@id\":\"https:\\\/\\\/www.gtline.com\\\/de\\\/#website\",\"url\":\"https:\\\/\\\/www.gtline.com\\\/de\\\/\",\"name\":\"Gt Line\",\"description\":\"\",\"publisher\":{\"@id\":\"https:\\\/\\\/www.gtline.com\\\/de\\\/#organization\"},\"potentialAction\":[{\"@type\":\"SearchAction\",\"target\":{\"@type\":\"EntryPoint\",\"urlTemplate\":\"https:\\\/\\\/www.gtline.com\\\/de\\\/?s={search_term_string}\"},\"query-input\":{\"@type\":\"PropertyValueSpecification\",\"valueRequired\":true,\"valueName\":\"search_term_string\"}}],\"inLanguage\":\"de\"},{\"@type\":\"Organization\",\"@id\":\"https:\\\/\\\/www.gtline.com\\\/de\\\/#organization\",\"name\":\"Gt Line\",\"url\":\"https:\\\/\\\/www.gtline.com\\\/de\\\/\",\"logo\":{\"@type\":\"ImageObject\",\"inLanguage\":\"de\",\"@id\":\"https:\\\/\\\/www.gtline.com\\\/de\\\/#\\\/schema\\\/logo\\\/image\\\/\",\"url\":\"https:\\\/\\\/www.gtline.com\\\/de\\\/wp-content\\\/uploads\\\/sites\\\/5\\\/2025\\\/02\\\/logo.png\",\"contentUrl\":\"https:\\\/\\\/www.gtline.com\\\/de\\\/wp-content\\\/uploads\\\/sites\\\/5\\\/2025\\\/02\\\/logo.png\",\"width\":228,\"height\":146,\"caption\":\"Gt Line\"},\"image\":{\"@id\":\"https:\\\/\\\/www.gtline.com\\\/de\\\/#\\\/schema\\\/logo\\\/image\\\/\"},\"sameAs\":[\"https:\\\/\\\/www.facebook.com\\\/gtlinesrl?locale=it_IT\",\"https:\\\/\\\/www.instagram.com\\\/gt_line_srl\\\/\",\"https:\\\/\\\/www.youtube.com\\\/channel\\\/UCDvpkFqswNJOVFz64PkYRQQ\",\"https:\\\/\\\/www.linkedin.com\\\/company\\\/gt-line-srl\\\/\"]}]}<\/script>\n<!-- \/ Yoast SEO plugin. -->","yoast_head_json":{"title":"Work Line by GT Tool Belt Top Tool Belt R - Gt Line DE","robots":{"index":"index","follow":"follow","max-snippet":"max-snippet:-1","max-image-preview":"max-image-preview:large","max-video-preview":"max-video-preview:-1"},"canonical":"https:\/\/www.gtline.com\/de\/products\/work-line-by-gt-tool-belt-top-tool-belt-r\/","og_locale":"de_DE","og_type":"article","og_title":"Work Line by GT Tool Belt Top Tool Belt R - Gt Line DE","og_description":"Der Top Tool Belt R ist ein Werkzeugg\u00fcrtel, der f\u00fcr Profis entwickelt wurde, die alle wichtigen Werkzeuge stets griffbereit haben m\u00f6chten \u2013 bei gleichzeitig maximaler Beweglichkeit und hohem Tragekomfort w\u00e4hrend der Arbeit.Ausgestattet mit mehreren fest vern\u00e4hten Taschen in unterschiedlichen Gr\u00f6\u00dfen, einem Halter f\u00fcr Hammer oder Schonhammer sowie einer Befestigung f\u00fcr ein Ma\u00dfband, bietet er eine praktische und robuste L\u00f6sung f\u00fcr Elektriker, Wartungstechniker, Installateure und Bauarbeiter. Der Top Tool Belt R ist die ideale Erg\u00e4nzung zu professionellen Rucks\u00e4cken, Werkzeugtaschen, Arbeitsrucks\u00e4cken und Werkzeugkoffern und sorgt f\u00fcr mehr Effizienz und Organisation in jeder Arbeitssituation.","og_url":"https:\/\/www.gtline.com\/de\/products\/work-line-by-gt-tool-belt-top-tool-belt-r\/","og_site_name":"Gt Line DE","article_publisher":"https:\/\/www.facebook.com\/gtlinesrl?locale=it_IT","article_modified_time":"2026-04-30T02:08:26+00:00","og_image":[{"width":500,"height":500,"url":"https:\/\/www.gtline.com\/de\/wp-content\/uploads\/sites\/5\/2025\/05\/TOP-TOOL-BELT-R_01_9029.jpg","type":"image\/jpeg"}],"twitter_card":"summary_large_image","twitter_misc":{"Gesch\u00e4tzte Lesezeit":"1\u00a0Minute"},"schema":{"@context":"https:\/\/schema.org","@graph":[{"@type":"WebPage","@id":"https:\/\/www.gtline.com\/de\/products\/work-line-by-gt-tool-belt-top-tool-belt-r\/","url":"https:\/\/www.gtline.com\/de\/products\/work-line-by-gt-tool-belt-top-tool-belt-r\/","name":"Work Line by GT Tool Belt Top Tool Belt R - Gt Line DE","isPartOf":{"@id":"https:\/\/www.gtline.com\/de\/#website"},"primaryImageOfPage":{"@id":"https:\/\/www.gtline.com\/de\/products\/work-line-by-gt-tool-belt-top-tool-belt-r\/#primaryimage"},"image":{"@id":"https:\/\/www.gtline.com\/de\/products\/work-line-by-gt-tool-belt-top-tool-belt-r\/#primaryimage"},"thumbnailUrl":"https:\/\/www.gtline.com\/de\/wp-content\/uploads\/sites\/5\/2025\/05\/TOP-TOOL-BELT-R_01_9029.jpg","datePublished":"2025-07-30T10:21:04+00:00","dateModified":"2026-04-30T02:08:26+00:00","breadcrumb":{"@id":"https:\/\/www.gtline.com\/de\/products\/work-line-by-gt-tool-belt-top-tool-belt-r\/#breadcrumb"},"inLanguage":"de","potentialAction":[{"@type":"ReadAction","target":["https:\/\/www.gtline.com\/de\/products\/work-line-by-gt-tool-belt-top-tool-belt-r\/"]}]},{"@type":"ImageObject","inLanguage":"de","@id":"https:\/\/www.gtline.com\/de\/products\/work-line-by-gt-tool-belt-top-tool-belt-r\/#primaryimage","url":"https:\/\/www.gtline.com\/de\/wp-content\/uploads\/sites\/5\/2025\/05\/TOP-TOOL-BELT-R_01_9029.jpg","contentUrl":"https:\/\/www.gtline.com\/de\/wp-content\/uploads\/sites\/5\/2025\/05\/TOP-TOOL-BELT-R_01_9029.jpg","width":500,"height":500},{"@type":"BreadcrumbList","@id":"https:\/\/www.gtline.com\/de\/products\/work-line-by-gt-tool-belt-top-tool-belt-r\/#breadcrumb","itemListElement":[{"@type":"ListItem","position":1,"name":"Home","item":"https:\/\/www.gtline.com\/de\/"},{"@type":"ListItem","position":2,"name":"Shop","item":"https:\/\/www.gtline.com\/de\/negozio\/"},{"@type":"ListItem","position":3,"name":"Work Line by GT Tool Belt Top Tool Belt R"}]},{"@type":"WebSite","@id":"https:\/\/www.gtline.com\/de\/#website","url":"https:\/\/www.gtline.com\/de\/","name":"Gt Line","description":"","publisher":{"@id":"https:\/\/www.gtline.com\/de\/#organization"},"potentialAction":[{"@type":"SearchAction","target":{"@type":"EntryPoint","urlTemplate":"https:\/\/www.gtline.com\/de\/?s={search_term_string}"},"query-input":{"@type":"PropertyValueSpecification","valueRequired":true,"valueName":"search_term_string"}}],"inLanguage":"de"},{"@type":"Organization","@id":"https:\/\/www.gtline.com\/de\/#organization","name":"Gt Line","url":"https:\/\/www.gtline.com\/de\/","logo":{"@type":"ImageObject","inLanguage":"de","@id":"https:\/\/www.gtline.com\/de\/#\/schema\/logo\/image\/","url":"https:\/\/www.gtline.com\/de\/wp-content\/uploads\/sites\/5\/2025\/02\/logo.png","contentUrl":"https:\/\/www.gtline.com\/de\/wp-content\/uploads\/sites\/5\/2025\/02\/logo.png","width":228,"height":146,"caption":"Gt Line"},"image":{"@id":"https:\/\/www.gtline.com\/de\/#\/schema\/logo\/image\/"},"sameAs":["https:\/\/www.facebook.com\/gtlinesrl?locale=it_IT","https:\/\/www.instagram.com\/gt_line_srl\/","https:\/\/www.youtube.com\/channel\/UCDvpkFqswNJOVFz64PkYRQQ","https:\/\/www.linkedin.com\/company\/gt-line-srl\/"]}]}},"_links":{"self":[{"href":"https:\/\/www.gtline.com\/de\/wp-json\/wp\/v2\/product\/16923","targetHints":{"allow":["GET"]}}],"collection":[{"href":"https:\/\/www.gtline.com\/de\/wp-json\/wp\/v2\/product"}],"about":[{"href":"https:\/\/www.gtline.com\/de\/wp-json\/wp\/v2\/types\/product"}],"replies":[{"embeddable":true,"href":"https:\/\/www.gtline.com\/de\/wp-json\/wp\/v2\/comments?post=16923"}],"version-history":[{"count":2,"href":"https:\/\/www.gtline.com\/de\/wp-json\/wp\/v2\/product\/16923\/revisions"}],"predecessor-version":[{"id":22322,"href":"https:\/\/www.gtline.com\/de\/wp-json\/wp\/v2\/product\/16923\/revisions\/22322"}],"wp:featuredmedia":[{"embeddable":true,"href":"https:\/\/www.gtline.com\/de\/wp-json\/wp\/v2\/media\/8709"}],"wp:attachment":[{"href":"https:\/\/www.gtline.com\/de\/wp-json\/wp\/v2\/media?parent=16923"}],"wp:term":[{"taxonomy":"product_brand","embeddable":true,"href":"https:\/\/www.gtline.com\/de\/wp-json\/wp\/v2\/product_brand?post=16923"},{"taxonomy":"product_cat","embeddable":true,"href":"https:\/\/www.gtline.com\/de\/wp-json\/wp\/v2\/product_cat?post=16923"},{"taxonomy":"product_tag","embeddable":true,"href":"https:\/\/www.gtline.com\/de\/wp-json\/wp\/v2\/product_tag?post=16923"}],"curies":[{"name":"wp","href":"https:\/\/api.w.org\/{rel}","templated":true}]}}