{"id":16925,"date":"2025-07-30T10:21:08","date_gmt":"2025-07-30T10:21:08","guid":{"rendered":"https:\/\/www.gtline.com\/de\/prodotto\/work-line-by-gt-tool-pocket-top-electra-r\/"},"modified":"2026-04-30T02:08:29","modified_gmt":"2026-04-30T02:08:29","slug":"work-line-by-gt-tool-pocket-top-electra-r","status":"publish","type":"product","link":"https:\/\/www.gtline.com\/de\/products\/work-line-by-gt-tool-pocket-top-electra-r\/","title":{"rendered":"Work Line by GT Tool Pocket Top Electra R"},"content":{"rendered":"<p data-start=\"3\" data-end=\"239\"><strong data-start=\"3\" data-end=\"46\" data-is-only-node=\"\">1.Kompaktes und leichtes Werkzeugholster.<br \/><\/strong><br data-start=\"46\" data-end=\"49\">Mit einem <strong data-start=\"62\" data-end=\"89\">Gewicht von nur 0,25 kg<\/strong> und den Ma\u00dfen <strong data-start=\"104\" data-end=\"125\">280 x 70 x 300 mm<\/strong> bietet es eine <strong data-start=\"141\" data-end=\"178\">praktische und komfortable L\u00f6sung<\/strong> f\u00fcr den Transport der am h\u00e4ufigsten verwendeten Werkzeuge.<\/p>\n<p data-start=\"244\" data-end=\"444\"><strong data-start=\"244\" data-end=\"274\" data-is-only-node=\"\">2.Kompatibel mit Top Belt R.<br \/><\/strong><br data-start=\"274\" data-end=\"277\">Die <strong data-start=\"284\" data-end=\"302\">R\u00fcckenschlaufe<\/strong> erm\u00f6glicht eine <strong data-start=\"319\" data-end=\"360\">sichere Befestigung am Werkzeugg\u00fcrtel<\/strong>, wodurch das Holster zu einer <strong data-start=\"391\" data-end=\"436\">tragbaren, professionellen Werkzeugtasche<\/strong> wird.<\/p>\n<p data-start=\"449\" data-end=\"640\"><strong data-start=\"449\" data-end=\"490\" data-is-only-node=\"\">3.Sofortiger Zugriff auf die Werkzeuge.<br \/><\/strong><br data-start=\"490\" data-end=\"493\">Die Tasche ist f\u00fcr <strong data-start=\"515\" data-end=\"549\">schnellen und direkten Zugriff<\/strong> konzipiert \u2013 ideal, um <strong data-start=\"573\" data-end=\"605\">Eingriffszeiten zu verk\u00fcrzen<\/strong> und <strong data-start=\"610\" data-end=\"637\">effizienter zu arbeiten<\/strong>.<\/p>\n<p data-start=\"645\" data-end=\"894\"><strong data-start=\"645\" data-end=\"690\" data-is-only-node=\"\">4.Perfekt f\u00fcr dynamische Arbeitsumgebungen.<br \/><\/strong><br data-start=\"690\" data-end=\"693\">Entwickelt f\u00fcr Fachkr\u00e4fte, die <strong data-start=\"727\" data-end=\"783\">in der H\u00f6he, in Bewegung oder an technischen Anlagen<\/strong> arbeiten, erm\u00f6glicht sie, <strong data-start=\"810\" data-end=\"856\">das Wesentliche stets griffbereit zu haben<\/strong>, ohne die Ausr\u00fcstung zu beschweren.<\/p>\n<p data-start=\"899\" data-end=\"1162\"><strong data-start=\"899\" data-end=\"948\" data-is-only-node=\"\">5.Kompatibles Design mit GT Line-Modulsystemen.<br \/><\/strong><br data-start=\"948\" data-end=\"951\">In Kombination mit <strong data-start=\"973\" data-end=\"1056\">Werkzeugkoffern, professionellen Rucks\u00e4cken, Arbeitstaschen oder Werkzeugkisten<\/strong>verwendbar \u2013 ideal, um eine <strong data-start=\"1085\" data-end=\"1116\">ma\u00dfgeschneiderte Ausr\u00fcstung<\/strong> f\u00fcr jeden Einsatzbereich zusammenzustellen.<\/p>\n<p data-start=\"1167\" data-end=\"1342\" data-is-last-node=\"\"><strong data-start=\"1167\" data-end=\"1228\" data-is-only-node=\"\">6.Unverzichtbare L\u00f6sung f\u00fcr schnelle und pr\u00e4zise Eingriffe.<br \/><\/strong><br data-start=\"1228\" data-end=\"1231\">Perfekt als <strong data-start=\"1246\" data-end=\"1269\">technisches Zubeh\u00f6r<\/strong> f\u00fcr <strong data-start=\"1274\" data-end=\"1341\">elektrische, elektronische, Verkabelungs- oder Wartungsarbeiten<\/strong>.<\/p>\n","protected":false},"excerpt":{"rendered":"<p>Der <strong data-start=\"4\" data-end=\"21\">Top Electra R<\/strong> ist eine <strong data-start=\"31\" data-end=\"61\">G\u00fcrteltasche f\u00fcr Werkzeuge<\/strong>, die entwickelt wurde, um <strong data-start=\"88\" data-end=\"136\">Schnelligkeit, Leichtigkeit und Organisation<\/strong> bei Arbeitseins\u00e4tzen im Feld zu gew\u00e4hrleisten.<br data-start=\"183\" data-end=\"186\">Speziell konzipiert f\u00fcr <strong data-start=\"210\" data-end=\"265\">Elektriker, Wartungstechniker und mobile Fachkr\u00e4fte<\/strong>, verf\u00fcgt sie \u00fcber eine <strong data-start=\"289\" data-end=\"313\">gro\u00dfe G\u00fcrtelschlaufe<\/strong>, die ein <strong data-start=\"323\" data-end=\"397\">sofortiges und unkompliziertes Zugreifen auf die wichtigsten Werkzeuge<\/strong> erm\u00f6glicht.<\/p>\n","protected":false},"featured_media":8716,"comment_status":"open","ping_status":"closed","template":"","meta":{"_acf_changed":false},"product_brand":[],"product_cat":[230],"product_tag":[],"class_list":{"0":"post-16925","1":"product","2":"type-product","3":"status-publish","4":"has-post-thumbnail","6":"product_cat-linea-top","7":"pa_anwendungen-koffer-und-taschen-fur-betreuer","8":"pa_anwendungen-koffer-und-taschen-fur-elektriker","9":"pa_anwendungen-koffer-und-taschen-fur-installateure","10":"pa_anwendungen-koffer-und-taschen-fur-servicetechniker","11":"pa_produkttyp-werkzeugtaschen-und-rucksacke","13":"first","14":"instock","15":"shipping-taxable","16":"purchasable","17":"product-type-simple"},"acf":[],"yoast_head":"<!-- This site is optimized with the Yoast SEO plugin v27.4 - https:\/\/yoast.com\/product\/yoast-seo-wordpress\/ -->\n<title>Work Line by GT Tool Pocket Top Electra R - Gt Line DE<\/title>\n<meta name=\"robots\" content=\"index, follow, max-snippet:-1, max-image-preview:large, max-video-preview:-1\" \/>\n<link rel=\"canonical\" href=\"https:\/\/www.gtline.com\/de\/products\/work-line-by-gt-tool-pocket-top-electra-r\/\" \/>\n<meta property=\"og:locale\" content=\"de_DE\" \/>\n<meta property=\"og:type\" content=\"article\" \/>\n<meta property=\"og:title\" content=\"Work Line by GT Tool Pocket Top Electra R - Gt Line DE\" \/>\n<meta property=\"og:description\" content=\"Der Top Electra R ist eine G\u00fcrteltasche f\u00fcr Werkzeuge, die entwickelt wurde, um Schnelligkeit, Leichtigkeit und Organisation bei Arbeitseins\u00e4tzen im Feld zu gew\u00e4hrleisten.Speziell konzipiert f\u00fcr Elektriker, Wartungstechniker und mobile Fachkr\u00e4fte, verf\u00fcgt sie \u00fcber eine gro\u00dfe G\u00fcrtelschlaufe, die ein sofortiges und unkompliziertes Zugreifen auf die wichtigsten Werkzeuge erm\u00f6glicht.\" \/>\n<meta property=\"og:url\" content=\"https:\/\/www.gtline.com\/de\/products\/work-line-by-gt-tool-pocket-top-electra-r\/\" \/>\n<meta property=\"og:site_name\" content=\"Gt Line DE\" \/>\n<meta property=\"article:publisher\" content=\"https:\/\/www.facebook.com\/gtlinesrl?locale=it_IT\" \/>\n<meta property=\"article:modified_time\" content=\"2026-04-30T02:08:29+00:00\" \/>\n<meta property=\"og:image\" content=\"https:\/\/www.gtline.com\/de\/wp-content\/uploads\/sites\/5\/2025\/05\/TOP-ELECTRA-R_01_9030.jpg\" \/>\n\t<meta property=\"og:image:width\" content=\"500\" \/>\n\t<meta property=\"og:image:height\" content=\"500\" \/>\n\t<meta property=\"og:image:type\" content=\"image\/jpeg\" \/>\n<meta name=\"twitter:card\" content=\"summary_large_image\" \/>\n<meta name=\"twitter:label1\" content=\"Gesch\u00e4tzte Lesezeit\" \/>\n\t<meta name=\"twitter:data1\" content=\"1\u00a0Minute\" \/>\n<script type=\"application\/ld+json\" class=\"yoast-schema-graph\">{\"@context\":\"https:\\\/\\\/schema.org\",\"@graph\":[{\"@type\":\"WebPage\",\"@id\":\"https:\\\/\\\/www.gtline.com\\\/de\\\/products\\\/work-line-by-gt-tool-pocket-top-electra-r\\\/\",\"url\":\"https:\\\/\\\/www.gtline.com\\\/de\\\/products\\\/work-line-by-gt-tool-pocket-top-electra-r\\\/\",\"name\":\"Work Line by GT Tool Pocket Top Electra R - Gt Line DE\",\"isPartOf\":{\"@id\":\"https:\\\/\\\/www.gtline.com\\\/de\\\/#website\"},\"primaryImageOfPage\":{\"@id\":\"https:\\\/\\\/www.gtline.com\\\/de\\\/products\\\/work-line-by-gt-tool-pocket-top-electra-r\\\/#primaryimage\"},\"image\":{\"@id\":\"https:\\\/\\\/www.gtline.com\\\/de\\\/products\\\/work-line-by-gt-tool-pocket-top-electra-r\\\/#primaryimage\"},\"thumbnailUrl\":\"https:\\\/\\\/www.gtline.com\\\/de\\\/wp-content\\\/uploads\\\/sites\\\/5\\\/2025\\\/05\\\/TOP-ELECTRA-R_01_9030.jpg\",\"datePublished\":\"2025-07-30T10:21:08+00:00\",\"dateModified\":\"2026-04-30T02:08:29+00:00\",\"breadcrumb\":{\"@id\":\"https:\\\/\\\/www.gtline.com\\\/de\\\/products\\\/work-line-by-gt-tool-pocket-top-electra-r\\\/#breadcrumb\"},\"inLanguage\":\"de\",\"potentialAction\":[{\"@type\":\"ReadAction\",\"target\":[\"https:\\\/\\\/www.gtline.com\\\/de\\\/products\\\/work-line-by-gt-tool-pocket-top-electra-r\\\/\"]}]},{\"@type\":\"ImageObject\",\"inLanguage\":\"de\",\"@id\":\"https:\\\/\\\/www.gtline.com\\\/de\\\/products\\\/work-line-by-gt-tool-pocket-top-electra-r\\\/#primaryimage\",\"url\":\"https:\\\/\\\/www.gtline.com\\\/de\\\/wp-content\\\/uploads\\\/sites\\\/5\\\/2025\\\/05\\\/TOP-ELECTRA-R_01_9030.jpg\",\"contentUrl\":\"https:\\\/\\\/www.gtline.com\\\/de\\\/wp-content\\\/uploads\\\/sites\\\/5\\\/2025\\\/05\\\/TOP-ELECTRA-R_01_9030.jpg\",\"width\":500,\"height\":500},{\"@type\":\"BreadcrumbList\",\"@id\":\"https:\\\/\\\/www.gtline.com\\\/de\\\/products\\\/work-line-by-gt-tool-pocket-top-electra-r\\\/#breadcrumb\",\"itemListElement\":[{\"@type\":\"ListItem\",\"position\":1,\"name\":\"Home\",\"item\":\"https:\\\/\\\/www.gtline.com\\\/de\\\/\"},{\"@type\":\"ListItem\",\"position\":2,\"name\":\"Shop\",\"item\":\"https:\\\/\\\/www.gtline.com\\\/de\\\/negozio\\\/\"},{\"@type\":\"ListItem\",\"position\":3,\"name\":\"Work Line by GT Tool Pocket Top Electra R\"}]},{\"@type\":\"WebSite\",\"@id\":\"https:\\\/\\\/www.gtline.com\\\/de\\\/#website\",\"url\":\"https:\\\/\\\/www.gtline.com\\\/de\\\/\",\"name\":\"Gt Line\",\"description\":\"\",\"publisher\":{\"@id\":\"https:\\\/\\\/www.gtline.com\\\/de\\\/#organization\"},\"potentialAction\":[{\"@type\":\"SearchAction\",\"target\":{\"@type\":\"EntryPoint\",\"urlTemplate\":\"https:\\\/\\\/www.gtline.com\\\/de\\\/?s={search_term_string}\"},\"query-input\":{\"@type\":\"PropertyValueSpecification\",\"valueRequired\":true,\"valueName\":\"search_term_string\"}}],\"inLanguage\":\"de\"},{\"@type\":\"Organization\",\"@id\":\"https:\\\/\\\/www.gtline.com\\\/de\\\/#organization\",\"name\":\"Gt Line\",\"url\":\"https:\\\/\\\/www.gtline.com\\\/de\\\/\",\"logo\":{\"@type\":\"ImageObject\",\"inLanguage\":\"de\",\"@id\":\"https:\\\/\\\/www.gtline.com\\\/de\\\/#\\\/schema\\\/logo\\\/image\\\/\",\"url\":\"https:\\\/\\\/www.gtline.com\\\/de\\\/wp-content\\\/uploads\\\/sites\\\/5\\\/2025\\\/02\\\/logo.png\",\"contentUrl\":\"https:\\\/\\\/www.gtline.com\\\/de\\\/wp-content\\\/uploads\\\/sites\\\/5\\\/2025\\\/02\\\/logo.png\",\"width\":228,\"height\":146,\"caption\":\"Gt Line\"},\"image\":{\"@id\":\"https:\\\/\\\/www.gtline.com\\\/de\\\/#\\\/schema\\\/logo\\\/image\\\/\"},\"sameAs\":[\"https:\\\/\\\/www.facebook.com\\\/gtlinesrl?locale=it_IT\",\"https:\\\/\\\/www.instagram.com\\\/gt_line_srl\\\/\",\"https:\\\/\\\/www.youtube.com\\\/channel\\\/UCDvpkFqswNJOVFz64PkYRQQ\",\"https:\\\/\\\/www.linkedin.com\\\/company\\\/gt-line-srl\\\/\"]}]}<\/script>\n<!-- \/ Yoast SEO plugin. -->","yoast_head_json":{"title":"Work Line by GT Tool Pocket Top Electra R - Gt Line DE","robots":{"index":"index","follow":"follow","max-snippet":"max-snippet:-1","max-image-preview":"max-image-preview:large","max-video-preview":"max-video-preview:-1"},"canonical":"https:\/\/www.gtline.com\/de\/products\/work-line-by-gt-tool-pocket-top-electra-r\/","og_locale":"de_DE","og_type":"article","og_title":"Work Line by GT Tool Pocket Top Electra R - Gt Line DE","og_description":"Der Top Electra R ist eine G\u00fcrteltasche f\u00fcr Werkzeuge, die entwickelt wurde, um Schnelligkeit, Leichtigkeit und Organisation bei Arbeitseins\u00e4tzen im Feld zu gew\u00e4hrleisten.Speziell konzipiert f\u00fcr Elektriker, Wartungstechniker und mobile Fachkr\u00e4fte, verf\u00fcgt sie \u00fcber eine gro\u00dfe G\u00fcrtelschlaufe, die ein sofortiges und unkompliziertes Zugreifen auf die wichtigsten Werkzeuge erm\u00f6glicht.","og_url":"https:\/\/www.gtline.com\/de\/products\/work-line-by-gt-tool-pocket-top-electra-r\/","og_site_name":"Gt Line DE","article_publisher":"https:\/\/www.facebook.com\/gtlinesrl?locale=it_IT","article_modified_time":"2026-04-30T02:08:29+00:00","og_image":[{"width":500,"height":500,"url":"https:\/\/www.gtline.com\/de\/wp-content\/uploads\/sites\/5\/2025\/05\/TOP-ELECTRA-R_01_9030.jpg","type":"image\/jpeg"}],"twitter_card":"summary_large_image","twitter_misc":{"Gesch\u00e4tzte Lesezeit":"1\u00a0Minute"},"schema":{"@context":"https:\/\/schema.org","@graph":[{"@type":"WebPage","@id":"https:\/\/www.gtline.com\/de\/products\/work-line-by-gt-tool-pocket-top-electra-r\/","url":"https:\/\/www.gtline.com\/de\/products\/work-line-by-gt-tool-pocket-top-electra-r\/","name":"Work Line by GT Tool Pocket Top Electra R - Gt Line DE","isPartOf":{"@id":"https:\/\/www.gtline.com\/de\/#website"},"primaryImageOfPage":{"@id":"https:\/\/www.gtline.com\/de\/products\/work-line-by-gt-tool-pocket-top-electra-r\/#primaryimage"},"image":{"@id":"https:\/\/www.gtline.com\/de\/products\/work-line-by-gt-tool-pocket-top-electra-r\/#primaryimage"},"thumbnailUrl":"https:\/\/www.gtline.com\/de\/wp-content\/uploads\/sites\/5\/2025\/05\/TOP-ELECTRA-R_01_9030.jpg","datePublished":"2025-07-30T10:21:08+00:00","dateModified":"2026-04-30T02:08:29+00:00","breadcrumb":{"@id":"https:\/\/www.gtline.com\/de\/products\/work-line-by-gt-tool-pocket-top-electra-r\/#breadcrumb"},"inLanguage":"de","potentialAction":[{"@type":"ReadAction","target":["https:\/\/www.gtline.com\/de\/products\/work-line-by-gt-tool-pocket-top-electra-r\/"]}]},{"@type":"ImageObject","inLanguage":"de","@id":"https:\/\/www.gtline.com\/de\/products\/work-line-by-gt-tool-pocket-top-electra-r\/#primaryimage","url":"https:\/\/www.gtline.com\/de\/wp-content\/uploads\/sites\/5\/2025\/05\/TOP-ELECTRA-R_01_9030.jpg","contentUrl":"https:\/\/www.gtline.com\/de\/wp-content\/uploads\/sites\/5\/2025\/05\/TOP-ELECTRA-R_01_9030.jpg","width":500,"height":500},{"@type":"BreadcrumbList","@id":"https:\/\/www.gtline.com\/de\/products\/work-line-by-gt-tool-pocket-top-electra-r\/#breadcrumb","itemListElement":[{"@type":"ListItem","position":1,"name":"Home","item":"https:\/\/www.gtline.com\/de\/"},{"@type":"ListItem","position":2,"name":"Shop","item":"https:\/\/www.gtline.com\/de\/negozio\/"},{"@type":"ListItem","position":3,"name":"Work Line by GT Tool Pocket Top Electra R"}]},{"@type":"WebSite","@id":"https:\/\/www.gtline.com\/de\/#website","url":"https:\/\/www.gtline.com\/de\/","name":"Gt Line","description":"","publisher":{"@id":"https:\/\/www.gtline.com\/de\/#organization"},"potentialAction":[{"@type":"SearchAction","target":{"@type":"EntryPoint","urlTemplate":"https:\/\/www.gtline.com\/de\/?s={search_term_string}"},"query-input":{"@type":"PropertyValueSpecification","valueRequired":true,"valueName":"search_term_string"}}],"inLanguage":"de"},{"@type":"Organization","@id":"https:\/\/www.gtline.com\/de\/#organization","name":"Gt Line","url":"https:\/\/www.gtline.com\/de\/","logo":{"@type":"ImageObject","inLanguage":"de","@id":"https:\/\/www.gtline.com\/de\/#\/schema\/logo\/image\/","url":"https:\/\/www.gtline.com\/de\/wp-content\/uploads\/sites\/5\/2025\/02\/logo.png","contentUrl":"https:\/\/www.gtline.com\/de\/wp-content\/uploads\/sites\/5\/2025\/02\/logo.png","width":228,"height":146,"caption":"Gt Line"},"image":{"@id":"https:\/\/www.gtline.com\/de\/#\/schema\/logo\/image\/"},"sameAs":["https:\/\/www.facebook.com\/gtlinesrl?locale=it_IT","https:\/\/www.instagram.com\/gt_line_srl\/","https:\/\/www.youtube.com\/channel\/UCDvpkFqswNJOVFz64PkYRQQ","https:\/\/www.linkedin.com\/company\/gt-line-srl\/"]}]}},"_links":{"self":[{"href":"https:\/\/www.gtline.com\/de\/wp-json\/wp\/v2\/product\/16925","targetHints":{"allow":["GET"]}}],"collection":[{"href":"https:\/\/www.gtline.com\/de\/wp-json\/wp\/v2\/product"}],"about":[{"href":"https:\/\/www.gtline.com\/de\/wp-json\/wp\/v2\/types\/product"}],"replies":[{"embeddable":true,"href":"https:\/\/www.gtline.com\/de\/wp-json\/wp\/v2\/comments?post=16925"}],"version-history":[{"count":2,"href":"https:\/\/www.gtline.com\/de\/wp-json\/wp\/v2\/product\/16925\/revisions"}],"predecessor-version":[{"id":22323,"href":"https:\/\/www.gtline.com\/de\/wp-json\/wp\/v2\/product\/16925\/revisions\/22323"}],"wp:featuredmedia":[{"embeddable":true,"href":"https:\/\/www.gtline.com\/de\/wp-json\/wp\/v2\/media\/8716"}],"wp:attachment":[{"href":"https:\/\/www.gtline.com\/de\/wp-json\/wp\/v2\/media?parent=16925"}],"wp:term":[{"taxonomy":"product_brand","embeddable":true,"href":"https:\/\/www.gtline.com\/de\/wp-json\/wp\/v2\/product_brand?post=16925"},{"taxonomy":"product_cat","embeddable":true,"href":"https:\/\/www.gtline.com\/de\/wp-json\/wp\/v2\/product_cat?post=16925"},{"taxonomy":"product_tag","embeddable":true,"href":"https:\/\/www.gtline.com\/de\/wp-json\/wp\/v2\/product_tag?post=16925"}],"curies":[{"name":"wp","href":"https:\/\/api.w.org\/{rel}","templated":true}]}}