{"id":16927,"date":"2025-07-30T10:21:12","date_gmt":"2025-07-30T10:21:12","guid":{"rendered":"https:\/\/www.gtline.com\/de\/prodotto\/work-line-by-gt-werkzeugwagen-soft-trolley-01-r\/"},"modified":"2026-04-17T02:08:59","modified_gmt":"2026-04-17T02:08:59","slug":"work-line-by-gt-werkzeugwagen-soft-trolley-01-r","status":"publish","type":"product","link":"https:\/\/www.gtline.com\/de\/products\/work-line-by-gt-werkzeugwagen-soft-trolley-01-r\/","title":{"rendered":"Work Line by GT Werkzeugwagen Soft Trolley 01 R"},"content":{"rendered":"<p data-start=\"3\" data-end=\"203\"><strong data-start=\"3\" data-end=\"59\" data-is-only-node=\"\">1.2-in-1-L\u00f6sung: Professioneller Rucksack und Trolley.<br \/><\/strong><br data-start=\"59\" data-end=\"62\">Kann sowohl als Werkzeugrucksack als auch als Werkzeugtrolley verwendet werden \u2013 perfekt angepasst an die Anforderungen mobiler Fachkr\u00e4fte.<\/p>\n<p data-start=\"208\" data-end=\"418\"><strong data-start=\"208\" data-end=\"242\" data-is-only-node=\"\">2.Herausnehmbares Werkzeugpanel.<br \/><\/strong><br data-start=\"242\" data-end=\"245\">Mit Taschen und elastischen Halterungen auf beiden Seiten ausgestattet, erm\u00f6glicht es eine geordnete Organisation und einen schnellen Zugriff auf alle wichtigen Werkzeuge.<\/p>\n<p data-start=\"423\" data-end=\"652\"><strong data-start=\"423\" data-end=\"474\" data-is-only-node=\"\">3.Funktionale und gut organisierte Innenstruktur.<br \/><\/strong><br data-start=\"474\" data-end=\"477\">Die Innenseite des Rucksacks verf\u00fcgt \u00fcber zus\u00e4tzliche Taschen und feste Elastikhalterungen f\u00fcr eine pr\u00e4zise Aufbewahrung von Werkzeugen und Zubeh\u00f6r unterschiedlicher Gr\u00f6\u00dfen.<\/p>\n<p data-start=\"657\" data-end=\"860\"><strong data-start=\"657\" data-end=\"707\" data-is-only-node=\"\">4.Tragekomfort dank verstellbarer Schultergurte.<br \/><\/strong><br data-start=\"707\" data-end=\"710\">In der Rucksackfunktion sorgen die verstellbaren Schultergurte f\u00fcr eine bequeme, individuell anpassbare Passform \u2013 auch bei l\u00e4ngeren Transportwegen.<\/p>\n<p data-start=\"865\" data-end=\"1062\"><strong data-start=\"865\" data-end=\"918\" data-is-only-node=\"\">5.Vordertasche f\u00fcr Dokumente und Schreibutensilien.<br \/><\/strong><br data-start=\"918\" data-end=\"921\">Das vordere Fach bietet Platz f\u00fcr Dokumente, Stifte und kleine Arbeitsutensilien \u2013 ideal f\u00fcr Techniker, Installateure und Wartungspersonal.<\/p>\n<p data-start=\"1067\" data-end=\"1219\"><strong data-start=\"1067\" data-end=\"1094\" data-is-only-node=\"\">6.Integrierter Radschutz.<br \/><\/strong><br data-start=\"1094\" data-end=\"1097\">Im Rucksackmodus verhindert die Radabdeckung Verschmutzungen und sorgt f\u00fcr h\u00f6heren Tragekomfort, auch in Innenbereichen.<\/p>\n<p data-start=\"1224\" data-end=\"1463\"><strong data-start=\"1224\" data-end=\"1278\" data-is-only-node=\"\">7.Kompaktes und leichtes Design f\u00fcr volle Mobilit\u00e4t.<br \/><\/strong><br data-start=\"1278\" data-end=\"1281\">Mit Abmessungen von 310 x 190 x 480 mm und einem Gewicht von nur 2,5 kg ist er die ideale Werkzeugtasche f\u00fcr alle, die h\u00e4ufig zwischen Baustellen, Anlagen und B\u00fcros unterwegs sind.<\/p>\n<p data-start=\"1468\" data-end=\"1686\" data-is-last-node=\"\"><strong data-start=\"1468\" data-end=\"1508\" data-is-only-node=\"\">8.Perfekt f\u00fcr jeden technischen Profi.<br \/><\/strong><br data-start=\"1508\" data-end=\"1511\">Der <strong data-start=\"1515\" data-end=\"1536\">Soft Trolley 01 R<\/strong> ist eine vollst\u00e4ndige, durchdacht konzipierte Werkzeugtasche \u2013 entwickelt f\u00fcr Fachleute, die im Au\u00dfeneinsatz effizient und stilvoll arbeiten m\u00f6chten.<\/p>\n","protected":false},"excerpt":{"rendered":"<p>Der <strong data-start=\"4\" data-end=\"25\">Soft Trolley 01 R<\/strong> ist ein <strong data-start=\"34\" data-end=\"84\">kompakter und multifunktionaler Arbeitstrolley<\/strong>.<BR><br data-start=\"85\" data-end=\"88\">Ausgestattet mit einem <strong data-start=\"111\" data-end=\"144\">herausnehmbaren Werkzeugpanel<\/strong>, <strong data-start=\"146\" data-end=\"178\">verstellbaren Schultergurten<\/strong> und einem <strong data-start=\"189\" data-end=\"208\">Radschutzsystem<\/strong> bietet er <strong data-start=\"219\" data-end=\"273\">Flexibilit\u00e4t und Komfort in jeder Arbeitssituation<\/strong>.<BR><br data-start=\"274\" data-end=\"277\">Er vereint die <strong data-start=\"292\" data-end=\"343\">Praktikabilit\u00e4t eines professionellen Rucksacks<\/strong> mit der <strong data-start=\"352\" data-end=\"394\">Funktionalit\u00e4t eines Werkzeug-Trolleys<\/strong>.<\/p>\n","protected":false},"featured_media":8723,"comment_status":"open","ping_status":"closed","template":"","meta":{"_acf_changed":false},"product_brand":[],"product_cat":[233],"product_tag":[],"class_list":{"0":"post-16927","1":"product","2":"type-product","3":"status-publish","4":"has-post-thumbnail","6":"product_cat-linea-basic","7":"pa_anwendungen-koffer-und-taschen-fur-betreuer","8":"pa_anwendungen-koffer-und-taschen-fur-elektriker","9":"pa_anwendungen-koffer-und-taschen-fur-installateure","10":"pa_anwendungen-koffer-und-taschen-fur-servicetechniker","11":"pa_produkttyp-werkzeugtaschen-und-rucksacke","13":"first","14":"instock","15":"shipping-taxable","16":"purchasable","17":"product-type-simple"},"acf":[],"yoast_head":"<!-- This site is optimized with the Yoast SEO plugin v25.4 - https:\/\/yoast.com\/wordpress\/plugins\/seo\/ -->\n<title>Work Line by GT Werkzeugwagen Soft Trolley 01 R - Gt Line DE<\/title>\n<meta name=\"robots\" content=\"index, follow, max-snippet:-1, max-image-preview:large, max-video-preview:-1\" \/>\n<link rel=\"canonical\" href=\"https:\/\/www.gtline.com\/de\/products\/work-line-by-gt-werkzeugwagen-soft-trolley-01-r\/\" \/>\n<meta property=\"og:locale\" content=\"de_DE\" \/>\n<meta property=\"og:type\" content=\"article\" \/>\n<meta property=\"og:title\" content=\"Work Line by GT Werkzeugwagen Soft Trolley 01 R - Gt Line DE\" \/>\n<meta property=\"og:description\" content=\"Der Soft Trolley 01 R ist ein kompakter und multifunktionaler Arbeitstrolley.Ausgestattet mit einem herausnehmbaren Werkzeugpanel, verstellbaren Schultergurten und einem Radschutzsystem bietet er Flexibilit\u00e4t und Komfort in jeder Arbeitssituation.Er vereint die Praktikabilit\u00e4t eines professionellen Rucksacks mit der Funktionalit\u00e4t eines Werkzeug-Trolleys.\" \/>\n<meta property=\"og:url\" content=\"https:\/\/www.gtline.com\/de\/products\/work-line-by-gt-werkzeugwagen-soft-trolley-01-r\/\" \/>\n<meta property=\"og:site_name\" content=\"Gt Line DE\" \/>\n<meta property=\"article:publisher\" content=\"https:\/\/www.facebook.com\/gtlinesrl?locale=it_IT\" \/>\n<meta property=\"article:modified_time\" content=\"2026-04-17T02:08:59+00:00\" \/>\n<meta property=\"og:image\" content=\"https:\/\/www.gtline.com\/de\/wp-content\/uploads\/sites\/5\/2025\/05\/SOFT-TROLLEY-01-R_ALL_01_9031.jpg\" \/>\n\t<meta property=\"og:image:width\" content=\"500\" \/>\n\t<meta property=\"og:image:height\" content=\"500\" \/>\n\t<meta property=\"og:image:type\" content=\"image\/jpeg\" \/>\n<meta name=\"twitter:card\" content=\"summary_large_image\" \/>\n<meta name=\"twitter:label1\" content=\"Gesch\u00e4tzte Lesezeit\" \/>\n\t<meta name=\"twitter:data1\" content=\"1\u00a0Minute\" \/>\n<script type=\"application\/ld+json\" class=\"yoast-schema-graph\">{\"@context\":\"https:\/\/schema.org\",\"@graph\":[{\"@type\":\"WebPage\",\"@id\":\"https:\/\/www.gtline.com\/de\/products\/work-line-by-gt-werkzeugwagen-soft-trolley-01-r\/\",\"url\":\"https:\/\/www.gtline.com\/de\/products\/work-line-by-gt-werkzeugwagen-soft-trolley-01-r\/\",\"name\":\"Work Line by GT Werkzeugwagen Soft Trolley 01 R - Gt Line DE\",\"isPartOf\":{\"@id\":\"https:\/\/www.gtline.com\/de\/#website\"},\"primaryImageOfPage\":{\"@id\":\"https:\/\/www.gtline.com\/de\/products\/work-line-by-gt-werkzeugwagen-soft-trolley-01-r\/#primaryimage\"},\"image\":{\"@id\":\"https:\/\/www.gtline.com\/de\/products\/work-line-by-gt-werkzeugwagen-soft-trolley-01-r\/#primaryimage\"},\"thumbnailUrl\":\"https:\/\/www.gtline.com\/de\/wp-content\/uploads\/sites\/5\/2025\/05\/SOFT-TROLLEY-01-R_ALL_01_9031.jpg\",\"datePublished\":\"2025-07-30T10:21:12+00:00\",\"dateModified\":\"2026-04-17T02:08:59+00:00\",\"breadcrumb\":{\"@id\":\"https:\/\/www.gtline.com\/de\/products\/work-line-by-gt-werkzeugwagen-soft-trolley-01-r\/#breadcrumb\"},\"inLanguage\":\"de\",\"potentialAction\":[{\"@type\":\"ReadAction\",\"target\":[\"https:\/\/www.gtline.com\/de\/products\/work-line-by-gt-werkzeugwagen-soft-trolley-01-r\/\"]}]},{\"@type\":\"ImageObject\",\"inLanguage\":\"de\",\"@id\":\"https:\/\/www.gtline.com\/de\/products\/work-line-by-gt-werkzeugwagen-soft-trolley-01-r\/#primaryimage\",\"url\":\"https:\/\/www.gtline.com\/de\/wp-content\/uploads\/sites\/5\/2025\/05\/SOFT-TROLLEY-01-R_ALL_01_9031.jpg\",\"contentUrl\":\"https:\/\/www.gtline.com\/de\/wp-content\/uploads\/sites\/5\/2025\/05\/SOFT-TROLLEY-01-R_ALL_01_9031.jpg\",\"width\":500,\"height\":500},{\"@type\":\"BreadcrumbList\",\"@id\":\"https:\/\/www.gtline.com\/de\/products\/work-line-by-gt-werkzeugwagen-soft-trolley-01-r\/#breadcrumb\",\"itemListElement\":[{\"@type\":\"ListItem\",\"position\":1,\"name\":\"Home\",\"item\":\"https:\/\/www.gtline.com\/de\/\"},{\"@type\":\"ListItem\",\"position\":2,\"name\":\"Shop\",\"item\":\"https:\/\/www.gtline.com\/de\/negozio\/\"},{\"@type\":\"ListItem\",\"position\":3,\"name\":\"Work Line by GT Werkzeugwagen Soft Trolley 01 R\"}]},{\"@type\":\"WebSite\",\"@id\":\"https:\/\/www.gtline.com\/de\/#website\",\"url\":\"https:\/\/www.gtline.com\/de\/\",\"name\":\"Gt Line\",\"description\":\"\",\"publisher\":{\"@id\":\"https:\/\/www.gtline.com\/de\/#organization\"},\"potentialAction\":[{\"@type\":\"SearchAction\",\"target\":{\"@type\":\"EntryPoint\",\"urlTemplate\":\"https:\/\/www.gtline.com\/de\/?s={search_term_string}\"},\"query-input\":{\"@type\":\"PropertyValueSpecification\",\"valueRequired\":true,\"valueName\":\"search_term_string\"}}],\"inLanguage\":\"de\"},{\"@type\":\"Organization\",\"@id\":\"https:\/\/www.gtline.com\/de\/#organization\",\"name\":\"Gt Line\",\"url\":\"https:\/\/www.gtline.com\/de\/\",\"logo\":{\"@type\":\"ImageObject\",\"inLanguage\":\"de\",\"@id\":\"https:\/\/www.gtline.com\/de\/#\/schema\/logo\/image\/\",\"url\":\"https:\/\/www.gtline.com\/de\/wp-content\/uploads\/sites\/5\/2025\/02\/logo.png\",\"contentUrl\":\"https:\/\/www.gtline.com\/de\/wp-content\/uploads\/sites\/5\/2025\/02\/logo.png\",\"width\":228,\"height\":146,\"caption\":\"Gt Line\"},\"image\":{\"@id\":\"https:\/\/www.gtline.com\/de\/#\/schema\/logo\/image\/\"},\"sameAs\":[\"https:\/\/www.facebook.com\/gtlinesrl?locale=it_IT\",\"https:\/\/www.instagram.com\/gt_line_srl\/\",\"https:\/\/www.youtube.com\/channel\/UCDvpkFqswNJOVFz64PkYRQQ\",\"https:\/\/www.linkedin.com\/company\/gt-line-srl\/\"]}]}<\/script>\n<!-- \/ Yoast SEO plugin. -->","yoast_head_json":{"title":"Work Line by GT Werkzeugwagen Soft Trolley 01 R - Gt Line DE","robots":{"index":"index","follow":"follow","max-snippet":"max-snippet:-1","max-image-preview":"max-image-preview:large","max-video-preview":"max-video-preview:-1"},"canonical":"https:\/\/www.gtline.com\/de\/products\/work-line-by-gt-werkzeugwagen-soft-trolley-01-r\/","og_locale":"de_DE","og_type":"article","og_title":"Work Line by GT Werkzeugwagen Soft Trolley 01 R - Gt Line DE","og_description":"Der Soft Trolley 01 R ist ein kompakter und multifunktionaler Arbeitstrolley.Ausgestattet mit einem herausnehmbaren Werkzeugpanel, verstellbaren Schultergurten und einem Radschutzsystem bietet er Flexibilit\u00e4t und Komfort in jeder Arbeitssituation.Er vereint die Praktikabilit\u00e4t eines professionellen Rucksacks mit der Funktionalit\u00e4t eines Werkzeug-Trolleys.","og_url":"https:\/\/www.gtline.com\/de\/products\/work-line-by-gt-werkzeugwagen-soft-trolley-01-r\/","og_site_name":"Gt Line DE","article_publisher":"https:\/\/www.facebook.com\/gtlinesrl?locale=it_IT","article_modified_time":"2026-04-17T02:08:59+00:00","og_image":[{"width":500,"height":500,"url":"https:\/\/www.gtline.com\/de\/wp-content\/uploads\/sites\/5\/2025\/05\/SOFT-TROLLEY-01-R_ALL_01_9031.jpg","type":"image\/jpeg"}],"twitter_card":"summary_large_image","twitter_misc":{"Gesch\u00e4tzte Lesezeit":"1\u00a0Minute"},"schema":{"@context":"https:\/\/schema.org","@graph":[{"@type":"WebPage","@id":"https:\/\/www.gtline.com\/de\/products\/work-line-by-gt-werkzeugwagen-soft-trolley-01-r\/","url":"https:\/\/www.gtline.com\/de\/products\/work-line-by-gt-werkzeugwagen-soft-trolley-01-r\/","name":"Work Line by GT Werkzeugwagen Soft Trolley 01 R - Gt Line DE","isPartOf":{"@id":"https:\/\/www.gtline.com\/de\/#website"},"primaryImageOfPage":{"@id":"https:\/\/www.gtline.com\/de\/products\/work-line-by-gt-werkzeugwagen-soft-trolley-01-r\/#primaryimage"},"image":{"@id":"https:\/\/www.gtline.com\/de\/products\/work-line-by-gt-werkzeugwagen-soft-trolley-01-r\/#primaryimage"},"thumbnailUrl":"https:\/\/www.gtline.com\/de\/wp-content\/uploads\/sites\/5\/2025\/05\/SOFT-TROLLEY-01-R_ALL_01_9031.jpg","datePublished":"2025-07-30T10:21:12+00:00","dateModified":"2026-04-17T02:08:59+00:00","breadcrumb":{"@id":"https:\/\/www.gtline.com\/de\/products\/work-line-by-gt-werkzeugwagen-soft-trolley-01-r\/#breadcrumb"},"inLanguage":"de","potentialAction":[{"@type":"ReadAction","target":["https:\/\/www.gtline.com\/de\/products\/work-line-by-gt-werkzeugwagen-soft-trolley-01-r\/"]}]},{"@type":"ImageObject","inLanguage":"de","@id":"https:\/\/www.gtline.com\/de\/products\/work-line-by-gt-werkzeugwagen-soft-trolley-01-r\/#primaryimage","url":"https:\/\/www.gtline.com\/de\/wp-content\/uploads\/sites\/5\/2025\/05\/SOFT-TROLLEY-01-R_ALL_01_9031.jpg","contentUrl":"https:\/\/www.gtline.com\/de\/wp-content\/uploads\/sites\/5\/2025\/05\/SOFT-TROLLEY-01-R_ALL_01_9031.jpg","width":500,"height":500},{"@type":"BreadcrumbList","@id":"https:\/\/www.gtline.com\/de\/products\/work-line-by-gt-werkzeugwagen-soft-trolley-01-r\/#breadcrumb","itemListElement":[{"@type":"ListItem","position":1,"name":"Home","item":"https:\/\/www.gtline.com\/de\/"},{"@type":"ListItem","position":2,"name":"Shop","item":"https:\/\/www.gtline.com\/de\/negozio\/"},{"@type":"ListItem","position":3,"name":"Work Line by GT Werkzeugwagen Soft Trolley 01 R"}]},{"@type":"WebSite","@id":"https:\/\/www.gtline.com\/de\/#website","url":"https:\/\/www.gtline.com\/de\/","name":"Gt Line","description":"","publisher":{"@id":"https:\/\/www.gtline.com\/de\/#organization"},"potentialAction":[{"@type":"SearchAction","target":{"@type":"EntryPoint","urlTemplate":"https:\/\/www.gtline.com\/de\/?s={search_term_string}"},"query-input":{"@type":"PropertyValueSpecification","valueRequired":true,"valueName":"search_term_string"}}],"inLanguage":"de"},{"@type":"Organization","@id":"https:\/\/www.gtline.com\/de\/#organization","name":"Gt Line","url":"https:\/\/www.gtline.com\/de\/","logo":{"@type":"ImageObject","inLanguage":"de","@id":"https:\/\/www.gtline.com\/de\/#\/schema\/logo\/image\/","url":"https:\/\/www.gtline.com\/de\/wp-content\/uploads\/sites\/5\/2025\/02\/logo.png","contentUrl":"https:\/\/www.gtline.com\/de\/wp-content\/uploads\/sites\/5\/2025\/02\/logo.png","width":228,"height":146,"caption":"Gt Line"},"image":{"@id":"https:\/\/www.gtline.com\/de\/#\/schema\/logo\/image\/"},"sameAs":["https:\/\/www.facebook.com\/gtlinesrl?locale=it_IT","https:\/\/www.instagram.com\/gt_line_srl\/","https:\/\/www.youtube.com\/channel\/UCDvpkFqswNJOVFz64PkYRQQ","https:\/\/www.linkedin.com\/company\/gt-line-srl\/"]}]}},"_links":{"self":[{"href":"https:\/\/www.gtline.com\/de\/wp-json\/wp\/v2\/product\/16927","targetHints":{"allow":["GET"]}}],"collection":[{"href":"https:\/\/www.gtline.com\/de\/wp-json\/wp\/v2\/product"}],"about":[{"href":"https:\/\/www.gtline.com\/de\/wp-json\/wp\/v2\/types\/product"}],"replies":[{"embeddable":true,"href":"https:\/\/www.gtline.com\/de\/wp-json\/wp\/v2\/comments?post=16927"}],"version-history":[{"count":3,"href":"https:\/\/www.gtline.com\/de\/wp-json\/wp\/v2\/product\/16927\/revisions"}],"predecessor-version":[{"id":22324,"href":"https:\/\/www.gtline.com\/de\/wp-json\/wp\/v2\/product\/16927\/revisions\/22324"}],"wp:featuredmedia":[{"embeddable":true,"href":"https:\/\/www.gtline.com\/de\/wp-json\/wp\/v2\/media\/8723"}],"wp:attachment":[{"href":"https:\/\/www.gtline.com\/de\/wp-json\/wp\/v2\/media?parent=16927"}],"wp:term":[{"taxonomy":"product_brand","embeddable":true,"href":"https:\/\/www.gtline.com\/de\/wp-json\/wp\/v2\/product_brand?post=16927"},{"taxonomy":"product_cat","embeddable":true,"href":"https:\/\/www.gtline.com\/de\/wp-json\/wp\/v2\/product_cat?post=16927"},{"taxonomy":"product_tag","embeddable":true,"href":"https:\/\/www.gtline.com\/de\/wp-json\/wp\/v2\/product_tag?post=16927"}],"curies":[{"name":"wp","href":"https:\/\/api.w.org\/{rel}","templated":true}]}}