{"id":16929,"date":"2025-07-30T10:21:15","date_gmt":"2025-07-30T10:21:15","guid":{"rendered":"https:\/\/www.gtline.com\/de\/prodotto\/work-line-by-gt-werkzeugtasche-soft-pilot-r\/"},"modified":"2026-04-17T02:09:03","modified_gmt":"2026-04-17T02:09:03","slug":"work-line-by-gt-werkzeugtasche-soft-pilot-r","status":"publish","type":"product","link":"https:\/\/www.gtline.com\/de\/products\/work-line-by-gt-werkzeugtasche-soft-pilot-r\/","title":{"rendered":"Work Line by GT Werkzeugtasche Soft Pilot R"},"content":{"rendered":"<p data-start=\"3\" data-end=\"222\"><strong data-start=\"3\" data-end=\"70\" data-is-only-node=\"\">1.Multifunktionale Pilotenkoffer-Struktur f\u00fcr maximale Effizienz.<\/strong><br \/><br data-start=\"70\" data-end=\"73\">Das vertikale Design erm\u00f6glicht einen schnellen und \u00fcbersichtlichen Zugriff auf Werkzeuge und Ger\u00e4te \u2013 alles bleibt stets sichtbar und griffbereit.<\/p>\n<p data-start=\"227\" data-end=\"382\"><strong data-start=\"227\" data-end=\"268\" data-is-only-node=\"\">2.Separates Fach f\u00fcr Laptops bis 15,6\u201d.<br \/><\/strong><br data-start=\"268\" data-end=\"271\">Ideal f\u00fcr Fachkr\u00e4fte, die sowohl Arbeitswerkzeuge als auch elektronische Ger\u00e4te sicher transportieren m\u00fcssen.<\/p>\n<p data-start=\"387\" data-end=\"583\"><strong data-start=\"387\" data-end=\"442\" data-is-only-node=\"\">3.Herausnehmbares und neu konfigurierbares Frontfach.<br \/><\/strong><br data-start=\"442\" data-end=\"445\">Der vordere Teil l\u00e4sst sich in eine eigenst\u00e4ndige Werkzeugtasche verwandeln und bietet so maximale Flexibilit\u00e4t in jedem Einsatzbereich.<\/p>\n<p data-start=\"588\" data-end=\"830\"><strong data-start=\"588\" data-end=\"663\" data-is-only-node=\"\">4.Optimale Organisation mit Taschen, elastischen Halterungen und F\u00e4chern.<br \/><\/strong><br data-start=\"663\" data-end=\"666\">Die Vorder- und R\u00fcckseitenbereiche sind mit elastischen Werkzeughaltern und Taschen ausgestattet, um jedes Werkzeug ordentlich und sofort einsatzbereit zu halten.<\/p>\n<p data-start=\"835\" data-end=\"1044\"><strong data-start=\"835\" data-end=\"898\" data-is-only-node=\"\">5.Seitentaschen auf beiden Seiten f\u00fcr Zubeh\u00f6r und Kleinteile.<br \/><\/strong><br data-start=\"898\" data-end=\"901\">Perfekt, um kleine Gegenst\u00e4nde, Bauteile oder h\u00e4ufig genutzte Werkzeuge griffbereit zu haben und die Effizienz bei jedem Einsatz zu steigern.<\/p>\n<p data-start=\"1049\" data-end=\"1240\"><strong data-start=\"1049\" data-end=\"1088\" data-is-only-node=\"\">6.Bequemer und anpassbarer Transport.<br \/><\/strong><br data-start=\"1088\" data-end=\"1091\">Der verstellbare <em data-start=\"1108\" data-end=\"1123\">Ultra Comfort<\/em>-Schultergurt erm\u00f6glicht auch auf l\u00e4ngeren Strecken ein angenehmes Tragen \u2013 ideal als professionelle Arbeitstasche.<\/p>\n<p data-start=\"1245\" data-end=\"1461\"><strong data-start=\"1245\" data-end=\"1283\" data-is-only-node=\"\">7.Kompaktes, aber ger\u00e4umiges Design.<br \/><\/strong><br data-start=\"1283\" data-end=\"1286\">Mit Abmessungen von 420 x 205 x 360 mm und einem Gewicht von nur 2,1 kg ist die <strong data-start=\"1366\" data-end=\"1382\">Soft Pilot R<\/strong> leicht zu transportieren und perfekt f\u00fcr beengte Arbeitsumgebungen geeignet.<\/p>\n<p data-start=\"1466\" data-end=\"1656\" data-is-last-node=\"\"><strong data-start=\"1466\" data-end=\"1519\" data-is-only-node=\"\">8.Ideal f\u00fcr mobile Techniker und Au\u00dfendienstprofis.<br \/><\/strong><br data-start=\"1519\" data-end=\"1522\">Dank ihrer Vielseitigkeit kann sie als Werkzeugkoffer, Arbeits-Trolley oder Werkzeugtasche f\u00fcr jeden mobilen Einsatz verwendet werden.<\/p>\n","protected":false},"excerpt":{"rendered":"<p>Die <strong data-start=\"4\" data-end=\"20\">Soft Pilot R<\/strong> ist eine <strong data-start=\"30\" data-end=\"63\">professionelle Werkzeugtasche<\/strong> mit <strong data-start=\"68\" data-end=\"92\">intelligentem Design<\/strong>, entwickelt f\u00fcr alle, die einen <strong data-start=\"125\" data-end=\"178\">vielseitigen und gut organisierten Werkzeugkoffer<\/strong> suchen.<br \/><br data-start=\"186\" data-end=\"189\">Diese <strong data-start=\"195\" data-end=\"212\">Pilotentasche<\/strong> bietet einen <strong data-start=\"226\" data-end=\"261\">praktischen, vertikalen Zugriff<\/strong> f\u00fcr den Transport von <strong data-start=\"284\" data-end=\"335\">Werkzeugen und elektronischen Ger\u00e4ten bis 15,6&#8243;<\/strong> und vereint <strong data-start=\"348\" data-end=\"377\">Funktionalit\u00e4t und Schutz<\/strong> in einem <strong data-start=\"387\" data-end=\"408\">kompakten Produkt<\/strong>.<br \/><br data-start=\"409\" data-end=\"412\">Das <strong data-start=\"416\" data-end=\"444\">herausnehmbare Frontfach<\/strong> l\u00e4sst sich in eine <strong data-start=\"464\" data-end=\"496\">eigenst\u00e4ndige Werkzeugtasche<\/strong> verwandeln, w\u00e4hrend zahlreiche <strong data-start=\"528\" data-end=\"574\">Taschen, elastische Halterungen und F\u00e4cher<\/strong> eine <strong data-start=\"580\" data-end=\"605\">optimale Organisation<\/strong> f\u00fcr jeden mobilen Profi gew\u00e4hrleisten.<br \/><br data-start=\"644\" data-end=\"647\">Ideal auch als <strong data-start=\"662\" data-end=\"701\">Arbeitsrucksack oder Werkzeugkoffer<\/strong> f\u00fcr <strong data-start=\"706\" data-end=\"759\">Techniker, Wartungspersonal und mobile Fachkr\u00e4fte<\/strong>.<\/p>\n","protected":false},"featured_media":8732,"comment_status":"open","ping_status":"closed","template":"","meta":{"_acf_changed":false},"product_brand":[],"product_cat":[233],"product_tag":[],"class_list":{"0":"post-16929","1":"product","2":"type-product","3":"status-publish","4":"has-post-thumbnail","6":"product_cat-linea-basic","7":"pa_anwendungen-koffer-und-taschen-fur-betreuer","8":"pa_anwendungen-koffer-und-taschen-fur-elektriker","9":"pa_anwendungen-koffer-und-taschen-fur-installateure","10":"pa_anwendungen-koffer-und-taschen-fur-servicetechniker","11":"pa_produkttyp-werkzeugtaschen-und-rucksacke","13":"first","14":"instock","15":"shipping-taxable","16":"purchasable","17":"product-type-simple"},"acf":[],"yoast_head":"<!-- This site is optimized with the Yoast SEO plugin v25.4 - https:\/\/yoast.com\/wordpress\/plugins\/seo\/ -->\n<title>Work Line by GT Werkzeugtasche Soft Pilot R - Gt Line DE<\/title>\n<meta name=\"robots\" content=\"index, follow, max-snippet:-1, max-image-preview:large, max-video-preview:-1\" \/>\n<link rel=\"canonical\" href=\"https:\/\/www.gtline.com\/de\/products\/work-line-by-gt-werkzeugtasche-soft-pilot-r\/\" \/>\n<meta property=\"og:locale\" content=\"de_DE\" \/>\n<meta property=\"og:type\" content=\"article\" \/>\n<meta property=\"og:title\" content=\"Work Line by GT Werkzeugtasche Soft Pilot R - Gt Line DE\" \/>\n<meta property=\"og:description\" content=\"Die Soft Pilot R ist eine professionelle Werkzeugtasche mit intelligentem Design, entwickelt f\u00fcr alle, die einen vielseitigen und gut organisierten Werkzeugkoffer suchen.Diese Pilotentasche bietet einen praktischen, vertikalen Zugriff f\u00fcr den Transport von Werkzeugen und elektronischen Ger\u00e4ten bis 15,6&quot; und vereint Funktionalit\u00e4t und Schutz in einem kompakten Produkt.Das herausnehmbare Frontfach l\u00e4sst sich in eine eigenst\u00e4ndige Werkzeugtasche verwandeln, w\u00e4hrend zahlreiche Taschen, elastische Halterungen und F\u00e4cher eine optimale Organisation f\u00fcr jeden mobilen Profi gew\u00e4hrleisten.Ideal auch als Arbeitsrucksack oder Werkzeugkoffer f\u00fcr Techniker, Wartungspersonal und mobile Fachkr\u00e4fte.\" \/>\n<meta property=\"og:url\" content=\"https:\/\/www.gtline.com\/de\/products\/work-line-by-gt-werkzeugtasche-soft-pilot-r\/\" \/>\n<meta property=\"og:site_name\" content=\"Gt Line DE\" \/>\n<meta property=\"article:publisher\" content=\"https:\/\/www.facebook.com\/gtlinesrl?locale=it_IT\" \/>\n<meta property=\"article:modified_time\" content=\"2026-04-17T02:09:03+00:00\" \/>\n<meta property=\"og:image\" content=\"https:\/\/www.gtline.com\/de\/wp-content\/uploads\/sites\/5\/2025\/05\/SOFT-PILOT-R_ALL_01_9032.jpg\" \/>\n\t<meta property=\"og:image:width\" content=\"500\" \/>\n\t<meta property=\"og:image:height\" content=\"500\" \/>\n\t<meta property=\"og:image:type\" content=\"image\/jpeg\" \/>\n<meta name=\"twitter:card\" content=\"summary_large_image\" \/>\n<meta name=\"twitter:label1\" content=\"Gesch\u00e4tzte Lesezeit\" \/>\n\t<meta name=\"twitter:data1\" content=\"1\u00a0Minute\" \/>\n<script type=\"application\/ld+json\" class=\"yoast-schema-graph\">{\"@context\":\"https:\/\/schema.org\",\"@graph\":[{\"@type\":\"WebPage\",\"@id\":\"https:\/\/www.gtline.com\/de\/products\/work-line-by-gt-werkzeugtasche-soft-pilot-r\/\",\"url\":\"https:\/\/www.gtline.com\/de\/products\/work-line-by-gt-werkzeugtasche-soft-pilot-r\/\",\"name\":\"Work Line by GT Werkzeugtasche Soft Pilot R - Gt Line DE\",\"isPartOf\":{\"@id\":\"https:\/\/www.gtline.com\/de\/#website\"},\"primaryImageOfPage\":{\"@id\":\"https:\/\/www.gtline.com\/de\/products\/work-line-by-gt-werkzeugtasche-soft-pilot-r\/#primaryimage\"},\"image\":{\"@id\":\"https:\/\/www.gtline.com\/de\/products\/work-line-by-gt-werkzeugtasche-soft-pilot-r\/#primaryimage\"},\"thumbnailUrl\":\"https:\/\/www.gtline.com\/de\/wp-content\/uploads\/sites\/5\/2025\/05\/SOFT-PILOT-R_ALL_01_9032.jpg\",\"datePublished\":\"2025-07-30T10:21:15+00:00\",\"dateModified\":\"2026-04-17T02:09:03+00:00\",\"breadcrumb\":{\"@id\":\"https:\/\/www.gtline.com\/de\/products\/work-line-by-gt-werkzeugtasche-soft-pilot-r\/#breadcrumb\"},\"inLanguage\":\"de\",\"potentialAction\":[{\"@type\":\"ReadAction\",\"target\":[\"https:\/\/www.gtline.com\/de\/products\/work-line-by-gt-werkzeugtasche-soft-pilot-r\/\"]}]},{\"@type\":\"ImageObject\",\"inLanguage\":\"de\",\"@id\":\"https:\/\/www.gtline.com\/de\/products\/work-line-by-gt-werkzeugtasche-soft-pilot-r\/#primaryimage\",\"url\":\"https:\/\/www.gtline.com\/de\/wp-content\/uploads\/sites\/5\/2025\/05\/SOFT-PILOT-R_ALL_01_9032.jpg\",\"contentUrl\":\"https:\/\/www.gtline.com\/de\/wp-content\/uploads\/sites\/5\/2025\/05\/SOFT-PILOT-R_ALL_01_9032.jpg\",\"width\":500,\"height\":500},{\"@type\":\"BreadcrumbList\",\"@id\":\"https:\/\/www.gtline.com\/de\/products\/work-line-by-gt-werkzeugtasche-soft-pilot-r\/#breadcrumb\",\"itemListElement\":[{\"@type\":\"ListItem\",\"position\":1,\"name\":\"Home\",\"item\":\"https:\/\/www.gtline.com\/de\/\"},{\"@type\":\"ListItem\",\"position\":2,\"name\":\"Shop\",\"item\":\"https:\/\/www.gtline.com\/de\/negozio\/\"},{\"@type\":\"ListItem\",\"position\":3,\"name\":\"Work Line by GT Werkzeugtasche Soft Pilot R\"}]},{\"@type\":\"WebSite\",\"@id\":\"https:\/\/www.gtline.com\/de\/#website\",\"url\":\"https:\/\/www.gtline.com\/de\/\",\"name\":\"Gt Line\",\"description\":\"\",\"publisher\":{\"@id\":\"https:\/\/www.gtline.com\/de\/#organization\"},\"potentialAction\":[{\"@type\":\"SearchAction\",\"target\":{\"@type\":\"EntryPoint\",\"urlTemplate\":\"https:\/\/www.gtline.com\/de\/?s={search_term_string}\"},\"query-input\":{\"@type\":\"PropertyValueSpecification\",\"valueRequired\":true,\"valueName\":\"search_term_string\"}}],\"inLanguage\":\"de\"},{\"@type\":\"Organization\",\"@id\":\"https:\/\/www.gtline.com\/de\/#organization\",\"name\":\"Gt Line\",\"url\":\"https:\/\/www.gtline.com\/de\/\",\"logo\":{\"@type\":\"ImageObject\",\"inLanguage\":\"de\",\"@id\":\"https:\/\/www.gtline.com\/de\/#\/schema\/logo\/image\/\",\"url\":\"https:\/\/www.gtline.com\/de\/wp-content\/uploads\/sites\/5\/2025\/02\/logo.png\",\"contentUrl\":\"https:\/\/www.gtline.com\/de\/wp-content\/uploads\/sites\/5\/2025\/02\/logo.png\",\"width\":228,\"height\":146,\"caption\":\"Gt Line\"},\"image\":{\"@id\":\"https:\/\/www.gtline.com\/de\/#\/schema\/logo\/image\/\"},\"sameAs\":[\"https:\/\/www.facebook.com\/gtlinesrl?locale=it_IT\",\"https:\/\/www.instagram.com\/gt_line_srl\/\",\"https:\/\/www.youtube.com\/channel\/UCDvpkFqswNJOVFz64PkYRQQ\",\"https:\/\/www.linkedin.com\/company\/gt-line-srl\/\"]}]}<\/script>\n<!-- \/ Yoast SEO plugin. -->","yoast_head_json":{"title":"Work Line by GT Werkzeugtasche Soft Pilot R - Gt Line DE","robots":{"index":"index","follow":"follow","max-snippet":"max-snippet:-1","max-image-preview":"max-image-preview:large","max-video-preview":"max-video-preview:-1"},"canonical":"https:\/\/www.gtline.com\/de\/products\/work-line-by-gt-werkzeugtasche-soft-pilot-r\/","og_locale":"de_DE","og_type":"article","og_title":"Work Line by GT Werkzeugtasche Soft Pilot R - Gt Line DE","og_description":"Die Soft Pilot R ist eine professionelle Werkzeugtasche mit intelligentem Design, entwickelt f\u00fcr alle, die einen vielseitigen und gut organisierten Werkzeugkoffer suchen.Diese Pilotentasche bietet einen praktischen, vertikalen Zugriff f\u00fcr den Transport von Werkzeugen und elektronischen Ger\u00e4ten bis 15,6\" und vereint Funktionalit\u00e4t und Schutz in einem kompakten Produkt.Das herausnehmbare Frontfach l\u00e4sst sich in eine eigenst\u00e4ndige Werkzeugtasche verwandeln, w\u00e4hrend zahlreiche Taschen, elastische Halterungen und F\u00e4cher eine optimale Organisation f\u00fcr jeden mobilen Profi gew\u00e4hrleisten.Ideal auch als Arbeitsrucksack oder Werkzeugkoffer f\u00fcr Techniker, Wartungspersonal und mobile Fachkr\u00e4fte.","og_url":"https:\/\/www.gtline.com\/de\/products\/work-line-by-gt-werkzeugtasche-soft-pilot-r\/","og_site_name":"Gt Line DE","article_publisher":"https:\/\/www.facebook.com\/gtlinesrl?locale=it_IT","article_modified_time":"2026-04-17T02:09:03+00:00","og_image":[{"width":500,"height":500,"url":"https:\/\/www.gtline.com\/de\/wp-content\/uploads\/sites\/5\/2025\/05\/SOFT-PILOT-R_ALL_01_9032.jpg","type":"image\/jpeg"}],"twitter_card":"summary_large_image","twitter_misc":{"Gesch\u00e4tzte Lesezeit":"1\u00a0Minute"},"schema":{"@context":"https:\/\/schema.org","@graph":[{"@type":"WebPage","@id":"https:\/\/www.gtline.com\/de\/products\/work-line-by-gt-werkzeugtasche-soft-pilot-r\/","url":"https:\/\/www.gtline.com\/de\/products\/work-line-by-gt-werkzeugtasche-soft-pilot-r\/","name":"Work Line by GT Werkzeugtasche Soft Pilot R - Gt Line DE","isPartOf":{"@id":"https:\/\/www.gtline.com\/de\/#website"},"primaryImageOfPage":{"@id":"https:\/\/www.gtline.com\/de\/products\/work-line-by-gt-werkzeugtasche-soft-pilot-r\/#primaryimage"},"image":{"@id":"https:\/\/www.gtline.com\/de\/products\/work-line-by-gt-werkzeugtasche-soft-pilot-r\/#primaryimage"},"thumbnailUrl":"https:\/\/www.gtline.com\/de\/wp-content\/uploads\/sites\/5\/2025\/05\/SOFT-PILOT-R_ALL_01_9032.jpg","datePublished":"2025-07-30T10:21:15+00:00","dateModified":"2026-04-17T02:09:03+00:00","breadcrumb":{"@id":"https:\/\/www.gtline.com\/de\/products\/work-line-by-gt-werkzeugtasche-soft-pilot-r\/#breadcrumb"},"inLanguage":"de","potentialAction":[{"@type":"ReadAction","target":["https:\/\/www.gtline.com\/de\/products\/work-line-by-gt-werkzeugtasche-soft-pilot-r\/"]}]},{"@type":"ImageObject","inLanguage":"de","@id":"https:\/\/www.gtline.com\/de\/products\/work-line-by-gt-werkzeugtasche-soft-pilot-r\/#primaryimage","url":"https:\/\/www.gtline.com\/de\/wp-content\/uploads\/sites\/5\/2025\/05\/SOFT-PILOT-R_ALL_01_9032.jpg","contentUrl":"https:\/\/www.gtline.com\/de\/wp-content\/uploads\/sites\/5\/2025\/05\/SOFT-PILOT-R_ALL_01_9032.jpg","width":500,"height":500},{"@type":"BreadcrumbList","@id":"https:\/\/www.gtline.com\/de\/products\/work-line-by-gt-werkzeugtasche-soft-pilot-r\/#breadcrumb","itemListElement":[{"@type":"ListItem","position":1,"name":"Home","item":"https:\/\/www.gtline.com\/de\/"},{"@type":"ListItem","position":2,"name":"Shop","item":"https:\/\/www.gtline.com\/de\/negozio\/"},{"@type":"ListItem","position":3,"name":"Work Line by GT Werkzeugtasche Soft Pilot R"}]},{"@type":"WebSite","@id":"https:\/\/www.gtline.com\/de\/#website","url":"https:\/\/www.gtline.com\/de\/","name":"Gt Line","description":"","publisher":{"@id":"https:\/\/www.gtline.com\/de\/#organization"},"potentialAction":[{"@type":"SearchAction","target":{"@type":"EntryPoint","urlTemplate":"https:\/\/www.gtline.com\/de\/?s={search_term_string}"},"query-input":{"@type":"PropertyValueSpecification","valueRequired":true,"valueName":"search_term_string"}}],"inLanguage":"de"},{"@type":"Organization","@id":"https:\/\/www.gtline.com\/de\/#organization","name":"Gt Line","url":"https:\/\/www.gtline.com\/de\/","logo":{"@type":"ImageObject","inLanguage":"de","@id":"https:\/\/www.gtline.com\/de\/#\/schema\/logo\/image\/","url":"https:\/\/www.gtline.com\/de\/wp-content\/uploads\/sites\/5\/2025\/02\/logo.png","contentUrl":"https:\/\/www.gtline.com\/de\/wp-content\/uploads\/sites\/5\/2025\/02\/logo.png","width":228,"height":146,"caption":"Gt Line"},"image":{"@id":"https:\/\/www.gtline.com\/de\/#\/schema\/logo\/image\/"},"sameAs":["https:\/\/www.facebook.com\/gtlinesrl?locale=it_IT","https:\/\/www.instagram.com\/gt_line_srl\/","https:\/\/www.youtube.com\/channel\/UCDvpkFqswNJOVFz64PkYRQQ","https:\/\/www.linkedin.com\/company\/gt-line-srl\/"]}]}},"_links":{"self":[{"href":"https:\/\/www.gtline.com\/de\/wp-json\/wp\/v2\/product\/16929","targetHints":{"allow":["GET"]}}],"collection":[{"href":"https:\/\/www.gtline.com\/de\/wp-json\/wp\/v2\/product"}],"about":[{"href":"https:\/\/www.gtline.com\/de\/wp-json\/wp\/v2\/types\/product"}],"replies":[{"embeddable":true,"href":"https:\/\/www.gtline.com\/de\/wp-json\/wp\/v2\/comments?post=16929"}],"version-history":[{"count":2,"href":"https:\/\/www.gtline.com\/de\/wp-json\/wp\/v2\/product\/16929\/revisions"}],"predecessor-version":[{"id":22325,"href":"https:\/\/www.gtline.com\/de\/wp-json\/wp\/v2\/product\/16929\/revisions\/22325"}],"wp:featuredmedia":[{"embeddable":true,"href":"https:\/\/www.gtline.com\/de\/wp-json\/wp\/v2\/media\/8732"}],"wp:attachment":[{"href":"https:\/\/www.gtline.com\/de\/wp-json\/wp\/v2\/media?parent=16929"}],"wp:term":[{"taxonomy":"product_brand","embeddable":true,"href":"https:\/\/www.gtline.com\/de\/wp-json\/wp\/v2\/product_brand?post=16929"},{"taxonomy":"product_cat","embeddable":true,"href":"https:\/\/www.gtline.com\/de\/wp-json\/wp\/v2\/product_cat?post=16929"},{"taxonomy":"product_tag","embeddable":true,"href":"https:\/\/www.gtline.com\/de\/wp-json\/wp\/v2\/product_tag?post=16929"}],"curies":[{"name":"wp","href":"https:\/\/api.w.org\/{rel}","templated":true}]}}