{"id":16931,"date":"2025-07-30T10:21:19","date_gmt":"2025-07-30T10:21:19","guid":{"rendered":"https:\/\/www.gtline.com\/de\/prodotto\/work-line-by-gt-werkzeugtasche-bag-07-r\/"},"modified":"2026-04-17T02:09:06","modified_gmt":"2026-04-17T02:09:06","slug":"work-line-by-gt-werkzeugtasche-bag-07-r","status":"publish","type":"product","link":"https:\/\/www.gtline.com\/de\/products\/work-line-by-gt-werkzeugtasche-bag-07-r\/","title":{"rendered":"Work Line by GT Werkzeugtasche BAG 07 R"},"content":{"rendered":"<p data-start=\"3\" data-end=\"268\"><strong data-start=\"3\" data-end=\"63\" data-is-only-node=\"\">1.Kompakte und funktionale Organisation f\u00fcr jeden Einsatz.<br \/><\/strong><br data-start=\"63\" data-end=\"66\">Das multifunktionale Design mit einer aufrollbaren Innentasche und Werkzeugf\u00e4chern sorgt daf\u00fcr, dass Schraubendreher, Zangen, Pr\u00fcfger\u00e4te, Messinstrumente und Kleinteile stets ordentlich verstaut sind.<\/p>\n<p data-start=\"273\" data-end=\"501\"><strong data-start=\"273\" data-end=\"339\" data-is-only-node=\"\">2.Schneller Zugriff auf die am h\u00e4ufigsten verwendeten Werkzeuge.<br \/><\/strong><br data-start=\"339\" data-end=\"342\">Die Au\u00dfentaschen in verschiedenen Gr\u00f6\u00dfen erm\u00f6glichen einen einfachen Zugriff auf das wichtigste Zubeh\u00f6r, verk\u00fcrzen die Arbeitszeit und erh\u00f6hen die Effizienz.<\/p>\n<p data-start=\"506\" data-end=\"765\"><strong data-start=\"506\" data-end=\"557\" data-is-only-node=\"\">3.Bequemlichkeit und Komfort den ganzen Tag \u00fcber.<br \/><\/strong><br data-start=\"557\" data-end=\"560\">Die verstellbaren Schultergurte gew\u00e4hrleisten eine individuelle Passform, verteilen das Gewicht optimal und machen diesen professionellen Rucksack auch bei l\u00e4ngerem Gebrauch besonders angenehm zu tragen.<\/p>\n<p data-start=\"770\" data-end=\"1057\"><strong data-start=\"770\" data-end=\"836\" data-is-only-node=\"\">4.Ideal zur Aufbewahrung von Werkzeugen, Dokumenten und Zubeh\u00f6r.<br \/><\/strong><br data-start=\"836\" data-end=\"839\">Die Innenstruktur ist so konzipiert, dass sie nicht nur Werkzeuge, sondern auch technische Dokumente, Tablets oder kleine elektronische Ger\u00e4te aufnehmen kann \u2013 eine vollst\u00e4ndige und vielseitige Arbeitswerkzeugtasche.<\/p>\n<p data-start=\"1062\" data-end=\"1306\"><strong data-start=\"1062\" data-end=\"1101\" data-is-only-node=\"\">5.Kompaktes und ultraleichtes Design.<br \/><\/strong><br data-start=\"1101\" data-end=\"1104\">Mit einem Gewicht von nur 0,8 kg und den kompakten Abmessungen (310 x 120 x 390 mm) ist dieser Werkzeugrucksack perfekt f\u00fcr h\u00e4ufige Eins\u00e4tze \u2013 auch in engen oder schwer zug\u00e4nglichen Arbeitsumgebungen.<\/p>\n<p data-start=\"1311\" data-end=\"1595\" data-is-last-node=\"\"><strong data-start=\"1311\" data-end=\"1365\" data-is-only-node=\"\">6.Perfekt kombinierbar mit anderen GT Line L\u00f6sungen.<br \/><\/strong><br data-start=\"1365\" data-end=\"1368\">Der BAG 07 R kann allein oder in Kombination mit einem Werkzeugkoffer, einer professionellen Werkzeugtasche oder einem Arbeits-Trolley verwendet werden und passt sich jeder operativen Anforderung mit Stil und Funktionalit\u00e4t an.<\/p>\n","protected":false},"excerpt":{"rendered":"<p>Die <strong data-start=\"4\" data-end=\"16\">BAG 07 R<\/strong> ist ein <strong data-start=\"25\" data-end=\"61\">professioneller Werkzeugrucksack<\/strong>, entwickelt f\u00fcr Fachkr\u00e4fte, die <strong data-start=\"94\" data-end=\"112\">mobil arbeiten<\/strong> und eine <strong data-start=\"122\" data-end=\"182\">kompakte, effiziente und leicht zug\u00e4ngliche Organisation<\/strong> ben\u00f6tigen.<br \/><br data-start=\"193\" data-end=\"196\">Dieser <strong data-start=\"203\" data-end=\"223\">Werkzeugrucksack<\/strong> ist ideal f\u00fcr <strong data-start=\"238\" data-end=\"291\">Elektriker, Wartungstechniker und Servicemonteure<\/strong>: Mit <strong data-start=\"297\" data-end=\"322\">mehreren Au\u00dfentaschen<\/strong> und einem <strong data-start=\"333\" data-end=\"367\">gro\u00dfen, aufrollbaren Innenfach<\/strong> mit <strong data-start=\"372\" data-end=\"409\">F\u00e4chern f\u00fcr Werkzeuge und Zubeh\u00f6r<\/strong> sorgt er in jeder Situation f\u00fcr <strong data-start=\"442\" data-end=\"480\">Ordnung und Benutzerfreundlichkeit<\/strong>.<br \/><br data-start=\"481\" data-end=\"484\">Die <strong data-start=\"488\" data-end=\"519\">verstellbaren Schultergurte<\/strong> machen diesen <strong data-start=\"534\" data-end=\"553\">Arbeitsrucksack<\/strong> auch bei l\u00e4ngeren Eins\u00e4tzen <strong data-start=\"582\" data-end=\"607\">besonders komfortabel<\/strong>.<br \/><br data-start=\"608\" data-end=\"611\">Eine <strong data-start=\"616\" data-end=\"645\">hervorragende Alternative<\/strong> zu klassischen <strong data-start=\"661\" data-end=\"701\">Werkzeugtaschen oder Werkzeugkoffern<\/strong>, perfekt auch in Kombination mit einem <strong data-start=\"741\" data-end=\"768\">Werkzeug-Trolley-Koffer<\/strong>.<\/p>\n","protected":false},"featured_media":8745,"comment_status":"open","ping_status":"closed","template":"","meta":{"_acf_changed":false},"product_brand":[],"product_cat":[233],"product_tag":[],"class_list":{"0":"post-16931","1":"product","2":"type-product","3":"status-publish","4":"has-post-thumbnail","6":"product_cat-linea-basic","7":"pa_anwendungen-koffer-und-taschen-fur-betreuer","8":"pa_anwendungen-koffer-und-taschen-fur-elektriker","9":"pa_anwendungen-koffer-und-taschen-fur-installateure","10":"pa_anwendungen-koffer-und-taschen-fur-servicetechniker","11":"pa_produkttyp-werkzeugtaschen-und-rucksacke","13":"first","14":"instock","15":"shipping-taxable","16":"purchasable","17":"product-type-simple"},"acf":[],"yoast_head":"<!-- This site is optimized with the Yoast SEO plugin v25.4 - https:\/\/yoast.com\/wordpress\/plugins\/seo\/ -->\n<title>Work Line by GT Werkzeugtasche BAG 07 R - Gt Line DE<\/title>\n<meta name=\"robots\" content=\"index, follow, max-snippet:-1, max-image-preview:large, max-video-preview:-1\" \/>\n<link rel=\"canonical\" href=\"https:\/\/www.gtline.com\/de\/products\/work-line-by-gt-werkzeugtasche-bag-07-r\/\" \/>\n<meta property=\"og:locale\" content=\"de_DE\" \/>\n<meta property=\"og:type\" content=\"article\" \/>\n<meta property=\"og:title\" content=\"Work Line by GT Werkzeugtasche BAG 07 R - Gt Line DE\" \/>\n<meta property=\"og:description\" content=\"Die BAG 07 R ist ein professioneller Werkzeugrucksack, entwickelt f\u00fcr Fachkr\u00e4fte, die mobil arbeiten und eine kompakte, effiziente und leicht zug\u00e4ngliche Organisation ben\u00f6tigen.Dieser Werkzeugrucksack ist ideal f\u00fcr Elektriker, Wartungstechniker und Servicemonteure: Mit mehreren Au\u00dfentaschen und einem gro\u00dfen, aufrollbaren Innenfach mit F\u00e4chern f\u00fcr Werkzeuge und Zubeh\u00f6r sorgt er in jeder Situation f\u00fcr Ordnung und Benutzerfreundlichkeit.Die verstellbaren Schultergurte machen diesen Arbeitsrucksack auch bei l\u00e4ngeren Eins\u00e4tzen besonders komfortabel.Eine hervorragende Alternative zu klassischen Werkzeugtaschen oder Werkzeugkoffern, perfekt auch in Kombination mit einem Werkzeug-Trolley-Koffer.\" \/>\n<meta property=\"og:url\" content=\"https:\/\/www.gtline.com\/de\/products\/work-line-by-gt-werkzeugtasche-bag-07-r\/\" \/>\n<meta property=\"og:site_name\" content=\"Gt Line DE\" \/>\n<meta property=\"article:publisher\" content=\"https:\/\/www.facebook.com\/gtlinesrl?locale=it_IT\" \/>\n<meta property=\"article:modified_time\" content=\"2026-04-17T02:09:06+00:00\" \/>\n<meta property=\"og:image\" content=\"https:\/\/www.gtline.com\/de\/wp-content\/uploads\/sites\/5\/2025\/05\/BAG-07-R_ALL_01_9033.jpg\" \/>\n\t<meta property=\"og:image:width\" content=\"500\" \/>\n\t<meta property=\"og:image:height\" content=\"500\" \/>\n\t<meta property=\"og:image:type\" content=\"image\/jpeg\" \/>\n<meta name=\"twitter:card\" content=\"summary_large_image\" \/>\n<meta name=\"twitter:label1\" content=\"Gesch\u00e4tzte Lesezeit\" \/>\n\t<meta name=\"twitter:data1\" content=\"1\u00a0Minute\" \/>\n<script type=\"application\/ld+json\" class=\"yoast-schema-graph\">{\"@context\":\"https:\/\/schema.org\",\"@graph\":[{\"@type\":\"WebPage\",\"@id\":\"https:\/\/www.gtline.com\/de\/products\/work-line-by-gt-werkzeugtasche-bag-07-r\/\",\"url\":\"https:\/\/www.gtline.com\/de\/products\/work-line-by-gt-werkzeugtasche-bag-07-r\/\",\"name\":\"Work Line by GT Werkzeugtasche BAG 07 R - Gt Line DE\",\"isPartOf\":{\"@id\":\"https:\/\/www.gtline.com\/de\/#website\"},\"primaryImageOfPage\":{\"@id\":\"https:\/\/www.gtline.com\/de\/products\/work-line-by-gt-werkzeugtasche-bag-07-r\/#primaryimage\"},\"image\":{\"@id\":\"https:\/\/www.gtline.com\/de\/products\/work-line-by-gt-werkzeugtasche-bag-07-r\/#primaryimage\"},\"thumbnailUrl\":\"https:\/\/www.gtline.com\/de\/wp-content\/uploads\/sites\/5\/2025\/05\/BAG-07-R_ALL_01_9033.jpg\",\"datePublished\":\"2025-07-30T10:21:19+00:00\",\"dateModified\":\"2026-04-17T02:09:06+00:00\",\"breadcrumb\":{\"@id\":\"https:\/\/www.gtline.com\/de\/products\/work-line-by-gt-werkzeugtasche-bag-07-r\/#breadcrumb\"},\"inLanguage\":\"de\",\"potentialAction\":[{\"@type\":\"ReadAction\",\"target\":[\"https:\/\/www.gtline.com\/de\/products\/work-line-by-gt-werkzeugtasche-bag-07-r\/\"]}]},{\"@type\":\"ImageObject\",\"inLanguage\":\"de\",\"@id\":\"https:\/\/www.gtline.com\/de\/products\/work-line-by-gt-werkzeugtasche-bag-07-r\/#primaryimage\",\"url\":\"https:\/\/www.gtline.com\/de\/wp-content\/uploads\/sites\/5\/2025\/05\/BAG-07-R_ALL_01_9033.jpg\",\"contentUrl\":\"https:\/\/www.gtline.com\/de\/wp-content\/uploads\/sites\/5\/2025\/05\/BAG-07-R_ALL_01_9033.jpg\",\"width\":500,\"height\":500},{\"@type\":\"BreadcrumbList\",\"@id\":\"https:\/\/www.gtline.com\/de\/products\/work-line-by-gt-werkzeugtasche-bag-07-r\/#breadcrumb\",\"itemListElement\":[{\"@type\":\"ListItem\",\"position\":1,\"name\":\"Home\",\"item\":\"https:\/\/www.gtline.com\/de\/\"},{\"@type\":\"ListItem\",\"position\":2,\"name\":\"Shop\",\"item\":\"https:\/\/www.gtline.com\/de\/negozio\/\"},{\"@type\":\"ListItem\",\"position\":3,\"name\":\"Work Line by GT Werkzeugtasche BAG 07 R\"}]},{\"@type\":\"WebSite\",\"@id\":\"https:\/\/www.gtline.com\/de\/#website\",\"url\":\"https:\/\/www.gtline.com\/de\/\",\"name\":\"Gt Line\",\"description\":\"\",\"publisher\":{\"@id\":\"https:\/\/www.gtline.com\/de\/#organization\"},\"potentialAction\":[{\"@type\":\"SearchAction\",\"target\":{\"@type\":\"EntryPoint\",\"urlTemplate\":\"https:\/\/www.gtline.com\/de\/?s={search_term_string}\"},\"query-input\":{\"@type\":\"PropertyValueSpecification\",\"valueRequired\":true,\"valueName\":\"search_term_string\"}}],\"inLanguage\":\"de\"},{\"@type\":\"Organization\",\"@id\":\"https:\/\/www.gtline.com\/de\/#organization\",\"name\":\"Gt Line\",\"url\":\"https:\/\/www.gtline.com\/de\/\",\"logo\":{\"@type\":\"ImageObject\",\"inLanguage\":\"de\",\"@id\":\"https:\/\/www.gtline.com\/de\/#\/schema\/logo\/image\/\",\"url\":\"https:\/\/www.gtline.com\/de\/wp-content\/uploads\/sites\/5\/2025\/02\/logo.png\",\"contentUrl\":\"https:\/\/www.gtline.com\/de\/wp-content\/uploads\/sites\/5\/2025\/02\/logo.png\",\"width\":228,\"height\":146,\"caption\":\"Gt Line\"},\"image\":{\"@id\":\"https:\/\/www.gtline.com\/de\/#\/schema\/logo\/image\/\"},\"sameAs\":[\"https:\/\/www.facebook.com\/gtlinesrl?locale=it_IT\",\"https:\/\/www.instagram.com\/gt_line_srl\/\",\"https:\/\/www.youtube.com\/channel\/UCDvpkFqswNJOVFz64PkYRQQ\",\"https:\/\/www.linkedin.com\/company\/gt-line-srl\/\"]}]}<\/script>\n<!-- \/ Yoast SEO plugin. -->","yoast_head_json":{"title":"Work Line by GT Werkzeugtasche BAG 07 R - Gt Line DE","robots":{"index":"index","follow":"follow","max-snippet":"max-snippet:-1","max-image-preview":"max-image-preview:large","max-video-preview":"max-video-preview:-1"},"canonical":"https:\/\/www.gtline.com\/de\/products\/work-line-by-gt-werkzeugtasche-bag-07-r\/","og_locale":"de_DE","og_type":"article","og_title":"Work Line by GT Werkzeugtasche BAG 07 R - Gt Line DE","og_description":"Die BAG 07 R ist ein professioneller Werkzeugrucksack, entwickelt f\u00fcr Fachkr\u00e4fte, die mobil arbeiten und eine kompakte, effiziente und leicht zug\u00e4ngliche Organisation ben\u00f6tigen.Dieser Werkzeugrucksack ist ideal f\u00fcr Elektriker, Wartungstechniker und Servicemonteure: Mit mehreren Au\u00dfentaschen und einem gro\u00dfen, aufrollbaren Innenfach mit F\u00e4chern f\u00fcr Werkzeuge und Zubeh\u00f6r sorgt er in jeder Situation f\u00fcr Ordnung und Benutzerfreundlichkeit.Die verstellbaren Schultergurte machen diesen Arbeitsrucksack auch bei l\u00e4ngeren Eins\u00e4tzen besonders komfortabel.Eine hervorragende Alternative zu klassischen Werkzeugtaschen oder Werkzeugkoffern, perfekt auch in Kombination mit einem Werkzeug-Trolley-Koffer.","og_url":"https:\/\/www.gtline.com\/de\/products\/work-line-by-gt-werkzeugtasche-bag-07-r\/","og_site_name":"Gt Line DE","article_publisher":"https:\/\/www.facebook.com\/gtlinesrl?locale=it_IT","article_modified_time":"2026-04-17T02:09:06+00:00","og_image":[{"width":500,"height":500,"url":"https:\/\/www.gtline.com\/de\/wp-content\/uploads\/sites\/5\/2025\/05\/BAG-07-R_ALL_01_9033.jpg","type":"image\/jpeg"}],"twitter_card":"summary_large_image","twitter_misc":{"Gesch\u00e4tzte Lesezeit":"1\u00a0Minute"},"schema":{"@context":"https:\/\/schema.org","@graph":[{"@type":"WebPage","@id":"https:\/\/www.gtline.com\/de\/products\/work-line-by-gt-werkzeugtasche-bag-07-r\/","url":"https:\/\/www.gtline.com\/de\/products\/work-line-by-gt-werkzeugtasche-bag-07-r\/","name":"Work Line by GT Werkzeugtasche BAG 07 R - Gt Line DE","isPartOf":{"@id":"https:\/\/www.gtline.com\/de\/#website"},"primaryImageOfPage":{"@id":"https:\/\/www.gtline.com\/de\/products\/work-line-by-gt-werkzeugtasche-bag-07-r\/#primaryimage"},"image":{"@id":"https:\/\/www.gtline.com\/de\/products\/work-line-by-gt-werkzeugtasche-bag-07-r\/#primaryimage"},"thumbnailUrl":"https:\/\/www.gtline.com\/de\/wp-content\/uploads\/sites\/5\/2025\/05\/BAG-07-R_ALL_01_9033.jpg","datePublished":"2025-07-30T10:21:19+00:00","dateModified":"2026-04-17T02:09:06+00:00","breadcrumb":{"@id":"https:\/\/www.gtline.com\/de\/products\/work-line-by-gt-werkzeugtasche-bag-07-r\/#breadcrumb"},"inLanguage":"de","potentialAction":[{"@type":"ReadAction","target":["https:\/\/www.gtline.com\/de\/products\/work-line-by-gt-werkzeugtasche-bag-07-r\/"]}]},{"@type":"ImageObject","inLanguage":"de","@id":"https:\/\/www.gtline.com\/de\/products\/work-line-by-gt-werkzeugtasche-bag-07-r\/#primaryimage","url":"https:\/\/www.gtline.com\/de\/wp-content\/uploads\/sites\/5\/2025\/05\/BAG-07-R_ALL_01_9033.jpg","contentUrl":"https:\/\/www.gtline.com\/de\/wp-content\/uploads\/sites\/5\/2025\/05\/BAG-07-R_ALL_01_9033.jpg","width":500,"height":500},{"@type":"BreadcrumbList","@id":"https:\/\/www.gtline.com\/de\/products\/work-line-by-gt-werkzeugtasche-bag-07-r\/#breadcrumb","itemListElement":[{"@type":"ListItem","position":1,"name":"Home","item":"https:\/\/www.gtline.com\/de\/"},{"@type":"ListItem","position":2,"name":"Shop","item":"https:\/\/www.gtline.com\/de\/negozio\/"},{"@type":"ListItem","position":3,"name":"Work Line by GT Werkzeugtasche BAG 07 R"}]},{"@type":"WebSite","@id":"https:\/\/www.gtline.com\/de\/#website","url":"https:\/\/www.gtline.com\/de\/","name":"Gt Line","description":"","publisher":{"@id":"https:\/\/www.gtline.com\/de\/#organization"},"potentialAction":[{"@type":"SearchAction","target":{"@type":"EntryPoint","urlTemplate":"https:\/\/www.gtline.com\/de\/?s={search_term_string}"},"query-input":{"@type":"PropertyValueSpecification","valueRequired":true,"valueName":"search_term_string"}}],"inLanguage":"de"},{"@type":"Organization","@id":"https:\/\/www.gtline.com\/de\/#organization","name":"Gt Line","url":"https:\/\/www.gtline.com\/de\/","logo":{"@type":"ImageObject","inLanguage":"de","@id":"https:\/\/www.gtline.com\/de\/#\/schema\/logo\/image\/","url":"https:\/\/www.gtline.com\/de\/wp-content\/uploads\/sites\/5\/2025\/02\/logo.png","contentUrl":"https:\/\/www.gtline.com\/de\/wp-content\/uploads\/sites\/5\/2025\/02\/logo.png","width":228,"height":146,"caption":"Gt Line"},"image":{"@id":"https:\/\/www.gtline.com\/de\/#\/schema\/logo\/image\/"},"sameAs":["https:\/\/www.facebook.com\/gtlinesrl?locale=it_IT","https:\/\/www.instagram.com\/gt_line_srl\/","https:\/\/www.youtube.com\/channel\/UCDvpkFqswNJOVFz64PkYRQQ","https:\/\/www.linkedin.com\/company\/gt-line-srl\/"]}]}},"_links":{"self":[{"href":"https:\/\/www.gtline.com\/de\/wp-json\/wp\/v2\/product\/16931","targetHints":{"allow":["GET"]}}],"collection":[{"href":"https:\/\/www.gtline.com\/de\/wp-json\/wp\/v2\/product"}],"about":[{"href":"https:\/\/www.gtline.com\/de\/wp-json\/wp\/v2\/types\/product"}],"replies":[{"embeddable":true,"href":"https:\/\/www.gtline.com\/de\/wp-json\/wp\/v2\/comments?post=16931"}],"version-history":[{"count":2,"href":"https:\/\/www.gtline.com\/de\/wp-json\/wp\/v2\/product\/16931\/revisions"}],"predecessor-version":[{"id":22326,"href":"https:\/\/www.gtline.com\/de\/wp-json\/wp\/v2\/product\/16931\/revisions\/22326"}],"wp:featuredmedia":[{"embeddable":true,"href":"https:\/\/www.gtline.com\/de\/wp-json\/wp\/v2\/media\/8745"}],"wp:attachment":[{"href":"https:\/\/www.gtline.com\/de\/wp-json\/wp\/v2\/media?parent=16931"}],"wp:term":[{"taxonomy":"product_brand","embeddable":true,"href":"https:\/\/www.gtline.com\/de\/wp-json\/wp\/v2\/product_brand?post=16931"},{"taxonomy":"product_cat","embeddable":true,"href":"https:\/\/www.gtline.com\/de\/wp-json\/wp\/v2\/product_cat?post=16931"},{"taxonomy":"product_tag","embeddable":true,"href":"https:\/\/www.gtline.com\/de\/wp-json\/wp\/v2\/product_tag?post=16931"}],"curies":[{"name":"wp","href":"https:\/\/api.w.org\/{rel}","templated":true}]}}