{"id":16933,"date":"2025-07-30T10:21:23","date_gmt":"2025-07-30T10:21:23","guid":{"rendered":"https:\/\/www.gtline.com\/de\/prodotto\/work-line-by-gt-werkzeugtasche-top-pilot-r\/"},"modified":"2026-04-17T02:09:10","modified_gmt":"2026-04-17T02:09:10","slug":"work-line-by-gt-werkzeugtasche-top-pilot-r","status":"publish","type":"product","link":"https:\/\/www.gtline.com\/de\/products\/work-line-by-gt-werkzeugtasche-top-pilot-r\/","title":{"rendered":"Work Line by GT Werkzeugtasche Top Pilot R (rtikel aus dem Sortiment genommen &ndash; Verf&uuml;gbar solange der Vorrat reicht)"},"content":{"rendered":"<p data-start=\"3\" data-end=\"245\"><strong data-start=\"3\" data-end=\"68\" data-is-only-node=\"\">1.Vertikaler, \u00fcbersichtlicher Zugriff f\u00fcr Werkzeuge und Laptop.<\/strong><br \/><br data-start=\"68\" data-end=\"71\">Das vertikale Design erm\u00f6glicht eine vollst\u00e4ndige und geordnete \u00d6ffnung \u2013 ideal, um einen Laptop bis 18&#8243; zusammen mit den wichtigsten Arbeitswerkzeugen sicher zu verstauen.<\/p>\n<p data-start=\"250\" data-end=\"472\"><strong data-start=\"250\" data-end=\"303\" data-is-only-node=\"\">2.Multifunktionale Struktur f\u00fcr Profis in Bewegung.<br \/><\/strong><br data-start=\"303\" data-end=\"306\">Entwickelt f\u00fcr Techniker, Installateure und Wartungsspezialisten vereint diese Arbeitstasche Eleganz und Funktionalit\u00e4t in einem kompakten, leistungsstarken Format.<\/p>\n<p data-start=\"477\" data-end=\"667\"><strong data-start=\"477\" data-end=\"516\" data-is-only-node=\"\">3.Schnelle und modulare Organisation.<br \/><\/strong><br data-start=\"516\" data-end=\"519\">Die Vorder- und R\u00fcckseitenbereiche sind mit elastischen Werkzeughaltern ausgestattet, um eine flexible Anordnung der Arbeitsmittel zu erm\u00f6glichen.<\/p>\n<p data-start=\"672\" data-end=\"849\"><strong data-start=\"672\" data-end=\"690\" data-is-only-node=\"\">4.Seitentaschen.<br \/><\/strong><br data-start=\"690\" data-end=\"693\">Die beiden gepolsterten Seitentaschen bieten zus\u00e4tzlichen Stauraum und sch\u00fctzen empfindliche Komponenten, elektronische Ger\u00e4te oder Verbrauchsmaterialien.<\/p>\n<p data-start=\"854\" data-end=\"1100\"><strong data-start=\"854\" data-end=\"939\" data-is-only-node=\"\">5.Ergonomischer, verstellbarer Schultergurt aus Neopren f\u00fcr komfortablen Transport.<br \/><\/strong><br data-start=\"939\" data-end=\"942\">Der praktische Schultergurt erm\u00f6glicht das bequeme Tragen \u00fcber der Schulter, auch bei h\u00e4ufigem Ortswechsel \u2013 die H\u00e4nde bleiben frei f\u00fcr schnelle Handgriffe.<\/p>\n<p data-start=\"1105\" data-end=\"1345\"><strong data-start=\"1105\" data-end=\"1158\" data-is-only-node=\"\">6.Kompatibel mit professionellen Transportsystemen.<br \/><\/strong><br data-start=\"1158\" data-end=\"1161\">Die <strong data-start=\"1165\" data-end=\"1180\">TOP Pilot R<\/strong> l\u00e4sst sich perfekt mit Werkzeugrucks\u00e4cken, Arbeitstaschen oder Werkzeugkoffern kombinieren und erweitert so die Transportkapazit\u00e4t und organisatorische Effizienz.<\/p>\n<p data-start=\"1350\" data-end=\"1557\" data-is-last-node=\"\"><strong data-start=\"1350\" data-end=\"1390\" data-is-only-node=\"\">7.Robustes und professionelles Design.<br \/><\/strong><br data-start=\"1390\" data-end=\"1393\">Mit Abmessungen von 470 x 160 x 330 mm und einem Gewicht von 2,90 kg ist sie auf Langlebigkeit ausgelegt und sch\u00fctzt Werkzeuge zuverl\u00e4ssig in jeder Arbeitsumgebung.<\/p>\n","protected":false},"excerpt":{"rendered":"<p data-start=\"0\" data-end=\"626\" data-is-last-node=\"\" data-is-only-node=\"\">Die\u00a0<strong data-start=\"4\" data-end=\"34\">Werkzeugtasche TOP Pilot R<\/strong> ist die ideale Wahl f\u00fcr <strong data-start=\"59\" data-end=\"80\">dynamische Profis<\/strong>, die eine <strong data-start=\"91\" data-end=\"119\">funktionale Organisation<\/strong> und <strong data-start=\"124\" data-end=\"148\">gesch\u00fctzten Stauraum<\/strong> f\u00fcr Werkzeuge und technische Ger\u00e4te ben\u00f6tigen.<br \/><br data-start=\"195\" data-end=\"198\">Mit ihrem <strong data-start=\"208\" data-end=\"232\">Pilotenkoffer-Design<\/strong> und der <strong data-start=\"241\" data-end=\"263\">vertikalen \u00d6ffnung<\/strong> ist sie perfekt geeignet, um <strong data-start=\"293\" data-end=\"333\">Arbeitswerkzeuge und Laptops bis 18&#8243;<\/strong> sicher zu transportieren.<br \/><br data-start=\"359\" data-end=\"362\">Ausgestattet mit einem <strong data-start=\"385\" data-end=\"415\">verstellbaren Schultergurt<\/strong> und <strong data-start=\"420\" data-end=\"437\">Seitentaschen<\/strong>, l\u00e4sst sie sich ideal mit <strong data-start=\"464\" data-end=\"532\">professionellen Rucks\u00e4cken, Werkzeugkoffern oder Arbeitstrolleys<\/strong> kombinieren und gew\u00e4hrleistet so ein <strong data-start=\"570\" data-end=\"625\">effizientes Management der Arbeitsmittel im Einsatz<\/strong>.<\/p>\n","protected":false},"featured_media":8754,"comment_status":"open","ping_status":"closed","template":"","meta":{"_acf_changed":false},"product_brand":[],"product_cat":[230],"product_tag":[],"class_list":{"0":"post-16933","1":"product","2":"type-product","3":"status-publish","4":"has-post-thumbnail","6":"product_cat-linea-top","7":"pa_anwendungen-koffer-und-taschen-fur-betreuer","8":"pa_anwendungen-koffer-und-taschen-fur-elektriker","9":"pa_anwendungen-koffer-und-taschen-fur-installateure","10":"pa_anwendungen-koffer-und-taschen-fur-servicetechniker","11":"pa_produkttyp-werkzeugtaschen-und-rucksacke","13":"first","14":"instock","15":"shipping-taxable","16":"purchasable","17":"product-type-simple"},"acf":[],"yoast_head":"<!-- This site is optimized with the Yoast SEO plugin v25.4 - https:\/\/yoast.com\/wordpress\/plugins\/seo\/ -->\n<title>Work Line by GT Werkzeugtasche Top Pilot R (rtikel aus dem Sortiment genommen &ndash; Verf&uuml;gbar solange der Vorrat reicht) - Gt Line DE<\/title>\n<meta name=\"robots\" content=\"index, follow, max-snippet:-1, max-image-preview:large, max-video-preview:-1\" \/>\n<link rel=\"canonical\" href=\"https:\/\/www.gtline.com\/de\/products\/work-line-by-gt-werkzeugtasche-top-pilot-r\/\" \/>\n<meta property=\"og:locale\" content=\"de_DE\" \/>\n<meta property=\"og:type\" content=\"article\" \/>\n<meta property=\"og:title\" content=\"Work Line by GT Werkzeugtasche Top Pilot R (rtikel aus dem Sortiment genommen &ndash; Verf&uuml;gbar solange der Vorrat reicht) - Gt Line DE\" \/>\n<meta property=\"og:description\" content=\"Die\u00a0Werkzeugtasche TOP Pilot R ist die ideale Wahl f\u00fcr dynamische Profis, die eine funktionale Organisation und gesch\u00fctzten Stauraum f\u00fcr Werkzeuge und technische Ger\u00e4te ben\u00f6tigen.Mit ihrem Pilotenkoffer-Design und der vertikalen \u00d6ffnung ist sie perfekt geeignet, um Arbeitswerkzeuge und Laptops bis 18&quot; sicher zu transportieren.Ausgestattet mit einem verstellbaren Schultergurt und Seitentaschen, l\u00e4sst sie sich ideal mit professionellen Rucks\u00e4cken, Werkzeugkoffern oder Arbeitstrolleys kombinieren und gew\u00e4hrleistet so ein effizientes Management der Arbeitsmittel im Einsatz.\" \/>\n<meta property=\"og:url\" content=\"https:\/\/www.gtline.com\/de\/products\/work-line-by-gt-werkzeugtasche-top-pilot-r\/\" \/>\n<meta property=\"og:site_name\" content=\"Gt Line DE\" \/>\n<meta property=\"article:publisher\" content=\"https:\/\/www.facebook.com\/gtlinesrl?locale=it_IT\" \/>\n<meta property=\"article:modified_time\" content=\"2026-04-17T02:09:10+00:00\" \/>\n<meta property=\"og:image\" content=\"https:\/\/www.gtline.com\/de\/wp-content\/uploads\/sites\/5\/2025\/05\/TOP-PILOT-R_ALL_01_9034.jpg\" \/>\n\t<meta property=\"og:image:width\" content=\"500\" \/>\n\t<meta property=\"og:image:height\" content=\"500\" \/>\n\t<meta property=\"og:image:type\" content=\"image\/jpeg\" \/>\n<meta name=\"twitter:card\" content=\"summary_large_image\" \/>\n<meta name=\"twitter:label1\" content=\"Gesch\u00e4tzte Lesezeit\" \/>\n\t<meta name=\"twitter:data1\" content=\"1\u00a0Minute\" \/>\n<script type=\"application\/ld+json\" class=\"yoast-schema-graph\">{\"@context\":\"https:\/\/schema.org\",\"@graph\":[{\"@type\":\"WebPage\",\"@id\":\"https:\/\/www.gtline.com\/de\/products\/work-line-by-gt-werkzeugtasche-top-pilot-r\/\",\"url\":\"https:\/\/www.gtline.com\/de\/products\/work-line-by-gt-werkzeugtasche-top-pilot-r\/\",\"name\":\"Work Line by GT Werkzeugtasche Top Pilot R (rtikel aus dem Sortiment genommen &ndash; Verf&uuml;gbar solange der Vorrat reicht) - Gt Line DE\",\"isPartOf\":{\"@id\":\"https:\/\/www.gtline.com\/de\/#website\"},\"primaryImageOfPage\":{\"@id\":\"https:\/\/www.gtline.com\/de\/products\/work-line-by-gt-werkzeugtasche-top-pilot-r\/#primaryimage\"},\"image\":{\"@id\":\"https:\/\/www.gtline.com\/de\/products\/work-line-by-gt-werkzeugtasche-top-pilot-r\/#primaryimage\"},\"thumbnailUrl\":\"https:\/\/www.gtline.com\/de\/wp-content\/uploads\/sites\/5\/2025\/05\/TOP-PILOT-R_ALL_01_9034.jpg\",\"datePublished\":\"2025-07-30T10:21:23+00:00\",\"dateModified\":\"2026-04-17T02:09:10+00:00\",\"breadcrumb\":{\"@id\":\"https:\/\/www.gtline.com\/de\/products\/work-line-by-gt-werkzeugtasche-top-pilot-r\/#breadcrumb\"},\"inLanguage\":\"de\",\"potentialAction\":[{\"@type\":\"ReadAction\",\"target\":[\"https:\/\/www.gtline.com\/de\/products\/work-line-by-gt-werkzeugtasche-top-pilot-r\/\"]}]},{\"@type\":\"ImageObject\",\"inLanguage\":\"de\",\"@id\":\"https:\/\/www.gtline.com\/de\/products\/work-line-by-gt-werkzeugtasche-top-pilot-r\/#primaryimage\",\"url\":\"https:\/\/www.gtline.com\/de\/wp-content\/uploads\/sites\/5\/2025\/05\/TOP-PILOT-R_ALL_01_9034.jpg\",\"contentUrl\":\"https:\/\/www.gtline.com\/de\/wp-content\/uploads\/sites\/5\/2025\/05\/TOP-PILOT-R_ALL_01_9034.jpg\",\"width\":500,\"height\":500},{\"@type\":\"BreadcrumbList\",\"@id\":\"https:\/\/www.gtline.com\/de\/products\/work-line-by-gt-werkzeugtasche-top-pilot-r\/#breadcrumb\",\"itemListElement\":[{\"@type\":\"ListItem\",\"position\":1,\"name\":\"Home\",\"item\":\"https:\/\/www.gtline.com\/de\/\"},{\"@type\":\"ListItem\",\"position\":2,\"name\":\"Shop\",\"item\":\"https:\/\/www.gtline.com\/de\/negozio\/\"},{\"@type\":\"ListItem\",\"position\":3,\"name\":\"Work Line by GT Werkzeugtasche Top Pilot R\"}]},{\"@type\":\"WebSite\",\"@id\":\"https:\/\/www.gtline.com\/de\/#website\",\"url\":\"https:\/\/www.gtline.com\/de\/\",\"name\":\"Gt Line\",\"description\":\"\",\"publisher\":{\"@id\":\"https:\/\/www.gtline.com\/de\/#organization\"},\"potentialAction\":[{\"@type\":\"SearchAction\",\"target\":{\"@type\":\"EntryPoint\",\"urlTemplate\":\"https:\/\/www.gtline.com\/de\/?s={search_term_string}\"},\"query-input\":{\"@type\":\"PropertyValueSpecification\",\"valueRequired\":true,\"valueName\":\"search_term_string\"}}],\"inLanguage\":\"de\"},{\"@type\":\"Organization\",\"@id\":\"https:\/\/www.gtline.com\/de\/#organization\",\"name\":\"Gt Line\",\"url\":\"https:\/\/www.gtline.com\/de\/\",\"logo\":{\"@type\":\"ImageObject\",\"inLanguage\":\"de\",\"@id\":\"https:\/\/www.gtline.com\/de\/#\/schema\/logo\/image\/\",\"url\":\"https:\/\/www.gtline.com\/de\/wp-content\/uploads\/sites\/5\/2025\/02\/logo.png\",\"contentUrl\":\"https:\/\/www.gtline.com\/de\/wp-content\/uploads\/sites\/5\/2025\/02\/logo.png\",\"width\":228,\"height\":146,\"caption\":\"Gt Line\"},\"image\":{\"@id\":\"https:\/\/www.gtline.com\/de\/#\/schema\/logo\/image\/\"},\"sameAs\":[\"https:\/\/www.facebook.com\/gtlinesrl?locale=it_IT\",\"https:\/\/www.instagram.com\/gt_line_srl\/\",\"https:\/\/www.youtube.com\/channel\/UCDvpkFqswNJOVFz64PkYRQQ\",\"https:\/\/www.linkedin.com\/company\/gt-line-srl\/\"]}]}<\/script>\n<!-- \/ Yoast SEO plugin. -->","yoast_head_json":{"title":"Work Line by GT Werkzeugtasche Top Pilot R (rtikel aus dem Sortiment genommen &ndash; Verf&uuml;gbar solange der Vorrat reicht) - Gt Line DE","robots":{"index":"index","follow":"follow","max-snippet":"max-snippet:-1","max-image-preview":"max-image-preview:large","max-video-preview":"max-video-preview:-1"},"canonical":"https:\/\/www.gtline.com\/de\/products\/work-line-by-gt-werkzeugtasche-top-pilot-r\/","og_locale":"de_DE","og_type":"article","og_title":"Work Line by GT Werkzeugtasche Top Pilot R (rtikel aus dem Sortiment genommen &ndash; Verf&uuml;gbar solange der Vorrat reicht) - Gt Line DE","og_description":"Die\u00a0Werkzeugtasche TOP Pilot R ist die ideale Wahl f\u00fcr dynamische Profis, die eine funktionale Organisation und gesch\u00fctzten Stauraum f\u00fcr Werkzeuge und technische Ger\u00e4te ben\u00f6tigen.Mit ihrem Pilotenkoffer-Design und der vertikalen \u00d6ffnung ist sie perfekt geeignet, um Arbeitswerkzeuge und Laptops bis 18\" sicher zu transportieren.Ausgestattet mit einem verstellbaren Schultergurt und Seitentaschen, l\u00e4sst sie sich ideal mit professionellen Rucks\u00e4cken, Werkzeugkoffern oder Arbeitstrolleys kombinieren und gew\u00e4hrleistet so ein effizientes Management der Arbeitsmittel im Einsatz.","og_url":"https:\/\/www.gtline.com\/de\/products\/work-line-by-gt-werkzeugtasche-top-pilot-r\/","og_site_name":"Gt Line DE","article_publisher":"https:\/\/www.facebook.com\/gtlinesrl?locale=it_IT","article_modified_time":"2026-04-17T02:09:10+00:00","og_image":[{"width":500,"height":500,"url":"https:\/\/www.gtline.com\/de\/wp-content\/uploads\/sites\/5\/2025\/05\/TOP-PILOT-R_ALL_01_9034.jpg","type":"image\/jpeg"}],"twitter_card":"summary_large_image","twitter_misc":{"Gesch\u00e4tzte Lesezeit":"1\u00a0Minute"},"schema":{"@context":"https:\/\/schema.org","@graph":[{"@type":"WebPage","@id":"https:\/\/www.gtline.com\/de\/products\/work-line-by-gt-werkzeugtasche-top-pilot-r\/","url":"https:\/\/www.gtline.com\/de\/products\/work-line-by-gt-werkzeugtasche-top-pilot-r\/","name":"Work Line by GT Werkzeugtasche Top Pilot R (rtikel aus dem Sortiment genommen &ndash; Verf&uuml;gbar solange der Vorrat reicht) - Gt Line DE","isPartOf":{"@id":"https:\/\/www.gtline.com\/de\/#website"},"primaryImageOfPage":{"@id":"https:\/\/www.gtline.com\/de\/products\/work-line-by-gt-werkzeugtasche-top-pilot-r\/#primaryimage"},"image":{"@id":"https:\/\/www.gtline.com\/de\/products\/work-line-by-gt-werkzeugtasche-top-pilot-r\/#primaryimage"},"thumbnailUrl":"https:\/\/www.gtline.com\/de\/wp-content\/uploads\/sites\/5\/2025\/05\/TOP-PILOT-R_ALL_01_9034.jpg","datePublished":"2025-07-30T10:21:23+00:00","dateModified":"2026-04-17T02:09:10+00:00","breadcrumb":{"@id":"https:\/\/www.gtline.com\/de\/products\/work-line-by-gt-werkzeugtasche-top-pilot-r\/#breadcrumb"},"inLanguage":"de","potentialAction":[{"@type":"ReadAction","target":["https:\/\/www.gtline.com\/de\/products\/work-line-by-gt-werkzeugtasche-top-pilot-r\/"]}]},{"@type":"ImageObject","inLanguage":"de","@id":"https:\/\/www.gtline.com\/de\/products\/work-line-by-gt-werkzeugtasche-top-pilot-r\/#primaryimage","url":"https:\/\/www.gtline.com\/de\/wp-content\/uploads\/sites\/5\/2025\/05\/TOP-PILOT-R_ALL_01_9034.jpg","contentUrl":"https:\/\/www.gtline.com\/de\/wp-content\/uploads\/sites\/5\/2025\/05\/TOP-PILOT-R_ALL_01_9034.jpg","width":500,"height":500},{"@type":"BreadcrumbList","@id":"https:\/\/www.gtline.com\/de\/products\/work-line-by-gt-werkzeugtasche-top-pilot-r\/#breadcrumb","itemListElement":[{"@type":"ListItem","position":1,"name":"Home","item":"https:\/\/www.gtline.com\/de\/"},{"@type":"ListItem","position":2,"name":"Shop","item":"https:\/\/www.gtline.com\/de\/negozio\/"},{"@type":"ListItem","position":3,"name":"Work Line by GT Werkzeugtasche Top Pilot R"}]},{"@type":"WebSite","@id":"https:\/\/www.gtline.com\/de\/#website","url":"https:\/\/www.gtline.com\/de\/","name":"Gt Line","description":"","publisher":{"@id":"https:\/\/www.gtline.com\/de\/#organization"},"potentialAction":[{"@type":"SearchAction","target":{"@type":"EntryPoint","urlTemplate":"https:\/\/www.gtline.com\/de\/?s={search_term_string}"},"query-input":{"@type":"PropertyValueSpecification","valueRequired":true,"valueName":"search_term_string"}}],"inLanguage":"de"},{"@type":"Organization","@id":"https:\/\/www.gtline.com\/de\/#organization","name":"Gt Line","url":"https:\/\/www.gtline.com\/de\/","logo":{"@type":"ImageObject","inLanguage":"de","@id":"https:\/\/www.gtline.com\/de\/#\/schema\/logo\/image\/","url":"https:\/\/www.gtline.com\/de\/wp-content\/uploads\/sites\/5\/2025\/02\/logo.png","contentUrl":"https:\/\/www.gtline.com\/de\/wp-content\/uploads\/sites\/5\/2025\/02\/logo.png","width":228,"height":146,"caption":"Gt Line"},"image":{"@id":"https:\/\/www.gtline.com\/de\/#\/schema\/logo\/image\/"},"sameAs":["https:\/\/www.facebook.com\/gtlinesrl?locale=it_IT","https:\/\/www.instagram.com\/gt_line_srl\/","https:\/\/www.youtube.com\/channel\/UCDvpkFqswNJOVFz64PkYRQQ","https:\/\/www.linkedin.com\/company\/gt-line-srl\/"]}]}},"_links":{"self":[{"href":"https:\/\/www.gtline.com\/de\/wp-json\/wp\/v2\/product\/16933","targetHints":{"allow":["GET"]}}],"collection":[{"href":"https:\/\/www.gtline.com\/de\/wp-json\/wp\/v2\/product"}],"about":[{"href":"https:\/\/www.gtline.com\/de\/wp-json\/wp\/v2\/types\/product"}],"replies":[{"embeddable":true,"href":"https:\/\/www.gtline.com\/de\/wp-json\/wp\/v2\/comments?post=16933"}],"version-history":[{"count":3,"href":"https:\/\/www.gtline.com\/de\/wp-json\/wp\/v2\/product\/16933\/revisions"}],"predecessor-version":[{"id":27123,"href":"https:\/\/www.gtline.com\/de\/wp-json\/wp\/v2\/product\/16933\/revisions\/27123"}],"wp:featuredmedia":[{"embeddable":true,"href":"https:\/\/www.gtline.com\/de\/wp-json\/wp\/v2\/media\/8754"}],"wp:attachment":[{"href":"https:\/\/www.gtline.com\/de\/wp-json\/wp\/v2\/media?parent=16933"}],"wp:term":[{"taxonomy":"product_brand","embeddable":true,"href":"https:\/\/www.gtline.com\/de\/wp-json\/wp\/v2\/product_brand?post=16933"},{"taxonomy":"product_cat","embeddable":true,"href":"https:\/\/www.gtline.com\/de\/wp-json\/wp\/v2\/product_cat?post=16933"},{"taxonomy":"product_tag","embeddable":true,"href":"https:\/\/www.gtline.com\/de\/wp-json\/wp\/v2\/product_tag?post=16933"}],"curies":[{"name":"wp","href":"https:\/\/api.w.org\/{rel}","templated":true}]}}