{"id":16935,"date":"2025-07-30T10:21:26","date_gmt":"2025-07-30T10:21:26","guid":{"rendered":"https:\/\/www.gtline.com\/de\/prodotto\/work-line-by-gt-werkzeugtasche-top-04-r\/"},"modified":"2026-04-17T02:09:14","modified_gmt":"2026-04-17T02:09:14","slug":"work-line-by-gt-werkzeugtasche-top-04-r","status":"publish","type":"product","link":"https:\/\/www.gtline.com\/de\/products\/work-line-by-gt-werkzeugtasche-top-04-r\/","title":{"rendered":"Work Line by GT Werkzeugtasche Top 04 R"},"content":{"rendered":"<p data-start=\"3\" data-end=\"199\"><strong data-start=\"3\" data-end=\"55\" data-is-only-node=\"\">1.Gepolsterte Taschen f\u00fcr sicheren Werkzeugschutz.<\/strong><br \/><br data-start=\"55\" data-end=\"58\">Die Werkzeuge sind in gesch\u00fctzten F\u00e4chern untergebracht, die sie w\u00e4hrend des Transports stabil halten und vor St\u00f6\u00dfen oder Reibung sch\u00fctzen.<\/p>\n<p data-start=\"204\" data-end=\"406\"><strong data-start=\"204\" data-end=\"276\" data-is-only-node=\"\">2.Verstellbarer Schultergurt f\u00fcr bequemen und individuellen Transport.<br \/><\/strong><br data-start=\"276\" data-end=\"279\">Ideal f\u00fcr mobile Eins\u00e4tze \u2013 die Werkzeugtasche kann bequem \u00fcber der Schulter getragen werden, auch bei h\u00e4ufigen Ortswechseln.<\/p>\n<p data-start=\"411\" data-end=\"612\"><strong data-start=\"411\" data-end=\"470\" data-is-only-node=\"\">3.Verst\u00e4rkter, sto\u00dffester Boden f\u00fcr h\u00f6here Langlebigkeit.<br \/><\/strong><br data-start=\"470\" data-end=\"473\">Entwickelt f\u00fcr anspruchsvolle Arbeitsumgebungen, widersteht diese professionelle Werkzeugtasche St\u00fcrzen, St\u00f6\u00dfen und unebenen Oberfl\u00e4chen.<\/p>\n<p data-start=\"617\" data-end=\"811\"><strong data-start=\"617\" data-end=\"662\" data-is-only-node=\"\">4.Kompaktes und gut ausbalanciertes Design.<br \/><\/strong><br data-start=\"662\" data-end=\"665\">Mit Abmessungen von 410 x 230 x 300 mm und einem Gewicht von 1,30 kg vereint die <strong data-start=\"746\" data-end=\"758\">TOP 04 R<\/strong> Kapazit\u00e4t und Tragbarkeit, ohne sperrig zu wirken.<\/p>\n<p data-start=\"816\" data-end=\"1027\"><strong data-start=\"816\" data-end=\"894\" data-is-only-node=\"\">5.Perfekt als eigenst\u00e4ndige Tasche oder in Kombination mit anderen L\u00f6sungen.<br \/><\/strong><br data-start=\"894\" data-end=\"897\">Kann einzeln oder als Erg\u00e4nzung zu einem Werkzeugrucksack, Werkzeugkoffer oder professionellen Arbeitsrucksack verwendet werden.<\/p>\n<p data-start=\"1032\" data-end=\"1273\" data-is-last-node=\"\"><strong data-start=\"1032\" data-end=\"1090\" data-is-only-node=\"\">6.Geeignet f\u00fcr alle technischen und operativen Eins\u00e4tze.<br \/><\/strong><br data-start=\"1090\" data-end=\"1093\">Ihre robuste und funktionale Struktur macht sie ideal f\u00fcr den Einsatz in den Bereichen Elektrotechnik, Hydraulik, Elektronik und Industrie \u2013 mit maximaler Flexibilit\u00e4t im Gebrauch.<\/p>\n","protected":false},"excerpt":{"rendered":"<p>Die <strong data-start=\"4\" data-end=\"16\">TOP 04 R<\/strong> ist eine <strong data-start=\"26\" data-end=\"75\">kompakte und widerstandsf\u00e4hige Werkzeugtasche<\/strong>, die entwickelt wurde, um <strong data-start=\"102\" data-end=\"145\">maximalen Komfort und h\u00f6chste Effizienz<\/strong> f\u00fcr alle zu gew\u00e4hrleisten, die im Au\u00dfeneinsatz arbeiten.<br \/><br data-start=\"202\" data-end=\"205\">Ausgestattet mit <strong data-start=\"222\" data-end=\"256\">robusten, gepolsterten Taschen<\/strong> zum <strong data-start=\"261\" data-end=\"285\">Schutz der Werkzeuge<\/strong> und einem <strong data-start=\"296\" data-end=\"341\">ergonomischen, verstellbaren Schultergurt<\/strong>, ist sie die <strong data-start=\"355\" data-end=\"432\">ideale Wahl f\u00fcr Elektriker, Installateure, Wartungs- und Servicetechniker<\/strong>, die eine <strong data-start=\"443\" data-end=\"501\">leicht transportierbare, professionelle Werkzeugtasche<\/strong> ben\u00f6tigen.<br \/><br data-start=\"512\" data-end=\"515\">Der <strong data-start=\"519\" data-end=\"550\">verst\u00e4rkte, sto\u00dffeste Boden<\/strong> sorgt f\u00fcr <strong data-start=\"561\" data-end=\"593\">Langlebigkeit und Stabilit\u00e4t<\/strong> und macht sie zur <strong data-start=\"612\" data-end=\"673\">perfekten Werkzeugtasche f\u00fcr den t\u00e4glichen Arbeitseinsatz<\/strong>.<\/p>\n","protected":false},"featured_media":8763,"comment_status":"open","ping_status":"closed","template":"","meta":{"_acf_changed":false},"product_brand":[],"product_cat":[230],"product_tag":[],"class_list":{"0":"post-16935","1":"product","2":"type-product","3":"status-publish","4":"has-post-thumbnail","6":"product_cat-linea-top","7":"pa_anwendungen-koffer-und-taschen-fur-betreuer","8":"pa_anwendungen-koffer-und-taschen-fur-elektriker","9":"pa_anwendungen-koffer-und-taschen-fur-installateure","10":"pa_anwendungen-koffer-und-taschen-fur-servicetechniker","11":"pa_produkttyp-werkzeugtaschen-und-rucksacke","13":"first","14":"instock","15":"shipping-taxable","16":"purchasable","17":"product-type-simple"},"acf":[],"yoast_head":"<!-- This site is optimized with the Yoast SEO plugin v25.4 - https:\/\/yoast.com\/wordpress\/plugins\/seo\/ -->\n<title>Work Line by GT Werkzeugtasche Top 04 R - Gt Line DE<\/title>\n<meta name=\"robots\" content=\"index, follow, max-snippet:-1, max-image-preview:large, max-video-preview:-1\" \/>\n<link rel=\"canonical\" href=\"https:\/\/www.gtline.com\/de\/products\/work-line-by-gt-werkzeugtasche-top-04-r\/\" \/>\n<meta property=\"og:locale\" content=\"de_DE\" \/>\n<meta property=\"og:type\" content=\"article\" \/>\n<meta property=\"og:title\" content=\"Work Line by GT Werkzeugtasche Top 04 R - Gt Line DE\" \/>\n<meta property=\"og:description\" content=\"Die TOP 04 R ist eine kompakte und widerstandsf\u00e4hige Werkzeugtasche, die entwickelt wurde, um maximalen Komfort und h\u00f6chste Effizienz f\u00fcr alle zu gew\u00e4hrleisten, die im Au\u00dfeneinsatz arbeiten.Ausgestattet mit robusten, gepolsterten Taschen zum Schutz der Werkzeuge und einem ergonomischen, verstellbaren Schultergurt, ist sie die ideale Wahl f\u00fcr Elektriker, Installateure, Wartungs- und Servicetechniker, die eine leicht transportierbare, professionelle Werkzeugtasche ben\u00f6tigen.Der verst\u00e4rkte, sto\u00dffeste Boden sorgt f\u00fcr Langlebigkeit und Stabilit\u00e4t und macht sie zur perfekten Werkzeugtasche f\u00fcr den t\u00e4glichen Arbeitseinsatz.\" \/>\n<meta property=\"og:url\" content=\"https:\/\/www.gtline.com\/de\/products\/work-line-by-gt-werkzeugtasche-top-04-r\/\" \/>\n<meta property=\"og:site_name\" content=\"Gt Line DE\" \/>\n<meta property=\"article:publisher\" content=\"https:\/\/www.facebook.com\/gtlinesrl?locale=it_IT\" \/>\n<meta property=\"article:modified_time\" content=\"2026-04-17T02:09:14+00:00\" \/>\n<meta property=\"og:image\" content=\"https:\/\/www.gtline.com\/de\/wp-content\/uploads\/sites\/5\/2025\/05\/TOP-04-R_ALL_01_9035.jpg\" \/>\n\t<meta property=\"og:image:width\" content=\"500\" \/>\n\t<meta property=\"og:image:height\" content=\"500\" \/>\n\t<meta property=\"og:image:type\" content=\"image\/jpeg\" \/>\n<meta name=\"twitter:card\" content=\"summary_large_image\" \/>\n<meta name=\"twitter:label1\" content=\"Gesch\u00e4tzte Lesezeit\" \/>\n\t<meta name=\"twitter:data1\" content=\"1\u00a0Minute\" \/>\n<script type=\"application\/ld+json\" class=\"yoast-schema-graph\">{\"@context\":\"https:\/\/schema.org\",\"@graph\":[{\"@type\":\"WebPage\",\"@id\":\"https:\/\/www.gtline.com\/de\/products\/work-line-by-gt-werkzeugtasche-top-04-r\/\",\"url\":\"https:\/\/www.gtline.com\/de\/products\/work-line-by-gt-werkzeugtasche-top-04-r\/\",\"name\":\"Work Line by GT Werkzeugtasche Top 04 R - Gt Line DE\",\"isPartOf\":{\"@id\":\"https:\/\/www.gtline.com\/de\/#website\"},\"primaryImageOfPage\":{\"@id\":\"https:\/\/www.gtline.com\/de\/products\/work-line-by-gt-werkzeugtasche-top-04-r\/#primaryimage\"},\"image\":{\"@id\":\"https:\/\/www.gtline.com\/de\/products\/work-line-by-gt-werkzeugtasche-top-04-r\/#primaryimage\"},\"thumbnailUrl\":\"https:\/\/www.gtline.com\/de\/wp-content\/uploads\/sites\/5\/2025\/05\/TOP-04-R_ALL_01_9035.jpg\",\"datePublished\":\"2025-07-30T10:21:26+00:00\",\"dateModified\":\"2026-04-17T02:09:14+00:00\",\"breadcrumb\":{\"@id\":\"https:\/\/www.gtline.com\/de\/products\/work-line-by-gt-werkzeugtasche-top-04-r\/#breadcrumb\"},\"inLanguage\":\"de\",\"potentialAction\":[{\"@type\":\"ReadAction\",\"target\":[\"https:\/\/www.gtline.com\/de\/products\/work-line-by-gt-werkzeugtasche-top-04-r\/\"]}]},{\"@type\":\"ImageObject\",\"inLanguage\":\"de\",\"@id\":\"https:\/\/www.gtline.com\/de\/products\/work-line-by-gt-werkzeugtasche-top-04-r\/#primaryimage\",\"url\":\"https:\/\/www.gtline.com\/de\/wp-content\/uploads\/sites\/5\/2025\/05\/TOP-04-R_ALL_01_9035.jpg\",\"contentUrl\":\"https:\/\/www.gtline.com\/de\/wp-content\/uploads\/sites\/5\/2025\/05\/TOP-04-R_ALL_01_9035.jpg\",\"width\":500,\"height\":500},{\"@type\":\"BreadcrumbList\",\"@id\":\"https:\/\/www.gtline.com\/de\/products\/work-line-by-gt-werkzeugtasche-top-04-r\/#breadcrumb\",\"itemListElement\":[{\"@type\":\"ListItem\",\"position\":1,\"name\":\"Home\",\"item\":\"https:\/\/www.gtline.com\/de\/\"},{\"@type\":\"ListItem\",\"position\":2,\"name\":\"Shop\",\"item\":\"https:\/\/www.gtline.com\/de\/negozio\/\"},{\"@type\":\"ListItem\",\"position\":3,\"name\":\"Work Line by GT Werkzeugtasche Top 04 R\"}]},{\"@type\":\"WebSite\",\"@id\":\"https:\/\/www.gtline.com\/de\/#website\",\"url\":\"https:\/\/www.gtline.com\/de\/\",\"name\":\"Gt Line\",\"description\":\"\",\"publisher\":{\"@id\":\"https:\/\/www.gtline.com\/de\/#organization\"},\"potentialAction\":[{\"@type\":\"SearchAction\",\"target\":{\"@type\":\"EntryPoint\",\"urlTemplate\":\"https:\/\/www.gtline.com\/de\/?s={search_term_string}\"},\"query-input\":{\"@type\":\"PropertyValueSpecification\",\"valueRequired\":true,\"valueName\":\"search_term_string\"}}],\"inLanguage\":\"de\"},{\"@type\":\"Organization\",\"@id\":\"https:\/\/www.gtline.com\/de\/#organization\",\"name\":\"Gt Line\",\"url\":\"https:\/\/www.gtline.com\/de\/\",\"logo\":{\"@type\":\"ImageObject\",\"inLanguage\":\"de\",\"@id\":\"https:\/\/www.gtline.com\/de\/#\/schema\/logo\/image\/\",\"url\":\"https:\/\/www.gtline.com\/de\/wp-content\/uploads\/sites\/5\/2025\/02\/logo.png\",\"contentUrl\":\"https:\/\/www.gtline.com\/de\/wp-content\/uploads\/sites\/5\/2025\/02\/logo.png\",\"width\":228,\"height\":146,\"caption\":\"Gt Line\"},\"image\":{\"@id\":\"https:\/\/www.gtline.com\/de\/#\/schema\/logo\/image\/\"},\"sameAs\":[\"https:\/\/www.facebook.com\/gtlinesrl?locale=it_IT\",\"https:\/\/www.instagram.com\/gt_line_srl\/\",\"https:\/\/www.youtube.com\/channel\/UCDvpkFqswNJOVFz64PkYRQQ\",\"https:\/\/www.linkedin.com\/company\/gt-line-srl\/\"]}]}<\/script>\n<!-- \/ Yoast SEO plugin. -->","yoast_head_json":{"title":"Work Line by GT Werkzeugtasche Top 04 R - Gt Line DE","robots":{"index":"index","follow":"follow","max-snippet":"max-snippet:-1","max-image-preview":"max-image-preview:large","max-video-preview":"max-video-preview:-1"},"canonical":"https:\/\/www.gtline.com\/de\/products\/work-line-by-gt-werkzeugtasche-top-04-r\/","og_locale":"de_DE","og_type":"article","og_title":"Work Line by GT Werkzeugtasche Top 04 R - Gt Line DE","og_description":"Die TOP 04 R ist eine kompakte und widerstandsf\u00e4hige Werkzeugtasche, die entwickelt wurde, um maximalen Komfort und h\u00f6chste Effizienz f\u00fcr alle zu gew\u00e4hrleisten, die im Au\u00dfeneinsatz arbeiten.Ausgestattet mit robusten, gepolsterten Taschen zum Schutz der Werkzeuge und einem ergonomischen, verstellbaren Schultergurt, ist sie die ideale Wahl f\u00fcr Elektriker, Installateure, Wartungs- und Servicetechniker, die eine leicht transportierbare, professionelle Werkzeugtasche ben\u00f6tigen.Der verst\u00e4rkte, sto\u00dffeste Boden sorgt f\u00fcr Langlebigkeit und Stabilit\u00e4t und macht sie zur perfekten Werkzeugtasche f\u00fcr den t\u00e4glichen Arbeitseinsatz.","og_url":"https:\/\/www.gtline.com\/de\/products\/work-line-by-gt-werkzeugtasche-top-04-r\/","og_site_name":"Gt Line DE","article_publisher":"https:\/\/www.facebook.com\/gtlinesrl?locale=it_IT","article_modified_time":"2026-04-17T02:09:14+00:00","og_image":[{"width":500,"height":500,"url":"https:\/\/www.gtline.com\/de\/wp-content\/uploads\/sites\/5\/2025\/05\/TOP-04-R_ALL_01_9035.jpg","type":"image\/jpeg"}],"twitter_card":"summary_large_image","twitter_misc":{"Gesch\u00e4tzte Lesezeit":"1\u00a0Minute"},"schema":{"@context":"https:\/\/schema.org","@graph":[{"@type":"WebPage","@id":"https:\/\/www.gtline.com\/de\/products\/work-line-by-gt-werkzeugtasche-top-04-r\/","url":"https:\/\/www.gtline.com\/de\/products\/work-line-by-gt-werkzeugtasche-top-04-r\/","name":"Work Line by GT Werkzeugtasche Top 04 R - Gt Line DE","isPartOf":{"@id":"https:\/\/www.gtline.com\/de\/#website"},"primaryImageOfPage":{"@id":"https:\/\/www.gtline.com\/de\/products\/work-line-by-gt-werkzeugtasche-top-04-r\/#primaryimage"},"image":{"@id":"https:\/\/www.gtline.com\/de\/products\/work-line-by-gt-werkzeugtasche-top-04-r\/#primaryimage"},"thumbnailUrl":"https:\/\/www.gtline.com\/de\/wp-content\/uploads\/sites\/5\/2025\/05\/TOP-04-R_ALL_01_9035.jpg","datePublished":"2025-07-30T10:21:26+00:00","dateModified":"2026-04-17T02:09:14+00:00","breadcrumb":{"@id":"https:\/\/www.gtline.com\/de\/products\/work-line-by-gt-werkzeugtasche-top-04-r\/#breadcrumb"},"inLanguage":"de","potentialAction":[{"@type":"ReadAction","target":["https:\/\/www.gtline.com\/de\/products\/work-line-by-gt-werkzeugtasche-top-04-r\/"]}]},{"@type":"ImageObject","inLanguage":"de","@id":"https:\/\/www.gtline.com\/de\/products\/work-line-by-gt-werkzeugtasche-top-04-r\/#primaryimage","url":"https:\/\/www.gtline.com\/de\/wp-content\/uploads\/sites\/5\/2025\/05\/TOP-04-R_ALL_01_9035.jpg","contentUrl":"https:\/\/www.gtline.com\/de\/wp-content\/uploads\/sites\/5\/2025\/05\/TOP-04-R_ALL_01_9035.jpg","width":500,"height":500},{"@type":"BreadcrumbList","@id":"https:\/\/www.gtline.com\/de\/products\/work-line-by-gt-werkzeugtasche-top-04-r\/#breadcrumb","itemListElement":[{"@type":"ListItem","position":1,"name":"Home","item":"https:\/\/www.gtline.com\/de\/"},{"@type":"ListItem","position":2,"name":"Shop","item":"https:\/\/www.gtline.com\/de\/negozio\/"},{"@type":"ListItem","position":3,"name":"Work Line by GT Werkzeugtasche Top 04 R"}]},{"@type":"WebSite","@id":"https:\/\/www.gtline.com\/de\/#website","url":"https:\/\/www.gtline.com\/de\/","name":"Gt Line","description":"","publisher":{"@id":"https:\/\/www.gtline.com\/de\/#organization"},"potentialAction":[{"@type":"SearchAction","target":{"@type":"EntryPoint","urlTemplate":"https:\/\/www.gtline.com\/de\/?s={search_term_string}"},"query-input":{"@type":"PropertyValueSpecification","valueRequired":true,"valueName":"search_term_string"}}],"inLanguage":"de"},{"@type":"Organization","@id":"https:\/\/www.gtline.com\/de\/#organization","name":"Gt Line","url":"https:\/\/www.gtline.com\/de\/","logo":{"@type":"ImageObject","inLanguage":"de","@id":"https:\/\/www.gtline.com\/de\/#\/schema\/logo\/image\/","url":"https:\/\/www.gtline.com\/de\/wp-content\/uploads\/sites\/5\/2025\/02\/logo.png","contentUrl":"https:\/\/www.gtline.com\/de\/wp-content\/uploads\/sites\/5\/2025\/02\/logo.png","width":228,"height":146,"caption":"Gt Line"},"image":{"@id":"https:\/\/www.gtline.com\/de\/#\/schema\/logo\/image\/"},"sameAs":["https:\/\/www.facebook.com\/gtlinesrl?locale=it_IT","https:\/\/www.instagram.com\/gt_line_srl\/","https:\/\/www.youtube.com\/channel\/UCDvpkFqswNJOVFz64PkYRQQ","https:\/\/www.linkedin.com\/company\/gt-line-srl\/"]}]}},"_links":{"self":[{"href":"https:\/\/www.gtline.com\/de\/wp-json\/wp\/v2\/product\/16935","targetHints":{"allow":["GET"]}}],"collection":[{"href":"https:\/\/www.gtline.com\/de\/wp-json\/wp\/v2\/product"}],"about":[{"href":"https:\/\/www.gtline.com\/de\/wp-json\/wp\/v2\/types\/product"}],"replies":[{"embeddable":true,"href":"https:\/\/www.gtline.com\/de\/wp-json\/wp\/v2\/comments?post=16935"}],"version-history":[{"count":2,"href":"https:\/\/www.gtline.com\/de\/wp-json\/wp\/v2\/product\/16935\/revisions"}],"predecessor-version":[{"id":22328,"href":"https:\/\/www.gtline.com\/de\/wp-json\/wp\/v2\/product\/16935\/revisions\/22328"}],"wp:featuredmedia":[{"embeddable":true,"href":"https:\/\/www.gtline.com\/de\/wp-json\/wp\/v2\/media\/8763"}],"wp:attachment":[{"href":"https:\/\/www.gtline.com\/de\/wp-json\/wp\/v2\/media?parent=16935"}],"wp:term":[{"taxonomy":"product_brand","embeddable":true,"href":"https:\/\/www.gtline.com\/de\/wp-json\/wp\/v2\/product_brand?post=16935"},{"taxonomy":"product_cat","embeddable":true,"href":"https:\/\/www.gtline.com\/de\/wp-json\/wp\/v2\/product_cat?post=16935"},{"taxonomy":"product_tag","embeddable":true,"href":"https:\/\/www.gtline.com\/de\/wp-json\/wp\/v2\/product_tag?post=16935"}],"curies":[{"name":"wp","href":"https:\/\/api.w.org\/{rel}","templated":true}]}}