{"id":16937,"date":"2025-07-30T10:21:30","date_gmt":"2025-07-30T10:21:30","guid":{"rendered":"https:\/\/www.gtline.com\/de\/prodotto\/work-line-by-gt-werkzeugtasche-top-06-r\/"},"modified":"2026-04-17T02:09:18","modified_gmt":"2026-04-17T02:09:18","slug":"work-line-by-gt-werkzeugtasche-top-06-r","status":"publish","type":"product","link":"https:\/\/www.gtline.com\/de\/products\/work-line-by-gt-werkzeugtasche-top-06-r\/","title":{"rendered":"Work Line by GT Werkzeugtasche Top 06 R"},"content":{"rendered":"<p data-start=\"3\" data-end=\"211\"><strong data-start=\"3\" data-end=\"54\" data-is-only-node=\"\">1.Gepolsterter Schutz f\u00fcr empfindliche Werkzeuge.<\/strong><br \/><br data-start=\"54\" data-end=\"57\">Die Innentaschen sch\u00fctzen und ordnen Werkzeuge und Zubeh\u00f6r w\u00e4hrend des Transports, verhindern St\u00f6\u00dfe und Kratzer \u2013 selbst bei empfindlichen Instrumenten.<\/p>\n<p data-start=\"216\" data-end=\"444\"><strong data-start=\"216\" data-end=\"275\" data-is-only-node=\"\">2.Bequemer, verstellbarer Transport f\u00fcr jede Anforderung.<br \/><\/strong><br data-start=\"275\" data-end=\"278\">Der ergonomische, verstellbare Schultergurt erm\u00f6glicht ein komfortables Tragen \u00fcber der Schulter, passt sich der K\u00f6rperhaltung des Profis an und reduziert Erm\u00fcdung.<\/p>\n<p data-start=\"449\" data-end=\"683\"><strong data-start=\"449\" data-end=\"514\" data-is-only-node=\"\">3.Widerstandsf\u00e4higkeit und Stabilit\u00e4t in jeder Arbeitsumgebung.<br \/><\/strong><br data-start=\"514\" data-end=\"517\">Der verst\u00e4rkte, sto\u00dffeste Boden sch\u00fctzt den Inhalt vor St\u00f6\u00dfen und Ersch\u00fctterungen und gew\u00e4hrleistet eine lange Lebensdauer \u2013 auch auf Baustellen und in Werkst\u00e4tten.<\/p>\n<p data-start=\"688\" data-end=\"943\"><strong data-start=\"688\" data-end=\"736\" data-is-only-node=\"\">4.Kompaktes, leichtes und funktionales Design.<br \/><\/strong><br data-start=\"736\" data-end=\"739\">Mit Abmessungen von 515 x 210 x 300 mm und einem Gewicht von nur 1,55 kg ist die <strong data-start=\"820\" data-end=\"834\">TOP 06 L R<\/strong> perfekt f\u00fcr alle, die eine leicht transportierbare Werkzeugtasche suchen, ohne auf Stauraum zu verzichten.<\/p>\n<p data-start=\"948\" data-end=\"1181\"><strong data-start=\"948\" data-end=\"992\" data-is-only-node=\"\">5.Ideal f\u00fcr jede professionelle Anwendung.<br \/><\/strong><br data-start=\"992\" data-end=\"995\">Die <strong data-start=\"999\" data-end=\"1013\">TOP 06 L R<\/strong> eignet sich als <strong data-start=\"1030\" data-end=\"1048\">Werkzeugtasche<\/strong>, <strong data-start=\"1050\" data-end=\"1078\">professioneller Rucksack<\/strong>, <strong data-start=\"1080\" data-end=\"1098\">Werkzeugkoffer<\/strong> oder sogar als <strong data-start=\"1114\" data-end=\"1144\">kompakter Werkzeugrucksack<\/strong> f\u00fcr schnelle und sichere Eins\u00e4tze.<\/p>\n<p data-start=\"1186\" data-end=\"1374\"><strong data-start=\"1186\" data-end=\"1225\" data-is-only-node=\"\">6.Einfache und schnelle Organisation.<br \/><\/strong><br data-start=\"1225\" data-end=\"1228\">Mehrere Taschen erm\u00f6glichen eine \u00fcbersichtliche Anordnung der Werkzeuge, verk\u00fcrzen die Einsatzzeiten und erh\u00f6hen die Effizienz im Arbeitsalltag.<\/p>\n<p data-start=\"1379\" data-end=\"1660\" data-is-last-node=\"\"><strong data-start=\"1379\" data-end=\"1437\" data-is-only-node=\"\">7.Work Line by GT \u2013 100 % Made in Italy Zuverl\u00e4ssigkeit.<br \/><\/strong><br data-start=\"1437\" data-end=\"1440\">Als Teil der <strong data-start=\"1453\" data-end=\"1472\">Work Line by GT<\/strong>, dem Synonym f\u00fcr Qualit\u00e4t und Robustheit f\u00fcr anspruchsvolle Profis, ist die <strong data-start=\"1549\" data-end=\"1563\">TOP 06 L R<\/strong>auf Langlebigkeit ausgelegt und begleitet Sie zuverl\u00e4ssig bei jeder beruflichen Herausforderung.<\/p>\n","protected":false},"excerpt":{"rendered":"<p>Die <strong data-start=\"4\" data-end=\"16\">TOP 06 R<\/strong> ist eine <strong data-start=\"26\" data-end=\"59\">professionelle Werkzeugtasche<\/strong>, die entwickelt wurde, um <strong data-start=\"86\" data-end=\"138\">Funktionalit\u00e4t, Komfort und Widerstandsf\u00e4higkeit<\/strong> f\u00fcr jeden mobilen Profi zu bieten.<br \/><br data-start=\"173\" data-end=\"176\">Ideal als <strong data-start=\"186\" data-end=\"204\">Werkzeugtasche<\/strong> oder <strong data-start=\"210\" data-end=\"230\">Werkzeugrucksack<\/strong>, ist diese <strong data-start=\"242\" data-end=\"261\">kompakte L\u00f6sung<\/strong> perfekt f\u00fcr <strong data-start=\"274\" data-end=\"342\">Elektriker, Wartungstechniker, Installateure und Servicemonteure<\/strong>.<br \/><br data-start=\"343\" data-end=\"346\">Die <strong data-start=\"350\" data-end=\"374\">gepolsterten Taschen<\/strong> gew\u00e4hrleisten den <strong data-start=\"393\" data-end=\"417\">Schutz der Werkzeuge<\/strong>, w\u00e4hrend der <strong data-start=\"431\" data-end=\"460\">verstellbare Schultergurt<\/strong> einen <strong data-start=\"467\" data-end=\"505\">bequemen und praktischen Transport<\/strong> erm\u00f6glicht.<br \/><br data-start=\"517\" data-end=\"520\">Der <strong data-start=\"524\" data-end=\"555\">verst\u00e4rkte, sto\u00dffeste Boden<\/strong> bietet <strong data-start=\"563\" data-end=\"587\">zuverl\u00e4ssigen Schutz<\/strong> selbst unter anspruchsvollsten Arbeitsbedingungen.<br \/><br data-start=\"638\" data-end=\"641\">Ein <strong data-start=\"645\" data-end=\"673\">unverzichtbares Werkzeug<\/strong> f\u00fcr alle, die eine <strong data-start=\"693\" data-end=\"762\">leichte, vielseitige und langlebige professionelle Werkzeugtasche<\/strong>suchen.<\/p>\n","protected":false},"featured_media":8774,"comment_status":"open","ping_status":"closed","template":"","meta":{"_acf_changed":false},"product_brand":[],"product_cat":[230],"product_tag":[],"class_list":{"0":"post-16937","1":"product","2":"type-product","3":"status-publish","4":"has-post-thumbnail","6":"product_cat-linea-top","7":"pa_anwendungen-koffer-und-taschen-fur-betreuer","8":"pa_anwendungen-koffer-und-taschen-fur-elektriker","9":"pa_anwendungen-koffer-und-taschen-fur-installateure","10":"pa_anwendungen-koffer-und-taschen-fur-servicetechniker","11":"pa_produkttyp-werkzeugtaschen-und-rucksacke","13":"first","14":"instock","15":"shipping-taxable","16":"purchasable","17":"product-type-simple"},"acf":[],"yoast_head":"<!-- This site is optimized with the Yoast SEO plugin v25.4 - https:\/\/yoast.com\/wordpress\/plugins\/seo\/ -->\n<title>Work Line by GT Werkzeugtasche Top 06 R - Gt Line DE<\/title>\n<meta name=\"robots\" content=\"index, follow, max-snippet:-1, max-image-preview:large, max-video-preview:-1\" \/>\n<link rel=\"canonical\" href=\"https:\/\/www.gtline.com\/de\/products\/work-line-by-gt-werkzeugtasche-top-06-r\/\" \/>\n<meta property=\"og:locale\" content=\"de_DE\" \/>\n<meta property=\"og:type\" content=\"article\" \/>\n<meta property=\"og:title\" content=\"Work Line by GT Werkzeugtasche Top 06 R - Gt Line DE\" \/>\n<meta property=\"og:description\" content=\"Die TOP 06 R ist eine professionelle Werkzeugtasche, die entwickelt wurde, um Funktionalit\u00e4t, Komfort und Widerstandsf\u00e4higkeit f\u00fcr jeden mobilen Profi zu bieten.Ideal als Werkzeugtasche oder Werkzeugrucksack, ist diese kompakte L\u00f6sung perfekt f\u00fcr Elektriker, Wartungstechniker, Installateure und Servicemonteure.Die gepolsterten Taschen gew\u00e4hrleisten den Schutz der Werkzeuge, w\u00e4hrend der verstellbare Schultergurt einen bequemen und praktischen Transport erm\u00f6glicht.Der verst\u00e4rkte, sto\u00dffeste Boden bietet zuverl\u00e4ssigen Schutz selbst unter anspruchsvollsten Arbeitsbedingungen.Ein unverzichtbares Werkzeug f\u00fcr alle, die eine leichte, vielseitige und langlebige professionelle Werkzeugtaschesuchen.\" \/>\n<meta property=\"og:url\" content=\"https:\/\/www.gtline.com\/de\/products\/work-line-by-gt-werkzeugtasche-top-06-r\/\" \/>\n<meta property=\"og:site_name\" content=\"Gt Line DE\" \/>\n<meta property=\"article:publisher\" content=\"https:\/\/www.facebook.com\/gtlinesrl?locale=it_IT\" \/>\n<meta property=\"article:modified_time\" content=\"2026-04-17T02:09:18+00:00\" \/>\n<meta property=\"og:image\" content=\"https:\/\/www.gtline.com\/de\/wp-content\/uploads\/sites\/5\/2025\/05\/TOP-06-R_ALL_01_9036.jpg\" \/>\n\t<meta property=\"og:image:width\" content=\"500\" \/>\n\t<meta property=\"og:image:height\" content=\"500\" \/>\n\t<meta property=\"og:image:type\" content=\"image\/jpeg\" \/>\n<meta name=\"twitter:card\" content=\"summary_large_image\" \/>\n<meta name=\"twitter:label1\" content=\"Gesch\u00e4tzte Lesezeit\" \/>\n\t<meta name=\"twitter:data1\" content=\"1\u00a0Minute\" \/>\n<script type=\"application\/ld+json\" class=\"yoast-schema-graph\">{\"@context\":\"https:\/\/schema.org\",\"@graph\":[{\"@type\":\"WebPage\",\"@id\":\"https:\/\/www.gtline.com\/de\/products\/work-line-by-gt-werkzeugtasche-top-06-r\/\",\"url\":\"https:\/\/www.gtline.com\/de\/products\/work-line-by-gt-werkzeugtasche-top-06-r\/\",\"name\":\"Work Line by GT Werkzeugtasche Top 06 R - Gt Line DE\",\"isPartOf\":{\"@id\":\"https:\/\/www.gtline.com\/de\/#website\"},\"primaryImageOfPage\":{\"@id\":\"https:\/\/www.gtline.com\/de\/products\/work-line-by-gt-werkzeugtasche-top-06-r\/#primaryimage\"},\"image\":{\"@id\":\"https:\/\/www.gtline.com\/de\/products\/work-line-by-gt-werkzeugtasche-top-06-r\/#primaryimage\"},\"thumbnailUrl\":\"https:\/\/www.gtline.com\/de\/wp-content\/uploads\/sites\/5\/2025\/05\/TOP-06-R_ALL_01_9036.jpg\",\"datePublished\":\"2025-07-30T10:21:30+00:00\",\"dateModified\":\"2026-04-17T02:09:18+00:00\",\"breadcrumb\":{\"@id\":\"https:\/\/www.gtline.com\/de\/products\/work-line-by-gt-werkzeugtasche-top-06-r\/#breadcrumb\"},\"inLanguage\":\"de\",\"potentialAction\":[{\"@type\":\"ReadAction\",\"target\":[\"https:\/\/www.gtline.com\/de\/products\/work-line-by-gt-werkzeugtasche-top-06-r\/\"]}]},{\"@type\":\"ImageObject\",\"inLanguage\":\"de\",\"@id\":\"https:\/\/www.gtline.com\/de\/products\/work-line-by-gt-werkzeugtasche-top-06-r\/#primaryimage\",\"url\":\"https:\/\/www.gtline.com\/de\/wp-content\/uploads\/sites\/5\/2025\/05\/TOP-06-R_ALL_01_9036.jpg\",\"contentUrl\":\"https:\/\/www.gtline.com\/de\/wp-content\/uploads\/sites\/5\/2025\/05\/TOP-06-R_ALL_01_9036.jpg\",\"width\":500,\"height\":500},{\"@type\":\"BreadcrumbList\",\"@id\":\"https:\/\/www.gtline.com\/de\/products\/work-line-by-gt-werkzeugtasche-top-06-r\/#breadcrumb\",\"itemListElement\":[{\"@type\":\"ListItem\",\"position\":1,\"name\":\"Home\",\"item\":\"https:\/\/www.gtline.com\/de\/\"},{\"@type\":\"ListItem\",\"position\":2,\"name\":\"Shop\",\"item\":\"https:\/\/www.gtline.com\/de\/negozio\/\"},{\"@type\":\"ListItem\",\"position\":3,\"name\":\"Work Line by GT Werkzeugtasche Top 06 R\"}]},{\"@type\":\"WebSite\",\"@id\":\"https:\/\/www.gtline.com\/de\/#website\",\"url\":\"https:\/\/www.gtline.com\/de\/\",\"name\":\"Gt Line\",\"description\":\"\",\"publisher\":{\"@id\":\"https:\/\/www.gtline.com\/de\/#organization\"},\"potentialAction\":[{\"@type\":\"SearchAction\",\"target\":{\"@type\":\"EntryPoint\",\"urlTemplate\":\"https:\/\/www.gtline.com\/de\/?s={search_term_string}\"},\"query-input\":{\"@type\":\"PropertyValueSpecification\",\"valueRequired\":true,\"valueName\":\"search_term_string\"}}],\"inLanguage\":\"de\"},{\"@type\":\"Organization\",\"@id\":\"https:\/\/www.gtline.com\/de\/#organization\",\"name\":\"Gt Line\",\"url\":\"https:\/\/www.gtline.com\/de\/\",\"logo\":{\"@type\":\"ImageObject\",\"inLanguage\":\"de\",\"@id\":\"https:\/\/www.gtline.com\/de\/#\/schema\/logo\/image\/\",\"url\":\"https:\/\/www.gtline.com\/de\/wp-content\/uploads\/sites\/5\/2025\/02\/logo.png\",\"contentUrl\":\"https:\/\/www.gtline.com\/de\/wp-content\/uploads\/sites\/5\/2025\/02\/logo.png\",\"width\":228,\"height\":146,\"caption\":\"Gt Line\"},\"image\":{\"@id\":\"https:\/\/www.gtline.com\/de\/#\/schema\/logo\/image\/\"},\"sameAs\":[\"https:\/\/www.facebook.com\/gtlinesrl?locale=it_IT\",\"https:\/\/www.instagram.com\/gt_line_srl\/\",\"https:\/\/www.youtube.com\/channel\/UCDvpkFqswNJOVFz64PkYRQQ\",\"https:\/\/www.linkedin.com\/company\/gt-line-srl\/\"]}]}<\/script>\n<!-- \/ Yoast SEO plugin. -->","yoast_head_json":{"title":"Work Line by GT Werkzeugtasche Top 06 R - Gt Line DE","robots":{"index":"index","follow":"follow","max-snippet":"max-snippet:-1","max-image-preview":"max-image-preview:large","max-video-preview":"max-video-preview:-1"},"canonical":"https:\/\/www.gtline.com\/de\/products\/work-line-by-gt-werkzeugtasche-top-06-r\/","og_locale":"de_DE","og_type":"article","og_title":"Work Line by GT Werkzeugtasche Top 06 R - Gt Line DE","og_description":"Die TOP 06 R ist eine professionelle Werkzeugtasche, die entwickelt wurde, um Funktionalit\u00e4t, Komfort und Widerstandsf\u00e4higkeit f\u00fcr jeden mobilen Profi zu bieten.Ideal als Werkzeugtasche oder Werkzeugrucksack, ist diese kompakte L\u00f6sung perfekt f\u00fcr Elektriker, Wartungstechniker, Installateure und Servicemonteure.Die gepolsterten Taschen gew\u00e4hrleisten den Schutz der Werkzeuge, w\u00e4hrend der verstellbare Schultergurt einen bequemen und praktischen Transport erm\u00f6glicht.Der verst\u00e4rkte, sto\u00dffeste Boden bietet zuverl\u00e4ssigen Schutz selbst unter anspruchsvollsten Arbeitsbedingungen.Ein unverzichtbares Werkzeug f\u00fcr alle, die eine leichte, vielseitige und langlebige professionelle Werkzeugtaschesuchen.","og_url":"https:\/\/www.gtline.com\/de\/products\/work-line-by-gt-werkzeugtasche-top-06-r\/","og_site_name":"Gt Line DE","article_publisher":"https:\/\/www.facebook.com\/gtlinesrl?locale=it_IT","article_modified_time":"2026-04-17T02:09:18+00:00","og_image":[{"width":500,"height":500,"url":"https:\/\/www.gtline.com\/de\/wp-content\/uploads\/sites\/5\/2025\/05\/TOP-06-R_ALL_01_9036.jpg","type":"image\/jpeg"}],"twitter_card":"summary_large_image","twitter_misc":{"Gesch\u00e4tzte Lesezeit":"1\u00a0Minute"},"schema":{"@context":"https:\/\/schema.org","@graph":[{"@type":"WebPage","@id":"https:\/\/www.gtline.com\/de\/products\/work-line-by-gt-werkzeugtasche-top-06-r\/","url":"https:\/\/www.gtline.com\/de\/products\/work-line-by-gt-werkzeugtasche-top-06-r\/","name":"Work Line by GT Werkzeugtasche Top 06 R - Gt Line DE","isPartOf":{"@id":"https:\/\/www.gtline.com\/de\/#website"},"primaryImageOfPage":{"@id":"https:\/\/www.gtline.com\/de\/products\/work-line-by-gt-werkzeugtasche-top-06-r\/#primaryimage"},"image":{"@id":"https:\/\/www.gtline.com\/de\/products\/work-line-by-gt-werkzeugtasche-top-06-r\/#primaryimage"},"thumbnailUrl":"https:\/\/www.gtline.com\/de\/wp-content\/uploads\/sites\/5\/2025\/05\/TOP-06-R_ALL_01_9036.jpg","datePublished":"2025-07-30T10:21:30+00:00","dateModified":"2026-04-17T02:09:18+00:00","breadcrumb":{"@id":"https:\/\/www.gtline.com\/de\/products\/work-line-by-gt-werkzeugtasche-top-06-r\/#breadcrumb"},"inLanguage":"de","potentialAction":[{"@type":"ReadAction","target":["https:\/\/www.gtline.com\/de\/products\/work-line-by-gt-werkzeugtasche-top-06-r\/"]}]},{"@type":"ImageObject","inLanguage":"de","@id":"https:\/\/www.gtline.com\/de\/products\/work-line-by-gt-werkzeugtasche-top-06-r\/#primaryimage","url":"https:\/\/www.gtline.com\/de\/wp-content\/uploads\/sites\/5\/2025\/05\/TOP-06-R_ALL_01_9036.jpg","contentUrl":"https:\/\/www.gtline.com\/de\/wp-content\/uploads\/sites\/5\/2025\/05\/TOP-06-R_ALL_01_9036.jpg","width":500,"height":500},{"@type":"BreadcrumbList","@id":"https:\/\/www.gtline.com\/de\/products\/work-line-by-gt-werkzeugtasche-top-06-r\/#breadcrumb","itemListElement":[{"@type":"ListItem","position":1,"name":"Home","item":"https:\/\/www.gtline.com\/de\/"},{"@type":"ListItem","position":2,"name":"Shop","item":"https:\/\/www.gtline.com\/de\/negozio\/"},{"@type":"ListItem","position":3,"name":"Work Line by GT Werkzeugtasche Top 06 R"}]},{"@type":"WebSite","@id":"https:\/\/www.gtline.com\/de\/#website","url":"https:\/\/www.gtline.com\/de\/","name":"Gt Line","description":"","publisher":{"@id":"https:\/\/www.gtline.com\/de\/#organization"},"potentialAction":[{"@type":"SearchAction","target":{"@type":"EntryPoint","urlTemplate":"https:\/\/www.gtline.com\/de\/?s={search_term_string}"},"query-input":{"@type":"PropertyValueSpecification","valueRequired":true,"valueName":"search_term_string"}}],"inLanguage":"de"},{"@type":"Organization","@id":"https:\/\/www.gtline.com\/de\/#organization","name":"Gt Line","url":"https:\/\/www.gtline.com\/de\/","logo":{"@type":"ImageObject","inLanguage":"de","@id":"https:\/\/www.gtline.com\/de\/#\/schema\/logo\/image\/","url":"https:\/\/www.gtline.com\/de\/wp-content\/uploads\/sites\/5\/2025\/02\/logo.png","contentUrl":"https:\/\/www.gtline.com\/de\/wp-content\/uploads\/sites\/5\/2025\/02\/logo.png","width":228,"height":146,"caption":"Gt Line"},"image":{"@id":"https:\/\/www.gtline.com\/de\/#\/schema\/logo\/image\/"},"sameAs":["https:\/\/www.facebook.com\/gtlinesrl?locale=it_IT","https:\/\/www.instagram.com\/gt_line_srl\/","https:\/\/www.youtube.com\/channel\/UCDvpkFqswNJOVFz64PkYRQQ","https:\/\/www.linkedin.com\/company\/gt-line-srl\/"]}]}},"_links":{"self":[{"href":"https:\/\/www.gtline.com\/de\/wp-json\/wp\/v2\/product\/16937","targetHints":{"allow":["GET"]}}],"collection":[{"href":"https:\/\/www.gtline.com\/de\/wp-json\/wp\/v2\/product"}],"about":[{"href":"https:\/\/www.gtline.com\/de\/wp-json\/wp\/v2\/types\/product"}],"replies":[{"embeddable":true,"href":"https:\/\/www.gtline.com\/de\/wp-json\/wp\/v2\/comments?post=16937"}],"version-history":[{"count":2,"href":"https:\/\/www.gtline.com\/de\/wp-json\/wp\/v2\/product\/16937\/revisions"}],"predecessor-version":[{"id":22329,"href":"https:\/\/www.gtline.com\/de\/wp-json\/wp\/v2\/product\/16937\/revisions\/22329"}],"wp:featuredmedia":[{"embeddable":true,"href":"https:\/\/www.gtline.com\/de\/wp-json\/wp\/v2\/media\/8774"}],"wp:attachment":[{"href":"https:\/\/www.gtline.com\/de\/wp-json\/wp\/v2\/media?parent=16937"}],"wp:term":[{"taxonomy":"product_brand","embeddable":true,"href":"https:\/\/www.gtline.com\/de\/wp-json\/wp\/v2\/product_brand?post=16937"},{"taxonomy":"product_cat","embeddable":true,"href":"https:\/\/www.gtline.com\/de\/wp-json\/wp\/v2\/product_cat?post=16937"},{"taxonomy":"product_tag","embeddable":true,"href":"https:\/\/www.gtline.com\/de\/wp-json\/wp\/v2\/product_tag?post=16937"}],"curies":[{"name":"wp","href":"https:\/\/api.w.org\/{rel}","templated":true}]}}