{"id":16939,"date":"2025-07-30T10:21:34","date_gmt":"2025-07-30T10:21:34","guid":{"rendered":"https:\/\/www.gtline.com\/de\/prodotto\/work-line-by-gt-werkzeugschaufel-oberkorb-m-r\/"},"modified":"2026-04-17T02:09:21","modified_gmt":"2026-04-17T02:09:21","slug":"work-line-by-gt-werkzeugschaufel-oberkorb-m-r","status":"publish","type":"product","link":"https:\/\/www.gtline.com\/de\/products\/work-line-by-gt-werkzeugschaufel-oberkorb-m-r\/","title":{"rendered":"Work Line by GT Werkzeugschaufel Oberkorb M R (Artikel aus dem Sortiment genommen &ndash; Verf&uuml;gbar solange der Vorrat reicht)"},"content":{"rendered":"<p data-start=\"3\" data-end=\"201\"><strong data-start=\"3\" data-end=\"64\" data-is-only-node=\"\">1.Offene Struktur f\u00fcr sofortigen Zugriff auf die Werkzeuge.<br \/><\/strong><br data-start=\"64\" data-end=\"67\">Das <strong data-start=\"74\" data-end=\"88\">Korbdesign<\/strong> erm\u00f6glicht eine <strong data-start=\"105\" data-end=\"142\">vollst\u00e4ndige Sicht auf den Inhalt<\/strong> \u2013 ideal f\u00fcr <strong data-start=\"155\" data-end=\"198\">schnelle und dynamische Arbeitseins\u00e4tze<\/strong>.<\/p>\n<p data-start=\"206\" data-end=\"392\"><strong data-start=\"206\" data-end=\"247\" data-is-only-node=\"\">2.Aufklappbare Fronten mit 90\u00b0-\u00d6ffnung.<br \/><\/strong><br data-start=\"247\" data-end=\"250\">Die <strong data-start=\"257\" data-end=\"294\">vorderen und hinteren Seitenw\u00e4nde<\/strong> lassen sich vollst\u00e4ndig \u00f6ffnen, um den <strong data-start=\"334\" data-end=\"374\">Werkzeugzugriff auch in engen R\u00e4umen<\/strong> zu erleichtern.<\/p>\n<p data-start=\"397\" data-end=\"579\"><strong data-start=\"397\" data-end=\"447\" data-is-only-node=\"\">3.Abnehmbare Stoffabdeckung mit Klettverschluss.<br \/><\/strong><br data-start=\"447\" data-end=\"450\">Sch\u00fctzt die Werkzeuge vor <strong data-start=\"479\" data-end=\"513\">Staub und Witterungseinfl\u00fcssen<\/strong> und h\u00e4lt die <strong data-start=\"527\" data-end=\"576\">Werkzeugtasche stets sauber und einsatzbereit<\/strong>.<\/p>\n<p data-start=\"584\" data-end=\"764\"><strong data-start=\"584\" data-end=\"642\" data-is-only-node=\"\">4.Innen- und Au\u00dfentaschen f\u00fcr eine geordnete Aufteilung.<br \/><\/strong><br data-start=\"642\" data-end=\"645\">Sie erm\u00f6glichen eine <strong data-start=\"669\" data-end=\"692\">effiziente Trennung<\/strong> von Hauptwerkzeugen, Kleinteilen, Zubeh\u00f6r und technischen Dokumenten.<\/p>\n<p data-start=\"769\" data-end=\"988\"><strong data-start=\"769\" data-end=\"840\" data-is-only-node=\"\">5.Verstellbarer Schultergurt und Metallgriff f\u00fcr flexiblen Transport.<br \/><\/strong><br data-start=\"840\" data-end=\"843\">Kann <strong data-start=\"851\" data-end=\"886\">\u00fcber der Schulter oder per Hand<\/strong> getragen werden, passt sich jeder Arbeitssituation an und <strong data-start=\"945\" data-end=\"985\">reduziert das Volumen beim Transport<\/strong>.<\/p>\n<p data-start=\"993\" data-end=\"1268\"><strong data-start=\"993\" data-end=\"1027\" data-is-only-node=\"\">6.Kompaktes und leichtes Design.<br \/><\/strong><br data-start=\"1027\" data-end=\"1030\">Mit den Ma\u00dfen <strong data-start=\"1047\" data-end=\"1069\">410 x 230 x 280 mm<\/strong> und einem Gewicht von <strong data-start=\"1092\" data-end=\"1103\">1,40 kg<\/strong> ist der <strong data-start=\"1112\" data-end=\"1130\">Top Basket M R<\/strong> perfekt geeignet zur <strong data-start=\"1152\" data-end=\"1228\">Integration in einen professionellen Werkzeugkoffer oder Arbeitsrucksack<\/strong> \u2013 oder als <strong data-start=\"1240\" data-end=\"1265\">eigenst\u00e4ndige Einheit<\/strong>.<\/p>\n<p data-start=\"1273\" data-end=\"1498\" data-is-last-node=\"\"><strong data-start=\"1273\" data-end=\"1339\" data-is-only-node=\"\">7.Ideal f\u00fcr Wartungstechniker, Elektriker und Au\u00dfendienstprofis.<br \/><\/strong><br data-start=\"1339\" data-end=\"1342\">Vereint die <strong data-start=\"1357\" data-end=\"1397\">Praktikabilit\u00e4t einer Werkzeugtasche<\/strong> mit der <strong data-start=\"1406\" data-end=\"1420\">Robustheit<\/strong>, die f\u00fcr die t\u00e4glichen Herausforderungen mobiler Fachkr\u00e4fte erforderlich ist.<\/p>\n","protected":false},"excerpt":{"rendered":"<p data-start=\"0\" data-end=\"533\">Der <strong data-start=\"4\" data-end=\"22\">Top Basket M R<\/strong> ist ein <strong data-start=\"31\" data-end=\"86\">kompakter, robuster und vielseitiger Werkzeugtr\u00e4ger<\/strong>, der speziell f\u00fcr die <strong data-start=\"109\" data-end=\"172\">t\u00e4glichen Anforderungen von Technikern und Wartungspersonal<\/strong> entwickelt wurde, die h\u00e4ufig unterwegs sind.<br \/><br data-start=\"217\" data-end=\"220\">Ausgestattet mit <strong data-start=\"237\" data-end=\"264\">Innen- und Au\u00dfentaschen<\/strong>, einem <strong data-start=\"272\" data-end=\"302\">verstellbaren Schultergurt<\/strong>, einem <strong data-start=\"310\" data-end=\"325\">Metallgriff<\/strong> und einer <strong data-start=\"336\" data-end=\"366\">abnehmbaren Stoffabdeckung<\/strong> bietet dieser <strong data-start=\"381\" data-end=\"398\">Werkzeugeimer<\/strong> eine <strong data-start=\"404\" data-end=\"451\">praktische und sofort einsatzbereite L\u00f6sung<\/strong> f\u00fcr den Transport und die Organisation von Werkzeugen, Kleinteilen und Zubeh\u00f6r.<\/p>\n<p data-start=\"535\" data-end=\"825\" data-is-last-node=\"\" data-is-only-node=\"\">Die <strong data-start=\"539\" data-end=\"586\">vorderen und hinteren aufklappbaren Fronten<\/strong> mit <strong data-start=\"591\" data-end=\"606\">90\u00b0-\u00d6ffnung<\/strong> erm\u00f6glichen einen <strong data-start=\"625\" data-end=\"664\">direkten Zugriff auf alle Werkzeuge<\/strong>, wodurch er sich perfekt als <strong data-start=\"694\" data-end=\"712\">Werkzeugtasche<\/strong>, <strong data-start=\"714\" data-end=\"753\">professionelle Werkzeugtr\u00e4gertasche<\/strong> oder <strong data-start=\"759\" data-end=\"817\">Erg\u00e4nzung zu einem Werkzeugkoffer oder Arbeitsrucksack<\/strong> eignet<\/p>\n","protected":false},"featured_media":8785,"comment_status":"open","ping_status":"closed","template":"","meta":{"_acf_changed":false},"product_brand":[],"product_cat":[230],"product_tag":[],"class_list":{"0":"post-16939","1":"product","2":"type-product","3":"status-publish","4":"has-post-thumbnail","6":"product_cat-linea-top","7":"pa_anwendungen-koffer-und-taschen-fur-betreuer","8":"pa_anwendungen-koffer-und-taschen-fur-elektriker","9":"pa_anwendungen-koffer-und-taschen-fur-installateure","10":"pa_anwendungen-koffer-und-taschen-fur-servicetechniker","11":"pa_produkttyp-werkzeugtaschen-und-rucksacke","13":"first","14":"instock","15":"shipping-taxable","16":"purchasable","17":"product-type-simple"},"acf":[],"yoast_head":"<!-- This site is optimized with the Yoast SEO plugin v25.4 - https:\/\/yoast.com\/wordpress\/plugins\/seo\/ -->\n<title>Work Line by GT Werkzeugschaufel Oberkorb M R (Artikel aus dem Sortiment genommen &ndash; Verf&uuml;gbar solange der Vorrat reicht) - Gt Line DE<\/title>\n<meta name=\"robots\" content=\"index, follow, max-snippet:-1, max-image-preview:large, max-video-preview:-1\" \/>\n<link rel=\"canonical\" href=\"https:\/\/www.gtline.com\/de\/products\/work-line-by-gt-werkzeugschaufel-oberkorb-m-r\/\" \/>\n<meta property=\"og:locale\" content=\"de_DE\" \/>\n<meta property=\"og:type\" content=\"article\" \/>\n<meta property=\"og:title\" content=\"Work Line by GT Werkzeugschaufel Oberkorb M R (Artikel aus dem Sortiment genommen &ndash; Verf&uuml;gbar solange der Vorrat reicht) - Gt Line DE\" \/>\n<meta property=\"og:description\" content=\"Der Top Basket M R ist ein kompakter, robuster und vielseitiger Werkzeugtr\u00e4ger, der speziell f\u00fcr die t\u00e4glichen Anforderungen von Technikern und Wartungspersonal entwickelt wurde, die h\u00e4ufig unterwegs sind.Ausgestattet mit Innen- und Au\u00dfentaschen, einem verstellbaren Schultergurt, einem Metallgriff und einer abnehmbaren Stoffabdeckung bietet dieser Werkzeugeimer eine praktische und sofort einsatzbereite L\u00f6sung f\u00fcr den Transport und die Organisation von Werkzeugen, Kleinteilen und Zubeh\u00f6r. Die vorderen und hinteren aufklappbaren Fronten mit 90\u00b0-\u00d6ffnung erm\u00f6glichen einen direkten Zugriff auf alle Werkzeuge, wodurch er sich perfekt als Werkzeugtasche, professionelle Werkzeugtr\u00e4gertasche oder Erg\u00e4nzung zu einem Werkzeugkoffer oder Arbeitsrucksack eignet\" \/>\n<meta property=\"og:url\" content=\"https:\/\/www.gtline.com\/de\/products\/work-line-by-gt-werkzeugschaufel-oberkorb-m-r\/\" \/>\n<meta property=\"og:site_name\" content=\"Gt Line DE\" \/>\n<meta property=\"article:publisher\" content=\"https:\/\/www.facebook.com\/gtlinesrl?locale=it_IT\" \/>\n<meta property=\"article:modified_time\" content=\"2026-04-17T02:09:21+00:00\" \/>\n<meta property=\"og:image\" content=\"https:\/\/www.gtline.com\/de\/wp-content\/uploads\/sites\/5\/2025\/05\/TOP-BASKET-M-R_ALL_01_9037.jpg\" \/>\n\t<meta property=\"og:image:width\" content=\"500\" \/>\n\t<meta property=\"og:image:height\" content=\"500\" \/>\n\t<meta property=\"og:image:type\" content=\"image\/jpeg\" \/>\n<meta name=\"twitter:card\" content=\"summary_large_image\" \/>\n<meta name=\"twitter:label1\" content=\"Gesch\u00e4tzte Lesezeit\" \/>\n\t<meta name=\"twitter:data1\" content=\"1\u00a0Minute\" \/>\n<script type=\"application\/ld+json\" class=\"yoast-schema-graph\">{\"@context\":\"https:\/\/schema.org\",\"@graph\":[{\"@type\":\"WebPage\",\"@id\":\"https:\/\/www.gtline.com\/de\/products\/work-line-by-gt-werkzeugschaufel-oberkorb-m-r\/\",\"url\":\"https:\/\/www.gtline.com\/de\/products\/work-line-by-gt-werkzeugschaufel-oberkorb-m-r\/\",\"name\":\"Work Line by GT Werkzeugschaufel Oberkorb M R (Artikel aus dem Sortiment genommen &ndash; Verf&uuml;gbar solange der Vorrat reicht) - Gt Line DE\",\"isPartOf\":{\"@id\":\"https:\/\/www.gtline.com\/de\/#website\"},\"primaryImageOfPage\":{\"@id\":\"https:\/\/www.gtline.com\/de\/products\/work-line-by-gt-werkzeugschaufel-oberkorb-m-r\/#primaryimage\"},\"image\":{\"@id\":\"https:\/\/www.gtline.com\/de\/products\/work-line-by-gt-werkzeugschaufel-oberkorb-m-r\/#primaryimage\"},\"thumbnailUrl\":\"https:\/\/www.gtline.com\/de\/wp-content\/uploads\/sites\/5\/2025\/05\/TOP-BASKET-M-R_ALL_01_9037.jpg\",\"datePublished\":\"2025-07-30T10:21:34+00:00\",\"dateModified\":\"2026-04-17T02:09:21+00:00\",\"breadcrumb\":{\"@id\":\"https:\/\/www.gtline.com\/de\/products\/work-line-by-gt-werkzeugschaufel-oberkorb-m-r\/#breadcrumb\"},\"inLanguage\":\"de\",\"potentialAction\":[{\"@type\":\"ReadAction\",\"target\":[\"https:\/\/www.gtline.com\/de\/products\/work-line-by-gt-werkzeugschaufel-oberkorb-m-r\/\"]}]},{\"@type\":\"ImageObject\",\"inLanguage\":\"de\",\"@id\":\"https:\/\/www.gtline.com\/de\/products\/work-line-by-gt-werkzeugschaufel-oberkorb-m-r\/#primaryimage\",\"url\":\"https:\/\/www.gtline.com\/de\/wp-content\/uploads\/sites\/5\/2025\/05\/TOP-BASKET-M-R_ALL_01_9037.jpg\",\"contentUrl\":\"https:\/\/www.gtline.com\/de\/wp-content\/uploads\/sites\/5\/2025\/05\/TOP-BASKET-M-R_ALL_01_9037.jpg\",\"width\":500,\"height\":500},{\"@type\":\"BreadcrumbList\",\"@id\":\"https:\/\/www.gtline.com\/de\/products\/work-line-by-gt-werkzeugschaufel-oberkorb-m-r\/#breadcrumb\",\"itemListElement\":[{\"@type\":\"ListItem\",\"position\":1,\"name\":\"Home\",\"item\":\"https:\/\/www.gtline.com\/de\/\"},{\"@type\":\"ListItem\",\"position\":2,\"name\":\"Shop\",\"item\":\"https:\/\/www.gtline.com\/de\/negozio\/\"},{\"@type\":\"ListItem\",\"position\":3,\"name\":\"Work Line by GT Werkzeugschaufel Oberkorb M R\"}]},{\"@type\":\"WebSite\",\"@id\":\"https:\/\/www.gtline.com\/de\/#website\",\"url\":\"https:\/\/www.gtline.com\/de\/\",\"name\":\"Gt Line\",\"description\":\"\",\"publisher\":{\"@id\":\"https:\/\/www.gtline.com\/de\/#organization\"},\"potentialAction\":[{\"@type\":\"SearchAction\",\"target\":{\"@type\":\"EntryPoint\",\"urlTemplate\":\"https:\/\/www.gtline.com\/de\/?s={search_term_string}\"},\"query-input\":{\"@type\":\"PropertyValueSpecification\",\"valueRequired\":true,\"valueName\":\"search_term_string\"}}],\"inLanguage\":\"de\"},{\"@type\":\"Organization\",\"@id\":\"https:\/\/www.gtline.com\/de\/#organization\",\"name\":\"Gt Line\",\"url\":\"https:\/\/www.gtline.com\/de\/\",\"logo\":{\"@type\":\"ImageObject\",\"inLanguage\":\"de\",\"@id\":\"https:\/\/www.gtline.com\/de\/#\/schema\/logo\/image\/\",\"url\":\"https:\/\/www.gtline.com\/de\/wp-content\/uploads\/sites\/5\/2025\/02\/logo.png\",\"contentUrl\":\"https:\/\/www.gtline.com\/de\/wp-content\/uploads\/sites\/5\/2025\/02\/logo.png\",\"width\":228,\"height\":146,\"caption\":\"Gt Line\"},\"image\":{\"@id\":\"https:\/\/www.gtline.com\/de\/#\/schema\/logo\/image\/\"},\"sameAs\":[\"https:\/\/www.facebook.com\/gtlinesrl?locale=it_IT\",\"https:\/\/www.instagram.com\/gt_line_srl\/\",\"https:\/\/www.youtube.com\/channel\/UCDvpkFqswNJOVFz64PkYRQQ\",\"https:\/\/www.linkedin.com\/company\/gt-line-srl\/\"]}]}<\/script>\n<!-- \/ Yoast SEO plugin. -->","yoast_head_json":{"title":"Work Line by GT Werkzeugschaufel Oberkorb M R (Artikel aus dem Sortiment genommen &ndash; Verf&uuml;gbar solange der Vorrat reicht) - Gt Line DE","robots":{"index":"index","follow":"follow","max-snippet":"max-snippet:-1","max-image-preview":"max-image-preview:large","max-video-preview":"max-video-preview:-1"},"canonical":"https:\/\/www.gtline.com\/de\/products\/work-line-by-gt-werkzeugschaufel-oberkorb-m-r\/","og_locale":"de_DE","og_type":"article","og_title":"Work Line by GT Werkzeugschaufel Oberkorb M R (Artikel aus dem Sortiment genommen &ndash; Verf&uuml;gbar solange der Vorrat reicht) - Gt Line DE","og_description":"Der Top Basket M R ist ein kompakter, robuster und vielseitiger Werkzeugtr\u00e4ger, der speziell f\u00fcr die t\u00e4glichen Anforderungen von Technikern und Wartungspersonal entwickelt wurde, die h\u00e4ufig unterwegs sind.Ausgestattet mit Innen- und Au\u00dfentaschen, einem verstellbaren Schultergurt, einem Metallgriff und einer abnehmbaren Stoffabdeckung bietet dieser Werkzeugeimer eine praktische und sofort einsatzbereite L\u00f6sung f\u00fcr den Transport und die Organisation von Werkzeugen, Kleinteilen und Zubeh\u00f6r. Die vorderen und hinteren aufklappbaren Fronten mit 90\u00b0-\u00d6ffnung erm\u00f6glichen einen direkten Zugriff auf alle Werkzeuge, wodurch er sich perfekt als Werkzeugtasche, professionelle Werkzeugtr\u00e4gertasche oder Erg\u00e4nzung zu einem Werkzeugkoffer oder Arbeitsrucksack eignet","og_url":"https:\/\/www.gtline.com\/de\/products\/work-line-by-gt-werkzeugschaufel-oberkorb-m-r\/","og_site_name":"Gt Line DE","article_publisher":"https:\/\/www.facebook.com\/gtlinesrl?locale=it_IT","article_modified_time":"2026-04-17T02:09:21+00:00","og_image":[{"width":500,"height":500,"url":"https:\/\/www.gtline.com\/de\/wp-content\/uploads\/sites\/5\/2025\/05\/TOP-BASKET-M-R_ALL_01_9037.jpg","type":"image\/jpeg"}],"twitter_card":"summary_large_image","twitter_misc":{"Gesch\u00e4tzte Lesezeit":"1\u00a0Minute"},"schema":{"@context":"https:\/\/schema.org","@graph":[{"@type":"WebPage","@id":"https:\/\/www.gtline.com\/de\/products\/work-line-by-gt-werkzeugschaufel-oberkorb-m-r\/","url":"https:\/\/www.gtline.com\/de\/products\/work-line-by-gt-werkzeugschaufel-oberkorb-m-r\/","name":"Work Line by GT Werkzeugschaufel Oberkorb M R (Artikel aus dem Sortiment genommen &ndash; Verf&uuml;gbar solange der Vorrat reicht) - Gt Line DE","isPartOf":{"@id":"https:\/\/www.gtline.com\/de\/#website"},"primaryImageOfPage":{"@id":"https:\/\/www.gtline.com\/de\/products\/work-line-by-gt-werkzeugschaufel-oberkorb-m-r\/#primaryimage"},"image":{"@id":"https:\/\/www.gtline.com\/de\/products\/work-line-by-gt-werkzeugschaufel-oberkorb-m-r\/#primaryimage"},"thumbnailUrl":"https:\/\/www.gtline.com\/de\/wp-content\/uploads\/sites\/5\/2025\/05\/TOP-BASKET-M-R_ALL_01_9037.jpg","datePublished":"2025-07-30T10:21:34+00:00","dateModified":"2026-04-17T02:09:21+00:00","breadcrumb":{"@id":"https:\/\/www.gtline.com\/de\/products\/work-line-by-gt-werkzeugschaufel-oberkorb-m-r\/#breadcrumb"},"inLanguage":"de","potentialAction":[{"@type":"ReadAction","target":["https:\/\/www.gtline.com\/de\/products\/work-line-by-gt-werkzeugschaufel-oberkorb-m-r\/"]}]},{"@type":"ImageObject","inLanguage":"de","@id":"https:\/\/www.gtline.com\/de\/products\/work-line-by-gt-werkzeugschaufel-oberkorb-m-r\/#primaryimage","url":"https:\/\/www.gtline.com\/de\/wp-content\/uploads\/sites\/5\/2025\/05\/TOP-BASKET-M-R_ALL_01_9037.jpg","contentUrl":"https:\/\/www.gtline.com\/de\/wp-content\/uploads\/sites\/5\/2025\/05\/TOP-BASKET-M-R_ALL_01_9037.jpg","width":500,"height":500},{"@type":"BreadcrumbList","@id":"https:\/\/www.gtline.com\/de\/products\/work-line-by-gt-werkzeugschaufel-oberkorb-m-r\/#breadcrumb","itemListElement":[{"@type":"ListItem","position":1,"name":"Home","item":"https:\/\/www.gtline.com\/de\/"},{"@type":"ListItem","position":2,"name":"Shop","item":"https:\/\/www.gtline.com\/de\/negozio\/"},{"@type":"ListItem","position":3,"name":"Work Line by GT Werkzeugschaufel Oberkorb M R"}]},{"@type":"WebSite","@id":"https:\/\/www.gtline.com\/de\/#website","url":"https:\/\/www.gtline.com\/de\/","name":"Gt Line","description":"","publisher":{"@id":"https:\/\/www.gtline.com\/de\/#organization"},"potentialAction":[{"@type":"SearchAction","target":{"@type":"EntryPoint","urlTemplate":"https:\/\/www.gtline.com\/de\/?s={search_term_string}"},"query-input":{"@type":"PropertyValueSpecification","valueRequired":true,"valueName":"search_term_string"}}],"inLanguage":"de"},{"@type":"Organization","@id":"https:\/\/www.gtline.com\/de\/#organization","name":"Gt Line","url":"https:\/\/www.gtline.com\/de\/","logo":{"@type":"ImageObject","inLanguage":"de","@id":"https:\/\/www.gtline.com\/de\/#\/schema\/logo\/image\/","url":"https:\/\/www.gtline.com\/de\/wp-content\/uploads\/sites\/5\/2025\/02\/logo.png","contentUrl":"https:\/\/www.gtline.com\/de\/wp-content\/uploads\/sites\/5\/2025\/02\/logo.png","width":228,"height":146,"caption":"Gt Line"},"image":{"@id":"https:\/\/www.gtline.com\/de\/#\/schema\/logo\/image\/"},"sameAs":["https:\/\/www.facebook.com\/gtlinesrl?locale=it_IT","https:\/\/www.instagram.com\/gt_line_srl\/","https:\/\/www.youtube.com\/channel\/UCDvpkFqswNJOVFz64PkYRQQ","https:\/\/www.linkedin.com\/company\/gt-line-srl\/"]}]}},"_links":{"self":[{"href":"https:\/\/www.gtline.com\/de\/wp-json\/wp\/v2\/product\/16939","targetHints":{"allow":["GET"]}}],"collection":[{"href":"https:\/\/www.gtline.com\/de\/wp-json\/wp\/v2\/product"}],"about":[{"href":"https:\/\/www.gtline.com\/de\/wp-json\/wp\/v2\/types\/product"}],"replies":[{"embeddable":true,"href":"https:\/\/www.gtline.com\/de\/wp-json\/wp\/v2\/comments?post=16939"}],"version-history":[{"count":3,"href":"https:\/\/www.gtline.com\/de\/wp-json\/wp\/v2\/product\/16939\/revisions"}],"predecessor-version":[{"id":27124,"href":"https:\/\/www.gtline.com\/de\/wp-json\/wp\/v2\/product\/16939\/revisions\/27124"}],"wp:featuredmedia":[{"embeddable":true,"href":"https:\/\/www.gtline.com\/de\/wp-json\/wp\/v2\/media\/8785"}],"wp:attachment":[{"href":"https:\/\/www.gtline.com\/de\/wp-json\/wp\/v2\/media?parent=16939"}],"wp:term":[{"taxonomy":"product_brand","embeddable":true,"href":"https:\/\/www.gtline.com\/de\/wp-json\/wp\/v2\/product_brand?post=16939"},{"taxonomy":"product_cat","embeddable":true,"href":"https:\/\/www.gtline.com\/de\/wp-json\/wp\/v2\/product_cat?post=16939"},{"taxonomy":"product_tag","embeddable":true,"href":"https:\/\/www.gtline.com\/de\/wp-json\/wp\/v2\/product_tag?post=16939"}],"curies":[{"name":"wp","href":"https:\/\/api.w.org\/{rel}","templated":true}]}}