{"id":16941,"date":"2025-07-30T10:21:38","date_gmt":"2025-07-30T10:21:38","guid":{"rendered":"https:\/\/www.gtline.com\/de\/prodotto\/work-line-by-gt-werkzeugtasche-bag-04-r\/"},"modified":"2026-04-17T02:09:25","modified_gmt":"2026-04-17T02:09:25","slug":"work-line-by-gt-werkzeugtasche-bag-04-r","status":"publish","type":"product","link":"https:\/\/www.gtline.com\/de\/products\/work-line-by-gt-werkzeugtasche-bag-04-r\/","title":{"rendered":"Work Line by GT Werkzeugtasche BAG 04 R"},"content":{"rendered":"<p data-start=\"3\" data-end=\"214\"><strong data-start=\"3\" data-end=\"52\" data-is-only-node=\"\">1.Optimale Raumausnutzung mit mehreren Taschen.<\/strong><br \/><br data-start=\"52\" data-end=\"55\">Die \u00e4u\u00dferen und inneren Taschen in verschiedenen Gr\u00f6\u00dfen erm\u00f6glichen eine praktische und \u00fcbersichtliche Organisation von Werkzeugen unterschiedlicher Formate.<\/p>\n<p data-start=\"219\" data-end=\"428\"><strong data-start=\"219\" data-end=\"262\" data-is-only-node=\"\">2.Schneller und sicherer Verschluss oben.<br \/><\/strong><br data-start=\"262\" data-end=\"265\">Der robuste Rei\u00dfverschluss sch\u00fctzt den Inhalt der Tasche vor versehentlichem Herausfallen und l\u00e4sst sich auch mit Arbeitshandschuhen leicht \u00f6ffnen und schlie\u00dfen.<\/p>\n<p data-start=\"433\" data-end=\"603\"><strong data-start=\"433\" data-end=\"476\" data-is-only-node=\"\">3.Bequemer und unkomplizierter Transport.<br \/><\/strong><br data-start=\"476\" data-end=\"479\">Die ergonomischen Mittelgriffe sorgen f\u00fcr einen sicheren und komfortablen Halt \u2013 ideal f\u00fcr h\u00e4ufige Kurzstreckentransporte.<\/p>\n<p data-start=\"608\" data-end=\"817\"><strong data-start=\"608\" data-end=\"654\" data-is-only-node=\"\">4.Kompaktes Design, ideal f\u00fcr jeden Einsatz.<br \/><\/strong><br data-start=\"654\" data-end=\"657\">Mit Abmessungen von 320 x 210 x 240 mm und einem Gewicht von nur 0,5 kg ist die <strong data-start=\"737\" data-end=\"749\">BAG 04 R<\/strong> perfekt f\u00fcr enge Arbeitsumgebungen oder mobile Eins\u00e4tze geeignet.<\/p>\n<p data-start=\"822\" data-end=\"1079\"><strong data-start=\"822\" data-end=\"864\" data-is-only-node=\"\">5.Vielseitiges Werkzeug f\u00fcr jeden Profi.<br \/><\/strong><br data-start=\"864\" data-end=\"867\">Ob einzeln verwendet oder in Kombination mit einem Werkzeugrucksack, einer professionellen Werkzeugtasche oder einem Werkzeugkoffer \u2013 sie erweitert die M\u00f6glichkeiten der Werkzeugorganisation und des Transports.<\/p>\n<p data-start=\"1084\" data-end=\"1282\"><strong data-start=\"1084\" data-end=\"1156\" data-is-only-node=\"\">6.Strapazierf\u00e4hige Materialien f\u00fcr den t\u00e4glichen, intensiven Gebrauch.<br \/><\/strong><br data-start=\"1156\" data-end=\"1159\">Die <strong data-start=\"1163\" data-end=\"1175\">BAG 04 R<\/strong> ist auf Langlebigkeit ausgelegt und widersteht der Abnutzung sowie den Belastungen bei h\u00e4ufigem Einsatz.<\/p>\n<p data-start=\"1287\" data-end=\"1522\"><strong data-start=\"1287\" data-end=\"1368\" data-is-only-node=\"\">7.Perfekt f\u00fcr Elektriker, Installateure, Wartungstechniker und Servicemonteure.<br \/><\/strong><br data-start=\"1368\" data-end=\"1371\">Leicht, aber funktional \u2013 diese <strong data-start=\"1403\" data-end=\"1421\">Werkzeugtasche<\/strong> erf\u00fcllt die Anforderungen von Fachleuten, die Schnelligkeit, Ordnung und Praktikabilit\u00e4t sch\u00e4tzen.<\/p>\n<p data-start=\"1527\" data-end=\"1747\" data-is-last-node=\"\"><strong data-start=\"1527\" data-end=\"1570\" data-is-only-node=\"\">8.Garantierte Qualit\u00e4t \u2013 Work Line by GT.<br \/><\/strong><br data-start=\"1570\" data-end=\"1573\">Als Teil der <strong data-start=\"1586\" data-end=\"1599\">Work Line<\/strong> vereint die <strong data-start=\"1612\" data-end=\"1624\">BAG 04 R<\/strong> die Zuverl\u00e4ssigkeit der Marke <strong data-start=\"1655\" data-end=\"1666\">GT Line<\/strong> mit der Funktionalit\u00e4t einer <strong data-start=\"1696\" data-end=\"1746\">kompakten und gut organisierten Werkzeugtasche<\/strong>.<\/p>\n","protected":false},"excerpt":{"rendered":"<p>Die <strong data-start=\"4\" data-end=\"16\">BAG 04 R<\/strong> ist eine <strong data-start=\"26\" data-end=\"68\">leichte und funktionale Werkzeugtasche<\/strong>, die entwickelt wurde, um <strong data-start=\"95\" data-end=\"147\">Praktikabilit\u00e4t und schnelle Einsatzbereitschaft<\/strong> f\u00fcr mobile Fachkr\u00e4fte zu bieten.<br \/><br data-start=\"180\" data-end=\"183\">Ausgestattet mit <strong data-start=\"200\" data-end=\"235\">Taschen in verschiedenen Gr\u00f6\u00dfen<\/strong> erm\u00f6glicht sie eine <strong data-start=\"256\" data-end=\"297\">effiziente Organisation der Werkzeuge<\/strong> und ist damit die <strong data-start=\"316\" data-end=\"331\">ideale Wahl<\/strong> als <strong data-start=\"336\" data-end=\"387\">Werkzeugtasche f\u00fcr den t\u00e4glichen Arbeitseinsatz<\/strong> oder als <strong data-start=\"397\" data-end=\"430\">professionelle Werkzeugtasche<\/strong>.<br \/><br data-start=\"431\" data-end=\"434\">Der <strong data-start=\"438\" data-end=\"473\">Rei\u00dfverschluss an der Oberseite<\/strong> sorgt f\u00fcr <strong data-start=\"484\" data-end=\"519\">sicheren Verschluss des Inhalts<\/strong>, w\u00e4hrend die <strong data-start=\"533\" data-end=\"558\">zentralen Tragegriffe<\/strong>einen <strong data-start=\"565\" data-end=\"587\">bequemen Transport<\/strong> gew\u00e4hrleisten.<br \/><br data-start=\"602\" data-end=\"605\">Perfekt kombinierbar mit einem <strong data-start=\"636\" data-end=\"664\">professionellen Rucksack<\/strong> oder einem <strong data-start=\"676\" data-end=\"694\">Werkzeugkoffer<\/strong> \u2013 die <strong data-start=\"701\" data-end=\"720\">kompakte L\u00f6sung<\/strong> f\u00fcr alle t\u00e4glichen Wartungs- und Installationsaufgaben.<\/p>\n","protected":false},"featured_media":8794,"comment_status":"open","ping_status":"closed","template":"","meta":{"_acf_changed":false},"product_brand":[],"product_cat":[233],"product_tag":[],"class_list":{"0":"post-16941","1":"product","2":"type-product","3":"status-publish","4":"has-post-thumbnail","6":"product_cat-linea-basic","7":"pa_anwendungen-koffer-und-taschen-fur-betreuer","8":"pa_anwendungen-koffer-und-taschen-fur-elektriker","9":"pa_anwendungen-koffer-und-taschen-fur-installateure","10":"pa_anwendungen-koffer-und-taschen-fur-servicetechniker","11":"pa_produkttyp-werkzeugtaschen-und-rucksacke","13":"first","14":"instock","15":"shipping-taxable","16":"purchasable","17":"product-type-simple"},"acf":[],"yoast_head":"<!-- This site is optimized with the Yoast SEO plugin v25.4 - https:\/\/yoast.com\/wordpress\/plugins\/seo\/ -->\n<title>Work Line by GT Werkzeugtasche BAG 04 R - Gt Line DE<\/title>\n<meta name=\"robots\" content=\"index, follow, max-snippet:-1, max-image-preview:large, max-video-preview:-1\" \/>\n<link rel=\"canonical\" href=\"https:\/\/www.gtline.com\/de\/products\/work-line-by-gt-werkzeugtasche-bag-04-r\/\" \/>\n<meta property=\"og:locale\" content=\"de_DE\" \/>\n<meta property=\"og:type\" content=\"article\" \/>\n<meta property=\"og:title\" content=\"Work Line by GT Werkzeugtasche BAG 04 R - Gt Line DE\" \/>\n<meta property=\"og:description\" content=\"Die BAG 04 R ist eine leichte und funktionale Werkzeugtasche, die entwickelt wurde, um Praktikabilit\u00e4t und schnelle Einsatzbereitschaft f\u00fcr mobile Fachkr\u00e4fte zu bieten.Ausgestattet mit Taschen in verschiedenen Gr\u00f6\u00dfen erm\u00f6glicht sie eine effiziente Organisation der Werkzeuge und ist damit die ideale Wahl als Werkzeugtasche f\u00fcr den t\u00e4glichen Arbeitseinsatz oder als professionelle Werkzeugtasche.Der Rei\u00dfverschluss an der Oberseite sorgt f\u00fcr sicheren Verschluss des Inhalts, w\u00e4hrend die zentralen Tragegriffeeinen bequemen Transport gew\u00e4hrleisten.Perfekt kombinierbar mit einem professionellen Rucksack oder einem Werkzeugkoffer \u2013 die kompakte L\u00f6sung f\u00fcr alle t\u00e4glichen Wartungs- und Installationsaufgaben.\" \/>\n<meta property=\"og:url\" content=\"https:\/\/www.gtline.com\/de\/products\/work-line-by-gt-werkzeugtasche-bag-04-r\/\" \/>\n<meta property=\"og:site_name\" content=\"Gt Line DE\" \/>\n<meta property=\"article:publisher\" content=\"https:\/\/www.facebook.com\/gtlinesrl?locale=it_IT\" \/>\n<meta property=\"article:modified_time\" content=\"2026-04-17T02:09:25+00:00\" \/>\n<meta property=\"og:image\" content=\"https:\/\/www.gtline.com\/de\/wp-content\/uploads\/sites\/5\/2025\/05\/BAG-04-R_ALL_01_9038.jpg\" \/>\n\t<meta property=\"og:image:width\" content=\"500\" \/>\n\t<meta property=\"og:image:height\" content=\"500\" \/>\n\t<meta property=\"og:image:type\" content=\"image\/jpeg\" \/>\n<meta name=\"twitter:card\" content=\"summary_large_image\" \/>\n<meta name=\"twitter:label1\" content=\"Gesch\u00e4tzte Lesezeit\" \/>\n\t<meta name=\"twitter:data1\" content=\"1\u00a0Minute\" \/>\n<script type=\"application\/ld+json\" class=\"yoast-schema-graph\">{\"@context\":\"https:\/\/schema.org\",\"@graph\":[{\"@type\":\"WebPage\",\"@id\":\"https:\/\/www.gtline.com\/de\/products\/work-line-by-gt-werkzeugtasche-bag-04-r\/\",\"url\":\"https:\/\/www.gtline.com\/de\/products\/work-line-by-gt-werkzeugtasche-bag-04-r\/\",\"name\":\"Work Line by GT Werkzeugtasche BAG 04 R - Gt Line DE\",\"isPartOf\":{\"@id\":\"https:\/\/www.gtline.com\/de\/#website\"},\"primaryImageOfPage\":{\"@id\":\"https:\/\/www.gtline.com\/de\/products\/work-line-by-gt-werkzeugtasche-bag-04-r\/#primaryimage\"},\"image\":{\"@id\":\"https:\/\/www.gtline.com\/de\/products\/work-line-by-gt-werkzeugtasche-bag-04-r\/#primaryimage\"},\"thumbnailUrl\":\"https:\/\/www.gtline.com\/de\/wp-content\/uploads\/sites\/5\/2025\/05\/BAG-04-R_ALL_01_9038.jpg\",\"datePublished\":\"2025-07-30T10:21:38+00:00\",\"dateModified\":\"2026-04-17T02:09:25+00:00\",\"breadcrumb\":{\"@id\":\"https:\/\/www.gtline.com\/de\/products\/work-line-by-gt-werkzeugtasche-bag-04-r\/#breadcrumb\"},\"inLanguage\":\"de\",\"potentialAction\":[{\"@type\":\"ReadAction\",\"target\":[\"https:\/\/www.gtline.com\/de\/products\/work-line-by-gt-werkzeugtasche-bag-04-r\/\"]}]},{\"@type\":\"ImageObject\",\"inLanguage\":\"de\",\"@id\":\"https:\/\/www.gtline.com\/de\/products\/work-line-by-gt-werkzeugtasche-bag-04-r\/#primaryimage\",\"url\":\"https:\/\/www.gtline.com\/de\/wp-content\/uploads\/sites\/5\/2025\/05\/BAG-04-R_ALL_01_9038.jpg\",\"contentUrl\":\"https:\/\/www.gtline.com\/de\/wp-content\/uploads\/sites\/5\/2025\/05\/BAG-04-R_ALL_01_9038.jpg\",\"width\":500,\"height\":500},{\"@type\":\"BreadcrumbList\",\"@id\":\"https:\/\/www.gtline.com\/de\/products\/work-line-by-gt-werkzeugtasche-bag-04-r\/#breadcrumb\",\"itemListElement\":[{\"@type\":\"ListItem\",\"position\":1,\"name\":\"Home\",\"item\":\"https:\/\/www.gtline.com\/de\/\"},{\"@type\":\"ListItem\",\"position\":2,\"name\":\"Shop\",\"item\":\"https:\/\/www.gtline.com\/de\/negozio\/\"},{\"@type\":\"ListItem\",\"position\":3,\"name\":\"Work Line by GT Werkzeugtasche BAG 04 R\"}]},{\"@type\":\"WebSite\",\"@id\":\"https:\/\/www.gtline.com\/de\/#website\",\"url\":\"https:\/\/www.gtline.com\/de\/\",\"name\":\"Gt Line\",\"description\":\"\",\"publisher\":{\"@id\":\"https:\/\/www.gtline.com\/de\/#organization\"},\"potentialAction\":[{\"@type\":\"SearchAction\",\"target\":{\"@type\":\"EntryPoint\",\"urlTemplate\":\"https:\/\/www.gtline.com\/de\/?s={search_term_string}\"},\"query-input\":{\"@type\":\"PropertyValueSpecification\",\"valueRequired\":true,\"valueName\":\"search_term_string\"}}],\"inLanguage\":\"de\"},{\"@type\":\"Organization\",\"@id\":\"https:\/\/www.gtline.com\/de\/#organization\",\"name\":\"Gt Line\",\"url\":\"https:\/\/www.gtline.com\/de\/\",\"logo\":{\"@type\":\"ImageObject\",\"inLanguage\":\"de\",\"@id\":\"https:\/\/www.gtline.com\/de\/#\/schema\/logo\/image\/\",\"url\":\"https:\/\/www.gtline.com\/de\/wp-content\/uploads\/sites\/5\/2025\/02\/logo.png\",\"contentUrl\":\"https:\/\/www.gtline.com\/de\/wp-content\/uploads\/sites\/5\/2025\/02\/logo.png\",\"width\":228,\"height\":146,\"caption\":\"Gt Line\"},\"image\":{\"@id\":\"https:\/\/www.gtline.com\/de\/#\/schema\/logo\/image\/\"},\"sameAs\":[\"https:\/\/www.facebook.com\/gtlinesrl?locale=it_IT\",\"https:\/\/www.instagram.com\/gt_line_srl\/\",\"https:\/\/www.youtube.com\/channel\/UCDvpkFqswNJOVFz64PkYRQQ\",\"https:\/\/www.linkedin.com\/company\/gt-line-srl\/\"]}]}<\/script>\n<!-- \/ Yoast SEO plugin. -->","yoast_head_json":{"title":"Work Line by GT Werkzeugtasche BAG 04 R - Gt Line DE","robots":{"index":"index","follow":"follow","max-snippet":"max-snippet:-1","max-image-preview":"max-image-preview:large","max-video-preview":"max-video-preview:-1"},"canonical":"https:\/\/www.gtline.com\/de\/products\/work-line-by-gt-werkzeugtasche-bag-04-r\/","og_locale":"de_DE","og_type":"article","og_title":"Work Line by GT Werkzeugtasche BAG 04 R - Gt Line DE","og_description":"Die BAG 04 R ist eine leichte und funktionale Werkzeugtasche, die entwickelt wurde, um Praktikabilit\u00e4t und schnelle Einsatzbereitschaft f\u00fcr mobile Fachkr\u00e4fte zu bieten.Ausgestattet mit Taschen in verschiedenen Gr\u00f6\u00dfen erm\u00f6glicht sie eine effiziente Organisation der Werkzeuge und ist damit die ideale Wahl als Werkzeugtasche f\u00fcr den t\u00e4glichen Arbeitseinsatz oder als professionelle Werkzeugtasche.Der Rei\u00dfverschluss an der Oberseite sorgt f\u00fcr sicheren Verschluss des Inhalts, w\u00e4hrend die zentralen Tragegriffeeinen bequemen Transport gew\u00e4hrleisten.Perfekt kombinierbar mit einem professionellen Rucksack oder einem Werkzeugkoffer \u2013 die kompakte L\u00f6sung f\u00fcr alle t\u00e4glichen Wartungs- und Installationsaufgaben.","og_url":"https:\/\/www.gtline.com\/de\/products\/work-line-by-gt-werkzeugtasche-bag-04-r\/","og_site_name":"Gt Line DE","article_publisher":"https:\/\/www.facebook.com\/gtlinesrl?locale=it_IT","article_modified_time":"2026-04-17T02:09:25+00:00","og_image":[{"width":500,"height":500,"url":"https:\/\/www.gtline.com\/de\/wp-content\/uploads\/sites\/5\/2025\/05\/BAG-04-R_ALL_01_9038.jpg","type":"image\/jpeg"}],"twitter_card":"summary_large_image","twitter_misc":{"Gesch\u00e4tzte Lesezeit":"1\u00a0Minute"},"schema":{"@context":"https:\/\/schema.org","@graph":[{"@type":"WebPage","@id":"https:\/\/www.gtline.com\/de\/products\/work-line-by-gt-werkzeugtasche-bag-04-r\/","url":"https:\/\/www.gtline.com\/de\/products\/work-line-by-gt-werkzeugtasche-bag-04-r\/","name":"Work Line by GT Werkzeugtasche BAG 04 R - Gt Line DE","isPartOf":{"@id":"https:\/\/www.gtline.com\/de\/#website"},"primaryImageOfPage":{"@id":"https:\/\/www.gtline.com\/de\/products\/work-line-by-gt-werkzeugtasche-bag-04-r\/#primaryimage"},"image":{"@id":"https:\/\/www.gtline.com\/de\/products\/work-line-by-gt-werkzeugtasche-bag-04-r\/#primaryimage"},"thumbnailUrl":"https:\/\/www.gtline.com\/de\/wp-content\/uploads\/sites\/5\/2025\/05\/BAG-04-R_ALL_01_9038.jpg","datePublished":"2025-07-30T10:21:38+00:00","dateModified":"2026-04-17T02:09:25+00:00","breadcrumb":{"@id":"https:\/\/www.gtline.com\/de\/products\/work-line-by-gt-werkzeugtasche-bag-04-r\/#breadcrumb"},"inLanguage":"de","potentialAction":[{"@type":"ReadAction","target":["https:\/\/www.gtline.com\/de\/products\/work-line-by-gt-werkzeugtasche-bag-04-r\/"]}]},{"@type":"ImageObject","inLanguage":"de","@id":"https:\/\/www.gtline.com\/de\/products\/work-line-by-gt-werkzeugtasche-bag-04-r\/#primaryimage","url":"https:\/\/www.gtline.com\/de\/wp-content\/uploads\/sites\/5\/2025\/05\/BAG-04-R_ALL_01_9038.jpg","contentUrl":"https:\/\/www.gtline.com\/de\/wp-content\/uploads\/sites\/5\/2025\/05\/BAG-04-R_ALL_01_9038.jpg","width":500,"height":500},{"@type":"BreadcrumbList","@id":"https:\/\/www.gtline.com\/de\/products\/work-line-by-gt-werkzeugtasche-bag-04-r\/#breadcrumb","itemListElement":[{"@type":"ListItem","position":1,"name":"Home","item":"https:\/\/www.gtline.com\/de\/"},{"@type":"ListItem","position":2,"name":"Shop","item":"https:\/\/www.gtline.com\/de\/negozio\/"},{"@type":"ListItem","position":3,"name":"Work Line by GT Werkzeugtasche BAG 04 R"}]},{"@type":"WebSite","@id":"https:\/\/www.gtline.com\/de\/#website","url":"https:\/\/www.gtline.com\/de\/","name":"Gt Line","description":"","publisher":{"@id":"https:\/\/www.gtline.com\/de\/#organization"},"potentialAction":[{"@type":"SearchAction","target":{"@type":"EntryPoint","urlTemplate":"https:\/\/www.gtline.com\/de\/?s={search_term_string}"},"query-input":{"@type":"PropertyValueSpecification","valueRequired":true,"valueName":"search_term_string"}}],"inLanguage":"de"},{"@type":"Organization","@id":"https:\/\/www.gtline.com\/de\/#organization","name":"Gt Line","url":"https:\/\/www.gtline.com\/de\/","logo":{"@type":"ImageObject","inLanguage":"de","@id":"https:\/\/www.gtline.com\/de\/#\/schema\/logo\/image\/","url":"https:\/\/www.gtline.com\/de\/wp-content\/uploads\/sites\/5\/2025\/02\/logo.png","contentUrl":"https:\/\/www.gtline.com\/de\/wp-content\/uploads\/sites\/5\/2025\/02\/logo.png","width":228,"height":146,"caption":"Gt Line"},"image":{"@id":"https:\/\/www.gtline.com\/de\/#\/schema\/logo\/image\/"},"sameAs":["https:\/\/www.facebook.com\/gtlinesrl?locale=it_IT","https:\/\/www.instagram.com\/gt_line_srl\/","https:\/\/www.youtube.com\/channel\/UCDvpkFqswNJOVFz64PkYRQQ","https:\/\/www.linkedin.com\/company\/gt-line-srl\/"]}]}},"_links":{"self":[{"href":"https:\/\/www.gtline.com\/de\/wp-json\/wp\/v2\/product\/16941","targetHints":{"allow":["GET"]}}],"collection":[{"href":"https:\/\/www.gtline.com\/de\/wp-json\/wp\/v2\/product"}],"about":[{"href":"https:\/\/www.gtline.com\/de\/wp-json\/wp\/v2\/types\/product"}],"replies":[{"embeddable":true,"href":"https:\/\/www.gtline.com\/de\/wp-json\/wp\/v2\/comments?post=16941"}],"version-history":[{"count":2,"href":"https:\/\/www.gtline.com\/de\/wp-json\/wp\/v2\/product\/16941\/revisions"}],"predecessor-version":[{"id":22331,"href":"https:\/\/www.gtline.com\/de\/wp-json\/wp\/v2\/product\/16941\/revisions\/22331"}],"wp:featuredmedia":[{"embeddable":true,"href":"https:\/\/www.gtline.com\/de\/wp-json\/wp\/v2\/media\/8794"}],"wp:attachment":[{"href":"https:\/\/www.gtline.com\/de\/wp-json\/wp\/v2\/media?parent=16941"}],"wp:term":[{"taxonomy":"product_brand","embeddable":true,"href":"https:\/\/www.gtline.com\/de\/wp-json\/wp\/v2\/product_brand?post=16941"},{"taxonomy":"product_cat","embeddable":true,"href":"https:\/\/www.gtline.com\/de\/wp-json\/wp\/v2\/product_cat?post=16941"},{"taxonomy":"product_tag","embeddable":true,"href":"https:\/\/www.gtline.com\/de\/wp-json\/wp\/v2\/product_tag?post=16941"}],"curies":[{"name":"wp","href":"https:\/\/api.w.org\/{rel}","templated":true}]}}