{"id":16943,"date":"2025-07-30T10:21:42","date_gmt":"2025-07-30T10:21:42","guid":{"rendered":"https:\/\/www.gtline.com\/de\/prodotto\/work-line-by-gt-werkzeugtasche-bag-06-r\/"},"modified":"2026-04-17T02:09:34","modified_gmt":"2026-04-17T02:09:34","slug":"work-line-by-gt-werkzeugtasche-bag-06-r","status":"publish","type":"product","link":"https:\/\/www.gtline.com\/de\/products\/work-line-by-gt-werkzeugtasche-bag-06-r\/","title":{"rendered":"Work Line by GT Werkzeugtasche BAG 06 R"},"content":{"rendered":"<p data-start=\"3\" data-end=\"273\"><strong data-start=\"3\" data-end=\"67\" data-is-only-node=\"\">1.Maximale Vielseitigkeit f\u00fcr jede professionelle Anforderung.<\/strong><br \/><br data-start=\"67\" data-end=\"70\">Mit Taschen in unterschiedlichen Gr\u00f6\u00dfen erm\u00f6glicht die <strong data-start=\"125\" data-end=\"137\">BAG 06 R<\/strong> eine intelligente Anordnung der Werkzeuge \u2013 alles bleibt griffbereit, von Zangen und Schraubendrehern bis hin zu kleinen Komponenten.<\/p>\n<p data-start=\"278\" data-end=\"545\"><strong data-start=\"278\" data-end=\"327\" data-is-only-node=\"\">2.Sicherer Schutz der Werkzeuge beim Transport.<br \/><\/strong><br data-start=\"327\" data-end=\"330\">Der Rei\u00dfverschluss an der Oberseite sorgt daf\u00fcr, dass der Inhalt gesch\u00fctzt und ordentlich bleibt \u2013 auch w\u00e4hrend des Transports. So werden Werkzeuge vor Staub, Feuchtigkeit und versehentlichem Herausfallen bewahrt.<\/p>\n<p data-start=\"550\" data-end=\"793\"><strong data-start=\"550\" data-end=\"603\" data-is-only-node=\"\">3.Komfort und Praktikabilit\u00e4t im t\u00e4glichen Einsatz.<br \/><\/strong><br data-start=\"603\" data-end=\"606\">Die ergonomischen Mittelgriffe erm\u00f6glichen einen schnellen und bequemen Transport, was diese Werkzeugtasche ideal macht f\u00fcr alle, die h\u00e4ufig den Einsatzort wechseln oder mobil arbeiten.<\/p>\n<p data-start=\"798\" data-end=\"1043\"><strong data-start=\"798\" data-end=\"842\" data-is-only-node=\"\">4.Bewegungsfreiheit bei maximalem Komfort.<br \/><\/strong><br data-start=\"842\" data-end=\"845\">Der verstellbare Schultergurt bietet eine praktische Alternative zum Handtragen, verteilt das Gewicht gleichm\u00e4\u00dfig und l\u00e4sst die H\u00e4nde frei f\u00fcr schnelle Arbeitsvorg\u00e4nge oder zus\u00e4tzliches Equipment.<\/p>\n<p data-start=\"1048\" data-end=\"1278\"><strong data-start=\"1048\" data-end=\"1086\" data-is-only-node=\"\">5.Kompaktes, aber ger\u00e4umiges Design.<br \/><\/strong><br data-start=\"1086\" data-end=\"1089\">Mit einer L\u00e4nge von 510 mm, einer Breite von 200 mm und einer H\u00f6he von 270 mm ist diese <strong data-start=\"1177\" data-end=\"1210\">professionelle Werkzeugtasche<\/strong> so konzipiert, dass sie alles N\u00f6tige fasst, ohne sperrig zu sein.<\/p>\n<p data-start=\"1283\" data-end=\"1513\"><strong data-start=\"1283\" data-end=\"1327\" data-is-only-node=\"\">6.Leichtigkeit, die den Unterschied macht.<br \/><\/strong><br data-start=\"1327\" data-end=\"1330\">Mit einem Gewicht von nur 1,2 kg ist die <strong data-start=\"1371\" data-end=\"1383\">BAG 06 R<\/strong> der ideale Begleiter f\u00fcr alle, die eine <strong data-start=\"1424\" data-end=\"1464\">leichte, aber robuste Werkzeugtasche<\/strong> f\u00fcr den t\u00e4glichen, intensiven Gebrauch suchen.<\/p>\n<p data-start=\"1518\" data-end=\"1777\" data-is-last-node=\"\"><strong data-start=\"1518\" data-end=\"1571\" data-is-only-node=\"\">7.Kompatibel mit anderen GT Line Transportl\u00f6sungen.<br \/><\/strong><br data-start=\"1571\" data-end=\"1574\">Ideal zum Einsetzen in einen <strong data-start=\"1603\" data-end=\"1623\">Werkzeug-Trolley<\/strong> oder als Erg\u00e4nzung zu einem <strong data-start=\"1652\" data-end=\"1670\">Werkzeugkoffer<\/strong> \u2013 f\u00fcr ein <strong data-start=\"1681\" data-end=\"1725\">komplettes und modulares Transportsystem<\/strong>, das perfekt auf den modernen Profi abgestimmt ist.<\/p>\n","protected":false},"excerpt":{"rendered":"<p>Die <strong data-start=\"4\" data-end=\"16\">BAG 06 R<\/strong> ist die <strong data-start=\"25\" data-end=\"52\">perfekte Werkzeugtasche<\/strong> f\u00fcr Profis, die <strong data-start=\"69\" data-end=\"134\">Praktikabilit\u00e4t, Robustheit und eine funktionale Organisation<\/strong> suchen.<br \/><br data-start=\"142\" data-end=\"145\"><strong data-start=\"145\" data-end=\"178\">Leicht, aber widerstandsf\u00e4hig<\/strong>, wurde sie entwickelt, um einen <strong data-start=\"211\" data-end=\"247\">schnellen und geordneten Zugriff<\/strong> auf Arbeitswerkzeuge zu erm\u00f6glichen.<br \/><br data-start=\"284\" data-end=\"287\">Dank des <strong data-start=\"296\" data-end=\"333\">Rei\u00dfverschlusses an der Oberseite<\/strong>, der <strong data-start=\"339\" data-end=\"364\">zentralen Tragegriffe<\/strong> und des <strong data-start=\"373\" data-end=\"404\">verstellbaren Schultergurts<\/strong> ist diese <strong data-start=\"415\" data-end=\"433\">Werkzeugtasche<\/strong> ideal f\u00fcr <strong data-start=\"444\" data-end=\"512\">Elektriker, Wartungstechniker, Installateure und Servicemonteure<\/strong>, die h\u00e4ufig unterwegs sind.<\/p>\n","protected":false},"featured_media":8804,"comment_status":"open","ping_status":"closed","template":"","meta":{"_acf_changed":false},"product_brand":[],"product_cat":[233],"product_tag":[],"class_list":{"0":"post-16943","1":"product","2":"type-product","3":"status-publish","4":"has-post-thumbnail","6":"product_cat-linea-basic","7":"pa_anwendungen-koffer-und-taschen-fur-betreuer","8":"pa_anwendungen-koffer-und-taschen-fur-elektriker","9":"pa_anwendungen-koffer-und-taschen-fur-installateure","10":"pa_anwendungen-koffer-und-taschen-fur-servicetechniker","11":"pa_produkttyp-werkzeugtaschen-und-rucksacke","13":"first","14":"instock","15":"shipping-taxable","16":"purchasable","17":"product-type-simple"},"acf":[],"yoast_head":"<!-- This site is optimized with the Yoast SEO plugin v25.4 - https:\/\/yoast.com\/wordpress\/plugins\/seo\/ -->\n<title>Work Line by GT Werkzeugtasche BAG 06 R - Gt Line DE<\/title>\n<meta name=\"robots\" content=\"index, follow, max-snippet:-1, max-image-preview:large, max-video-preview:-1\" \/>\n<link rel=\"canonical\" href=\"https:\/\/www.gtline.com\/de\/products\/work-line-by-gt-werkzeugtasche-bag-06-r\/\" \/>\n<meta property=\"og:locale\" content=\"de_DE\" \/>\n<meta property=\"og:type\" content=\"article\" \/>\n<meta property=\"og:title\" content=\"Work Line by GT Werkzeugtasche BAG 06 R - Gt Line DE\" \/>\n<meta property=\"og:description\" content=\"Die BAG 06 R ist die perfekte Werkzeugtasche f\u00fcr Profis, die Praktikabilit\u00e4t, Robustheit und eine funktionale Organisation suchen.Leicht, aber widerstandsf\u00e4hig, wurde sie entwickelt, um einen schnellen und geordneten Zugriff auf Arbeitswerkzeuge zu erm\u00f6glichen.Dank des Rei\u00dfverschlusses an der Oberseite, der zentralen Tragegriffe und des verstellbaren Schultergurts ist diese Werkzeugtasche ideal f\u00fcr Elektriker, Wartungstechniker, Installateure und Servicemonteure, die h\u00e4ufig unterwegs sind.\" \/>\n<meta property=\"og:url\" content=\"https:\/\/www.gtline.com\/de\/products\/work-line-by-gt-werkzeugtasche-bag-06-r\/\" \/>\n<meta property=\"og:site_name\" content=\"Gt Line DE\" \/>\n<meta property=\"article:publisher\" content=\"https:\/\/www.facebook.com\/gtlinesrl?locale=it_IT\" \/>\n<meta property=\"article:modified_time\" content=\"2026-04-17T02:09:34+00:00\" \/>\n<meta property=\"og:image\" content=\"https:\/\/www.gtline.com\/de\/wp-content\/uploads\/sites\/5\/2025\/05\/BAG-06-R_ALL_01_9039.jpg\" \/>\n\t<meta property=\"og:image:width\" content=\"500\" \/>\n\t<meta property=\"og:image:height\" content=\"500\" \/>\n\t<meta property=\"og:image:type\" content=\"image\/jpeg\" \/>\n<meta name=\"twitter:card\" content=\"summary_large_image\" \/>\n<meta name=\"twitter:label1\" content=\"Gesch\u00e4tzte Lesezeit\" \/>\n\t<meta name=\"twitter:data1\" content=\"1\u00a0Minute\" \/>\n<script type=\"application\/ld+json\" class=\"yoast-schema-graph\">{\"@context\":\"https:\/\/schema.org\",\"@graph\":[{\"@type\":\"WebPage\",\"@id\":\"https:\/\/www.gtline.com\/de\/products\/work-line-by-gt-werkzeugtasche-bag-06-r\/\",\"url\":\"https:\/\/www.gtline.com\/de\/products\/work-line-by-gt-werkzeugtasche-bag-06-r\/\",\"name\":\"Work Line by GT Werkzeugtasche BAG 06 R - Gt Line DE\",\"isPartOf\":{\"@id\":\"https:\/\/www.gtline.com\/de\/#website\"},\"primaryImageOfPage\":{\"@id\":\"https:\/\/www.gtline.com\/de\/products\/work-line-by-gt-werkzeugtasche-bag-06-r\/#primaryimage\"},\"image\":{\"@id\":\"https:\/\/www.gtline.com\/de\/products\/work-line-by-gt-werkzeugtasche-bag-06-r\/#primaryimage\"},\"thumbnailUrl\":\"https:\/\/www.gtline.com\/de\/wp-content\/uploads\/sites\/5\/2025\/05\/BAG-06-R_ALL_01_9039.jpg\",\"datePublished\":\"2025-07-30T10:21:42+00:00\",\"dateModified\":\"2026-04-17T02:09:34+00:00\",\"breadcrumb\":{\"@id\":\"https:\/\/www.gtline.com\/de\/products\/work-line-by-gt-werkzeugtasche-bag-06-r\/#breadcrumb\"},\"inLanguage\":\"de\",\"potentialAction\":[{\"@type\":\"ReadAction\",\"target\":[\"https:\/\/www.gtline.com\/de\/products\/work-line-by-gt-werkzeugtasche-bag-06-r\/\"]}]},{\"@type\":\"ImageObject\",\"inLanguage\":\"de\",\"@id\":\"https:\/\/www.gtline.com\/de\/products\/work-line-by-gt-werkzeugtasche-bag-06-r\/#primaryimage\",\"url\":\"https:\/\/www.gtline.com\/de\/wp-content\/uploads\/sites\/5\/2025\/05\/BAG-06-R_ALL_01_9039.jpg\",\"contentUrl\":\"https:\/\/www.gtline.com\/de\/wp-content\/uploads\/sites\/5\/2025\/05\/BAG-06-R_ALL_01_9039.jpg\",\"width\":500,\"height\":500},{\"@type\":\"BreadcrumbList\",\"@id\":\"https:\/\/www.gtline.com\/de\/products\/work-line-by-gt-werkzeugtasche-bag-06-r\/#breadcrumb\",\"itemListElement\":[{\"@type\":\"ListItem\",\"position\":1,\"name\":\"Home\",\"item\":\"https:\/\/www.gtline.com\/de\/\"},{\"@type\":\"ListItem\",\"position\":2,\"name\":\"Shop\",\"item\":\"https:\/\/www.gtline.com\/de\/negozio\/\"},{\"@type\":\"ListItem\",\"position\":3,\"name\":\"Work Line by GT Werkzeugtasche BAG 06 R\"}]},{\"@type\":\"WebSite\",\"@id\":\"https:\/\/www.gtline.com\/de\/#website\",\"url\":\"https:\/\/www.gtline.com\/de\/\",\"name\":\"Gt Line\",\"description\":\"\",\"publisher\":{\"@id\":\"https:\/\/www.gtline.com\/de\/#organization\"},\"potentialAction\":[{\"@type\":\"SearchAction\",\"target\":{\"@type\":\"EntryPoint\",\"urlTemplate\":\"https:\/\/www.gtline.com\/de\/?s={search_term_string}\"},\"query-input\":{\"@type\":\"PropertyValueSpecification\",\"valueRequired\":true,\"valueName\":\"search_term_string\"}}],\"inLanguage\":\"de\"},{\"@type\":\"Organization\",\"@id\":\"https:\/\/www.gtline.com\/de\/#organization\",\"name\":\"Gt Line\",\"url\":\"https:\/\/www.gtline.com\/de\/\",\"logo\":{\"@type\":\"ImageObject\",\"inLanguage\":\"de\",\"@id\":\"https:\/\/www.gtline.com\/de\/#\/schema\/logo\/image\/\",\"url\":\"https:\/\/www.gtline.com\/de\/wp-content\/uploads\/sites\/5\/2025\/02\/logo.png\",\"contentUrl\":\"https:\/\/www.gtline.com\/de\/wp-content\/uploads\/sites\/5\/2025\/02\/logo.png\",\"width\":228,\"height\":146,\"caption\":\"Gt Line\"},\"image\":{\"@id\":\"https:\/\/www.gtline.com\/de\/#\/schema\/logo\/image\/\"},\"sameAs\":[\"https:\/\/www.facebook.com\/gtlinesrl?locale=it_IT\",\"https:\/\/www.instagram.com\/gt_line_srl\/\",\"https:\/\/www.youtube.com\/channel\/UCDvpkFqswNJOVFz64PkYRQQ\",\"https:\/\/www.linkedin.com\/company\/gt-line-srl\/\"]}]}<\/script>\n<!-- \/ Yoast SEO plugin. -->","yoast_head_json":{"title":"Work Line by GT Werkzeugtasche BAG 06 R - Gt Line DE","robots":{"index":"index","follow":"follow","max-snippet":"max-snippet:-1","max-image-preview":"max-image-preview:large","max-video-preview":"max-video-preview:-1"},"canonical":"https:\/\/www.gtline.com\/de\/products\/work-line-by-gt-werkzeugtasche-bag-06-r\/","og_locale":"de_DE","og_type":"article","og_title":"Work Line by GT Werkzeugtasche BAG 06 R - Gt Line DE","og_description":"Die BAG 06 R ist die perfekte Werkzeugtasche f\u00fcr Profis, die Praktikabilit\u00e4t, Robustheit und eine funktionale Organisation suchen.Leicht, aber widerstandsf\u00e4hig, wurde sie entwickelt, um einen schnellen und geordneten Zugriff auf Arbeitswerkzeuge zu erm\u00f6glichen.Dank des Rei\u00dfverschlusses an der Oberseite, der zentralen Tragegriffe und des verstellbaren Schultergurts ist diese Werkzeugtasche ideal f\u00fcr Elektriker, Wartungstechniker, Installateure und Servicemonteure, die h\u00e4ufig unterwegs sind.","og_url":"https:\/\/www.gtline.com\/de\/products\/work-line-by-gt-werkzeugtasche-bag-06-r\/","og_site_name":"Gt Line DE","article_publisher":"https:\/\/www.facebook.com\/gtlinesrl?locale=it_IT","article_modified_time":"2026-04-17T02:09:34+00:00","og_image":[{"width":500,"height":500,"url":"https:\/\/www.gtline.com\/de\/wp-content\/uploads\/sites\/5\/2025\/05\/BAG-06-R_ALL_01_9039.jpg","type":"image\/jpeg"}],"twitter_card":"summary_large_image","twitter_misc":{"Gesch\u00e4tzte Lesezeit":"1\u00a0Minute"},"schema":{"@context":"https:\/\/schema.org","@graph":[{"@type":"WebPage","@id":"https:\/\/www.gtline.com\/de\/products\/work-line-by-gt-werkzeugtasche-bag-06-r\/","url":"https:\/\/www.gtline.com\/de\/products\/work-line-by-gt-werkzeugtasche-bag-06-r\/","name":"Work Line by GT Werkzeugtasche BAG 06 R - Gt Line DE","isPartOf":{"@id":"https:\/\/www.gtline.com\/de\/#website"},"primaryImageOfPage":{"@id":"https:\/\/www.gtline.com\/de\/products\/work-line-by-gt-werkzeugtasche-bag-06-r\/#primaryimage"},"image":{"@id":"https:\/\/www.gtline.com\/de\/products\/work-line-by-gt-werkzeugtasche-bag-06-r\/#primaryimage"},"thumbnailUrl":"https:\/\/www.gtline.com\/de\/wp-content\/uploads\/sites\/5\/2025\/05\/BAG-06-R_ALL_01_9039.jpg","datePublished":"2025-07-30T10:21:42+00:00","dateModified":"2026-04-17T02:09:34+00:00","breadcrumb":{"@id":"https:\/\/www.gtline.com\/de\/products\/work-line-by-gt-werkzeugtasche-bag-06-r\/#breadcrumb"},"inLanguage":"de","potentialAction":[{"@type":"ReadAction","target":["https:\/\/www.gtline.com\/de\/products\/work-line-by-gt-werkzeugtasche-bag-06-r\/"]}]},{"@type":"ImageObject","inLanguage":"de","@id":"https:\/\/www.gtline.com\/de\/products\/work-line-by-gt-werkzeugtasche-bag-06-r\/#primaryimage","url":"https:\/\/www.gtline.com\/de\/wp-content\/uploads\/sites\/5\/2025\/05\/BAG-06-R_ALL_01_9039.jpg","contentUrl":"https:\/\/www.gtline.com\/de\/wp-content\/uploads\/sites\/5\/2025\/05\/BAG-06-R_ALL_01_9039.jpg","width":500,"height":500},{"@type":"BreadcrumbList","@id":"https:\/\/www.gtline.com\/de\/products\/work-line-by-gt-werkzeugtasche-bag-06-r\/#breadcrumb","itemListElement":[{"@type":"ListItem","position":1,"name":"Home","item":"https:\/\/www.gtline.com\/de\/"},{"@type":"ListItem","position":2,"name":"Shop","item":"https:\/\/www.gtline.com\/de\/negozio\/"},{"@type":"ListItem","position":3,"name":"Work Line by GT Werkzeugtasche BAG 06 R"}]},{"@type":"WebSite","@id":"https:\/\/www.gtline.com\/de\/#website","url":"https:\/\/www.gtline.com\/de\/","name":"Gt Line","description":"","publisher":{"@id":"https:\/\/www.gtline.com\/de\/#organization"},"potentialAction":[{"@type":"SearchAction","target":{"@type":"EntryPoint","urlTemplate":"https:\/\/www.gtline.com\/de\/?s={search_term_string}"},"query-input":{"@type":"PropertyValueSpecification","valueRequired":true,"valueName":"search_term_string"}}],"inLanguage":"de"},{"@type":"Organization","@id":"https:\/\/www.gtline.com\/de\/#organization","name":"Gt Line","url":"https:\/\/www.gtline.com\/de\/","logo":{"@type":"ImageObject","inLanguage":"de","@id":"https:\/\/www.gtline.com\/de\/#\/schema\/logo\/image\/","url":"https:\/\/www.gtline.com\/de\/wp-content\/uploads\/sites\/5\/2025\/02\/logo.png","contentUrl":"https:\/\/www.gtline.com\/de\/wp-content\/uploads\/sites\/5\/2025\/02\/logo.png","width":228,"height":146,"caption":"Gt Line"},"image":{"@id":"https:\/\/www.gtline.com\/de\/#\/schema\/logo\/image\/"},"sameAs":["https:\/\/www.facebook.com\/gtlinesrl?locale=it_IT","https:\/\/www.instagram.com\/gt_line_srl\/","https:\/\/www.youtube.com\/channel\/UCDvpkFqswNJOVFz64PkYRQQ","https:\/\/www.linkedin.com\/company\/gt-line-srl\/"]}]}},"_links":{"self":[{"href":"https:\/\/www.gtline.com\/de\/wp-json\/wp\/v2\/product\/16943","targetHints":{"allow":["GET"]}}],"collection":[{"href":"https:\/\/www.gtline.com\/de\/wp-json\/wp\/v2\/product"}],"about":[{"href":"https:\/\/www.gtline.com\/de\/wp-json\/wp\/v2\/types\/product"}],"replies":[{"embeddable":true,"href":"https:\/\/www.gtline.com\/de\/wp-json\/wp\/v2\/comments?post=16943"}],"version-history":[{"count":2,"href":"https:\/\/www.gtline.com\/de\/wp-json\/wp\/v2\/product\/16943\/revisions"}],"predecessor-version":[{"id":22332,"href":"https:\/\/www.gtline.com\/de\/wp-json\/wp\/v2\/product\/16943\/revisions\/22332"}],"wp:featuredmedia":[{"embeddable":true,"href":"https:\/\/www.gtline.com\/de\/wp-json\/wp\/v2\/media\/8804"}],"wp:attachment":[{"href":"https:\/\/www.gtline.com\/de\/wp-json\/wp\/v2\/media?parent=16943"}],"wp:term":[{"taxonomy":"product_brand","embeddable":true,"href":"https:\/\/www.gtline.com\/de\/wp-json\/wp\/v2\/product_brand?post=16943"},{"taxonomy":"product_cat","embeddable":true,"href":"https:\/\/www.gtline.com\/de\/wp-json\/wp\/v2\/product_cat?post=16943"},{"taxonomy":"product_tag","embeddable":true,"href":"https:\/\/www.gtline.com\/de\/wp-json\/wp\/v2\/product_tag?post=16943"}],"curies":[{"name":"wp","href":"https:\/\/api.w.org\/{rel}","templated":true}]}}