{"id":16945,"date":"2025-07-30T10:21:45","date_gmt":"2025-07-30T10:21:45","guid":{"rendered":"https:\/\/www.gtline.com\/de\/prodotto\/work-line-by-gt-werkzeugtasche-bag-05-r\/"},"modified":"2026-04-17T02:09:38","modified_gmt":"2026-04-17T02:09:38","slug":"work-line-by-gt-werkzeugtasche-bag-05-r","status":"publish","type":"product","link":"https:\/\/www.gtline.com\/de\/products\/work-line-by-gt-werkzeugtasche-bag-05-r\/","title":{"rendered":"Work Line by GT Werkzeugtasche BAG 05 R"},"content":{"rendered":"<p data-start=\"3\" data-end=\"236\"><strong data-start=\"3\" data-end=\"52\" data-is-only-node=\"\">1.Flexible Organisation und sofortiger Zugriff.<\/strong><br \/><br data-start=\"52\" data-end=\"55\">Die Taschen in verschiedenen Gr\u00f6\u00dfen erm\u00f6glichen eine geordnete und leicht zug\u00e4ngliche Aufbewahrung von Handwerkzeugen, Kleinteilen und Dokumenten \u2013 ideal f\u00fcr jede Art von Einsatz.<\/p>\n<p data-start=\"241\" data-end=\"478\"><strong data-start=\"241\" data-end=\"301\" data-is-only-node=\"\">2.Perfekte Kombination aus Werkzeug- und Dokumententasche.<br \/><\/strong><br data-start=\"301\" data-end=\"304\">Das schlanke, aber ger\u00e4umige Design macht sie auch ideal f\u00fcr den Transport von Ordnern, Handb\u00fcchern und technischen Unterlagen \u2013 eine echte multifunktionale Werkzeugtasche.<\/p>\n<p data-start=\"483\" data-end=\"697\"><strong data-start=\"483\" data-end=\"528\" data-is-only-node=\"\">3.Bequemer und anpassungsf\u00e4higer Transport.<br \/><\/strong><br data-start=\"528\" data-end=\"531\">Mit mittigem Tragegriff und verstellbarem Schultergurt kann sie sowohl in der Hand als auch \u00fcber der Schulter getragen werden und bietet maximale Bewegungsfreiheit.<\/p>\n<p data-start=\"702\" data-end=\"887\"><strong data-start=\"702\" data-end=\"742\" data-is-only-node=\"\">4.Sicherer und praktischer Verschluss.<br \/><\/strong><br data-start=\"742\" data-end=\"745\">Das Frontclip-Verschlusssystem sorgt f\u00fcr ein schnelles und zuverl\u00e4ssiges \u00d6ffnen und Schlie\u00dfen und sch\u00fctzt den Inhalt w\u00e4hrend des Transports.<\/p>\n<p data-start=\"892\" data-end=\"1110\"><strong data-start=\"892\" data-end=\"949\" data-is-only-node=\"\">5.Professionelle Ausstattung mit Wasserwaagenhalterung.<br \/><\/strong><br data-start=\"949\" data-end=\"952\">Die integrierte Halterung f\u00fcr eine Wasserwaage ist ein praktisches Detail f\u00fcr Fachkr\u00e4fte, die ihre wichtigsten Messwerkzeuge stets griffbereit haben m\u00fcssen.<\/p>\n<p data-start=\"1115\" data-end=\"1346\"><strong data-start=\"1115\" data-end=\"1164\" data-is-only-node=\"\">6.Kompakt und leicht f\u00fcr den t\u00e4glichen Einsatz.<br \/><\/strong><br data-start=\"1164\" data-end=\"1167\">Mit Abmessungen von 400 x 310 x 55 mm und einem Gewicht von nur 0,7 kg ist sie eine extrem handliche und kompakte Werkzeugtasche \u2013 ideal f\u00fcr Fachkr\u00e4fte, die viel unterwegs sind.<\/p>\n<p data-start=\"1351\" data-end=\"1555\" data-is-last-node=\"\"><strong data-start=\"1351\" data-end=\"1394\" data-is-only-node=\"\">7.Technisches Design f\u00fcr den Feldeinsatz.<br \/><\/strong><br data-start=\"1394\" data-end=\"1397\">Aus robusten Materialien gefertigt, ist diese Werkzeugtasche f\u00fcr den intensiven Gebrauch konzipiert und bietet gleichzeitig Schutz und Benutzerfreundlichkeit.<\/p>\n","protected":false},"excerpt":{"rendered":"<p data-start=\"0\" data-end=\"743\" data-is-last-node=\"\" data-is-only-node=\"\">Die\u00a0<strong data-start=\"4\" data-end=\"46\">professionelle Werkzeugtasche BAG 05 R<\/strong> aus der <strong data-start=\"55\" data-end=\"74\">Work Line by GT<\/strong> wurde entwickelt, um <strong data-start=\"96\" data-end=\"134\">Praktikabilit\u00e4t und Funktionalit\u00e4t<\/strong> in jedem Arbeitsumfeld zu bieten.<br \/><br data-start=\"168\" data-end=\"171\">Perfekt als <strong data-start=\"183\" data-end=\"217\">Werkzeug- und Dokumententasche<\/strong>, ist sie ideal f\u00fcr <strong data-start=\"237\" data-end=\"286\">Techniker, Installateure und Wartungspersonal<\/strong>, die einen <strong data-start=\"298\" data-end=\"334\">schnellen und geordneten Zugriff<\/strong> auf Werkzeuge und Unterlagen ben\u00f6tigen.<br \/><br data-start=\"374\" data-end=\"377\"><strong data-start=\"377\" data-end=\"407\">Kompakt, leicht und robust<\/strong>, verf\u00fcgt diese <strong data-start=\"423\" data-end=\"441\">Werkzeugtasche<\/strong> \u00fcber zahlreiche <strong data-start=\"458\" data-end=\"469\">Taschen<\/strong>, einen <strong data-start=\"477\" data-end=\"505\">Frontverschluss mit Clip<\/strong>, einen <strong data-start=\"513\" data-end=\"536\">ergonomischen Griff<\/strong>, einen <strong data-start=\"544\" data-end=\"574\">verstellbaren Schultergurt<\/strong> sowie eine <strong data-start=\"586\" data-end=\"623\">integrierte Wasserwaagenhalterung<\/strong>.<br \/><br data-start=\"624\" data-end=\"627\">Eine <strong data-start=\"632\" data-end=\"653\">praktische L\u00f6sung<\/strong> f\u00fcr alle, die einen <strong data-start=\"674\" data-end=\"735\">kompakten und funktionalen professionellen Werkzeugkoffer<\/strong> suchen.<\/p>\n","protected":false},"featured_media":8813,"comment_status":"open","ping_status":"closed","template":"","meta":{"_acf_changed":false},"product_brand":[],"product_cat":[233],"product_tag":[],"class_list":{"0":"post-16945","1":"product","2":"type-product","3":"status-publish","4":"has-post-thumbnail","6":"product_cat-linea-basic","7":"pa_anwendungen-koffer-und-taschen-fur-betreuer","8":"pa_anwendungen-koffer-und-taschen-fur-elektriker","9":"pa_anwendungen-koffer-und-taschen-fur-installateure","10":"pa_anwendungen-koffer-und-taschen-fur-servicetechniker","11":"pa_produkttyp-werkzeugtaschen-und-rucksacke","13":"first","14":"instock","15":"shipping-taxable","16":"purchasable","17":"product-type-simple"},"acf":[],"yoast_head":"<!-- This site is optimized with the Yoast SEO plugin v25.4 - https:\/\/yoast.com\/wordpress\/plugins\/seo\/ -->\n<title>Work Line by GT Werkzeugtasche BAG 05 R - Gt Line DE<\/title>\n<meta name=\"robots\" content=\"index, follow, max-snippet:-1, max-image-preview:large, max-video-preview:-1\" \/>\n<link rel=\"canonical\" href=\"https:\/\/www.gtline.com\/de\/products\/work-line-by-gt-werkzeugtasche-bag-05-r\/\" \/>\n<meta property=\"og:locale\" content=\"de_DE\" \/>\n<meta property=\"og:type\" content=\"article\" \/>\n<meta property=\"og:title\" content=\"Work Line by GT Werkzeugtasche BAG 05 R - Gt Line DE\" \/>\n<meta property=\"og:description\" content=\"Die\u00a0professionelle Werkzeugtasche BAG 05 R aus der Work Line by GT wurde entwickelt, um Praktikabilit\u00e4t und Funktionalit\u00e4t in jedem Arbeitsumfeld zu bieten.Perfekt als Werkzeug- und Dokumententasche, ist sie ideal f\u00fcr Techniker, Installateure und Wartungspersonal, die einen schnellen und geordneten Zugriff auf Werkzeuge und Unterlagen ben\u00f6tigen.Kompakt, leicht und robust, verf\u00fcgt diese Werkzeugtasche \u00fcber zahlreiche Taschen, einen Frontverschluss mit Clip, einen ergonomischen Griff, einen verstellbaren Schultergurt sowie eine integrierte Wasserwaagenhalterung.Eine praktische L\u00f6sung f\u00fcr alle, die einen kompakten und funktionalen professionellen Werkzeugkoffer suchen.\" \/>\n<meta property=\"og:url\" content=\"https:\/\/www.gtline.com\/de\/products\/work-line-by-gt-werkzeugtasche-bag-05-r\/\" \/>\n<meta property=\"og:site_name\" content=\"Gt Line DE\" \/>\n<meta property=\"article:publisher\" content=\"https:\/\/www.facebook.com\/gtlinesrl?locale=it_IT\" \/>\n<meta property=\"article:modified_time\" content=\"2026-04-17T02:09:38+00:00\" \/>\n<meta property=\"og:image\" content=\"https:\/\/www.gtline.com\/de\/wp-content\/uploads\/sites\/5\/2025\/05\/BAG-05-R_ALL_01_9040.jpg\" \/>\n\t<meta property=\"og:image:width\" content=\"500\" \/>\n\t<meta property=\"og:image:height\" content=\"500\" \/>\n\t<meta property=\"og:image:type\" content=\"image\/jpeg\" \/>\n<meta name=\"twitter:card\" content=\"summary_large_image\" \/>\n<meta name=\"twitter:label1\" content=\"Gesch\u00e4tzte Lesezeit\" \/>\n\t<meta name=\"twitter:data1\" content=\"1\u00a0Minute\" \/>\n<script type=\"application\/ld+json\" class=\"yoast-schema-graph\">{\"@context\":\"https:\/\/schema.org\",\"@graph\":[{\"@type\":\"WebPage\",\"@id\":\"https:\/\/www.gtline.com\/de\/products\/work-line-by-gt-werkzeugtasche-bag-05-r\/\",\"url\":\"https:\/\/www.gtline.com\/de\/products\/work-line-by-gt-werkzeugtasche-bag-05-r\/\",\"name\":\"Work Line by GT Werkzeugtasche BAG 05 R - Gt Line DE\",\"isPartOf\":{\"@id\":\"https:\/\/www.gtline.com\/de\/#website\"},\"primaryImageOfPage\":{\"@id\":\"https:\/\/www.gtline.com\/de\/products\/work-line-by-gt-werkzeugtasche-bag-05-r\/#primaryimage\"},\"image\":{\"@id\":\"https:\/\/www.gtline.com\/de\/products\/work-line-by-gt-werkzeugtasche-bag-05-r\/#primaryimage\"},\"thumbnailUrl\":\"https:\/\/www.gtline.com\/de\/wp-content\/uploads\/sites\/5\/2025\/05\/BAG-05-R_ALL_01_9040.jpg\",\"datePublished\":\"2025-07-30T10:21:45+00:00\",\"dateModified\":\"2026-04-17T02:09:38+00:00\",\"breadcrumb\":{\"@id\":\"https:\/\/www.gtline.com\/de\/products\/work-line-by-gt-werkzeugtasche-bag-05-r\/#breadcrumb\"},\"inLanguage\":\"de\",\"potentialAction\":[{\"@type\":\"ReadAction\",\"target\":[\"https:\/\/www.gtline.com\/de\/products\/work-line-by-gt-werkzeugtasche-bag-05-r\/\"]}]},{\"@type\":\"ImageObject\",\"inLanguage\":\"de\",\"@id\":\"https:\/\/www.gtline.com\/de\/products\/work-line-by-gt-werkzeugtasche-bag-05-r\/#primaryimage\",\"url\":\"https:\/\/www.gtline.com\/de\/wp-content\/uploads\/sites\/5\/2025\/05\/BAG-05-R_ALL_01_9040.jpg\",\"contentUrl\":\"https:\/\/www.gtline.com\/de\/wp-content\/uploads\/sites\/5\/2025\/05\/BAG-05-R_ALL_01_9040.jpg\",\"width\":500,\"height\":500},{\"@type\":\"BreadcrumbList\",\"@id\":\"https:\/\/www.gtline.com\/de\/products\/work-line-by-gt-werkzeugtasche-bag-05-r\/#breadcrumb\",\"itemListElement\":[{\"@type\":\"ListItem\",\"position\":1,\"name\":\"Home\",\"item\":\"https:\/\/www.gtline.com\/de\/\"},{\"@type\":\"ListItem\",\"position\":2,\"name\":\"Shop\",\"item\":\"https:\/\/www.gtline.com\/de\/negozio\/\"},{\"@type\":\"ListItem\",\"position\":3,\"name\":\"Work Line by GT Werkzeugtasche BAG 05 R\"}]},{\"@type\":\"WebSite\",\"@id\":\"https:\/\/www.gtline.com\/de\/#website\",\"url\":\"https:\/\/www.gtline.com\/de\/\",\"name\":\"Gt Line\",\"description\":\"\",\"publisher\":{\"@id\":\"https:\/\/www.gtline.com\/de\/#organization\"},\"potentialAction\":[{\"@type\":\"SearchAction\",\"target\":{\"@type\":\"EntryPoint\",\"urlTemplate\":\"https:\/\/www.gtline.com\/de\/?s={search_term_string}\"},\"query-input\":{\"@type\":\"PropertyValueSpecification\",\"valueRequired\":true,\"valueName\":\"search_term_string\"}}],\"inLanguage\":\"de\"},{\"@type\":\"Organization\",\"@id\":\"https:\/\/www.gtline.com\/de\/#organization\",\"name\":\"Gt Line\",\"url\":\"https:\/\/www.gtline.com\/de\/\",\"logo\":{\"@type\":\"ImageObject\",\"inLanguage\":\"de\",\"@id\":\"https:\/\/www.gtline.com\/de\/#\/schema\/logo\/image\/\",\"url\":\"https:\/\/www.gtline.com\/de\/wp-content\/uploads\/sites\/5\/2025\/02\/logo.png\",\"contentUrl\":\"https:\/\/www.gtline.com\/de\/wp-content\/uploads\/sites\/5\/2025\/02\/logo.png\",\"width\":228,\"height\":146,\"caption\":\"Gt Line\"},\"image\":{\"@id\":\"https:\/\/www.gtline.com\/de\/#\/schema\/logo\/image\/\"},\"sameAs\":[\"https:\/\/www.facebook.com\/gtlinesrl?locale=it_IT\",\"https:\/\/www.instagram.com\/gt_line_srl\/\",\"https:\/\/www.youtube.com\/channel\/UCDvpkFqswNJOVFz64PkYRQQ\",\"https:\/\/www.linkedin.com\/company\/gt-line-srl\/\"]}]}<\/script>\n<!-- \/ Yoast SEO plugin. -->","yoast_head_json":{"title":"Work Line by GT Werkzeugtasche BAG 05 R - Gt Line DE","robots":{"index":"index","follow":"follow","max-snippet":"max-snippet:-1","max-image-preview":"max-image-preview:large","max-video-preview":"max-video-preview:-1"},"canonical":"https:\/\/www.gtline.com\/de\/products\/work-line-by-gt-werkzeugtasche-bag-05-r\/","og_locale":"de_DE","og_type":"article","og_title":"Work Line by GT Werkzeugtasche BAG 05 R - Gt Line DE","og_description":"Die\u00a0professionelle Werkzeugtasche BAG 05 R aus der Work Line by GT wurde entwickelt, um Praktikabilit\u00e4t und Funktionalit\u00e4t in jedem Arbeitsumfeld zu bieten.Perfekt als Werkzeug- und Dokumententasche, ist sie ideal f\u00fcr Techniker, Installateure und Wartungspersonal, die einen schnellen und geordneten Zugriff auf Werkzeuge und Unterlagen ben\u00f6tigen.Kompakt, leicht und robust, verf\u00fcgt diese Werkzeugtasche \u00fcber zahlreiche Taschen, einen Frontverschluss mit Clip, einen ergonomischen Griff, einen verstellbaren Schultergurt sowie eine integrierte Wasserwaagenhalterung.Eine praktische L\u00f6sung f\u00fcr alle, die einen kompakten und funktionalen professionellen Werkzeugkoffer suchen.","og_url":"https:\/\/www.gtline.com\/de\/products\/work-line-by-gt-werkzeugtasche-bag-05-r\/","og_site_name":"Gt Line DE","article_publisher":"https:\/\/www.facebook.com\/gtlinesrl?locale=it_IT","article_modified_time":"2026-04-17T02:09:38+00:00","og_image":[{"width":500,"height":500,"url":"https:\/\/www.gtline.com\/de\/wp-content\/uploads\/sites\/5\/2025\/05\/BAG-05-R_ALL_01_9040.jpg","type":"image\/jpeg"}],"twitter_card":"summary_large_image","twitter_misc":{"Gesch\u00e4tzte Lesezeit":"1\u00a0Minute"},"schema":{"@context":"https:\/\/schema.org","@graph":[{"@type":"WebPage","@id":"https:\/\/www.gtline.com\/de\/products\/work-line-by-gt-werkzeugtasche-bag-05-r\/","url":"https:\/\/www.gtline.com\/de\/products\/work-line-by-gt-werkzeugtasche-bag-05-r\/","name":"Work Line by GT Werkzeugtasche BAG 05 R - Gt Line DE","isPartOf":{"@id":"https:\/\/www.gtline.com\/de\/#website"},"primaryImageOfPage":{"@id":"https:\/\/www.gtline.com\/de\/products\/work-line-by-gt-werkzeugtasche-bag-05-r\/#primaryimage"},"image":{"@id":"https:\/\/www.gtline.com\/de\/products\/work-line-by-gt-werkzeugtasche-bag-05-r\/#primaryimage"},"thumbnailUrl":"https:\/\/www.gtline.com\/de\/wp-content\/uploads\/sites\/5\/2025\/05\/BAG-05-R_ALL_01_9040.jpg","datePublished":"2025-07-30T10:21:45+00:00","dateModified":"2026-04-17T02:09:38+00:00","breadcrumb":{"@id":"https:\/\/www.gtline.com\/de\/products\/work-line-by-gt-werkzeugtasche-bag-05-r\/#breadcrumb"},"inLanguage":"de","potentialAction":[{"@type":"ReadAction","target":["https:\/\/www.gtline.com\/de\/products\/work-line-by-gt-werkzeugtasche-bag-05-r\/"]}]},{"@type":"ImageObject","inLanguage":"de","@id":"https:\/\/www.gtline.com\/de\/products\/work-line-by-gt-werkzeugtasche-bag-05-r\/#primaryimage","url":"https:\/\/www.gtline.com\/de\/wp-content\/uploads\/sites\/5\/2025\/05\/BAG-05-R_ALL_01_9040.jpg","contentUrl":"https:\/\/www.gtline.com\/de\/wp-content\/uploads\/sites\/5\/2025\/05\/BAG-05-R_ALL_01_9040.jpg","width":500,"height":500},{"@type":"BreadcrumbList","@id":"https:\/\/www.gtline.com\/de\/products\/work-line-by-gt-werkzeugtasche-bag-05-r\/#breadcrumb","itemListElement":[{"@type":"ListItem","position":1,"name":"Home","item":"https:\/\/www.gtline.com\/de\/"},{"@type":"ListItem","position":2,"name":"Shop","item":"https:\/\/www.gtline.com\/de\/negozio\/"},{"@type":"ListItem","position":3,"name":"Work Line by GT Werkzeugtasche BAG 05 R"}]},{"@type":"WebSite","@id":"https:\/\/www.gtline.com\/de\/#website","url":"https:\/\/www.gtline.com\/de\/","name":"Gt Line","description":"","publisher":{"@id":"https:\/\/www.gtline.com\/de\/#organization"},"potentialAction":[{"@type":"SearchAction","target":{"@type":"EntryPoint","urlTemplate":"https:\/\/www.gtline.com\/de\/?s={search_term_string}"},"query-input":{"@type":"PropertyValueSpecification","valueRequired":true,"valueName":"search_term_string"}}],"inLanguage":"de"},{"@type":"Organization","@id":"https:\/\/www.gtline.com\/de\/#organization","name":"Gt Line","url":"https:\/\/www.gtline.com\/de\/","logo":{"@type":"ImageObject","inLanguage":"de","@id":"https:\/\/www.gtline.com\/de\/#\/schema\/logo\/image\/","url":"https:\/\/www.gtline.com\/de\/wp-content\/uploads\/sites\/5\/2025\/02\/logo.png","contentUrl":"https:\/\/www.gtline.com\/de\/wp-content\/uploads\/sites\/5\/2025\/02\/logo.png","width":228,"height":146,"caption":"Gt Line"},"image":{"@id":"https:\/\/www.gtline.com\/de\/#\/schema\/logo\/image\/"},"sameAs":["https:\/\/www.facebook.com\/gtlinesrl?locale=it_IT","https:\/\/www.instagram.com\/gt_line_srl\/","https:\/\/www.youtube.com\/channel\/UCDvpkFqswNJOVFz64PkYRQQ","https:\/\/www.linkedin.com\/company\/gt-line-srl\/"]}]}},"_links":{"self":[{"href":"https:\/\/www.gtline.com\/de\/wp-json\/wp\/v2\/product\/16945","targetHints":{"allow":["GET"]}}],"collection":[{"href":"https:\/\/www.gtline.com\/de\/wp-json\/wp\/v2\/product"}],"about":[{"href":"https:\/\/www.gtline.com\/de\/wp-json\/wp\/v2\/types\/product"}],"replies":[{"embeddable":true,"href":"https:\/\/www.gtline.com\/de\/wp-json\/wp\/v2\/comments?post=16945"}],"version-history":[{"count":2,"href":"https:\/\/www.gtline.com\/de\/wp-json\/wp\/v2\/product\/16945\/revisions"}],"predecessor-version":[{"id":22333,"href":"https:\/\/www.gtline.com\/de\/wp-json\/wp\/v2\/product\/16945\/revisions\/22333"}],"wp:featuredmedia":[{"embeddable":true,"href":"https:\/\/www.gtline.com\/de\/wp-json\/wp\/v2\/media\/8813"}],"wp:attachment":[{"href":"https:\/\/www.gtline.com\/de\/wp-json\/wp\/v2\/media?parent=16945"}],"wp:term":[{"taxonomy":"product_brand","embeddable":true,"href":"https:\/\/www.gtline.com\/de\/wp-json\/wp\/v2\/product_brand?post=16945"},{"taxonomy":"product_cat","embeddable":true,"href":"https:\/\/www.gtline.com\/de\/wp-json\/wp\/v2\/product_cat?post=16945"},{"taxonomy":"product_tag","embeddable":true,"href":"https:\/\/www.gtline.com\/de\/wp-json\/wp\/v2\/product_tag?post=16945"}],"curies":[{"name":"wp","href":"https:\/\/api.w.org\/{rel}","templated":true}]}}