{"id":16947,"date":"2025-07-30T10:21:49","date_gmt":"2025-07-30T10:21:49","guid":{"rendered":"https:\/\/www.gtline.com\/de\/prodotto\/work-line-by-gt-werkzeugtasche-top-10-r\/"},"modified":"2026-04-17T02:09:47","modified_gmt":"2026-04-17T02:09:47","slug":"work-line-by-gt-werkzeugtasche-top-10-r","status":"publish","type":"product","link":"https:\/\/www.gtline.com\/de\/products\/work-line-by-gt-werkzeugtasche-top-10-r\/","title":{"rendered":"Work Line by GT Werkzeugtasche Top 10 R"},"content":{"rendered":"<p data-start=\"3\" data-end=\"212\"><strong data-start=\"3\" data-end=\"67\" data-is-only-node=\"\">1.Multifunktionale Tasche f\u00fcr Werkzeuge und Notebooks bis 13\u201d.<br \/><\/strong><br data-start=\"67\" data-end=\"70\">Der Hauptbereich ist so konzipiert, dass er einen Laptop, ein Kabeletui und weiteres essentielles Zubeh\u00f6r f\u00fcr den Arbeitstag aufnehmen kann.<\/p>\n<p data-start=\"217\" data-end=\"445\"><strong data-start=\"217\" data-end=\"282\" data-is-only-node=\"\">2.Kompakte und leichte Struktur f\u00fcr uneingeschr\u00e4nkte Mobilit\u00e4t.<br \/><\/strong><br data-start=\"282\" data-end=\"285\">Mit Abmessungen von 400 x 130 x 310 mm und einem Gewicht von nur 1,40 kg ist sie ideal f\u00fcr Techniker, Installateure und Fachkr\u00e4fte, die h\u00e4ufig unterwegs sind.<\/p>\n<p data-start=\"450\" data-end=\"598\"><strong data-start=\"450\" data-end=\"508\" data-is-only-node=\"\">3.Innentasche f\u00fcr Smartphone und pers\u00f6nliche Kleinteile.<br \/><\/strong><br data-start=\"508\" data-end=\"511\">Erm\u00f6glicht es, digitale Alltagsger\u00e4te ordentlich und jederzeit griffbereit zu halten.<\/p>\n<p data-start=\"603\" data-end=\"805\"><strong data-start=\"603\" data-end=\"676\" data-is-only-node=\"\">4.R\u00fcckseitiger Bereich mit elastischen Halterungen und Werkzeugtaschen.<br \/><\/strong><br data-start=\"676\" data-end=\"679\">Die Arbeitswerkzeuge sind sicher und \u00fcbersichtlich verstaut, was Suchzeiten reduziert und die Effizienz im Einsatz steigert.<\/p>\n<p data-start=\"810\" data-end=\"985\"><strong data-start=\"810\" data-end=\"870\" data-is-only-node=\"\">5.Ergonomischer Gummigriff und verstellbarer Schultergurt.<br \/><\/strong><br data-start=\"870\" data-end=\"873\">F\u00fcr einen komfortablen und stabilen Transport konzipiert, bietet sie h\u00f6chsten Tragekomfort bei jeder Bewegung.&lt;br&lt;<\/p>\n<p data-start=\"990\" data-end=\"1232\" data-is-last-node=\"\"><strong data-start=\"990\" data-end=\"1044\" data-is-only-node=\"\">6.Technisches, elegantes und professionelles Design.<br \/><\/strong><br data-start=\"1044\" data-end=\"1047\">Der schlichte und funktionale Stil der <strong data-start=\"1086\" data-end=\"1098\">TOP 10 R<\/strong> macht sie sowohl f\u00fcr technische Arbeitsumgebungen als auch f\u00fcr formellere Kontexte geeignet \u2013 ohne auf Praktikabilit\u00e4t zu verzichten.<\/p>\n","protected":false},"excerpt":{"rendered":"<p>Die <strong data-start=\"4\" data-end=\"16\">TOP 10 R<\/strong> ist eine <strong data-start=\"26\" data-end=\"89\">kompakte und multifunktionale professionelle Werkzeugtasche<\/strong>, entwickelt f\u00fcr <strong data-start=\"106\" data-end=\"127\">moderne Techniker<\/strong>, die ihre Werkzeuge, elektronischen Ger\u00e4te und Zubeh\u00f6r <strong data-start=\"183\" data-end=\"206\">geordnet und sicher<\/strong> transportieren m\u00f6chten.<br \/><br data-start=\"230\" data-end=\"233\">Ideal sowohl als <strong data-start=\"250\" data-end=\"268\">Werkzeugtasche<\/strong> als auch als <strong data-start=\"282\" data-end=\"318\">Laptoptasche f\u00fcr Ger\u00e4te bis 13\u2019\u2019<\/strong>, ist sie mit einem <strong data-start=\"338\" data-end=\"368\">verstellbaren Schultergurt<\/strong>, einem <strong data-start=\"376\" data-end=\"404\">griffigen Gummihandgriff<\/strong> sowie <strong data-start=\"411\" data-end=\"463\">Innenf\u00e4chern f\u00fcr Smartphone, Kabel und Werkzeuge<\/strong>ausgestattet.<br \/><br data-start=\"477\" data-end=\"480\">Der <strong data-start=\"484\" data-end=\"531\">R\u00fcckbereich mit elastischen Werkzeughaltern<\/strong> erm\u00f6glicht eine <strong data-start=\"548\" data-end=\"573\">optimale Organisation<\/strong> auch in dynamischen Arbeitsumgebungen.<br \/><br data-start=\"612\" data-end=\"615\"><strong data-start=\"615\" data-end=\"645\">Leicht, elegant und robust<\/strong>, l\u00e4sst sie sich perfekt mit den <strong data-start=\"678\" data-end=\"747\">professionellen Koffern, Arbeitsrucks\u00e4cken oder Werkzeug-Trolleys<\/strong> der <strong data-start=\"752\" data-end=\"769\">GT Line Serie<\/strong> kombinieren.<\/p>\n","protected":false},"featured_media":10903,"comment_status":"open","ping_status":"closed","template":"","meta":{"_acf_changed":false},"product_brand":[],"product_cat":[230],"product_tag":[],"class_list":{"0":"post-16947","1":"product","2":"type-product","3":"status-publish","4":"has-post-thumbnail","6":"product_cat-linea-top","7":"pa_anwendungen-koffer-und-taschen-fur-betreuer","8":"pa_anwendungen-koffer-und-taschen-fur-elektriker","9":"pa_anwendungen-koffer-und-taschen-fur-installateure","10":"pa_anwendungen-koffer-und-taschen-fur-servicetechniker","11":"pa_produkttyp-werkzeugtaschen-und-rucksacke","13":"first","14":"instock","15":"shipping-taxable","16":"purchasable","17":"product-type-simple"},"acf":[],"yoast_head":"<!-- This site is optimized with the Yoast SEO plugin v25.4 - https:\/\/yoast.com\/wordpress\/plugins\/seo\/ -->\n<title>Work Line by GT Werkzeugtasche Top 10 R - Gt Line DE<\/title>\n<meta name=\"robots\" content=\"index, follow, max-snippet:-1, max-image-preview:large, max-video-preview:-1\" \/>\n<link rel=\"canonical\" href=\"https:\/\/www.gtline.com\/de\/products\/work-line-by-gt-werkzeugtasche-top-10-r\/\" \/>\n<meta property=\"og:locale\" content=\"de_DE\" \/>\n<meta property=\"og:type\" content=\"article\" \/>\n<meta property=\"og:title\" content=\"Work Line by GT Werkzeugtasche Top 10 R - Gt Line DE\" \/>\n<meta property=\"og:description\" content=\"Die TOP 10 R ist eine kompakte und multifunktionale professionelle Werkzeugtasche, entwickelt f\u00fcr moderne Techniker, die ihre Werkzeuge, elektronischen Ger\u00e4te und Zubeh\u00f6r geordnet und sicher transportieren m\u00f6chten.Ideal sowohl als Werkzeugtasche als auch als Laptoptasche f\u00fcr Ger\u00e4te bis 13\u2019\u2019, ist sie mit einem verstellbaren Schultergurt, einem griffigen Gummihandgriff sowie Innenf\u00e4chern f\u00fcr Smartphone, Kabel und Werkzeugeausgestattet.Der R\u00fcckbereich mit elastischen Werkzeughaltern erm\u00f6glicht eine optimale Organisation auch in dynamischen Arbeitsumgebungen.Leicht, elegant und robust, l\u00e4sst sie sich perfekt mit den professionellen Koffern, Arbeitsrucks\u00e4cken oder Werkzeug-Trolleys der GT Line Serie kombinieren.\" \/>\n<meta property=\"og:url\" content=\"https:\/\/www.gtline.com\/de\/products\/work-line-by-gt-werkzeugtasche-top-10-r\/\" \/>\n<meta property=\"og:site_name\" content=\"Gt Line DE\" \/>\n<meta property=\"article:publisher\" content=\"https:\/\/www.facebook.com\/gtlinesrl?locale=it_IT\" \/>\n<meta property=\"article:modified_time\" content=\"2026-04-17T02:09:47+00:00\" \/>\n<meta property=\"og:image\" content=\"https:\/\/www.gtline.com\/de\/wp-content\/uploads\/sites\/5\/2025\/05\/TOP-10-R_ALL_02_9042.jpg\" \/>\n\t<meta property=\"og:image:width\" content=\"500\" \/>\n\t<meta property=\"og:image:height\" content=\"500\" \/>\n\t<meta property=\"og:image:type\" content=\"image\/jpeg\" \/>\n<meta name=\"twitter:card\" content=\"summary_large_image\" \/>\n<meta name=\"twitter:label1\" content=\"Gesch\u00e4tzte Lesezeit\" \/>\n\t<meta name=\"twitter:data1\" content=\"1\u00a0Minute\" \/>\n<script type=\"application\/ld+json\" class=\"yoast-schema-graph\">{\"@context\":\"https:\/\/schema.org\",\"@graph\":[{\"@type\":\"WebPage\",\"@id\":\"https:\/\/www.gtline.com\/de\/products\/work-line-by-gt-werkzeugtasche-top-10-r\/\",\"url\":\"https:\/\/www.gtline.com\/de\/products\/work-line-by-gt-werkzeugtasche-top-10-r\/\",\"name\":\"Work Line by GT Werkzeugtasche Top 10 R - Gt Line DE\",\"isPartOf\":{\"@id\":\"https:\/\/www.gtline.com\/de\/#website\"},\"primaryImageOfPage\":{\"@id\":\"https:\/\/www.gtline.com\/de\/products\/work-line-by-gt-werkzeugtasche-top-10-r\/#primaryimage\"},\"image\":{\"@id\":\"https:\/\/www.gtline.com\/de\/products\/work-line-by-gt-werkzeugtasche-top-10-r\/#primaryimage\"},\"thumbnailUrl\":\"https:\/\/www.gtline.com\/de\/wp-content\/uploads\/sites\/5\/2025\/05\/TOP-10-R_ALL_02_9042.jpg\",\"datePublished\":\"2025-07-30T10:21:49+00:00\",\"dateModified\":\"2026-04-17T02:09:47+00:00\",\"breadcrumb\":{\"@id\":\"https:\/\/www.gtline.com\/de\/products\/work-line-by-gt-werkzeugtasche-top-10-r\/#breadcrumb\"},\"inLanguage\":\"de\",\"potentialAction\":[{\"@type\":\"ReadAction\",\"target\":[\"https:\/\/www.gtline.com\/de\/products\/work-line-by-gt-werkzeugtasche-top-10-r\/\"]}]},{\"@type\":\"ImageObject\",\"inLanguage\":\"de\",\"@id\":\"https:\/\/www.gtline.com\/de\/products\/work-line-by-gt-werkzeugtasche-top-10-r\/#primaryimage\",\"url\":\"https:\/\/www.gtline.com\/de\/wp-content\/uploads\/sites\/5\/2025\/05\/TOP-10-R_ALL_02_9042.jpg\",\"contentUrl\":\"https:\/\/www.gtline.com\/de\/wp-content\/uploads\/sites\/5\/2025\/05\/TOP-10-R_ALL_02_9042.jpg\",\"width\":500,\"height\":500},{\"@type\":\"BreadcrumbList\",\"@id\":\"https:\/\/www.gtline.com\/de\/products\/work-line-by-gt-werkzeugtasche-top-10-r\/#breadcrumb\",\"itemListElement\":[{\"@type\":\"ListItem\",\"position\":1,\"name\":\"Home\",\"item\":\"https:\/\/www.gtline.com\/de\/\"},{\"@type\":\"ListItem\",\"position\":2,\"name\":\"Shop\",\"item\":\"https:\/\/www.gtline.com\/de\/negozio\/\"},{\"@type\":\"ListItem\",\"position\":3,\"name\":\"Work Line by GT Werkzeugtasche Top 10 R\"}]},{\"@type\":\"WebSite\",\"@id\":\"https:\/\/www.gtline.com\/de\/#website\",\"url\":\"https:\/\/www.gtline.com\/de\/\",\"name\":\"Gt Line\",\"description\":\"\",\"publisher\":{\"@id\":\"https:\/\/www.gtline.com\/de\/#organization\"},\"potentialAction\":[{\"@type\":\"SearchAction\",\"target\":{\"@type\":\"EntryPoint\",\"urlTemplate\":\"https:\/\/www.gtline.com\/de\/?s={search_term_string}\"},\"query-input\":{\"@type\":\"PropertyValueSpecification\",\"valueRequired\":true,\"valueName\":\"search_term_string\"}}],\"inLanguage\":\"de\"},{\"@type\":\"Organization\",\"@id\":\"https:\/\/www.gtline.com\/de\/#organization\",\"name\":\"Gt Line\",\"url\":\"https:\/\/www.gtline.com\/de\/\",\"logo\":{\"@type\":\"ImageObject\",\"inLanguage\":\"de\",\"@id\":\"https:\/\/www.gtline.com\/de\/#\/schema\/logo\/image\/\",\"url\":\"https:\/\/www.gtline.com\/de\/wp-content\/uploads\/sites\/5\/2025\/02\/logo.png\",\"contentUrl\":\"https:\/\/www.gtline.com\/de\/wp-content\/uploads\/sites\/5\/2025\/02\/logo.png\",\"width\":228,\"height\":146,\"caption\":\"Gt Line\"},\"image\":{\"@id\":\"https:\/\/www.gtline.com\/de\/#\/schema\/logo\/image\/\"},\"sameAs\":[\"https:\/\/www.facebook.com\/gtlinesrl?locale=it_IT\",\"https:\/\/www.instagram.com\/gt_line_srl\/\",\"https:\/\/www.youtube.com\/channel\/UCDvpkFqswNJOVFz64PkYRQQ\",\"https:\/\/www.linkedin.com\/company\/gt-line-srl\/\"]}]}<\/script>\n<!-- \/ Yoast SEO plugin. -->","yoast_head_json":{"title":"Work Line by GT Werkzeugtasche Top 10 R - Gt Line DE","robots":{"index":"index","follow":"follow","max-snippet":"max-snippet:-1","max-image-preview":"max-image-preview:large","max-video-preview":"max-video-preview:-1"},"canonical":"https:\/\/www.gtline.com\/de\/products\/work-line-by-gt-werkzeugtasche-top-10-r\/","og_locale":"de_DE","og_type":"article","og_title":"Work Line by GT Werkzeugtasche Top 10 R - Gt Line DE","og_description":"Die TOP 10 R ist eine kompakte und multifunktionale professionelle Werkzeugtasche, entwickelt f\u00fcr moderne Techniker, die ihre Werkzeuge, elektronischen Ger\u00e4te und Zubeh\u00f6r geordnet und sicher transportieren m\u00f6chten.Ideal sowohl als Werkzeugtasche als auch als Laptoptasche f\u00fcr Ger\u00e4te bis 13\u2019\u2019, ist sie mit einem verstellbaren Schultergurt, einem griffigen Gummihandgriff sowie Innenf\u00e4chern f\u00fcr Smartphone, Kabel und Werkzeugeausgestattet.Der R\u00fcckbereich mit elastischen Werkzeughaltern erm\u00f6glicht eine optimale Organisation auch in dynamischen Arbeitsumgebungen.Leicht, elegant und robust, l\u00e4sst sie sich perfekt mit den professionellen Koffern, Arbeitsrucks\u00e4cken oder Werkzeug-Trolleys der GT Line Serie kombinieren.","og_url":"https:\/\/www.gtline.com\/de\/products\/work-line-by-gt-werkzeugtasche-top-10-r\/","og_site_name":"Gt Line DE","article_publisher":"https:\/\/www.facebook.com\/gtlinesrl?locale=it_IT","article_modified_time":"2026-04-17T02:09:47+00:00","og_image":[{"width":500,"height":500,"url":"https:\/\/www.gtline.com\/de\/wp-content\/uploads\/sites\/5\/2025\/05\/TOP-10-R_ALL_02_9042.jpg","type":"image\/jpeg"}],"twitter_card":"summary_large_image","twitter_misc":{"Gesch\u00e4tzte Lesezeit":"1\u00a0Minute"},"schema":{"@context":"https:\/\/schema.org","@graph":[{"@type":"WebPage","@id":"https:\/\/www.gtline.com\/de\/products\/work-line-by-gt-werkzeugtasche-top-10-r\/","url":"https:\/\/www.gtline.com\/de\/products\/work-line-by-gt-werkzeugtasche-top-10-r\/","name":"Work Line by GT Werkzeugtasche Top 10 R - Gt Line DE","isPartOf":{"@id":"https:\/\/www.gtline.com\/de\/#website"},"primaryImageOfPage":{"@id":"https:\/\/www.gtline.com\/de\/products\/work-line-by-gt-werkzeugtasche-top-10-r\/#primaryimage"},"image":{"@id":"https:\/\/www.gtline.com\/de\/products\/work-line-by-gt-werkzeugtasche-top-10-r\/#primaryimage"},"thumbnailUrl":"https:\/\/www.gtline.com\/de\/wp-content\/uploads\/sites\/5\/2025\/05\/TOP-10-R_ALL_02_9042.jpg","datePublished":"2025-07-30T10:21:49+00:00","dateModified":"2026-04-17T02:09:47+00:00","breadcrumb":{"@id":"https:\/\/www.gtline.com\/de\/products\/work-line-by-gt-werkzeugtasche-top-10-r\/#breadcrumb"},"inLanguage":"de","potentialAction":[{"@type":"ReadAction","target":["https:\/\/www.gtline.com\/de\/products\/work-line-by-gt-werkzeugtasche-top-10-r\/"]}]},{"@type":"ImageObject","inLanguage":"de","@id":"https:\/\/www.gtline.com\/de\/products\/work-line-by-gt-werkzeugtasche-top-10-r\/#primaryimage","url":"https:\/\/www.gtline.com\/de\/wp-content\/uploads\/sites\/5\/2025\/05\/TOP-10-R_ALL_02_9042.jpg","contentUrl":"https:\/\/www.gtline.com\/de\/wp-content\/uploads\/sites\/5\/2025\/05\/TOP-10-R_ALL_02_9042.jpg","width":500,"height":500},{"@type":"BreadcrumbList","@id":"https:\/\/www.gtline.com\/de\/products\/work-line-by-gt-werkzeugtasche-top-10-r\/#breadcrumb","itemListElement":[{"@type":"ListItem","position":1,"name":"Home","item":"https:\/\/www.gtline.com\/de\/"},{"@type":"ListItem","position":2,"name":"Shop","item":"https:\/\/www.gtline.com\/de\/negozio\/"},{"@type":"ListItem","position":3,"name":"Work Line by GT Werkzeugtasche Top 10 R"}]},{"@type":"WebSite","@id":"https:\/\/www.gtline.com\/de\/#website","url":"https:\/\/www.gtline.com\/de\/","name":"Gt Line","description":"","publisher":{"@id":"https:\/\/www.gtline.com\/de\/#organization"},"potentialAction":[{"@type":"SearchAction","target":{"@type":"EntryPoint","urlTemplate":"https:\/\/www.gtline.com\/de\/?s={search_term_string}"},"query-input":{"@type":"PropertyValueSpecification","valueRequired":true,"valueName":"search_term_string"}}],"inLanguage":"de"},{"@type":"Organization","@id":"https:\/\/www.gtline.com\/de\/#organization","name":"Gt Line","url":"https:\/\/www.gtline.com\/de\/","logo":{"@type":"ImageObject","inLanguage":"de","@id":"https:\/\/www.gtline.com\/de\/#\/schema\/logo\/image\/","url":"https:\/\/www.gtline.com\/de\/wp-content\/uploads\/sites\/5\/2025\/02\/logo.png","contentUrl":"https:\/\/www.gtline.com\/de\/wp-content\/uploads\/sites\/5\/2025\/02\/logo.png","width":228,"height":146,"caption":"Gt Line"},"image":{"@id":"https:\/\/www.gtline.com\/de\/#\/schema\/logo\/image\/"},"sameAs":["https:\/\/www.facebook.com\/gtlinesrl?locale=it_IT","https:\/\/www.instagram.com\/gt_line_srl\/","https:\/\/www.youtube.com\/channel\/UCDvpkFqswNJOVFz64PkYRQQ","https:\/\/www.linkedin.com\/company\/gt-line-srl\/"]}]}},"_links":{"self":[{"href":"https:\/\/www.gtline.com\/de\/wp-json\/wp\/v2\/product\/16947","targetHints":{"allow":["GET"]}}],"collection":[{"href":"https:\/\/www.gtline.com\/de\/wp-json\/wp\/v2\/product"}],"about":[{"href":"https:\/\/www.gtline.com\/de\/wp-json\/wp\/v2\/types\/product"}],"replies":[{"embeddable":true,"href":"https:\/\/www.gtline.com\/de\/wp-json\/wp\/v2\/comments?post=16947"}],"version-history":[{"count":2,"href":"https:\/\/www.gtline.com\/de\/wp-json\/wp\/v2\/product\/16947\/revisions"}],"predecessor-version":[{"id":22334,"href":"https:\/\/www.gtline.com\/de\/wp-json\/wp\/v2\/product\/16947\/revisions\/22334"}],"wp:featuredmedia":[{"embeddable":true,"href":"https:\/\/www.gtline.com\/de\/wp-json\/wp\/v2\/media\/10903"}],"wp:attachment":[{"href":"https:\/\/www.gtline.com\/de\/wp-json\/wp\/v2\/media?parent=16947"}],"wp:term":[{"taxonomy":"product_brand","embeddable":true,"href":"https:\/\/www.gtline.com\/de\/wp-json\/wp\/v2\/product_brand?post=16947"},{"taxonomy":"product_cat","embeddable":true,"href":"https:\/\/www.gtline.com\/de\/wp-json\/wp\/v2\/product_cat?post=16947"},{"taxonomy":"product_tag","embeddable":true,"href":"https:\/\/www.gtline.com\/de\/wp-json\/wp\/v2\/product_tag?post=16947"}],"curies":[{"name":"wp","href":"https:\/\/api.w.org\/{rel}","templated":true}]}}