{"id":16949,"date":"2025-07-30T10:21:53","date_gmt":"2025-07-30T10:21:53","guid":{"rendered":"https:\/\/www.gtline.com\/de\/prodotto\/work-line-by-gt-werkzeugtasche-top-08-l-r\/"},"modified":"2026-04-17T02:09:51","modified_gmt":"2026-04-17T02:09:51","slug":"work-line-by-gt-werkzeugtasche-top-08-l-r","status":"publish","type":"product","link":"https:\/\/www.gtline.com\/de\/products\/work-line-by-gt-werkzeugtasche-top-08-l-r\/","title":{"rendered":"Work Line by GT Werkzeugtasche Top 08 L R"},"content":{"rendered":"<p data-start=\"3\" data-end=\"299\"><strong data-start=\"3\" data-end=\"84\" data-is-only-node=\"\">1.Herausnehmbare Schreibmappen-Einlage f\u00fcr eine geordnete Dokumentenverwaltung.<\/strong><br \/><br data-start=\"84\" data-end=\"87\">Ideal f\u00fcr Besprechungen, Inspektionen oder Eins\u00e4tze, bei denen Unterlagen ausgef\u00fcllt und abgelegt werden m\u00fcssen \u2013 sie vereint die Praktikabilit\u00e4t einer technischen Tasche mit der Funktionalit\u00e4t einer B\u00fcromappe.<\/p>\n<p data-start=\"304\" data-end=\"540\"><strong data-start=\"304\" data-end=\"364\" data-is-only-node=\"\">2.Innentaschen f\u00fcr Werkzeuge zur effizienten Organisation.<br \/><\/strong><br data-start=\"364\" data-end=\"367\">Die Werkzeuge sind in speziellen, gesch\u00fctzten und leicht zug\u00e4nglichen F\u00e4chern untergebracht, was eine strukturierte und sichere Aufbewahrung w\u00e4hrend der Arbeit erm\u00f6glicht.<\/p>\n<p data-start=\"545\" data-end=\"728\"><strong data-start=\"545\" data-end=\"587\" data-is-only-node=\"\">3.Au\u00dfentasche f\u00fcr Dokumente und Zubeh\u00f6r.<br \/><\/strong><br data-start=\"587\" data-end=\"590\">Perfekt zum Verstauen von technischen Datenbl\u00e4ttern, Handb\u00fcchern oder Einsatzformularen, die stets griffbereit bleiben \u2013 auch unterwegs.<\/p>\n<p data-start=\"733\" data-end=\"984\"><strong data-start=\"733\" data-end=\"789\" data-is-only-node=\"\">4.Schlankes und kompaktes Design f\u00fcr flexible Nutzung.<br \/><\/strong><br data-start=\"789\" data-end=\"792\">Mit Abmessungen von 420 x 60 x 300 mm und einem Gewicht von 1,30 kg ist sie ideal f\u00fcr enge Arbeitsbereiche, h\u00e4ufige Transporte oder zum Einlegen in einen Arbeitsrucksack oder Werkzeugkoffer.<\/p>\n<p data-start=\"989\" data-end=\"1228\"><strong data-start=\"989\" data-end=\"1040\" data-is-only-node=\"\">5.Professionelles Design f\u00fcr jedes Arbeitsumfeld.<br \/><\/strong><br data-start=\"1040\" data-end=\"1043\">Das klare und elegante Erscheinungsbild macht die <strong data-start=\"1093\" data-end=\"1107\">TOP 08 L R<\/strong> perfekt f\u00fcr technische, industrielle und auch formelle Umgebungen \u2013 mit einem gepflegten und professionellen Auftritt.<\/p>\n<p data-start=\"1233\" data-end=\"1492\" data-is-last-node=\"\"><strong data-start=\"1233\" data-end=\"1304\" data-is-only-node=\"\">6.Vielseitig einsetzbar und kompatibel mit anderen GT Line Produkten.<br \/><\/strong><br data-start=\"1304\" data-end=\"1307\">Kann einzeln verwendet oder als Erg\u00e4nzung zu einer <strong data-start=\"1358\" data-end=\"1376\">Werkzeugtasche<\/strong>, einem <strong data-start=\"1384\" data-end=\"1404\">Werkzeugrucksack<\/strong> oder <strong data-start=\"1410\" data-end=\"1428\">Werkzeugkoffer<\/strong>kombiniert werden \u2013 f\u00fcr eine komplette und modulare Ausr\u00fcstung.<\/p>\n","protected":false},"excerpt":{"rendered":"<p>Die <strong data-start=\"4\" data-end=\"18\">TOP 08 L R<\/strong> ist eine <strong data-start=\"28\" data-end=\"83\">elegante und kompakte professionelle Werkzeugtasche<\/strong>, entwickelt f\u00fcr alle, die <strong data-start=\"110\" data-end=\"168\">Werkzeuge und Dokumente geordnet, sicher und praktisch<\/strong> transportieren m\u00fcssen.<br \/><br data-start=\"191\" data-end=\"194\">Dank der <strong data-start=\"203\" data-end=\"244\">herausnehmbaren Schreibmappen-Einlage<\/strong>, der <strong data-start=\"250\" data-end=\"277\">inneren Werkzeugtaschen<\/strong> und der <strong data-start=\"286\" data-end=\"314\">\u00e4u\u00dferen Dokumententasche<\/strong> ist diese <strong data-start=\"325\" data-end=\"342\">Arbeitstasche<\/strong> ideal f\u00fcr <strong data-start=\"353\" data-end=\"397\">Techniker, Inspektoren und Installateure<\/strong>, die in Umgebungen arbeiten, in denen <strong data-start=\"436\" data-end=\"482\">Organisation und professionelles Auftreten<\/strong> entscheidend sind.<br \/><br data-start=\"501\" data-end=\"504\"><strong data-start=\"504\" data-end=\"527\">Leicht, aber robust<\/strong>, l\u00e4sst sie sich perfekt mit einem <strong data-start=\"562\" data-end=\"626\">Werkzeugkoffer, professionellen Rucksack oder Arbeitstrolley<\/strong>kombinieren.<\/p>\n","protected":false},"featured_media":8830,"comment_status":"open","ping_status":"closed","template":"","meta":{"_acf_changed":false},"product_brand":[],"product_cat":[230],"product_tag":[],"class_list":{"0":"post-16949","1":"product","2":"type-product","3":"status-publish","4":"has-post-thumbnail","6":"product_cat-linea-top","7":"pa_anwendungen-koffer-und-taschen-fur-betreuer","8":"pa_anwendungen-koffer-und-taschen-fur-elektriker","9":"pa_anwendungen-koffer-und-taschen-fur-installateure","10":"pa_anwendungen-koffer-und-taschen-fur-servicetechniker","11":"pa_produkttyp-werkzeugtaschen-und-rucksacke","13":"first","14":"instock","15":"shipping-taxable","16":"purchasable","17":"product-type-simple"},"acf":[],"yoast_head":"<!-- This site is optimized with the Yoast SEO plugin v25.4 - https:\/\/yoast.com\/wordpress\/plugins\/seo\/ -->\n<title>Work Line by GT Werkzeugtasche Top 08 L R - Gt Line DE<\/title>\n<meta name=\"robots\" content=\"index, follow, max-snippet:-1, max-image-preview:large, max-video-preview:-1\" \/>\n<link rel=\"canonical\" href=\"https:\/\/www.gtline.com\/de\/products\/work-line-by-gt-werkzeugtasche-top-08-l-r\/\" \/>\n<meta property=\"og:locale\" content=\"de_DE\" \/>\n<meta property=\"og:type\" content=\"article\" \/>\n<meta property=\"og:title\" content=\"Work Line by GT Werkzeugtasche Top 08 L R - Gt Line DE\" \/>\n<meta property=\"og:description\" content=\"Die TOP 08 L R ist eine elegante und kompakte professionelle Werkzeugtasche, entwickelt f\u00fcr alle, die Werkzeuge und Dokumente geordnet, sicher und praktisch transportieren m\u00fcssen.Dank der herausnehmbaren Schreibmappen-Einlage, der inneren Werkzeugtaschen und der \u00e4u\u00dferen Dokumententasche ist diese Arbeitstasche ideal f\u00fcr Techniker, Inspektoren und Installateure, die in Umgebungen arbeiten, in denen Organisation und professionelles Auftreten entscheidend sind.Leicht, aber robust, l\u00e4sst sie sich perfekt mit einem Werkzeugkoffer, professionellen Rucksack oder Arbeitstrolleykombinieren.\" \/>\n<meta property=\"og:url\" content=\"https:\/\/www.gtline.com\/de\/products\/work-line-by-gt-werkzeugtasche-top-08-l-r\/\" \/>\n<meta property=\"og:site_name\" content=\"Gt Line DE\" \/>\n<meta property=\"article:publisher\" content=\"https:\/\/www.facebook.com\/gtlinesrl?locale=it_IT\" \/>\n<meta property=\"article:modified_time\" content=\"2026-04-17T02:09:51+00:00\" \/>\n<meta property=\"og:image\" content=\"https:\/\/www.gtline.com\/de\/wp-content\/uploads\/sites\/5\/2025\/05\/TOP-08-L-R_ALL_01_9043.jpg\" \/>\n\t<meta property=\"og:image:width\" content=\"500\" \/>\n\t<meta property=\"og:image:height\" content=\"500\" \/>\n\t<meta property=\"og:image:type\" content=\"image\/jpeg\" \/>\n<meta name=\"twitter:card\" content=\"summary_large_image\" \/>\n<meta name=\"twitter:label1\" content=\"Gesch\u00e4tzte Lesezeit\" \/>\n\t<meta name=\"twitter:data1\" content=\"1\u00a0Minute\" \/>\n<script type=\"application\/ld+json\" class=\"yoast-schema-graph\">{\"@context\":\"https:\/\/schema.org\",\"@graph\":[{\"@type\":\"WebPage\",\"@id\":\"https:\/\/www.gtline.com\/de\/products\/work-line-by-gt-werkzeugtasche-top-08-l-r\/\",\"url\":\"https:\/\/www.gtline.com\/de\/products\/work-line-by-gt-werkzeugtasche-top-08-l-r\/\",\"name\":\"Work Line by GT Werkzeugtasche Top 08 L R - Gt Line DE\",\"isPartOf\":{\"@id\":\"https:\/\/www.gtline.com\/de\/#website\"},\"primaryImageOfPage\":{\"@id\":\"https:\/\/www.gtline.com\/de\/products\/work-line-by-gt-werkzeugtasche-top-08-l-r\/#primaryimage\"},\"image\":{\"@id\":\"https:\/\/www.gtline.com\/de\/products\/work-line-by-gt-werkzeugtasche-top-08-l-r\/#primaryimage\"},\"thumbnailUrl\":\"https:\/\/www.gtline.com\/de\/wp-content\/uploads\/sites\/5\/2025\/05\/TOP-08-L-R_ALL_01_9043.jpg\",\"datePublished\":\"2025-07-30T10:21:53+00:00\",\"dateModified\":\"2026-04-17T02:09:51+00:00\",\"breadcrumb\":{\"@id\":\"https:\/\/www.gtline.com\/de\/products\/work-line-by-gt-werkzeugtasche-top-08-l-r\/#breadcrumb\"},\"inLanguage\":\"de\",\"potentialAction\":[{\"@type\":\"ReadAction\",\"target\":[\"https:\/\/www.gtline.com\/de\/products\/work-line-by-gt-werkzeugtasche-top-08-l-r\/\"]}]},{\"@type\":\"ImageObject\",\"inLanguage\":\"de\",\"@id\":\"https:\/\/www.gtline.com\/de\/products\/work-line-by-gt-werkzeugtasche-top-08-l-r\/#primaryimage\",\"url\":\"https:\/\/www.gtline.com\/de\/wp-content\/uploads\/sites\/5\/2025\/05\/TOP-08-L-R_ALL_01_9043.jpg\",\"contentUrl\":\"https:\/\/www.gtline.com\/de\/wp-content\/uploads\/sites\/5\/2025\/05\/TOP-08-L-R_ALL_01_9043.jpg\",\"width\":500,\"height\":500},{\"@type\":\"BreadcrumbList\",\"@id\":\"https:\/\/www.gtline.com\/de\/products\/work-line-by-gt-werkzeugtasche-top-08-l-r\/#breadcrumb\",\"itemListElement\":[{\"@type\":\"ListItem\",\"position\":1,\"name\":\"Home\",\"item\":\"https:\/\/www.gtline.com\/de\/\"},{\"@type\":\"ListItem\",\"position\":2,\"name\":\"Shop\",\"item\":\"https:\/\/www.gtline.com\/de\/negozio\/\"},{\"@type\":\"ListItem\",\"position\":3,\"name\":\"Work Line by GT Werkzeugtasche Top 08 L R\"}]},{\"@type\":\"WebSite\",\"@id\":\"https:\/\/www.gtline.com\/de\/#website\",\"url\":\"https:\/\/www.gtline.com\/de\/\",\"name\":\"Gt Line\",\"description\":\"\",\"publisher\":{\"@id\":\"https:\/\/www.gtline.com\/de\/#organization\"},\"potentialAction\":[{\"@type\":\"SearchAction\",\"target\":{\"@type\":\"EntryPoint\",\"urlTemplate\":\"https:\/\/www.gtline.com\/de\/?s={search_term_string}\"},\"query-input\":{\"@type\":\"PropertyValueSpecification\",\"valueRequired\":true,\"valueName\":\"search_term_string\"}}],\"inLanguage\":\"de\"},{\"@type\":\"Organization\",\"@id\":\"https:\/\/www.gtline.com\/de\/#organization\",\"name\":\"Gt Line\",\"url\":\"https:\/\/www.gtline.com\/de\/\",\"logo\":{\"@type\":\"ImageObject\",\"inLanguage\":\"de\",\"@id\":\"https:\/\/www.gtline.com\/de\/#\/schema\/logo\/image\/\",\"url\":\"https:\/\/www.gtline.com\/de\/wp-content\/uploads\/sites\/5\/2025\/02\/logo.png\",\"contentUrl\":\"https:\/\/www.gtline.com\/de\/wp-content\/uploads\/sites\/5\/2025\/02\/logo.png\",\"width\":228,\"height\":146,\"caption\":\"Gt Line\"},\"image\":{\"@id\":\"https:\/\/www.gtline.com\/de\/#\/schema\/logo\/image\/\"},\"sameAs\":[\"https:\/\/www.facebook.com\/gtlinesrl?locale=it_IT\",\"https:\/\/www.instagram.com\/gt_line_srl\/\",\"https:\/\/www.youtube.com\/channel\/UCDvpkFqswNJOVFz64PkYRQQ\",\"https:\/\/www.linkedin.com\/company\/gt-line-srl\/\"]}]}<\/script>\n<!-- \/ Yoast SEO plugin. -->","yoast_head_json":{"title":"Work Line by GT Werkzeugtasche Top 08 L R - Gt Line DE","robots":{"index":"index","follow":"follow","max-snippet":"max-snippet:-1","max-image-preview":"max-image-preview:large","max-video-preview":"max-video-preview:-1"},"canonical":"https:\/\/www.gtline.com\/de\/products\/work-line-by-gt-werkzeugtasche-top-08-l-r\/","og_locale":"de_DE","og_type":"article","og_title":"Work Line by GT Werkzeugtasche Top 08 L R - Gt Line DE","og_description":"Die TOP 08 L R ist eine elegante und kompakte professionelle Werkzeugtasche, entwickelt f\u00fcr alle, die Werkzeuge und Dokumente geordnet, sicher und praktisch transportieren m\u00fcssen.Dank der herausnehmbaren Schreibmappen-Einlage, der inneren Werkzeugtaschen und der \u00e4u\u00dferen Dokumententasche ist diese Arbeitstasche ideal f\u00fcr Techniker, Inspektoren und Installateure, die in Umgebungen arbeiten, in denen Organisation und professionelles Auftreten entscheidend sind.Leicht, aber robust, l\u00e4sst sie sich perfekt mit einem Werkzeugkoffer, professionellen Rucksack oder Arbeitstrolleykombinieren.","og_url":"https:\/\/www.gtline.com\/de\/products\/work-line-by-gt-werkzeugtasche-top-08-l-r\/","og_site_name":"Gt Line DE","article_publisher":"https:\/\/www.facebook.com\/gtlinesrl?locale=it_IT","article_modified_time":"2026-04-17T02:09:51+00:00","og_image":[{"width":500,"height":500,"url":"https:\/\/www.gtline.com\/de\/wp-content\/uploads\/sites\/5\/2025\/05\/TOP-08-L-R_ALL_01_9043.jpg","type":"image\/jpeg"}],"twitter_card":"summary_large_image","twitter_misc":{"Gesch\u00e4tzte Lesezeit":"1\u00a0Minute"},"schema":{"@context":"https:\/\/schema.org","@graph":[{"@type":"WebPage","@id":"https:\/\/www.gtline.com\/de\/products\/work-line-by-gt-werkzeugtasche-top-08-l-r\/","url":"https:\/\/www.gtline.com\/de\/products\/work-line-by-gt-werkzeugtasche-top-08-l-r\/","name":"Work Line by GT Werkzeugtasche Top 08 L R - Gt Line DE","isPartOf":{"@id":"https:\/\/www.gtline.com\/de\/#website"},"primaryImageOfPage":{"@id":"https:\/\/www.gtline.com\/de\/products\/work-line-by-gt-werkzeugtasche-top-08-l-r\/#primaryimage"},"image":{"@id":"https:\/\/www.gtline.com\/de\/products\/work-line-by-gt-werkzeugtasche-top-08-l-r\/#primaryimage"},"thumbnailUrl":"https:\/\/www.gtline.com\/de\/wp-content\/uploads\/sites\/5\/2025\/05\/TOP-08-L-R_ALL_01_9043.jpg","datePublished":"2025-07-30T10:21:53+00:00","dateModified":"2026-04-17T02:09:51+00:00","breadcrumb":{"@id":"https:\/\/www.gtline.com\/de\/products\/work-line-by-gt-werkzeugtasche-top-08-l-r\/#breadcrumb"},"inLanguage":"de","potentialAction":[{"@type":"ReadAction","target":["https:\/\/www.gtline.com\/de\/products\/work-line-by-gt-werkzeugtasche-top-08-l-r\/"]}]},{"@type":"ImageObject","inLanguage":"de","@id":"https:\/\/www.gtline.com\/de\/products\/work-line-by-gt-werkzeugtasche-top-08-l-r\/#primaryimage","url":"https:\/\/www.gtline.com\/de\/wp-content\/uploads\/sites\/5\/2025\/05\/TOP-08-L-R_ALL_01_9043.jpg","contentUrl":"https:\/\/www.gtline.com\/de\/wp-content\/uploads\/sites\/5\/2025\/05\/TOP-08-L-R_ALL_01_9043.jpg","width":500,"height":500},{"@type":"BreadcrumbList","@id":"https:\/\/www.gtline.com\/de\/products\/work-line-by-gt-werkzeugtasche-top-08-l-r\/#breadcrumb","itemListElement":[{"@type":"ListItem","position":1,"name":"Home","item":"https:\/\/www.gtline.com\/de\/"},{"@type":"ListItem","position":2,"name":"Shop","item":"https:\/\/www.gtline.com\/de\/negozio\/"},{"@type":"ListItem","position":3,"name":"Work Line by GT Werkzeugtasche Top 08 L R"}]},{"@type":"WebSite","@id":"https:\/\/www.gtline.com\/de\/#website","url":"https:\/\/www.gtline.com\/de\/","name":"Gt Line","description":"","publisher":{"@id":"https:\/\/www.gtline.com\/de\/#organization"},"potentialAction":[{"@type":"SearchAction","target":{"@type":"EntryPoint","urlTemplate":"https:\/\/www.gtline.com\/de\/?s={search_term_string}"},"query-input":{"@type":"PropertyValueSpecification","valueRequired":true,"valueName":"search_term_string"}}],"inLanguage":"de"},{"@type":"Organization","@id":"https:\/\/www.gtline.com\/de\/#organization","name":"Gt Line","url":"https:\/\/www.gtline.com\/de\/","logo":{"@type":"ImageObject","inLanguage":"de","@id":"https:\/\/www.gtline.com\/de\/#\/schema\/logo\/image\/","url":"https:\/\/www.gtline.com\/de\/wp-content\/uploads\/sites\/5\/2025\/02\/logo.png","contentUrl":"https:\/\/www.gtline.com\/de\/wp-content\/uploads\/sites\/5\/2025\/02\/logo.png","width":228,"height":146,"caption":"Gt Line"},"image":{"@id":"https:\/\/www.gtline.com\/de\/#\/schema\/logo\/image\/"},"sameAs":["https:\/\/www.facebook.com\/gtlinesrl?locale=it_IT","https:\/\/www.instagram.com\/gt_line_srl\/","https:\/\/www.youtube.com\/channel\/UCDvpkFqswNJOVFz64PkYRQQ","https:\/\/www.linkedin.com\/company\/gt-line-srl\/"]}]}},"_links":{"self":[{"href":"https:\/\/www.gtline.com\/de\/wp-json\/wp\/v2\/product\/16949","targetHints":{"allow":["GET"]}}],"collection":[{"href":"https:\/\/www.gtline.com\/de\/wp-json\/wp\/v2\/product"}],"about":[{"href":"https:\/\/www.gtline.com\/de\/wp-json\/wp\/v2\/types\/product"}],"replies":[{"embeddable":true,"href":"https:\/\/www.gtline.com\/de\/wp-json\/wp\/v2\/comments?post=16949"}],"version-history":[{"count":2,"href":"https:\/\/www.gtline.com\/de\/wp-json\/wp\/v2\/product\/16949\/revisions"}],"predecessor-version":[{"id":22335,"href":"https:\/\/www.gtline.com\/de\/wp-json\/wp\/v2\/product\/16949\/revisions\/22335"}],"wp:featuredmedia":[{"embeddable":true,"href":"https:\/\/www.gtline.com\/de\/wp-json\/wp\/v2\/media\/8830"}],"wp:attachment":[{"href":"https:\/\/www.gtline.com\/de\/wp-json\/wp\/v2\/media?parent=16949"}],"wp:term":[{"taxonomy":"product_brand","embeddable":true,"href":"https:\/\/www.gtline.com\/de\/wp-json\/wp\/v2\/product_brand?post=16949"},{"taxonomy":"product_cat","embeddable":true,"href":"https:\/\/www.gtline.com\/de\/wp-json\/wp\/v2\/product_cat?post=16949"},{"taxonomy":"product_tag","embeddable":true,"href":"https:\/\/www.gtline.com\/de\/wp-json\/wp\/v2\/product_tag?post=16949"}],"curies":[{"name":"wp","href":"https:\/\/api.w.org\/{rel}","templated":true}]}}