{"id":16951,"date":"2025-07-30T10:21:56","date_gmt":"2025-07-30T10:21:56","guid":{"rendered":"https:\/\/www.gtline.com\/de\/prodotto\/work-line-by-gt-tool-grteltasche-top-bauchtasche-r\/"},"modified":"2026-04-17T02:09:55","modified_gmt":"2026-04-17T02:09:55","slug":"work-line-by-gt-tool-grteltasche-top-bauchtasche-r","status":"publish","type":"product","link":"https:\/\/www.gtline.com\/de\/products\/work-line-by-gt-tool-grteltasche-top-bauchtasche-r\/","title":{"rendered":"Work Line by GT Tool G&uuml;rteltasche Top Bauchtasche R"},"content":{"rendered":"<p data-start=\"3\" data-end=\"234\"><strong data-start=\"3\" data-end=\"55\" data-is-only-node=\"\">1.Kompaktes, leichtes und hochfunktionales Design.<br \/><\/strong><br data-start=\"55\" data-end=\"58\">Mit den Ma\u00dfen <strong data-start=\"75\" data-end=\"97\">320 x 140 x 180 mm<\/strong> und einem Gewicht von nur <strong data-start=\"124\" data-end=\"134\">0,3 kg<\/strong> bietet der <strong data-start=\"146\" data-end=\"162\">Top Bumbag R<\/strong> <strong data-start=\"163\" data-end=\"190\">volle Bewegungsfreiheit<\/strong>, ohne auf <strong data-start=\"201\" data-end=\"217\">Organisation<\/strong> zu verzichten.<\/p>\n<p data-start=\"239\" data-end=\"529\"><strong data-start=\"239\" data-end=\"299\" data-is-only-node=\"\">2.Bequem um die Taille tragbar \u2013 mit verstellbarem G\u00fcrtel.<br \/><\/strong><br data-start=\"299\" data-end=\"302\">Passt sich <strong data-start=\"316\" data-end=\"344\">perfekt jeder K\u00f6rperform<\/strong> an und bleibt auch bei h\u00e4ufigen Bewegungen <strong data-start=\"388\" data-end=\"408\">stabil am K\u00f6rper<\/strong>.<br \/><br data-start=\"409\" data-end=\"412\">Sorgt f\u00fcr einen <strong data-start=\"431\" data-end=\"450\">angenehmen Sitz<\/strong>, selbst bei l\u00e4ngerem Einsatz oder in <strong data-start=\"488\" data-end=\"526\">anspruchsvollen Arbeitsbedingungen<\/strong>.<\/p>\n<p data-start=\"534\" data-end=\"741\"><strong data-start=\"534\" data-end=\"583\" data-is-only-node=\"\">3.Gepolsterte Taschen zum Schutz der Werkzeuge.<br \/><\/strong><br data-start=\"583\" data-end=\"586\">Das <strong data-start=\"593\" data-end=\"606\">Innenfach<\/strong> ist so gestaltet, dass die <strong data-start=\"634\" data-end=\"678\">meistgenutzten Werkzeuge sicher verstaut<\/strong> werden k\u00f6nnen \u2013 <strong data-start=\"695\" data-end=\"728\">Schutz vor St\u00f6\u00dfen und Reibung<\/strong> inklusive.<\/p>\n<p data-start=\"746\" data-end=\"976\"><strong data-start=\"746\" data-end=\"800\" data-is-only-node=\"\">4.Ideale L\u00f6sung f\u00fcr dynamische und pr\u00e4zise Arbeiten.<br \/><\/strong><br data-start=\"800\" data-end=\"803\">Perfekt geeignet f\u00fcr <strong data-start=\"827\" data-end=\"875\">Elektriker, Installateure, Wartungstechniker<\/strong> und <strong data-start=\"880\" data-end=\"897\">H\u00f6henarbeiter<\/strong>, die <strong data-start=\"903\" data-end=\"918\">freie H\u00e4nde<\/strong> und <strong data-start=\"923\" data-end=\"963\">schnellen Zugriff auf ihre Werkzeuge<\/strong> ben\u00f6tigen.<\/p>\n<p data-start=\"981\" data-end=\"1229\" data-is-last-node=\"\"><strong data-start=\"981\" data-end=\"1029\" data-is-only-node=\"\">5.Perfekte Erg\u00e4nzung zu GT Line-Modulsystemen.<br \/><\/strong><br data-start=\"1029\" data-end=\"1032\">L\u00e4sst sich m\u00fchelos mit <strong data-start=\"1058\" data-end=\"1113\">Arbeitsrucks\u00e4cken, Werkzeugtaschen, Werkzeugkoffern<\/strong> und <strong data-start=\"1118\" data-end=\"1154\">professionellen Trolley-Systemen<\/strong> kombinieren \u2013 f\u00fcr eine <strong data-start=\"1178\" data-end=\"1228\">vollst\u00e4ndige und effiziente Arbeitsausstattung<\/strong>.<\/p>\n","protected":false},"excerpt":{"rendered":"<p data-start=\"0\" data-end=\"467\">Der\u00a0<strong data-start=\"4\" data-end=\"20\">Top Bumbag R<\/strong> ist eine <strong data-start=\"30\" data-end=\"69\">Werkzeug-G\u00fcrteltasche (Bauchtasche)<\/strong>, die speziell f\u00fcr <strong data-start=\"88\" data-end=\"109\">Profis entwickelt<\/strong> wurde, die <strong data-start=\"121\" data-end=\"144\">st\u00e4ndig in Bewegung<\/strong> sind und <strong data-start=\"154\" data-end=\"202\">Schnelligkeit, Organisation und Leichtigkeit<\/strong> ben\u00f6tigen.<br \/><br data-start=\"213\" data-end=\"216\">Dank des <strong data-start=\"225\" data-end=\"252\">verstellbaren H\u00fcftgurts<\/strong> l\u00e4sst sie sich <strong data-start=\"268\" data-end=\"301\">angenehm um die Taille tragen<\/strong>. Der <strong data-start=\"307\" data-end=\"335\">gepolsterte Innenbereich<\/strong> mit <strong data-start=\"340\" data-end=\"370\">speziellen Werkzeugf\u00e4chern<\/strong> sch\u00fctzt den Inhalt vor St\u00f6\u00dfen und bietet <strong data-start=\"412\" data-end=\"464\">sofortigen Zugriff auf die wichtigsten Werkzeuge<\/strong>.<\/p>\n<p data-start=\"469\" data-end=\"719\" data-is-last-node=\"\" data-is-only-node=\"\">Der <strong data-start=\"473\" data-end=\"489\">Top Bumbag R<\/strong> ist die <strong data-start=\"498\" data-end=\"520\">perfekte Erg\u00e4nzung<\/strong> zu einer <strong data-start=\"530\" data-end=\"564\">professionellen Werkzeugtasche<\/strong>, einem <strong data-start=\"572\" data-end=\"592\">Werkzeugrucksack<\/strong>oder einem <strong data-start=\"604\" data-end=\"622\">Werkzeugkoffer<\/strong> \u2013 eine <strong data-start=\"630\" data-end=\"684\">praktische und sofort einsatzbereite Unterst\u00fctzung<\/strong> f\u00fcr alle <strong data-start=\"694\" data-end=\"718\">technischen Eins\u00e4tze<\/strong>.<\/p>\n","protected":false},"featured_media":8841,"comment_status":"open","ping_status":"closed","template":"","meta":{"_acf_changed":false},"product_brand":[],"product_cat":[230],"product_tag":[],"class_list":{"0":"post-16951","1":"product","2":"type-product","3":"status-publish","4":"has-post-thumbnail","6":"product_cat-linea-top","7":"pa_anwendungen-koffer-und-taschen-fur-betreuer","8":"pa_anwendungen-koffer-und-taschen-fur-elektriker","9":"pa_anwendungen-koffer-und-taschen-fur-installateure","10":"pa_anwendungen-koffer-und-taschen-fur-servicetechniker","11":"pa_produkttyp-werkzeugtaschen-und-rucksacke","13":"first","14":"instock","15":"shipping-taxable","16":"purchasable","17":"product-type-simple"},"acf":[],"yoast_head":"<!-- This site is optimized with the Yoast SEO plugin v25.4 - https:\/\/yoast.com\/wordpress\/plugins\/seo\/ -->\n<title>Work Line by GT Tool G&uuml;rteltasche Top Bauchtasche R - Gt Line DE<\/title>\n<meta name=\"robots\" content=\"index, follow, max-snippet:-1, max-image-preview:large, max-video-preview:-1\" \/>\n<link rel=\"canonical\" href=\"https:\/\/www.gtline.com\/de\/products\/work-line-by-gt-tool-grteltasche-top-bauchtasche-r\/\" \/>\n<meta property=\"og:locale\" content=\"de_DE\" \/>\n<meta property=\"og:type\" content=\"article\" \/>\n<meta property=\"og:title\" content=\"Work Line by GT Tool G&uuml;rteltasche Top Bauchtasche R - Gt Line DE\" \/>\n<meta property=\"og:description\" content=\"Der\u00a0Top Bumbag R ist eine Werkzeug-G\u00fcrteltasche (Bauchtasche), die speziell f\u00fcr Profis entwickelt wurde, die st\u00e4ndig in Bewegung sind und Schnelligkeit, Organisation und Leichtigkeit ben\u00f6tigen.Dank des verstellbaren H\u00fcftgurts l\u00e4sst sie sich angenehm um die Taille tragen. Der gepolsterte Innenbereich mit speziellen Werkzeugf\u00e4chern sch\u00fctzt den Inhalt vor St\u00f6\u00dfen und bietet sofortigen Zugriff auf die wichtigsten Werkzeuge. Der Top Bumbag R ist die perfekte Erg\u00e4nzung zu einer professionellen Werkzeugtasche, einem Werkzeugrucksackoder einem Werkzeugkoffer \u2013 eine praktische und sofort einsatzbereite Unterst\u00fctzung f\u00fcr alle technischen Eins\u00e4tze.\" \/>\n<meta property=\"og:url\" content=\"https:\/\/www.gtline.com\/de\/products\/work-line-by-gt-tool-grteltasche-top-bauchtasche-r\/\" \/>\n<meta property=\"og:site_name\" content=\"Gt Line DE\" \/>\n<meta property=\"article:publisher\" content=\"https:\/\/www.facebook.com\/gtlinesrl?locale=it_IT\" \/>\n<meta property=\"article:modified_time\" content=\"2026-04-17T02:09:55+00:00\" \/>\n<meta property=\"og:image\" content=\"https:\/\/www.gtline.com\/de\/wp-content\/uploads\/sites\/5\/2025\/05\/TOP-BUMBAG-R_ALL_01_9046.jpg\" \/>\n\t<meta property=\"og:image:width\" content=\"500\" \/>\n\t<meta property=\"og:image:height\" content=\"500\" \/>\n\t<meta property=\"og:image:type\" content=\"image\/jpeg\" \/>\n<meta name=\"twitter:card\" content=\"summary_large_image\" \/>\n<meta name=\"twitter:label1\" content=\"Gesch\u00e4tzte Lesezeit\" \/>\n\t<meta name=\"twitter:data1\" content=\"1\u00a0Minute\" \/>\n<script type=\"application\/ld+json\" class=\"yoast-schema-graph\">{\"@context\":\"https:\/\/schema.org\",\"@graph\":[{\"@type\":\"WebPage\",\"@id\":\"https:\/\/www.gtline.com\/de\/products\/work-line-by-gt-tool-grteltasche-top-bauchtasche-r\/\",\"url\":\"https:\/\/www.gtline.com\/de\/products\/work-line-by-gt-tool-grteltasche-top-bauchtasche-r\/\",\"name\":\"Work Line by GT Tool G&uuml;rteltasche Top Bauchtasche R - Gt Line DE\",\"isPartOf\":{\"@id\":\"https:\/\/www.gtline.com\/de\/#website\"},\"primaryImageOfPage\":{\"@id\":\"https:\/\/www.gtline.com\/de\/products\/work-line-by-gt-tool-grteltasche-top-bauchtasche-r\/#primaryimage\"},\"image\":{\"@id\":\"https:\/\/www.gtline.com\/de\/products\/work-line-by-gt-tool-grteltasche-top-bauchtasche-r\/#primaryimage\"},\"thumbnailUrl\":\"https:\/\/www.gtline.com\/de\/wp-content\/uploads\/sites\/5\/2025\/05\/TOP-BUMBAG-R_ALL_01_9046.jpg\",\"datePublished\":\"2025-07-30T10:21:56+00:00\",\"dateModified\":\"2026-04-17T02:09:55+00:00\",\"breadcrumb\":{\"@id\":\"https:\/\/www.gtline.com\/de\/products\/work-line-by-gt-tool-grteltasche-top-bauchtasche-r\/#breadcrumb\"},\"inLanguage\":\"de\",\"potentialAction\":[{\"@type\":\"ReadAction\",\"target\":[\"https:\/\/www.gtline.com\/de\/products\/work-line-by-gt-tool-grteltasche-top-bauchtasche-r\/\"]}]},{\"@type\":\"ImageObject\",\"inLanguage\":\"de\",\"@id\":\"https:\/\/www.gtline.com\/de\/products\/work-line-by-gt-tool-grteltasche-top-bauchtasche-r\/#primaryimage\",\"url\":\"https:\/\/www.gtline.com\/de\/wp-content\/uploads\/sites\/5\/2025\/05\/TOP-BUMBAG-R_ALL_01_9046.jpg\",\"contentUrl\":\"https:\/\/www.gtline.com\/de\/wp-content\/uploads\/sites\/5\/2025\/05\/TOP-BUMBAG-R_ALL_01_9046.jpg\",\"width\":500,\"height\":500},{\"@type\":\"BreadcrumbList\",\"@id\":\"https:\/\/www.gtline.com\/de\/products\/work-line-by-gt-tool-grteltasche-top-bauchtasche-r\/#breadcrumb\",\"itemListElement\":[{\"@type\":\"ListItem\",\"position\":1,\"name\":\"Home\",\"item\":\"https:\/\/www.gtline.com\/de\/\"},{\"@type\":\"ListItem\",\"position\":2,\"name\":\"Shop\",\"item\":\"https:\/\/www.gtline.com\/de\/negozio\/\"},{\"@type\":\"ListItem\",\"position\":3,\"name\":\"Work Line by GT Tool G&uuml;rteltasche Top Bauchtasche R\"}]},{\"@type\":\"WebSite\",\"@id\":\"https:\/\/www.gtline.com\/de\/#website\",\"url\":\"https:\/\/www.gtline.com\/de\/\",\"name\":\"Gt Line\",\"description\":\"\",\"publisher\":{\"@id\":\"https:\/\/www.gtline.com\/de\/#organization\"},\"potentialAction\":[{\"@type\":\"SearchAction\",\"target\":{\"@type\":\"EntryPoint\",\"urlTemplate\":\"https:\/\/www.gtline.com\/de\/?s={search_term_string}\"},\"query-input\":{\"@type\":\"PropertyValueSpecification\",\"valueRequired\":true,\"valueName\":\"search_term_string\"}}],\"inLanguage\":\"de\"},{\"@type\":\"Organization\",\"@id\":\"https:\/\/www.gtline.com\/de\/#organization\",\"name\":\"Gt Line\",\"url\":\"https:\/\/www.gtline.com\/de\/\",\"logo\":{\"@type\":\"ImageObject\",\"inLanguage\":\"de\",\"@id\":\"https:\/\/www.gtline.com\/de\/#\/schema\/logo\/image\/\",\"url\":\"https:\/\/www.gtline.com\/de\/wp-content\/uploads\/sites\/5\/2025\/02\/logo.png\",\"contentUrl\":\"https:\/\/www.gtline.com\/de\/wp-content\/uploads\/sites\/5\/2025\/02\/logo.png\",\"width\":228,\"height\":146,\"caption\":\"Gt Line\"},\"image\":{\"@id\":\"https:\/\/www.gtline.com\/de\/#\/schema\/logo\/image\/\"},\"sameAs\":[\"https:\/\/www.facebook.com\/gtlinesrl?locale=it_IT\",\"https:\/\/www.instagram.com\/gt_line_srl\/\",\"https:\/\/www.youtube.com\/channel\/UCDvpkFqswNJOVFz64PkYRQQ\",\"https:\/\/www.linkedin.com\/company\/gt-line-srl\/\"]}]}<\/script>\n<!-- \/ Yoast SEO plugin. -->","yoast_head_json":{"title":"Work Line by GT Tool G&uuml;rteltasche Top Bauchtasche R - Gt Line DE","robots":{"index":"index","follow":"follow","max-snippet":"max-snippet:-1","max-image-preview":"max-image-preview:large","max-video-preview":"max-video-preview:-1"},"canonical":"https:\/\/www.gtline.com\/de\/products\/work-line-by-gt-tool-grteltasche-top-bauchtasche-r\/","og_locale":"de_DE","og_type":"article","og_title":"Work Line by GT Tool G&uuml;rteltasche Top Bauchtasche R - Gt Line DE","og_description":"Der\u00a0Top Bumbag R ist eine Werkzeug-G\u00fcrteltasche (Bauchtasche), die speziell f\u00fcr Profis entwickelt wurde, die st\u00e4ndig in Bewegung sind und Schnelligkeit, Organisation und Leichtigkeit ben\u00f6tigen.Dank des verstellbaren H\u00fcftgurts l\u00e4sst sie sich angenehm um die Taille tragen. Der gepolsterte Innenbereich mit speziellen Werkzeugf\u00e4chern sch\u00fctzt den Inhalt vor St\u00f6\u00dfen und bietet sofortigen Zugriff auf die wichtigsten Werkzeuge. Der Top Bumbag R ist die perfekte Erg\u00e4nzung zu einer professionellen Werkzeugtasche, einem Werkzeugrucksackoder einem Werkzeugkoffer \u2013 eine praktische und sofort einsatzbereite Unterst\u00fctzung f\u00fcr alle technischen Eins\u00e4tze.","og_url":"https:\/\/www.gtline.com\/de\/products\/work-line-by-gt-tool-grteltasche-top-bauchtasche-r\/","og_site_name":"Gt Line DE","article_publisher":"https:\/\/www.facebook.com\/gtlinesrl?locale=it_IT","article_modified_time":"2026-04-17T02:09:55+00:00","og_image":[{"width":500,"height":500,"url":"https:\/\/www.gtline.com\/de\/wp-content\/uploads\/sites\/5\/2025\/05\/TOP-BUMBAG-R_ALL_01_9046.jpg","type":"image\/jpeg"}],"twitter_card":"summary_large_image","twitter_misc":{"Gesch\u00e4tzte Lesezeit":"1\u00a0Minute"},"schema":{"@context":"https:\/\/schema.org","@graph":[{"@type":"WebPage","@id":"https:\/\/www.gtline.com\/de\/products\/work-line-by-gt-tool-grteltasche-top-bauchtasche-r\/","url":"https:\/\/www.gtline.com\/de\/products\/work-line-by-gt-tool-grteltasche-top-bauchtasche-r\/","name":"Work Line by GT Tool G&uuml;rteltasche Top Bauchtasche R - Gt Line DE","isPartOf":{"@id":"https:\/\/www.gtline.com\/de\/#website"},"primaryImageOfPage":{"@id":"https:\/\/www.gtline.com\/de\/products\/work-line-by-gt-tool-grteltasche-top-bauchtasche-r\/#primaryimage"},"image":{"@id":"https:\/\/www.gtline.com\/de\/products\/work-line-by-gt-tool-grteltasche-top-bauchtasche-r\/#primaryimage"},"thumbnailUrl":"https:\/\/www.gtline.com\/de\/wp-content\/uploads\/sites\/5\/2025\/05\/TOP-BUMBAG-R_ALL_01_9046.jpg","datePublished":"2025-07-30T10:21:56+00:00","dateModified":"2026-04-17T02:09:55+00:00","breadcrumb":{"@id":"https:\/\/www.gtline.com\/de\/products\/work-line-by-gt-tool-grteltasche-top-bauchtasche-r\/#breadcrumb"},"inLanguage":"de","potentialAction":[{"@type":"ReadAction","target":["https:\/\/www.gtline.com\/de\/products\/work-line-by-gt-tool-grteltasche-top-bauchtasche-r\/"]}]},{"@type":"ImageObject","inLanguage":"de","@id":"https:\/\/www.gtline.com\/de\/products\/work-line-by-gt-tool-grteltasche-top-bauchtasche-r\/#primaryimage","url":"https:\/\/www.gtline.com\/de\/wp-content\/uploads\/sites\/5\/2025\/05\/TOP-BUMBAG-R_ALL_01_9046.jpg","contentUrl":"https:\/\/www.gtline.com\/de\/wp-content\/uploads\/sites\/5\/2025\/05\/TOP-BUMBAG-R_ALL_01_9046.jpg","width":500,"height":500},{"@type":"BreadcrumbList","@id":"https:\/\/www.gtline.com\/de\/products\/work-line-by-gt-tool-grteltasche-top-bauchtasche-r\/#breadcrumb","itemListElement":[{"@type":"ListItem","position":1,"name":"Home","item":"https:\/\/www.gtline.com\/de\/"},{"@type":"ListItem","position":2,"name":"Shop","item":"https:\/\/www.gtline.com\/de\/negozio\/"},{"@type":"ListItem","position":3,"name":"Work Line by GT Tool G&uuml;rteltasche Top Bauchtasche R"}]},{"@type":"WebSite","@id":"https:\/\/www.gtline.com\/de\/#website","url":"https:\/\/www.gtline.com\/de\/","name":"Gt Line","description":"","publisher":{"@id":"https:\/\/www.gtline.com\/de\/#organization"},"potentialAction":[{"@type":"SearchAction","target":{"@type":"EntryPoint","urlTemplate":"https:\/\/www.gtline.com\/de\/?s={search_term_string}"},"query-input":{"@type":"PropertyValueSpecification","valueRequired":true,"valueName":"search_term_string"}}],"inLanguage":"de"},{"@type":"Organization","@id":"https:\/\/www.gtline.com\/de\/#organization","name":"Gt Line","url":"https:\/\/www.gtline.com\/de\/","logo":{"@type":"ImageObject","inLanguage":"de","@id":"https:\/\/www.gtline.com\/de\/#\/schema\/logo\/image\/","url":"https:\/\/www.gtline.com\/de\/wp-content\/uploads\/sites\/5\/2025\/02\/logo.png","contentUrl":"https:\/\/www.gtline.com\/de\/wp-content\/uploads\/sites\/5\/2025\/02\/logo.png","width":228,"height":146,"caption":"Gt Line"},"image":{"@id":"https:\/\/www.gtline.com\/de\/#\/schema\/logo\/image\/"},"sameAs":["https:\/\/www.facebook.com\/gtlinesrl?locale=it_IT","https:\/\/www.instagram.com\/gt_line_srl\/","https:\/\/www.youtube.com\/channel\/UCDvpkFqswNJOVFz64PkYRQQ","https:\/\/www.linkedin.com\/company\/gt-line-srl\/"]}]}},"_links":{"self":[{"href":"https:\/\/www.gtline.com\/de\/wp-json\/wp\/v2\/product\/16951","targetHints":{"allow":["GET"]}}],"collection":[{"href":"https:\/\/www.gtline.com\/de\/wp-json\/wp\/v2\/product"}],"about":[{"href":"https:\/\/www.gtline.com\/de\/wp-json\/wp\/v2\/types\/product"}],"replies":[{"embeddable":true,"href":"https:\/\/www.gtline.com\/de\/wp-json\/wp\/v2\/comments?post=16951"}],"version-history":[{"count":2,"href":"https:\/\/www.gtline.com\/de\/wp-json\/wp\/v2\/product\/16951\/revisions"}],"predecessor-version":[{"id":22336,"href":"https:\/\/www.gtline.com\/de\/wp-json\/wp\/v2\/product\/16951\/revisions\/22336"}],"wp:featuredmedia":[{"embeddable":true,"href":"https:\/\/www.gtline.com\/de\/wp-json\/wp\/v2\/media\/8841"}],"wp:attachment":[{"href":"https:\/\/www.gtline.com\/de\/wp-json\/wp\/v2\/media?parent=16951"}],"wp:term":[{"taxonomy":"product_brand","embeddable":true,"href":"https:\/\/www.gtline.com\/de\/wp-json\/wp\/v2\/product_brand?post=16951"},{"taxonomy":"product_cat","embeddable":true,"href":"https:\/\/www.gtline.com\/de\/wp-json\/wp\/v2\/product_cat?post=16951"},{"taxonomy":"product_tag","embeddable":true,"href":"https:\/\/www.gtline.com\/de\/wp-json\/wp\/v2\/product_tag?post=16951"}],"curies":[{"name":"wp","href":"https:\/\/api.w.org\/{rel}","templated":true}]}}