{"id":16955,"date":"2025-07-30T10:22:03","date_gmt":"2025-07-30T10:22:03","guid":{"rendered":"https:\/\/www.gtline.com\/de\/prodotto\/work-line-by-gt-werkzeughalter-plattenwerkzeugrolle-20t-r\/"},"modified":"2026-04-17T02:10:01","modified_gmt":"2026-04-17T02:10:01","slug":"work-line-by-gt-werkzeughalter-plattenwerkzeugrolle-20t-r","status":"publish","type":"product","link":"https:\/\/www.gtline.com\/de\/products\/work-line-by-gt-werkzeughalter-plattenwerkzeugrolle-20t-r\/","title":{"rendered":"Work Line by GT Werkzeughalter Plattenwerkzeugrolle 20T R"},"content":{"rendered":"<p data-start=\"23\" data-end=\"207\"><strong data-start=\"23\" data-end=\"72\">1.20 Werkzeugtaschen f\u00fcr maximale Organisation.<br \/><\/strong><br data-start=\"72\" data-end=\"75\">Ideal, um eine <strong data-start=\"93\" data-end=\"149\">gro\u00dfe Auswahl an Werkzeugen, Zubeh\u00f6r und Kleinteilen<\/strong> \u00fcbersichtlich und jederzeit einsatzbereit zu verstauen.<strong data-start=\"23\" data-end=\"72\"><br \/><\/strong><\/p>\n<p data-start=\"212\" data-end=\"423\"><strong data-start=\"212\" data-end=\"272\">2.Offenes Format von 790 x 320 mm f\u00fcr sofortige \u00dcbersicht.<strong data-start=\"23\" data-end=\"72\"><br \/><\/strong><\/strong><br data-start=\"272\" data-end=\"275\">Die <strong data-start=\"282\" data-end=\"303\">gro\u00dfz\u00fcgige Fl\u00e4che<\/strong> bietet einen <strong data-start=\"317\" data-end=\"357\">klaren \u00dcberblick \u00fcber alle Werkzeuge<\/strong>, erleichtert die Auswahl und steigert die <strong data-start=\"400\" data-end=\"420\" data-is-only-node=\"\">Arbeitseffizienz<\/strong>.<strong data-start=\"23\" data-end=\"72\"><br \/><\/strong><\/p>\n<p data-start=\"428\" data-end=\"667\"><strong data-start=\"428\" data-end=\"459\">3.Ultrakompaktes Roll-Design.<strong data-start=\"23\" data-end=\"72\"><br \/><\/strong><\/strong><br data-start=\"459\" data-end=\"462\">Im <strong data-start=\"468\" data-end=\"492\">aufgerollten Zustand<\/strong> ben\u00f6tigt der <strong data-start=\"506\" data-end=\"525\">Tool Roll 20T R<\/strong> <strong data-start=\"526\" data-end=\"545\" data-is-only-node=\"\">minimalen Platz<\/strong> und l\u00e4sst sich <strong data-start=\"561\" data-end=\"652\">leicht in jede professionelle Werkzeugtasche, jeden Arbeitsrucksack oder Werkzeugkoffer<\/strong> integrieren.<strong data-start=\"23\" data-end=\"72\"><br \/><\/strong><\/p>\n<p data-start=\"672\" data-end=\"885\"><strong data-start=\"672\" data-end=\"706\">4.Geringes Gewicht: nur 0,50 kg.<strong data-start=\"23\" data-end=\"72\"><br \/><\/strong><\/strong><br data-start=\"706\" data-end=\"709\">Das <strong data-start=\"716\" data-end=\"734\">leichte Design<\/strong> erm\u00f6glicht <strong data-start=\"746\" data-end=\"795\">komfortablen Transport \u00fcber l\u00e4ngere Zeitr\u00e4ume<\/strong> \u2013 perfekt f\u00fcr <strong data-start=\"810\" data-end=\"831\" data-is-only-node=\"\">schnelle Eins\u00e4tze<\/strong>oder als <strong data-start=\"841\" data-end=\"882\">Erg\u00e4nzung in gr\u00f6\u00dferen Werkzeugkoffern<\/strong>.<strong data-start=\"23\" data-end=\"72\"><br \/><\/strong><\/p>\n<p data-start=\"890\" data-end=\"1133\"><strong data-start=\"890\" data-end=\"942\">5.Vielseitig einsetzbar in jeder Arbeitssituation.<strong data-start=\"23\" data-end=\"72\"><br \/><\/strong><\/strong><br data-start=\"942\" data-end=\"945\"><strong data-start=\"948\" data-end=\"1031\">Kompatibel mit professionellen Rucks\u00e4cken, Werkzeugrucks\u00e4cken, Arbeits-Trolleys<\/strong> und <strong data-start=\"1036\" data-end=\"1055\">Werkzeugtaschen<\/strong>, passt sich der Organizer <strong data-start=\"1082\" data-end=\"1127\">nahtlos an den Arbeitsalltag jedes Profis<\/strong> an.<strong data-start=\"23\" data-end=\"72\"><br \/><\/strong><\/p>\n<p data-start=\"1138\" data-end=\"1383\"><strong data-start=\"1138\" data-end=\"1200\">6.Unverzichtbares Zubeh\u00f6r f\u00fcr das mobile Werkzeugmanagement.<strong data-start=\"23\" data-end=\"72\"><br \/><\/strong><\/strong><br data-start=\"1200\" data-end=\"1203\">Entwickelt f\u00fcr <strong data-start=\"1221\" data-end=\"1250\">Fachkr\u00e4fte im Au\u00dfendienst<\/strong>, bietet er eine <strong data-start=\"1267\" data-end=\"1288\">effiziente L\u00f6sung<\/strong>, um <strong data-start=\"1293\" data-end=\"1337\" data-is-only-node=\"\">alles geordnet und griffbereit zu halten<\/strong>, selbst in <strong data-start=\"1349\" data-end=\"1380\">engen R\u00e4umen oder unterwegs<\/strong>.<\/p>\n","protected":false},"excerpt":{"rendered":"<p>Der <strong data-start=\"23\" data-end=\"42\" data-is-only-node=\"\">Tool Roll 20T R<\/strong> ist die <strong data-start=\"51\" data-end=\"75\">ideale Werkzeugrolle<\/strong> f\u00fcr Profis, die eine <strong data-start=\"97\" data-end=\"137\">effiziente und kompakte Organisation<\/strong> ben\u00f6tigen.<br \/><br data-start=\"148\" data-end=\"151\">Mit <strong data-start=\"155\" data-end=\"177\">20 Werkzeugtaschen<\/strong> auf einer <strong data-start=\"188\" data-end=\"210\">gro\u00dfz\u00fcgigen Fl\u00e4che<\/strong> bietet sie Platz f\u00fcr <strong data-start=\"232\" data-end=\"308\">Schraubendreher, Zangen, Schl\u00fcssel und Werkzeuge unterschiedlicher Gr\u00f6\u00dfe<\/strong>, die sicher und \u00fcbersichtlich transportiert werden k\u00f6nnen.<br \/><br data-start=\"367\" data-end=\"370\">Im <strong data-start=\"373\" data-end=\"397\">aufgerollten Zustand<\/strong> nimmt sie <strong data-start=\"408\" data-end=\"431\">nur minimalen Platz<\/strong> ein \u2013 perfekt, um sie in eine <strong data-start=\"462\" data-end=\"560\">Werkzeugtasche, einen Arbeitsrucksack, einen Werkzeugkoffer oder einen professionellen Trolley<\/strong> zu integrieren.<br \/><br data-start=\"576\" data-end=\"579\"><strong data-start=\"579\" data-end=\"611\">Extrem leicht, aber ger\u00e4umig<\/strong>, ist sie die <strong data-start=\"625\" data-end=\"692\">optimale Wahl f\u00fcr Techniker, Installateure und Wartungspersonal<\/strong>, die <strong data-start=\"698\" data-end=\"716\">mobil arbeiten<\/strong> und stets <strong data-start=\"727\" data-end=\"745\">alles im Griff<\/strong> haben m\u00f6chten.<\/p>\n","protected":false},"featured_media":8859,"comment_status":"open","ping_status":"closed","template":"","meta":{"_acf_changed":false},"product_brand":[],"product_cat":[230],"product_tag":[],"class_list":{"0":"post-16955","1":"product","2":"type-product","3":"status-publish","4":"has-post-thumbnail","6":"product_cat-linea-top","7":"pa_anwendungen-koffer-und-taschen-fur-betreuer","8":"pa_anwendungen-koffer-und-taschen-fur-elektriker","9":"pa_anwendungen-koffer-und-taschen-fur-installateure","10":"pa_anwendungen-koffer-und-taschen-fur-servicetechniker","11":"pa_produkttyp-werkzeugtaschen-und-rucksacke","13":"first","14":"instock","15":"shipping-taxable","16":"purchasable","17":"product-type-simple"},"acf":[],"yoast_head":"<!-- This site is optimized with the Yoast SEO plugin v25.4 - https:\/\/yoast.com\/wordpress\/plugins\/seo\/ -->\n<title>Work Line by GT Werkzeughalter Plattenwerkzeugrolle 20T R - Gt Line DE<\/title>\n<meta name=\"robots\" content=\"index, follow, max-snippet:-1, max-image-preview:large, max-video-preview:-1\" \/>\n<link rel=\"canonical\" href=\"https:\/\/www.gtline.com\/de\/products\/work-line-by-gt-werkzeughalter-plattenwerkzeugrolle-20t-r\/\" \/>\n<meta property=\"og:locale\" content=\"de_DE\" \/>\n<meta property=\"og:type\" content=\"article\" \/>\n<meta property=\"og:title\" content=\"Work Line by GT Werkzeughalter Plattenwerkzeugrolle 20T R - Gt Line DE\" \/>\n<meta property=\"og:description\" content=\"Der Tool Roll 20T R ist die ideale Werkzeugrolle f\u00fcr Profis, die eine effiziente und kompakte Organisation ben\u00f6tigen.Mit 20 Werkzeugtaschen auf einer gro\u00dfz\u00fcgigen Fl\u00e4che bietet sie Platz f\u00fcr Schraubendreher, Zangen, Schl\u00fcssel und Werkzeuge unterschiedlicher Gr\u00f6\u00dfe, die sicher und \u00fcbersichtlich transportiert werden k\u00f6nnen.Im aufgerollten Zustand nimmt sie nur minimalen Platz ein \u2013 perfekt, um sie in eine Werkzeugtasche, einen Arbeitsrucksack, einen Werkzeugkoffer oder einen professionellen Trolley zu integrieren.Extrem leicht, aber ger\u00e4umig, ist sie die optimale Wahl f\u00fcr Techniker, Installateure und Wartungspersonal, die mobil arbeiten und stets alles im Griff haben m\u00f6chten.\" \/>\n<meta property=\"og:url\" content=\"https:\/\/www.gtline.com\/de\/products\/work-line-by-gt-werkzeughalter-plattenwerkzeugrolle-20t-r\/\" \/>\n<meta property=\"og:site_name\" content=\"Gt Line DE\" \/>\n<meta property=\"article:publisher\" content=\"https:\/\/www.facebook.com\/gtlinesrl?locale=it_IT\" \/>\n<meta property=\"article:modified_time\" content=\"2026-04-17T02:10:01+00:00\" \/>\n<meta property=\"og:image\" content=\"https:\/\/www.gtline.com\/de\/wp-content\/uploads\/sites\/5\/2025\/05\/TOOL-ROLL-20T-R_ALL_01_9050.jpg\" \/>\n\t<meta property=\"og:image:width\" content=\"500\" \/>\n\t<meta property=\"og:image:height\" content=\"500\" \/>\n\t<meta property=\"og:image:type\" content=\"image\/jpeg\" \/>\n<meta name=\"twitter:card\" content=\"summary_large_image\" \/>\n<meta name=\"twitter:label1\" content=\"Gesch\u00e4tzte Lesezeit\" \/>\n\t<meta name=\"twitter:data1\" content=\"1\u00a0Minute\" \/>\n<script type=\"application\/ld+json\" class=\"yoast-schema-graph\">{\"@context\":\"https:\/\/schema.org\",\"@graph\":[{\"@type\":\"WebPage\",\"@id\":\"https:\/\/www.gtline.com\/de\/products\/work-line-by-gt-werkzeughalter-plattenwerkzeugrolle-20t-r\/\",\"url\":\"https:\/\/www.gtline.com\/de\/products\/work-line-by-gt-werkzeughalter-plattenwerkzeugrolle-20t-r\/\",\"name\":\"Work Line by GT Werkzeughalter Plattenwerkzeugrolle 20T R - Gt Line DE\",\"isPartOf\":{\"@id\":\"https:\/\/www.gtline.com\/de\/#website\"},\"primaryImageOfPage\":{\"@id\":\"https:\/\/www.gtline.com\/de\/products\/work-line-by-gt-werkzeughalter-plattenwerkzeugrolle-20t-r\/#primaryimage\"},\"image\":{\"@id\":\"https:\/\/www.gtline.com\/de\/products\/work-line-by-gt-werkzeughalter-plattenwerkzeugrolle-20t-r\/#primaryimage\"},\"thumbnailUrl\":\"https:\/\/www.gtline.com\/de\/wp-content\/uploads\/sites\/5\/2025\/05\/TOOL-ROLL-20T-R_ALL_01_9050.jpg\",\"datePublished\":\"2025-07-30T10:22:03+00:00\",\"dateModified\":\"2026-04-17T02:10:01+00:00\",\"breadcrumb\":{\"@id\":\"https:\/\/www.gtline.com\/de\/products\/work-line-by-gt-werkzeughalter-plattenwerkzeugrolle-20t-r\/#breadcrumb\"},\"inLanguage\":\"de\",\"potentialAction\":[{\"@type\":\"ReadAction\",\"target\":[\"https:\/\/www.gtline.com\/de\/products\/work-line-by-gt-werkzeughalter-plattenwerkzeugrolle-20t-r\/\"]}]},{\"@type\":\"ImageObject\",\"inLanguage\":\"de\",\"@id\":\"https:\/\/www.gtline.com\/de\/products\/work-line-by-gt-werkzeughalter-plattenwerkzeugrolle-20t-r\/#primaryimage\",\"url\":\"https:\/\/www.gtline.com\/de\/wp-content\/uploads\/sites\/5\/2025\/05\/TOOL-ROLL-20T-R_ALL_01_9050.jpg\",\"contentUrl\":\"https:\/\/www.gtline.com\/de\/wp-content\/uploads\/sites\/5\/2025\/05\/TOOL-ROLL-20T-R_ALL_01_9050.jpg\",\"width\":500,\"height\":500},{\"@type\":\"BreadcrumbList\",\"@id\":\"https:\/\/www.gtline.com\/de\/products\/work-line-by-gt-werkzeughalter-plattenwerkzeugrolle-20t-r\/#breadcrumb\",\"itemListElement\":[{\"@type\":\"ListItem\",\"position\":1,\"name\":\"Home\",\"item\":\"https:\/\/www.gtline.com\/de\/\"},{\"@type\":\"ListItem\",\"position\":2,\"name\":\"Shop\",\"item\":\"https:\/\/www.gtline.com\/de\/negozio\/\"},{\"@type\":\"ListItem\",\"position\":3,\"name\":\"Work Line by GT Werkzeughalter Plattenwerkzeugrolle 20T R\"}]},{\"@type\":\"WebSite\",\"@id\":\"https:\/\/www.gtline.com\/de\/#website\",\"url\":\"https:\/\/www.gtline.com\/de\/\",\"name\":\"Gt Line\",\"description\":\"\",\"publisher\":{\"@id\":\"https:\/\/www.gtline.com\/de\/#organization\"},\"potentialAction\":[{\"@type\":\"SearchAction\",\"target\":{\"@type\":\"EntryPoint\",\"urlTemplate\":\"https:\/\/www.gtline.com\/de\/?s={search_term_string}\"},\"query-input\":{\"@type\":\"PropertyValueSpecification\",\"valueRequired\":true,\"valueName\":\"search_term_string\"}}],\"inLanguage\":\"de\"},{\"@type\":\"Organization\",\"@id\":\"https:\/\/www.gtline.com\/de\/#organization\",\"name\":\"Gt Line\",\"url\":\"https:\/\/www.gtline.com\/de\/\",\"logo\":{\"@type\":\"ImageObject\",\"inLanguage\":\"de\",\"@id\":\"https:\/\/www.gtline.com\/de\/#\/schema\/logo\/image\/\",\"url\":\"https:\/\/www.gtline.com\/de\/wp-content\/uploads\/sites\/5\/2025\/02\/logo.png\",\"contentUrl\":\"https:\/\/www.gtline.com\/de\/wp-content\/uploads\/sites\/5\/2025\/02\/logo.png\",\"width\":228,\"height\":146,\"caption\":\"Gt Line\"},\"image\":{\"@id\":\"https:\/\/www.gtline.com\/de\/#\/schema\/logo\/image\/\"},\"sameAs\":[\"https:\/\/www.facebook.com\/gtlinesrl?locale=it_IT\",\"https:\/\/www.instagram.com\/gt_line_srl\/\",\"https:\/\/www.youtube.com\/channel\/UCDvpkFqswNJOVFz64PkYRQQ\",\"https:\/\/www.linkedin.com\/company\/gt-line-srl\/\"]}]}<\/script>\n<!-- \/ Yoast SEO plugin. -->","yoast_head_json":{"title":"Work Line by GT Werkzeughalter Plattenwerkzeugrolle 20T R - Gt Line DE","robots":{"index":"index","follow":"follow","max-snippet":"max-snippet:-1","max-image-preview":"max-image-preview:large","max-video-preview":"max-video-preview:-1"},"canonical":"https:\/\/www.gtline.com\/de\/products\/work-line-by-gt-werkzeughalter-plattenwerkzeugrolle-20t-r\/","og_locale":"de_DE","og_type":"article","og_title":"Work Line by GT Werkzeughalter Plattenwerkzeugrolle 20T R - Gt Line DE","og_description":"Der Tool Roll 20T R ist die ideale Werkzeugrolle f\u00fcr Profis, die eine effiziente und kompakte Organisation ben\u00f6tigen.Mit 20 Werkzeugtaschen auf einer gro\u00dfz\u00fcgigen Fl\u00e4che bietet sie Platz f\u00fcr Schraubendreher, Zangen, Schl\u00fcssel und Werkzeuge unterschiedlicher Gr\u00f6\u00dfe, die sicher und \u00fcbersichtlich transportiert werden k\u00f6nnen.Im aufgerollten Zustand nimmt sie nur minimalen Platz ein \u2013 perfekt, um sie in eine Werkzeugtasche, einen Arbeitsrucksack, einen Werkzeugkoffer oder einen professionellen Trolley zu integrieren.Extrem leicht, aber ger\u00e4umig, ist sie die optimale Wahl f\u00fcr Techniker, Installateure und Wartungspersonal, die mobil arbeiten und stets alles im Griff haben m\u00f6chten.","og_url":"https:\/\/www.gtline.com\/de\/products\/work-line-by-gt-werkzeughalter-plattenwerkzeugrolle-20t-r\/","og_site_name":"Gt Line DE","article_publisher":"https:\/\/www.facebook.com\/gtlinesrl?locale=it_IT","article_modified_time":"2026-04-17T02:10:01+00:00","og_image":[{"width":500,"height":500,"url":"https:\/\/www.gtline.com\/de\/wp-content\/uploads\/sites\/5\/2025\/05\/TOOL-ROLL-20T-R_ALL_01_9050.jpg","type":"image\/jpeg"}],"twitter_card":"summary_large_image","twitter_misc":{"Gesch\u00e4tzte Lesezeit":"1\u00a0Minute"},"schema":{"@context":"https:\/\/schema.org","@graph":[{"@type":"WebPage","@id":"https:\/\/www.gtline.com\/de\/products\/work-line-by-gt-werkzeughalter-plattenwerkzeugrolle-20t-r\/","url":"https:\/\/www.gtline.com\/de\/products\/work-line-by-gt-werkzeughalter-plattenwerkzeugrolle-20t-r\/","name":"Work Line by GT Werkzeughalter Plattenwerkzeugrolle 20T R - Gt Line DE","isPartOf":{"@id":"https:\/\/www.gtline.com\/de\/#website"},"primaryImageOfPage":{"@id":"https:\/\/www.gtline.com\/de\/products\/work-line-by-gt-werkzeughalter-plattenwerkzeugrolle-20t-r\/#primaryimage"},"image":{"@id":"https:\/\/www.gtline.com\/de\/products\/work-line-by-gt-werkzeughalter-plattenwerkzeugrolle-20t-r\/#primaryimage"},"thumbnailUrl":"https:\/\/www.gtline.com\/de\/wp-content\/uploads\/sites\/5\/2025\/05\/TOOL-ROLL-20T-R_ALL_01_9050.jpg","datePublished":"2025-07-30T10:22:03+00:00","dateModified":"2026-04-17T02:10:01+00:00","breadcrumb":{"@id":"https:\/\/www.gtline.com\/de\/products\/work-line-by-gt-werkzeughalter-plattenwerkzeugrolle-20t-r\/#breadcrumb"},"inLanguage":"de","potentialAction":[{"@type":"ReadAction","target":["https:\/\/www.gtline.com\/de\/products\/work-line-by-gt-werkzeughalter-plattenwerkzeugrolle-20t-r\/"]}]},{"@type":"ImageObject","inLanguage":"de","@id":"https:\/\/www.gtline.com\/de\/products\/work-line-by-gt-werkzeughalter-plattenwerkzeugrolle-20t-r\/#primaryimage","url":"https:\/\/www.gtline.com\/de\/wp-content\/uploads\/sites\/5\/2025\/05\/TOOL-ROLL-20T-R_ALL_01_9050.jpg","contentUrl":"https:\/\/www.gtline.com\/de\/wp-content\/uploads\/sites\/5\/2025\/05\/TOOL-ROLL-20T-R_ALL_01_9050.jpg","width":500,"height":500},{"@type":"BreadcrumbList","@id":"https:\/\/www.gtline.com\/de\/products\/work-line-by-gt-werkzeughalter-plattenwerkzeugrolle-20t-r\/#breadcrumb","itemListElement":[{"@type":"ListItem","position":1,"name":"Home","item":"https:\/\/www.gtline.com\/de\/"},{"@type":"ListItem","position":2,"name":"Shop","item":"https:\/\/www.gtline.com\/de\/negozio\/"},{"@type":"ListItem","position":3,"name":"Work Line by GT Werkzeughalter Plattenwerkzeugrolle 20T R"}]},{"@type":"WebSite","@id":"https:\/\/www.gtline.com\/de\/#website","url":"https:\/\/www.gtline.com\/de\/","name":"Gt Line","description":"","publisher":{"@id":"https:\/\/www.gtline.com\/de\/#organization"},"potentialAction":[{"@type":"SearchAction","target":{"@type":"EntryPoint","urlTemplate":"https:\/\/www.gtline.com\/de\/?s={search_term_string}"},"query-input":{"@type":"PropertyValueSpecification","valueRequired":true,"valueName":"search_term_string"}}],"inLanguage":"de"},{"@type":"Organization","@id":"https:\/\/www.gtline.com\/de\/#organization","name":"Gt Line","url":"https:\/\/www.gtline.com\/de\/","logo":{"@type":"ImageObject","inLanguage":"de","@id":"https:\/\/www.gtline.com\/de\/#\/schema\/logo\/image\/","url":"https:\/\/www.gtline.com\/de\/wp-content\/uploads\/sites\/5\/2025\/02\/logo.png","contentUrl":"https:\/\/www.gtline.com\/de\/wp-content\/uploads\/sites\/5\/2025\/02\/logo.png","width":228,"height":146,"caption":"Gt Line"},"image":{"@id":"https:\/\/www.gtline.com\/de\/#\/schema\/logo\/image\/"},"sameAs":["https:\/\/www.facebook.com\/gtlinesrl?locale=it_IT","https:\/\/www.instagram.com\/gt_line_srl\/","https:\/\/www.youtube.com\/channel\/UCDvpkFqswNJOVFz64PkYRQQ","https:\/\/www.linkedin.com\/company\/gt-line-srl\/"]}]}},"_links":{"self":[{"href":"https:\/\/www.gtline.com\/de\/wp-json\/wp\/v2\/product\/16955","targetHints":{"allow":["GET"]}}],"collection":[{"href":"https:\/\/www.gtline.com\/de\/wp-json\/wp\/v2\/product"}],"about":[{"href":"https:\/\/www.gtline.com\/de\/wp-json\/wp\/v2\/types\/product"}],"replies":[{"embeddable":true,"href":"https:\/\/www.gtline.com\/de\/wp-json\/wp\/v2\/comments?post=16955"}],"version-history":[{"count":2,"href":"https:\/\/www.gtline.com\/de\/wp-json\/wp\/v2\/product\/16955\/revisions"}],"predecessor-version":[{"id":22383,"href":"https:\/\/www.gtline.com\/de\/wp-json\/wp\/v2\/product\/16955\/revisions\/22383"}],"wp:featuredmedia":[{"embeddable":true,"href":"https:\/\/www.gtline.com\/de\/wp-json\/wp\/v2\/media\/8859"}],"wp:attachment":[{"href":"https:\/\/www.gtline.com\/de\/wp-json\/wp\/v2\/media?parent=16955"}],"wp:term":[{"taxonomy":"product_brand","embeddable":true,"href":"https:\/\/www.gtline.com\/de\/wp-json\/wp\/v2\/product_brand?post=16955"},{"taxonomy":"product_cat","embeddable":true,"href":"https:\/\/www.gtline.com\/de\/wp-json\/wp\/v2\/product_cat?post=16955"},{"taxonomy":"product_tag","embeddable":true,"href":"https:\/\/www.gtline.com\/de\/wp-json\/wp\/v2\/product_tag?post=16955"}],"curies":[{"name":"wp","href":"https:\/\/api.w.org\/{rel}","templated":true}]}}