{"id":16957,"date":"2025-07-30T10:22:06","date_gmt":"2025-07-30T10:22:06","guid":{"rendered":"https:\/\/www.gtline.com\/de\/prodotto\/work-line-by-gt-werkzeughalter-panel-werkzeugrolle-15t-r\/"},"modified":"2026-04-17T02:10:04","modified_gmt":"2026-04-17T02:10:04","slug":"work-line-by-gt-werkzeughalter-panel-werkzeugrolle-15t-r","status":"publish","type":"product","link":"https:\/\/www.gtline.com\/de\/products\/work-line-by-gt-werkzeughalter-panel-werkzeugrolle-15t-r\/","title":{"rendered":"Work Line by GT Werkzeughalter Panel Werkzeugrolle 15T R"},"content":{"rendered":"<p data-start=\"23\" data-end=\"227\"><strong data-start=\"23\" data-end=\"78\">1.15 Taschen f\u00fcr eine geordnete Werkzeugorganisation.<br \/><\/strong><br data-start=\"78\" data-end=\"81\">Bietet eine <strong data-start=\"96\" data-end=\"163\">effiziente Anordnung von Handwerkzeugen unterschiedlicher Gr\u00f6\u00dfe<\/strong>, erleichtert den Zugriff und reduziert die <strong data-start=\"207\" data-end=\"224\">Einsatzzeiten<\/strong>.<\/p>\n<p data-start=\"232\" data-end=\"441\"><strong data-start=\"232\" data-end=\"292\">2.Offenes Format: 680 x 320 mm f\u00fcr vollst\u00e4ndige \u00dcbersicht.<br \/><\/strong><br data-start=\"292\" data-end=\"295\">Die <strong data-start=\"302\" data-end=\"323\">gro\u00dfz\u00fcgige Fl\u00e4che<\/strong> erm\u00f6glicht eine <strong data-start=\"340\" data-end=\"378\">klare und \u00fcbersichtliche Anordnung<\/strong> der Werkzeuge, verhindert <strong data-start=\"405\" data-end=\"438\" data-is-only-node=\"\">\u00dcberlagerungen oder Unordnung<\/strong>.<\/p>\n<p data-start=\"446\" data-end=\"691\"><strong data-start=\"446\" data-end=\"499\">3.Rollbares Design \u2013 ideal f\u00fcr den mobilen Einsatz.<br \/><\/strong><br data-start=\"499\" data-end=\"502\">Im <strong data-start=\"508\" data-end=\"533\">geschlossenen Zustand<\/strong> nimmt die Rolle <strong data-start=\"550\" data-end=\"570\">sehr wenig Platz<\/strong> ein und ist <strong data-start=\"583\" data-end=\"603\" data-is-only-node=\"\">perfekt geeignet<\/strong>, um sie in einer <strong data-start=\"621\" data-end=\"675\">Werkzeugtasche oder einem kompakten Werkzeugkoffer<\/strong> zu verstauen.<\/p>\n<p data-start=\"696\" data-end=\"867\"><strong data-start=\"696\" data-end=\"727\">4.Leichtgewicht: nur 0,40 kg.<br \/><\/strong><br data-start=\"727\" data-end=\"730\"><strong data-start=\"733\" data-end=\"762\">Einfach zu transportieren<\/strong>, sowohl <strong data-start=\"771\" data-end=\"783\">von Hand<\/strong> als auch <strong data-start=\"793\" data-end=\"822\">in einem Werkzeugrucksack<\/strong>, ohne zus\u00e4tzliches Gewicht zu verursachen.<\/p>\n<p data-start=\"872\" data-end=\"1154\"><strong data-start=\"872\" data-end=\"938\">5.Perfekt f\u00fcr Techniker, Wartungspersonal und mobile Handwerker.<br \/><\/strong><br data-start=\"938\" data-end=\"941\">Das <strong data-start=\"948\" data-end=\"966\">ideale Zubeh\u00f6r<\/strong> zur Kombination mit einer <strong data-start=\"993\" data-end=\"1068\">Werkzeugkiste, einem professionellen Rucksack oder einer Werkzeugtasche<\/strong>, um die <strong data-start=\"1077\" data-end=\"1107\" data-is-only-node=\"\">Organisation zu maximieren<\/strong>, ohne auf <strong data-start=\"1118\" data-end=\"1137\">Praktikabilit\u00e4t<\/strong> zu verzichten.<\/p>\n<p data-start=\"1159\" data-end=\"1391\"><strong data-start=\"1159\" data-end=\"1210\">6.Vollst\u00e4ndig kompatibel mit der Work Line by GT.<br \/><\/strong><br data-start=\"1210\" data-end=\"1213\">L\u00e4sst sich <strong data-start=\"1227\" data-end=\"1307\">nahtlos mit Werkzeugkoffern, Arbeitstaschen und Werkzeugrucks\u00e4cken der Serie<\/strong> kombinieren und bietet so <strong data-start=\"1334\" data-end=\"1388\">Flexibilit\u00e4t und Ordnung in jeder Arbeitssituation<\/strong>.<\/p>\n","protected":false},"excerpt":{"rendered":"<p>Der <strong data-start=\"23\" data-end=\"42\" data-is-only-node=\"\">Tool Roll 15T R<\/strong> ist eine <strong data-start=\"52\" data-end=\"92\">praktische und leichte Werkzeugrolle<\/strong>, entwickelt f\u00fcr <strong data-start=\"109\" data-end=\"119\">Profis<\/strong>, die ihre <strong data-start=\"130\" data-end=\"173\">wichtigsten Werkzeuge stets griffbereit<\/strong> haben m\u00f6chten \u2013 mit <strong data-start=\"194\" data-end=\"227\">Ordnung und schnellem Zugriff<\/strong>.<br \/><br data-start=\"228\" data-end=\"231\">Mit <strong data-start=\"235\" data-end=\"257\">15 Werkzeugtaschen<\/strong> ausgestattet, ist sie ideal zur <strong data-start=\"290\" data-end=\"325\">Aufbewahrung von Handwerkzeugen<\/strong> wie <strong data-start=\"330\" data-end=\"370\">Schraubendrehern, Schl\u00fcsseln, Zangen<\/strong> und <strong data-start=\"375\" data-end=\"390\">Kleinteilen<\/strong>.<br data-start=\"391\" data-end=\"394\">Dank ihrer <strong data-start=\"405\" data-end=\"423\">Vielseitigkeit<\/strong> l\u00e4sst sie sich <strong data-start=\"439\" data-end=\"529\">in eine professionelle Werkzeugtasche, einen Arbeitsrucksack oder einen Werkzeugkoffer<\/strong> integrieren oder <strong data-start=\"547\" data-end=\"568\">einzeln verwenden<\/strong> \u2013 perfekt f\u00fcr <strong data-start=\"583\" data-end=\"604\">schnelle Eins\u00e4tze<\/strong>.<br \/><br data-start=\"605\" data-end=\"608\">Durch das <strong data-start=\"618\" data-end=\"637\">faltbare Design<\/strong> und das <strong data-start=\"646\" data-end=\"665\">geringe Gewicht<\/strong> ist sie das <strong data-start=\"678\" data-end=\"696\">ideale Zubeh\u00f6r<\/strong> zu einer <strong data-start=\"706\" data-end=\"799\">professionellen Werkzeugkiste, einem Arbeitsrucksack oder einem Trolley der GT Line-Serie<\/strong>.<\/p>\n","protected":false},"featured_media":8867,"comment_status":"open","ping_status":"closed","template":"","meta":{"_acf_changed":false},"product_brand":[],"product_cat":[230],"product_tag":[],"class_list":{"0":"post-16957","1":"product","2":"type-product","3":"status-publish","4":"has-post-thumbnail","6":"product_cat-linea-top","7":"pa_anwendungen-koffer-und-taschen-fur-betreuer","8":"pa_anwendungen-koffer-und-taschen-fur-elektriker","9":"pa_anwendungen-koffer-und-taschen-fur-installateure","10":"pa_anwendungen-koffer-und-taschen-fur-servicetechniker","11":"pa_produkttyp-werkzeugtaschen-und-rucksacke","13":"first","14":"instock","15":"shipping-taxable","16":"purchasable","17":"product-type-simple"},"acf":[],"yoast_head":"<!-- This site is optimized with the Yoast SEO plugin v25.4 - https:\/\/yoast.com\/wordpress\/plugins\/seo\/ -->\n<title>Work Line by GT Werkzeughalter Panel Werkzeugrolle 15T R - Gt Line DE<\/title>\n<meta name=\"robots\" content=\"index, follow, max-snippet:-1, max-image-preview:large, max-video-preview:-1\" \/>\n<link rel=\"canonical\" href=\"https:\/\/www.gtline.com\/de\/products\/work-line-by-gt-werkzeughalter-panel-werkzeugrolle-15t-r\/\" \/>\n<meta property=\"og:locale\" content=\"de_DE\" \/>\n<meta property=\"og:type\" content=\"article\" \/>\n<meta property=\"og:title\" content=\"Work Line by GT Werkzeughalter Panel Werkzeugrolle 15T R - Gt Line DE\" \/>\n<meta property=\"og:description\" content=\"Der Tool Roll 15T R ist eine praktische und leichte Werkzeugrolle, entwickelt f\u00fcr Profis, die ihre wichtigsten Werkzeuge stets griffbereit haben m\u00f6chten \u2013 mit Ordnung und schnellem Zugriff.Mit 15 Werkzeugtaschen ausgestattet, ist sie ideal zur Aufbewahrung von Handwerkzeugen wie Schraubendrehern, Schl\u00fcsseln, Zangen und Kleinteilen.Dank ihrer Vielseitigkeit l\u00e4sst sie sich in eine professionelle Werkzeugtasche, einen Arbeitsrucksack oder einen Werkzeugkoffer integrieren oder einzeln verwenden \u2013 perfekt f\u00fcr schnelle Eins\u00e4tze.Durch das faltbare Design und das geringe Gewicht ist sie das ideale Zubeh\u00f6r zu einer professionellen Werkzeugkiste, einem Arbeitsrucksack oder einem Trolley der GT Line-Serie.\" \/>\n<meta property=\"og:url\" content=\"https:\/\/www.gtline.com\/de\/products\/work-line-by-gt-werkzeughalter-panel-werkzeugrolle-15t-r\/\" \/>\n<meta property=\"og:site_name\" content=\"Gt Line DE\" \/>\n<meta property=\"article:publisher\" content=\"https:\/\/www.facebook.com\/gtlinesrl?locale=it_IT\" \/>\n<meta property=\"article:modified_time\" content=\"2026-04-17T02:10:04+00:00\" \/>\n<meta property=\"og:image\" content=\"https:\/\/www.gtline.com\/de\/wp-content\/uploads\/sites\/5\/2025\/05\/TOOL-ROLL-15T-R_ALL_01_9051.jpg\" \/>\n\t<meta property=\"og:image:width\" content=\"500\" \/>\n\t<meta property=\"og:image:height\" content=\"500\" \/>\n\t<meta property=\"og:image:type\" content=\"image\/jpeg\" \/>\n<meta name=\"twitter:card\" content=\"summary_large_image\" \/>\n<meta name=\"twitter:label1\" content=\"Gesch\u00e4tzte Lesezeit\" \/>\n\t<meta name=\"twitter:data1\" content=\"1\u00a0Minute\" \/>\n<script type=\"application\/ld+json\" class=\"yoast-schema-graph\">{\"@context\":\"https:\/\/schema.org\",\"@graph\":[{\"@type\":\"WebPage\",\"@id\":\"https:\/\/www.gtline.com\/de\/products\/work-line-by-gt-werkzeughalter-panel-werkzeugrolle-15t-r\/\",\"url\":\"https:\/\/www.gtline.com\/de\/products\/work-line-by-gt-werkzeughalter-panel-werkzeugrolle-15t-r\/\",\"name\":\"Work Line by GT Werkzeughalter Panel Werkzeugrolle 15T R - Gt Line DE\",\"isPartOf\":{\"@id\":\"https:\/\/www.gtline.com\/de\/#website\"},\"primaryImageOfPage\":{\"@id\":\"https:\/\/www.gtline.com\/de\/products\/work-line-by-gt-werkzeughalter-panel-werkzeugrolle-15t-r\/#primaryimage\"},\"image\":{\"@id\":\"https:\/\/www.gtline.com\/de\/products\/work-line-by-gt-werkzeughalter-panel-werkzeugrolle-15t-r\/#primaryimage\"},\"thumbnailUrl\":\"https:\/\/www.gtline.com\/de\/wp-content\/uploads\/sites\/5\/2025\/05\/TOOL-ROLL-15T-R_ALL_01_9051.jpg\",\"datePublished\":\"2025-07-30T10:22:06+00:00\",\"dateModified\":\"2026-04-17T02:10:04+00:00\",\"breadcrumb\":{\"@id\":\"https:\/\/www.gtline.com\/de\/products\/work-line-by-gt-werkzeughalter-panel-werkzeugrolle-15t-r\/#breadcrumb\"},\"inLanguage\":\"de\",\"potentialAction\":[{\"@type\":\"ReadAction\",\"target\":[\"https:\/\/www.gtline.com\/de\/products\/work-line-by-gt-werkzeughalter-panel-werkzeugrolle-15t-r\/\"]}]},{\"@type\":\"ImageObject\",\"inLanguage\":\"de\",\"@id\":\"https:\/\/www.gtline.com\/de\/products\/work-line-by-gt-werkzeughalter-panel-werkzeugrolle-15t-r\/#primaryimage\",\"url\":\"https:\/\/www.gtline.com\/de\/wp-content\/uploads\/sites\/5\/2025\/05\/TOOL-ROLL-15T-R_ALL_01_9051.jpg\",\"contentUrl\":\"https:\/\/www.gtline.com\/de\/wp-content\/uploads\/sites\/5\/2025\/05\/TOOL-ROLL-15T-R_ALL_01_9051.jpg\",\"width\":500,\"height\":500},{\"@type\":\"BreadcrumbList\",\"@id\":\"https:\/\/www.gtline.com\/de\/products\/work-line-by-gt-werkzeughalter-panel-werkzeugrolle-15t-r\/#breadcrumb\",\"itemListElement\":[{\"@type\":\"ListItem\",\"position\":1,\"name\":\"Home\",\"item\":\"https:\/\/www.gtline.com\/de\/\"},{\"@type\":\"ListItem\",\"position\":2,\"name\":\"Shop\",\"item\":\"https:\/\/www.gtline.com\/de\/negozio\/\"},{\"@type\":\"ListItem\",\"position\":3,\"name\":\"Work Line by GT Werkzeughalter Panel Werkzeugrolle 15T R\"}]},{\"@type\":\"WebSite\",\"@id\":\"https:\/\/www.gtline.com\/de\/#website\",\"url\":\"https:\/\/www.gtline.com\/de\/\",\"name\":\"Gt Line\",\"description\":\"\",\"publisher\":{\"@id\":\"https:\/\/www.gtline.com\/de\/#organization\"},\"potentialAction\":[{\"@type\":\"SearchAction\",\"target\":{\"@type\":\"EntryPoint\",\"urlTemplate\":\"https:\/\/www.gtline.com\/de\/?s={search_term_string}\"},\"query-input\":{\"@type\":\"PropertyValueSpecification\",\"valueRequired\":true,\"valueName\":\"search_term_string\"}}],\"inLanguage\":\"de\"},{\"@type\":\"Organization\",\"@id\":\"https:\/\/www.gtline.com\/de\/#organization\",\"name\":\"Gt Line\",\"url\":\"https:\/\/www.gtline.com\/de\/\",\"logo\":{\"@type\":\"ImageObject\",\"inLanguage\":\"de\",\"@id\":\"https:\/\/www.gtline.com\/de\/#\/schema\/logo\/image\/\",\"url\":\"https:\/\/www.gtline.com\/de\/wp-content\/uploads\/sites\/5\/2025\/02\/logo.png\",\"contentUrl\":\"https:\/\/www.gtline.com\/de\/wp-content\/uploads\/sites\/5\/2025\/02\/logo.png\",\"width\":228,\"height\":146,\"caption\":\"Gt Line\"},\"image\":{\"@id\":\"https:\/\/www.gtline.com\/de\/#\/schema\/logo\/image\/\"},\"sameAs\":[\"https:\/\/www.facebook.com\/gtlinesrl?locale=it_IT\",\"https:\/\/www.instagram.com\/gt_line_srl\/\",\"https:\/\/www.youtube.com\/channel\/UCDvpkFqswNJOVFz64PkYRQQ\",\"https:\/\/www.linkedin.com\/company\/gt-line-srl\/\"]}]}<\/script>\n<!-- \/ Yoast SEO plugin. -->","yoast_head_json":{"title":"Work Line by GT Werkzeughalter Panel Werkzeugrolle 15T R - Gt Line DE","robots":{"index":"index","follow":"follow","max-snippet":"max-snippet:-1","max-image-preview":"max-image-preview:large","max-video-preview":"max-video-preview:-1"},"canonical":"https:\/\/www.gtline.com\/de\/products\/work-line-by-gt-werkzeughalter-panel-werkzeugrolle-15t-r\/","og_locale":"de_DE","og_type":"article","og_title":"Work Line by GT Werkzeughalter Panel Werkzeugrolle 15T R - Gt Line DE","og_description":"Der Tool Roll 15T R ist eine praktische und leichte Werkzeugrolle, entwickelt f\u00fcr Profis, die ihre wichtigsten Werkzeuge stets griffbereit haben m\u00f6chten \u2013 mit Ordnung und schnellem Zugriff.Mit 15 Werkzeugtaschen ausgestattet, ist sie ideal zur Aufbewahrung von Handwerkzeugen wie Schraubendrehern, Schl\u00fcsseln, Zangen und Kleinteilen.Dank ihrer Vielseitigkeit l\u00e4sst sie sich in eine professionelle Werkzeugtasche, einen Arbeitsrucksack oder einen Werkzeugkoffer integrieren oder einzeln verwenden \u2013 perfekt f\u00fcr schnelle Eins\u00e4tze.Durch das faltbare Design und das geringe Gewicht ist sie das ideale Zubeh\u00f6r zu einer professionellen Werkzeugkiste, einem Arbeitsrucksack oder einem Trolley der GT Line-Serie.","og_url":"https:\/\/www.gtline.com\/de\/products\/work-line-by-gt-werkzeughalter-panel-werkzeugrolle-15t-r\/","og_site_name":"Gt Line DE","article_publisher":"https:\/\/www.facebook.com\/gtlinesrl?locale=it_IT","article_modified_time":"2026-04-17T02:10:04+00:00","og_image":[{"width":500,"height":500,"url":"https:\/\/www.gtline.com\/de\/wp-content\/uploads\/sites\/5\/2025\/05\/TOOL-ROLL-15T-R_ALL_01_9051.jpg","type":"image\/jpeg"}],"twitter_card":"summary_large_image","twitter_misc":{"Gesch\u00e4tzte Lesezeit":"1\u00a0Minute"},"schema":{"@context":"https:\/\/schema.org","@graph":[{"@type":"WebPage","@id":"https:\/\/www.gtline.com\/de\/products\/work-line-by-gt-werkzeughalter-panel-werkzeugrolle-15t-r\/","url":"https:\/\/www.gtline.com\/de\/products\/work-line-by-gt-werkzeughalter-panel-werkzeugrolle-15t-r\/","name":"Work Line by GT Werkzeughalter Panel Werkzeugrolle 15T R - Gt Line DE","isPartOf":{"@id":"https:\/\/www.gtline.com\/de\/#website"},"primaryImageOfPage":{"@id":"https:\/\/www.gtline.com\/de\/products\/work-line-by-gt-werkzeughalter-panel-werkzeugrolle-15t-r\/#primaryimage"},"image":{"@id":"https:\/\/www.gtline.com\/de\/products\/work-line-by-gt-werkzeughalter-panel-werkzeugrolle-15t-r\/#primaryimage"},"thumbnailUrl":"https:\/\/www.gtline.com\/de\/wp-content\/uploads\/sites\/5\/2025\/05\/TOOL-ROLL-15T-R_ALL_01_9051.jpg","datePublished":"2025-07-30T10:22:06+00:00","dateModified":"2026-04-17T02:10:04+00:00","breadcrumb":{"@id":"https:\/\/www.gtline.com\/de\/products\/work-line-by-gt-werkzeughalter-panel-werkzeugrolle-15t-r\/#breadcrumb"},"inLanguage":"de","potentialAction":[{"@type":"ReadAction","target":["https:\/\/www.gtline.com\/de\/products\/work-line-by-gt-werkzeughalter-panel-werkzeugrolle-15t-r\/"]}]},{"@type":"ImageObject","inLanguage":"de","@id":"https:\/\/www.gtline.com\/de\/products\/work-line-by-gt-werkzeughalter-panel-werkzeugrolle-15t-r\/#primaryimage","url":"https:\/\/www.gtline.com\/de\/wp-content\/uploads\/sites\/5\/2025\/05\/TOOL-ROLL-15T-R_ALL_01_9051.jpg","contentUrl":"https:\/\/www.gtline.com\/de\/wp-content\/uploads\/sites\/5\/2025\/05\/TOOL-ROLL-15T-R_ALL_01_9051.jpg","width":500,"height":500},{"@type":"BreadcrumbList","@id":"https:\/\/www.gtline.com\/de\/products\/work-line-by-gt-werkzeughalter-panel-werkzeugrolle-15t-r\/#breadcrumb","itemListElement":[{"@type":"ListItem","position":1,"name":"Home","item":"https:\/\/www.gtline.com\/de\/"},{"@type":"ListItem","position":2,"name":"Shop","item":"https:\/\/www.gtline.com\/de\/negozio\/"},{"@type":"ListItem","position":3,"name":"Work Line by GT Werkzeughalter Panel Werkzeugrolle 15T R"}]},{"@type":"WebSite","@id":"https:\/\/www.gtline.com\/de\/#website","url":"https:\/\/www.gtline.com\/de\/","name":"Gt Line","description":"","publisher":{"@id":"https:\/\/www.gtline.com\/de\/#organization"},"potentialAction":[{"@type":"SearchAction","target":{"@type":"EntryPoint","urlTemplate":"https:\/\/www.gtline.com\/de\/?s={search_term_string}"},"query-input":{"@type":"PropertyValueSpecification","valueRequired":true,"valueName":"search_term_string"}}],"inLanguage":"de"},{"@type":"Organization","@id":"https:\/\/www.gtline.com\/de\/#organization","name":"Gt Line","url":"https:\/\/www.gtline.com\/de\/","logo":{"@type":"ImageObject","inLanguage":"de","@id":"https:\/\/www.gtline.com\/de\/#\/schema\/logo\/image\/","url":"https:\/\/www.gtline.com\/de\/wp-content\/uploads\/sites\/5\/2025\/02\/logo.png","contentUrl":"https:\/\/www.gtline.com\/de\/wp-content\/uploads\/sites\/5\/2025\/02\/logo.png","width":228,"height":146,"caption":"Gt Line"},"image":{"@id":"https:\/\/www.gtline.com\/de\/#\/schema\/logo\/image\/"},"sameAs":["https:\/\/www.facebook.com\/gtlinesrl?locale=it_IT","https:\/\/www.instagram.com\/gt_line_srl\/","https:\/\/www.youtube.com\/channel\/UCDvpkFqswNJOVFz64PkYRQQ","https:\/\/www.linkedin.com\/company\/gt-line-srl\/"]}]}},"_links":{"self":[{"href":"https:\/\/www.gtline.com\/de\/wp-json\/wp\/v2\/product\/16957","targetHints":{"allow":["GET"]}}],"collection":[{"href":"https:\/\/www.gtline.com\/de\/wp-json\/wp\/v2\/product"}],"about":[{"href":"https:\/\/www.gtline.com\/de\/wp-json\/wp\/v2\/types\/product"}],"replies":[{"embeddable":true,"href":"https:\/\/www.gtline.com\/de\/wp-json\/wp\/v2\/comments?post=16957"}],"version-history":[{"count":2,"href":"https:\/\/www.gtline.com\/de\/wp-json\/wp\/v2\/product\/16957\/revisions"}],"predecessor-version":[{"id":22384,"href":"https:\/\/www.gtline.com\/de\/wp-json\/wp\/v2\/product\/16957\/revisions\/22384"}],"wp:featuredmedia":[{"embeddable":true,"href":"https:\/\/www.gtline.com\/de\/wp-json\/wp\/v2\/media\/8867"}],"wp:attachment":[{"href":"https:\/\/www.gtline.com\/de\/wp-json\/wp\/v2\/media?parent=16957"}],"wp:term":[{"taxonomy":"product_brand","embeddable":true,"href":"https:\/\/www.gtline.com\/de\/wp-json\/wp\/v2\/product_brand?post=16957"},{"taxonomy":"product_cat","embeddable":true,"href":"https:\/\/www.gtline.com\/de\/wp-json\/wp\/v2\/product_cat?post=16957"},{"taxonomy":"product_tag","embeddable":true,"href":"https:\/\/www.gtline.com\/de\/wp-json\/wp\/v2\/product_tag?post=16957"}],"curies":[{"name":"wp","href":"https:\/\/api.w.org\/{rel}","templated":true}]}}