{"id":16959,"date":"2025-07-30T10:22:09","date_gmt":"2025-07-30T10:22:09","guid":{"rendered":"https:\/\/www.gtline.com\/de\/prodotto\/work-line-by-gt-werkzeughalter-panel-werkzeugrolle-12t-r\/"},"modified":"2026-04-17T02:10:07","modified_gmt":"2026-04-17T02:10:07","slug":"work-line-by-gt-werkzeughalter-panel-werkzeugrolle-12t-r","status":"publish","type":"product","link":"https:\/\/www.gtline.com\/de\/products\/work-line-by-gt-werkzeughalter-panel-werkzeugrolle-12t-r\/","title":{"rendered":"Work line by GT Werkzeughalter Panel Werkzeugrolle 12T R"},"content":{"rendered":"<p data-start=\"0\" data-end=\"18\">1.<strong data-start=\"23\" data-end=\"66\">Werkzeugrolle mit 12 separaten Taschen.<br \/><\/strong><br \/><strong data-start=\"0\" data-end=\"16\"><\/strong><\/p>\n<p data-start=\"23\" data-end=\"252\">Jedes Werkzeug findet dank der <strong data-start=\"103\" data-end=\"138\">gleichm\u00e4\u00dfig angeordneten F\u00e4cher<\/strong> seinen Platz \u2013 ideal f\u00fcr eine <strong data-start=\"169\" data-end=\"220\">ordentliche und sofort zug\u00e4ngliche Aufbewahrung<\/strong> der meistgenutzten Werkzeuge.<\/p>\n<p data-start=\"257\" data-end=\"523\"><strong data-start=\"257\" data-end=\"312\">2.Kompaktes, faltbares Design f\u00fcr maximale Mobilit\u00e4t.<br \/><\/strong><br data-start=\"312\" data-end=\"315\">Wenn sie nicht in Gebrauch ist, l\u00e4sst sich die Rolle <strong data-start=\"371\" data-end=\"397\">einfach zusammenfalten<\/strong> und ben\u00f6tigt <strong data-start=\"411\" data-end=\"430\">minimalen Platz<\/strong> \u2013 perfekt f\u00fcr jede <strong data-start=\"450\" data-end=\"520\" data-is-only-node=\"\">Werkzeugtasche, jeden professionellen Rucksack oder Werkzeugkoffer<\/strong>.<\/p>\n<p data-start=\"528\" data-end=\"739\"><strong data-start=\"528\" data-end=\"588\">3.Offenes Format: 500 x 320 mm f\u00fcr vollst\u00e4ndige \u00dcbersicht.<br \/><\/strong><br data-start=\"588\" data-end=\"591\">Die <strong data-start=\"598\" data-end=\"614\">gro\u00dfe Fl\u00e4che<\/strong> bietet eine <strong data-start=\"627\" data-end=\"665\">komplette Sicht auf alle Werkzeuge<\/strong>, reduziert Suchzeiten und steigert die <strong data-start=\"705\" data-end=\"736\" data-is-only-node=\"\">Produktivit\u00e4t am Einsatzort<\/strong>.<\/p>\n<p data-start=\"744\" data-end=\"958\"><strong data-start=\"744\" data-end=\"773\">4.Ultraleicht: nur 0,35 kg.<br \/><\/strong><br data-start=\"773\" data-end=\"776\">Der <strong data-start=\"783\" data-end=\"802\">Tool Roll 12T R<\/strong> ist die <strong data-start=\"811\" data-end=\"828\">perfekte Wahl<\/strong> f\u00fcr alle, die eine <strong data-start=\"848\" data-end=\"890\" data-is-only-node=\"\">leichte, aber ger\u00e4umige Werkzeugtasche<\/strong> ben\u00f6tigen \u2013 <strong data-start=\"903\" data-end=\"924\">einfach zu tragen<\/strong>, auch ohne zus\u00e4tzliches Gep\u00e4ck.<\/p>\n<p data-start=\"963\" data-end=\"1147\"><strong data-start=\"963\" data-end=\"1000\">5.Ideal f\u00fcr jede Art von Fachkraft.<br \/><\/strong><br data-start=\"1000\" data-end=\"1003\">Perfekt kombinierbar mit einem <strong data-start=\"1037\" data-end=\"1072\">Arbeits-Trolley, Werkzeugkoffer<\/strong> oder als <strong data-start=\"1082\" data-end=\"1108\">eigenst\u00e4ndiges Zubeh\u00f6r<\/strong> f\u00fcr <strong data-start=\"1113\" data-end=\"1144\" data-is-only-node=\"\">schnelle, gezielte Eins\u00e4tze<\/strong>.<\/p>\n<p data-start=\"1152\" data-end=\"1341\"><strong data-start=\"1152\" data-end=\"1194\">6.Kompatibel mit allen GT Line-L\u00f6sungen.<br \/><\/strong><br data-start=\"1194\" data-end=\"1197\">Entwickelt f\u00fcr die <strong data-start=\"1219\" data-end=\"1243\">nahtlose Integration<\/strong> mit <strong data-start=\"1248\" data-end=\"1314\">professionellen Koffern, Werkzeugtaschen und Arbeitsrucks\u00e4cken<\/strong>der <strong data-start=\"1319\" data-end=\"1338\" data-is-only-node=\"\">Work Line by GT<\/strong>.<\/p><\/p>\n","protected":false},"excerpt":{"rendered":"<p>Der <strong data-start=\"23\" data-end=\"42\" data-is-only-node=\"\">Tool Roll 12T R<\/strong> ist die <strong data-start=\"51\" data-end=\"77\">perfekte Werkzeugrolle<\/strong> f\u00fcr alle, die eine <strong data-start=\"97\" data-end=\"151\">praktische, leichte und \u00e4u\u00dferst funktionale L\u00f6sung<\/strong> zur <strong data-start=\"156\" data-end=\"188\">Organisation ihrer Werkzeuge<\/strong> suchen.<br data-start=\"196\" data-end=\"199\">Mit <strong data-start=\"203\" data-end=\"239\">12 speziell angeordneten Taschen<\/strong> bietet sie Platz f\u00fcr <strong data-start=\"261\" data-end=\"299\">Schl\u00fcssel, Zangen, Schraubendreher<\/strong> und andere Arbeitswerkzeuge, <strong data-start=\"330\" data-end=\"353\">geordnet und sicher<\/strong>.<br \/><br data-start=\"354\" data-end=\"357\">Ideal zum <strong data-start=\"367\" data-end=\"460\">Einlegen in eine professionelle Werkzeugtasche, einen Arbeitsrucksack oder Werkzeugkoffer<\/strong>, oder auch <strong data-start=\"472\" data-end=\"491\">einzeln nutzbar<\/strong> bei schnellen Eins\u00e4tzen.<br \/><br data-start=\"516\" data-end=\"519\">Der <strong data-start=\"523\" data-end=\"542\">Tool Roll 12T R<\/strong> kombiniert <strong data-start=\"554\" data-end=\"588\">Kompaktheit und Vielseitigkeit<\/strong> und ist damit das <strong data-start=\"607\" data-end=\"641\">unverzichtbare Werkzeugzubeh\u00f6r<\/strong>f\u00fcr den modernen Techniker, der <strong data-start=\"674\" data-end=\"720\">Effizienz und schnelle Einsatzbereitschaft<\/strong> sch\u00e4tzt, eine <strong data-start=\"736\" data-end=\"767\">ultraleichte Werkzeugtasche<\/strong> f\u00fcr den professionellen Einsatz.<\/p>\n","protected":false},"featured_media":8874,"comment_status":"open","ping_status":"closed","template":"","meta":{"_acf_changed":false},"product_brand":[],"product_cat":[230],"product_tag":[],"class_list":{"0":"post-16959","1":"product","2":"type-product","3":"status-publish","4":"has-post-thumbnail","6":"product_cat-linea-top","7":"pa_anwendungen-koffer-und-taschen-fur-betreuer","8":"pa_anwendungen-koffer-und-taschen-fur-elektriker","9":"pa_anwendungen-koffer-und-taschen-fur-installateure","10":"pa_anwendungen-koffer-und-taschen-fur-servicetechniker","11":"pa_produkttyp-werkzeugtaschen-und-rucksacke","13":"first","14":"instock","15":"shipping-taxable","16":"purchasable","17":"product-type-simple"},"acf":[],"yoast_head":"<!-- This site is optimized with the Yoast SEO plugin v25.4 - https:\/\/yoast.com\/wordpress\/plugins\/seo\/ -->\n<title>Work line by GT Werkzeughalter Panel Werkzeugrolle 12T R - Gt Line DE<\/title>\n<meta name=\"robots\" content=\"index, follow, max-snippet:-1, max-image-preview:large, max-video-preview:-1\" \/>\n<link rel=\"canonical\" href=\"https:\/\/www.gtline.com\/de\/products\/work-line-by-gt-werkzeughalter-panel-werkzeugrolle-12t-r\/\" \/>\n<meta property=\"og:locale\" content=\"de_DE\" \/>\n<meta property=\"og:type\" content=\"article\" \/>\n<meta property=\"og:title\" content=\"Work line by GT Werkzeughalter Panel Werkzeugrolle 12T R - Gt Line DE\" \/>\n<meta property=\"og:description\" content=\"Der Tool Roll 12T R ist die perfekte Werkzeugrolle f\u00fcr alle, die eine praktische, leichte und \u00e4u\u00dferst funktionale L\u00f6sung zur Organisation ihrer Werkzeuge suchen.Mit 12 speziell angeordneten Taschen bietet sie Platz f\u00fcr Schl\u00fcssel, Zangen, Schraubendreher und andere Arbeitswerkzeuge, geordnet und sicher.Ideal zum Einlegen in eine professionelle Werkzeugtasche, einen Arbeitsrucksack oder Werkzeugkoffer, oder auch einzeln nutzbar bei schnellen Eins\u00e4tzen.Der Tool Roll 12T R kombiniert Kompaktheit und Vielseitigkeit und ist damit das unverzichtbare Werkzeugzubeh\u00f6rf\u00fcr den modernen Techniker, der Effizienz und schnelle Einsatzbereitschaft sch\u00e4tzt, eine ultraleichte Werkzeugtasche f\u00fcr den professionellen Einsatz.\" \/>\n<meta property=\"og:url\" content=\"https:\/\/www.gtline.com\/de\/products\/work-line-by-gt-werkzeughalter-panel-werkzeugrolle-12t-r\/\" \/>\n<meta property=\"og:site_name\" content=\"Gt Line DE\" \/>\n<meta property=\"article:publisher\" content=\"https:\/\/www.facebook.com\/gtlinesrl?locale=it_IT\" \/>\n<meta property=\"article:modified_time\" content=\"2026-04-17T02:10:07+00:00\" \/>\n<meta property=\"og:image\" content=\"https:\/\/www.gtline.com\/de\/wp-content\/uploads\/sites\/5\/2025\/05\/TOOL-ROLL-12T-R_ALL_01_9052.jpg\" \/>\n\t<meta property=\"og:image:width\" content=\"500\" \/>\n\t<meta property=\"og:image:height\" content=\"500\" \/>\n\t<meta property=\"og:image:type\" content=\"image\/jpeg\" \/>\n<meta name=\"twitter:card\" content=\"summary_large_image\" \/>\n<meta name=\"twitter:label1\" content=\"Gesch\u00e4tzte Lesezeit\" \/>\n\t<meta name=\"twitter:data1\" content=\"1\u00a0Minute\" \/>\n<script type=\"application\/ld+json\" class=\"yoast-schema-graph\">{\"@context\":\"https:\/\/schema.org\",\"@graph\":[{\"@type\":\"WebPage\",\"@id\":\"https:\/\/www.gtline.com\/de\/products\/work-line-by-gt-werkzeughalter-panel-werkzeugrolle-12t-r\/\",\"url\":\"https:\/\/www.gtline.com\/de\/products\/work-line-by-gt-werkzeughalter-panel-werkzeugrolle-12t-r\/\",\"name\":\"Work line by GT Werkzeughalter Panel Werkzeugrolle 12T R - Gt Line DE\",\"isPartOf\":{\"@id\":\"https:\/\/www.gtline.com\/de\/#website\"},\"primaryImageOfPage\":{\"@id\":\"https:\/\/www.gtline.com\/de\/products\/work-line-by-gt-werkzeughalter-panel-werkzeugrolle-12t-r\/#primaryimage\"},\"image\":{\"@id\":\"https:\/\/www.gtline.com\/de\/products\/work-line-by-gt-werkzeughalter-panel-werkzeugrolle-12t-r\/#primaryimage\"},\"thumbnailUrl\":\"https:\/\/www.gtline.com\/de\/wp-content\/uploads\/sites\/5\/2025\/05\/TOOL-ROLL-12T-R_ALL_01_9052.jpg\",\"datePublished\":\"2025-07-30T10:22:09+00:00\",\"dateModified\":\"2026-04-17T02:10:07+00:00\",\"breadcrumb\":{\"@id\":\"https:\/\/www.gtline.com\/de\/products\/work-line-by-gt-werkzeughalter-panel-werkzeugrolle-12t-r\/#breadcrumb\"},\"inLanguage\":\"de\",\"potentialAction\":[{\"@type\":\"ReadAction\",\"target\":[\"https:\/\/www.gtline.com\/de\/products\/work-line-by-gt-werkzeughalter-panel-werkzeugrolle-12t-r\/\"]}]},{\"@type\":\"ImageObject\",\"inLanguage\":\"de\",\"@id\":\"https:\/\/www.gtline.com\/de\/products\/work-line-by-gt-werkzeughalter-panel-werkzeugrolle-12t-r\/#primaryimage\",\"url\":\"https:\/\/www.gtline.com\/de\/wp-content\/uploads\/sites\/5\/2025\/05\/TOOL-ROLL-12T-R_ALL_01_9052.jpg\",\"contentUrl\":\"https:\/\/www.gtline.com\/de\/wp-content\/uploads\/sites\/5\/2025\/05\/TOOL-ROLL-12T-R_ALL_01_9052.jpg\",\"width\":500,\"height\":500},{\"@type\":\"BreadcrumbList\",\"@id\":\"https:\/\/www.gtline.com\/de\/products\/work-line-by-gt-werkzeughalter-panel-werkzeugrolle-12t-r\/#breadcrumb\",\"itemListElement\":[{\"@type\":\"ListItem\",\"position\":1,\"name\":\"Home\",\"item\":\"https:\/\/www.gtline.com\/de\/\"},{\"@type\":\"ListItem\",\"position\":2,\"name\":\"Shop\",\"item\":\"https:\/\/www.gtline.com\/de\/negozio\/\"},{\"@type\":\"ListItem\",\"position\":3,\"name\":\"Work line by GT Werkzeughalter Panel Werkzeugrolle 12T R\"}]},{\"@type\":\"WebSite\",\"@id\":\"https:\/\/www.gtline.com\/de\/#website\",\"url\":\"https:\/\/www.gtline.com\/de\/\",\"name\":\"Gt Line\",\"description\":\"\",\"publisher\":{\"@id\":\"https:\/\/www.gtline.com\/de\/#organization\"},\"potentialAction\":[{\"@type\":\"SearchAction\",\"target\":{\"@type\":\"EntryPoint\",\"urlTemplate\":\"https:\/\/www.gtline.com\/de\/?s={search_term_string}\"},\"query-input\":{\"@type\":\"PropertyValueSpecification\",\"valueRequired\":true,\"valueName\":\"search_term_string\"}}],\"inLanguage\":\"de\"},{\"@type\":\"Organization\",\"@id\":\"https:\/\/www.gtline.com\/de\/#organization\",\"name\":\"Gt Line\",\"url\":\"https:\/\/www.gtline.com\/de\/\",\"logo\":{\"@type\":\"ImageObject\",\"inLanguage\":\"de\",\"@id\":\"https:\/\/www.gtline.com\/de\/#\/schema\/logo\/image\/\",\"url\":\"https:\/\/www.gtline.com\/de\/wp-content\/uploads\/sites\/5\/2025\/02\/logo.png\",\"contentUrl\":\"https:\/\/www.gtline.com\/de\/wp-content\/uploads\/sites\/5\/2025\/02\/logo.png\",\"width\":228,\"height\":146,\"caption\":\"Gt Line\"},\"image\":{\"@id\":\"https:\/\/www.gtline.com\/de\/#\/schema\/logo\/image\/\"},\"sameAs\":[\"https:\/\/www.facebook.com\/gtlinesrl?locale=it_IT\",\"https:\/\/www.instagram.com\/gt_line_srl\/\",\"https:\/\/www.youtube.com\/channel\/UCDvpkFqswNJOVFz64PkYRQQ\",\"https:\/\/www.linkedin.com\/company\/gt-line-srl\/\"]}]}<\/script>\n<!-- \/ Yoast SEO plugin. -->","yoast_head_json":{"title":"Work line by GT Werkzeughalter Panel Werkzeugrolle 12T R - Gt Line DE","robots":{"index":"index","follow":"follow","max-snippet":"max-snippet:-1","max-image-preview":"max-image-preview:large","max-video-preview":"max-video-preview:-1"},"canonical":"https:\/\/www.gtline.com\/de\/products\/work-line-by-gt-werkzeughalter-panel-werkzeugrolle-12t-r\/","og_locale":"de_DE","og_type":"article","og_title":"Work line by GT Werkzeughalter Panel Werkzeugrolle 12T R - Gt Line DE","og_description":"Der Tool Roll 12T R ist die perfekte Werkzeugrolle f\u00fcr alle, die eine praktische, leichte und \u00e4u\u00dferst funktionale L\u00f6sung zur Organisation ihrer Werkzeuge suchen.Mit 12 speziell angeordneten Taschen bietet sie Platz f\u00fcr Schl\u00fcssel, Zangen, Schraubendreher und andere Arbeitswerkzeuge, geordnet und sicher.Ideal zum Einlegen in eine professionelle Werkzeugtasche, einen Arbeitsrucksack oder Werkzeugkoffer, oder auch einzeln nutzbar bei schnellen Eins\u00e4tzen.Der Tool Roll 12T R kombiniert Kompaktheit und Vielseitigkeit und ist damit das unverzichtbare Werkzeugzubeh\u00f6rf\u00fcr den modernen Techniker, der Effizienz und schnelle Einsatzbereitschaft sch\u00e4tzt, eine ultraleichte Werkzeugtasche f\u00fcr den professionellen Einsatz.","og_url":"https:\/\/www.gtline.com\/de\/products\/work-line-by-gt-werkzeughalter-panel-werkzeugrolle-12t-r\/","og_site_name":"Gt Line DE","article_publisher":"https:\/\/www.facebook.com\/gtlinesrl?locale=it_IT","article_modified_time":"2026-04-17T02:10:07+00:00","og_image":[{"width":500,"height":500,"url":"https:\/\/www.gtline.com\/de\/wp-content\/uploads\/sites\/5\/2025\/05\/TOOL-ROLL-12T-R_ALL_01_9052.jpg","type":"image\/jpeg"}],"twitter_card":"summary_large_image","twitter_misc":{"Gesch\u00e4tzte Lesezeit":"1\u00a0Minute"},"schema":{"@context":"https:\/\/schema.org","@graph":[{"@type":"WebPage","@id":"https:\/\/www.gtline.com\/de\/products\/work-line-by-gt-werkzeughalter-panel-werkzeugrolle-12t-r\/","url":"https:\/\/www.gtline.com\/de\/products\/work-line-by-gt-werkzeughalter-panel-werkzeugrolle-12t-r\/","name":"Work line by GT Werkzeughalter Panel Werkzeugrolle 12T R - Gt Line DE","isPartOf":{"@id":"https:\/\/www.gtline.com\/de\/#website"},"primaryImageOfPage":{"@id":"https:\/\/www.gtline.com\/de\/products\/work-line-by-gt-werkzeughalter-panel-werkzeugrolle-12t-r\/#primaryimage"},"image":{"@id":"https:\/\/www.gtline.com\/de\/products\/work-line-by-gt-werkzeughalter-panel-werkzeugrolle-12t-r\/#primaryimage"},"thumbnailUrl":"https:\/\/www.gtline.com\/de\/wp-content\/uploads\/sites\/5\/2025\/05\/TOOL-ROLL-12T-R_ALL_01_9052.jpg","datePublished":"2025-07-30T10:22:09+00:00","dateModified":"2026-04-17T02:10:07+00:00","breadcrumb":{"@id":"https:\/\/www.gtline.com\/de\/products\/work-line-by-gt-werkzeughalter-panel-werkzeugrolle-12t-r\/#breadcrumb"},"inLanguage":"de","potentialAction":[{"@type":"ReadAction","target":["https:\/\/www.gtline.com\/de\/products\/work-line-by-gt-werkzeughalter-panel-werkzeugrolle-12t-r\/"]}]},{"@type":"ImageObject","inLanguage":"de","@id":"https:\/\/www.gtline.com\/de\/products\/work-line-by-gt-werkzeughalter-panel-werkzeugrolle-12t-r\/#primaryimage","url":"https:\/\/www.gtline.com\/de\/wp-content\/uploads\/sites\/5\/2025\/05\/TOOL-ROLL-12T-R_ALL_01_9052.jpg","contentUrl":"https:\/\/www.gtline.com\/de\/wp-content\/uploads\/sites\/5\/2025\/05\/TOOL-ROLL-12T-R_ALL_01_9052.jpg","width":500,"height":500},{"@type":"BreadcrumbList","@id":"https:\/\/www.gtline.com\/de\/products\/work-line-by-gt-werkzeughalter-panel-werkzeugrolle-12t-r\/#breadcrumb","itemListElement":[{"@type":"ListItem","position":1,"name":"Home","item":"https:\/\/www.gtline.com\/de\/"},{"@type":"ListItem","position":2,"name":"Shop","item":"https:\/\/www.gtline.com\/de\/negozio\/"},{"@type":"ListItem","position":3,"name":"Work line by GT Werkzeughalter Panel Werkzeugrolle 12T R"}]},{"@type":"WebSite","@id":"https:\/\/www.gtline.com\/de\/#website","url":"https:\/\/www.gtline.com\/de\/","name":"Gt Line","description":"","publisher":{"@id":"https:\/\/www.gtline.com\/de\/#organization"},"potentialAction":[{"@type":"SearchAction","target":{"@type":"EntryPoint","urlTemplate":"https:\/\/www.gtline.com\/de\/?s={search_term_string}"},"query-input":{"@type":"PropertyValueSpecification","valueRequired":true,"valueName":"search_term_string"}}],"inLanguage":"de"},{"@type":"Organization","@id":"https:\/\/www.gtline.com\/de\/#organization","name":"Gt Line","url":"https:\/\/www.gtline.com\/de\/","logo":{"@type":"ImageObject","inLanguage":"de","@id":"https:\/\/www.gtline.com\/de\/#\/schema\/logo\/image\/","url":"https:\/\/www.gtline.com\/de\/wp-content\/uploads\/sites\/5\/2025\/02\/logo.png","contentUrl":"https:\/\/www.gtline.com\/de\/wp-content\/uploads\/sites\/5\/2025\/02\/logo.png","width":228,"height":146,"caption":"Gt Line"},"image":{"@id":"https:\/\/www.gtline.com\/de\/#\/schema\/logo\/image\/"},"sameAs":["https:\/\/www.facebook.com\/gtlinesrl?locale=it_IT","https:\/\/www.instagram.com\/gt_line_srl\/","https:\/\/www.youtube.com\/channel\/UCDvpkFqswNJOVFz64PkYRQQ","https:\/\/www.linkedin.com\/company\/gt-line-srl\/"]}]}},"_links":{"self":[{"href":"https:\/\/www.gtline.com\/de\/wp-json\/wp\/v2\/product\/16959","targetHints":{"allow":["GET"]}}],"collection":[{"href":"https:\/\/www.gtline.com\/de\/wp-json\/wp\/v2\/product"}],"about":[{"href":"https:\/\/www.gtline.com\/de\/wp-json\/wp\/v2\/types\/product"}],"replies":[{"embeddable":true,"href":"https:\/\/www.gtline.com\/de\/wp-json\/wp\/v2\/comments?post=16959"}],"version-history":[{"count":2,"href":"https:\/\/www.gtline.com\/de\/wp-json\/wp\/v2\/product\/16959\/revisions"}],"predecessor-version":[{"id":22385,"href":"https:\/\/www.gtline.com\/de\/wp-json\/wp\/v2\/product\/16959\/revisions\/22385"}],"wp:featuredmedia":[{"embeddable":true,"href":"https:\/\/www.gtline.com\/de\/wp-json\/wp\/v2\/media\/8874"}],"wp:attachment":[{"href":"https:\/\/www.gtline.com\/de\/wp-json\/wp\/v2\/media?parent=16959"}],"wp:term":[{"taxonomy":"product_brand","embeddable":true,"href":"https:\/\/www.gtline.com\/de\/wp-json\/wp\/v2\/product_brand?post=16959"},{"taxonomy":"product_cat","embeddable":true,"href":"https:\/\/www.gtline.com\/de\/wp-json\/wp\/v2\/product_cat?post=16959"},{"taxonomy":"product_tag","embeddable":true,"href":"https:\/\/www.gtline.com\/de\/wp-json\/wp\/v2\/product_tag?post=16959"}],"curies":[{"name":"wp","href":"https:\/\/api.w.org\/{rel}","templated":true}]}}