{"id":16961,"date":"2025-07-30T10:22:13","date_gmt":"2025-07-30T10:22:13","guid":{"rendered":"https:\/\/www.gtline.com\/de\/prodotto\/work-line-by-gt-top-tape-plus-r-mabandtasche\/"},"modified":"2026-04-30T02:09:32","modified_gmt":"2026-04-30T02:09:32","slug":"work-line-by-gt-top-tape-plus-r-mabandtasche","status":"publish","type":"product","link":"https:\/\/www.gtline.com\/de\/products\/work-line-by-gt-top-tape-plus-r-mabandtasche\/","title":{"rendered":"Work Line by GT Top Tape Plus R Ma&szlig;bandtasche"},"content":{"rendered":"<p data-start=\"23\" data-end=\"338\"><strong data-start=\"23\" data-end=\"93\">1.Kompaktes Design f\u00fcr den t\u00e4glichen Einsatz ohne sperriges Volumen.<br \/><\/strong><br data-start=\"93\" data-end=\"96\">Mit Abmessungen von nur <strong data-start=\"123\" data-end=\"144\">120 x 50 x 210 mm<\/strong> und einem Gewicht von <strong data-start=\"167\" data-end=\"182\">nur 0,15 kg<\/strong> ist diese <strong data-start=\"193\" data-end=\"226\">professionelle Werkzeugtasche<\/strong> ideal f\u00fcr alle, die das <strong data-start=\"251\" data-end=\"284\">Wesentliche immer griffbereit<\/strong> haben m\u00f6chten, ohne zus\u00e4tzliches Gewicht zu tragen.<strong data-start=\"23\" data-end=\"93\"><br \/><\/strong><\/p>\n<p data-start=\"343\" data-end=\"589\"><strong data-start=\"343\" data-end=\"401\">2.Schnellbefestigungssystem f\u00fcr maximale Vielseitigkeit.<strong data-start=\"23\" data-end=\"93\"><br \/><\/strong><\/strong><br data-start=\"401\" data-end=\"404\">Die <strong data-start=\"411\" data-end=\"434\">praktische Schlaufe<\/strong> erm\u00f6glicht eine <strong data-start=\"451\" data-end=\"504\">einfache Befestigung am Werkzeugg\u00fcrtel TOP BELT R<\/strong> und verwandelt die Tasche in eine <strong data-start=\"539\" data-end=\"586\">funktionale Erweiterung der Arbeitskleidung<\/strong>.<strong data-start=\"23\" data-end=\"93\"><br \/><\/strong><\/p>\n<p data-start=\"594\" data-end=\"826\"><strong data-start=\"594\" data-end=\"640\">3.Robuste Materialien f\u00fcr lange Lebensdauer.<strong data-start=\"23\" data-end=\"93\"><br \/><\/strong><\/strong><br data-start=\"640\" data-end=\"643\">Hergestellt aus <strong data-start=\"662\" data-end=\"716\">verschlei\u00dffesten und strapazierf\u00e4higen Materialien<\/strong>, garantiert diese <strong data-start=\"735\" data-end=\"753\">Werkzeugtasche<\/strong> <strong data-start=\"754\" data-end=\"779\">zuverl\u00e4ssige Leistung<\/strong> selbst in anspruchsvollen Arbeitsumgebungen.<strong data-start=\"23\" data-end=\"93\"><br \/><\/strong><\/p>\n<p data-start=\"831\" data-end=\"1070\"><strong data-start=\"831\" data-end=\"897\">4.Sofortiger Zugriff auf Ma\u00dfband oder h\u00e4ufig genutzte Werkzeuge.<strong data-start=\"23\" data-end=\"93\"><br \/><\/strong><\/strong><br data-start=\"897\" data-end=\"900\">Das <strong data-start=\"907\" data-end=\"925\">Holster-Design<\/strong> erm\u00f6glicht <strong data-start=\"937\" data-end=\"973\">schnellen Zugriff auf den Inhalt<\/strong> \u2013 ideal f\u00fcr <strong data-start=\"986\" data-end=\"1007\">h\u00e4ufige Messungen<\/strong> und Arbeiten, die <strong data-start=\"1026\" data-end=\"1057\">Pr\u00e4zision und Schnelligkeit<\/strong> erfordern.<strong data-start=\"23\" data-end=\"93\"><br \/><\/strong><\/p>\n<p data-start=\"1075\" data-end=\"1259\"><strong data-start=\"1075\" data-end=\"1132\">5.Perfekte Erg\u00e4nzung zu jedem Werkzeug-Transportsystem.<strong data-start=\"23\" data-end=\"93\"><br \/><\/strong><\/strong><br data-start=\"1132\" data-end=\"1135\">Verbessert die <strong data-start=\"1153\" data-end=\"1169\">Organisation<\/strong> und <strong data-start=\"1174\" data-end=\"1201\">reduziert Arbeitszeiten<\/strong>, indem Werkzeuge effizienter zug\u00e4nglich gemacht werden.<strong data-start=\"23\" data-end=\"93\"><br \/><\/strong><\/p>\n<p data-start=\"1264\" data-end=\"1458\"><strong data-start=\"1264\" data-end=\"1324\">6.Ideal f\u00fcr Techniker, Installateure und Wartungspersonal.<strong data-start=\"23\" data-end=\"93\"><br \/><\/strong><\/strong><br data-start=\"1324\" data-end=\"1327\">Entwickelt f\u00fcr <strong data-start=\"1345\" data-end=\"1366\">mobile Fachkr\u00e4fte<\/strong>, ist sie eine <strong data-start=\"1381\" data-end=\"1402\">effiziente L\u00f6sung<\/strong>, um das <strong data-start=\"1411\" data-end=\"1455\">Werkzeugg\u00fcrtel-Set sinnvoll zu erweitern<\/strong>.<\/p>\n","protected":false},"excerpt":{"rendered":"<p>Die <strong data-start=\"23\" data-end=\"42\">Top Tape Plus R<\/strong> ist die <strong data-start=\"51\" data-end=\"99\">ideale Tasche f\u00fcr Ma\u00dfband und Kleinwerkzeuge<\/strong>, perfekt f\u00fcr alle, die eine <strong data-start=\"128\" data-end=\"179\" data-is-only-node=\"\">kompakte, leichte und stets griffbereite L\u00f6sung<\/strong> suchen.<br \/><br data-start=\"187\" data-end=\"190\">Entwickelt f\u00fcr <strong data-start=\"205\" data-end=\"230\">dynamische Fachkr\u00e4fte<\/strong>, l\u00e4sst sie sich <strong data-start=\"247\" data-end=\"292\">nahtlos mit dem Werkzeugg\u00fcrtel TOP BELT R<\/strong> kombinieren und bietet <strong data-start=\"316\" data-end=\"346\">maximale Bewegungsfreiheit<\/strong> sowie <strong data-start=\"353\" data-end=\"374\">schnelles Handeln<\/strong> bei jeder<\/p>\n","protected":false},"featured_media":8881,"comment_status":"open","ping_status":"closed","template":"","meta":{"_acf_changed":false},"product_brand":[],"product_cat":[230],"product_tag":[],"class_list":{"0":"post-16961","1":"product","2":"type-product","3":"status-publish","4":"has-post-thumbnail","6":"product_cat-linea-top","7":"pa_anwendungen-koffer-und-taschen-fur-betreuer","8":"pa_anwendungen-koffer-und-taschen-fur-elektriker","9":"pa_anwendungen-koffer-und-taschen-fur-installateure","10":"pa_anwendungen-koffer-und-taschen-fur-servicetechniker","11":"pa_produkttyp-werkzeugtaschen-und-rucksacke","13":"first","14":"instock","15":"shipping-taxable","16":"purchasable","17":"product-type-simple"},"acf":[],"yoast_head":"<!-- This site is optimized with the Yoast SEO plugin v27.4 - https:\/\/yoast.com\/product\/yoast-seo-wordpress\/ -->\n<title>Work Line by GT Top Tape Plus R Ma&szlig;bandtasche - Gt Line DE<\/title>\n<meta name=\"robots\" content=\"index, follow, max-snippet:-1, max-image-preview:large, max-video-preview:-1\" \/>\n<link rel=\"canonical\" href=\"https:\/\/www.gtline.com\/de\/products\/work-line-by-gt-top-tape-plus-r-mabandtasche\/\" \/>\n<meta property=\"og:locale\" content=\"de_DE\" \/>\n<meta property=\"og:type\" content=\"article\" \/>\n<meta property=\"og:title\" content=\"Work Line by GT Top Tape Plus R Ma&szlig;bandtasche - Gt Line DE\" \/>\n<meta property=\"og:description\" content=\"Die Top Tape Plus R ist die ideale Tasche f\u00fcr Ma\u00dfband und Kleinwerkzeuge, perfekt f\u00fcr alle, die eine kompakte, leichte und stets griffbereite L\u00f6sung suchen.Entwickelt f\u00fcr dynamische Fachkr\u00e4fte, l\u00e4sst sie sich nahtlos mit dem Werkzeugg\u00fcrtel TOP BELT R kombinieren und bietet maximale Bewegungsfreiheit sowie schnelles Handeln bei jeder\" \/>\n<meta property=\"og:url\" content=\"https:\/\/www.gtline.com\/de\/products\/work-line-by-gt-top-tape-plus-r-mabandtasche\/\" \/>\n<meta property=\"og:site_name\" content=\"Gt Line DE\" \/>\n<meta property=\"article:publisher\" content=\"https:\/\/www.facebook.com\/gtlinesrl?locale=it_IT\" \/>\n<meta property=\"article:modified_time\" content=\"2026-04-30T02:09:32+00:00\" \/>\n<meta property=\"og:image\" content=\"https:\/\/www.gtline.com\/de\/wp-content\/uploads\/sites\/5\/2025\/05\/TOP-TAPE-PLUS-R_01_9053.jpg\" \/>\n\t<meta property=\"og:image:width\" content=\"500\" \/>\n\t<meta property=\"og:image:height\" content=\"500\" \/>\n\t<meta property=\"og:image:type\" content=\"image\/jpeg\" \/>\n<meta name=\"twitter:card\" content=\"summary_large_image\" \/>\n<meta name=\"twitter:label1\" content=\"Gesch\u00e4tzte Lesezeit\" \/>\n\t<meta name=\"twitter:data1\" content=\"1\u00a0Minute\" \/>\n<script type=\"application\/ld+json\" class=\"yoast-schema-graph\">{\"@context\":\"https:\\\/\\\/schema.org\",\"@graph\":[{\"@type\":\"WebPage\",\"@id\":\"https:\\\/\\\/www.gtline.com\\\/de\\\/products\\\/work-line-by-gt-top-tape-plus-r-mabandtasche\\\/\",\"url\":\"https:\\\/\\\/www.gtline.com\\\/de\\\/products\\\/work-line-by-gt-top-tape-plus-r-mabandtasche\\\/\",\"name\":\"Work Line by GT Top Tape Plus R Ma&szlig;bandtasche - Gt Line DE\",\"isPartOf\":{\"@id\":\"https:\\\/\\\/www.gtline.com\\\/de\\\/#website\"},\"primaryImageOfPage\":{\"@id\":\"https:\\\/\\\/www.gtline.com\\\/de\\\/products\\\/work-line-by-gt-top-tape-plus-r-mabandtasche\\\/#primaryimage\"},\"image\":{\"@id\":\"https:\\\/\\\/www.gtline.com\\\/de\\\/products\\\/work-line-by-gt-top-tape-plus-r-mabandtasche\\\/#primaryimage\"},\"thumbnailUrl\":\"https:\\\/\\\/www.gtline.com\\\/de\\\/wp-content\\\/uploads\\\/sites\\\/5\\\/2025\\\/05\\\/TOP-TAPE-PLUS-R_01_9053.jpg\",\"datePublished\":\"2025-07-30T10:22:13+00:00\",\"dateModified\":\"2026-04-30T02:09:32+00:00\",\"breadcrumb\":{\"@id\":\"https:\\\/\\\/www.gtline.com\\\/de\\\/products\\\/work-line-by-gt-top-tape-plus-r-mabandtasche\\\/#breadcrumb\"},\"inLanguage\":\"de\",\"potentialAction\":[{\"@type\":\"ReadAction\",\"target\":[\"https:\\\/\\\/www.gtline.com\\\/de\\\/products\\\/work-line-by-gt-top-tape-plus-r-mabandtasche\\\/\"]}]},{\"@type\":\"ImageObject\",\"inLanguage\":\"de\",\"@id\":\"https:\\\/\\\/www.gtline.com\\\/de\\\/products\\\/work-line-by-gt-top-tape-plus-r-mabandtasche\\\/#primaryimage\",\"url\":\"https:\\\/\\\/www.gtline.com\\\/de\\\/wp-content\\\/uploads\\\/sites\\\/5\\\/2025\\\/05\\\/TOP-TAPE-PLUS-R_01_9053.jpg\",\"contentUrl\":\"https:\\\/\\\/www.gtline.com\\\/de\\\/wp-content\\\/uploads\\\/sites\\\/5\\\/2025\\\/05\\\/TOP-TAPE-PLUS-R_01_9053.jpg\",\"width\":500,\"height\":500},{\"@type\":\"BreadcrumbList\",\"@id\":\"https:\\\/\\\/www.gtline.com\\\/de\\\/products\\\/work-line-by-gt-top-tape-plus-r-mabandtasche\\\/#breadcrumb\",\"itemListElement\":[{\"@type\":\"ListItem\",\"position\":1,\"name\":\"Home\",\"item\":\"https:\\\/\\\/www.gtline.com\\\/de\\\/\"},{\"@type\":\"ListItem\",\"position\":2,\"name\":\"Shop\",\"item\":\"https:\\\/\\\/www.gtline.com\\\/de\\\/negozio\\\/\"},{\"@type\":\"ListItem\",\"position\":3,\"name\":\"Work Line by GT Top Tape Plus R Ma&szlig;bandtasche\"}]},{\"@type\":\"WebSite\",\"@id\":\"https:\\\/\\\/www.gtline.com\\\/de\\\/#website\",\"url\":\"https:\\\/\\\/www.gtline.com\\\/de\\\/\",\"name\":\"Gt Line\",\"description\":\"\",\"publisher\":{\"@id\":\"https:\\\/\\\/www.gtline.com\\\/de\\\/#organization\"},\"potentialAction\":[{\"@type\":\"SearchAction\",\"target\":{\"@type\":\"EntryPoint\",\"urlTemplate\":\"https:\\\/\\\/www.gtline.com\\\/de\\\/?s={search_term_string}\"},\"query-input\":{\"@type\":\"PropertyValueSpecification\",\"valueRequired\":true,\"valueName\":\"search_term_string\"}}],\"inLanguage\":\"de\"},{\"@type\":\"Organization\",\"@id\":\"https:\\\/\\\/www.gtline.com\\\/de\\\/#organization\",\"name\":\"Gt Line\",\"url\":\"https:\\\/\\\/www.gtline.com\\\/de\\\/\",\"logo\":{\"@type\":\"ImageObject\",\"inLanguage\":\"de\",\"@id\":\"https:\\\/\\\/www.gtline.com\\\/de\\\/#\\\/schema\\\/logo\\\/image\\\/\",\"url\":\"https:\\\/\\\/www.gtline.com\\\/de\\\/wp-content\\\/uploads\\\/sites\\\/5\\\/2025\\\/02\\\/logo.png\",\"contentUrl\":\"https:\\\/\\\/www.gtline.com\\\/de\\\/wp-content\\\/uploads\\\/sites\\\/5\\\/2025\\\/02\\\/logo.png\",\"width\":228,\"height\":146,\"caption\":\"Gt Line\"},\"image\":{\"@id\":\"https:\\\/\\\/www.gtline.com\\\/de\\\/#\\\/schema\\\/logo\\\/image\\\/\"},\"sameAs\":[\"https:\\\/\\\/www.facebook.com\\\/gtlinesrl?locale=it_IT\",\"https:\\\/\\\/www.instagram.com\\\/gt_line_srl\\\/\",\"https:\\\/\\\/www.youtube.com\\\/channel\\\/UCDvpkFqswNJOVFz64PkYRQQ\",\"https:\\\/\\\/www.linkedin.com\\\/company\\\/gt-line-srl\\\/\"]}]}<\/script>\n<!-- \/ Yoast SEO plugin. -->","yoast_head_json":{"title":"Work Line by GT Top Tape Plus R Ma&szlig;bandtasche - Gt Line DE","robots":{"index":"index","follow":"follow","max-snippet":"max-snippet:-1","max-image-preview":"max-image-preview:large","max-video-preview":"max-video-preview:-1"},"canonical":"https:\/\/www.gtline.com\/de\/products\/work-line-by-gt-top-tape-plus-r-mabandtasche\/","og_locale":"de_DE","og_type":"article","og_title":"Work Line by GT Top Tape Plus R Ma&szlig;bandtasche - Gt Line DE","og_description":"Die Top Tape Plus R ist die ideale Tasche f\u00fcr Ma\u00dfband und Kleinwerkzeuge, perfekt f\u00fcr alle, die eine kompakte, leichte und stets griffbereite L\u00f6sung suchen.Entwickelt f\u00fcr dynamische Fachkr\u00e4fte, l\u00e4sst sie sich nahtlos mit dem Werkzeugg\u00fcrtel TOP BELT R kombinieren und bietet maximale Bewegungsfreiheit sowie schnelles Handeln bei jeder","og_url":"https:\/\/www.gtline.com\/de\/products\/work-line-by-gt-top-tape-plus-r-mabandtasche\/","og_site_name":"Gt Line DE","article_publisher":"https:\/\/www.facebook.com\/gtlinesrl?locale=it_IT","article_modified_time":"2026-04-30T02:09:32+00:00","og_image":[{"width":500,"height":500,"url":"https:\/\/www.gtline.com\/de\/wp-content\/uploads\/sites\/5\/2025\/05\/TOP-TAPE-PLUS-R_01_9053.jpg","type":"image\/jpeg"}],"twitter_card":"summary_large_image","twitter_misc":{"Gesch\u00e4tzte Lesezeit":"1\u00a0Minute"},"schema":{"@context":"https:\/\/schema.org","@graph":[{"@type":"WebPage","@id":"https:\/\/www.gtline.com\/de\/products\/work-line-by-gt-top-tape-plus-r-mabandtasche\/","url":"https:\/\/www.gtline.com\/de\/products\/work-line-by-gt-top-tape-plus-r-mabandtasche\/","name":"Work Line by GT Top Tape Plus R Ma&szlig;bandtasche - Gt Line DE","isPartOf":{"@id":"https:\/\/www.gtline.com\/de\/#website"},"primaryImageOfPage":{"@id":"https:\/\/www.gtline.com\/de\/products\/work-line-by-gt-top-tape-plus-r-mabandtasche\/#primaryimage"},"image":{"@id":"https:\/\/www.gtline.com\/de\/products\/work-line-by-gt-top-tape-plus-r-mabandtasche\/#primaryimage"},"thumbnailUrl":"https:\/\/www.gtline.com\/de\/wp-content\/uploads\/sites\/5\/2025\/05\/TOP-TAPE-PLUS-R_01_9053.jpg","datePublished":"2025-07-30T10:22:13+00:00","dateModified":"2026-04-30T02:09:32+00:00","breadcrumb":{"@id":"https:\/\/www.gtline.com\/de\/products\/work-line-by-gt-top-tape-plus-r-mabandtasche\/#breadcrumb"},"inLanguage":"de","potentialAction":[{"@type":"ReadAction","target":["https:\/\/www.gtline.com\/de\/products\/work-line-by-gt-top-tape-plus-r-mabandtasche\/"]}]},{"@type":"ImageObject","inLanguage":"de","@id":"https:\/\/www.gtline.com\/de\/products\/work-line-by-gt-top-tape-plus-r-mabandtasche\/#primaryimage","url":"https:\/\/www.gtline.com\/de\/wp-content\/uploads\/sites\/5\/2025\/05\/TOP-TAPE-PLUS-R_01_9053.jpg","contentUrl":"https:\/\/www.gtline.com\/de\/wp-content\/uploads\/sites\/5\/2025\/05\/TOP-TAPE-PLUS-R_01_9053.jpg","width":500,"height":500},{"@type":"BreadcrumbList","@id":"https:\/\/www.gtline.com\/de\/products\/work-line-by-gt-top-tape-plus-r-mabandtasche\/#breadcrumb","itemListElement":[{"@type":"ListItem","position":1,"name":"Home","item":"https:\/\/www.gtline.com\/de\/"},{"@type":"ListItem","position":2,"name":"Shop","item":"https:\/\/www.gtline.com\/de\/negozio\/"},{"@type":"ListItem","position":3,"name":"Work Line by GT Top Tape Plus R Ma&szlig;bandtasche"}]},{"@type":"WebSite","@id":"https:\/\/www.gtline.com\/de\/#website","url":"https:\/\/www.gtline.com\/de\/","name":"Gt Line","description":"","publisher":{"@id":"https:\/\/www.gtline.com\/de\/#organization"},"potentialAction":[{"@type":"SearchAction","target":{"@type":"EntryPoint","urlTemplate":"https:\/\/www.gtline.com\/de\/?s={search_term_string}"},"query-input":{"@type":"PropertyValueSpecification","valueRequired":true,"valueName":"search_term_string"}}],"inLanguage":"de"},{"@type":"Organization","@id":"https:\/\/www.gtline.com\/de\/#organization","name":"Gt Line","url":"https:\/\/www.gtline.com\/de\/","logo":{"@type":"ImageObject","inLanguage":"de","@id":"https:\/\/www.gtline.com\/de\/#\/schema\/logo\/image\/","url":"https:\/\/www.gtline.com\/de\/wp-content\/uploads\/sites\/5\/2025\/02\/logo.png","contentUrl":"https:\/\/www.gtline.com\/de\/wp-content\/uploads\/sites\/5\/2025\/02\/logo.png","width":228,"height":146,"caption":"Gt Line"},"image":{"@id":"https:\/\/www.gtline.com\/de\/#\/schema\/logo\/image\/"},"sameAs":["https:\/\/www.facebook.com\/gtlinesrl?locale=it_IT","https:\/\/www.instagram.com\/gt_line_srl\/","https:\/\/www.youtube.com\/channel\/UCDvpkFqswNJOVFz64PkYRQQ","https:\/\/www.linkedin.com\/company\/gt-line-srl\/"]}]}},"_links":{"self":[{"href":"https:\/\/www.gtline.com\/de\/wp-json\/wp\/v2\/product\/16961","targetHints":{"allow":["GET"]}}],"collection":[{"href":"https:\/\/www.gtline.com\/de\/wp-json\/wp\/v2\/product"}],"about":[{"href":"https:\/\/www.gtline.com\/de\/wp-json\/wp\/v2\/types\/product"}],"replies":[{"embeddable":true,"href":"https:\/\/www.gtline.com\/de\/wp-json\/wp\/v2\/comments?post=16961"}],"version-history":[{"count":2,"href":"https:\/\/www.gtline.com\/de\/wp-json\/wp\/v2\/product\/16961\/revisions"}],"predecessor-version":[{"id":22337,"href":"https:\/\/www.gtline.com\/de\/wp-json\/wp\/v2\/product\/16961\/revisions\/22337"}],"wp:featuredmedia":[{"embeddable":true,"href":"https:\/\/www.gtline.com\/de\/wp-json\/wp\/v2\/media\/8881"}],"wp:attachment":[{"href":"https:\/\/www.gtline.com\/de\/wp-json\/wp\/v2\/media?parent=16961"}],"wp:term":[{"taxonomy":"product_brand","embeddable":true,"href":"https:\/\/www.gtline.com\/de\/wp-json\/wp\/v2\/product_brand?post=16961"},{"taxonomy":"product_cat","embeddable":true,"href":"https:\/\/www.gtline.com\/de\/wp-json\/wp\/v2\/product_cat?post=16961"},{"taxonomy":"product_tag","embeddable":true,"href":"https:\/\/www.gtline.com\/de\/wp-json\/wp\/v2\/product_tag?post=16961"}],"curies":[{"name":"wp","href":"https:\/\/api.w.org\/{rel}","templated":true}]}}