{"id":16963,"date":"2025-07-30T10:22:16","date_gmt":"2025-07-30T10:22:16","guid":{"rendered":"https:\/\/www.gtline.com\/de\/prodotto\/work-line-by-gt-nageltasche-top-nail-r\/"},"modified":"2026-04-30T02:09:35","modified_gmt":"2026-04-30T02:09:35","slug":"work-line-by-gt-nageltasche-top-nail-r","status":"publish","type":"product","link":"https:\/\/www.gtline.com\/de\/products\/work-line-by-gt-nageltasche-top-nail-r\/","title":{"rendered":"Work Line by GT &ndash; Nageltasche Top Nail R"},"content":{"rendered":"<p data-start=\"3\" data-end=\"190\"><strong data-start=\"3\" data-end=\"54\" data-is-only-node=\"\">1.Nageltasche mit Zugverschluss im Beutel-Design.<br \/><\/strong><br data-start=\"54\" data-end=\"57\">H\u00e4lt den Inhalt <strong data-start=\"76\" data-end=\"120\">auch bei Bewegung sicher an seinem Platz<\/strong> und verhindert <strong data-start=\"136\" data-end=\"168\">versehentliches Herausfallen<\/strong> w\u00e4hrend der Arbeit.<strong data-start=\"3\" data-end=\"54\" data-is-only-node=\"\"><br \/><\/strong><\/p>\n<p data-start=\"195\" data-end=\"387\"><strong data-start=\"195\" data-end=\"237\" data-is-only-node=\"\">2.Einfache Befestigung am Arbeitsg\u00fcrtel.<strong data-start=\"3\" data-end=\"54\" data-is-only-node=\"\"><br \/><\/strong><\/strong><br data-start=\"237\" data-end=\"240\">L\u00e4sst sich <strong data-start=\"254\" data-end=\"301\">problemlos an den Werkzeugg\u00fcrtel Top Belt R<\/strong> anbringen und verwandelt ihn in eine <strong data-start=\"339\" data-end=\"384\">praktische, individuell anpassbare L\u00f6sung<\/strong>.<strong data-start=\"3\" data-end=\"54\" data-is-only-node=\"\"><br \/><\/strong><\/p>\n<p data-start=\"392\" data-end=\"624\"><strong data-start=\"392\" data-end=\"431\" data-is-only-node=\"\">3.Kompaktes und ultraleichtes Design.<strong data-start=\"3\" data-end=\"54\" data-is-only-node=\"\"><br \/><\/strong><\/strong><br data-start=\"431\" data-end=\"434\">Mit den Ma\u00dfen <strong data-start=\"451\" data-end=\"472\">160 x 60 x 160 mm<\/strong> und einem Gewicht von nur <strong data-start=\"499\" data-end=\"509\">0,1 kg<\/strong> schr\u00e4nkt sie <strong data-start=\"523\" data-end=\"558\">die Bewegungsfreiheit nicht ein<\/strong> und kann <strong data-start=\"568\" data-end=\"614\">den ganzen Arbeitstag \u00fcber bequem getragen<\/strong> werden.<strong data-start=\"3\" data-end=\"54\" data-is-only-node=\"\"><br \/><\/strong><\/p>\n<p data-start=\"629\" data-end=\"862\"><strong data-start=\"629\" data-end=\"697\" data-is-only-node=\"\">4.Perfekt f\u00fcr N\u00e4gel, Schrauben, D\u00fcbel und Befestigungsmaterialien.<strong data-start=\"3\" data-end=\"54\" data-is-only-node=\"\"><br \/><\/strong><\/strong><br data-start=\"697\" data-end=\"700\">Neben N\u00e4geln eignet sie sich ideal zur <strong data-start=\"742\" data-end=\"775\">Aufbewahrung aller Kleinteile<\/strong>, die <strong data-start=\"781\" data-end=\"829\">bei Installationen oder schnellen Eingriffen<\/strong> stets griffbereit sein m\u00fcssen.<strong data-start=\"3\" data-end=\"54\" data-is-only-node=\"\"><br \/><\/strong><\/p>\n<p data-start=\"867\" data-end=\"1043\"><strong data-start=\"867\" data-end=\"919\" data-is-only-node=\"\">5.Unverzichtbares Zubeh\u00f6r f\u00fcr dynamische Arbeiten.<strong data-start=\"3\" data-end=\"54\" data-is-only-node=\"\"><br \/><\/strong><\/strong><br data-start=\"919\" data-end=\"922\">Ideal f\u00fcr <strong data-start=\"935\" data-end=\"964\">Handwerker und Fachkr\u00e4fte<\/strong>, die <strong data-start=\"970\" data-end=\"1029\">auf Leitern, Ger\u00fcsten oder in mobilen Arbeitsumgebungen<\/strong> t\u00e4tig sind.<strong data-start=\"3\" data-end=\"54\" data-is-only-node=\"\"><br \/><\/strong><\/p>\n<p data-start=\"1048\" data-end=\"1304\" data-is-last-node=\"\"><strong data-start=\"1048\" data-end=\"1090\" data-is-only-node=\"\">6.Kompatibel mit allen GT Line-L\u00f6sungen.<strong data-start=\"3\" data-end=\"54\" data-is-only-node=\"\"><br \/><\/strong><\/strong><br data-start=\"1090\" data-end=\"1093\">L\u00e4sst sich perfekt mit <strong data-start=\"1119\" data-end=\"1174\">Werkzeugkoffern, Arbeitsrucks\u00e4cken, Werkzeugtaschen<\/strong> und <strong data-start=\"1179\" data-end=\"1215\">professionellen Trolley-Systemen<\/strong> kombinieren \u2013 f\u00fcr eine <strong data-start=\"1239\" data-end=\"1279\">modulare und effiziente Organisation<\/strong> des eigenen Arbeitssets.<\/p>\n","protected":false},"excerpt":{"rendered":"<p data-start=\"0\" data-end=\"310\">Der <strong data-start=\"4\" data-end=\"18\">Top Nail R<\/strong> ist eine <strong data-start=\"28\" data-end=\"74\">kompakte und leichte Tasche f\u00fcr Kleinteile<\/strong>, die speziell daf\u00fcr entwickelt wurde, <strong data-start=\"113\" data-end=\"139\">an einem Arbeitsg\u00fcrtel<\/strong>, wie dem <strong data-start=\"149\" data-end=\"163\">Top Belt R<\/strong>, befestigt zu werden. Sie bietet <strong data-start=\"197\" data-end=\"227\">maximale Bewegungsfreiheit<\/strong> und <strong data-start=\"232\" data-end=\"269\">schnellen Zugriff auf Materialien<\/strong> w\u00e4hrend der t\u00e4glichen Arbeitseins\u00e4tze.<\/p>\n<p data-start=\"312\" data-end=\"462\">Dank des <strong data-start=\"321\" data-end=\"366\">praktischen Zugverschlusses im Beutelstil<\/strong> bleiben <strong data-start=\"375\" data-end=\"416\">N\u00e4gel und Kleinteile sicher gesch\u00fctzt<\/strong> und sind <strong data-start=\"426\" data-end=\"459\">bei Bedarf sofort griffbereit<\/strong>.<\/p>\n<p data-start=\"464\" data-end=\"699\" data-is-last-node=\"\" data-is-only-node=\"\">Ideal f\u00fcr <strong data-start=\"474\" data-end=\"529\">Zimmerer, Schreiner, Techniker und Wartungspersonal<\/strong>, ist der <strong data-start=\"539\" data-end=\"553\">Top Nail R<\/strong> die <strong data-start=\"558\" data-end=\"580\">perfekte Erg\u00e4nzung<\/strong> zu einer <strong data-start=\"590\" data-end=\"608\">Werkzeugtasche<\/strong> oder einem <strong data-start=\"620\" data-end=\"638\">Werkzeugkoffer<\/strong> \u2013 f\u00fcr eine <strong data-start=\"650\" data-end=\"698\">vollst\u00e4ndige und modulare Arbeitsausstattung<\/strong>.<\/p>\n","protected":false},"featured_media":8888,"comment_status":"open","ping_status":"closed","template":"","meta":{"_acf_changed":false},"product_brand":[],"product_cat":[230],"product_tag":[],"class_list":{"0":"post-16963","1":"product","2":"type-product","3":"status-publish","4":"has-post-thumbnail","6":"product_cat-linea-top","7":"pa_anwendungen-koffer-und-taschen-fur-betreuer","8":"pa_anwendungen-koffer-und-taschen-fur-elektriker","9":"pa_anwendungen-koffer-und-taschen-fur-installateure","10":"pa_anwendungen-koffer-und-taschen-fur-servicetechniker","11":"pa_produkttyp-werkzeugtaschen-und-rucksacke","13":"first","14":"instock","15":"shipping-taxable","16":"purchasable","17":"product-type-simple"},"acf":[],"yoast_head":"<!-- This site is optimized with the Yoast SEO plugin v27.4 - https:\/\/yoast.com\/product\/yoast-seo-wordpress\/ -->\n<title>Work Line by GT &ndash; Nageltasche Top Nail R - Gt Line DE<\/title>\n<meta name=\"robots\" content=\"index, follow, max-snippet:-1, max-image-preview:large, max-video-preview:-1\" \/>\n<link rel=\"canonical\" href=\"https:\/\/www.gtline.com\/de\/products\/work-line-by-gt-nageltasche-top-nail-r\/\" \/>\n<meta property=\"og:locale\" content=\"de_DE\" \/>\n<meta property=\"og:type\" content=\"article\" \/>\n<meta property=\"og:title\" content=\"Work Line by GT &ndash; Nageltasche Top Nail R - Gt Line DE\" \/>\n<meta property=\"og:description\" content=\"Der Top Nail R ist eine kompakte und leichte Tasche f\u00fcr Kleinteile, die speziell daf\u00fcr entwickelt wurde, an einem Arbeitsg\u00fcrtel, wie dem Top Belt R, befestigt zu werden. Sie bietet maximale Bewegungsfreiheit und schnellen Zugriff auf Materialien w\u00e4hrend der t\u00e4glichen Arbeitseins\u00e4tze. Dank des praktischen Zugverschlusses im Beutelstil bleiben N\u00e4gel und Kleinteile sicher gesch\u00fctzt und sind bei Bedarf sofort griffbereit. Ideal f\u00fcr Zimmerer, Schreiner, Techniker und Wartungspersonal, ist der Top Nail R die perfekte Erg\u00e4nzung zu einer Werkzeugtasche oder einem Werkzeugkoffer \u2013 f\u00fcr eine vollst\u00e4ndige und modulare Arbeitsausstattung.\" \/>\n<meta property=\"og:url\" content=\"https:\/\/www.gtline.com\/de\/products\/work-line-by-gt-nageltasche-top-nail-r\/\" \/>\n<meta property=\"og:site_name\" content=\"Gt Line DE\" \/>\n<meta property=\"article:publisher\" content=\"https:\/\/www.facebook.com\/gtlinesrl?locale=it_IT\" \/>\n<meta property=\"article:modified_time\" content=\"2026-04-30T02:09:35+00:00\" \/>\n<meta property=\"og:image\" content=\"https:\/\/www.gtline.com\/de\/wp-content\/uploads\/sites\/5\/2025\/05\/TOP-NAIL-R_01_9054.jpg\" \/>\n\t<meta property=\"og:image:width\" content=\"500\" \/>\n\t<meta property=\"og:image:height\" content=\"500\" \/>\n\t<meta property=\"og:image:type\" content=\"image\/jpeg\" \/>\n<meta name=\"twitter:card\" content=\"summary_large_image\" \/>\n<meta name=\"twitter:label1\" content=\"Gesch\u00e4tzte Lesezeit\" \/>\n\t<meta name=\"twitter:data1\" content=\"1\u00a0Minute\" \/>\n<script type=\"application\/ld+json\" class=\"yoast-schema-graph\">{\"@context\":\"https:\\\/\\\/schema.org\",\"@graph\":[{\"@type\":\"WebPage\",\"@id\":\"https:\\\/\\\/www.gtline.com\\\/de\\\/products\\\/work-line-by-gt-nageltasche-top-nail-r\\\/\",\"url\":\"https:\\\/\\\/www.gtline.com\\\/de\\\/products\\\/work-line-by-gt-nageltasche-top-nail-r\\\/\",\"name\":\"Work Line by GT &ndash; Nageltasche Top Nail R - Gt Line DE\",\"isPartOf\":{\"@id\":\"https:\\\/\\\/www.gtline.com\\\/de\\\/#website\"},\"primaryImageOfPage\":{\"@id\":\"https:\\\/\\\/www.gtline.com\\\/de\\\/products\\\/work-line-by-gt-nageltasche-top-nail-r\\\/#primaryimage\"},\"image\":{\"@id\":\"https:\\\/\\\/www.gtline.com\\\/de\\\/products\\\/work-line-by-gt-nageltasche-top-nail-r\\\/#primaryimage\"},\"thumbnailUrl\":\"https:\\\/\\\/www.gtline.com\\\/de\\\/wp-content\\\/uploads\\\/sites\\\/5\\\/2025\\\/05\\\/TOP-NAIL-R_01_9054.jpg\",\"datePublished\":\"2025-07-30T10:22:16+00:00\",\"dateModified\":\"2026-04-30T02:09:35+00:00\",\"breadcrumb\":{\"@id\":\"https:\\\/\\\/www.gtline.com\\\/de\\\/products\\\/work-line-by-gt-nageltasche-top-nail-r\\\/#breadcrumb\"},\"inLanguage\":\"de\",\"potentialAction\":[{\"@type\":\"ReadAction\",\"target\":[\"https:\\\/\\\/www.gtline.com\\\/de\\\/products\\\/work-line-by-gt-nageltasche-top-nail-r\\\/\"]}]},{\"@type\":\"ImageObject\",\"inLanguage\":\"de\",\"@id\":\"https:\\\/\\\/www.gtline.com\\\/de\\\/products\\\/work-line-by-gt-nageltasche-top-nail-r\\\/#primaryimage\",\"url\":\"https:\\\/\\\/www.gtline.com\\\/de\\\/wp-content\\\/uploads\\\/sites\\\/5\\\/2025\\\/05\\\/TOP-NAIL-R_01_9054.jpg\",\"contentUrl\":\"https:\\\/\\\/www.gtline.com\\\/de\\\/wp-content\\\/uploads\\\/sites\\\/5\\\/2025\\\/05\\\/TOP-NAIL-R_01_9054.jpg\",\"width\":500,\"height\":500},{\"@type\":\"BreadcrumbList\",\"@id\":\"https:\\\/\\\/www.gtline.com\\\/de\\\/products\\\/work-line-by-gt-nageltasche-top-nail-r\\\/#breadcrumb\",\"itemListElement\":[{\"@type\":\"ListItem\",\"position\":1,\"name\":\"Home\",\"item\":\"https:\\\/\\\/www.gtline.com\\\/de\\\/\"},{\"@type\":\"ListItem\",\"position\":2,\"name\":\"Shop\",\"item\":\"https:\\\/\\\/www.gtline.com\\\/de\\\/negozio\\\/\"},{\"@type\":\"ListItem\",\"position\":3,\"name\":\"Work Line by GT &ndash; Nageltasche Top Nail R\"}]},{\"@type\":\"WebSite\",\"@id\":\"https:\\\/\\\/www.gtline.com\\\/de\\\/#website\",\"url\":\"https:\\\/\\\/www.gtline.com\\\/de\\\/\",\"name\":\"Gt Line\",\"description\":\"\",\"publisher\":{\"@id\":\"https:\\\/\\\/www.gtline.com\\\/de\\\/#organization\"},\"potentialAction\":[{\"@type\":\"SearchAction\",\"target\":{\"@type\":\"EntryPoint\",\"urlTemplate\":\"https:\\\/\\\/www.gtline.com\\\/de\\\/?s={search_term_string}\"},\"query-input\":{\"@type\":\"PropertyValueSpecification\",\"valueRequired\":true,\"valueName\":\"search_term_string\"}}],\"inLanguage\":\"de\"},{\"@type\":\"Organization\",\"@id\":\"https:\\\/\\\/www.gtline.com\\\/de\\\/#organization\",\"name\":\"Gt Line\",\"url\":\"https:\\\/\\\/www.gtline.com\\\/de\\\/\",\"logo\":{\"@type\":\"ImageObject\",\"inLanguage\":\"de\",\"@id\":\"https:\\\/\\\/www.gtline.com\\\/de\\\/#\\\/schema\\\/logo\\\/image\\\/\",\"url\":\"https:\\\/\\\/www.gtline.com\\\/de\\\/wp-content\\\/uploads\\\/sites\\\/5\\\/2025\\\/02\\\/logo.png\",\"contentUrl\":\"https:\\\/\\\/www.gtline.com\\\/de\\\/wp-content\\\/uploads\\\/sites\\\/5\\\/2025\\\/02\\\/logo.png\",\"width\":228,\"height\":146,\"caption\":\"Gt Line\"},\"image\":{\"@id\":\"https:\\\/\\\/www.gtline.com\\\/de\\\/#\\\/schema\\\/logo\\\/image\\\/\"},\"sameAs\":[\"https:\\\/\\\/www.facebook.com\\\/gtlinesrl?locale=it_IT\",\"https:\\\/\\\/www.instagram.com\\\/gt_line_srl\\\/\",\"https:\\\/\\\/www.youtube.com\\\/channel\\\/UCDvpkFqswNJOVFz64PkYRQQ\",\"https:\\\/\\\/www.linkedin.com\\\/company\\\/gt-line-srl\\\/\"]}]}<\/script>\n<!-- \/ Yoast SEO plugin. -->","yoast_head_json":{"title":"Work Line by GT &ndash; Nageltasche Top Nail R - Gt Line DE","robots":{"index":"index","follow":"follow","max-snippet":"max-snippet:-1","max-image-preview":"max-image-preview:large","max-video-preview":"max-video-preview:-1"},"canonical":"https:\/\/www.gtline.com\/de\/products\/work-line-by-gt-nageltasche-top-nail-r\/","og_locale":"de_DE","og_type":"article","og_title":"Work Line by GT &ndash; Nageltasche Top Nail R - Gt Line DE","og_description":"Der Top Nail R ist eine kompakte und leichte Tasche f\u00fcr Kleinteile, die speziell daf\u00fcr entwickelt wurde, an einem Arbeitsg\u00fcrtel, wie dem Top Belt R, befestigt zu werden. Sie bietet maximale Bewegungsfreiheit und schnellen Zugriff auf Materialien w\u00e4hrend der t\u00e4glichen Arbeitseins\u00e4tze. Dank des praktischen Zugverschlusses im Beutelstil bleiben N\u00e4gel und Kleinteile sicher gesch\u00fctzt und sind bei Bedarf sofort griffbereit. Ideal f\u00fcr Zimmerer, Schreiner, Techniker und Wartungspersonal, ist der Top Nail R die perfekte Erg\u00e4nzung zu einer Werkzeugtasche oder einem Werkzeugkoffer \u2013 f\u00fcr eine vollst\u00e4ndige und modulare Arbeitsausstattung.","og_url":"https:\/\/www.gtline.com\/de\/products\/work-line-by-gt-nageltasche-top-nail-r\/","og_site_name":"Gt Line DE","article_publisher":"https:\/\/www.facebook.com\/gtlinesrl?locale=it_IT","article_modified_time":"2026-04-30T02:09:35+00:00","og_image":[{"width":500,"height":500,"url":"https:\/\/www.gtline.com\/de\/wp-content\/uploads\/sites\/5\/2025\/05\/TOP-NAIL-R_01_9054.jpg","type":"image\/jpeg"}],"twitter_card":"summary_large_image","twitter_misc":{"Gesch\u00e4tzte Lesezeit":"1\u00a0Minute"},"schema":{"@context":"https:\/\/schema.org","@graph":[{"@type":"WebPage","@id":"https:\/\/www.gtline.com\/de\/products\/work-line-by-gt-nageltasche-top-nail-r\/","url":"https:\/\/www.gtline.com\/de\/products\/work-line-by-gt-nageltasche-top-nail-r\/","name":"Work Line by GT &ndash; Nageltasche Top Nail R - Gt Line DE","isPartOf":{"@id":"https:\/\/www.gtline.com\/de\/#website"},"primaryImageOfPage":{"@id":"https:\/\/www.gtline.com\/de\/products\/work-line-by-gt-nageltasche-top-nail-r\/#primaryimage"},"image":{"@id":"https:\/\/www.gtline.com\/de\/products\/work-line-by-gt-nageltasche-top-nail-r\/#primaryimage"},"thumbnailUrl":"https:\/\/www.gtline.com\/de\/wp-content\/uploads\/sites\/5\/2025\/05\/TOP-NAIL-R_01_9054.jpg","datePublished":"2025-07-30T10:22:16+00:00","dateModified":"2026-04-30T02:09:35+00:00","breadcrumb":{"@id":"https:\/\/www.gtline.com\/de\/products\/work-line-by-gt-nageltasche-top-nail-r\/#breadcrumb"},"inLanguage":"de","potentialAction":[{"@type":"ReadAction","target":["https:\/\/www.gtline.com\/de\/products\/work-line-by-gt-nageltasche-top-nail-r\/"]}]},{"@type":"ImageObject","inLanguage":"de","@id":"https:\/\/www.gtline.com\/de\/products\/work-line-by-gt-nageltasche-top-nail-r\/#primaryimage","url":"https:\/\/www.gtline.com\/de\/wp-content\/uploads\/sites\/5\/2025\/05\/TOP-NAIL-R_01_9054.jpg","contentUrl":"https:\/\/www.gtline.com\/de\/wp-content\/uploads\/sites\/5\/2025\/05\/TOP-NAIL-R_01_9054.jpg","width":500,"height":500},{"@type":"BreadcrumbList","@id":"https:\/\/www.gtline.com\/de\/products\/work-line-by-gt-nageltasche-top-nail-r\/#breadcrumb","itemListElement":[{"@type":"ListItem","position":1,"name":"Home","item":"https:\/\/www.gtline.com\/de\/"},{"@type":"ListItem","position":2,"name":"Shop","item":"https:\/\/www.gtline.com\/de\/negozio\/"},{"@type":"ListItem","position":3,"name":"Work Line by GT &ndash; Nageltasche Top Nail R"}]},{"@type":"WebSite","@id":"https:\/\/www.gtline.com\/de\/#website","url":"https:\/\/www.gtline.com\/de\/","name":"Gt Line","description":"","publisher":{"@id":"https:\/\/www.gtline.com\/de\/#organization"},"potentialAction":[{"@type":"SearchAction","target":{"@type":"EntryPoint","urlTemplate":"https:\/\/www.gtline.com\/de\/?s={search_term_string}"},"query-input":{"@type":"PropertyValueSpecification","valueRequired":true,"valueName":"search_term_string"}}],"inLanguage":"de"},{"@type":"Organization","@id":"https:\/\/www.gtline.com\/de\/#organization","name":"Gt Line","url":"https:\/\/www.gtline.com\/de\/","logo":{"@type":"ImageObject","inLanguage":"de","@id":"https:\/\/www.gtline.com\/de\/#\/schema\/logo\/image\/","url":"https:\/\/www.gtline.com\/de\/wp-content\/uploads\/sites\/5\/2025\/02\/logo.png","contentUrl":"https:\/\/www.gtline.com\/de\/wp-content\/uploads\/sites\/5\/2025\/02\/logo.png","width":228,"height":146,"caption":"Gt Line"},"image":{"@id":"https:\/\/www.gtline.com\/de\/#\/schema\/logo\/image\/"},"sameAs":["https:\/\/www.facebook.com\/gtlinesrl?locale=it_IT","https:\/\/www.instagram.com\/gt_line_srl\/","https:\/\/www.youtube.com\/channel\/UCDvpkFqswNJOVFz64PkYRQQ","https:\/\/www.linkedin.com\/company\/gt-line-srl\/"]}]}},"_links":{"self":[{"href":"https:\/\/www.gtline.com\/de\/wp-json\/wp\/v2\/product\/16963","targetHints":{"allow":["GET"]}}],"collection":[{"href":"https:\/\/www.gtline.com\/de\/wp-json\/wp\/v2\/product"}],"about":[{"href":"https:\/\/www.gtline.com\/de\/wp-json\/wp\/v2\/types\/product"}],"replies":[{"embeddable":true,"href":"https:\/\/www.gtline.com\/de\/wp-json\/wp\/v2\/comments?post=16963"}],"version-history":[{"count":2,"href":"https:\/\/www.gtline.com\/de\/wp-json\/wp\/v2\/product\/16963\/revisions"}],"predecessor-version":[{"id":22338,"href":"https:\/\/www.gtline.com\/de\/wp-json\/wp\/v2\/product\/16963\/revisions\/22338"}],"wp:featuredmedia":[{"embeddable":true,"href":"https:\/\/www.gtline.com\/de\/wp-json\/wp\/v2\/media\/8888"}],"wp:attachment":[{"href":"https:\/\/www.gtline.com\/de\/wp-json\/wp\/v2\/media?parent=16963"}],"wp:term":[{"taxonomy":"product_brand","embeddable":true,"href":"https:\/\/www.gtline.com\/de\/wp-json\/wp\/v2\/product_brand?post=16963"},{"taxonomy":"product_cat","embeddable":true,"href":"https:\/\/www.gtline.com\/de\/wp-json\/wp\/v2\/product_cat?post=16963"},{"taxonomy":"product_tag","embeddable":true,"href":"https:\/\/www.gtline.com\/de\/wp-json\/wp\/v2\/product_tag?post=16963"}],"curies":[{"name":"wp","href":"https:\/\/api.w.org\/{rel}","templated":true}]}}