{"id":16965,"date":"2025-07-30T10:22:19","date_gmt":"2025-07-30T10:22:19","guid":{"rendered":"https:\/\/www.gtline.com\/de\/prodotto\/arbeit-mit-gt-line-drill-halter-drill-r\/"},"modified":"2026-04-30T02:09:38","modified_gmt":"2026-04-30T02:09:38","slug":"arbeit-mit-gt-line-drill-halter-drill-r","status":"publish","type":"product","link":"https:\/\/www.gtline.com\/de\/products\/arbeit-mit-gt-line-drill-halter-drill-r\/","title":{"rendered":"Arbeit mit GT Line Drill Halter Drill R"},"content":{"rendered":"<p data-start=\"3\" data-end=\"224\"><strong data-start=\"3\" data-end=\"60\" data-is-only-node=\"\">1.Leichtes und strapazierf\u00e4higes Bohrmaschinen-Holster.<br \/><\/strong><br data-start=\"60\" data-end=\"63\">Entwickelt, um <strong data-start=\"81\" data-end=\"149\">Bohrmaschine oder Akkuschrauber sicher zu halten und zu sch\u00fctzen<\/strong>, bei einem Gewicht von nur <strong data-start=\"177\" data-end=\"187\">0,1 kg<\/strong> \u2013 ideal f\u00fcr den t\u00e4glichen Einsatz.<\/p>\n<p data-start=\"229\" data-end=\"418\"><strong data-start=\"229\" data-end=\"278\" data-is-only-node=\"\">2.Kompatibel mit dem Werkzeugg\u00fcrtel Top Belt R.<br \/><\/strong><br data-start=\"278\" data-end=\"281\">L\u00e4sst sich <strong data-start=\"295\" data-end=\"336\">einfach an modulare Systeme anbringen<\/strong> und verwandelt den G\u00fcrtel in ein <strong data-start=\"370\" data-end=\"415\">schnelles und effizientes Transportsystem<\/strong>.<\/p>\n<p data-start=\"423\" data-end=\"611\"><strong data-start=\"423\" data-end=\"468\" data-is-only-node=\"\">2.Sofortiger Zugriff auf das Hauptwerkzeug.<br \/><\/strong><br data-start=\"468\" data-end=\"471\">Entwickelt, um das Werkzeug <strong data-start=\"502\" data-end=\"523\">immer griffbereit<\/strong> zu halten, steigert es die <strong data-start=\"551\" data-end=\"571\">Arbeitseffizienz<\/strong> und <strong data-start=\"576\" data-end=\"608\">verk\u00fcrzt die Eingriffszeiten<\/strong>.<\/p>\n<p data-start=\"616\" data-end=\"830\"><strong data-start=\"616\" data-end=\"656\" data-is-only-node=\"\">3.Kompaktes und platzsparendes Design.<br \/><\/strong><br data-start=\"656\" data-end=\"659\">Mit den Abmessungen <strong data-start=\"682\" data-end=\"703\">150 x 35 x 350 mm<\/strong> behindert es die Bewegung nicht und erm\u00f6glicht <strong data-start=\"751\" data-end=\"781\">maximale Bewegungsfreiheit<\/strong>, selbst in <strong data-start=\"793\" data-end=\"827\">dynamischen Arbeitssituationen<\/strong>.<\/p>\n<p data-start=\"835\" data-end=\"1043\"><strong data-start=\"835\" data-end=\"904\" data-is-only-node=\"\">4.Perfekt f\u00fcr mobile Techniker, Installateure und Wartungspersonal.<br \/><\/strong><br data-start=\"904\" data-end=\"907\">Eine <strong data-start=\"915\" data-end=\"932\">ideale L\u00f6sung<\/strong> f\u00fcr Arbeiten an <strong data-start=\"949\" data-end=\"995\">Leitern, Anlagen, Paneelen oder Strukturen<\/strong>, bei denen <strong data-start=\"1007\" data-end=\"1022\">freie H\u00e4nde<\/strong> entscheidend sind.<\/p>\n<p data-start=\"1048\" data-end=\"1302\" data-is-last-node=\"\"><strong data-start=\"1048\" data-end=\"1111\" data-is-only-node=\"\">5.Unverzichtbares Zubeh\u00f6r innerhalb der GT Line-Modulsysteme.<br \/><\/strong><br data-start=\"1111\" data-end=\"1114\">L\u00e4sst sich <strong data-start=\"1128\" data-end=\"1223\">perfekt mit professionellen Rucks\u00e4cken, Werkzeugkoffern, Werkzeugtaschen und Arbeitskoffern<\/strong>kombinieren \u2013 f\u00fcr eine <strong data-start=\"1247\" data-end=\"1280\">ma\u00dfgeschneiderte Organisation<\/strong> des Arbeitsmaterials.<\/p>\n","protected":false},"excerpt":{"rendered":"<p>Der <strong data-start=\"4\" data-end=\"15\">Drill R<\/strong> ist ein <strong data-start=\"24\" data-end=\"78\">G\u00fcrtelholster f\u00fcr Bohrmaschinen oder Akkuschrauber<\/strong>, das entwickelt wurde, um <strong data-start=\"105\" data-end=\"142\">Profis maximale Bewegungsfreiheit<\/strong> und <strong data-start=\"147\" data-end=\"191\">sofortigen Zugriff auf ihr Hauptwerkzeug<\/strong> w\u00e4hrend der Arbeit zu bieten.<br \/><br data-start=\"221\" data-end=\"224\">Leicht und kompakt, verf\u00fcgt er \u00fcber eine <strong data-start=\"265\" data-end=\"316\">Schlaufe zur direkten Befestigung am Top Belt R<\/strong> oder an <strong data-start=\"325\" data-end=\"356\">jedem anderen Arbeitsg\u00fcrtel<\/strong> \u2013 das macht ihn zum <strong data-start=\"377\" data-end=\"396\">idealen Zubeh\u00f6r<\/strong> f\u00fcr alle, die <strong data-start=\"411\" data-end=\"470\">in der H\u00f6he, in Bewegung oder in engen Arbeitsbereichen<\/strong> t\u00e4tig sind.<\/p>\n","protected":false},"featured_media":8897,"comment_status":"open","ping_status":"closed","template":"","meta":{"_acf_changed":false},"product_brand":[],"product_cat":[230],"product_tag":[],"class_list":{"0":"post-16965","1":"product","2":"type-product","3":"status-publish","4":"has-post-thumbnail","6":"product_cat-linea-top","7":"pa_anwendungen-koffer-und-taschen-fur-betreuer","8":"pa_anwendungen-koffer-und-taschen-fur-elektriker","9":"pa_anwendungen-koffer-und-taschen-fur-installateure","10":"pa_anwendungen-koffer-und-taschen-fur-servicetechniker","11":"pa_produkttyp-werkzeugtaschen-und-rucksacke","13":"first","14":"instock","15":"shipping-taxable","16":"purchasable","17":"product-type-simple"},"acf":[],"yoast_head":"<!-- This site is optimized with the Yoast SEO plugin v27.4 - https:\/\/yoast.com\/product\/yoast-seo-wordpress\/ -->\n<title>Arbeit mit GT Line Drill Halter Drill R - Gt Line DE<\/title>\n<meta name=\"robots\" content=\"index, follow, max-snippet:-1, max-image-preview:large, max-video-preview:-1\" \/>\n<link rel=\"canonical\" href=\"https:\/\/www.gtline.com\/de\/products\/arbeit-mit-gt-line-drill-halter-drill-r\/\" \/>\n<meta property=\"og:locale\" content=\"de_DE\" \/>\n<meta property=\"og:type\" content=\"article\" \/>\n<meta property=\"og:title\" content=\"Arbeit mit GT Line Drill Halter Drill R - Gt Line DE\" \/>\n<meta property=\"og:description\" content=\"Der Drill R ist ein G\u00fcrtelholster f\u00fcr Bohrmaschinen oder Akkuschrauber, das entwickelt wurde, um Profis maximale Bewegungsfreiheit und sofortigen Zugriff auf ihr Hauptwerkzeug w\u00e4hrend der Arbeit zu bieten.Leicht und kompakt, verf\u00fcgt er \u00fcber eine Schlaufe zur direkten Befestigung am Top Belt R oder an jedem anderen Arbeitsg\u00fcrtel \u2013 das macht ihn zum idealen Zubeh\u00f6r f\u00fcr alle, die in der H\u00f6he, in Bewegung oder in engen Arbeitsbereichen t\u00e4tig sind.\" \/>\n<meta property=\"og:url\" content=\"https:\/\/www.gtline.com\/de\/products\/arbeit-mit-gt-line-drill-halter-drill-r\/\" \/>\n<meta property=\"og:site_name\" content=\"Gt Line DE\" \/>\n<meta property=\"article:publisher\" content=\"https:\/\/www.facebook.com\/gtlinesrl?locale=it_IT\" \/>\n<meta property=\"article:modified_time\" content=\"2026-04-30T02:09:38+00:00\" \/>\n<meta property=\"og:image\" content=\"https:\/\/www.gtline.com\/de\/wp-content\/uploads\/sites\/5\/2025\/05\/TOP-DRILL-R_01_9055.jpg\" \/>\n\t<meta property=\"og:image:width\" content=\"500\" \/>\n\t<meta property=\"og:image:height\" content=\"500\" \/>\n\t<meta property=\"og:image:type\" content=\"image\/jpeg\" \/>\n<meta name=\"twitter:card\" content=\"summary_large_image\" \/>\n<meta name=\"twitter:label1\" content=\"Gesch\u00e4tzte Lesezeit\" \/>\n\t<meta name=\"twitter:data1\" content=\"1\u00a0Minute\" \/>\n<script type=\"application\/ld+json\" class=\"yoast-schema-graph\">{\"@context\":\"https:\\\/\\\/schema.org\",\"@graph\":[{\"@type\":\"WebPage\",\"@id\":\"https:\\\/\\\/www.gtline.com\\\/de\\\/products\\\/arbeit-mit-gt-line-drill-halter-drill-r\\\/\",\"url\":\"https:\\\/\\\/www.gtline.com\\\/de\\\/products\\\/arbeit-mit-gt-line-drill-halter-drill-r\\\/\",\"name\":\"Arbeit mit GT Line Drill Halter Drill R - Gt Line DE\",\"isPartOf\":{\"@id\":\"https:\\\/\\\/www.gtline.com\\\/de\\\/#website\"},\"primaryImageOfPage\":{\"@id\":\"https:\\\/\\\/www.gtline.com\\\/de\\\/products\\\/arbeit-mit-gt-line-drill-halter-drill-r\\\/#primaryimage\"},\"image\":{\"@id\":\"https:\\\/\\\/www.gtline.com\\\/de\\\/products\\\/arbeit-mit-gt-line-drill-halter-drill-r\\\/#primaryimage\"},\"thumbnailUrl\":\"https:\\\/\\\/www.gtline.com\\\/de\\\/wp-content\\\/uploads\\\/sites\\\/5\\\/2025\\\/05\\\/TOP-DRILL-R_01_9055.jpg\",\"datePublished\":\"2025-07-30T10:22:19+00:00\",\"dateModified\":\"2026-04-30T02:09:38+00:00\",\"breadcrumb\":{\"@id\":\"https:\\\/\\\/www.gtline.com\\\/de\\\/products\\\/arbeit-mit-gt-line-drill-halter-drill-r\\\/#breadcrumb\"},\"inLanguage\":\"de\",\"potentialAction\":[{\"@type\":\"ReadAction\",\"target\":[\"https:\\\/\\\/www.gtline.com\\\/de\\\/products\\\/arbeit-mit-gt-line-drill-halter-drill-r\\\/\"]}]},{\"@type\":\"ImageObject\",\"inLanguage\":\"de\",\"@id\":\"https:\\\/\\\/www.gtline.com\\\/de\\\/products\\\/arbeit-mit-gt-line-drill-halter-drill-r\\\/#primaryimage\",\"url\":\"https:\\\/\\\/www.gtline.com\\\/de\\\/wp-content\\\/uploads\\\/sites\\\/5\\\/2025\\\/05\\\/TOP-DRILL-R_01_9055.jpg\",\"contentUrl\":\"https:\\\/\\\/www.gtline.com\\\/de\\\/wp-content\\\/uploads\\\/sites\\\/5\\\/2025\\\/05\\\/TOP-DRILL-R_01_9055.jpg\",\"width\":500,\"height\":500},{\"@type\":\"BreadcrumbList\",\"@id\":\"https:\\\/\\\/www.gtline.com\\\/de\\\/products\\\/arbeit-mit-gt-line-drill-halter-drill-r\\\/#breadcrumb\",\"itemListElement\":[{\"@type\":\"ListItem\",\"position\":1,\"name\":\"Home\",\"item\":\"https:\\\/\\\/www.gtline.com\\\/de\\\/\"},{\"@type\":\"ListItem\",\"position\":2,\"name\":\"Shop\",\"item\":\"https:\\\/\\\/www.gtline.com\\\/de\\\/negozio\\\/\"},{\"@type\":\"ListItem\",\"position\":3,\"name\":\"Arbeit mit GT Line Drill Halter Drill R\"}]},{\"@type\":\"WebSite\",\"@id\":\"https:\\\/\\\/www.gtline.com\\\/de\\\/#website\",\"url\":\"https:\\\/\\\/www.gtline.com\\\/de\\\/\",\"name\":\"Gt Line\",\"description\":\"\",\"publisher\":{\"@id\":\"https:\\\/\\\/www.gtline.com\\\/de\\\/#organization\"},\"potentialAction\":[{\"@type\":\"SearchAction\",\"target\":{\"@type\":\"EntryPoint\",\"urlTemplate\":\"https:\\\/\\\/www.gtline.com\\\/de\\\/?s={search_term_string}\"},\"query-input\":{\"@type\":\"PropertyValueSpecification\",\"valueRequired\":true,\"valueName\":\"search_term_string\"}}],\"inLanguage\":\"de\"},{\"@type\":\"Organization\",\"@id\":\"https:\\\/\\\/www.gtline.com\\\/de\\\/#organization\",\"name\":\"Gt Line\",\"url\":\"https:\\\/\\\/www.gtline.com\\\/de\\\/\",\"logo\":{\"@type\":\"ImageObject\",\"inLanguage\":\"de\",\"@id\":\"https:\\\/\\\/www.gtline.com\\\/de\\\/#\\\/schema\\\/logo\\\/image\\\/\",\"url\":\"https:\\\/\\\/www.gtline.com\\\/de\\\/wp-content\\\/uploads\\\/sites\\\/5\\\/2025\\\/02\\\/logo.png\",\"contentUrl\":\"https:\\\/\\\/www.gtline.com\\\/de\\\/wp-content\\\/uploads\\\/sites\\\/5\\\/2025\\\/02\\\/logo.png\",\"width\":228,\"height\":146,\"caption\":\"Gt Line\"},\"image\":{\"@id\":\"https:\\\/\\\/www.gtline.com\\\/de\\\/#\\\/schema\\\/logo\\\/image\\\/\"},\"sameAs\":[\"https:\\\/\\\/www.facebook.com\\\/gtlinesrl?locale=it_IT\",\"https:\\\/\\\/www.instagram.com\\\/gt_line_srl\\\/\",\"https:\\\/\\\/www.youtube.com\\\/channel\\\/UCDvpkFqswNJOVFz64PkYRQQ\",\"https:\\\/\\\/www.linkedin.com\\\/company\\\/gt-line-srl\\\/\"]}]}<\/script>\n<!-- \/ Yoast SEO plugin. -->","yoast_head_json":{"title":"Arbeit mit GT Line Drill Halter Drill R - Gt Line DE","robots":{"index":"index","follow":"follow","max-snippet":"max-snippet:-1","max-image-preview":"max-image-preview:large","max-video-preview":"max-video-preview:-1"},"canonical":"https:\/\/www.gtline.com\/de\/products\/arbeit-mit-gt-line-drill-halter-drill-r\/","og_locale":"de_DE","og_type":"article","og_title":"Arbeit mit GT Line Drill Halter Drill R - Gt Line DE","og_description":"Der Drill R ist ein G\u00fcrtelholster f\u00fcr Bohrmaschinen oder Akkuschrauber, das entwickelt wurde, um Profis maximale Bewegungsfreiheit und sofortigen Zugriff auf ihr Hauptwerkzeug w\u00e4hrend der Arbeit zu bieten.Leicht und kompakt, verf\u00fcgt er \u00fcber eine Schlaufe zur direkten Befestigung am Top Belt R oder an jedem anderen Arbeitsg\u00fcrtel \u2013 das macht ihn zum idealen Zubeh\u00f6r f\u00fcr alle, die in der H\u00f6he, in Bewegung oder in engen Arbeitsbereichen t\u00e4tig sind.","og_url":"https:\/\/www.gtline.com\/de\/products\/arbeit-mit-gt-line-drill-halter-drill-r\/","og_site_name":"Gt Line DE","article_publisher":"https:\/\/www.facebook.com\/gtlinesrl?locale=it_IT","article_modified_time":"2026-04-30T02:09:38+00:00","og_image":[{"width":500,"height":500,"url":"https:\/\/www.gtline.com\/de\/wp-content\/uploads\/sites\/5\/2025\/05\/TOP-DRILL-R_01_9055.jpg","type":"image\/jpeg"}],"twitter_card":"summary_large_image","twitter_misc":{"Gesch\u00e4tzte Lesezeit":"1\u00a0Minute"},"schema":{"@context":"https:\/\/schema.org","@graph":[{"@type":"WebPage","@id":"https:\/\/www.gtline.com\/de\/products\/arbeit-mit-gt-line-drill-halter-drill-r\/","url":"https:\/\/www.gtline.com\/de\/products\/arbeit-mit-gt-line-drill-halter-drill-r\/","name":"Arbeit mit GT Line Drill Halter Drill R - Gt Line DE","isPartOf":{"@id":"https:\/\/www.gtline.com\/de\/#website"},"primaryImageOfPage":{"@id":"https:\/\/www.gtline.com\/de\/products\/arbeit-mit-gt-line-drill-halter-drill-r\/#primaryimage"},"image":{"@id":"https:\/\/www.gtline.com\/de\/products\/arbeit-mit-gt-line-drill-halter-drill-r\/#primaryimage"},"thumbnailUrl":"https:\/\/www.gtline.com\/de\/wp-content\/uploads\/sites\/5\/2025\/05\/TOP-DRILL-R_01_9055.jpg","datePublished":"2025-07-30T10:22:19+00:00","dateModified":"2026-04-30T02:09:38+00:00","breadcrumb":{"@id":"https:\/\/www.gtline.com\/de\/products\/arbeit-mit-gt-line-drill-halter-drill-r\/#breadcrumb"},"inLanguage":"de","potentialAction":[{"@type":"ReadAction","target":["https:\/\/www.gtline.com\/de\/products\/arbeit-mit-gt-line-drill-halter-drill-r\/"]}]},{"@type":"ImageObject","inLanguage":"de","@id":"https:\/\/www.gtline.com\/de\/products\/arbeit-mit-gt-line-drill-halter-drill-r\/#primaryimage","url":"https:\/\/www.gtline.com\/de\/wp-content\/uploads\/sites\/5\/2025\/05\/TOP-DRILL-R_01_9055.jpg","contentUrl":"https:\/\/www.gtline.com\/de\/wp-content\/uploads\/sites\/5\/2025\/05\/TOP-DRILL-R_01_9055.jpg","width":500,"height":500},{"@type":"BreadcrumbList","@id":"https:\/\/www.gtline.com\/de\/products\/arbeit-mit-gt-line-drill-halter-drill-r\/#breadcrumb","itemListElement":[{"@type":"ListItem","position":1,"name":"Home","item":"https:\/\/www.gtline.com\/de\/"},{"@type":"ListItem","position":2,"name":"Shop","item":"https:\/\/www.gtline.com\/de\/negozio\/"},{"@type":"ListItem","position":3,"name":"Arbeit mit GT Line Drill Halter Drill R"}]},{"@type":"WebSite","@id":"https:\/\/www.gtline.com\/de\/#website","url":"https:\/\/www.gtline.com\/de\/","name":"Gt Line","description":"","publisher":{"@id":"https:\/\/www.gtline.com\/de\/#organization"},"potentialAction":[{"@type":"SearchAction","target":{"@type":"EntryPoint","urlTemplate":"https:\/\/www.gtline.com\/de\/?s={search_term_string}"},"query-input":{"@type":"PropertyValueSpecification","valueRequired":true,"valueName":"search_term_string"}}],"inLanguage":"de"},{"@type":"Organization","@id":"https:\/\/www.gtline.com\/de\/#organization","name":"Gt Line","url":"https:\/\/www.gtline.com\/de\/","logo":{"@type":"ImageObject","inLanguage":"de","@id":"https:\/\/www.gtline.com\/de\/#\/schema\/logo\/image\/","url":"https:\/\/www.gtline.com\/de\/wp-content\/uploads\/sites\/5\/2025\/02\/logo.png","contentUrl":"https:\/\/www.gtline.com\/de\/wp-content\/uploads\/sites\/5\/2025\/02\/logo.png","width":228,"height":146,"caption":"Gt Line"},"image":{"@id":"https:\/\/www.gtline.com\/de\/#\/schema\/logo\/image\/"},"sameAs":["https:\/\/www.facebook.com\/gtlinesrl?locale=it_IT","https:\/\/www.instagram.com\/gt_line_srl\/","https:\/\/www.youtube.com\/channel\/UCDvpkFqswNJOVFz64PkYRQQ","https:\/\/www.linkedin.com\/company\/gt-line-srl\/"]}]}},"_links":{"self":[{"href":"https:\/\/www.gtline.com\/de\/wp-json\/wp\/v2\/product\/16965","targetHints":{"allow":["GET"]}}],"collection":[{"href":"https:\/\/www.gtline.com\/de\/wp-json\/wp\/v2\/product"}],"about":[{"href":"https:\/\/www.gtline.com\/de\/wp-json\/wp\/v2\/types\/product"}],"replies":[{"embeddable":true,"href":"https:\/\/www.gtline.com\/de\/wp-json\/wp\/v2\/comments?post=16965"}],"version-history":[{"count":2,"href":"https:\/\/www.gtline.com\/de\/wp-json\/wp\/v2\/product\/16965\/revisions"}],"predecessor-version":[{"id":22339,"href":"https:\/\/www.gtline.com\/de\/wp-json\/wp\/v2\/product\/16965\/revisions\/22339"}],"wp:featuredmedia":[{"embeddable":true,"href":"https:\/\/www.gtline.com\/de\/wp-json\/wp\/v2\/media\/8897"}],"wp:attachment":[{"href":"https:\/\/www.gtline.com\/de\/wp-json\/wp\/v2\/media?parent=16965"}],"wp:term":[{"taxonomy":"product_brand","embeddable":true,"href":"https:\/\/www.gtline.com\/de\/wp-json\/wp\/v2\/product_brand?post=16965"},{"taxonomy":"product_cat","embeddable":true,"href":"https:\/\/www.gtline.com\/de\/wp-json\/wp\/v2\/product_cat?post=16965"},{"taxonomy":"product_tag","embeddable":true,"href":"https:\/\/www.gtline.com\/de\/wp-json\/wp\/v2\/product_tag?post=16965"}],"curies":[{"name":"wp","href":"https:\/\/api.w.org\/{rel}","templated":true}]}}