{"id":16967,"date":"2025-07-30T10:22:22","date_gmt":"2025-07-30T10:22:22","guid":{"rendered":"https:\/\/www.gtline.com\/de\/prodotto\/work-line-by-gt-cintura-porta-attrezzi-top-belt-r\/"},"modified":"2026-04-30T02:09:41","modified_gmt":"2026-04-30T02:09:41","slug":"work-line-by-gt-cintura-porta-attrezzi-top-belt-r","status":"publish","type":"product","link":"https:\/\/www.gtline.com\/de\/products\/work-line-by-gt-cintura-porta-attrezzi-top-belt-r\/","title":{"rendered":"Work Line by GT Cintura Porta Attrezzi Top Belt R"},"content":{"rendered":"<p data-start=\"3\" data-end=\"228\"><strong data-start=\"3\" data-end=\"72\" data-is-only-node=\"\">1.Lang anhaltender Tragekomfort \u2013 auch bei langen Arbeitseins\u00e4tzen.<br \/><\/strong><br data-start=\"72\" data-end=\"75\">Der <strong data-start=\"82\" data-end=\"116\">ergonomisch gepolsterte G\u00fcrtel<\/strong> sorgt f\u00fcr h\u00f6chsten Komfort und verhindert Druckstellen \u2013 selbst bei schweren Lasten und sperrigen Werkzeugen.<\/p>\n<p data-start=\"233\" data-end=\"437\"><strong data-start=\"233\" data-end=\"286\" data-is-only-node=\"\">2.Verstellbare Gr\u00f6\u00dfe f\u00fcr eine passgenaue Trageform.<br \/><\/strong><br data-start=\"286\" data-end=\"289\">Mit einer <strong data-start=\"302\" data-end=\"346\">L\u00e4nge von 920 mm bis 1350 mm verstellbar<\/strong>, passt sich der G\u00fcrtel perfekt an jede K\u00f6rperstatur und jede Art von Arbeitskleidung an.<\/p>\n<p data-start=\"442\" data-end=\"661\"><strong data-start=\"442\" data-end=\"496\" data-is-only-node=\"\">3.Praktisches und sicheres Schnellverschluss-System.<br \/><\/strong><br data-start=\"496\" data-end=\"499\">Der <strong data-start=\"506\" data-end=\"527\">Schnellverschluss<\/strong> erm\u00f6glicht das Anlegen und Abnehmen des G\u00fcrtels in wenigen Sekunden, bei gleichbleibend hoher <strong data-start=\"622\" data-end=\"658\">Sicherheit w\u00e4hrend des Einsatzes<\/strong>.<\/p>\n<p data-start=\"666\" data-end=\"905\"><strong data-start=\"666\" data-end=\"724\" data-is-only-node=\"\">4.Volle Modularit\u00e4t f\u00fcr eine individuelle Konfiguration.<br \/><\/strong><br data-start=\"724\" data-end=\"727\"><strong data-start=\"730\" data-end=\"788\">Kompatibel mit den Werkzeughaltern der Work Line-Serie<\/strong>, um einen <strong data-start=\"799\" data-end=\"835\">ma\u00dfgeschneiderten Werkzeugg\u00fcrtel<\/strong>entsprechend den Anforderungen jedes einzelnen Profis zu gestalten.<\/p>\n<p data-start=\"910\" data-end=\"1100\"><strong data-start=\"910\" data-end=\"961\" data-is-only-node=\"\">5.Unverzichtbares Werkzeug f\u00fcr mobile Fachkr\u00e4fte.<br \/><\/strong><br data-start=\"961\" data-end=\"964\">Ideal f\u00fcr alle, die ihr <strong data-start=\"991\" data-end=\"1016\">Werkzeugset \u201etragbar\u201c<\/strong> bevorzugen \u2013 f\u00fcr <strong data-start=\"1034\" data-end=\"1097\">maximale Bewegungsfreiheit und schnelle Einsatzbereitschaft<\/strong>.<\/p>\n<p data-start=\"1105\" data-end=\"1359\"><strong data-start=\"1105\" data-end=\"1162\" data-is-only-node=\"\">6.Perfekte Erg\u00e4nzung zu Rucks\u00e4cken und Werkzeugkoffern.<br \/><\/strong><br data-start=\"1162\" data-end=\"1165\">Der <strong data-start=\"1172\" data-end=\"1186\">TOP BELT R<\/strong> l\u00e4sst sich optimal mit einem <strong data-start=\"1216\" data-end=\"1281\">professionellen Rucksack, Arbeitsrucksack oder Werkzeugkoffer<\/strong>kombinieren und erweitert so die <strong data-start=\"1315\" data-end=\"1356\">Transport- und Organisationskapazit\u00e4t<\/strong>.<\/p>\n<p data-start=\"1364\" data-end=\"1593\"><strong data-start=\"1364\" data-end=\"1410\" data-is-only-node=\"\">7.Robustes, leichtes und praktisches Design.<br \/><\/strong><br data-start=\"1410\" data-end=\"1413\">Mit einem <strong data-start=\"1426\" data-end=\"1453\">Gewicht von nur 1,55 kg<\/strong> vereint der G\u00fcrtel <strong data-start=\"1473\" data-end=\"1504\">Stabilit\u00e4t und Leichtigkeit<\/strong> und gew\u00e4hrleistet eine <strong data-start=\"1528\" data-end=\"1549\">lange Lebensdauer<\/strong> auch in <strong data-start=\"1558\" data-end=\"1590\">intensiven Arbeitsumgebungen<\/strong>.<\/p>\n<p data-start=\"1598\" data-end=\"1896\" data-is-last-node=\"\"><strong data-start=\"1598\" data-end=\"1659\" data-is-only-node=\"\">8.Work by GT Line: Modularit\u00e4t und professionelle Qualit\u00e4t.<br \/><\/strong><br data-start=\"1659\" data-end=\"1662\">Als Teil der <strong data-start=\"1678\" data-end=\"1711\">professionellen GT Line-Serie<\/strong> wurde der <strong data-start=\"1722\" data-end=\"1736\">TOP BELT R<\/strong> entwickelt, um den Anforderungen von <strong data-start=\"1774\" data-end=\"1815\">Technikern, Handwerkern und Monteuren<\/strong> gerecht zu werden, die <strong data-start=\"1839\" data-end=\"1888\">Zuverl\u00e4ssigkeit, Ergonomie und Funktionalit\u00e4t<\/strong>suchen.<\/p>\n","protected":false},"excerpt":{"rendered":"<p data-start=\"0\" data-end=\"290\">Der <strong data-start=\"4\" data-end=\"18\">TOP BELT R<\/strong> ist die <strong data-start=\"27\" data-end=\"57\">perfekte L\u00f6sung f\u00fcr Profis<\/strong>, die einen <strong data-start=\"69\" data-end=\"132\">bequemen, strapazierf\u00e4higen und vielseitigen Werkzeugg\u00fcrtel<\/strong> suchen.<br \/><br data-start=\"140\" data-end=\"143\">Mit einer <strong data-start=\"153\" data-end=\"181\">ergonomischen Polsterung<\/strong> ausgestattet, bietet er <strong data-start=\"206\" data-end=\"232\">hohe Bewegungsfreiheit<\/strong> und eine <strong data-start=\"242\" data-end=\"273\">optimale Gewichtsverteilung<\/strong> der Werkzeuge.<\/p>\n<p data-start=\"292\" data-end=\"587\">Dank des <strong data-start=\"301\" data-end=\"331\">Schnellbefestigungssystems<\/strong> und der <strong data-start=\"340\" data-end=\"394\">Kompatibilit\u00e4t mit dem Zubeh\u00f6r der Work Line-Serie<\/strong> verwandelt sich der G\u00fcrtel in ein <strong data-start=\"429\" data-end=\"458\">tragbares Transportsystem<\/strong> \u2013 eine hervorragende <strong data-start=\"480\" data-end=\"510\">Alternative oder Erg\u00e4nzung<\/strong> zu jeder <strong data-start=\"520\" data-end=\"538\">Werkzeugtasche<\/strong>, <strong data-start=\"540\" data-end=\"560\">Werkzeugrucksack<\/strong> oder <strong data-start=\"566\" data-end=\"584\">Werkzeugkoffer<\/strong>.<\/p>\n<p data-start=\"589\" data-end=\"738\" data-is-last-node=\"\" data-is-only-node=\"\"><strong data-start=\"589\" data-end=\"610\">Leicht und robust<\/strong>, ist er ideal f\u00fcr <strong data-start=\"629\" data-end=\"682\">Elektriker, Wartungstechniker und Servicemonteure<\/strong>, die ihre Werkzeuge stets <strong data-start=\"709\" data-end=\"724\" data-is-only-node=\"\">griffbereit<\/strong> haben m\u00fcssen.<\/p>\n","protected":false},"featured_media":8905,"comment_status":"open","ping_status":"closed","template":"","meta":{"_acf_changed":false},"product_brand":[],"product_cat":[230],"product_tag":[],"class_list":{"0":"post-16967","1":"product","2":"type-product","3":"status-publish","4":"has-post-thumbnail","6":"product_cat-linea-top","7":"pa_anwendungen-koffer-und-taschen-fur-betreuer","8":"pa_anwendungen-koffer-und-taschen-fur-elektriker","9":"pa_anwendungen-koffer-und-taschen-fur-installateure","10":"pa_anwendungen-koffer-und-taschen-fur-servicetechniker","11":"pa_produkttyp-werkzeugtaschen-und-rucksacke","13":"first","14":"instock","15":"shipping-taxable","16":"purchasable","17":"product-type-simple"},"acf":[],"yoast_head":"<!-- This site is optimized with the Yoast SEO plugin v27.4 - https:\/\/yoast.com\/product\/yoast-seo-wordpress\/ -->\n<title>Work Line by GT Cintura Porta Attrezzi Top Belt R - Gt Line DE<\/title>\n<meta name=\"robots\" content=\"index, follow, max-snippet:-1, max-image-preview:large, max-video-preview:-1\" \/>\n<link rel=\"canonical\" href=\"https:\/\/www.gtline.com\/de\/products\/work-line-by-gt-cintura-porta-attrezzi-top-belt-r\/\" \/>\n<meta property=\"og:locale\" content=\"de_DE\" \/>\n<meta property=\"og:type\" content=\"article\" \/>\n<meta property=\"og:title\" content=\"Work Line by GT Cintura Porta Attrezzi Top Belt R - Gt Line DE\" \/>\n<meta property=\"og:description\" content=\"Der TOP BELT R ist die perfekte L\u00f6sung f\u00fcr Profis, die einen bequemen, strapazierf\u00e4higen und vielseitigen Werkzeugg\u00fcrtel suchen.Mit einer ergonomischen Polsterung ausgestattet, bietet er hohe Bewegungsfreiheit und eine optimale Gewichtsverteilung der Werkzeuge. Dank des Schnellbefestigungssystems und der Kompatibilit\u00e4t mit dem Zubeh\u00f6r der Work Line-Serie verwandelt sich der G\u00fcrtel in ein tragbares Transportsystem \u2013 eine hervorragende Alternative oder Erg\u00e4nzung zu jeder Werkzeugtasche, Werkzeugrucksack oder Werkzeugkoffer. Leicht und robust, ist er ideal f\u00fcr Elektriker, Wartungstechniker und Servicemonteure, die ihre Werkzeuge stets griffbereit haben m\u00fcssen.\" \/>\n<meta property=\"og:url\" content=\"https:\/\/www.gtline.com\/de\/products\/work-line-by-gt-cintura-porta-attrezzi-top-belt-r\/\" \/>\n<meta property=\"og:site_name\" content=\"Gt Line DE\" \/>\n<meta property=\"article:publisher\" content=\"https:\/\/www.facebook.com\/gtlinesrl?locale=it_IT\" \/>\n<meta property=\"article:modified_time\" content=\"2026-04-30T02:09:41+00:00\" \/>\n<meta property=\"og:image\" content=\"https:\/\/www.gtline.com\/de\/wp-content\/uploads\/sites\/5\/2025\/05\/TOP-BELT-R_ALL_01_9056.jpg\" \/>\n\t<meta property=\"og:image:width\" content=\"500\" \/>\n\t<meta property=\"og:image:height\" content=\"500\" \/>\n\t<meta property=\"og:image:type\" content=\"image\/jpeg\" \/>\n<meta name=\"twitter:card\" content=\"summary_large_image\" \/>\n<meta name=\"twitter:label1\" content=\"Gesch\u00e4tzte Lesezeit\" \/>\n\t<meta name=\"twitter:data1\" content=\"1\u00a0Minute\" \/>\n<script type=\"application\/ld+json\" class=\"yoast-schema-graph\">{\"@context\":\"https:\\\/\\\/schema.org\",\"@graph\":[{\"@type\":\"WebPage\",\"@id\":\"https:\\\/\\\/www.gtline.com\\\/de\\\/products\\\/work-line-by-gt-cintura-porta-attrezzi-top-belt-r\\\/\",\"url\":\"https:\\\/\\\/www.gtline.com\\\/de\\\/products\\\/work-line-by-gt-cintura-porta-attrezzi-top-belt-r\\\/\",\"name\":\"Work Line by GT Cintura Porta Attrezzi Top Belt R - Gt Line DE\",\"isPartOf\":{\"@id\":\"https:\\\/\\\/www.gtline.com\\\/de\\\/#website\"},\"primaryImageOfPage\":{\"@id\":\"https:\\\/\\\/www.gtline.com\\\/de\\\/products\\\/work-line-by-gt-cintura-porta-attrezzi-top-belt-r\\\/#primaryimage\"},\"image\":{\"@id\":\"https:\\\/\\\/www.gtline.com\\\/de\\\/products\\\/work-line-by-gt-cintura-porta-attrezzi-top-belt-r\\\/#primaryimage\"},\"thumbnailUrl\":\"https:\\\/\\\/www.gtline.com\\\/de\\\/wp-content\\\/uploads\\\/sites\\\/5\\\/2025\\\/05\\\/TOP-BELT-R_ALL_01_9056.jpg\",\"datePublished\":\"2025-07-30T10:22:22+00:00\",\"dateModified\":\"2026-04-30T02:09:41+00:00\",\"breadcrumb\":{\"@id\":\"https:\\\/\\\/www.gtline.com\\\/de\\\/products\\\/work-line-by-gt-cintura-porta-attrezzi-top-belt-r\\\/#breadcrumb\"},\"inLanguage\":\"de\",\"potentialAction\":[{\"@type\":\"ReadAction\",\"target\":[\"https:\\\/\\\/www.gtline.com\\\/de\\\/products\\\/work-line-by-gt-cintura-porta-attrezzi-top-belt-r\\\/\"]}]},{\"@type\":\"ImageObject\",\"inLanguage\":\"de\",\"@id\":\"https:\\\/\\\/www.gtline.com\\\/de\\\/products\\\/work-line-by-gt-cintura-porta-attrezzi-top-belt-r\\\/#primaryimage\",\"url\":\"https:\\\/\\\/www.gtline.com\\\/de\\\/wp-content\\\/uploads\\\/sites\\\/5\\\/2025\\\/05\\\/TOP-BELT-R_ALL_01_9056.jpg\",\"contentUrl\":\"https:\\\/\\\/www.gtline.com\\\/de\\\/wp-content\\\/uploads\\\/sites\\\/5\\\/2025\\\/05\\\/TOP-BELT-R_ALL_01_9056.jpg\",\"width\":500,\"height\":500},{\"@type\":\"BreadcrumbList\",\"@id\":\"https:\\\/\\\/www.gtline.com\\\/de\\\/products\\\/work-line-by-gt-cintura-porta-attrezzi-top-belt-r\\\/#breadcrumb\",\"itemListElement\":[{\"@type\":\"ListItem\",\"position\":1,\"name\":\"Home\",\"item\":\"https:\\\/\\\/www.gtline.com\\\/de\\\/\"},{\"@type\":\"ListItem\",\"position\":2,\"name\":\"Shop\",\"item\":\"https:\\\/\\\/www.gtline.com\\\/de\\\/negozio\\\/\"},{\"@type\":\"ListItem\",\"position\":3,\"name\":\"Work Line by GT Cintura Porta Attrezzi Top Belt R\"}]},{\"@type\":\"WebSite\",\"@id\":\"https:\\\/\\\/www.gtline.com\\\/de\\\/#website\",\"url\":\"https:\\\/\\\/www.gtline.com\\\/de\\\/\",\"name\":\"Gt Line\",\"description\":\"\",\"publisher\":{\"@id\":\"https:\\\/\\\/www.gtline.com\\\/de\\\/#organization\"},\"potentialAction\":[{\"@type\":\"SearchAction\",\"target\":{\"@type\":\"EntryPoint\",\"urlTemplate\":\"https:\\\/\\\/www.gtline.com\\\/de\\\/?s={search_term_string}\"},\"query-input\":{\"@type\":\"PropertyValueSpecification\",\"valueRequired\":true,\"valueName\":\"search_term_string\"}}],\"inLanguage\":\"de\"},{\"@type\":\"Organization\",\"@id\":\"https:\\\/\\\/www.gtline.com\\\/de\\\/#organization\",\"name\":\"Gt Line\",\"url\":\"https:\\\/\\\/www.gtline.com\\\/de\\\/\",\"logo\":{\"@type\":\"ImageObject\",\"inLanguage\":\"de\",\"@id\":\"https:\\\/\\\/www.gtline.com\\\/de\\\/#\\\/schema\\\/logo\\\/image\\\/\",\"url\":\"https:\\\/\\\/www.gtline.com\\\/de\\\/wp-content\\\/uploads\\\/sites\\\/5\\\/2025\\\/02\\\/logo.png\",\"contentUrl\":\"https:\\\/\\\/www.gtline.com\\\/de\\\/wp-content\\\/uploads\\\/sites\\\/5\\\/2025\\\/02\\\/logo.png\",\"width\":228,\"height\":146,\"caption\":\"Gt Line\"},\"image\":{\"@id\":\"https:\\\/\\\/www.gtline.com\\\/de\\\/#\\\/schema\\\/logo\\\/image\\\/\"},\"sameAs\":[\"https:\\\/\\\/www.facebook.com\\\/gtlinesrl?locale=it_IT\",\"https:\\\/\\\/www.instagram.com\\\/gt_line_srl\\\/\",\"https:\\\/\\\/www.youtube.com\\\/channel\\\/UCDvpkFqswNJOVFz64PkYRQQ\",\"https:\\\/\\\/www.linkedin.com\\\/company\\\/gt-line-srl\\\/\"]}]}<\/script>\n<!-- \/ Yoast SEO plugin. -->","yoast_head_json":{"title":"Work Line by GT Cintura Porta Attrezzi Top Belt R - Gt Line DE","robots":{"index":"index","follow":"follow","max-snippet":"max-snippet:-1","max-image-preview":"max-image-preview:large","max-video-preview":"max-video-preview:-1"},"canonical":"https:\/\/www.gtline.com\/de\/products\/work-line-by-gt-cintura-porta-attrezzi-top-belt-r\/","og_locale":"de_DE","og_type":"article","og_title":"Work Line by GT Cintura Porta Attrezzi Top Belt R - Gt Line DE","og_description":"Der TOP BELT R ist die perfekte L\u00f6sung f\u00fcr Profis, die einen bequemen, strapazierf\u00e4higen und vielseitigen Werkzeugg\u00fcrtel suchen.Mit einer ergonomischen Polsterung ausgestattet, bietet er hohe Bewegungsfreiheit und eine optimale Gewichtsverteilung der Werkzeuge. Dank des Schnellbefestigungssystems und der Kompatibilit\u00e4t mit dem Zubeh\u00f6r der Work Line-Serie verwandelt sich der G\u00fcrtel in ein tragbares Transportsystem \u2013 eine hervorragende Alternative oder Erg\u00e4nzung zu jeder Werkzeugtasche, Werkzeugrucksack oder Werkzeugkoffer. Leicht und robust, ist er ideal f\u00fcr Elektriker, Wartungstechniker und Servicemonteure, die ihre Werkzeuge stets griffbereit haben m\u00fcssen.","og_url":"https:\/\/www.gtline.com\/de\/products\/work-line-by-gt-cintura-porta-attrezzi-top-belt-r\/","og_site_name":"Gt Line DE","article_publisher":"https:\/\/www.facebook.com\/gtlinesrl?locale=it_IT","article_modified_time":"2026-04-30T02:09:41+00:00","og_image":[{"width":500,"height":500,"url":"https:\/\/www.gtline.com\/de\/wp-content\/uploads\/sites\/5\/2025\/05\/TOP-BELT-R_ALL_01_9056.jpg","type":"image\/jpeg"}],"twitter_card":"summary_large_image","twitter_misc":{"Gesch\u00e4tzte Lesezeit":"1\u00a0Minute"},"schema":{"@context":"https:\/\/schema.org","@graph":[{"@type":"WebPage","@id":"https:\/\/www.gtline.com\/de\/products\/work-line-by-gt-cintura-porta-attrezzi-top-belt-r\/","url":"https:\/\/www.gtline.com\/de\/products\/work-line-by-gt-cintura-porta-attrezzi-top-belt-r\/","name":"Work Line by GT Cintura Porta Attrezzi Top Belt R - Gt Line DE","isPartOf":{"@id":"https:\/\/www.gtline.com\/de\/#website"},"primaryImageOfPage":{"@id":"https:\/\/www.gtline.com\/de\/products\/work-line-by-gt-cintura-porta-attrezzi-top-belt-r\/#primaryimage"},"image":{"@id":"https:\/\/www.gtline.com\/de\/products\/work-line-by-gt-cintura-porta-attrezzi-top-belt-r\/#primaryimage"},"thumbnailUrl":"https:\/\/www.gtline.com\/de\/wp-content\/uploads\/sites\/5\/2025\/05\/TOP-BELT-R_ALL_01_9056.jpg","datePublished":"2025-07-30T10:22:22+00:00","dateModified":"2026-04-30T02:09:41+00:00","breadcrumb":{"@id":"https:\/\/www.gtline.com\/de\/products\/work-line-by-gt-cintura-porta-attrezzi-top-belt-r\/#breadcrumb"},"inLanguage":"de","potentialAction":[{"@type":"ReadAction","target":["https:\/\/www.gtline.com\/de\/products\/work-line-by-gt-cintura-porta-attrezzi-top-belt-r\/"]}]},{"@type":"ImageObject","inLanguage":"de","@id":"https:\/\/www.gtline.com\/de\/products\/work-line-by-gt-cintura-porta-attrezzi-top-belt-r\/#primaryimage","url":"https:\/\/www.gtline.com\/de\/wp-content\/uploads\/sites\/5\/2025\/05\/TOP-BELT-R_ALL_01_9056.jpg","contentUrl":"https:\/\/www.gtline.com\/de\/wp-content\/uploads\/sites\/5\/2025\/05\/TOP-BELT-R_ALL_01_9056.jpg","width":500,"height":500},{"@type":"BreadcrumbList","@id":"https:\/\/www.gtline.com\/de\/products\/work-line-by-gt-cintura-porta-attrezzi-top-belt-r\/#breadcrumb","itemListElement":[{"@type":"ListItem","position":1,"name":"Home","item":"https:\/\/www.gtline.com\/de\/"},{"@type":"ListItem","position":2,"name":"Shop","item":"https:\/\/www.gtline.com\/de\/negozio\/"},{"@type":"ListItem","position":3,"name":"Work Line by GT Cintura Porta Attrezzi Top Belt R"}]},{"@type":"WebSite","@id":"https:\/\/www.gtline.com\/de\/#website","url":"https:\/\/www.gtline.com\/de\/","name":"Gt Line","description":"","publisher":{"@id":"https:\/\/www.gtline.com\/de\/#organization"},"potentialAction":[{"@type":"SearchAction","target":{"@type":"EntryPoint","urlTemplate":"https:\/\/www.gtline.com\/de\/?s={search_term_string}"},"query-input":{"@type":"PropertyValueSpecification","valueRequired":true,"valueName":"search_term_string"}}],"inLanguage":"de"},{"@type":"Organization","@id":"https:\/\/www.gtline.com\/de\/#organization","name":"Gt Line","url":"https:\/\/www.gtline.com\/de\/","logo":{"@type":"ImageObject","inLanguage":"de","@id":"https:\/\/www.gtline.com\/de\/#\/schema\/logo\/image\/","url":"https:\/\/www.gtline.com\/de\/wp-content\/uploads\/sites\/5\/2025\/02\/logo.png","contentUrl":"https:\/\/www.gtline.com\/de\/wp-content\/uploads\/sites\/5\/2025\/02\/logo.png","width":228,"height":146,"caption":"Gt Line"},"image":{"@id":"https:\/\/www.gtline.com\/de\/#\/schema\/logo\/image\/"},"sameAs":["https:\/\/www.facebook.com\/gtlinesrl?locale=it_IT","https:\/\/www.instagram.com\/gt_line_srl\/","https:\/\/www.youtube.com\/channel\/UCDvpkFqswNJOVFz64PkYRQQ","https:\/\/www.linkedin.com\/company\/gt-line-srl\/"]}]}},"_links":{"self":[{"href":"https:\/\/www.gtline.com\/de\/wp-json\/wp\/v2\/product\/16967","targetHints":{"allow":["GET"]}}],"collection":[{"href":"https:\/\/www.gtline.com\/de\/wp-json\/wp\/v2\/product"}],"about":[{"href":"https:\/\/www.gtline.com\/de\/wp-json\/wp\/v2\/types\/product"}],"replies":[{"embeddable":true,"href":"https:\/\/www.gtline.com\/de\/wp-json\/wp\/v2\/comments?post=16967"}],"version-history":[{"count":2,"href":"https:\/\/www.gtline.com\/de\/wp-json\/wp\/v2\/product\/16967\/revisions"}],"predecessor-version":[{"id":22340,"href":"https:\/\/www.gtline.com\/de\/wp-json\/wp\/v2\/product\/16967\/revisions\/22340"}],"wp:featuredmedia":[{"embeddable":true,"href":"https:\/\/www.gtline.com\/de\/wp-json\/wp\/v2\/media\/8905"}],"wp:attachment":[{"href":"https:\/\/www.gtline.com\/de\/wp-json\/wp\/v2\/media?parent=16967"}],"wp:term":[{"taxonomy":"product_brand","embeddable":true,"href":"https:\/\/www.gtline.com\/de\/wp-json\/wp\/v2\/product_brand?post=16967"},{"taxonomy":"product_cat","embeddable":true,"href":"https:\/\/www.gtline.com\/de\/wp-json\/wp\/v2\/product_cat?post=16967"},{"taxonomy":"product_tag","embeddable":true,"href":"https:\/\/www.gtline.com\/de\/wp-json\/wp\/v2\/product_tag?post=16967"}],"curies":[{"name":"wp","href":"https:\/\/api.w.org\/{rel}","templated":true}]}}