{"id":16969,"date":"2025-07-30T10:22:27","date_gmt":"2025-07-30T10:22:27","guid":{"rendered":"https:\/\/www.gtline.com\/de\/prodotto\/work-line-by-gt-werkzeugtasche-bag-case-pts-r\/"},"modified":"2026-04-17T02:10:24","modified_gmt":"2026-04-17T02:10:24","slug":"work-line-by-gt-werkzeugtasche-bag-case-pts-r","status":"publish","type":"product","link":"https:\/\/www.gtline.com\/de\/products\/work-line-by-gt-werkzeugtasche-bag-case-pts-r\/","title":{"rendered":"Work Line by GT Werkzeugtasche BAG &amp; CASE PTS R"},"content":{"rendered":"<p data-start=\"3\" data-end=\"257\"><strong data-start=\"3\" data-end=\"68\" data-is-only-node=\"\">1.Intelligente und individuell anpassbare Werkzeugorganisation.<\/strong><br data-start=\"68\" data-end=\"71\">Die beiden Werkzeugtafeln mit dem <strong data-start=\"105\" data-end=\"130\">FLEXI POUCHES\u2122-System<\/strong> bieten Flexibilit\u00e4t und schnellen Zugriff auf die Werkzeuge \u2013 ideal f\u00fcr Elektriker, Wartungstechniker und mobile Fachkr\u00e4fte.<\/p>\n<p data-start=\"262\" data-end=\"484\"><strong data-start=\"262\" data-end=\"319\" data-is-only-node=\"\">2.Maximale Stabilit\u00e4t und Ordnung dank modularem Boden.<\/strong><br data-start=\"319\" data-end=\"322\">Der Boden mit hochstabilen, modularen Trennw\u00e4nden erm\u00f6glicht eine individuelle Raumaufteilung, um auch kleine Werkzeuge und Bauteile ordentlich zu organisieren.<\/p>\n<p data-start=\"489\" data-end=\"614\"><strong data-start=\"489\" data-end=\"530\" data-is-only-node=\"\">3.Schutz und Sicherheit beim Transport.<\/strong><br data-start=\"530\" data-end=\"533\">Der abschlie\u00dfbare Rei\u00dfverschluss sch\u00fctzt Ihre Werkzeuge vor unbefugtem Zugriff.<\/p>\n<p data-start=\"619\" data-end=\"777\"><strong data-start=\"619\" data-end=\"646\" data-is-only-node=\"\">4.Optimaler Tragekomfort.<\/strong><br data-start=\"646\" data-end=\"649\">Der verstellbare Schultergurt sorgt f\u00fcr eine ausgewogene Gewichtsverteilung und reduziert die Erm\u00fcdung bei l\u00e4ngeren Eins\u00e4tzen.<\/p>\n<p data-start=\"782\" data-end=\"981\"><strong data-start=\"782\" data-end=\"825\" data-is-only-node=\"\">5.Robuste Struktur mit verst\u00e4rkten Ecken.<\/strong><br data-start=\"825\" data-end=\"828\">Die gummierten Ecken erh\u00f6hen die Langlebigkeit der Tasche auch in anspruchsvollen Arbeitsumgebungen \u2013 eine Werkzeugtasche, die auf Dauer ausgelegt ist.<\/p>\n<p data-start=\"986\" data-end=\"1229\"><strong data-start=\"986\" data-end=\"1041\" data-is-only-node=\"\">6.Zus\u00e4tzlicher Stauraum f\u00fcr Dokumente und Kleinteile.<\/strong><br data-start=\"1041\" data-end=\"1044\">Ausgestattet mit einer Dokumententasche und zwei Schubf\u00e4chern f\u00fcr Kleinteile passt sich diese Werkzeugtasche perfekt an jede Organisations- und Aufbewahrungsanforderung im Einsatz an.<\/p>\n<p data-start=\"1234\" data-end=\"1469\" data-is-last-node=\"\"><strong data-start=\"1234\" data-end=\"1296\" data-is-only-node=\"\">7.Kompakt, aber ger\u00e4umig \u2013 ideal f\u00fcr den t\u00e4glichen Gebrauch.<\/strong><br data-start=\"1296\" data-end=\"1299\">Mit Abmessungen von <strong data-start=\"1319\" data-end=\"1353\">L 455 mm x B 170 mm x H 360 mm<\/strong> und einem Gewicht von <strong data-start=\"1376\" data-end=\"1384\">4 kg<\/strong> ist sie eine kompakte, aber \u00e4u\u00dferst ger\u00e4umige Tasche f\u00fcr den professionellen Alltag.<\/p>\n","protected":false},"excerpt":{"rendered":"<p data-start=\"0\" data-end=\"424\">Die <strong data-start=\"4\" data-end=\"39\">Werkzeugtasche BAG &amp; CASE PTS R<\/strong> aus der <strong data-start=\"48\" data-end=\"67\">Work Line by GT<\/strong> ist die ideale L\u00f6sung f\u00fcr <strong data-start=\"94\" data-end=\"104\">Profis<\/strong>, die ein perfektes Gleichgewicht zwischen <strong data-start=\"147\" data-end=\"189\">Funktionalit\u00e4t, Robustheit und Komfort<\/strong> suchen.<br \/><br data-start=\"197\" data-end=\"200\">Diese <strong data-start=\"206\" data-end=\"224\">Werkzeugtasche<\/strong> kombiniert ein <strong data-start=\"240\" data-end=\"260\">kompaktes Design<\/strong> mit einer <strong data-start=\"271\" data-end=\"315\">au\u00dfergew\u00f6hnlichen Organisationsf\u00e4higkeit<\/strong>, dank des <strong data-start=\"326\" data-end=\"352\">FLEXI POUCHES\u2122-Systems<\/strong>, der <strong data-start=\"358\" data-end=\"382\">modularen Trennw\u00e4nde<\/strong> und der <strong data-start=\"391\" data-end=\"421\">Schubf\u00e4cher f\u00fcr Kleinteile<\/strong>.<\/p>\n<p data-start=\"426\" data-end=\"654\" data-is-last-node=\"\" data-is-only-node=\"\">Entwickelt f\u00fcr den <strong data-start=\"445\" data-end=\"488\">intensiven Einsatz bei Wartungsarbeiten<\/strong>, ist sie eine <strong data-start=\"503\" data-end=\"571\">\u00e4u\u00dferst praktische und komfortable professionelle Werkzeugtasche<\/strong>, ausgestattet mit einem <strong data-start=\"596\" data-end=\"626\">Ultra Comfort-Schultergurt<\/strong> f\u00fcr optimale <strong data-start=\"640\" data-end=\"653\">Ergonomie<\/strong>.<\/p>\n","protected":false},"featured_media":8912,"comment_status":"open","ping_status":"closed","template":"","meta":{"_acf_changed":false},"product_brand":[],"product_cat":[230],"product_tag":[],"class_list":{"0":"post-16969","1":"product","2":"type-product","3":"status-publish","4":"has-post-thumbnail","6":"product_cat-linea-top","7":"pa_anwendungen-koffer-und-taschen-fur-betreuer","8":"pa_anwendungen-koffer-und-taschen-fur-elektriker","9":"pa_anwendungen-koffer-und-taschen-fur-installateure","10":"pa_anwendungen-koffer-und-taschen-fur-servicetechniker","11":"pa_produkttyp-werkzeugtaschen-und-rucksacke","13":"first","14":"instock","15":"shipping-taxable","16":"purchasable","17":"product-type-simple"},"acf":[],"yoast_head":"<!-- This site is optimized with the Yoast SEO plugin v25.4 - https:\/\/yoast.com\/wordpress\/plugins\/seo\/ -->\n<title>Work Line by GT Werkzeugtasche BAG &amp; CASE PTS R - Gt Line DE<\/title>\n<meta name=\"robots\" content=\"index, follow, max-snippet:-1, max-image-preview:large, max-video-preview:-1\" \/>\n<link rel=\"canonical\" href=\"https:\/\/www.gtline.com\/de\/products\/work-line-by-gt-werkzeugtasche-bag-case-pts-r\/\" \/>\n<meta property=\"og:locale\" content=\"de_DE\" \/>\n<meta property=\"og:type\" content=\"article\" \/>\n<meta property=\"og:title\" content=\"Work Line by GT Werkzeugtasche BAG &amp; CASE PTS R - Gt Line DE\" \/>\n<meta property=\"og:description\" content=\"Die Werkzeugtasche BAG &amp; CASE PTS R aus der Work Line by GT ist die ideale L\u00f6sung f\u00fcr Profis, die ein perfektes Gleichgewicht zwischen Funktionalit\u00e4t, Robustheit und Komfort suchen.Diese Werkzeugtasche kombiniert ein kompaktes Design mit einer au\u00dfergew\u00f6hnlichen Organisationsf\u00e4higkeit, dank des FLEXI POUCHES\u2122-Systems, der modularen Trennw\u00e4nde und der Schubf\u00e4cher f\u00fcr Kleinteile. Entwickelt f\u00fcr den intensiven Einsatz bei Wartungsarbeiten, ist sie eine \u00e4u\u00dferst praktische und komfortable professionelle Werkzeugtasche, ausgestattet mit einem Ultra Comfort-Schultergurt f\u00fcr optimale Ergonomie.\" \/>\n<meta property=\"og:url\" content=\"https:\/\/www.gtline.com\/de\/products\/work-line-by-gt-werkzeugtasche-bag-case-pts-r\/\" \/>\n<meta property=\"og:site_name\" content=\"Gt Line DE\" \/>\n<meta property=\"article:publisher\" content=\"https:\/\/www.facebook.com\/gtlinesrl?locale=it_IT\" \/>\n<meta property=\"article:modified_time\" content=\"2026-04-17T02:10:24+00:00\" \/>\n<meta property=\"og:image\" content=\"https:\/\/www.gtline.com\/de\/wp-content\/uploads\/sites\/5\/2025\/05\/BAG-CASE-PTS_ALL_01_9057.jpg\" \/>\n\t<meta property=\"og:image:width\" content=\"500\" \/>\n\t<meta property=\"og:image:height\" content=\"500\" \/>\n\t<meta property=\"og:image:type\" content=\"image\/jpeg\" \/>\n<meta name=\"twitter:card\" content=\"summary_large_image\" \/>\n<meta name=\"twitter:label1\" content=\"Gesch\u00e4tzte Lesezeit\" \/>\n\t<meta name=\"twitter:data1\" content=\"1\u00a0Minute\" \/>\n<script type=\"application\/ld+json\" class=\"yoast-schema-graph\">{\"@context\":\"https:\/\/schema.org\",\"@graph\":[{\"@type\":\"WebPage\",\"@id\":\"https:\/\/www.gtline.com\/de\/products\/work-line-by-gt-werkzeugtasche-bag-case-pts-r\/\",\"url\":\"https:\/\/www.gtline.com\/de\/products\/work-line-by-gt-werkzeugtasche-bag-case-pts-r\/\",\"name\":\"Work Line by GT Werkzeugtasche BAG &amp; CASE PTS R - Gt Line DE\",\"isPartOf\":{\"@id\":\"https:\/\/www.gtline.com\/de\/#website\"},\"primaryImageOfPage\":{\"@id\":\"https:\/\/www.gtline.com\/de\/products\/work-line-by-gt-werkzeugtasche-bag-case-pts-r\/#primaryimage\"},\"image\":{\"@id\":\"https:\/\/www.gtline.com\/de\/products\/work-line-by-gt-werkzeugtasche-bag-case-pts-r\/#primaryimage\"},\"thumbnailUrl\":\"https:\/\/www.gtline.com\/de\/wp-content\/uploads\/sites\/5\/2025\/05\/BAG-CASE-PTS_ALL_01_9057.jpg\",\"datePublished\":\"2025-07-30T10:22:27+00:00\",\"dateModified\":\"2026-04-17T02:10:24+00:00\",\"breadcrumb\":{\"@id\":\"https:\/\/www.gtline.com\/de\/products\/work-line-by-gt-werkzeugtasche-bag-case-pts-r\/#breadcrumb\"},\"inLanguage\":\"de\",\"potentialAction\":[{\"@type\":\"ReadAction\",\"target\":[\"https:\/\/www.gtline.com\/de\/products\/work-line-by-gt-werkzeugtasche-bag-case-pts-r\/\"]}]},{\"@type\":\"ImageObject\",\"inLanguage\":\"de\",\"@id\":\"https:\/\/www.gtline.com\/de\/products\/work-line-by-gt-werkzeugtasche-bag-case-pts-r\/#primaryimage\",\"url\":\"https:\/\/www.gtline.com\/de\/wp-content\/uploads\/sites\/5\/2025\/05\/BAG-CASE-PTS_ALL_01_9057.jpg\",\"contentUrl\":\"https:\/\/www.gtline.com\/de\/wp-content\/uploads\/sites\/5\/2025\/05\/BAG-CASE-PTS_ALL_01_9057.jpg\",\"width\":500,\"height\":500},{\"@type\":\"BreadcrumbList\",\"@id\":\"https:\/\/www.gtline.com\/de\/products\/work-line-by-gt-werkzeugtasche-bag-case-pts-r\/#breadcrumb\",\"itemListElement\":[{\"@type\":\"ListItem\",\"position\":1,\"name\":\"Home\",\"item\":\"https:\/\/www.gtline.com\/de\/\"},{\"@type\":\"ListItem\",\"position\":2,\"name\":\"Shop\",\"item\":\"https:\/\/www.gtline.com\/de\/negozio\/\"},{\"@type\":\"ListItem\",\"position\":3,\"name\":\"Work Line by GT Werkzeugtasche BAG &amp; CASE PTS R\"}]},{\"@type\":\"WebSite\",\"@id\":\"https:\/\/www.gtline.com\/de\/#website\",\"url\":\"https:\/\/www.gtline.com\/de\/\",\"name\":\"Gt Line\",\"description\":\"\",\"publisher\":{\"@id\":\"https:\/\/www.gtline.com\/de\/#organization\"},\"potentialAction\":[{\"@type\":\"SearchAction\",\"target\":{\"@type\":\"EntryPoint\",\"urlTemplate\":\"https:\/\/www.gtline.com\/de\/?s={search_term_string}\"},\"query-input\":{\"@type\":\"PropertyValueSpecification\",\"valueRequired\":true,\"valueName\":\"search_term_string\"}}],\"inLanguage\":\"de\"},{\"@type\":\"Organization\",\"@id\":\"https:\/\/www.gtline.com\/de\/#organization\",\"name\":\"Gt Line\",\"url\":\"https:\/\/www.gtline.com\/de\/\",\"logo\":{\"@type\":\"ImageObject\",\"inLanguage\":\"de\",\"@id\":\"https:\/\/www.gtline.com\/de\/#\/schema\/logo\/image\/\",\"url\":\"https:\/\/www.gtline.com\/de\/wp-content\/uploads\/sites\/5\/2025\/02\/logo.png\",\"contentUrl\":\"https:\/\/www.gtline.com\/de\/wp-content\/uploads\/sites\/5\/2025\/02\/logo.png\",\"width\":228,\"height\":146,\"caption\":\"Gt Line\"},\"image\":{\"@id\":\"https:\/\/www.gtline.com\/de\/#\/schema\/logo\/image\/\"},\"sameAs\":[\"https:\/\/www.facebook.com\/gtlinesrl?locale=it_IT\",\"https:\/\/www.instagram.com\/gt_line_srl\/\",\"https:\/\/www.youtube.com\/channel\/UCDvpkFqswNJOVFz64PkYRQQ\",\"https:\/\/www.linkedin.com\/company\/gt-line-srl\/\"]}]}<\/script>\n<!-- \/ Yoast SEO plugin. -->","yoast_head_json":{"title":"Work Line by GT Werkzeugtasche BAG &amp; CASE PTS R - Gt Line DE","robots":{"index":"index","follow":"follow","max-snippet":"max-snippet:-1","max-image-preview":"max-image-preview:large","max-video-preview":"max-video-preview:-1"},"canonical":"https:\/\/www.gtline.com\/de\/products\/work-line-by-gt-werkzeugtasche-bag-case-pts-r\/","og_locale":"de_DE","og_type":"article","og_title":"Work Line by GT Werkzeugtasche BAG &amp; CASE PTS R - Gt Line DE","og_description":"Die Werkzeugtasche BAG &amp; CASE PTS R aus der Work Line by GT ist die ideale L\u00f6sung f\u00fcr Profis, die ein perfektes Gleichgewicht zwischen Funktionalit\u00e4t, Robustheit und Komfort suchen.Diese Werkzeugtasche kombiniert ein kompaktes Design mit einer au\u00dfergew\u00f6hnlichen Organisationsf\u00e4higkeit, dank des FLEXI POUCHES\u2122-Systems, der modularen Trennw\u00e4nde und der Schubf\u00e4cher f\u00fcr Kleinteile. Entwickelt f\u00fcr den intensiven Einsatz bei Wartungsarbeiten, ist sie eine \u00e4u\u00dferst praktische und komfortable professionelle Werkzeugtasche, ausgestattet mit einem Ultra Comfort-Schultergurt f\u00fcr optimale Ergonomie.","og_url":"https:\/\/www.gtline.com\/de\/products\/work-line-by-gt-werkzeugtasche-bag-case-pts-r\/","og_site_name":"Gt Line DE","article_publisher":"https:\/\/www.facebook.com\/gtlinesrl?locale=it_IT","article_modified_time":"2026-04-17T02:10:24+00:00","og_image":[{"width":500,"height":500,"url":"https:\/\/www.gtline.com\/de\/wp-content\/uploads\/sites\/5\/2025\/05\/BAG-CASE-PTS_ALL_01_9057.jpg","type":"image\/jpeg"}],"twitter_card":"summary_large_image","twitter_misc":{"Gesch\u00e4tzte Lesezeit":"1\u00a0Minute"},"schema":{"@context":"https:\/\/schema.org","@graph":[{"@type":"WebPage","@id":"https:\/\/www.gtline.com\/de\/products\/work-line-by-gt-werkzeugtasche-bag-case-pts-r\/","url":"https:\/\/www.gtline.com\/de\/products\/work-line-by-gt-werkzeugtasche-bag-case-pts-r\/","name":"Work Line by GT Werkzeugtasche BAG &amp; CASE PTS R - Gt Line DE","isPartOf":{"@id":"https:\/\/www.gtline.com\/de\/#website"},"primaryImageOfPage":{"@id":"https:\/\/www.gtline.com\/de\/products\/work-line-by-gt-werkzeugtasche-bag-case-pts-r\/#primaryimage"},"image":{"@id":"https:\/\/www.gtline.com\/de\/products\/work-line-by-gt-werkzeugtasche-bag-case-pts-r\/#primaryimage"},"thumbnailUrl":"https:\/\/www.gtline.com\/de\/wp-content\/uploads\/sites\/5\/2025\/05\/BAG-CASE-PTS_ALL_01_9057.jpg","datePublished":"2025-07-30T10:22:27+00:00","dateModified":"2026-04-17T02:10:24+00:00","breadcrumb":{"@id":"https:\/\/www.gtline.com\/de\/products\/work-line-by-gt-werkzeugtasche-bag-case-pts-r\/#breadcrumb"},"inLanguage":"de","potentialAction":[{"@type":"ReadAction","target":["https:\/\/www.gtline.com\/de\/products\/work-line-by-gt-werkzeugtasche-bag-case-pts-r\/"]}]},{"@type":"ImageObject","inLanguage":"de","@id":"https:\/\/www.gtline.com\/de\/products\/work-line-by-gt-werkzeugtasche-bag-case-pts-r\/#primaryimage","url":"https:\/\/www.gtline.com\/de\/wp-content\/uploads\/sites\/5\/2025\/05\/BAG-CASE-PTS_ALL_01_9057.jpg","contentUrl":"https:\/\/www.gtline.com\/de\/wp-content\/uploads\/sites\/5\/2025\/05\/BAG-CASE-PTS_ALL_01_9057.jpg","width":500,"height":500},{"@type":"BreadcrumbList","@id":"https:\/\/www.gtline.com\/de\/products\/work-line-by-gt-werkzeugtasche-bag-case-pts-r\/#breadcrumb","itemListElement":[{"@type":"ListItem","position":1,"name":"Home","item":"https:\/\/www.gtline.com\/de\/"},{"@type":"ListItem","position":2,"name":"Shop","item":"https:\/\/www.gtline.com\/de\/negozio\/"},{"@type":"ListItem","position":3,"name":"Work Line by GT Werkzeugtasche BAG &amp; CASE PTS R"}]},{"@type":"WebSite","@id":"https:\/\/www.gtline.com\/de\/#website","url":"https:\/\/www.gtline.com\/de\/","name":"Gt Line","description":"","publisher":{"@id":"https:\/\/www.gtline.com\/de\/#organization"},"potentialAction":[{"@type":"SearchAction","target":{"@type":"EntryPoint","urlTemplate":"https:\/\/www.gtline.com\/de\/?s={search_term_string}"},"query-input":{"@type":"PropertyValueSpecification","valueRequired":true,"valueName":"search_term_string"}}],"inLanguage":"de"},{"@type":"Organization","@id":"https:\/\/www.gtline.com\/de\/#organization","name":"Gt Line","url":"https:\/\/www.gtline.com\/de\/","logo":{"@type":"ImageObject","inLanguage":"de","@id":"https:\/\/www.gtline.com\/de\/#\/schema\/logo\/image\/","url":"https:\/\/www.gtline.com\/de\/wp-content\/uploads\/sites\/5\/2025\/02\/logo.png","contentUrl":"https:\/\/www.gtline.com\/de\/wp-content\/uploads\/sites\/5\/2025\/02\/logo.png","width":228,"height":146,"caption":"Gt Line"},"image":{"@id":"https:\/\/www.gtline.com\/de\/#\/schema\/logo\/image\/"},"sameAs":["https:\/\/www.facebook.com\/gtlinesrl?locale=it_IT","https:\/\/www.instagram.com\/gt_line_srl\/","https:\/\/www.youtube.com\/channel\/UCDvpkFqswNJOVFz64PkYRQQ","https:\/\/www.linkedin.com\/company\/gt-line-srl\/"]}]}},"_links":{"self":[{"href":"https:\/\/www.gtline.com\/de\/wp-json\/wp\/v2\/product\/16969","targetHints":{"allow":["GET"]}}],"collection":[{"href":"https:\/\/www.gtline.com\/de\/wp-json\/wp\/v2\/product"}],"about":[{"href":"https:\/\/www.gtline.com\/de\/wp-json\/wp\/v2\/types\/product"}],"replies":[{"embeddable":true,"href":"https:\/\/www.gtline.com\/de\/wp-json\/wp\/v2\/comments?post=16969"}],"version-history":[{"count":3,"href":"https:\/\/www.gtline.com\/de\/wp-json\/wp\/v2\/product\/16969\/revisions"}],"predecessor-version":[{"id":22341,"href":"https:\/\/www.gtline.com\/de\/wp-json\/wp\/v2\/product\/16969\/revisions\/22341"}],"wp:featuredmedia":[{"embeddable":true,"href":"https:\/\/www.gtline.com\/de\/wp-json\/wp\/v2\/media\/8912"}],"wp:attachment":[{"href":"https:\/\/www.gtline.com\/de\/wp-json\/wp\/v2\/media?parent=16969"}],"wp:term":[{"taxonomy":"product_brand","embeddable":true,"href":"https:\/\/www.gtline.com\/de\/wp-json\/wp\/v2\/product_brand?post=16969"},{"taxonomy":"product_cat","embeddable":true,"href":"https:\/\/www.gtline.com\/de\/wp-json\/wp\/v2\/product_cat?post=16969"},{"taxonomy":"product_tag","embeddable":true,"href":"https:\/\/www.gtline.com\/de\/wp-json\/wp\/v2\/product_tag?post=16969"}],"curies":[{"name":"wp","href":"https:\/\/api.w.org\/{rel}","templated":true}]}}