{"id":16975,"date":"2025-07-30T10:22:38","date_gmt":"2025-07-30T10:22:38","guid":{"rendered":"https:\/\/www.gtline.com\/de\/prodotto\/work-line-by-gt-werkzeugtasche-btp-02-r\/"},"modified":"2026-04-17T02:10:35","modified_gmt":"2026-04-17T02:10:35","slug":"work-line-by-gt-werkzeugtasche-btp-02-r","status":"publish","type":"product","link":"https:\/\/www.gtline.com\/de\/products\/work-line-by-gt-werkzeugtasche-btp-02-r\/","title":{"rendered":"Work Line by GT Werkzeugtasche BTP 02 R (Artikel aus dem Sortiment genommen &ndash; Verf&uuml;gbar solange der Vorrat reicht)"},"content":{"rendered":"<p data-start=\"3\" data-end=\"298\"><strong data-start=\"3\" data-end=\"66\" data-is-only-node=\"\">1.Ultrarobuste Struktur f\u00fcr den professionellen Dauereinsatz.<br \/><\/strong><br data-start=\"66\" data-end=\"69\">Gefertigt aus <strong data-start=\"86\" data-end=\"100\">600D-Nylon<\/strong> mit <strong data-start=\"105\" data-end=\"127\">verst\u00e4rkten N\u00e4hten<\/strong> und einem <strong data-start=\"138\" data-end=\"163\">verzinkten Stahlboden<\/strong>, widersteht die <strong data-start=\"180\" data-end=\"192\">BTP 02 R<\/strong>St\u00f6\u00dfen, Reibung und t\u00e4glicher Abnutzung \u2013 eine <strong data-start=\"240\" data-end=\"258\">Werkzeugtasche<\/strong>, die auf Langlebigkeit ausgelegt ist.<\/p>\n<p data-start=\"303\" data-end=\"541\"><strong data-start=\"303\" data-end=\"348\" data-is-only-node=\"\">2.Erh\u00f6hte Sichtbarkeit f\u00fcr mehr Sicherheit.<br \/><\/strong><br data-start=\"348\" data-end=\"351\"><strong data-start=\"354\" data-end=\"381\">Reflektierende Eins\u00e4tze<\/strong> verbessern die Sichtbarkeit in schlecht beleuchteten Arbeitsumgebungen und erh\u00f6hen die Sicherheit des Anwenders auf Baustellen und bei n\u00e4chtlichen Eins\u00e4tzen.<\/p>\n<p data-start=\"546\" data-end=\"726\"><strong data-start=\"546\" data-end=\"605\" data-is-only-node=\"\">3.Vollst\u00e4ndiger Zugriff dank doppelt aufklappbarer Front.<br \/><\/strong><br data-start=\"605\" data-end=\"608\">Die <strong data-start=\"615\" data-end=\"645\">vordere und hintere Klappe<\/strong> mit <strong data-start=\"650\" data-end=\"665\">90\u00b0-\u00d6ffnung<\/strong> erm\u00f6glicht einen m\u00fchelosen Zugang zur gesamten Ausr\u00fcstung.<\/p>\n<p data-start=\"731\" data-end=\"951\"><strong data-start=\"731\" data-end=\"765\" data-is-only-node=\"\">4.Maximale Werkzeugorganisation.<br \/><\/strong><br data-start=\"765\" data-end=\"768\">Die <strong data-start=\"775\" data-end=\"806\">FLEXI POUCHES\u2122-Innentaschen<\/strong> und das <strong data-start=\"815\" data-end=\"839\">modulare PSS\u2122-System<\/strong> sorgen f\u00fcr eine <strong data-start=\"856\" data-end=\"903\">pr\u00e4zise, geordnete und sichere Aufbewahrung<\/strong> der Werkzeuge \u2013 f\u00fcr h\u00f6chste Arbeitseffizienz.<\/p>\n<p data-start=\"956\" data-end=\"1200\"><strong data-start=\"956\" data-end=\"1013\" data-is-only-node=\"\">5.Zus\u00e4tzlicher Stauraum und durchdachte Funktionalit\u00e4t.<br \/><\/strong><br data-start=\"1013\" data-end=\"1016\">Die <strong data-start=\"1023\" data-end=\"1050\">seitlichen Au\u00dfentaschen<\/strong> bieten zus\u00e4tzlichen Platz f\u00fcr Zubeh\u00f6r und Kleinteile, w\u00e4hrend <strong data-start=\"1113\" data-end=\"1138\">elastische Au\u00dfengurte<\/strong> den sicheren Transport von l\u00e4ngeren Werkzeugen erm\u00f6glichen.<\/p>\n<p data-start=\"1205\" data-end=\"1448\"><strong data-start=\"1205\" data-end=\"1231\" data-is-only-node=\"\">6.H\u00f6chster Tragekomfort.&lt;br&lt;<\/strong><br data-start=\"1231\" data-end=\"1234\">Mit einem <strong data-start=\"1247\" data-end=\"1291\">gepolsterten, verstellbaren Schultergurt<\/strong> und einem <strong data-start=\"1302\" data-end=\"1316\">Gummigriff<\/strong> ausgestattet, bietet diese <strong data-start=\"1344\" data-end=\"1377\">professionelle Werkzeugtasche<\/strong> einen komfortablen und sicheren Transport in jeder Arbeitssituation.<\/p>\n<p data-start=\"1453\" data-end=\"1749\" data-is-last-node=\"\"><strong data-start=\"1453\" data-end=\"1494\" data-is-only-node=\"\">7.Strukturierte und kompakte Kapazit\u00e4t.<br \/><\/strong><br data-start=\"1494\" data-end=\"1497\">Mit <strong data-start=\"1504\" data-end=\"1541\">Innenma\u00dfen von 415 x 180 x 270 mm<\/strong> und einem <strong data-start=\"1552\" data-end=\"1574\">Gewicht von 4,4 kg<\/strong> ist die <strong data-start=\"1583\" data-end=\"1595\">BTP 02 R<\/strong> ein <strong data-start=\"1600\" data-end=\"1654\">kompakter, aber voll ausgestatteter Werkzeugkoffer<\/strong> \u2013 ideal f\u00fcr alle, die eine perfekte Balance zwischen Stauraum, Ordnung und Tragbarkeit suchen.<\/p>\n","protected":false},"excerpt":{"rendered":"<p data-start=\"0\" data-end=\"453\">Die <strong data-start=\"4\" data-end=\"16\">BTP 02 R<\/strong> ist eine <strong data-start=\"26\" data-end=\"100\">\u00e4u\u00dferst robuste, vielseitige und sichere professionelle Werkzeugtasche<\/strong>, ideal f\u00fcr alle, die in <strong data-start=\"125\" data-end=\"158\">dynamischen Arbeitsumgebungen<\/strong> t\u00e4tig sind und stets alles im Griff haben m\u00fcssen.<br \/><br data-start=\"208\" data-end=\"211\">Gefertigt aus <strong data-start=\"225\" data-end=\"250\">rei\u00dffestem 600D-Nylon<\/strong> mit <strong data-start=\"255\" data-end=\"277\">verst\u00e4rkten N\u00e4hten<\/strong>, <strong data-start=\"279\" data-end=\"304\">verzinktem Stahlboden<\/strong> und <strong data-start=\"309\" data-end=\"338\">reflektierenden Eins\u00e4tzen<\/strong>, bietet sie <strong data-start=\"351\" data-end=\"407\">Langlebigkeit, Widerstandsf\u00e4higkeit und Sichtbarkeit<\/strong> \u2013 selbst bei schlechten Lichtverh\u00e4ltnissen.<\/p>\n<p data-start=\"455\" data-end=\"651\">Die <strong data-start=\"459\" data-end=\"504\">doppelt aufklappbare Front- und R\u00fcckseite<\/strong> mit <strong data-start=\"509\" data-end=\"524\">90\u00b0-\u00d6ffnung<\/strong>, die <strong data-start=\"530\" data-end=\"560\">FLEXI POUCHES\u2122-Innenf\u00e4cher<\/strong> und das <strong data-start=\"569\" data-end=\"584\">PSS\u2122-System<\/strong> erm\u00f6glichen eine <strong data-start=\"602\" data-end=\"648\">hochgradig strukturierte Innenorganisation<\/strong>.<\/p>\n<p data-start=\"653\" data-end=\"782\" data-is-last-node=\"\" data-is-only-node=\"\">Diese <strong data-start=\"659\" data-end=\"677\">Werkzeugtasche<\/strong> ist die perfekte Wahl als <strong data-start=\"704\" data-end=\"732\">kompakter Werkzeugkoffer<\/strong> oder als <strong data-start=\"742\" data-end=\"781\">Erg\u00e4nzung zu einem Werkzeug-Trolley<\/strong>.<\/p>\n","protected":false},"featured_media":8945,"comment_status":"open","ping_status":"closed","template":"","meta":{"_acf_changed":false},"product_brand":[],"product_cat":[233],"product_tag":[],"class_list":{"0":"post-16975","1":"product","2":"type-product","3":"status-publish","4":"has-post-thumbnail","6":"product_cat-linea-basic","7":"pa_anwendungen-koffer-und-taschen-fur-betreuer","8":"pa_anwendungen-koffer-und-taschen-fur-elektriker","9":"pa_anwendungen-koffer-und-taschen-fur-installateure","10":"pa_anwendungen-koffer-und-taschen-fur-servicetechniker","11":"pa_produkttyp-werkzeugtaschen-und-rucksacke","13":"first","14":"instock","15":"shipping-taxable","16":"purchasable","17":"product-type-simple"},"acf":[],"yoast_head":"<!-- This site is optimized with the Yoast SEO plugin v25.4 - https:\/\/yoast.com\/wordpress\/plugins\/seo\/ -->\n<title>Work Line by GT Werkzeugtasche BTP 02 R (Artikel aus dem Sortiment genommen &ndash; Verf&uuml;gbar solange der Vorrat reicht) - Gt Line DE<\/title>\n<meta name=\"robots\" content=\"index, follow, max-snippet:-1, max-image-preview:large, max-video-preview:-1\" \/>\n<link rel=\"canonical\" href=\"https:\/\/www.gtline.com\/de\/products\/work-line-by-gt-werkzeugtasche-btp-02-r\/\" \/>\n<meta property=\"og:locale\" content=\"de_DE\" \/>\n<meta property=\"og:type\" content=\"article\" \/>\n<meta property=\"og:title\" content=\"Work Line by GT Werkzeugtasche BTP 02 R (Artikel aus dem Sortiment genommen &ndash; Verf&uuml;gbar solange der Vorrat reicht) - Gt Line DE\" \/>\n<meta property=\"og:description\" content=\"Die BTP 02 R ist eine \u00e4u\u00dferst robuste, vielseitige und sichere professionelle Werkzeugtasche, ideal f\u00fcr alle, die in dynamischen Arbeitsumgebungen t\u00e4tig sind und stets alles im Griff haben m\u00fcssen.Gefertigt aus rei\u00dffestem 600D-Nylon mit verst\u00e4rkten N\u00e4hten, verzinktem Stahlboden und reflektierenden Eins\u00e4tzen, bietet sie Langlebigkeit, Widerstandsf\u00e4higkeit und Sichtbarkeit \u2013 selbst bei schlechten Lichtverh\u00e4ltnissen. Die doppelt aufklappbare Front- und R\u00fcckseite mit 90\u00b0-\u00d6ffnung, die FLEXI POUCHES\u2122-Innenf\u00e4cher und das PSS\u2122-System erm\u00f6glichen eine hochgradig strukturierte Innenorganisation. Diese Werkzeugtasche ist die perfekte Wahl als kompakter Werkzeugkoffer oder als Erg\u00e4nzung zu einem Werkzeug-Trolley.\" \/>\n<meta property=\"og:url\" content=\"https:\/\/www.gtline.com\/de\/products\/work-line-by-gt-werkzeugtasche-btp-02-r\/\" \/>\n<meta property=\"og:site_name\" content=\"Gt Line DE\" \/>\n<meta property=\"article:publisher\" content=\"https:\/\/www.facebook.com\/gtlinesrl?locale=it_IT\" \/>\n<meta property=\"article:modified_time\" content=\"2026-04-17T02:10:35+00:00\" \/>\n<meta property=\"og:image\" content=\"https:\/\/www.gtline.com\/de\/wp-content\/uploads\/sites\/5\/2025\/05\/BTP-02-R_ALL_01_9065.jpg\" \/>\n\t<meta property=\"og:image:width\" content=\"500\" \/>\n\t<meta property=\"og:image:height\" content=\"500\" \/>\n\t<meta property=\"og:image:type\" content=\"image\/jpeg\" \/>\n<meta name=\"twitter:card\" content=\"summary_large_image\" \/>\n<meta name=\"twitter:label1\" content=\"Gesch\u00e4tzte Lesezeit\" \/>\n\t<meta name=\"twitter:data1\" content=\"1\u00a0Minute\" \/>\n<script type=\"application\/ld+json\" class=\"yoast-schema-graph\">{\"@context\":\"https:\/\/schema.org\",\"@graph\":[{\"@type\":\"WebPage\",\"@id\":\"https:\/\/www.gtline.com\/de\/products\/work-line-by-gt-werkzeugtasche-btp-02-r\/\",\"url\":\"https:\/\/www.gtline.com\/de\/products\/work-line-by-gt-werkzeugtasche-btp-02-r\/\",\"name\":\"Work Line by GT Werkzeugtasche BTP 02 R (Artikel aus dem Sortiment genommen &ndash; Verf&uuml;gbar solange der Vorrat reicht) - Gt Line DE\",\"isPartOf\":{\"@id\":\"https:\/\/www.gtline.com\/de\/#website\"},\"primaryImageOfPage\":{\"@id\":\"https:\/\/www.gtline.com\/de\/products\/work-line-by-gt-werkzeugtasche-btp-02-r\/#primaryimage\"},\"image\":{\"@id\":\"https:\/\/www.gtline.com\/de\/products\/work-line-by-gt-werkzeugtasche-btp-02-r\/#primaryimage\"},\"thumbnailUrl\":\"https:\/\/www.gtline.com\/de\/wp-content\/uploads\/sites\/5\/2025\/05\/BTP-02-R_ALL_01_9065.jpg\",\"datePublished\":\"2025-07-30T10:22:38+00:00\",\"dateModified\":\"2026-04-17T02:10:35+00:00\",\"breadcrumb\":{\"@id\":\"https:\/\/www.gtline.com\/de\/products\/work-line-by-gt-werkzeugtasche-btp-02-r\/#breadcrumb\"},\"inLanguage\":\"de\",\"potentialAction\":[{\"@type\":\"ReadAction\",\"target\":[\"https:\/\/www.gtline.com\/de\/products\/work-line-by-gt-werkzeugtasche-btp-02-r\/\"]}]},{\"@type\":\"ImageObject\",\"inLanguage\":\"de\",\"@id\":\"https:\/\/www.gtline.com\/de\/products\/work-line-by-gt-werkzeugtasche-btp-02-r\/#primaryimage\",\"url\":\"https:\/\/www.gtline.com\/de\/wp-content\/uploads\/sites\/5\/2025\/05\/BTP-02-R_ALL_01_9065.jpg\",\"contentUrl\":\"https:\/\/www.gtline.com\/de\/wp-content\/uploads\/sites\/5\/2025\/05\/BTP-02-R_ALL_01_9065.jpg\",\"width\":500,\"height\":500},{\"@type\":\"BreadcrumbList\",\"@id\":\"https:\/\/www.gtline.com\/de\/products\/work-line-by-gt-werkzeugtasche-btp-02-r\/#breadcrumb\",\"itemListElement\":[{\"@type\":\"ListItem\",\"position\":1,\"name\":\"Home\",\"item\":\"https:\/\/www.gtline.com\/de\/\"},{\"@type\":\"ListItem\",\"position\":2,\"name\":\"Shop\",\"item\":\"https:\/\/www.gtline.com\/de\/negozio\/\"},{\"@type\":\"ListItem\",\"position\":3,\"name\":\"Work Line by GT Werkzeugtasche BTP 02 R\"}]},{\"@type\":\"WebSite\",\"@id\":\"https:\/\/www.gtline.com\/de\/#website\",\"url\":\"https:\/\/www.gtline.com\/de\/\",\"name\":\"Gt Line\",\"description\":\"\",\"publisher\":{\"@id\":\"https:\/\/www.gtline.com\/de\/#organization\"},\"potentialAction\":[{\"@type\":\"SearchAction\",\"target\":{\"@type\":\"EntryPoint\",\"urlTemplate\":\"https:\/\/www.gtline.com\/de\/?s={search_term_string}\"},\"query-input\":{\"@type\":\"PropertyValueSpecification\",\"valueRequired\":true,\"valueName\":\"search_term_string\"}}],\"inLanguage\":\"de\"},{\"@type\":\"Organization\",\"@id\":\"https:\/\/www.gtline.com\/de\/#organization\",\"name\":\"Gt Line\",\"url\":\"https:\/\/www.gtline.com\/de\/\",\"logo\":{\"@type\":\"ImageObject\",\"inLanguage\":\"de\",\"@id\":\"https:\/\/www.gtline.com\/de\/#\/schema\/logo\/image\/\",\"url\":\"https:\/\/www.gtline.com\/de\/wp-content\/uploads\/sites\/5\/2025\/02\/logo.png\",\"contentUrl\":\"https:\/\/www.gtline.com\/de\/wp-content\/uploads\/sites\/5\/2025\/02\/logo.png\",\"width\":228,\"height\":146,\"caption\":\"Gt Line\"},\"image\":{\"@id\":\"https:\/\/www.gtline.com\/de\/#\/schema\/logo\/image\/\"},\"sameAs\":[\"https:\/\/www.facebook.com\/gtlinesrl?locale=it_IT\",\"https:\/\/www.instagram.com\/gt_line_srl\/\",\"https:\/\/www.youtube.com\/channel\/UCDvpkFqswNJOVFz64PkYRQQ\",\"https:\/\/www.linkedin.com\/company\/gt-line-srl\/\"]}]}<\/script>\n<!-- \/ Yoast SEO plugin. -->","yoast_head_json":{"title":"Work Line by GT Werkzeugtasche BTP 02 R (Artikel aus dem Sortiment genommen &ndash; Verf&uuml;gbar solange der Vorrat reicht) - Gt Line DE","robots":{"index":"index","follow":"follow","max-snippet":"max-snippet:-1","max-image-preview":"max-image-preview:large","max-video-preview":"max-video-preview:-1"},"canonical":"https:\/\/www.gtline.com\/de\/products\/work-line-by-gt-werkzeugtasche-btp-02-r\/","og_locale":"de_DE","og_type":"article","og_title":"Work Line by GT Werkzeugtasche BTP 02 R (Artikel aus dem Sortiment genommen &ndash; Verf&uuml;gbar solange der Vorrat reicht) - Gt Line DE","og_description":"Die BTP 02 R ist eine \u00e4u\u00dferst robuste, vielseitige und sichere professionelle Werkzeugtasche, ideal f\u00fcr alle, die in dynamischen Arbeitsumgebungen t\u00e4tig sind und stets alles im Griff haben m\u00fcssen.Gefertigt aus rei\u00dffestem 600D-Nylon mit verst\u00e4rkten N\u00e4hten, verzinktem Stahlboden und reflektierenden Eins\u00e4tzen, bietet sie Langlebigkeit, Widerstandsf\u00e4higkeit und Sichtbarkeit \u2013 selbst bei schlechten Lichtverh\u00e4ltnissen. Die doppelt aufklappbare Front- und R\u00fcckseite mit 90\u00b0-\u00d6ffnung, die FLEXI POUCHES\u2122-Innenf\u00e4cher und das PSS\u2122-System erm\u00f6glichen eine hochgradig strukturierte Innenorganisation. Diese Werkzeugtasche ist die perfekte Wahl als kompakter Werkzeugkoffer oder als Erg\u00e4nzung zu einem Werkzeug-Trolley.","og_url":"https:\/\/www.gtline.com\/de\/products\/work-line-by-gt-werkzeugtasche-btp-02-r\/","og_site_name":"Gt Line DE","article_publisher":"https:\/\/www.facebook.com\/gtlinesrl?locale=it_IT","article_modified_time":"2026-04-17T02:10:35+00:00","og_image":[{"width":500,"height":500,"url":"https:\/\/www.gtline.com\/de\/wp-content\/uploads\/sites\/5\/2025\/05\/BTP-02-R_ALL_01_9065.jpg","type":"image\/jpeg"}],"twitter_card":"summary_large_image","twitter_misc":{"Gesch\u00e4tzte Lesezeit":"1\u00a0Minute"},"schema":{"@context":"https:\/\/schema.org","@graph":[{"@type":"WebPage","@id":"https:\/\/www.gtline.com\/de\/products\/work-line-by-gt-werkzeugtasche-btp-02-r\/","url":"https:\/\/www.gtline.com\/de\/products\/work-line-by-gt-werkzeugtasche-btp-02-r\/","name":"Work Line by GT Werkzeugtasche BTP 02 R (Artikel aus dem Sortiment genommen &ndash; Verf&uuml;gbar solange der Vorrat reicht) - Gt Line DE","isPartOf":{"@id":"https:\/\/www.gtline.com\/de\/#website"},"primaryImageOfPage":{"@id":"https:\/\/www.gtline.com\/de\/products\/work-line-by-gt-werkzeugtasche-btp-02-r\/#primaryimage"},"image":{"@id":"https:\/\/www.gtline.com\/de\/products\/work-line-by-gt-werkzeugtasche-btp-02-r\/#primaryimage"},"thumbnailUrl":"https:\/\/www.gtline.com\/de\/wp-content\/uploads\/sites\/5\/2025\/05\/BTP-02-R_ALL_01_9065.jpg","datePublished":"2025-07-30T10:22:38+00:00","dateModified":"2026-04-17T02:10:35+00:00","breadcrumb":{"@id":"https:\/\/www.gtline.com\/de\/products\/work-line-by-gt-werkzeugtasche-btp-02-r\/#breadcrumb"},"inLanguage":"de","potentialAction":[{"@type":"ReadAction","target":["https:\/\/www.gtline.com\/de\/products\/work-line-by-gt-werkzeugtasche-btp-02-r\/"]}]},{"@type":"ImageObject","inLanguage":"de","@id":"https:\/\/www.gtline.com\/de\/products\/work-line-by-gt-werkzeugtasche-btp-02-r\/#primaryimage","url":"https:\/\/www.gtline.com\/de\/wp-content\/uploads\/sites\/5\/2025\/05\/BTP-02-R_ALL_01_9065.jpg","contentUrl":"https:\/\/www.gtline.com\/de\/wp-content\/uploads\/sites\/5\/2025\/05\/BTP-02-R_ALL_01_9065.jpg","width":500,"height":500},{"@type":"BreadcrumbList","@id":"https:\/\/www.gtline.com\/de\/products\/work-line-by-gt-werkzeugtasche-btp-02-r\/#breadcrumb","itemListElement":[{"@type":"ListItem","position":1,"name":"Home","item":"https:\/\/www.gtline.com\/de\/"},{"@type":"ListItem","position":2,"name":"Shop","item":"https:\/\/www.gtline.com\/de\/negozio\/"},{"@type":"ListItem","position":3,"name":"Work Line by GT Werkzeugtasche BTP 02 R"}]},{"@type":"WebSite","@id":"https:\/\/www.gtline.com\/de\/#website","url":"https:\/\/www.gtline.com\/de\/","name":"Gt Line","description":"","publisher":{"@id":"https:\/\/www.gtline.com\/de\/#organization"},"potentialAction":[{"@type":"SearchAction","target":{"@type":"EntryPoint","urlTemplate":"https:\/\/www.gtline.com\/de\/?s={search_term_string}"},"query-input":{"@type":"PropertyValueSpecification","valueRequired":true,"valueName":"search_term_string"}}],"inLanguage":"de"},{"@type":"Organization","@id":"https:\/\/www.gtline.com\/de\/#organization","name":"Gt Line","url":"https:\/\/www.gtline.com\/de\/","logo":{"@type":"ImageObject","inLanguage":"de","@id":"https:\/\/www.gtline.com\/de\/#\/schema\/logo\/image\/","url":"https:\/\/www.gtline.com\/de\/wp-content\/uploads\/sites\/5\/2025\/02\/logo.png","contentUrl":"https:\/\/www.gtline.com\/de\/wp-content\/uploads\/sites\/5\/2025\/02\/logo.png","width":228,"height":146,"caption":"Gt Line"},"image":{"@id":"https:\/\/www.gtline.com\/de\/#\/schema\/logo\/image\/"},"sameAs":["https:\/\/www.facebook.com\/gtlinesrl?locale=it_IT","https:\/\/www.instagram.com\/gt_line_srl\/","https:\/\/www.youtube.com\/channel\/UCDvpkFqswNJOVFz64PkYRQQ","https:\/\/www.linkedin.com\/company\/gt-line-srl\/"]}]}},"_links":{"self":[{"href":"https:\/\/www.gtline.com\/de\/wp-json\/wp\/v2\/product\/16975","targetHints":{"allow":["GET"]}}],"collection":[{"href":"https:\/\/www.gtline.com\/de\/wp-json\/wp\/v2\/product"}],"about":[{"href":"https:\/\/www.gtline.com\/de\/wp-json\/wp\/v2\/types\/product"}],"replies":[{"embeddable":true,"href":"https:\/\/www.gtline.com\/de\/wp-json\/wp\/v2\/comments?post=16975"}],"version-history":[{"count":3,"href":"https:\/\/www.gtline.com\/de\/wp-json\/wp\/v2\/product\/16975\/revisions"}],"predecessor-version":[{"id":27126,"href":"https:\/\/www.gtline.com\/de\/wp-json\/wp\/v2\/product\/16975\/revisions\/27126"}],"wp:featuredmedia":[{"embeddable":true,"href":"https:\/\/www.gtline.com\/de\/wp-json\/wp\/v2\/media\/8945"}],"wp:attachment":[{"href":"https:\/\/www.gtline.com\/de\/wp-json\/wp\/v2\/media?parent=16975"}],"wp:term":[{"taxonomy":"product_brand","embeddable":true,"href":"https:\/\/www.gtline.com\/de\/wp-json\/wp\/v2\/product_brand?post=16975"},{"taxonomy":"product_cat","embeddable":true,"href":"https:\/\/www.gtline.com\/de\/wp-json\/wp\/v2\/product_cat?post=16975"},{"taxonomy":"product_tag","embeddable":true,"href":"https:\/\/www.gtline.com\/de\/wp-json\/wp\/v2\/product_tag?post=16975"}],"curies":[{"name":"wp","href":"https:\/\/api.w.org\/{rel}","templated":true}]}}